{"id":14345,"date":"2021-07-03T00:12:58","date_gmt":"2021-07-02T21:12:58","guid":{"rendered":"https:\/\/sachviet.eu\/shop\/becoming-chat-michelle\/"},"modified":"2021-09-17T01:04:00","modified_gmt":"2021-09-16T22:04:00","slug":"becoming-chat-michelle","status":"publish","type":"product","link":"https:\/\/sachviet.eu\/en\/shop\/becoming-chat-michelle\/","title":{"rendered":"Becoming &#8211; Ch\u1ea5t Michelle"},"content":{"rendered":"<p>B\u1ea3n quy\u1ec1n cu\u1ed1n h\u1ed3i k\u00fd Becoming c\u1ee7a \u0111\u1ec7 nh\u1ea5t phu nh\u00e2n Michelle Obama \u0111\u01b0\u1ee3c chuy\u1ec3n nh\u01b0\u1ee3ng cho First News \u2013 Tr\u00ed Vi\u1ec7t sau v\u00f2ng \u0111\u1ea5u gi\u00e1 v\u00e0 tuy\u1ec3n ch\u1ecdn v\u1edbi gi\u00e1 tr\u1ecb s\u1ed1 ti\u1ec1n b\u1ea3n quy\u1ec1n k\u1ef7 l\u1ee5c, v\u01b0\u1ee3t qua t\u1ea5t c\u1ea3 c\u00e1c t\u00e1c ph\u1ea9m c\u1ee7a M\u1ef9 \u0111\u01b0\u1ee3c Vi\u1ec7t Nam mua b\u1ea3n quy\u1ec1n trong h\u00e0ng ch\u1ee5c n\u0103m qua. \u0110\u1eb7c bi\u1ec7t, sau khi b\u1ea3n quy\u1ec1n cu\u1ed1n s\u00e1ch \u0111\u01b0\u1ee3c chuy\u1ec3n nh\u01b0\u1ee3ng, t\u1ef1a s\u00e1ch, thi\u1ebft k\u1ebf b\u00eca, d\u00e0n trang c\u1ee7a cu\u1ed1n s\u00e1ch b\u1ea3n ti\u1ebfng Vi\u1ec7t \u0111\u01b0\u1ee3c ch\u00ednh c\u1ef1u \u0110\u1ec7 nh\u1ea5t Phu nh\u00e2n Hoa K\u1ef3 Michelle Obama k\u00fd duy\u1ec7t.<\/p>\n<p>N\u1ed9i dung c\u1ee7a cu\u1ed1n s\u00e1ch Ch\u1ea5t Michelle l\u00e0 nh\u1eefng c\u00e2u chuy\u1ec7n ph\u1ea3n \u00e1nh ch\u00e2n th\u1ef1c v\u00e0 s\u00e2u s\u1eafc cu\u1ed9c \u0111\u1eddi Michelle Obama do ch\u00ednh t\u00e1c gi\u1ea3 t\u1ef1 k\u1ec3. Qua t\u1eebng trang s\u00e1ch, Michelle d\u1eabn d\u1eaft \u0111\u1ed9c gi\u1ea3 b\u01b0\u1edbc v\u00e0o th\u1ebf gi\u1edbi ri\u00eang c\u1ee7a b\u00e0 &#8211; nh\u1eefng tr\u1ea3i nghi\u1ec7m \u0111\u00e3 g\u00f3p ph\u1ea7n t\u1ea1o n\u00ean t\u1ed1 ch\u1ea5t r\u1ea5t ri\u00eang c\u1ee7a Michelle, t\u1eeb tu\u1ed5i th\u01a1 \u1edf Chicago \u0111\u1ebfn nh\u1eefng n\u0103m th\u00e1ng gi\u1eef v\u1ecb tr\u00ed \u0111i\u1ec1u h\u00e0nh, b\u00ed quy\u1ebft c\u00e2n b\u1eb1ng \u00e1p l\u1ef1c gi\u1eefa c\u00f4ng vi\u1ec7c v\u00e0 gia \u0111\u00ecnh, cho \u0111\u1ebfn 8 n\u0103m quy\u1ec1n l\u1ef1c s\u1ed1ng t\u1ea1i Nh\u00e0 Tr\u1eafng.<\/p>\n<p>V\u1edbi s\u1ef1 ch\u00e2n th\u1ef1c tuy\u1ec7t \u0111\u1ed1i v\u00e0 ch\u1ea5t h\u00f3m h\u1ec9nh s\u1ed1ng \u0111\u1ed9ng, Michelle k\u1ec3 l\u1ea1i nh\u1eefng th\u00e0nh c\u00f4ng v\u00e0 c\u1ea3 nh\u1eefng th\u1ea5t b\u1ea1i, c\u1ea3 trong ch\u00ednh tr\u01b0\u1eddng l\u1eabn cu\u1ed9c s\u1ed1ng ri\u00eang, k\u1ec3 l\u1ea1i t\u1eebng l\u00e1t c\u1eaft to\u00e0n b\u1ed9 c\u00e2u chuy\u1ec7n cu\u1ed9c \u0111\u1eddi ch\u00ednh b\u00e0 \u0111\u00e3 s\u1ed1ng, \u0111\u00e3 tr\u1ea3i qua \u2013 b\u1eb1ng m\u1ed9t ch\u1ea5t v\u0103n ri\u00eang r\u1ea5t Michelle c\u00f9ng g\u00f3c nh\u00ecn r\u1ea5t kh\u00e1c bi\u1ec7t.<\/p>\n<p>Kh\u00e1c v\u1edbi c\u00e1c h\u1ed3i k\u00fd c\u1ee7a nh\u1eefng nh\u00e2n v\u1eadt ch\u00ednh tr\u1ecb tr\u01b0\u1edbc \u0111\u00f3, n\u1ed9i dung m\u00e0 Ch\u1ea5t Michelle  ch\u1ee9a \u0111\u1ef1ng kh\u00f4ng ch\u1ec9 l\u00e0 nh\u1eefng th\u00f4ng tin phong ph\u00fa v\u1ec1 ch\u00ednh tr\u01b0\u1eddng n\u01b0\u1edbc M\u1ef9  m\u00e0 c\u00f2n l\u00e0 nh\u1eefng s\u1ef1 ki\u1ec7n l\u1ea7n \u0111\u1ea7u c\u00f4ng b\u1ed1 trong 8 n\u0103m T\u1ed5ng th\u1ed1ng Barack Obama l\u00e3nh \u0111\u1ea1o \u0111\u1ea5t n\u01b0\u1edbc, kh\u00e1t v\u1ecdng, b\u1ea3n l\u0129nh v\u01b0\u01a1n l\u00ean kh\u1eb3ng \u0111\u1ecbnh n\u1eef quy\u1ec1n v\u00e0 l\u00e0 h\u00e0nh tr\u00ecnh kh\u1eb3ng \u0111\u1ecbnh m\u00ecnh \u0111\u1ea7y ch\u1ea5t c\u1ea3m x\u00fac c\u1ee7a m\u1ed9t c\u00f4 g\u00e1i da m\u00e0u v\u1edbi n\u1ed7 l\u1ef1c v\u00e0 \u00fd ch\u00ed kh\u00f4ng ng\u1eebng ngh\u1ec9.<\/p>\n<p>Ch\u1ea5t Michelle  l\u00e0 nh\u1eefng c\u00e2u chuy\u1ec7n g\u1ea7n g\u0169i, trung th\u1ef1c kh\u00e1c th\u01b0\u1eddng t\u1eeb m\u1ed9t ng\u01b0\u1eddi ph\u1ee5 n\u1eef c\u00f3 t\u1ed1 ch\u1ea5t m\u1ea1nh m\u1ebd v\u00e0 s\u00e2u s\u1eafc, ng\u01b0\u1eddi \u0111\u00e3 ki\u00ean \u0111\u1ecbnh th\u00e1ch th\u1ee9c c\u00e1c \u01b0\u1edbc m\u01a1, g\u1ee3i m\u1edf v\u00e0 truy\u1ec1n c\u1ea3m h\u1ee9ng cho b\u1ea1n \u0111\u1ecdc trong h\u00e0nh tr\u00ecnh t\u1ef1 kh\u1eb3ng \u0111\u1ecbnh m\u00ecnh \u0111\u1ebfn nh\u1eefng t\u01b0\u01a1ng lai hi\u1ec7n th\u1ef1c.<\/p>\n<p>Theo \u0111i\u1ec1u ki\u1ec7n c\u1ee7a Obama v\u00e0 Michelle Obama, nh\u00e0 xu\u1ea5t b\u1ea3n Penguin Random House \u2013 n\u01a1i n\u1eafm b\u1ea3n quy\u1ec1n g\u1ed1c c\u1ee7a t\u00e1c ph\u1ea9m, khi xu\u1ea5t b\u1ea3n quy\u1ec3n h\u1ed3i k\u00fd n\u00e0y v\u00e0 cu\u1ed1n h\u1ed3i k\u00fd s\u1eafp t\u1edbi c\u1ee7a c\u1ef1u t\u1ed1ng th\u1ed1ng Barack Obama, nh\u00e0 xu\u1ea5t b\u1ea3n s\u1ebd c\u00f9ng gia \u0111\u00ecnh Obama t\u1eb7ng m\u1ed9t tri\u1ec7u b\u1ea3n s\u00e1ch thi\u1ebfu nhi cho First Book &#8211; m\u1ed9t t\u1ed5 ch\u1ee9c t\u1eeb thi\u1ec7n \u0111\u01b0\u1ee3c th\u00e0nh l\u1eadp n\u0103m 1992 v\u1edbi m\u1ee5c \u0111\u00edch t\u1eb7ng s\u00e1ch v\u00e0 h\u1ecdc li\u1ec7u cho tr\u1ebb em, h\u1ecdc sinh c\u00f3 ho\u00e0n c\u1ea3nh kh\u00f3 kh\u0103n.<\/p>\n<p>V\u1edbi quan \u0111i\u1ec3m s\u1ed1ng th\u00e0nh c\u00f4ng kh\u00f4ng ph\u1ea3i l\u00e0 b\u1ea1n ki\u1ebfm \u0111\u01b0\u1ee3c bao nhi\u00eau ti\u1ec1n m\u00e0 l\u00e0 s\u1ef1 kh\u00e1c bi\u1ec7t b\u1ea1n t\u1ea1o n\u00ean cho cu\u1ed9c s\u1ed1ng c\u1ee7a nh\u1eefng ng\u01b0\u1eddi kh\u00e1c, chia s\u1ebb v\u1ec1 l\u00fd do vi\u1ebft cu\u1ed1n s\u00e1ch Ch\u1ea5t Michelle, c\u1ef1u \u0110\u1ec7 nh\u1ea5t Phu nh\u00e2n Hoa K\u1ef3 vi\u1ebft: \u201cT\u00f4i l\u00e0 m\u1ed9t con ng\u01b0\u1eddi b\u00ecnh th\u01b0\u1eddng tham gia v\u00e0o m\u1ed9t chuy\u1ebfn h\u00e0nh tr\u00ecnh phi th\u01b0\u1eddng. Khi chia s\u1ebb c\u00e2u chuy\u1ec7n v\u1ec1 cu\u1ed9c \u0111\u1eddi m\u00ecnh, t\u00f4i hy v\u1ecdng c\u00f3 th\u1ec3 t\u1ea1o \u0111\u1ea5t cho nh\u1eefng c\u00e2u chuy\u1ec7n kh\u00e1c, nh\u1eefng ti\u1ebfng n\u00f3i kh\u00e1c, \u0111\u1ec3 n\u1edbi r\u1ed9ng con \u0111\u01b0\u1eddng cho nh\u1eefng con ng\u01b0\u1eddi thu\u1ed9c v\u1ec1 m\u1ed9t n\u01a1i ch\u1ed1n v\u00e0 v\u00ec sao h\u1ecd \u0111ang nh\u01b0 th\u1ebf.\u201d<\/p>\n<p>Nh\u1eadn x\u00e9t v\u1ec1 cu\u1ed1n s\u00e1ch Ch\u1ea5t Michelle &#8211; N\u1eef ho\u00e0ng Truy\u1ec1n h\u00ecnh Oprah Winfrey chia s\u1ebb: \u201c\u0110\u00e2y kh\u00f4ng ch\u1ec9 l\u00e0 c\u00e2u chuy\u1ec7n c\u1ee7a ri\u00eang Michelle \u2013 n\u00f3 s\u1ebd l\u00e0 ng\u1ecdn l\u1eeda g\u1ee3i m\u1edf, \u0111\u1ecbnh h\u01b0\u1edbng, truy\u1ec1n c\u1ea3m h\u1ee9ng, \u0111am m\u00ea cho b\u1ea5t c\u1ee9 ai mu\u1ed1n kh\u1eb3ng \u0111\u1ecbnh m\u00ecnh tr\u00ean th\u1ebf gi\u1edbi n\u00e0y !\u201d.<\/p>\n","protected":false},"excerpt":{"rendered":"<p>B\u1ea3n quy\u1ec1n cu\u1ed1n h\u1ed3i k\u00fd Becoming c\u1ee7a \u0111\u1ec7 nh\u1ea5t phu nh\u00e2n Michelle Obama \u0111\u01b0\u1ee3c chuy\u1ec3n nh\u01b0\u1ee3ng cho First News \u2013 Tr\u00ed Vi\u1ec7t sau v\u00f2ng \u0111\u1ea5u gi\u00e1 v\u00e0 tuy\u1ec3n ch\u1ecdn v\u1edbi gi\u00e1 tr\u1ecb s\u1ed1 ti\u1ec1n b\u1ea3n quy\u1ec1n k\u1ef7 l\u1ee5c, v\u01b0\u1ee3t qua t\u1ea5t c\u1ea3 c\u00e1c t\u00e1c ph\u1ea9m c\u1ee7a M\u1ef9 \u0111\u01b0\u1ee3c Vi\u1ec7t Nam mua b\u1ea3n quy\u1ec1n trong h\u00e0ng ch\u1ee5c n\u0103m qua. \u0110\u1eb7c bi\u1ec7t, sau khi b\u1ea3n quy\u1ec1n cu\u1ed1n s\u00e1ch \u0111\u01b0\u1ee3c chuy\u1ec3n nh\u01b0\u1ee3ng, t\u1ef1a s\u00e1ch, thi\u1ebft k\u1ebf b\u00eca, d\u00e0n trang c\u1ee7a cu\u1ed1n s\u00e1ch b\u1ea3n ti\u1ebfng Vi\u1ec7t \u0111\u01b0\u1ee3c ch\u00ednh c\u1ef1u \u0110\u1ec7 nh\u1ea5t Phu nh\u00e2n Hoa K\u1ef3 Michelle Obama k\u00fd duy\u1ec7t.<\/p>\n<p>N\u1ed9i dung c\u1ee7a cu\u1ed1n s\u00e1ch Ch\u1ea5t Michelle l\u00e0 nh\u1eefng c\u00e2u chuy\u1ec7n ph\u1ea3n \u00e1nh ch\u00e2n th\u1ef1c v\u00e0 s\u00e2u s\u1eafc cu\u1ed9c \u0111\u1eddi Michelle Obama do ch\u00ednh t\u00e1c gi\u1ea3 t\u1ef1 k\u1ec3. Qua t\u1eebng trang s\u00e1ch, Michelle d\u1eabn d\u1eaft \u0111\u1ed9c gi\u1ea3 b\u01b0\u1edbc v\u00e0o th\u1ebf gi\u1edbi ri\u00eang c\u1ee7a b\u00e0 &#8211; nh\u1eefng tr\u1ea3i nghi\u1ec7m \u0111\u00e3 g\u00f3p ph\u1ea7n t\u1ea1o n\u00ean t\u1ed1 ch\u1ea5t r\u1ea5t ri\u00eang c\u1ee7a Michelle, t\u1eeb tu\u1ed5i th\u01a1 \u1edf Chicago \u0111\u1ebfn nh\u1eefng n\u0103m th\u00e1ng gi\u1eef v\u1ecb tr\u00ed \u0111i\u1ec1u h\u00e0nh, b\u00ed quy\u1ebft c\u00e2n b\u1eb1ng \u00e1p l\u1ef1c gi\u1eefa c\u00f4ng vi\u1ec7c v\u00e0 gia \u0111\u00ecnh, cho \u0111\u1ebfn 8 n\u0103m quy\u1ec1n l\u1ef1c s\u1ed1ng t\u1ea1i Nh\u00e0 Tr\u1eafng.<\/p>\n<p>V\u1edbi s\u1ef1 ch\u00e2n th\u1ef1c tuy\u1ec7t \u0111\u1ed1i v\u00e0 ch\u1ea5t h\u00f3m h\u1ec9nh s\u1ed1ng \u0111\u1ed9ng, Michelle k\u1ec3 l\u1ea1i nh\u1eefng th\u00e0nh c\u00f4ng v\u00e0 c\u1ea3 nh\u1eefng th\u1ea5t b\u1ea1i, c\u1ea3 trong ch\u00ednh tr\u01b0\u1eddng l\u1eabn cu\u1ed9c s\u1ed1ng ri\u00eang, k\u1ec3 l\u1ea1i t\u1eebng l\u00e1t c\u1eaft to\u00e0n b\u1ed9 c\u00e2u chuy\u1ec7n cu\u1ed9c \u0111\u1eddi ch\u00ednh b\u00e0 \u0111\u00e3 s\u1ed1ng, \u0111\u00e3 tr\u1ea3i qua \u2013 b\u1eb1ng m\u1ed9t ch\u1ea5t v\u0103n ri\u00eang r\u1ea5t Michelle c\u00f9ng g\u00f3c nh\u00ecn r\u1ea5t kh\u00e1c bi\u1ec7t.<\/p>\n<p>Kh\u00e1c v\u1edbi c\u00e1c h\u1ed3i k\u00fd c\u1ee7a nh\u1eefng nh\u00e2n v\u1eadt ch\u00ednh tr\u1ecb tr\u01b0\u1edbc \u0111\u00f3, n\u1ed9i dung m\u00e0 Ch\u1ea5t Michelle  ch\u1ee9a \u0111\u1ef1ng kh\u00f4ng ch\u1ec9 l\u00e0 nh\u1eefng th\u00f4ng tin phong ph\u00fa v\u1ec1 ch\u00ednh tr\u01b0\u1eddng n\u01b0\u1edbc M\u1ef9  m\u00e0 c\u00f2n l\u00e0 nh\u1eefng s\u1ef1 ki\u1ec7n l\u1ea7n \u0111\u1ea7u c\u00f4ng b\u1ed1 trong 8 n\u0103m T\u1ed5ng th\u1ed1ng Barack Obama l\u00e3nh \u0111\u1ea1o \u0111\u1ea5t n\u01b0\u1edbc, kh\u00e1t v\u1ecdng, b\u1ea3n l\u0129nh v\u01b0\u01a1n l\u00ean kh\u1eb3ng \u0111\u1ecbnh n\u1eef quy\u1ec1n v\u00e0 l\u00e0 h\u00e0nh tr\u00ecnh kh\u1eb3ng \u0111\u1ecbnh m\u00ecnh \u0111\u1ea7y ch\u1ea5t c\u1ea3m x\u00fac c\u1ee7a m\u1ed9t c\u00f4 g\u00e1i da m\u00e0u v\u1edbi n\u1ed7 l\u1ef1c v\u00e0 \u00fd ch\u00ed kh\u00f4ng ng\u1eebng ngh\u1ec9.<\/p>\n<p>Ch\u1ea5t Michelle  l\u00e0 nh\u1eefng c\u00e2u chuy\u1ec7n g\u1ea7n g\u0169i, trung th\u1ef1c kh\u00e1c th\u01b0\u1eddng t\u1eeb m\u1ed9t ng\u01b0\u1eddi ph\u1ee5 n\u1eef c\u00f3 t\u1ed1 ch\u1ea5t m\u1ea1nh m\u1ebd v\u00e0 s\u00e2u s\u1eafc, ng\u01b0\u1eddi \u0111\u00e3 ki\u00ean \u0111\u1ecbnh th\u00e1ch th\u1ee9c c\u00e1c \u01b0\u1edbc m\u01a1, g\u1ee3i m\u1edf v\u00e0 truy\u1ec1n c\u1ea3m h\u1ee9ng cho b\u1ea1n \u0111\u1ecdc trong h\u00e0nh tr\u00ecnh t\u1ef1 kh\u1eb3ng \u0111\u1ecbnh m\u00ecnh \u0111\u1ebfn nh\u1eefng t\u01b0\u01a1ng lai hi\u1ec7n th\u1ef1c.<\/p>\n<p>Theo \u0111i\u1ec1u ki\u1ec7n c\u1ee7a Obama v\u00e0 Michelle Obama, nh\u00e0 xu\u1ea5t b\u1ea3n Penguin Random House \u2013 n\u01a1i n\u1eafm b\u1ea3n quy\u1ec1n g\u1ed1c c\u1ee7a t\u00e1c ph\u1ea9m, khi xu\u1ea5t b\u1ea3n quy\u1ec3n h\u1ed3i k\u00fd n\u00e0y v\u00e0 cu\u1ed1n h\u1ed3i k\u00fd s\u1eafp t\u1edbi c\u1ee7a c\u1ef1u t\u1ed1ng th\u1ed1ng Barack Obama, nh\u00e0 xu\u1ea5t b\u1ea3n s\u1ebd c\u00f9ng gia \u0111\u00ecnh Obama t\u1eb7ng m\u1ed9t tri\u1ec7u b\u1ea3n s\u00e1ch thi\u1ebfu nhi cho First Book &#8211; m\u1ed9t t\u1ed5 ch\u1ee9c t\u1eeb thi\u1ec7n \u0111\u01b0\u1ee3c th\u00e0nh l\u1eadp n\u0103m 1992 v\u1edbi m\u1ee5c \u0111\u00edch t\u1eb7ng s\u00e1ch v\u00e0 h\u1ecdc li\u1ec7u cho tr\u1ebb em, h\u1ecdc sinh c\u00f3 ho\u00e0n c\u1ea3nh kh\u00f3 kh\u0103n.<\/p>\n<p>V\u1edbi quan \u0111i\u1ec3m s\u1ed1ng th\u00e0nh c\u00f4ng kh\u00f4ng ph\u1ea3i l\u00e0 b\u1ea1n ki\u1ebfm \u0111\u01b0\u1ee3c bao nhi\u00eau ti\u1ec1n m\u00e0 l\u00e0 s\u1ef1 kh\u00e1c bi\u1ec7t b\u1ea1n t\u1ea1o n\u00ean cho cu\u1ed9c s\u1ed1ng c\u1ee7a nh\u1eefng ng\u01b0\u1eddi kh\u00e1c, chia s\u1ebb v\u1ec1 l\u00fd do vi\u1ebft cu\u1ed1n s\u00e1ch Ch\u1ea5t Michelle, c\u1ef1u \u0110\u1ec7 nh\u1ea5t Phu nh\u00e2n Hoa K\u1ef3 vi\u1ebft: \u201cT\u00f4i l\u00e0 m\u1ed9t con ng\u01b0\u1eddi b\u00ecnh th\u01b0\u1eddng tham gia v\u00e0o m\u1ed9t chuy\u1ebfn h\u00e0nh tr\u00ecnh phi th\u01b0\u1eddng. Khi chia s\u1ebb c\u00e2u chuy\u1ec7n v\u1ec1 cu\u1ed9c \u0111\u1eddi m\u00ecnh, t\u00f4i hy v\u1ecdng c\u00f3 th\u1ec3 t\u1ea1o \u0111\u1ea5t cho nh\u1eefng c\u00e2u chuy\u1ec7n kh\u00e1c, nh\u1eefng ti\u1ebfng n\u00f3i kh\u00e1c, \u0111\u1ec3 n\u1edbi r\u1ed9ng con \u0111\u01b0\u1eddng cho nh\u1eefng con ng\u01b0\u1eddi thu\u1ed9c v\u1ec1 m\u1ed9t n\u01a1i ch\u1ed1n v\u00e0 v\u00ec sao h\u1ecd \u0111ang nh\u01b0 th\u1ebf.\u201d<\/p>\n<p>Nh\u1eadn x\u00e9t v\u1ec1 cu\u1ed1n s\u00e1ch Ch\u1ea5t Michelle &#8211; N\u1eef ho\u00e0ng Truy\u1ec1n h\u00ecnh Oprah Winfrey chia s\u1ebb: \u201c\u0110\u00e2y kh\u00f4ng ch\u1ec9 l\u00e0 c\u00e2u chuy\u1ec7n c\u1ee7a ri\u00eang Michelle \u2013 n\u00f3 s\u1ebd l\u00e0 ng\u1ecdn l\u1eeda g\u1ee3i m\u1edf, \u0111\u1ecbnh h\u01b0\u1edbng, truy\u1ec1n c\u1ea3m h\u1ee9ng, \u0111am m\u00ea cho b\u1ea5t c\u1ee9 ai mu\u1ed1n kh\u1eb3ng \u0111\u1ecbnh m\u00ecnh tr\u00ean th\u1ebf gi\u1edbi n\u00e0y !\u201d.<\/p>\n","protected":false},"featured_media":14338,"template":"","meta":{"_acf_changed":false},"product_brand":[],"product_cat":[15,47],"product_tag":[],"class_list":{"0":"post-14345","1":"product","2":"type-product","3":"status-publish","4":"has-post-thumbnail","6":"product_cat-sach-danh-cho-nguoi-lon","7":"product_cat-truyen-ngan-tan-van","9":"first","10":"outofstock","11":"taxable","12":"shipping-taxable","13":"purchasable","14":"product-type-simple"},"supplier_id":null,"supplier_sku":"","barcode":null,"atum_controlled":true,"out_stock_date":"2021-09-16 22:04:00","out_stock_threshold":null,"inheritable":false,"inbound_stock":0,"stock_on_hold":0,"sold_today":0,"sales_last_days":0,"reserved_stock":0,"customer_returns":0,"warehouse_damage":0,"lost_in_post":0,"other_logs":0,"out_stock_days":1595,"lost_sales":7744,"has_location":false,"update_date":"2026-01-28T23:10:55","atum_locations":[],"atum_stock_status":"outofstock","restock_status":false,"low_stock_amount":"","sales_update_date":"2026-01-28T23:10:55","calc_backorders":null,"acf":{"publisher":{"ID":6196,"post_author":"1","post_date":"2021-03-15 01:26:01","post_date_gmt":"2021-03-14 23:26:01","post_content":"","post_title":"FIRST NEWS","post_excerpt":"","post_status":"publish","comment_status":"closed","ping_status":"closed","post_password":"","post_name":"first-news","to_ping":"","pinged":"","post_modified":"2021-03-15 01:26:01","post_modified_gmt":"2021-03-14 23:26:01","post_content_filtered":"","post_parent":0,"guid":"https:\/\/sachviet.eu\/blog\/nha-phat-hanh\/first-news\/","menu_order":0,"post_type":"publisher","post_mime_type":"","comment_count":"0","filter":"raw"}},"_links":{"self":[{"href":"https:\/\/sachviet.eu\/en\/wp-json\/wp\/v2\/product\/14345","targetHints":{"allow":["GET"]}}],"collection":[{"href":"https:\/\/sachviet.eu\/en\/wp-json\/wp\/v2\/product"}],"about":[{"href":"https:\/\/sachviet.eu\/en\/wp-json\/wp\/v2\/types\/product"}],"wp:featuredmedia":[{"embeddable":true,"href":"https:\/\/sachviet.eu\/en\/wp-json\/wp\/v2\/media\/14338"}],"wp:attachment":[{"href":"https:\/\/sachviet.eu\/en\/wp-json\/wp\/v2\/media?parent=14345"}],"wp:term":[{"taxonomy":"product_brand","embeddable":true,"href":"https:\/\/sachviet.eu\/en\/wp-json\/wp\/v2\/product_brand?post=14345"},{"taxonomy":"product_cat","embeddable":true,"href":"https:\/\/sachviet.eu\/en\/wp-json\/wp\/v2\/product_cat?post=14345"},{"taxonomy":"product_tag","embeddable":true,"href":"https:\/\/sachviet.eu\/en\/wp-json\/wp\/v2\/product_tag?post=14345"}],"curies":[{"name":"wp","href":"https:\/\/api.w.org\/{rel}","templated":true}]}}