{"id":14337,"date":"2021-07-03T00:12:08","date_gmt":"2021-07-02T21:12:08","guid":{"rendered":"https:\/\/sachviet.eu\/shop\/tay-tang-huyen-bi-nghe-thuat-sinh-tu-tai-ban-2020\/"},"modified":"2022-05-29T14:55:48","modified_gmt":"2022-05-29T11:55:48","slug":"tay-tang-huyen-bi-nghe-thuat-sinh-tu-tai-ban-2020","status":"publish","type":"product","link":"https:\/\/sachviet.eu\/en\/shop\/tay-tang-huyen-bi-nghe-thuat-sinh-tu-tai-ban-2020\/","title":{"rendered":"T\u00e2y T\u1ea1ng Huy\u1ec1n B\u00ed &amp; Ngh\u1ec7 Thu\u1eadt Sinh T\u1eed (T\u00e1i B\u1ea3n 2020)"},"content":{"rendered":"<p>T\u00e2y T\u1ea1ng l\u00e0 m\u1ed9t khu v\u1ef1c cao nguy\u00ean t\u1ea1i ch\u00e2u \u00c1, \u1edf ph\u00eda b\u1eafc v\u00e0 \u0111\u00f4ng c\u1ee7a d\u00e3y n\u00fai Himalaya. \u0110\u00e2y l\u00e0 qu\u00ea h\u01b0\u01a1ng c\u1ee7a ng\u01b0\u1eddi T\u1ea1ng c\u0169ng nh\u01b0 m\u1ed9t s\u1ed1 d\u00e2n t\u1ed9c kh\u00e1c nh\u01b0 M\u00f4n Ba, Kh\u01b0\u01a1ng, L\u1ea1c Ba, v\u00e0 hi\u1ec7n nay c\u0169ng c\u00f3 m\u1ed9t s\u1ed1 l\u01b0\u1ee3ng \u0111\u00e1ng k\u1ec3 ng\u01b0\u1eddi H\u00e1n v\u00e0 ng\u01b0\u1eddi H\u1ed3i sinh s\u1ed1ng. K\u1ec1 li\u1ec1n v\u1edbi d\u00e3y n\u00fai thi\u00eang Himalaya \u1edf ph\u00eda T\u00e2y Nam, T\u00e2y T\u1ea1ng \u0111\u01b0\u1ee3c coi l\u00e0 m\u1ed9t trong nh\u1eefng v\u00f9ng \u0111\u1ea5t linh thi\u00eang v\u00e0 huy\u1ec1n b\u00ed nh\u1ea5t c\u1ee7a th\u1ebf gi\u1edbi, l\u00e0 th\u00e1nh \u0111\u1ecba ki\u00ean c\u1ed1 cu\u1ed1i c\u00f9ng c\u1ee7a Ph\u1eadt gi\u00e1o. Ch\u00ednh tr\u00ean v\u00f9ng \u0111\u1ea5t n\u00e0y, Ph\u1eadt gi\u00e1o t\u1eeb l\u00e2u \u0111\u00e3 \u0111i s\u00e2u v\u00e0o t\u00e2m h\u1ed3n, v\u00e0o t\u1ea5t c\u1ea3 m\u1ecdi sinh ho\u1ea1t c\u1ee7a ng\u01b0\u1eddi d\u00e2n T\u00e2y T\u1ea1ng, t\u1eeb l\u00fac ch\u00e0o \u0111\u1eddi cho \u0111\u1ebfn l\u00fac ch\u1ebft \u0111i, t\u1eeb t\u00e2m t\u01b0 cho \u0111\u1ebfn ng\u00f4n ng\u1eef, l\u1eddi n\u00f3i, c\u1eed ch\u1ec9, t\u1ea5t c\u1ea3 \u0111\u1ec1u th\u1ea5m \u0111\u1eabm tinh th\u1ea7n t\u1eeb bi c\u1ee7a Ph\u1eadt gi\u00e1o. B\u1edfi v\u1eady, n\u00f3i \u0111\u1ebfn v\u0103n h\u00f3a T\u00e2y T\u1ea1ng. t\u1ee9c l\u00e0 n\u00f3i \u0111\u1ebfn v\u0103n h\u00f3a Ph\u1eadt gi\u00e1o T\u00e2y T\u1ea1ng, v\u00ec nh\u01b0 th\u1ebf m\u1edbi c\u00f3 th\u1ec3 n\u1eafm b\u1eaft \u0111\u01b0\u1ee3c c\u1ed1t t\u1ee7y c\u1ee7a v\u0103n h\u00f3a T\u00e2y T\u1ea1ng, v\u00e0 c\u0169ng ch\u1ec9 nh\u01b0 th\u1ebf m\u1edbi c\u00f3 th\u1ec3 kh\u1eafc l\u00ean \u0111\u01b0\u1ee3c m\u1ed9t di\u1ec7n m\u1ea1o ho\u00e0n h\u1ea3o c\u1ee7a v\u0103n h\u00f3a T\u00e2y T\u1ea1ng.<\/p>\n<p>V\u1ec1 b\u1ed1 c\u1ee5c, cu\u1ed1n s\u00e1ch \u0111\u01b0\u1ee3c chia th\u00e0nh b\u1ed1n ph\u1ea7n: ph\u1ea7n I gi\u1edbi thi\u1ec7u v\u1ec1 cao nguy\u00ean T\u00e2y T\u1ea1ng v\u00e0 s\u1ef1 ra \u0111\u1eddi c\u1ee7a Ph\u1eadt gi\u00e1o T\u00e2y T\u1ea1ng; ph\u1ea7n II gi\u1edbi thi\u1ec7u v\u1ec1 nh\u1eefng n\u00e9t \u0111\u1eb7c s\u1eafc c\u1ee7a Ph\u1eadt gi\u00e1o T\u00e2y T\u1ea1ng; ph\u1ea7n III gi\u1edbi thi\u1ec7u \u0111\u00f4i n\u00e9t v\u0103n h\u00f3a v\u00e0 t\u1eadp t\u1ee5c c\u1ee7a T\u00e2y T\u1ea1ng; ph\u1ea7n IV \u201cBardo v\u00e0 Ngh\u1ec7 thu\u1eadt sinh t\u1eed\u201d b\u00e0n v\u1ec1 s\u1ef1 s\u1ed1ng v\u00e0 c\u00e1i ch\u1ebft, d\u1ef1a tr\u00ean nh\u1eefng ph\u00e1t hi\u1ec7n m\u1edbi c\u1ee7a khoa h\u1ecdc hi\u1ec7n \u0111\u1ea1i ph\u01b0\u01a1ng T\u00e2y v\u00e0 ki\u1ebfn gi\u1ea3i c\u1ee7a Ph\u1eadt gi\u00e1o T\u00e2y T\u1ea1ng qua nh\u1eefng tr\u1ea3i nghi\u1ec7m h\u00e0nh tr\u00ec1 thi\u1ec1n \u0111\u1ecbnh c\u1ee7a c\u00e1c b\u1eadc T\u1ed1i th\u01b0\u1ee3ng Du-gi\u00e0, Tantra.<br \/>\nBardo v\u00e0 Ngh\u1ec7 thu\u1eadt sinh t\u1eed \u2013 m\u1ed9t \u0111\u1ec1 t\u00e0i m\u00e0 t\u00f4i d\u00e0nh r\u1ea5t nhi\u1ec1u th\u1eddi gian nghi\u00ean c\u1ee9u trong su\u1ed1t ba n\u0103m qua, c\u0169ng l\u00e0 m\u1ed9t \u0111\u1ec1 t\u00e0i r\u1ea5t n\u00f3ng trong nh\u1eefng tranh lu\u1eadn t\u00e2m linh hi\u1ec7n t\u1ea1i, \u0111\u1eb7c bi\u1ec7t l\u00e0 \u1edf ph\u01b0\u01a1ng T\u00e2y. Nh\u1eefng tr\u1ea3i nghi\u1ec7m c\u1ee7a c\u00e1c v\u1ecb \u0110\u1ea1t-lai L\u1ea1t-ma 14, Ph\u00e1p V\u01b0\u01a1ng Gyalwang Drupka, c\u1ee7a c\u00e1c Rinpoche M\u1eadt t\u00f4ng nh\u01b0 Sogyal Rinpoche, Tulku Thondup Rinpoche, Lati Rinpoche\u2026 v\u00e0 c\u00e1c b\u1eadc T\u1ed1i th\u01b0\u1ee3ng Du-gi\u00e0 Tantra, d\u01b0\u1eddng nh\u01b0 l\u00e0 m\u1ed9t ch\u1ea5t x\u00fac t\u00e1c, m\u1ed9t th\u00e1ch th\u1ee9c v\u1edbi khoa h\u1ecdc ph\u01b0\u01a1ng T\u00e2y, trong vi\u1ec7c t\u00ecm ki\u1ebfm c\u00e2u tr\u1ea3 l\u1eddi cho nan \u0111\u1ec1 \u201cT\u00f4i l\u00e0 ai\u201d, \u201cT\u00f4i t\u1eeb \u0111\u00e2u \u0111\u1ebfn\u201d, v\u00e0 \u201cT\u00f4i s\u1ebd \u0111i v\u1ec1 \u0111\u00e2u sau khi ch\u1ebft\u201d\u2026 Nh\u1eefng tranh lu\u1eadn n\u00e0y v\u1eabn ch\u01b0a h\u1ebft v\u00e0 c\u00f2n \u0111ang ti\u1ebfp t\u1ee5c. Trong cu\u1ed1n s\u00e1ch n\u00e0y, t\u00f4i hy v\u1ecdng s\u1ebd tr\u1ea3 l\u1eddi ph\u1ea7n n\u00e0o cho c\u00e1c b\u0103n kho\u0103n c\u1ee7a \u0111\u1ed9c gi\u1ea3 v\u1ec1 c\u00e2u chuy\u1ec7n sinh t\u1eed n\u00e0y. <\/p>\n<p>Hy v\u1ecdng l\u00e0 sau khi \u0111\u1ecdc xong v\u00e0 g\u1ea5p cu\u1ed1n s\u00e1ch l\u1ea1i, ch\u00fang ta s\u1ebd c\u00f3 th\u1ec3 m\u01b0\u1eddng t\u01b0\u1ee3ng ra m\u1ed9t b\u1ee9c tranh r\u00f5 n\u00e9t h\u01a1n v\u1ec1 m\u1ed9t v\u00f9ng \u0111\u1ea5t c\u00f3 th\u1ec3 n\u00f3i l\u00e0 huy\u1ec1n b\u00ed nh\u1ea5t tr\u00ean Tr\u00e1i \u0111\u1ea5t. Ch\u00fang ta c\u0169ng s\u1ebd hi\u1ec3u h\u01a1n v\u1ec1 b\u1ea3n ch\u1ea5t v\u00f4 th\u01b0\u1eddng c\u1ee7a cu\u1ed9c s\u1ed1ng, v\u1ec1 m\u1ed7i gi\u00e2y ph\u00fat ch\u00fang ta h\u00edt th\u1edf v\u00e0 \u0111\u01b0\u1ee3c chi\u00eam ng\u01b0\u1ee1ng \u00e1nh M\u1eb7t tr\u1eddi, v\u1ec1 \u00fd ngh\u0129a c\u1ee7a s\u1ef1 s\u1ed1ng v\u00e0 c\u00e1i ch\u1ebft. Trong c\u00e1ch nh\u00ecn tho\u00e1ng \u0111\u00e3ng v\u00e0 dung d\u1ecb c\u1ee7a ng\u01b0\u1eddi T\u00e2y T\u1ea1ng, c\u00e1i ch\u1ebft kh\u00f4ng ch\u1ea5m d\u1ee9t g\u00ec c\u1ea3: n\u00f3 m\u1edf ra cho ch\u00fang ta nh\u1eefng cu\u1ed9c phi\u00eau l\u01b0u b\u1ea5t t\u1eadn\u2026<\/p>\n","protected":false},"excerpt":{"rendered":"<p>T\u00e2y T\u1ea1ng l\u00e0 m\u1ed9t khu v\u1ef1c cao nguy\u00ean t\u1ea1i ch\u00e2u \u00c1, \u1edf ph\u00eda b\u1eafc v\u00e0 \u0111\u00f4ng c\u1ee7a d\u00e3y n\u00fai Himalaya. \u0110\u00e2y l\u00e0 qu\u00ea h\u01b0\u01a1ng c\u1ee7a ng\u01b0\u1eddi T\u1ea1ng c\u0169ng nh\u01b0 m\u1ed9t s\u1ed1 d\u00e2n t\u1ed9c kh\u00e1c nh\u01b0 M\u00f4n Ba, Kh\u01b0\u01a1ng, L\u1ea1c Ba, v\u00e0 hi\u1ec7n nay c\u0169ng c\u00f3 m\u1ed9t s\u1ed1 l\u01b0\u1ee3ng \u0111\u00e1ng k\u1ec3 ng\u01b0\u1eddi H\u00e1n v\u00e0 ng\u01b0\u1eddi H\u1ed3i sinh s\u1ed1ng. K\u1ec1 li\u1ec1n v\u1edbi d\u00e3y n\u00fai thi\u00eang Himalaya \u1edf ph\u00eda T\u00e2y Nam, T\u00e2y T\u1ea1ng \u0111\u01b0\u1ee3c coi l\u00e0 m\u1ed9t trong nh\u1eefng v\u00f9ng \u0111\u1ea5t linh thi\u00eang v\u00e0 huy\u1ec1n b\u00ed nh\u1ea5t c\u1ee7a th\u1ebf gi\u1edbi, l\u00e0 th\u00e1nh \u0111\u1ecba ki\u00ean c\u1ed1 cu\u1ed1i c\u00f9ng c\u1ee7a Ph\u1eadt gi\u00e1o. Ch\u00ednh tr\u00ean v\u00f9ng \u0111\u1ea5t n\u00e0y, Ph\u1eadt gi\u00e1o t\u1eeb l\u00e2u \u0111\u00e3 \u0111i s\u00e2u v\u00e0o t\u00e2m h\u1ed3n, v\u00e0o t\u1ea5t c\u1ea3 m\u1ecdi sinh ho\u1ea1t c\u1ee7a ng\u01b0\u1eddi d\u00e2n T\u00e2y T\u1ea1ng, t\u1eeb l\u00fac ch\u00e0o \u0111\u1eddi cho \u0111\u1ebfn l\u00fac ch\u1ebft \u0111i, t\u1eeb t\u00e2m t\u01b0 cho \u0111\u1ebfn ng\u00f4n ng\u1eef, l\u1eddi n\u00f3i, c\u1eed ch\u1ec9, t\u1ea5t c\u1ea3 \u0111\u1ec1u th\u1ea5m \u0111\u1eabm tinh th\u1ea7n t\u1eeb bi c\u1ee7a Ph\u1eadt gi\u00e1o. B\u1edfi v\u1eady, n\u00f3i \u0111\u1ebfn v\u0103n h\u00f3a T\u00e2y T\u1ea1ng. t\u1ee9c l\u00e0 n\u00f3i \u0111\u1ebfn v\u0103n h\u00f3a Ph\u1eadt gi\u00e1o T\u00e2y T\u1ea1ng, v\u00ec nh\u01b0 th\u1ebf m\u1edbi c\u00f3 th\u1ec3 n\u1eafm b\u1eaft \u0111\u01b0\u1ee3c c\u1ed1t t\u1ee7y c\u1ee7a v\u0103n h\u00f3a T\u00e2y T\u1ea1ng, v\u00e0 c\u0169ng ch\u1ec9 nh\u01b0 th\u1ebf m\u1edbi c\u00f3 th\u1ec3 kh\u1eafc l\u00ean \u0111\u01b0\u1ee3c m\u1ed9t di\u1ec7n m\u1ea1o ho\u00e0n h\u1ea3o c\u1ee7a v\u0103n h\u00f3a T\u00e2y T\u1ea1ng.<\/p>\n<p>V\u1ec1 b\u1ed1 c\u1ee5c, cu\u1ed1n s\u00e1ch \u0111\u01b0\u1ee3c chia th\u00e0nh b\u1ed1n ph\u1ea7n: ph\u1ea7n I gi\u1edbi thi\u1ec7u v\u1ec1 cao nguy\u00ean T\u00e2y T\u1ea1ng v\u00e0 s\u1ef1 ra \u0111\u1eddi c\u1ee7a Ph\u1eadt gi\u00e1o T\u00e2y T\u1ea1ng; ph\u1ea7n II gi\u1edbi thi\u1ec7u v\u1ec1 nh\u1eefng n\u00e9t \u0111\u1eb7c s\u1eafc c\u1ee7a Ph\u1eadt gi\u00e1o T\u00e2y T\u1ea1ng; ph\u1ea7n III gi\u1edbi thi\u1ec7u \u0111\u00f4i n\u00e9t v\u0103n h\u00f3a v\u00e0 t\u1eadp t\u1ee5c c\u1ee7a T\u00e2y T\u1ea1ng; ph\u1ea7n IV \u201cBardo v\u00e0 Ngh\u1ec7 thu\u1eadt sinh t\u1eed\u201d b\u00e0n v\u1ec1 s\u1ef1 s\u1ed1ng v\u00e0 c\u00e1i ch\u1ebft, d\u1ef1a tr\u00ean nh\u1eefng ph\u00e1t hi\u1ec7n m\u1edbi c\u1ee7a khoa h\u1ecdc hi\u1ec7n \u0111\u1ea1i ph\u01b0\u01a1ng T\u00e2y v\u00e0 ki\u1ebfn gi\u1ea3i c\u1ee7a Ph\u1eadt gi\u00e1o T\u00e2y T\u1ea1ng qua nh\u1eefng tr\u1ea3i nghi\u1ec7m h\u00e0nh tr\u00ec1 thi\u1ec1n \u0111\u1ecbnh c\u1ee7a c\u00e1c b\u1eadc T\u1ed1i th\u01b0\u1ee3ng Du-gi\u00e0, Tantra.<br \/>\nBardo v\u00e0 Ngh\u1ec7 thu\u1eadt sinh t\u1eed \u2013 m\u1ed9t \u0111\u1ec1 t\u00e0i m\u00e0 t\u00f4i d\u00e0nh r\u1ea5t nhi\u1ec1u th\u1eddi gian nghi\u00ean c\u1ee9u trong su\u1ed1t ba n\u0103m qua, c\u0169ng l\u00e0 m\u1ed9t \u0111\u1ec1 t\u00e0i r\u1ea5t n\u00f3ng trong nh\u1eefng tranh lu\u1eadn t\u00e2m linh hi\u1ec7n t\u1ea1i, \u0111\u1eb7c bi\u1ec7t l\u00e0 \u1edf ph\u01b0\u01a1ng T\u00e2y. Nh\u1eefng tr\u1ea3i nghi\u1ec7m c\u1ee7a c\u00e1c v\u1ecb \u0110\u1ea1t-lai L\u1ea1t-ma 14, Ph\u00e1p V\u01b0\u01a1ng Gyalwang Drupka, c\u1ee7a c\u00e1c Rinpoche M\u1eadt t\u00f4ng nh\u01b0 Sogyal Rinpoche, Tulku Thondup Rinpoche, Lati Rinpoche\u2026 v\u00e0 c\u00e1c b\u1eadc T\u1ed1i th\u01b0\u1ee3ng Du-gi\u00e0 Tantra, d\u01b0\u1eddng nh\u01b0 l\u00e0 m\u1ed9t ch\u1ea5t x\u00fac t\u00e1c, m\u1ed9t th\u00e1ch th\u1ee9c v\u1edbi khoa h\u1ecdc ph\u01b0\u01a1ng T\u00e2y, trong vi\u1ec7c t\u00ecm ki\u1ebfm c\u00e2u tr\u1ea3 l\u1eddi cho nan \u0111\u1ec1 \u201cT\u00f4i l\u00e0 ai\u201d, \u201cT\u00f4i t\u1eeb \u0111\u00e2u \u0111\u1ebfn\u201d, v\u00e0 \u201cT\u00f4i s\u1ebd \u0111i v\u1ec1 \u0111\u00e2u sau khi ch\u1ebft\u201d\u2026 Nh\u1eefng tranh lu\u1eadn n\u00e0y v\u1eabn ch\u01b0a h\u1ebft v\u00e0 c\u00f2n \u0111ang ti\u1ebfp t\u1ee5c. Trong cu\u1ed1n s\u00e1ch n\u00e0y, t\u00f4i hy v\u1ecdng s\u1ebd tr\u1ea3 l\u1eddi ph\u1ea7n n\u00e0o cho c\u00e1c b\u0103n kho\u0103n c\u1ee7a \u0111\u1ed9c gi\u1ea3 v\u1ec1 c\u00e2u chuy\u1ec7n sinh t\u1eed n\u00e0y. <\/p>\n<p>Hy v\u1ecdng l\u00e0 sau khi \u0111\u1ecdc xong v\u00e0 g\u1ea5p cu\u1ed1n s\u00e1ch l\u1ea1i, ch\u00fang ta s\u1ebd c\u00f3 th\u1ec3 m\u01b0\u1eddng t\u01b0\u1ee3ng ra m\u1ed9t b\u1ee9c tranh r\u00f5 n\u00e9t h\u01a1n v\u1ec1 m\u1ed9t v\u00f9ng \u0111\u1ea5t c\u00f3 th\u1ec3 n\u00f3i l\u00e0 huy\u1ec1n b\u00ed nh\u1ea5t tr\u00ean Tr\u00e1i \u0111\u1ea5t. Ch\u00fang ta c\u0169ng s\u1ebd hi\u1ec3u h\u01a1n v\u1ec1 b\u1ea3n ch\u1ea5t v\u00f4 th\u01b0\u1eddng c\u1ee7a cu\u1ed9c s\u1ed1ng, v\u1ec1 m\u1ed7i gi\u00e2y ph\u00fat ch\u00fang ta h\u00edt th\u1edf v\u00e0 \u0111\u01b0\u1ee3c chi\u00eam ng\u01b0\u1ee1ng \u00e1nh M\u1eb7t tr\u1eddi, v\u1ec1 \u00fd ngh\u0129a c\u1ee7a s\u1ef1 s\u1ed1ng v\u00e0 c\u00e1i ch\u1ebft. Trong c\u00e1ch nh\u00ecn tho\u00e1ng \u0111\u00e3ng v\u00e0 dung d\u1ecb c\u1ee7a ng\u01b0\u1eddi T\u00e2y T\u1ea1ng, c\u00e1i ch\u1ebft kh\u00f4ng ch\u1ea5m d\u1ee9t g\u00ec c\u1ea3: n\u00f3 m\u1edf ra cho ch\u00fang ta nh\u1eefng cu\u1ed9c phi\u00eau l\u01b0u b\u1ea5t t\u1eadn\u2026<\/p>\n","protected":false},"featured_media":14336,"template":"","meta":{"_acf_changed":false},"product_brand":[],"product_cat":[15,76],"product_tag":[],"class_list":{"0":"post-14337","1":"product","2":"type-product","3":"status-publish","4":"has-post-thumbnail","6":"product_cat-sach-danh-cho-nguoi-lon","7":"product_cat-ton-giao-tam-linh","9":"first","10":"outofstock","11":"taxable","12":"shipping-taxable","13":"purchasable","14":"product-type-simple"},"supplier_id":null,"supplier_sku":"","barcode":null,"atum_controlled":true,"out_stock_date":"2022-05-29 08:55:48","out_stock_threshold":null,"inheritable":false,"inbound_stock":0,"stock_on_hold":0,"sold_today":0,"sales_last_days":0,"reserved_stock":0,"customer_returns":0,"warehouse_damage":0,"lost_in_post":0,"other_logs":0,"out_stock_days":1340,"lost_sales":0,"has_location":false,"update_date":"2026-01-28T23:10:55","atum_locations":[],"atum_stock_status":"outofstock","restock_status":false,"low_stock_amount":"","sales_update_date":"2026-01-28T23:10:55","calc_backorders":null,"acf":{"publisher":{"ID":2817,"post_author":"1","post_date":"2021-02-27 00:00:35","post_date_gmt":"2021-02-26 22:00:35","post_content":"","post_title":"Alpha Books","post_excerpt":"","post_status":"publish","comment_status":"closed","ping_status":"closed","post_password":"","post_name":"alpha-books","to_ping":"","pinged":"","post_modified":"2021-02-27 00:00:35","post_modified_gmt":"2021-02-26 22:00:35","post_content_filtered":"","post_parent":0,"guid":"https:\/\/sachviet.eu\/nha-phat-hanh\/alpha-books\/","menu_order":0,"post_type":"publisher","post_mime_type":"","comment_count":"0","filter":"raw"}},"_links":{"self":[{"href":"https:\/\/sachviet.eu\/en\/wp-json\/wp\/v2\/product\/14337","targetHints":{"allow":["GET"]}}],"collection":[{"href":"https:\/\/sachviet.eu\/en\/wp-json\/wp\/v2\/product"}],"about":[{"href":"https:\/\/sachviet.eu\/en\/wp-json\/wp\/v2\/types\/product"}],"wp:featuredmedia":[{"embeddable":true,"href":"https:\/\/sachviet.eu\/en\/wp-json\/wp\/v2\/media\/14336"}],"wp:attachment":[{"href":"https:\/\/sachviet.eu\/en\/wp-json\/wp\/v2\/media?parent=14337"}],"wp:term":[{"taxonomy":"product_brand","embeddable":true,"href":"https:\/\/sachviet.eu\/en\/wp-json\/wp\/v2\/product_brand?post=14337"},{"taxonomy":"product_cat","embeddable":true,"href":"https:\/\/sachviet.eu\/en\/wp-json\/wp\/v2\/product_cat?post=14337"},{"taxonomy":"product_tag","embeddable":true,"href":"https:\/\/sachviet.eu\/en\/wp-json\/wp\/v2\/product_tag?post=14337"}],"curies":[{"name":"wp","href":"https:\/\/api.w.org\/{rel}","templated":true}]}}