{"id":14335,"date":"2021-07-03T00:12:03","date_gmt":"2021-07-02T21:12:03","guid":{"rendered":"https:\/\/sachviet.eu\/shop\/ngan-canh-ha%cc%a3c-nobel-van-chuong-1968-tai-ba%cc%89n-2021-bia-mem\/"},"modified":"2022-01-31T23:17:13","modified_gmt":"2022-01-31T21:17:13","slug":"ngan-canh-ha%cc%a3c-nobel-van-chuong-1968-tai-ba%cc%89n-2021-bia-mem","status":"publish","type":"product","link":"https:\/\/sachviet.eu\/en\/shop\/ngan-canh-ha%cc%a3c-nobel-van-chuong-1968-tai-ba%cc%89n-2021-bia-mem\/","title":{"rendered":"Nga\u0300n Ca\u0301nh Ha\u0323c &#8211; Nobel V\u0103n Ch\u01b0\u01a1ng 1968 (Ta\u0301i Ba\u0309n 2021 &#8211; Bi\u0300a M\u00ea\u0300m)"},"content":{"rendered":"<p>B\u1ea3n Ng\u00e0n c\u00e1nh h\u1ea1c ti\u1ebfng Vi\u1ec7t l\u1ea7n n\u00e0y b\u1ed5 sung hai ch\u01b0\u01a1ng t\u00e1c gi\u1ea3 ch\u1ec9 m\u1edbi in tr\u00ean t\u1ea1p ch\u00ed, ch\u01b0a bao gi\u1edd xu\u1ea5t b\u1ea3n th\u00e0nh s\u00e1ch.<\/p>\n<p>\u2026<\/p>\n<p>L\u00e0 h\u1eadu du\u1ec7 m\u1ed9t gia t\u1ed9c tr\u00e0 \u0111\u1ea1o, thay v\u00ec duy tr\u00ec truy\u1ec1n th\u1ed1ng, Kikuji l\u1ea1i t\u00ecm c\u00e1ch tr\u1ed1n tr\u00e1nh n\u00f3, coi nh\u1eb9 n\u00f3, th\u1eadm ch\u00ed b\u00e1n lu\u00f4n c\u1ea3 tr\u00e0 th\u1ea5t c\u1ee7a gia \u0111\u00ecnh \u0111\u1ec3 \u0111o\u1ea1n tuy\u1ec7t n\u00f3.<\/p>\n<p>Sau m\u1ed9t l\u1ea7n v\u00f4 t\u00ecnh gh\u00e9 th\u0103m bu\u1ed5i th\u01b0\u1edfng tr\u00e0 \u1edf nh\u00e0 t\u00ecnh nh\u00e2n c\u1ee7a cha, anh \u0111\u00e3 sa ch\u00e2n v\u00e0o nh\u1eefng m\u1ed1i quan h\u1ec7 tr\u1ea7m lu\u00e2n, d\u1eb1n v\u1eb7t v\u00e0 b\u1ea5t h\u1ea1nh.<\/p>\n<p>Tr\u00e0 \u0111\u1ea1o, b\u1eb1ng c\u00e1ch \u0111\u00f3, dai d\u1eb3ng n\u00edu ch\u1eb7t l\u1ea5y anh. T\u1eeb nh\u1eefng c\u00e1i ch\u00e9n c\u00f3 l\u1ecbch s\u1eed v\u00e0i tr\u0103m n\u0103m \u0111\u00e3 in d\u1ea5u nhi\u1ec1u khu\u00f4n mi\u1ec7ng c\u1ed1 nh\u00e2n, cho \u0111\u1ebfn nh\u1eefng con ng\u01b0\u1eddi s\u1ed1ng trong hi\u1ec7n t\u1ea1i v\u1eabn \u1ea5p \u1ee7 ho\u00e0i duy\u00ean n\u1ee3 c\u0169\u2026 T\u1ea5t c\u1ea3 t\u00ecm \u0111\u1ebfn quanh Kikuji, len v\u00e0o c\u00e0o c\u1ea5u t\u00e2m can, th\u1eadm ch\u00ed khu\u1ea5y \u0111\u1ed9ng c\u1ea3 qu\u00e3ng \u0111\u1eddi h\u1ea1nh ph\u00fac sau n\u00e0y c\u1ee7a anh.<\/p>\n<p>Th\u01b0\u1edfng tr\u00e0 l\u00e0 th\u01b0\u1edfng th\u1ee9c ngh\u1ec7 thu\u1eadt t\u00e2m t\u01b0\u1edfng, nh\u01b0ng Ng\u00e0n c\u00e1nh h\u1ea1c l\u1ea1i th\u01b0\u1edfng tr\u00e0 b\u1eb1ng c\u00e1ch nh\u1ea5n m\u1ea1nh s\u1ef1 mong manh c\u1ee7a \u0111\u1eddi ng\u01b0\u1eddi \u0111\u1eb7t b\u00ean chi\u1ec1u d\u00e0i nh\u1eefng \u0111\u1ea1o c\u1ee5 pha, r\u1ed3i l\u1ea1i n\u1ebfm n\u00e1p ch\u00ednh c\u00e1i suy vi tan v\u1ee1 c\u1ee7a nh\u1eefng \u0111\u1ea1o c\u1ee5 \u1ea5y.<\/p>\n<p>N\u00f3i kh\u00e1c \u0111i l\u00e0, d\u00f9ng s\u1ef1 v\u00f4 th\u01b0\u1eddng c\u1ee7a tr\u00e0 \u0111\u1ec3 m\u00e0 th\u01b0\u1edfng tr\u00e0.<\/p>\n<p>Sau X\u1ee9 tuy\u1ebft, Ng\u00e0n c\u00e1nh h\u1ea1c l\u1ea1i l\u00e0 m\u1ed9t t\u00e1c ph\u1ea9m n\u1eefa gi\u00fap ng\u01b0\u1eddi \u0111\u1ecdc \u0111i v\u00e0o th\u1ebf gi\u1edbi ng\u00f4n ng\u1eef h\u00ecnh \u1ea3nh \u0111a c\u1ea3m c\u1ee7a Kawabata Yasunari.<\/p>\n","protected":false},"excerpt":{"rendered":"<p>B\u1ea3n Ng\u00e0n c\u00e1nh h\u1ea1c ti\u1ebfng Vi\u1ec7t l\u1ea7n n\u00e0y b\u1ed5 sung hai ch\u01b0\u01a1ng t\u00e1c gi\u1ea3 ch\u1ec9 m\u1edbi in tr\u00ean t\u1ea1p ch\u00ed, ch\u01b0a bao gi\u1edd xu\u1ea5t b\u1ea3n th\u00e0nh s\u00e1ch.<\/p>\n<p>\u2026<\/p>\n<p>L\u00e0 h\u1eadu du\u1ec7 m\u1ed9t gia t\u1ed9c tr\u00e0 \u0111\u1ea1o, thay v\u00ec duy tr\u00ec truy\u1ec1n th\u1ed1ng, Kikuji l\u1ea1i t\u00ecm c\u00e1ch tr\u1ed1n tr\u00e1nh n\u00f3, coi nh\u1eb9 n\u00f3, th\u1eadm ch\u00ed b\u00e1n lu\u00f4n c\u1ea3 tr\u00e0 th\u1ea5t c\u1ee7a gia \u0111\u00ecnh \u0111\u1ec3 \u0111o\u1ea1n tuy\u1ec7t n\u00f3.<\/p>\n<p>Sau m\u1ed9t l\u1ea7n v\u00f4 t\u00ecnh gh\u00e9 th\u0103m bu\u1ed5i th\u01b0\u1edfng tr\u00e0 \u1edf nh\u00e0 t\u00ecnh nh\u00e2n c\u1ee7a cha, anh \u0111\u00e3 sa ch\u00e2n v\u00e0o nh\u1eefng m\u1ed1i quan h\u1ec7 tr\u1ea7m lu\u00e2n, d\u1eb1n v\u1eb7t v\u00e0 b\u1ea5t h\u1ea1nh.<\/p>\n<p>Tr\u00e0 \u0111\u1ea1o, b\u1eb1ng c\u00e1ch \u0111\u00f3, dai d\u1eb3ng n\u00edu ch\u1eb7t l\u1ea5y anh. T\u1eeb nh\u1eefng c\u00e1i ch\u00e9n c\u00f3 l\u1ecbch s\u1eed v\u00e0i tr\u0103m n\u0103m \u0111\u00e3 in d\u1ea5u nhi\u1ec1u khu\u00f4n mi\u1ec7ng c\u1ed1 nh\u00e2n, cho \u0111\u1ebfn nh\u1eefng con ng\u01b0\u1eddi s\u1ed1ng trong hi\u1ec7n t\u1ea1i v\u1eabn \u1ea5p \u1ee7 ho\u00e0i duy\u00ean n\u1ee3 c\u0169\u2026 T\u1ea5t c\u1ea3 t\u00ecm \u0111\u1ebfn quanh Kikuji, len v\u00e0o c\u00e0o c\u1ea5u t\u00e2m can, th\u1eadm ch\u00ed khu\u1ea5y \u0111\u1ed9ng c\u1ea3 qu\u00e3ng \u0111\u1eddi h\u1ea1nh ph\u00fac sau n\u00e0y c\u1ee7a anh.<\/p>\n<p>Th\u01b0\u1edfng tr\u00e0 l\u00e0 th\u01b0\u1edfng th\u1ee9c ngh\u1ec7 thu\u1eadt t\u00e2m t\u01b0\u1edfng, nh\u01b0ng Ng\u00e0n c\u00e1nh h\u1ea1c l\u1ea1i th\u01b0\u1edfng tr\u00e0 b\u1eb1ng c\u00e1ch nh\u1ea5n m\u1ea1nh s\u1ef1 mong manh c\u1ee7a \u0111\u1eddi ng\u01b0\u1eddi \u0111\u1eb7t b\u00ean chi\u1ec1u d\u00e0i nh\u1eefng \u0111\u1ea1o c\u1ee5 pha, r\u1ed3i l\u1ea1i n\u1ebfm n\u00e1p ch\u00ednh c\u00e1i suy vi tan v\u1ee1 c\u1ee7a nh\u1eefng \u0111\u1ea1o c\u1ee5 \u1ea5y.<\/p>\n<p>N\u00f3i kh\u00e1c \u0111i l\u00e0, d\u00f9ng s\u1ef1 v\u00f4 th\u01b0\u1eddng c\u1ee7a tr\u00e0 \u0111\u1ec3 m\u00e0 th\u01b0\u1edfng tr\u00e0.<\/p>\n<p>Sau X\u1ee9 tuy\u1ebft, Ng\u00e0n c\u00e1nh h\u1ea1c l\u1ea1i l\u00e0 m\u1ed9t t\u00e1c ph\u1ea9m n\u1eefa gi\u00fap ng\u01b0\u1eddi \u0111\u1ecdc \u0111i v\u00e0o th\u1ebf gi\u1edbi ng\u00f4n ng\u1eef h\u00ecnh \u1ea3nh \u0111a c\u1ea3m c\u1ee7a Kawabata Yasunari.<\/p>\n","protected":false},"featured_media":14333,"template":"","meta":{"_acf_changed":false},"product_brand":[],"product_cat":[15,45],"product_tag":[],"class_list":{"0":"post-14335","1":"product","2":"type-product","3":"status-publish","4":"has-post-thumbnail","6":"product_cat-sach-danh-cho-nguoi-lon","7":"product_cat-tieu-thuyet","9":"first","10":"outofstock","11":"taxable","12":"shipping-taxable","13":"purchasable","14":"product-type-simple"},"supplier_id":null,"supplier_sku":"","barcode":null,"atum_controlled":true,"out_stock_date":"2022-01-31 21:17:13","out_stock_threshold":null,"inheritable":false,"inbound_stock":0,"stock_on_hold":0,"sold_today":0,"sales_last_days":0,"reserved_stock":0,"customer_returns":0,"warehouse_damage":0,"lost_in_post":0,"other_logs":0,"out_stock_days":1458,"lost_sales":0,"has_location":false,"update_date":"2026-01-28T23:10:55","atum_locations":[],"atum_stock_status":"outofstock","restock_status":false,"low_stock_amount":"","sales_update_date":"2026-01-28T23:10:55","calc_backorders":null,"acf":{"publisher":{"ID":8612,"post_author":"1","post_date":"2021-04-28 14:27:30","post_date_gmt":"2021-04-28 11:27:30","post_content":"","post_title":"IPM","post_excerpt":"","post_status":"publish","comment_status":"closed","ping_status":"closed","post_password":"","post_name":"ipm","to_ping":"","pinged":"","post_modified":"2021-04-28 14:27:30","post_modified_gmt":"2021-04-28 11:27:30","post_content_filtered":"","post_parent":0,"guid":"https:\/\/sachviet.eu\/nha-phat-hanh\/ipm\/","menu_order":0,"post_type":"publisher","post_mime_type":"","comment_count":"0","filter":"raw"}},"_links":{"self":[{"href":"https:\/\/sachviet.eu\/en\/wp-json\/wp\/v2\/product\/14335","targetHints":{"allow":["GET"]}}],"collection":[{"href":"https:\/\/sachviet.eu\/en\/wp-json\/wp\/v2\/product"}],"about":[{"href":"https:\/\/sachviet.eu\/en\/wp-json\/wp\/v2\/types\/product"}],"wp:featuredmedia":[{"embeddable":true,"href":"https:\/\/sachviet.eu\/en\/wp-json\/wp\/v2\/media\/14333"}],"wp:attachment":[{"href":"https:\/\/sachviet.eu\/en\/wp-json\/wp\/v2\/media?parent=14335"}],"wp:term":[{"taxonomy":"product_brand","embeddable":true,"href":"https:\/\/sachviet.eu\/en\/wp-json\/wp\/v2\/product_brand?post=14335"},{"taxonomy":"product_cat","embeddable":true,"href":"https:\/\/sachviet.eu\/en\/wp-json\/wp\/v2\/product_cat?post=14335"},{"taxonomy":"product_tag","embeddable":true,"href":"https:\/\/sachviet.eu\/en\/wp-json\/wp\/v2\/product_tag?post=14335"}],"curies":[{"name":"wp","href":"https:\/\/api.w.org\/{rel}","templated":true}]}}