{"id":14300,"date":"2021-07-03T00:09:35","date_gmt":"2021-07-02T21:09:35","guid":{"rendered":"https:\/\/sachviet.eu\/shop\/toi-co-cau-chuyen-ban-co-ruou-khong\/"},"modified":"2023-11-27T21:06:01","modified_gmt":"2023-11-27T19:06:01","slug":"toi-co-cau-chuyen-ban-co-ruou-khong","status":"publish","type":"product","link":"https:\/\/sachviet.eu\/en\/shop\/toi-co-cau-chuyen-ban-co-ruou-khong\/","title":{"rendered":"T\u00f4i C\u00f3 C\u00e2u Chuy\u1ec7n, B\u1ea1n C\u00f3 R\u01b0\u1ee3u Kh\u00f4ng?"},"content":{"rendered":"<p>T\u00f4i C\u00f3 C\u00e2u Chuy\u1ec7n, B\u1ea1n C\u00f3 R\u01b0\u1ee3u Kh\u00f4ng?<\/p>\n<p>M\u1ed7i m\u1ed9t th\u1eddi kh\u1eafc tr\u00ean th\u1ebf gian n\u00e0y \u0111\u1ec1u c\u00f3 m\u1ed9t c\u00e2u chuy\u1ec7n \u0111ang x\u1ea3y ra. C\u00f3 nh\u1eefng c\u00e2u chuy\u1ec7n b\u1ea1n \u0111\u00e3 t\u1eebng tr\u1ea3i qua, c\u1ea3 nh\u1eefng c\u00e2u chuy\u1ec7n m\u00e0 b\u1ea1n ch\u01b0a t\u1eebng tr\u1ea3i qua, th\u1ebf nh\u01b0ng b\u1ea5t k\u1ec3 l\u00e0 chuy\u1ec7n g\u00ec, c\u0169ng \u0111\u1ec1u \u0111\u00e1ng gi\u00e1 \u0111\u1ec3 \u0111\u01b0\u1ee3c ghi nh\u1edb trong l\u00f2ng c\u1ee7a m\u1ed7i ng\u01b0\u1eddi.<\/p>\n<p>&#8220;T\u00f4i c\u00f3 c\u00e2u chuy\u1ec7n, b\u1ea1n c\u00f3 r\u01b0\u1ee3u kh\u00f4ng?&#8221; l\u00e0 m\u1ed9t cu\u1ed1n s\u00e1ch b\u1ea1n c\u00f3 th\u1ec3 gi\u1edf ra trong m\u1ed9t qu\u00e1n cafe v\u00e0o m\u1ed9t bu\u1ed5i chi\u1ec1u n\u00e0o \u0111\u00f3, ho\u1eb7c trong m\u1ed9t \u0111\u00eam m\u1ea5t ng\u1ee7 sau khi tan l\u00e0m v\u1ec1. Hai m\u01b0\u01a1i m\u1ed1t c\u00e2u chuy\u1ec7n b\u00ean trong s\u00e1ch l\u00e0 21 x\u00fac c\u1ea3m ho\u00e0n to\u00e0n kh\u00e1c bi\u1ec7t nhau: ch\u00fang c\u00f3 th\u1ec3 khi\u1ebfn cho b\u1ea1n h\u1ea1nh ph\u00fac, c\u00f3 th\u1ec3 khi\u1ebfn b\u1ea1n bu\u1ed3n b\u00e3, \u0111au th\u01b0\u01a1ng, ho\u1eb7c c\u0169ng c\u00f3 th\u1ec3 khi\u1ebfn b\u1ea1n n\u1ea3y sinh s\u1ef1 h\u1ed1i ti\u1ebfc\u2026 Ch\u00fang \u0111\u1ec1u l\u00e0 nh\u1eefng ng\u00f4i sao \u0111ang phi\u00eau l\u00e3ng trong bi\u1ec3n ng\u01b0\u1eddi b\u1ea5t t\u1eadn, nh\u1eefng \u0111\u1ec1u \u201ct\u00ecnh c\u1edd\u201d g\u1eb7p g\u1ee1 b\u1ea1n, m\u1edbi c\u00f3 th\u1ec3 t\u1ecfa s\u00e1ng lung linh. Nh\u1eefng con ng\u01b0\u1eddi trong nh\u1eefng c\u00e2u chuy\u1ec7n \u1ea5y c\u00f3 th\u1ec3 kh\u00f3c, c\u00f3 th\u1ec3 c\u01b0\u1eddi vui, c\u00f3 th\u1ec3 \u0111au th\u01b0\u01a1ng, c\u00f3 th\u1ec3 l\u00e0 \u0111ang r\u01a1i l\u1ec7. Th\u1ebf nh\u01b0ng \u0111\u1ebfn cu\u1ed1i con \u0111\u01b0\u1eddng, ch\u1eafc ch\u1eafn r\u1eb1ng h\u1ecd s\u1ebd h\u1ea1nh ph\u00fac, gi\u1ed1ng nh\u01b0 b\u1ea1n \u0111\u00e3 nh\u1eadn \u0111\u01b0\u1ee3c h\u1ea1nh ph\u00fac.<\/p>\n<p>T\u00f4i bi\u1ebft, th\u1ebf gi\u1edbi c\u1ee7a m\u1ed7i ng\u01b0\u1eddi kh\u00f4ng gi\u1ed1ng nhau, nh\u01b0ng th\u1ebf gi\u1edbi trong nh\u1eefng c\u00e2u chuy\u1ec7n n\u00e0y, ch\u1eafc ch\u1eafn l\u00e0 m\u1ed9t ph\u01b0\u01a1ng di\u1ec7n m\u00e0 d\u01b0\u1eddng nh\u01b0 b\u1ea1n t\u1eebng bi\u1ebft t\u1edbi nh\u01b0ng l\u1ea1i kh\u00f4ng th\u1ec3 ch\u1ea1m \u0111\u1ebfn. N\u00f3 t\u1ef1a nh\u01b0 ch\u00e9n r\u01b0\u1ee3u gi\u1eefa \u0111\u00eam, \u0111\u00f3a hoa tr\u00ean c\u1ecf, b\u00ecnh d\u1ecb m\u00e0 ch\u00e2n th\u1ef1c, \u0111\u1eb9p \u0111\u1ebd m\u00e0 t\u00e0n kh\u1ed1c. N\u1ebfu b\u1ea1n b\u1eb1ng l\u00f2ng, v\u00e0o m\u1ed9t \u0111\u00eam khuya b\u1ed1n b\u1ec1 thanh v\u1eafng, h\u00e3y m\u1eddi t\u00f4i m\u1ed9t ly, r\u01b0\u1ee3u g\u00ec t\u00f9y \u00fd, \u0111\u1ec3 t\u00f4i k\u1ec3 chuy\u1ec7n cho b\u1ea1n nghe. Tuy c\u00e2u chuy\u1ec7n c\u00f3 th\u1ec3 v\u1ee5ng v\u1ec1, k\u00edch \u0111\u1ed9ng, \u1ea5u tr\u0129, nh\u01b0ng xin b\u1ea1n h\u00e3y tin r\u1eb1ng, nh\u1eefng \u0111i\u1ec1u \u0111\u00e3 x\u1ea3y ra v\u00e0 nh\u1eefng \u0111i\u1ec1u s\u1eafp x\u1ea3y ra \u0111\u1ec1u s\u1ebd l\u1eb7p l\u1ea1i, b\u1edfi v\u00ec t\u1ea5t c\u1ea3 m\u1ecdi c\u00e2u chuy\u1ec7n \u0111\u1ec1u ch\u1ec9 c\u00f3 m\u1ed9t c\u00e1i k\u1ebft, n\u1ebfu c\u00f3 tr\u00f9ng h\u1ee3p, ch\u1ec9 \u0111\u01a1n thu\u1ea7n l\u00e0 t\u00ecnh c\u1edd.<\/p>\n<p>T\u00f4i s\u1ebd vi\u1ebft trong nh\u1eefng \u0111\u00eam khuya, vi\u1ebft cho xong m\u1ed9t m\u1ea9u chuy\u1ec7n v\u00e0o l\u00fac b\u1ea1n \u0111\u00e3 say ng\u1ee7.<\/p>\n<p>Sau \u0111\u00f3 g\u1eedi m\u1ed9t c\u00e2u ch\u00e0o bu\u1ed5i s\u00e1ng \u0111\u1ebfn t\u1ea5t c\u1ea3 nh\u1eefng th\u00e0nh ph\u1ed1 m\u1ea5t ng\u1ee7, n\u00f3i c\u00e2u ch\u00fac ng\u1ee7 ngon v\u1edbi t\u1ea5t c\u1ea3 nh\u1eefng ng\u01b0\u1eddi ch\u01b0a ch\u1ee3p m\u1eaft\u2026<\/p>\n<p>&#8220;Ch\u00fac cho b\u1ea1n m\u00e3i m\u00e3i \u1ea5m \u00e1p v\u00e0 kh\u00f4ng s\u1ee3 h\u00e3i b\u1ea5t c\u1ee9 \u0111i\u1ec1u g\u00ec.&#8221;<\/p>\n<p>&#8220;T\u00f4i c\u00f3 c\u00e2u chuy\u1ec7n, b\u1ea1n c\u00f3 r\u01b0\u1ee3u kh\u00f4ng?&#8221; &#8211; Hy v\u1ecdng trong r\u1ea5t nhi\u1ec1u nh\u1eefng \u0111\u00eam c\u1ea3m th\u1ea5y c\u00f4 \u0111\u01a1n sau n\u00e0y, khi b\u00ean c\u1ea1nh b\u1ea1n ch\u1ec9 c\u00f3 r\u01b0\u1ee3u, cu\u1ed1n s\u00e1ch n\u00e0y c\u00f3 th\u1ec3 tr\u1edf th\u00e0nh \u0111\u1ed3 nh\u1eafm cho b\u1ea1n, kh\u00f4ng nhi\u1ec1u, kh\u00f4ng \u00edt, kh\u00f4ng say, kh\u00f4ng v\u1ec1.<\/p>\n<p>* Gi\u1edbi thi\u1ec7u t\u00e1c gi\u1ea3:<\/p>\n<p>Quan \u0110\u00f4ng D\u00e3 Kh\u00e1ch \u2013 nh\u00e0 v\u0103n, bi\u00ean k\u1ecbch, ng\u01b0\u1eddi k\u1ec3 chuy\u1ec7n, thu\u1ed9c ch\u00f2m sao Ma K\u1ebft. Mong mu\u1ed1n d\u00f9ng c\u00e2u ch\u1eef \u0111\u1ec3 vi\u1ebft ra nh\u1eefng l\u1eddi bi ail y h\u1ee3p m\u00e0 \u00edt ng\u01b0\u1eddi bi\u1ebft t\u1edbi. Mong g\u1eb7p g\u1ee1 m\u1ed9t ng\u01b0\u1eddi xa l\u1ea1, b\u00ecnh d\u1ecb c\u00f9ng l\u00e0m b\u1ea1n gi\u1eefa th\u00e0nh ph\u1ed1 ph\u1ed3n hoa n\u00e1o nhi\u1ec7t n\u00e0y.<\/p>\n","protected":false},"excerpt":{"rendered":"<p>M\u1ed7i m\u1ed9t th\u1eddi kh\u1eafc tr\u00ean th\u1ebf gian n\u00e0y \u0111\u1ec1u c\u00f3 m\u1ed9t c\u00e2u chuy\u1ec7n \u0111ang x\u1ea3y ra. C\u00f3 nh\u1eefng c\u00e2u chuy\u1ec7n b\u1ea1n \u0111\u00e3 t\u1eebng tr\u1ea3i qua, c\u1ea3 nh\u1eefng c\u00e2u chuy\u1ec7n m\u00e0 b\u1ea1n ch\u01b0a t\u1eebng tr\u1ea3i qua, th\u1ebf nh\u01b0ng b\u1ea5t k\u1ec3 l\u00e0 chuy\u1ec7n g\u00ec, c\u0169ng \u0111\u1ec1u \u0111\u00e1ng gi\u00e1 \u0111\u1ec3 \u0111\u01b0\u1ee3c ghi nh\u1edb trong l\u00f2ng c\u1ee7a m\u1ed7i ng\u01b0\u1eddi.<\/p>\n<p>&#8220;T\u00f4i c\u00f3 c\u00e2u chuy\u1ec7n, b\u1ea1n c\u00f3 r\u01b0\u1ee3u kh\u00f4ng?&#8221; l\u00e0 m\u1ed9t cu\u1ed1n s\u00e1ch b\u1ea1n c\u00f3 th\u1ec3 gi\u1edf ra trong m\u1ed9t qu\u00e1n cafe v\u00e0o m\u1ed9t bu\u1ed5i chi\u1ec1u n\u00e0o \u0111\u00f3, ho\u1eb7c trong m\u1ed9t \u0111\u00eam m\u1ea5t ng\u1ee7 sau khi tan l\u00e0m v\u1ec1. Hai m\u01b0\u01a1i m\u1ed1t c\u00e2u chuy\u1ec7n b\u00ean trong s\u00e1ch l\u00e0 21 x\u00fac c\u1ea3m ho\u00e0n to\u00e0n kh\u00e1c bi\u1ec7t nhau: ch\u00fang c\u00f3 th\u1ec3 khi\u1ebfn cho b\u1ea1n h\u1ea1nh ph\u00fac, c\u00f3 th\u1ec3 khi\u1ebfn b\u1ea1n bu\u1ed3n b\u00e3, \u0111au th\u01b0\u01a1ng, ho\u1eb7c c\u0169ng c\u00f3 th\u1ec3 khi\u1ebfn b\u1ea1n n\u1ea3y sinh s\u1ef1 h\u1ed1i ti\u1ebfc\u2026 Ch\u00fang \u0111\u1ec1u l\u00e0 nh\u1eefng ng\u00f4i sao \u0111ang phi\u00eau l\u00e3ng trong bi\u1ec3n ng\u01b0\u1eddi b\u1ea5t t\u1eadn, nh\u1eefng \u0111\u1ec1u \u201ct\u00ecnh c\u1edd\u201d g\u1eb7p g\u1ee1 b\u1ea1n, m\u1edbi c\u00f3 th\u1ec3 t\u1ecfa s\u00e1ng lung linh. Nh\u1eefng con ng\u01b0\u1eddi trong nh\u1eefng c\u00e2u chuy\u1ec7n \u1ea5y c\u00f3 th\u1ec3 kh\u00f3c, c\u00f3 th\u1ec3 c\u01b0\u1eddi vui, c\u00f3 th\u1ec3 \u0111au th\u01b0\u01a1ng, c\u00f3 th\u1ec3 l\u00e0 \u0111ang r\u01a1i l\u1ec7. Th\u1ebf nh\u01b0ng \u0111\u1ebfn cu\u1ed1i con \u0111\u01b0\u1eddng, ch\u1eafc ch\u1eafn r\u1eb1ng h\u1ecd s\u1ebd h\u1ea1nh ph\u00fac, gi\u1ed1ng nh\u01b0 b\u1ea1n \u0111\u00e3 nh\u1eadn \u0111\u01b0\u1ee3c h\u1ea1nh ph\u00fac.<\/p>\n<p>T\u00f4i bi\u1ebft, th\u1ebf gi\u1edbi c\u1ee7a m\u1ed7i ng\u01b0\u1eddi kh\u00f4ng gi\u1ed1ng nhau, nh\u01b0ng th\u1ebf gi\u1edbi trong nh\u1eefng c\u00e2u chuy\u1ec7n n\u00e0y, ch\u1eafc ch\u1eafn l\u00e0 m\u1ed9t ph\u01b0\u01a1ng di\u1ec7n m\u00e0 d\u01b0\u1eddng nh\u01b0 b\u1ea1n t\u1eebng bi\u1ebft t\u1edbi nh\u01b0ng l\u1ea1i kh\u00f4ng th\u1ec3 ch\u1ea1m \u0111\u1ebfn. N\u00f3 t\u1ef1a nh\u01b0 ch\u00e9n r\u01b0\u1ee3u gi\u1eefa \u0111\u00eam, \u0111\u00f3a hoa tr\u00ean c\u1ecf, b\u00ecnh d\u1ecb m\u00e0 ch\u00e2n th\u1ef1c, \u0111\u1eb9p \u0111\u1ebd m\u00e0 t\u00e0n kh\u1ed1c. N\u1ebfu b\u1ea1n b\u1eb1ng l\u00f2ng, v\u00e0o m\u1ed9t \u0111\u00eam khuya b\u1ed1n b\u1ec1 thanh v\u1eafng, h\u00e3y m\u1eddi t\u00f4i m\u1ed9t ly, r\u01b0\u1ee3u g\u00ec t\u00f9y \u00fd, \u0111\u1ec3 t\u00f4i k\u1ec3 chuy\u1ec7n cho b\u1ea1n nghe. Tuy c\u00e2u chuy\u1ec7n c\u00f3 th\u1ec3 v\u1ee5ng v\u1ec1, k\u00edch \u0111\u1ed9ng, \u1ea5u tr\u0129, nh\u01b0ng xin b\u1ea1n h\u00e3y tin r\u1eb1ng, nh\u1eefng \u0111i\u1ec1u \u0111\u00e3 x\u1ea3y ra v\u00e0 nh\u1eefng \u0111i\u1ec1u s\u1eafp x\u1ea3y ra \u0111\u1ec1u s\u1ebd l\u1eb7p l\u1ea1i, b\u1edfi v\u00ec t\u1ea5t c\u1ea3 m\u1ecdi c\u00e2u chuy\u1ec7n \u0111\u1ec1u ch\u1ec9 c\u00f3 m\u1ed9t c\u00e1i k\u1ebft, n\u1ebfu c\u00f3 tr\u00f9ng h\u1ee3p, ch\u1ec9 \u0111\u01a1n thu\u1ea7n l\u00e0 t\u00ecnh c\u1edd.<\/p>\n<p>T\u00f4i s\u1ebd vi\u1ebft trong nh\u1eefng \u0111\u00eam khuya, vi\u1ebft cho xong m\u1ed9t m\u1ea9u chuy\u1ec7n v\u00e0o l\u00fac b\u1ea1n \u0111\u00e3 say ng\u1ee7.<\/p>\n<p>Sau \u0111\u00f3 g\u1eedi m\u1ed9t c\u00e2u ch\u00e0o bu\u1ed5i s\u00e1ng \u0111\u1ebfn t\u1ea5t c\u1ea3 nh\u1eefng th\u00e0nh ph\u1ed1 m\u1ea5t ng\u1ee7, n\u00f3i c\u00e2u ch\u00fac ng\u1ee7 ngon v\u1edbi t\u1ea5t c\u1ea3 nh\u1eefng ng\u01b0\u1eddi ch\u01b0a ch\u1ee3p m\u1eaft\u2026<\/p>\n<p>&#8220;Ch\u00fac cho b\u1ea1n m\u00e3i m\u00e3i \u1ea5m \u00e1p v\u00e0 kh\u00f4ng s\u1ee3 h\u00e3i b\u1ea5t c\u1ee9 \u0111i\u1ec1u g\u00ec.&#8221;<\/p>\n<p>&#8220;T\u00f4i c\u00f3 c\u00e2u chuy\u1ec7n, b\u1ea1n c\u00f3 r\u01b0\u1ee3u kh\u00f4ng?&#8221; &#8211; Hy v\u1ecdng trong r\u1ea5t nhi\u1ec1u nh\u1eefng \u0111\u00eam c\u1ea3m th\u1ea5y c\u00f4 \u0111\u01a1n sau n\u00e0y, khi b\u00ean c\u1ea1nh b\u1ea1n ch\u1ec9 c\u00f3 r\u01b0\u1ee3u, cu\u1ed1n s\u00e1ch n\u00e0y c\u00f3 th\u1ec3 tr\u1edf th\u00e0nh \u0111\u1ed3 nh\u1eafm cho b\u1ea1n, kh\u00f4ng nhi\u1ec1u, kh\u00f4ng \u00edt, kh\u00f4ng say, kh\u00f4ng v\u1ec1.<\/p>\n","protected":false},"featured_media":14297,"template":"","meta":{"_acf_changed":false},"product_brand":[],"product_cat":[15,47],"product_tag":[],"class_list":{"0":"post-14300","1":"product","2":"type-product","3":"status-publish","4":"has-post-thumbnail","6":"product_cat-sach-danh-cho-nguoi-lon","7":"product_cat-truyen-ngan-tan-van","9":"first","10":"outofstock","11":"taxable","12":"shipping-taxable","13":"purchasable","14":"product-type-simple"},"supplier_id":null,"supplier_sku":"","barcode":null,"atum_controlled":true,"out_stock_date":"2023-11-27 19:06:01","out_stock_threshold":null,"inheritable":false,"inbound_stock":0,"stock_on_hold":0,"sold_today":0,"sales_last_days":0,"reserved_stock":0,"customer_returns":0,"warehouse_damage":0,"lost_in_post":0,"other_logs":0,"out_stock_days":793,"lost_sales":0,"has_location":false,"update_date":"2026-01-28T23:10:55","atum_locations":[],"atum_stock_status":"outofstock","restock_status":false,"low_stock_amount":"","sales_update_date":"2026-01-28T23:10:55","calc_backorders":null,"acf":{"publisher":{"ID":1785,"post_author":"1","post_date":"2021-02-17 01:54:46","post_date_gmt":"2021-02-16 23:54:46","post_content":"<!-- wp:flatsome\/uxbuilder -->\n<h1 style=\"text-align: center;\"><strong>AZ VIETNAM<\/strong><\/h1>\n[row]\n\n[col span=\"8\" span__sm=\"12\"]\n\n<p>Th\u00e0nh l\u1eadp n\u0103m: 2015<br \/>V\u1ed1n \u0111\u1ea7u t\u01b0: 4,000,000,000 \u0111\u1ed3ng<br \/><strong>L\u0129nh v\u1ef1c:<\/strong><br \/>- Xu\u1ea5t b\u1ea3n v\u00e0 ph\u00e1t h\u00e0nh v\u0103n h\u00f3a ph\u1ea9m<br \/>- Cung c\u1ea5p v\u0103n h\u00f3a ph\u1ea9m, c\u00e1c s\u1ea3n ph\u1ea9m cho in \u1ea5n, trang thi\u1ebft b\u1ecb cho c\u00e1c th\u01b0 vi\u1ec7n v\u00e0 trung t\u00e2m s\u00e1ch tr\u00ean c\u1ea3 n\u01b0\u1edbc.<br \/>- Th\u1eddi trang v\u00e0 c\u00e1c s\u1ea3n ph\u1ea9m li\u00ean quan \u0111\u1ebfn l\u0129nh v\u1ef1c th\u1eddi trang<br \/>- Xu\u1ea5t nh\u1eadp kh\u1ea9u c\u00e1c s\u1ea3n ph\u1ea9m v\u0103n h\u00f3a<\/p>\n<p><strong>Quy m\u00f4:<\/strong> 60 nh\u00e2n vi\u00ean<br \/>Kh\u1edfi ngu\u1ed3n c\u1ee7a AZ Vi\u1ec7t Nam ng\u00e0y nay l\u00e0 C\u00f4ng ty TNHH Trung t\u00e2m S\u00e1ch v\u00e0 Thi\u1ebft b\u1ecb Th\u01b0 vi\u1ec7n, v\u1edbi ho\u1ea1t \u0111\u1ed9ng \u0111\u1ea7u ti\u00ean l\u00e0 cung c\u1ea5p s\u00e1ch, trang thi\u1ebft b\u1ecb, v\u0103n h\u00f3a ph\u1ea9m cho c\u00e1c th\u01b0 vi\u1ec7n v\u00e0 trung t\u00e2m s\u00e1ch tr\u00ean c\u1ea3 n\u01b0\u1edbc. T\u1eeb cu\u1ed1i n\u0103m 2010 \u0111\u1ebfn nay, ch\u00fang t\u00f4i \u0111\u00e3 kh\u00f4ng ng\u1eebng n\u1ed7 l\u1ef1c khai ph\u00e1 v\u00e0 ph\u00e1t tri\u1ec3n c\u00e1c d\u00f2ng s\u1ea3n ph\u1ea9m m\u1edbi v\u1edbi 8 th\u01b0\u01a1ng hi\u1ec7u uy t\u00edn. \u0110\u1ec3 \u0111\u00e1p \u1ee9ng nhu c\u1ea7u ph\u00e1t tri\u1ec3n ng\u00e0y m\u1ed9t l\u1edbn m\u1ea1nh v\u00e0 t\u1eadp h\u1ee3p c\u00e1c th\u01b0\u01a1ng hi\u1ec7u \u0111\u00e3 \u0111\u01b0\u1ee3c ch\u00fang t\u00f4i x\u00e2y d\u1ef1ng, 2015 C\u00f4ng ty TNHH AZ Vi\u1ec7t Nam \u0111\u00e3 ra \u0111\u1eddi v\u1edbi s\u1ee9 m\u1ec7nh mang \u0111\u1ebfn nhi\u1ec1u h\u01a1n n\u1eefa nh\u1eefng gi\u00e1 tr\u1ecb tinh th\u1ea7n, tri th\u1ee9c ti\u00ean ti\u1ebfn cho ng\u01b0\u1eddi ti\u00eau d\u00f9ng b\u1eb1ng vi\u1ec7c cung c\u1ea5p nh\u1eefng s\u1ea3n ph\u1ea9m c\u00f3 ch\u1ea5t l\u01b0\u1ee3ng.<\/p>\n\n[\/col]\n[col span=\"4\" span__sm=\"12\"]\n\n[ux_image id=\"1836\" image_size=\"medium\"]\n\n\n[\/col]\n\n[\/row]\n\n<!-- \/wp:flatsome\/uxbuilder -->","post_title":"AZ Vi\u1ec7t Nam","post_excerpt":"","post_status":"publish","comment_status":"closed","ping_status":"closed","post_password":"","post_name":"az-viet-nam","to_ping":"","pinged":"","post_modified":"2021-02-17 22:07:10","post_modified_gmt":"2021-02-17 20:07:10","post_content_filtered":"","post_parent":0,"guid":"https:\/\/sachviet.eu\/nha-phat-hanh\/az-viet-nam\/","menu_order":0,"post_type":"publisher","post_mime_type":"","comment_count":"0","filter":"raw"}},"_links":{"self":[{"href":"https:\/\/sachviet.eu\/en\/wp-json\/wp\/v2\/product\/14300","targetHints":{"allow":["GET"]}}],"collection":[{"href":"https:\/\/sachviet.eu\/en\/wp-json\/wp\/v2\/product"}],"about":[{"href":"https:\/\/sachviet.eu\/en\/wp-json\/wp\/v2\/types\/product"}],"wp:featuredmedia":[{"embeddable":true,"href":"https:\/\/sachviet.eu\/en\/wp-json\/wp\/v2\/media\/14297"}],"wp:attachment":[{"href":"https:\/\/sachviet.eu\/en\/wp-json\/wp\/v2\/media?parent=14300"}],"wp:term":[{"taxonomy":"product_brand","embeddable":true,"href":"https:\/\/sachviet.eu\/en\/wp-json\/wp\/v2\/product_brand?post=14300"},{"taxonomy":"product_cat","embeddable":true,"href":"https:\/\/sachviet.eu\/en\/wp-json\/wp\/v2\/product_cat?post=14300"},{"taxonomy":"product_tag","embeddable":true,"href":"https:\/\/sachviet.eu\/en\/wp-json\/wp\/v2\/product_tag?post=14300"}],"curies":[{"name":"wp","href":"https:\/\/api.w.org\/{rel}","templated":true}]}}