{"id":14296,"date":"2021-07-03T00:09:01","date_gmt":"2021-07-02T21:09:01","guid":{"rendered":"https:\/\/sachviet.eu\/shop\/neu-chi-con-mot-ngay-de-song\/"},"modified":"2021-09-02T22:42:58","modified_gmt":"2021-09-02T19:42:58","slug":"neu-chi-con-mot-ngay-de-song","status":"publish","type":"product","link":"https:\/\/sachviet.eu\/en\/shop\/neu-chi-con-mot-ngay-de-song\/","title":{"rendered":"N\u1ebfu Ch\u1ec9 C\u00f2n M\u1ed9t Ng\u00e0y \u0110\u1ec3 S\u1ed1ng"},"content":{"rendered":"<p>\u201cN\u1ebfu ch\u1ec9 c\u00f2n m\u1ed9t ng\u00e0y \u0111\u1ec3 s\u1ed1ng\u201d t\u00ean s\u00e1ch g\u1ed1c Everything, Everything l\u00e0 cu\u1ed1n ti\u1ec3u thuy\u1ebft b\u00e1n ch\u1ea1y s\u1ed1 1 c\u1ee7a New York Times \u2013 \u0111\u1ed3ng th\u1eddi  \u0111\u01b0\u1ee3c chuy\u1ec3n th\u1ec3 th\u00e0nh phim \u0111i\u1ec7n \u1ea3nh v\u1edbi s\u1ef1 g\u00f3p m\u1eb7t c\u1ee7a hai di\u1ec5n vi\u00ean n\u1ed5i ti\u1ebfng l\u00e0 Amandla Stenberg trong vai Maddy v\u00e0 Nick Robinson trong vai Olly.  Ngay t\u1eeb khi c\u00f4ng chi\u1ebfu,  b\u1ed9 phim \u0111\u00e3 g\u00e2y b\u00e3o t\u1ea1i c\u00e1c ph\u00f2ng v\u00e9 tr\u00ean to\u00e0n th\u1ebf gi\u1edbi k\u00e9o theo c\u01a1n s\u1ed1t t\u00ecm \u0111\u1ecdc cu\u1ed1n s\u00e1ch \u0111\u1eb7c bi\u1ec7t n\u00e0y \u0111\u1ebfn t\u1eeb c\u00e1c fan y\u00eau th\u00edch b\u1ed9 phim.<\/p>\n<p>M\u1ed9t chuy\u1ec7n t\u00ecnh c\u1ea3m \u0111\u1ed9ng \u0111\u01b0\u1ee3c k\u1ec3 d\u01b0\u1edbi ng\u00f2i b\u00fat tr\u00e0n \u0111\u1ea7y nh\u1eefng x\u00fac c\u1ea3m kh\u00e1c bi\u1ec7t \u0111em \u0111\u1ebfn cho ng\u01b0\u1eddi \u0111\u1ecdc nh\u1eefng rung c\u1ea3m ch\u00e2n th\u1eadt ch\u1ea1m \u0111\u1ebfn t\u1eebng ng\u00f3c ng\u00e1ch trong tr\u00e1i tim. M\u1ed9t cu\u1ed1n s\u00e1ch \u0111\u00e3 khi\u1ebfn h\u00e0ng tri\u1ec7u \u0111\u1ed9c gi\u1ea3 ph\u1ea3i kh\u00f3c ph\u1ea3i c\u01b0\u1eddi qua t\u1eebng trang gi\u1ea5y.<\/p>\n<p> \u201cN\u1ebfu cu\u1ed9c \u0111\u1eddi l\u00e0 m\u1ed9t cu\u1ed1n s\u00e1ch th\u00ec b\u1ea1n \u0111\u1ecdc ng\u01b0\u1ee3c t\u1eeb d\u01b0\u1edbi l\u00ean c\u0169ng s\u1ebd ch\u1eb3ng c\u00f3 g\u00ec thay \u0111\u1ed5i. H\u00f4m nay ch\u1eb3ng kh\u00e1c g\u00ec h\u00f4m qua. Ng\u00e0y mai c\u0169ng gi\u1ed1ng h\u1ec7t ng\u00e0y h\u00f4m nay. Trong cu\u1ed1n s\u00e1ch v\u1ec1 cu\u1ed9c \u0111\u1eddi em, ch\u01b0\u01a1ng n\u00e0o c\u0169ng gi\u1ed1ng h\u1ec7t ch\u01b0\u01a1ng n\u00e0o, cho t\u1edbi khi anh xu\u1ea5t hi\u1ec7n.\u201d<\/p>\n<p>\u0110\u00e1nh \u0111\u1ed5i m\u1ecdi th\u1ee9&#8230; v\u00ec t\u00ecnh y\u00eau. Li\u1ec7u \u0111i\u1ec1u \u0111\u00f3 c\u00f3 ho\u00e0n to\u00e0n x\u1ee9ng \u0111\u00e1ng ?<\/p>\n<p>\u0110i\u1ec1u g\u00ec s\u1ebd x\u1ea3y ra n\u1ebfu b\u1ea1n kh\u00f4ng th\u1ec3 ch\u1ea1m v\u00e0o b\u1ea5t c\u1ee9 th\u1ee9 g\u00ec trong th\u1ebf gi\u1edbi ngo\u00e0i kia? Kh\u00f4ng bao gi\u1edd \u0111\u01b0\u1ee3c h\u00edt th\u1edf b\u1ea7u kh\u00f4ng kh\u00ed trong l\u00e0nh, c\u1ea3m nh\u1eadn \u00e1nh n\u1eafng ban ng\u00e0y l\u00e0m b\u1ecfng r\u00e1t khu\u00f4n m\u1eb7t&#8230; hay th\u1eed h\u1eb9n h\u00f2 v\u00e0 h\u00f4n l\u00ean m\u00f4i c\u1eadu ch\u00e0ng h\u00e0ng x\u00f3m? Nh\u1eefng th\u1ee9 gi\u1ea3n \u0111\u01a1n v\u00e0 \u00fd ngh\u0129a c\u1ee7a cu\u1ed9c s\u1ed1ng m\u00e0 b\u1ea5t k\u00ec ai c\u0169ng s\u1ebd ph\u1ea3i tr\u1ea3i qua.<\/p>\n<p>Trong \u201cN\u1ebfu ch\u1ec9 c\u00f2n m\u1ed9t ng\u00e0y \u0111\u1ec3 s\u1ed1ng\u201d , Maddy l\u00e0 m\u1ed9t c\u00f4 g\u00e1i m\u1eafc h\u1ed9i ch\u1ee9ng thi\u1ebfu h\u1ee5t mi\u1ec5n d\u1ecbch t\u1ed5 h\u1ee3p tr\u1ea7m tr\u1ecdng, v\u00e0 Olly l\u00e0 c\u1eadu b\u1ea1n nh\u00e0 k\u1ebf b\u00ean &#8211; c\u0169ng l\u00e0 m\u1ed1i hi\u1ec3m nguy l\u1edbn nh\u1ea5t m\u00e0 c\u00f4 t\u1eebng \u0111\u1ed1i m\u1eb7t. B\u1ec7nh c\u1ee7a Maddy n\u1ed5i ti\u1ebfng nh\u01b0 m\u1ee9c \u0111\u1ed9 hi\u1ebfm c\u00f3 c\u1ee7a n\u00f3.<\/p>\n<p>c\u00f4 c\u00f3 th\u1ec3 b\u1ecb nhi\u1ec5m b\u1ec7nh b\u1edfi b\u1ea5t c\u1ee9 nguy\u00ean t\u1ed1 n\u00e0o ngo\u00e0i tr\u1eddi. \u0110\u00f3 l\u00e0 l\u00fd do m\u00e0 c\u00f4 \u0111\u01b0\u1ee3c s\u1ed1ng trong nh\u00e0 v\u1edbi s\u1ef1 ch\u0103m s\u00f3c t\u1eadn t\u00ecnh c\u1ee7a m\u1eb9 v\u00e0 c\u00f4 y t\u00e1. Th\u1ebf nh\u01b0ng cu\u1ed9c s\u1ed1ng \u00eam \u0111\u1ec1m \u0111\u1ebfn \u0111\u1ed9 nh\u00e0m ch\u00e1n trong ng\u00f4i nh\u00e0 bong b\u00f3ng c\u1ee7a Maddy \u0111\u1ed9t ng\u1ed9t thay \u0111\u1ed5i khi c\u00f3 h\u00e0ng x\u00f3m m\u1edbi chuy\u1ec3n \u0111\u1ebfn. T\u1eebng cu\u1ed9c tr\u00f2 chuy\u1ec7n qua email tr\u1edf th\u00e0nh s\u1ee3i d\u00e2y g\u1eafn k\u1ebft nh\u1eefng rung \u0111\u1ed9ng \u0111\u1ea7u \u0111\u1eddi gi\u1eefa Maddy v\u00e0 c\u1eadu ch\u00e0ng h\u00e0ng x\u00f3m, Olly. Olly l\u00e0 c\u1eadu trai \u01b0a th\u00edch th\u1ec3 thao, ch\u1ea1y nh\u1ea3y, leo tr\u00e8o su\u1ed1t ng\u00e0y. Maddy \u0111\u00e3 b\u1ecb Olly thu h\u00fat ngay t\u1eeb \u00e1nh nh\u00ecn \u0111\u1ea7u ti\u00ean qua \u00f4 c\u1eeda s\u1ed5. Ch\u00ednh t\u1eeb kho\u1ea3nh kh\u1eafc \u1ea5y, c\u00f3 g\u00ec \u0111\u00f3 trong Maddy \u0111\u00e3 v\u00f9ng l\u00ean khi c\u00f4 mu\u1ed1n tho\u00e1t kh\u1ecfi cu\u1ed9c s\u1ed1ng bong b\u00f3ng \u0111\u00f3. Khao kh\u00e1t mu\u1ed1n \u0111\u01b0\u1ee3c s\u1ed1ng m\u1ed9t cu\u1ed9c \u0111\u1eddi t\u1ef1 do v\u00e0 l\u00e0m nh\u1eefng \u0111i\u1ec1u m\u00ecnh mu\u1ed1n.<\/p>\n<p>C\u00f3 th\u1ec3 ch\u00fang ta kh\u00f4ng th\u1ec3 d\u1ef1 \u0111o\u00e1n \u0111\u01b0\u1ee3c t\u01b0\u01a1ng lai, nh\u01b0ng ch\u00fang ta c\u00f3 th\u1ec3 d\u1ef1 tr\u01b0\u1edbc v\u00e0i \u0111i\u1ec1u. Nh\u1eefng bi\u1ebfn c\u1ed1 b\u1ea5t ng\u1edd x\u1ea3y \u0111\u1ebfn trong cu\u1ed9c \u0111\u1eddi Maddy s\u1ebd khi\u1ebfn cu\u1ed9c s\u1ed1ng c\u1ee7a c\u1ea3 hai thay \u0111\u1ed5i nh\u01b0 th\u1ebf n\u00e0o ? Li\u1ec7u t\u00ecnh y\u00eau c\u00f3 ph\u1ea3i th\u1ee9 duy nh\u1ea5t khi\u1ebfn ch\u00fang ta d\u1ec5 d\u00e0ng cho \u0111i v\u00e0 hi sinh t\u1ea5t c\u1ea3 \u0111\u1ec3 n\u1eafm l\u1ea5y.  T\u1ea5t c\u1ea3 s\u1ebd \u0111\u01b0\u1ee3c gi\u1ea3i \u0111\u00e1p m\u1ed9t c\u00e1ch ho\u00e0n to\u00e0n thuy\u1ebft ph\u1ee5c trong N\u1ebfu ch\u1ec9 c\u00f2n m\u1ed9t ng\u00e0y \u0111\u1ec3 s\u1ed1ng. N\u00f3 s\u1ebd l\u00e0m b\u1ea1n m\u1ec9m c\u01b0\u1eddi, kh\u00f3c trong s\u1ef1 x\u00fac \u0111\u1ed9ng v\u00e0 c\u1ea3m nh\u1eadn r\u00f5 r\u00e0ng h\u01a1n \u00fd ngh\u0129a v\u1ec1 m\u1ecdi th\u1ee9 di\u1ec5n ra trong cu\u1ed9c \u0111\u1eddi. \u0110\u00f3 l\u00e0 m\u1ed9t cu\u1ed1n ti\u1ec3u thuy\u1ebft  m\u1edbi m\u1ebb, truy\u1ec1n n\u0103ng l\u01b0\u1ee3ng t\u00edch c\u1ef1c \u0111\u1ebfn b\u1ea1n v\u00e0 h\u00e3y lu\u00f4n ghi nh\u1edb r\u1eb1ng \u201cCu\u1ed9c s\u1ed1ng l\u00e0 m\u1ed9t m\u00f3n qu\u00e0, \u0111\u1eebng qu\u00ean t\u1eadn h\u01b0\u1edfng n\u00f3 !\u201d<\/p>\n<p>Cu\u1ed1n s\u00e1ch gi\u00fap m\u00f9a h\u00e8 c\u1ee7a b\u1ea1n tr\u1edf n\u00ean \u0111\u1eb7c bi\u1ec7t \u00fd ngh\u0129a, c\u00f2n ch\u1ea7n ch\u1eeb g\u00ec n\u1eefa m\u00e0 kh\u00f4ng s\u1edf h\u1eefu ngay cu\u1ed1n s\u00e1ch tuy\u1ec7t v\u1eddi n\u00e0y !<\/p>\n","protected":false},"excerpt":{"rendered":"<p>\u201cN\u1ebfu ch\u1ec9 c\u00f2n m\u1ed9t ng\u00e0y \u0111\u1ec3 s\u1ed1ng\u201d t\u00ean s\u00e1ch g\u1ed1c Everything, Everything l\u00e0 cu\u1ed1n ti\u1ec3u thuy\u1ebft b\u00e1n ch\u1ea1y s\u1ed1 1 c\u1ee7a New York Times \u2013 \u0111\u1ed3ng th\u1eddi  \u0111\u01b0\u1ee3c chuy\u1ec3n th\u1ec3 th\u00e0nh phim \u0111i\u1ec7n \u1ea3nh v\u1edbi s\u1ef1 g\u00f3p m\u1eb7t c\u1ee7a hai di\u1ec5n vi\u00ean n\u1ed5i ti\u1ebfng l\u00e0 Amandla Stenberg trong vai Maddy v\u00e0 Nick Robinson trong vai Olly.  Ngay t\u1eeb khi c\u00f4ng chi\u1ebfu,  b\u1ed9 phim \u0111\u00e3 g\u00e2y b\u00e3o t\u1ea1i c\u00e1c ph\u00f2ng v\u00e9 tr\u00ean to\u00e0n th\u1ebf gi\u1edbi k\u00e9o theo c\u01a1n s\u1ed1t t\u00ecm \u0111\u1ecdc cu\u1ed1n s\u00e1ch \u0111\u1eb7c bi\u1ec7t n\u00e0y \u0111\u1ebfn t\u1eeb c\u00e1c fan y\u00eau th\u00edch b\u1ed9 phim.<\/p>\n<p>M\u1ed9t chuy\u1ec7n t\u00ecnh c\u1ea3m \u0111\u1ed9ng \u0111\u01b0\u1ee3c k\u1ec3 d\u01b0\u1edbi ng\u00f2i b\u00fat tr\u00e0n \u0111\u1ea7y nh\u1eefng x\u00fac c\u1ea3m kh\u00e1c bi\u1ec7t \u0111em \u0111\u1ebfn cho ng\u01b0\u1eddi \u0111\u1ecdc nh\u1eefng rung c\u1ea3m ch\u00e2n th\u1eadt ch\u1ea1m \u0111\u1ebfn t\u1eebng ng\u00f3c ng\u00e1ch trong tr\u00e1i tim. M\u1ed9t cu\u1ed1n s\u00e1ch \u0111\u00e3 khi\u1ebfn h\u00e0ng tri\u1ec7u \u0111\u1ed9c gi\u1ea3 ph\u1ea3i kh\u00f3c ph\u1ea3i c\u01b0\u1eddi qua t\u1eebng trang gi\u1ea5y.<\/p>\n<p> \u201cN\u1ebfu cu\u1ed9c \u0111\u1eddi l\u00e0 m\u1ed9t cu\u1ed1n s\u00e1ch th\u00ec b\u1ea1n \u0111\u1ecdc ng\u01b0\u1ee3c t\u1eeb d\u01b0\u1edbi l\u00ean c\u0169ng s\u1ebd ch\u1eb3ng c\u00f3 g\u00ec thay \u0111\u1ed5i. H\u00f4m nay ch\u1eb3ng kh\u00e1c g\u00ec h\u00f4m qua. Ng\u00e0y mai c\u0169ng gi\u1ed1ng h\u1ec7t ng\u00e0y h\u00f4m nay. Trong cu\u1ed1n s\u00e1ch v\u1ec1 cu\u1ed9c \u0111\u1eddi em, ch\u01b0\u01a1ng n\u00e0o c\u0169ng gi\u1ed1ng h\u1ec7t ch\u01b0\u01a1ng n\u00e0o, cho t\u1edbi khi anh xu\u1ea5t hi\u1ec7n.\u201d<\/p>\n<p>\u0110\u00e1nh \u0111\u1ed5i m\u1ecdi th\u1ee9&#8230; v\u00ec t\u00ecnh y\u00eau. Li\u1ec7u \u0111i\u1ec1u \u0111\u00f3 c\u00f3 ho\u00e0n to\u00e0n x\u1ee9ng \u0111\u00e1ng ?<\/p>\n<p>\u0110i\u1ec1u g\u00ec s\u1ebd x\u1ea3y ra n\u1ebfu b\u1ea1n kh\u00f4ng th\u1ec3 ch\u1ea1m v\u00e0o b\u1ea5t c\u1ee9 th\u1ee9 g\u00ec trong th\u1ebf gi\u1edbi ngo\u00e0i kia? Kh\u00f4ng bao gi\u1edd \u0111\u01b0\u1ee3c h\u00edt th\u1edf b\u1ea7u kh\u00f4ng kh\u00ed trong l\u00e0nh, c\u1ea3m nh\u1eadn \u00e1nh n\u1eafng ban ng\u00e0y l\u00e0m b\u1ecfng r\u00e1t khu\u00f4n m\u1eb7t&#8230; hay th\u1eed h\u1eb9n h\u00f2 v\u00e0 h\u00f4n l\u00ean m\u00f4i c\u1eadu ch\u00e0ng h\u00e0ng x\u00f3m? Nh\u1eefng th\u1ee9 gi\u1ea3n \u0111\u01a1n v\u00e0 \u00fd ngh\u0129a c\u1ee7a cu\u1ed9c s\u1ed1ng m\u00e0 b\u1ea5t k\u00ec ai c\u0169ng s\u1ebd ph\u1ea3i tr\u1ea3i qua.<\/p>\n<p>Trong \u201cN\u1ebfu ch\u1ec9 c\u00f2n m\u1ed9t ng\u00e0y \u0111\u1ec3 s\u1ed1ng\u201d , Maddy l\u00e0 m\u1ed9t c\u00f4 g\u00e1i m\u1eafc h\u1ed9i ch\u1ee9ng thi\u1ebfu h\u1ee5t mi\u1ec5n d\u1ecbch t\u1ed5 h\u1ee3p tr\u1ea7m tr\u1ecdng, v\u00e0 Olly l\u00e0 c\u1eadu b\u1ea1n nh\u00e0 k\u1ebf b\u00ean &#8211; c\u0169ng l\u00e0 m\u1ed1i hi\u1ec3m nguy l\u1edbn nh\u1ea5t m\u00e0 c\u00f4 t\u1eebng \u0111\u1ed1i m\u1eb7t. B\u1ec7nh c\u1ee7a Maddy n\u1ed5i ti\u1ebfng nh\u01b0 m\u1ee9c \u0111\u1ed9 hi\u1ebfm c\u00f3 c\u1ee7a n\u00f3.<\/p>\n<p>c\u00f4 c\u00f3 th\u1ec3 b\u1ecb nhi\u1ec5m b\u1ec7nh b\u1edfi b\u1ea5t c\u1ee9 nguy\u00ean t\u1ed1 n\u00e0o ngo\u00e0i tr\u1eddi. \u0110\u00f3 l\u00e0 l\u00fd do m\u00e0 c\u00f4 \u0111\u01b0\u1ee3c s\u1ed1ng trong nh\u00e0 v\u1edbi s\u1ef1 ch\u0103m s\u00f3c t\u1eadn t\u00ecnh c\u1ee7a m\u1eb9 v\u00e0 c\u00f4 y t\u00e1. Th\u1ebf nh\u01b0ng cu\u1ed9c s\u1ed1ng \u00eam \u0111\u1ec1m \u0111\u1ebfn \u0111\u1ed9 nh\u00e0m ch\u00e1n trong ng\u00f4i nh\u00e0 bong b\u00f3ng c\u1ee7a Maddy \u0111\u1ed9t ng\u1ed9t thay \u0111\u1ed5i khi c\u00f3 h\u00e0ng x\u00f3m m\u1edbi chuy\u1ec3n \u0111\u1ebfn. T\u1eebng cu\u1ed9c tr\u00f2 chuy\u1ec7n qua email tr\u1edf th\u00e0nh s\u1ee3i d\u00e2y g\u1eafn k\u1ebft nh\u1eefng rung \u0111\u1ed9ng \u0111\u1ea7u \u0111\u1eddi gi\u1eefa Maddy v\u00e0 c\u1eadu ch\u00e0ng h\u00e0ng x\u00f3m, Olly. Olly l\u00e0 c\u1eadu trai \u01b0a th\u00edch th\u1ec3 thao, ch\u1ea1y nh\u1ea3y, leo tr\u00e8o su\u1ed1t ng\u00e0y. Maddy \u0111\u00e3 b\u1ecb Olly thu h\u00fat ngay t\u1eeb \u00e1nh nh\u00ecn \u0111\u1ea7u ti\u00ean qua \u00f4 c\u1eeda s\u1ed5. Ch\u00ednh t\u1eeb kho\u1ea3nh kh\u1eafc \u1ea5y, c\u00f3 g\u00ec \u0111\u00f3 trong Maddy \u0111\u00e3 v\u00f9ng l\u00ean khi c\u00f4 mu\u1ed1n tho\u00e1t kh\u1ecfi cu\u1ed9c s\u1ed1ng bong b\u00f3ng \u0111\u00f3. Khao kh\u00e1t mu\u1ed1n \u0111\u01b0\u1ee3c s\u1ed1ng m\u1ed9t cu\u1ed9c \u0111\u1eddi t\u1ef1 do v\u00e0 l\u00e0m nh\u1eefng \u0111i\u1ec1u m\u00ecnh mu\u1ed1n.<\/p>\n<p>C\u00f3 th\u1ec3 ch\u00fang ta kh\u00f4ng th\u1ec3 d\u1ef1 \u0111o\u00e1n \u0111\u01b0\u1ee3c t\u01b0\u01a1ng lai, nh\u01b0ng ch\u00fang ta c\u00f3 th\u1ec3 d\u1ef1 tr\u01b0\u1edbc v\u00e0i \u0111i\u1ec1u. Nh\u1eefng bi\u1ebfn c\u1ed1 b\u1ea5t ng\u1edd x\u1ea3y \u0111\u1ebfn trong cu\u1ed9c \u0111\u1eddi Maddy s\u1ebd khi\u1ebfn cu\u1ed9c s\u1ed1ng c\u1ee7a c\u1ea3 hai thay \u0111\u1ed5i nh\u01b0 th\u1ebf n\u00e0o ? Li\u1ec7u t\u00ecnh y\u00eau c\u00f3 ph\u1ea3i th\u1ee9 duy nh\u1ea5t khi\u1ebfn ch\u00fang ta d\u1ec5 d\u00e0ng cho \u0111i v\u00e0 hi sinh t\u1ea5t c\u1ea3 \u0111\u1ec3 n\u1eafm l\u1ea5y.  T\u1ea5t c\u1ea3 s\u1ebd \u0111\u01b0\u1ee3c gi\u1ea3i \u0111\u00e1p m\u1ed9t c\u00e1ch ho\u00e0n to\u00e0n thuy\u1ebft ph\u1ee5c trong N\u1ebfu ch\u1ec9 c\u00f2n m\u1ed9t ng\u00e0y \u0111\u1ec3 s\u1ed1ng. N\u00f3 s\u1ebd l\u00e0m b\u1ea1n m\u1ec9m c\u01b0\u1eddi, kh\u00f3c trong s\u1ef1 x\u00fac \u0111\u1ed9ng v\u00e0 c\u1ea3m nh\u1eadn r\u00f5 r\u00e0ng h\u01a1n \u00fd ngh\u0129a v\u1ec1 m\u1ecdi th\u1ee9 di\u1ec5n ra trong cu\u1ed9c \u0111\u1eddi. \u0110\u00f3 l\u00e0 m\u1ed9t cu\u1ed1n ti\u1ec3u thuy\u1ebft  m\u1edbi m\u1ebb, truy\u1ec1n n\u0103ng l\u01b0\u1ee3ng t\u00edch c\u1ef1c \u0111\u1ebfn b\u1ea1n v\u00e0 h\u00e3y lu\u00f4n ghi nh\u1edb r\u1eb1ng \u201cCu\u1ed9c s\u1ed1ng l\u00e0 m\u1ed9t m\u00f3n qu\u00e0, \u0111\u1eebng qu\u00ean t\u1eadn h\u01b0\u1edfng n\u00f3 !\u201d<\/p>\n<p>Cu\u1ed1n s\u00e1ch gi\u00fap m\u00f9a h\u00e8 c\u1ee7a b\u1ea1n tr\u1edf n\u00ean \u0111\u1eb7c bi\u1ec7t \u00fd ngh\u0129a, c\u00f2n ch\u1ea7n ch\u1eeb g\u00ec n\u1eefa m\u00e0 kh\u00f4ng s\u1edf h\u1eefu ngay cu\u1ed1n s\u00e1ch tuy\u1ec7t v\u1eddi n\u00e0y !<\/p>\n","protected":false},"featured_media":14286,"template":"","meta":{"_acf_changed":false},"product_brand":[],"product_cat":[15,47],"product_tag":[],"class_list":{"0":"post-14296","1":"product","2":"type-product","3":"status-publish","4":"has-post-thumbnail","6":"product_cat-sach-danh-cho-nguoi-lon","7":"product_cat-truyen-ngan-tan-van","9":"first","10":"outofstock","11":"taxable","12":"shipping-taxable","13":"purchasable","14":"product-type-simple"},"supplier_id":null,"supplier_sku":"","barcode":null,"atum_controlled":true,"out_stock_date":"2021-09-02 19:42:58","out_stock_threshold":null,"inheritable":false,"inbound_stock":0,"stock_on_hold":0,"sold_today":0,"sales_last_days":0,"reserved_stock":0,"customer_returns":0,"warehouse_damage":0,"lost_in_post":0,"other_logs":0,"out_stock_days":1609,"lost_sales":0,"has_location":false,"update_date":"2026-01-28T23:10:55","atum_locations":[],"atum_stock_status":"outofstock","restock_status":false,"low_stock_amount":"","sales_update_date":"2026-01-28T23:10:55","calc_backorders":null,"acf":{"publisher":{"ID":1785,"post_author":"1","post_date":"2021-02-17 01:54:46","post_date_gmt":"2021-02-16 23:54:46","post_content":"<!-- wp:flatsome\/uxbuilder -->\n<h1 style=\"text-align: center;\"><strong>AZ VIETNAM<\/strong><\/h1>\n[row]\n\n[col span=\"8\" span__sm=\"12\"]\n\n<p>Th\u00e0nh l\u1eadp n\u0103m: 2015<br \/>V\u1ed1n \u0111\u1ea7u t\u01b0: 4,000,000,000 \u0111\u1ed3ng<br \/><strong>L\u0129nh v\u1ef1c:<\/strong><br \/>- Xu\u1ea5t b\u1ea3n v\u00e0 ph\u00e1t h\u00e0nh v\u0103n h\u00f3a ph\u1ea9m<br \/>- Cung c\u1ea5p v\u0103n h\u00f3a ph\u1ea9m, c\u00e1c s\u1ea3n ph\u1ea9m cho in \u1ea5n, trang thi\u1ebft b\u1ecb cho c\u00e1c th\u01b0 vi\u1ec7n v\u00e0 trung t\u00e2m s\u00e1ch tr\u00ean c\u1ea3 n\u01b0\u1edbc.<br \/>- Th\u1eddi trang v\u00e0 c\u00e1c s\u1ea3n ph\u1ea9m li\u00ean quan \u0111\u1ebfn l\u0129nh v\u1ef1c th\u1eddi trang<br \/>- Xu\u1ea5t nh\u1eadp kh\u1ea9u c\u00e1c s\u1ea3n ph\u1ea9m v\u0103n h\u00f3a<\/p>\n<p><strong>Quy m\u00f4:<\/strong> 60 nh\u00e2n vi\u00ean<br \/>Kh\u1edfi ngu\u1ed3n c\u1ee7a AZ Vi\u1ec7t Nam ng\u00e0y nay l\u00e0 C\u00f4ng ty TNHH Trung t\u00e2m S\u00e1ch v\u00e0 Thi\u1ebft b\u1ecb Th\u01b0 vi\u1ec7n, v\u1edbi ho\u1ea1t \u0111\u1ed9ng \u0111\u1ea7u ti\u00ean l\u00e0 cung c\u1ea5p s\u00e1ch, trang thi\u1ebft b\u1ecb, v\u0103n h\u00f3a ph\u1ea9m cho c\u00e1c th\u01b0 vi\u1ec7n v\u00e0 trung t\u00e2m s\u00e1ch tr\u00ean c\u1ea3 n\u01b0\u1edbc. T\u1eeb cu\u1ed1i n\u0103m 2010 \u0111\u1ebfn nay, ch\u00fang t\u00f4i \u0111\u00e3 kh\u00f4ng ng\u1eebng n\u1ed7 l\u1ef1c khai ph\u00e1 v\u00e0 ph\u00e1t tri\u1ec3n c\u00e1c d\u00f2ng s\u1ea3n ph\u1ea9m m\u1edbi v\u1edbi 8 th\u01b0\u01a1ng hi\u1ec7u uy t\u00edn. \u0110\u1ec3 \u0111\u00e1p \u1ee9ng nhu c\u1ea7u ph\u00e1t tri\u1ec3n ng\u00e0y m\u1ed9t l\u1edbn m\u1ea1nh v\u00e0 t\u1eadp h\u1ee3p c\u00e1c th\u01b0\u01a1ng hi\u1ec7u \u0111\u00e3 \u0111\u01b0\u1ee3c ch\u00fang t\u00f4i x\u00e2y d\u1ef1ng, 2015 C\u00f4ng ty TNHH AZ Vi\u1ec7t Nam \u0111\u00e3 ra \u0111\u1eddi v\u1edbi s\u1ee9 m\u1ec7nh mang \u0111\u1ebfn nhi\u1ec1u h\u01a1n n\u1eefa nh\u1eefng gi\u00e1 tr\u1ecb tinh th\u1ea7n, tri th\u1ee9c ti\u00ean ti\u1ebfn cho ng\u01b0\u1eddi ti\u00eau d\u00f9ng b\u1eb1ng vi\u1ec7c cung c\u1ea5p nh\u1eefng s\u1ea3n ph\u1ea9m c\u00f3 ch\u1ea5t l\u01b0\u1ee3ng.<\/p>\n\n[\/col]\n[col span=\"4\" span__sm=\"12\"]\n\n[ux_image id=\"1836\" image_size=\"medium\"]\n\n\n[\/col]\n\n[\/row]\n\n<!-- \/wp:flatsome\/uxbuilder -->","post_title":"AZ Vi\u1ec7t Nam","post_excerpt":"","post_status":"publish","comment_status":"closed","ping_status":"closed","post_password":"","post_name":"az-viet-nam","to_ping":"","pinged":"","post_modified":"2021-02-17 22:07:10","post_modified_gmt":"2021-02-17 20:07:10","post_content_filtered":"","post_parent":0,"guid":"https:\/\/sachviet.eu\/nha-phat-hanh\/az-viet-nam\/","menu_order":0,"post_type":"publisher","post_mime_type":"","comment_count":"0","filter":"raw"}},"_links":{"self":[{"href":"https:\/\/sachviet.eu\/en\/wp-json\/wp\/v2\/product\/14296","targetHints":{"allow":["GET"]}}],"collection":[{"href":"https:\/\/sachviet.eu\/en\/wp-json\/wp\/v2\/product"}],"about":[{"href":"https:\/\/sachviet.eu\/en\/wp-json\/wp\/v2\/types\/product"}],"wp:featuredmedia":[{"embeddable":true,"href":"https:\/\/sachviet.eu\/en\/wp-json\/wp\/v2\/media\/14286"}],"wp:attachment":[{"href":"https:\/\/sachviet.eu\/en\/wp-json\/wp\/v2\/media?parent=14296"}],"wp:term":[{"taxonomy":"product_brand","embeddable":true,"href":"https:\/\/sachviet.eu\/en\/wp-json\/wp\/v2\/product_brand?post=14296"},{"taxonomy":"product_cat","embeddable":true,"href":"https:\/\/sachviet.eu\/en\/wp-json\/wp\/v2\/product_cat?post=14296"},{"taxonomy":"product_tag","embeddable":true,"href":"https:\/\/sachviet.eu\/en\/wp-json\/wp\/v2\/product_tag?post=14296"}],"curies":[{"name":"wp","href":"https:\/\/api.w.org\/{rel}","templated":true}]}}