{"id":14271,"date":"2021-07-03T00:06:28","date_gmt":"2021-07-02T21:06:28","guid":{"rendered":"https:\/\/sachviet.eu\/shop\/cung-con-hoc-noi\/"},"modified":"2023-05-15T16:01:34","modified_gmt":"2023-05-15T13:01:34","slug":"cung-con-hoc-noi","status":"publish","type":"product","link":"https:\/\/sachviet.eu\/en\/shop\/cung-con-hoc-noi\/","title":{"rendered":"C\u00f9ng con h\u1ecdc n\u00f3i"},"content":{"rendered":"<p>\u201cC\u00f9ng con h\u1ecdc n\u00f3i\u201d l\u00e0 cu\u1ed1n s\u00e1ch \u0111\u01b0\u1ee3c \u0111\u00fac k\u1ebft sau nhi\u1ec1u n\u0103m nghi\u00ean c\u1ee9u v\u00e0 th\u1ef1c nghi\u1ec7m Ch\u01b0\u01a1ng tr\u00ecnh Tr\u1ebb h\u1ecdc n\u00f3i c\u1ee7a Ti\u1ebfn s\u0129 Sally Ward. Theo chuy\u00ean gia, ba n\u0103m \u0111\u1ea7u \u0111\u1eddi l\u00e0 giai \u0111o\u1ea1n then ch\u1ed1t \u0111\u1ed1i v\u1edbi s\u1ef1 ph\u00e1t tri\u1ec3n ng\u00f4n ng\u1eef v\u00e0 kh\u1ea3 n\u0103ng giao ti\u1ebfp, c\u0169ng nh\u01b0 kh\u1ea3 n\u0103ng l\u1eafng nghe v\u00e0 t\u1eadp trung s\u1ef1 ch\u00fa \u00fd c\u1ee7a tr\u1ebb. Gi\u00fap tr\u1ebb ph\u00e1t tri\u1ec3n kh\u1ea3 n\u0103ng giao ti\u1ebfp, l\u1eafng nghe v\u00e0 th\u1ea5u hi\u1ec3u ch\u00ednh l\u00e0 t\u1ea1o n\u1ec1n t\u1ea3ng cho kh\u1ea3 n\u0103ng h\u1ecdc t\u1eadp c\u1ee7a tr\u1ebb trong t\u01b0\u01a1ng lai.<\/p>\n<p>V\u1edbi 30 ph\u00fat m\u1ed7i ng\u00e0y, cha m\u1eb9 ho\u00e0n to\u00e0n c\u00f3 th\u1ec3 t\u1ea1o ra s\u1ef1 kh\u00e1c bi\u1ec7t cho cu\u1ed9c \u0111\u1eddi c\u1ee7a tr\u1ebb.  Th\u00f4ng qua Ch\u01b0\u01a1ng tr\u00ecnh Tr\u1ebb h\u1ecdc n\u00f3i, cha m\u1eb9 s\u1ebd:<\/p>\n<p>T\u1ea0O RA m\u1ed9t m\u00f4i tr\u01b0\u1eddng c\u00f3 l\u1ee3i cho s\u1ef1 ph\u00e1t tri\u1ec3n c\u1ee7a tr\u1ebb ngay t\u1ea1i nh\u00e0.<\/p>\n<p>NU\u00d4I D\u01af\u1ee0NG tr\u1ebb tr\u1edf th\u00e0nh m\u1ed9t ch\u1ee7 th\u1ec3 giao ti\u1ebfp t\u1ef1 tin.<\/p>\n<p>T\u0102NG C\u01af\u1edcNG kh\u1ea3 n\u0103ng t\u1eadp trung v\u00e0 ghi nh\u1edb th\u00f4ng tin c\u1ee7a tr\u1ebb.<\/p>\n<p>K\u00cdCH TH\u00cdCH tr\u1ebb b\u1eb1ng c\u00e1c lo\u1ea1i \u0111\u1ed3 ch\u01a1i v\u00e0 c\u00e1c cu\u1ed1n s\u00e1ch theo t\u1eebng giai \u0111o\u1ea1n.<\/p>\n<p>NH\u1eacN DI\u1ec6N c\u00e1c v\u1ea5n \u0111\u1ec1 c\u00f3 th\u1ec3 c\u1ea3n tr\u1edf s\u1ef1 ph\u00e1t tri\u1ec3n ng\u00f4n ng\u1eef c\u1ee7a tr\u1ebb.<\/p>\n<p>V\u1eacN D\u1ee4NG c\u00e1c tr\u00f2 ch\u01a1i, \u00fd t\u01b0\u1edfng v\u00e0 ng\u00f4n ng\u1eef \u0111\u1ec3 l\u00e0m gi\u00e0u tr\u00ed t\u01b0\u1edfng t\u01b0\u1ee3ng c\u1ee7a tr\u1ebb.<\/p>\n<p>Cu\u1ed1n s\u00e1ch l\u00e0 s\u1ef1 k\u1ebft h\u1ee3p nhu\u1ea7n nhuy\u1ec5n ki\u1ebfn th\u1ee9c sinh l\u00fd v\u00e0 t\u00e2m l\u00fd nhi khoa. Tr\u1ecdng t\u00e2m c\u1ee7a cu\u1ed1n s\u00e1ch l\u00e0 Ch\u01b0\u01a1ng tr\u00ecnh tr\u1ebb h\u1ecdc n\u00f3i v\u1edbi ch\u00eca kh\u00f3a th\u00e0nh c\u00f4ng l\u00e0 30 ph\u00fat m\u1ed7i ng\u00e0y, cha\/m\u1eb9 ch\u01a1i v\u1edbi con trong m\u00f4i tr\u01b0\u1eddng y\u00ean t\u0129nh kh\u00f4ng b\u1ecb gi\u00e1n \u0111o\u1ea1n hay qu\u1ea5y r\u1ea7y. Trong kho\u1ea3ng th\u1eddi gian \u0111\u00f3, cha m\u1eb9 v\u00e0 con tr\u00f2 chuy\u1ec7n v\u1edbi nhau theo ph\u01b0\u01a1ng ph\u00e1p m\u00e0 cu\u1ed1n s\u00e1ch \u0111\u01b0a ra, hi\u1ec7u qu\u1ea3 s\u1ebd ph\u00e1t huy nhanh ch\u00f3ng.<\/p>\n<p>Cu\u1ed1n s\u00e1ch n\u00e0y l\u00e0 ngu\u1ed3n t\u00e0i li\u1ec7u \u0111\u1ee7 t\u00ednh l\u00fd thuy\u1ebft, cung c\u1ea5p n\u1ec1n t\u1ea3ng khoa h\u1ecdc \u0111\u1ed3ng th\u1eddi c\u00f3 nh\u1eefng g\u1ee3i \u00fd b\u00e0i t\u1eadp th\u1ef1c h\u00e0nh c\u1ee5 th\u1ec3 cho \u0111\u1ed9c gi\u1ea3. \u0110\u00e2y l\u00e0 ngu\u1ed3n tham kh\u1ea3o t\u1ed1t cho c\u00e1c t\u1ed5 ch\u1ee9c nghi\u00ean c\u1ee9u, \u0111\u01a1n v\u1ecb tr\u1ecb li\u1ec7u \u0111\u1ed3ng th\u1eddi c\u0169ng l\u00e0 cu\u1ed1n s\u00e1ch g\u1ed1i \u0111\u1ea7u gi\u01b0\u1eddng cho c\u00e1c b\u1eadc cha m\u1eb9, nh\u1eefng ng\u01b0\u1eddi c\u00f3 th\u1ec3 \u00edt c\u00f3 \u0111i\u1ec1u ki\u1ec7n nghi\u00ean c\u1ee9u h\u1ecdc thu\u1eadt nh\u01b0ng c\u00f3 th\u1eddi gian v\u00e0 hi\u1ec3u bi\u1ebft r\u00f5 nh\u1ea5t v\u1ec1 ho\u00e0n c\u1ea3nh c\u0169ng nh\u01b0 t\u00ednh c\u00e1ch c\u1ee7a con m\u00ecnh.<\/p>\n","protected":false},"excerpt":{"rendered":"<p>\u201cC\u00f9ng con h\u1ecdc n\u00f3i\u201d l\u00e0 cu\u1ed1n s\u00e1ch \u0111\u01b0\u1ee3c \u0111\u00fac k\u1ebft sau nhi\u1ec1u n\u0103m nghi\u00ean c\u1ee9u v\u00e0 th\u1ef1c nghi\u1ec7m Ch\u01b0\u01a1ng tr\u00ecnh Tr\u1ebb h\u1ecdc n\u00f3i c\u1ee7a Ti\u1ebfn s\u0129 Sally Ward. Theo chuy\u00ean gia, ba n\u0103m \u0111\u1ea7u \u0111\u1eddi l\u00e0 giai \u0111o\u1ea1n then ch\u1ed1t \u0111\u1ed1i v\u1edbi s\u1ef1 ph\u00e1t tri\u1ec3n ng\u00f4n ng\u1eef v\u00e0 kh\u1ea3 n\u0103ng giao ti\u1ebfp, c\u0169ng nh\u01b0 kh\u1ea3 n\u0103ng l\u1eafng nghe v\u00e0 t\u1eadp trung s\u1ef1 ch\u00fa \u00fd c\u1ee7a tr\u1ebb. Gi\u00fap tr\u1ebb ph\u00e1t tri\u1ec3n kh\u1ea3 n\u0103ng giao ti\u1ebfp, l\u1eafng nghe v\u00e0 th\u1ea5u hi\u1ec3u ch\u00ednh l\u00e0 t\u1ea1o n\u1ec1n t\u1ea3ng cho kh\u1ea3 n\u0103ng h\u1ecdc t\u1eadp c\u1ee7a tr\u1ebb trong t\u01b0\u01a1ng lai.<\/p>\n<p>V\u1edbi 30 ph\u00fat m\u1ed7i ng\u00e0y, cha m\u1eb9 ho\u00e0n to\u00e0n c\u00f3 th\u1ec3 t\u1ea1o ra s\u1ef1 kh\u00e1c bi\u1ec7t cho cu\u1ed9c \u0111\u1eddi c\u1ee7a tr\u1ebb.  Th\u00f4ng qua Ch\u01b0\u01a1ng tr\u00ecnh Tr\u1ebb h\u1ecdc n\u00f3i, cha m\u1eb9 s\u1ebd:<\/p>\n<p>T\u1ea0O RA m\u1ed9t m\u00f4i tr\u01b0\u1eddng c\u00f3 l\u1ee3i cho s\u1ef1 ph\u00e1t tri\u1ec3n c\u1ee7a tr\u1ebb ngay t\u1ea1i nh\u00e0.<\/p>\n<p>NU\u00d4I D\u01af\u1ee0NG tr\u1ebb tr\u1edf th\u00e0nh m\u1ed9t ch\u1ee7 th\u1ec3 giao ti\u1ebfp t\u1ef1 tin.<\/p>\n<p>T\u0102NG C\u01af\u1edcNG kh\u1ea3 n\u0103ng t\u1eadp trung v\u00e0 ghi nh\u1edb th\u00f4ng tin c\u1ee7a tr\u1ebb.<\/p>\n<p>K\u00cdCH TH\u00cdCH tr\u1ebb b\u1eb1ng c\u00e1c lo\u1ea1i \u0111\u1ed3 ch\u01a1i v\u00e0 c\u00e1c cu\u1ed1n s\u00e1ch theo t\u1eebng giai \u0111o\u1ea1n.<\/p>\n<p>NH\u1eacN DI\u1ec6N c\u00e1c v\u1ea5n \u0111\u1ec1 c\u00f3 th\u1ec3 c\u1ea3n tr\u1edf s\u1ef1 ph\u00e1t tri\u1ec3n ng\u00f4n ng\u1eef c\u1ee7a tr\u1ebb.<\/p>\n<p>V\u1eacN D\u1ee4NG c\u00e1c tr\u00f2 ch\u01a1i, \u00fd t\u01b0\u1edfng v\u00e0 ng\u00f4n ng\u1eef \u0111\u1ec3 l\u00e0m gi\u00e0u tr\u00ed t\u01b0\u1edfng t\u01b0\u1ee3ng c\u1ee7a tr\u1ebb.<\/p>\n<p>Cu\u1ed1n s\u00e1ch l\u00e0 s\u1ef1 k\u1ebft h\u1ee3p nhu\u1ea7n nhuy\u1ec5n ki\u1ebfn th\u1ee9c sinh l\u00fd v\u00e0 t\u00e2m l\u00fd nhi khoa. Tr\u1ecdng t\u00e2m c\u1ee7a cu\u1ed1n s\u00e1ch l\u00e0 Ch\u01b0\u01a1ng tr\u00ecnh tr\u1ebb h\u1ecdc n\u00f3i v\u1edbi ch\u00eca kh\u00f3a th\u00e0nh c\u00f4ng l\u00e0 30 ph\u00fat m\u1ed7i ng\u00e0y, cha\/m\u1eb9 ch\u01a1i v\u1edbi con trong m\u00f4i tr\u01b0\u1eddng y\u00ean t\u0129nh kh\u00f4ng b\u1ecb gi\u00e1n \u0111o\u1ea1n hay qu\u1ea5y r\u1ea7y. Trong kho\u1ea3ng th\u1eddi gian \u0111\u00f3, cha m\u1eb9 v\u00e0 con tr\u00f2 chuy\u1ec7n v\u1edbi nhau theo ph\u01b0\u01a1ng ph\u00e1p m\u00e0 cu\u1ed1n s\u00e1ch \u0111\u01b0a ra, hi\u1ec7u qu\u1ea3 s\u1ebd ph\u00e1t huy nhanh ch\u00f3ng.<\/p>\n<p>Cu\u1ed1n s\u00e1ch n\u00e0y l\u00e0 ngu\u1ed3n t\u00e0i li\u1ec7u \u0111\u1ee7 t\u00ednh l\u00fd thuy\u1ebft, cung c\u1ea5p n\u1ec1n t\u1ea3ng khoa h\u1ecdc \u0111\u1ed3ng th\u1eddi c\u00f3 nh\u1eefng g\u1ee3i \u00fd b\u00e0i t\u1eadp th\u1ef1c h\u00e0nh c\u1ee5 th\u1ec3 cho \u0111\u1ed9c gi\u1ea3. \u0110\u00e2y l\u00e0 ngu\u1ed3n tham kh\u1ea3o t\u1ed1t cho c\u00e1c t\u1ed5 ch\u1ee9c nghi\u00ean c\u1ee9u, \u0111\u01a1n v\u1ecb tr\u1ecb li\u1ec7u \u0111\u1ed3ng th\u1eddi c\u0169ng l\u00e0 cu\u1ed1n s\u00e1ch g\u1ed1i \u0111\u1ea7u gi\u01b0\u1eddng cho c\u00e1c b\u1eadc cha m\u1eb9, nh\u1eefng ng\u01b0\u1eddi c\u00f3 th\u1ec3 \u00edt c\u00f3 \u0111i\u1ec1u ki\u1ec7n nghi\u00ean c\u1ee9u h\u1ecdc thu\u1eadt nh\u01b0ng c\u00f3 th\u1eddi gian v\u00e0 hi\u1ec3u bi\u1ebft r\u00f5 nh\u1ea5t v\u1ec1 ho\u00e0n c\u1ea3nh c\u0169ng nh\u01b0 t\u00ednh c\u00e1ch c\u1ee7a con m\u00ecnh.<\/p>\n","protected":false},"featured_media":14260,"template":"","meta":{"_acf_changed":false},"product_brand":[],"product_cat":[19],"product_tag":[],"class_list":{"0":"post-14271","1":"product","2":"type-product","3":"status-publish","4":"has-post-thumbnail","6":"product_cat-nuoi-day-con","8":"first","9":"outofstock","10":"taxable","11":"shipping-taxable","12":"purchasable","13":"product-type-simple"},"supplier_id":null,"supplier_sku":"","barcode":null,"atum_controlled":true,"out_stock_date":"2023-05-15 13:01:34","out_stock_threshold":null,"inheritable":false,"inbound_stock":0,"stock_on_hold":0,"sold_today":0,"sales_last_days":0,"reserved_stock":0,"customer_returns":0,"warehouse_damage":0,"lost_in_post":0,"other_logs":0,"out_stock_days":989,"lost_sales":0,"has_location":false,"update_date":"2026-01-28T23:10:55","atum_locations":[],"atum_stock_status":"outofstock","restock_status":false,"low_stock_amount":"","sales_update_date":"2026-01-28T23:10:55","calc_backorders":null,"acf":{"publisher":{"ID":14259,"post_author":"1","post_date":"2021-07-03 00:05:55","post_date_gmt":"2021-07-02 21:05:55","post_content":"","post_title":"Quang Van Books","post_excerpt":"","post_status":"publish","comment_status":"closed","ping_status":"closed","post_password":"","post_name":"quang-van-books","to_ping":"","pinged":"","post_modified":"2021-07-03 00:05:55","post_modified_gmt":"2021-07-02 21:05:55","post_content_filtered":"","post_parent":0,"guid":"https:\/\/sachviet.eu\/nha-phat-hanh\/quang-van-books\/","menu_order":0,"post_type":"publisher","post_mime_type":"","comment_count":"0","filter":"raw"}},"_links":{"self":[{"href":"https:\/\/sachviet.eu\/en\/wp-json\/wp\/v2\/product\/14271","targetHints":{"allow":["GET"]}}],"collection":[{"href":"https:\/\/sachviet.eu\/en\/wp-json\/wp\/v2\/product"}],"about":[{"href":"https:\/\/sachviet.eu\/en\/wp-json\/wp\/v2\/types\/product"}],"wp:featuredmedia":[{"embeddable":true,"href":"https:\/\/sachviet.eu\/en\/wp-json\/wp\/v2\/media\/14260"}],"wp:attachment":[{"href":"https:\/\/sachviet.eu\/en\/wp-json\/wp\/v2\/media?parent=14271"}],"wp:term":[{"taxonomy":"product_brand","embeddable":true,"href":"https:\/\/sachviet.eu\/en\/wp-json\/wp\/v2\/product_brand?post=14271"},{"taxonomy":"product_cat","embeddable":true,"href":"https:\/\/sachviet.eu\/en\/wp-json\/wp\/v2\/product_cat?post=14271"},{"taxonomy":"product_tag","embeddable":true,"href":"https:\/\/sachviet.eu\/en\/wp-json\/wp\/v2\/product_tag?post=14271"}],"curies":[{"name":"wp","href":"https:\/\/api.w.org\/{rel}","templated":true}]}}