{"id":14255,"date":"2021-07-03T00:05:46","date_gmt":"2021-07-02T21:05:46","guid":{"rendered":"https:\/\/sachviet.eu\/shop\/an-dam-kieu-nhat-tai-ban-2018\/"},"modified":"2022-12-19T18:35:53","modified_gmt":"2022-12-19T16:35:53","slug":"an-dam-kieu-nhat-tai-ban-2018","status":"publish","type":"product","link":"https:\/\/sachviet.eu\/en\/shop\/an-dam-kieu-nhat-tai-ban-2018\/","title":{"rendered":"\u0102n D\u1eb7m Ki\u1ec3u Nh\u1eadt (T\u00e1i B\u1ea3n 2018)"},"content":{"rendered":"<p>B\u1ea1n \u0111\u00e3 l\u00e0m cha m\u1eb9. V\u00e0 b\u1ea1n c\u00f3 l\u00fang t\u00fang v\u1edbi b\u01b0\u1edbc \u0111\u1ea7u cho b\u00e9 y\u00eau \u0103n d\u1eb7m?<\/p>\n<p>Giai \u0111o\u1ea1n \u0103n d\u1eb7m c\u00f3 vai tr\u00f2 l\u00e0 giai \u0111o\u1ea1n chu\u1ea9n b\u1ecb \u0111\u1ec3 tr\u1ebb chuy\u1ec3n t\u1eeb b\u00fa m\u1eb9, u\u1ed1ng s\u1eefa ngo\u00e0i sang \u201cnhai n\u00e1t v\u00e0 nu\u1ed1t\u201d. \u0110i\u1ec1u quan tr\u1ecdng c\u1ee7a giai \u0111o\u1ea1n n\u00e0y kh\u00f4ng ch\u1ec9 l\u00e0 cho tr\u1ebb \u0103n v\u00e0 theo d\u00f5i \u0111\u1ea3m b\u1ea3o s\u1ef1 ph\u00e1t tri\u1ec3n c\u1ee7a tr\u1ebb m\u00e0 c\u00f2n ph\u1ea3i theo d\u00f5i ch\u1ee9c n\u0103ng \u0103n v\u00e0 l\u00f4i k\u00e9o h\u1ee3p l\u00fd s\u1ef1 ham th\u00edch \u0103n c\u1ee7a tr\u1ebb, l\u00e0m cho tr\u1ebb t\u1ef1 l\u1eadp. \u0110\u1ec3 l\u00e0m \u0111\u01b0\u1ee3c nh\u1eefng vi\u1ec7c \u0111\u00f3, th\u1ed1ng nh\u1ea5t quan \u0111i\u1ec3m l\u00e0 r\u1ea5t quan tr\u1ecdng, ph\u1ea3i th\u1ed1ng nh\u1ea5t v\u1ec1 vi\u1ec7c l\u1ef1a ch\u1ecdn th\u1ef1c ph\u1ea9m, l\u01b0\u1ee3ng \u0103n, c\u00e1ch \u0103n, nh\u1eefng ng\u01b0\u1eddi l\u1edbn xung quanh gi\u00fap \u0111\u1ee1 nh\u01b0 th\u1ebf n\u00e0o. Tuy nhi\u00ean vi\u1ec7c \u0103n d\u1eb7m l\u00e0 vi\u1ec7c h\u00e0ng ng\u00e0y. B\u1ea1n c\u00f3 \u0111ang b\u0103n kho\u0103n tr\u0103n tr\u1edf n\u00ean cho tr\u1ebb \u0103n g\u00ec, \u0103n bao nhi\u00eau, \u0103n nh\u01b0 th\u1ebf n\u00e0o kh\u00f4ng. Trong giai \u0111o\u1ea1n l\u1ea7n \u0111\u1ea7u ti\u00ean b\u00e9 ti\u1ebfp x\u00fac v\u1edbi th\u1ee9c \u0103n, n\u1ebfu m\u1ecdi ng\u01b0\u1eddi xung quanh b\u00e9 qu\u00e1 nh\u1ea1y c\u1ea3m, lo l\u1eafng v\u1ec1 b\u1eefa \u0103n d\u1eb7m c\u1ee7a tr\u1ebb, lo l\u1eafng \u0111\u00f3 s\u1ebd truy\u1ec1n sang b\u00e9 v\u00e0 th\u01b0\u1eddng l\u00e0m m\u1ea5t \u0111i kh\u00f4ng kh\u00ed c\u1ee7a b\u1eefa \u0103n v\u1ed1n d\u0129 l\u00e0 vui v\u1ebb.<\/p>\n<p>Ch\u00ednh v\u00ec th\u1ebf, \u0111\u00fang nh\u01b0 ti\u00eau \u0111\u1ec1 c\u1ee7a cu\u1ed1n s\u00e1ch, t\u00f4i gi\u1edbi thi\u1ec7u nh\u1eefng c\u00f4ng th\u1ee9c n\u1ea5u \u0103n \u0111\u01a1n gi\u1ea3n m\u00e0 ai c\u0169ng c\u00f3 th\u1ec3 l\u00e0m \u0111\u01b0\u1ee3c trong th\u1eddi gian ng\u1eafn b\u1edfi n\u00f3 \u201c\u0111\u01a1n gi\u1ea3n\u201d, \u201cd\u1ec5 l\u00e0m\u201d v\u00e0 nh\u1eefng c\u00f4ng th\u1ee9c n\u1ea5u \u0103n phong ph\u00fa s\u00e1ng t\u1ea1o v\u00ed d\u1ee5 nh\u01b0 chia t\u1eeb th\u1ee9c \u0103n c\u1ee7a ng\u01b0\u1eddi l\u1edbn, th\u1ef1c \u0111\u01a1n s\u1eed d\u1ee5ng baby food \u2026 Ngo\u00e0i ra c\u00f2n n\u00f3i r\u1ea5t c\u1ea9n th\u1eadn v\u1ec1 nh\u1eefng th\u1ef1c ph\u1ea9m c\u1ea7n ph\u1ea3i c\u00e2n nh\u1eafc khi tr\u1ebb b\u1ecb \u1ed1m, d\u1ecb \u1ee9ng th\u1ef1c ph\u1ea9m. H\u01a1n n\u1eefa, cu\u1ed1n s\u00e1ch c\u0169ng c\u00f3 c\u1ea3 nh\u1eefng c\u00f4ng th\u1ee9c n\u1ea5u \u0103n khi b\u1ecb d\u1ecb \u1ee9ng \u0111\u1ec3 b\u1eefa \u0103n d\u1eb7m kh\u00f4ng tr\u1edf n\u00ean nh\u00e0m ch\u00e1n.<\/p>\n<p>Ngo\u00e0i ra, ch\u1eafc h\u1eb3n theo t\u1eebng l\u1ee9a tu\u1ed5i, c\u00e1c b\u1ea1n c\u0169ng nhi\u1ec1u \u0111i\u1ec1u nghi ho\u1eb7c nh\u01b0 \u201ccon t\u00f4i t\u1ecf ra th\u00edch kh\u00f4ng th\u00edch nhi\u1ec1u th\u1ee9, li\u1ec7u c\u00f3 v\u1ea5n \u0111\u1ec1 g\u00ec kh\u00f4ng\u201d, \u201cn\u00ean c\u00e2n b\u1eb1ng s\u1eefa m\u1eb9 v\u00e0 \u0103n d\u1eb7m nh\u01b0 th\u1ebf n\u00e0o\u201d??? Cu\u1ed1n s\u00e1ch n\u00e0y c\u0169ng \u0111\u00e3 chu\u1ea9n b\u1ecb nh\u1eefng c\u00e2u tr\u1ea3 l\u1eddi d\u1ec5 hi\u1ec3u cho nh\u1eefng c\u00e2u h\u1ecfi nh\u01b0 v\u1eady \u1edf ph\u1ea7n Q&amp;A. N\u1ebfu \u0111\u1ecdc ph\u1ea7n \u0111\u00f3 b\u1ea1n s\u1ebd d\u1ec5 d\u00e0ng hi\u1ec3u \u0111\u01b0\u1ee3c t\u1eeb b\u00e2y gi\u1edd n\u00ean l\u00e0m c\u00e1i g\u00ec, nh\u01b0 th\u1ebf n\u00e0o v\u00e0 b\u1ea1n c\u00f3 th\u1ec3 \u0111\u1ed1i di\u1ec7n v\u1edbi tr\u1ebb b\u1eb1ng s\u1ef1 r\u1ed9ng l\u01b0\u1ee3ng bao dung c\u1ee7a m\u00ecnh.<\/p>\n<p>H\u00e3y ti\u1ebfp x\u00fac v\u1edbi tr\u1ebb b\u1eb1ng t\u1ea5m l\u00f2ng bao dung, r\u1ed9ng m\u1edf v\u00e0 chia s\u1ebb c\u00f9ng tr\u1ebb b\u1eefa \u0103n d\u1eb7m vui v\u1ebb. Mong r\u1eb1ng cu\u1ed1n s\u00e1ch n\u00e0y s\u1ebd tr\u1edf th\u00e0nh c\u1ea9m nang gi\u00fap b\u1ea1n chia s\u1ebb th\u1eddi gian \u0103n d\u1eb7m vui v\u1ebb c\u00f9ng v\u1edbi tr\u1ebb.<\/p>\n","protected":false},"excerpt":{"rendered":"<p>B\u1ea1n \u0111\u00e3 l\u00e0m cha m\u1eb9. V\u00e0 b\u1ea1n c\u00f3 l\u00fang t\u00fang v\u1edbi b\u01b0\u1edbc \u0111\u1ea7u cho b\u00e9 y\u00eau \u0103n d\u1eb7m?<\/p>\n<p>Giai \u0111o\u1ea1n \u0103n d\u1eb7m c\u00f3 vai tr\u00f2 l\u00e0 giai \u0111o\u1ea1n chu\u1ea9n b\u1ecb \u0111\u1ec3 tr\u1ebb chuy\u1ec3n t\u1eeb b\u00fa m\u1eb9, u\u1ed1ng s\u1eefa ngo\u00e0i sang \u201cnhai n\u00e1t v\u00e0 nu\u1ed1t\u201d. \u0110i\u1ec1u quan tr\u1ecdng c\u1ee7a giai \u0111o\u1ea1n n\u00e0y kh\u00f4ng ch\u1ec9 l\u00e0 cho tr\u1ebb \u0103n v\u00e0 theo d\u00f5i \u0111\u1ea3m b\u1ea3o s\u1ef1 ph\u00e1t tri\u1ec3n c\u1ee7a tr\u1ebb m\u00e0 c\u00f2n ph\u1ea3i theo d\u00f5i ch\u1ee9c n\u0103ng \u0103n v\u00e0 l\u00f4i k\u00e9o h\u1ee3p l\u00fd s\u1ef1 ham th\u00edch \u0103n c\u1ee7a tr\u1ebb, l\u00e0m cho tr\u1ebb t\u1ef1 l\u1eadp. \u0110\u1ec3 l\u00e0m \u0111\u01b0\u1ee3c nh\u1eefng vi\u1ec7c \u0111\u00f3, th\u1ed1ng nh\u1ea5t quan \u0111i\u1ec3m l\u00e0 r\u1ea5t quan tr\u1ecdng, ph\u1ea3i th\u1ed1ng nh\u1ea5t v\u1ec1 vi\u1ec7c l\u1ef1a ch\u1ecdn th\u1ef1c ph\u1ea9m, l\u01b0\u1ee3ng \u0103n, c\u00e1ch \u0103n, nh\u1eefng ng\u01b0\u1eddi l\u1edbn xung quanh gi\u00fap \u0111\u1ee1 nh\u01b0 th\u1ebf n\u00e0o. Tuy nhi\u00ean vi\u1ec7c \u0103n d\u1eb7m l\u00e0 vi\u1ec7c h\u00e0ng ng\u00e0y. B\u1ea1n c\u00f3 \u0111ang b\u0103n kho\u0103n tr\u0103n tr\u1edf n\u00ean cho tr\u1ebb \u0103n g\u00ec, \u0103n bao nhi\u00eau, \u0103n nh\u01b0 th\u1ebf n\u00e0o kh\u00f4ng. Trong giai \u0111o\u1ea1n l\u1ea7n \u0111\u1ea7u ti\u00ean b\u00e9 ti\u1ebfp x\u00fac v\u1edbi th\u1ee9c \u0103n, n\u1ebfu m\u1ecdi ng\u01b0\u1eddi xung quanh b\u00e9 qu\u00e1 nh\u1ea1y c\u1ea3m, lo l\u1eafng v\u1ec1 b\u1eefa \u0103n d\u1eb7m c\u1ee7a tr\u1ebb, lo l\u1eafng \u0111\u00f3 s\u1ebd truy\u1ec1n sang b\u00e9 v\u00e0 th\u01b0\u1eddng l\u00e0m m\u1ea5t \u0111i kh\u00f4ng kh\u00ed c\u1ee7a b\u1eefa \u0103n v\u1ed1n d\u0129 l\u00e0 vui v\u1ebb.<\/p>\n<p>Ch\u00ednh v\u00ec th\u1ebf, \u0111\u00fang nh\u01b0 ti\u00eau \u0111\u1ec1 c\u1ee7a cu\u1ed1n s\u00e1ch, t\u00f4i gi\u1edbi thi\u1ec7u nh\u1eefng c\u00f4ng th\u1ee9c n\u1ea5u \u0103n \u0111\u01a1n gi\u1ea3n m\u00e0 ai c\u0169ng c\u00f3 th\u1ec3 l\u00e0m \u0111\u01b0\u1ee3c trong th\u1eddi gian ng\u1eafn b\u1edfi n\u00f3 \u201c\u0111\u01a1n gi\u1ea3n\u201d, \u201cd\u1ec5 l\u00e0m\u201d v\u00e0 nh\u1eefng c\u00f4ng th\u1ee9c n\u1ea5u \u0103n phong ph\u00fa s\u00e1ng t\u1ea1o v\u00ed d\u1ee5 nh\u01b0 chia t\u1eeb th\u1ee9c \u0103n c\u1ee7a ng\u01b0\u1eddi l\u1edbn, th\u1ef1c \u0111\u01a1n s\u1eed d\u1ee5ng baby food \u2026 Ngo\u00e0i ra c\u00f2n n\u00f3i r\u1ea5t c\u1ea9n th\u1eadn v\u1ec1 nh\u1eefng th\u1ef1c ph\u1ea9m c\u1ea7n ph\u1ea3i c\u00e2n nh\u1eafc khi tr\u1ebb b\u1ecb \u1ed1m, d\u1ecb \u1ee9ng th\u1ef1c ph\u1ea9m. H\u01a1n n\u1eefa, cu\u1ed1n s\u00e1ch c\u0169ng c\u00f3 c\u1ea3 nh\u1eefng c\u00f4ng th\u1ee9c n\u1ea5u \u0103n khi b\u1ecb d\u1ecb \u1ee9ng \u0111\u1ec3 b\u1eefa \u0103n d\u1eb7m kh\u00f4ng tr\u1edf n\u00ean nh\u00e0m ch\u00e1n.<\/p>\n<p>Ngo\u00e0i ra, ch\u1eafc h\u1eb3n theo t\u1eebng l\u1ee9a tu\u1ed5i, c\u00e1c b\u1ea1n c\u0169ng nhi\u1ec1u \u0111i\u1ec1u nghi ho\u1eb7c nh\u01b0 \u201ccon t\u00f4i t\u1ecf ra th\u00edch kh\u00f4ng th\u00edch nhi\u1ec1u th\u1ee9, li\u1ec7u c\u00f3 v\u1ea5n \u0111\u1ec1 g\u00ec kh\u00f4ng\u201d, \u201cn\u00ean c\u00e2n b\u1eb1ng s\u1eefa m\u1eb9 v\u00e0 \u0103n d\u1eb7m nh\u01b0 th\u1ebf n\u00e0o\u201d??? Cu\u1ed1n s\u00e1ch n\u00e0y c\u0169ng \u0111\u00e3 chu\u1ea9n b\u1ecb nh\u1eefng c\u00e2u tr\u1ea3 l\u1eddi d\u1ec5 hi\u1ec3u cho nh\u1eefng c\u00e2u h\u1ecfi nh\u01b0 v\u1eady \u1edf ph\u1ea7n Q&amp;A. N\u1ebfu \u0111\u1ecdc ph\u1ea7n \u0111\u00f3 b\u1ea1n s\u1ebd d\u1ec5 d\u00e0ng hi\u1ec3u \u0111\u01b0\u1ee3c t\u1eeb b\u00e2y gi\u1edd n\u00ean l\u00e0m c\u00e1i g\u00ec, nh\u01b0 th\u1ebf n\u00e0o v\u00e0 b\u1ea1n c\u00f3 th\u1ec3 \u0111\u1ed1i di\u1ec7n v\u1edbi tr\u1ebb b\u1eb1ng s\u1ef1 r\u1ed9ng l\u01b0\u1ee3ng bao dung c\u1ee7a m\u00ecnh.<\/p>\n<p>H\u00e3y ti\u1ebfp x\u00fac v\u1edbi tr\u1ebb b\u1eb1ng t\u1ea5m l\u00f2ng bao dung, r\u1ed9ng m\u1edf v\u00e0 chia s\u1ebb c\u00f9ng tr\u1ebb b\u1eefa \u0103n d\u1eb7m vui v\u1ebb. Mong r\u1eb1ng cu\u1ed1n s\u00e1ch n\u00e0y s\u1ebd tr\u1edf th\u00e0nh c\u1ea9m nang gi\u00fap b\u1ea1n chia s\u1ebb th\u1eddi gian \u0103n d\u1eb7m vui v\u1ebb c\u00f9ng v\u1edbi tr\u1ebb.<\/p>\n","protected":false},"featured_media":14246,"template":"","meta":{"_acf_changed":false},"product_brand":[],"product_cat":[19],"product_tag":[81],"class_list":{"0":"post-14255","1":"product","2":"type-product","3":"status-publish","4":"has-post-thumbnail","6":"product_cat-nuoi-day-con","7":"product_tag-sach-gia-uu-dai","9":"first","10":"outofstock","11":"sale","12":"taxable","13":"shipping-taxable","14":"purchasable","15":"product-type-simple"},"supplier_id":null,"supplier_sku":"","barcode":null,"atum_controlled":true,"out_stock_date":"2022-08-26 15:51:20","out_stock_threshold":null,"inheritable":false,"inbound_stock":0,"stock_on_hold":0,"sold_today":0,"sales_last_days":0,"reserved_stock":0,"customer_returns":0,"warehouse_damage":0,"lost_in_post":0,"other_logs":0,"out_stock_days":1251,"lost_sales":0,"has_location":false,"update_date":"2026-01-28T23:10:55","atum_locations":[],"atum_stock_status":"outofstock","restock_status":false,"low_stock_amount":"","sales_update_date":"2026-01-28T23:10:55","calc_backorders":null,"acf":{"publisher":{"ID":1474,"post_author":"1","post_date":"2021-02-17 01:12:51","post_date_gmt":"2021-02-16 23:12:51","post_content":"","post_title":"Th\u00e1i H\u00e0","post_excerpt":"","post_status":"publish","comment_status":"closed","ping_status":"closed","post_password":"","post_name":"thai-ha","to_ping":"","pinged":"","post_modified":"2021-02-17 01:12:51","post_modified_gmt":"2021-02-16 23:12:51","post_content_filtered":"","post_parent":0,"guid":"https:\/\/sachviet.eu\/nha-phat-hanh\/thai-ha\/","menu_order":0,"post_type":"publisher","post_mime_type":"","comment_count":"0","filter":"raw"}},"_links":{"self":[{"href":"https:\/\/sachviet.eu\/en\/wp-json\/wp\/v2\/product\/14255","targetHints":{"allow":["GET"]}}],"collection":[{"href":"https:\/\/sachviet.eu\/en\/wp-json\/wp\/v2\/product"}],"about":[{"href":"https:\/\/sachviet.eu\/en\/wp-json\/wp\/v2\/types\/product"}],"wp:featuredmedia":[{"embeddable":true,"href":"https:\/\/sachviet.eu\/en\/wp-json\/wp\/v2\/media\/14246"}],"wp:attachment":[{"href":"https:\/\/sachviet.eu\/en\/wp-json\/wp\/v2\/media?parent=14255"}],"wp:term":[{"taxonomy":"product_brand","embeddable":true,"href":"https:\/\/sachviet.eu\/en\/wp-json\/wp\/v2\/product_brand?post=14255"},{"taxonomy":"product_cat","embeddable":true,"href":"https:\/\/sachviet.eu\/en\/wp-json\/wp\/v2\/product_cat?post=14255"},{"taxonomy":"product_tag","embeddable":true,"href":"https:\/\/sachviet.eu\/en\/wp-json\/wp\/v2\/product_tag?post=14255"}],"curies":[{"name":"wp","href":"https:\/\/api.w.org\/{rel}","templated":true}]}}