{"id":14245,"date":"2021-07-03T00:05:05","date_gmt":"2021-07-02T21:05:05","guid":{"rendered":"https:\/\/sachviet.eu\/shop\/phuong-phap-giao-duc-som-montessori-cho-tre-tu-0-3-tuoi\/"},"modified":"2025-03-01T16:34:05","modified_gmt":"2025-03-01T14:34:05","slug":"phuong-phap-giao-duc-som-montessori-cho-tre-tu-0-3-tuoi","status":"publish","type":"product","link":"https:\/\/sachviet.eu\/en\/shop\/phuong-phap-giao-duc-som-montessori-cho-tre-tu-0-3-tuoi\/","title":{"rendered":"Ph\u01b0\u01a1ng Ph\u00e1p Gi\u00e1o D\u1ee5c S\u1edbm Montessori Cho Tr\u1ebb T\u1eeb 0 \u2013 3 Tu\u1ed5i"},"content":{"rendered":"<p>B\u1ea1n \u0111ang c\u00f3 con \u1edf \u0111\u1ed9 tu\u1ed5i 0-3? \u0110\u00e3 bao gi\u1edd b\u1ea1n c\u1ea3m th\u1ea5y b\u1ebf t\u1eafc khi b\u1ea1n n\u00f3i con kh\u00f4ng nghe v\u00e0 b\u1ea1n kh\u00f4ng mu\u1ed1n nghe con n\u00f3i? N\u1ebfu b\u1ea1n g\u1eb7p ph\u1ea3i r\u1eafc r\u1ed1i nh\u01b0 v\u1eady th\u00ec \u0111\u00e2y ch\u00ednh l\u00e0 cu\u1ed1n s\u00e1ch d\u00e0nh cho b\u1ea1n.<\/p>\n<p>\u201cPh\u01b0\u01a1ng ph\u00e1p gi\u00e1o d\u1ee5c s\u1edbm Montessori cho tr\u1ebb t\u1eeb 0-3 tu\u1ed5i\u201d s\u1ebd cung c\u1ea5p cho b\u1ea1n nh\u1eefng ki\u1ebfn th\u1ee9c v\u1ec1 t\u00e2m sinh l\u00fd c\u1ee7a tr\u1ebb trong giai \u0111o\u1ea1n n\u00e0y, g\u00f3p ph\u1ea7n th\u00e1o g\u1ee1 nh\u1eefng b\u0103n kho\u0103n, lo l\u1eafng c\u1ee7a b\u1ea1n. \u0110\u1ecdc cu\u1ed1n s\u00e1ch, b\u1ea1n s\u1ebd bi\u1ebft \u0111\u01b0\u1ee3c c\u00e1ch quan s\u00e1t tr\u1ebb v\u00e0 hi\u1ec3u ra r\u1eb1ng t\u1ea5t c\u1ea3 nh\u1eefng d\u1ea5u hi\u1ec7u \u201cb\u01b0\u1edbng b\u1ec9nh\u201d \u0111\u00f3 c\u1ee7a tr\u1ebb lu\u00f4n n\u1eb1m trong quy lu\u1eadt ph\u00e1t tri\u1ec3n b\u00ecnh th\u01b0\u1eddng c\u1ee7a ch\u00fang.<\/p>\n<p>Th\u00f4ng \u0111i\u1ec7p c\u1ee7a cu\u1ed1n s\u00e1ch l\u00e0 kh\u00f4ng \u00e1p \u0111\u1eb7t, kh\u00f4ng l\u00e0m h\u1ed9, kh\u00f4ng qu\u00e1t m\u1eafng, b\u1ed1 m\u1eb9 gi\u1ed1ng nh\u01b0 m\u1ed9t ng\u01b0\u1eddi b\u1ea1n \u0111\u1ed3ng h\u00e0nh gi\u00fap \u0111\u1ee1 tr\u1ebb, nh\u1eb1m th\u00fac \u0111\u1ea9y tr\u1ebb ph\u00e1t l\u1ed9 nh\u1eefng kh\u1ea3 n\u0103ng ti\u1ec1m \u1ea9n v\u00e0 trao cho tr\u1ebb quy\u1ec1n \u0111\u01b0\u1ee3c quy\u1ebft \u0111\u1ecbnh cu\u1ed9c \u0111\u1eddi m\u00ecnh \u2013 d\u00f9 ch\u00fang ch\u1ec9 l\u00e0 nh\u1eefng \u0111\u1ee9a tr\u1ebb l\u00ean 3!<\/p>\n<p>B\u1ea5t k\u1ef3 \u0111\u1ee9a tr\u1ebb n\u00e0o c\u0169ng \u0111\u01b0\u1ee3c trang b\u1ecb kh\u1ea3 n\u0103ng t\u1ef1 m\u00ecnh l\u00e0m \u0111\u01b0\u1ee3c. \u0110\u1ec3 tin t\u01b0\u1edfng v\u00e0 m\u1edf r\u1ed9ng kh\u1ea3 n\u0103ng c\u1ee7a tr\u1ebb, ch\u1ec9 c\u1ea7n ng\u01b0\u1eddi l\u1edbn ch\u00fang ta kh\u00f4ng qu\u00ean l\u1eadp tr\u01b0\u1eddng \u201cgi\u00fap \u0111\u1ee1 m\u1ed9t ch\u00fat\u201d th\u00ec tr\u1ebb s\u1ebd ho\u1ea1t \u0111\u1ed9ng m\u1ed9t c\u00e1ch \u0111\u1ea7y n\u0103ng l\u01b0\u1ee3ng v\u00e0 ng\u01b0\u1eddi l\u1edbn c\u00f3 th\u1ec3 m\u1ec9m c\u01b0\u1eddi h\u1eb1ng ng\u00e0y.<\/p>\n<p>Trong cu\u1ed1n s\u00e1ch n\u00e0y t\u00e1c gi\u1ea3 c\u00f3 vi\u1ebft nhi\u1ec1u v\u1ec1 nh\u1eefng b\u00ed m\u1eadt gi\u00fap tr\u1ebb em c\u0169ng nh\u01b0 ng\u01b0\u1eddi l\u1edbn tr\u1edf n\u00ean vui v\u1ebb. T\u1ea5t nhi\u00ean, vi\u1ec7c nu\u00f4i d\u1ea1y tr\u1ebb trong th\u1ef1c t\u1ebf s\u1ebd c\u00f3 nh\u1eefng \u0111i\u1ec1u kh\u00f4ng gi\u1ed1ng nh\u01b0 v\u1eady, nh\u01b0ng khi \u0111\u1ecdc xong cu\u1ed1n s\u00e1ch n\u00e0y, ch\u1eafc h\u1eb3n b\u1ea1n s\u1ebd nh\u00ecn nh\u1eadn h\u00e0nh \u0111\u1ed9ng c\u1ee7a con c\u00e1i theo c\u00e1ch nh\u00ecn m\u1edbi m\u1ebb h\u01a1n. Ch\u00fang ta s\u1ebd hi\u1ec3u \u0111\u01b0\u1ee3c r\u1eb1ng nh\u1eefng h\u00e0nh \u0111\u1ed9ng kh\u00f4ng r\u00f5 nguy\u00ean nh\u00e2n ho\u1eb7c vi\u1ec7c ngh\u1ecbch ng\u1ee3m c\u1ee7a tr\u1ebb \u0111\u1ec1u c\u00f3 \u00fd ngh\u0129a c\u1ee7a n\u00f3.<\/p>\n<p>T\u1ea5t c\u1ea3 m\u1ecdi \u0111\u1ee9a tr\u1ebb \u0111\u1ec1u c\u00f3 kh\u1ea3 n\u0103ng ph\u00e1t tri\u1ec3n ch\u00ednh m\u00ecnh (n\u0103ng l\u1ef1c gi\u00e1o d\u1ee5c t\u1ef1 th\u00e2n). \u0110\u00f3 kh\u00f4ng ph\u1ea3i l\u00e0 gi\u00e1o d\u1ee5c ki\u1ec3u ng\u01b0\u1eddi l\u1edbn d\u1ea1y tr\u1ebb em ho\u00e0n to\u00e0n cho \u0111\u1ebfn khi ch\u00fang hi\u1ec3u. B\u1ea3n th\u00e2n tr\u1ebb em bi\u1ebft \u0111\u01b0\u1ee3c n\u0103ng l\u1ef1c c\u1ee7a b\u1ea3n th\u00e2n m\u00ecnh v\u00e0 \u0111\u1ec3 n\u00e2ng cao n\u0103ng l\u1ef1c \u0111\u00f3, tr\u1ebb s\u1ebd th\u1ef1c hi\u1ec7n nh\u1eefng h\u00e0nh \u0111\u1ed9ng m\u00e0 ng\u01b0\u1eddi l\u1edbn lu\u00f4n t\u1ef1 h\u1ecfi r\u1eb1ng \u201ct\u1ea1i sao tr\u1ebb l\u1ea1i nh\u01b0 v\u1eady\u201d, hay tr\u1ebb s\u1ebd l\u1eb7p \u0111i l\u1eb7p l\u1ea1i nh\u1eefng h\u00e0nh \u0111\u1ed9ng gi\u1ed1ng nhau. C\u00e1ch suy ngh\u0129 nh\u01b0 tr\u00ean \u0111ang tr\u1edf th\u00e0nh gi\u1ea3 \u0111\u1ecbnh mang t\u00ednh ti\u1ec1n \u0111\u1ec1. Sau khi tr\u1ebb tr\u1ea3i qua nhi\u1ec1u l\u1ea7n th\u1ea5t b\u1ea1i r\u1ed3i v\u1eeba l\u00e0m v\u1eeba s\u1eeda th\u00ec tr\u1ebb s\u1ebd ng\u00e0y c\u00e0ng thu\u1ea7n th\u1ee5c h\u01a1n. Vi\u1ec7c ng\u01b0\u1eddi l\u1edbn tin t\u01b0\u1edfng v\u00e0o n\u0103ng l\u1ef1c c\u1ee7a tr\u1ebb, theo s\u00e1t tr\u1ebb th\u00ec \u0111\u00f3 ch\u00ednh l\u00e0 s\u1ef1 t\u00f4n tr\u1ecdng l\u1edbn nh\u1ea5t d\u00e0nh cho tr\u1ebb. V\u00ec v\u1eady, gi\u00e1o d\u1ee5c Montessori l\u00e0 ph\u01b0\u01a1ng ph\u00e1p tin v\u00e0o n\u0103ng l\u1ef1c b\u00ean trong c\u1ee7a tr\u1ebb, \u0111\u1ec3 t\u0103ng c\u01b0\u1eddng n\u00f3, ng\u01b0\u1eddi l\u1edbn s\u1ebd \u0111\u00f3ng vai tr\u00f2 l\u00e0 ng\u01b0\u1eddi x\u00e2y d\u1ef1ng m\u00f4i tr\u01b0\u1eddng, theo s\u00e1t tr\u1ebb, c\u00f2n nh\u00e2n v\u1eadt ch\u00ednh l\u00e0 tr\u1ebb em. Ng\u01b0\u1eddi l\u1edbn ch\u1ec9 tham gia v\u1edbi vai tr\u00f2 h\u1ed7 tr\u1ee3.<\/p>\n<p>Nu\u00f4i d\u1ea1y tr\u1ebb kh\u00f4ng ph\u1ea3i l\u00e0 b\u1eaft ch\u01b0\u1edbc theo c\u00e1c c\u01a1 s\u1edf c\u00f3 chuy\u00ean m\u00f4n, r\u1ed3i trang b\u1ecb gi\u00e1o c\u1ee5 nu\u00f4i d\u1ea1y trong gia \u0111\u00ecnh. Ch\u00fang ta c\u1ea7n b\u1eaft \u0111\u1ea7u t\u1eeb vi\u1ec7c c\u00f3 suy ngh\u0129: \u201cti\u1ebfp nh\u1eadn tr\u1ebb\u201d, \u201ctin t\u01b0\u1edfng tr\u1ebb\u201d, \u201ct\u00f4n tr\u1ecdng tr\u1ebb\u201d, \u201ch\u1ecdc t\u1eeb tr\u1ebb\u201d \u2013 \u0111\u00e2y l\u00e0 tinh th\u1ea7n h\u1ecdc \u0111\u01b0\u1ee3c t\u1eeb gi\u00e1o d\u1ee5c Montessori. Xu\u1ea5t ph\u00e1t t\u1eeb suy ngh\u0129 v\u00e0 tinh th\u1ea7n nh\u01b0 tr\u00ean, b\u1ed1 m\u1eb9 h\u00e3y c\u00f9ng tr\u1ebb chia s\u1ebb nh\u1eefng c\u1ea3m x\u00fac, \u0111\u1ec3 c\u00f3 \u0111\u01b0\u1ee3c c\u00e1i nh\u00ecn \u0111\u00fang \u0111\u1eafn v\u00e0 \u1ea5m \u00e1p h\u01a1n trong vi\u1ec7c nu\u00f4i d\u1ea1y tr\u1ebb.<\/p>\n<p>-T\u00e1c gi\u1ea3: Kannari Miki : \u0111\u00e3 tr\u1ea3i qua 4 n\u0103m l\u00e0m vi\u1ec7c \u1edf tr\u01b0\u1eddng m\u1ea7m non, 2 n\u0103m l\u00e0m vi\u1ec7c t\u1ea1i ph\u00f2ng ch\u0103m s\u00f3c b\u1ec7nh nhi, sau \u0111\u00f3 l\u00e0m vi\u1ec7c 7 n\u0103m t\u1ea1i tr\u01b0\u1eddng m\u1ea7m non n\u1ed5i ti\u1ebfng v\u1edbi ph\u01b0\u01a1ng ph\u00e1p gi\u00e1o d\u1ee5c Montessori l\u00e0 Waseda Frontier Kids. Th\u00e1ng 12 n\u0103m 2009 c\u00f9ng v\u1edbi vi\u1ec7c th\u00e0nh l\u1eadp tr\u01b0\u1eddng Frontier Kids \u1edf Kawadachou v\u00e0 b\u00e0 tr\u1edf th\u00e0nh hi\u1ec7u tr\u01b0\u1edfng tr\u01b0\u1eddng n\u00e0y.<\/p>\n<p> \u0110\u1ec3 th\u1ef1c h\u00e0nh gi\u00e1o d\u1ee5c Montessori h\u01a1n n\u1eefa, b\u00e0 \u0111\u00e3 l\u1ea5y ch\u1ee9ng ch\u1ec9 gi\u00e1o vi\u00ean Montessori, th\u00f4i gi\u1eef ch\u1ee9c hi\u1ec7u tr\u01b0\u1edfng, tr\u1edf v\u1ec1 c\u00f4ng vi\u1ec7c \u0111\u1ee9ng l\u1edbp v\u00e0 l\u00e0m vi\u1ec7c nh\u01b0 l\u00e0 ng\u01b0\u1eddi \u0111\u1ee9ng \u0111\u1ea7u trong h\u1ec7 th\u1ed1ng Medicare Montessori Nursery School. V\u1edbi s\u1ef1 th\u00f4ng th\u1ea1o v\u1ec1 th\u1ef1c t\u1ebf c\u1ee7a gi\u00e1o d\u1ee5c Montessori, b\u00e0 \u0111ang n\u1ed7 l\u1ef1c \u0111\u1ec3 n\u00e2ng cao hi\u1ec3u bi\u1ebft kh\u00f4ng ch\u1ec9 l\u00e0 \u0111\u1ebfn tr\u1ebb em m\u00e0 l\u00e0 c\u1ea3 c\u00e1c b\u1eadc cha m\u1eb9. Hi\u1ec7n t\u1ea1i b\u00e0 c\u00f3 m\u1ed9t con.<\/p>\n","protected":false},"excerpt":{"rendered":"<p>B\u1ea1n \u0111ang c\u00f3 con \u1edf \u0111\u1ed9 tu\u1ed5i 0-3? \u0110\u00e3 bao gi\u1edd b\u1ea1n c\u1ea3m th\u1ea5y b\u1ebf t\u1eafc khi b\u1ea1n n\u00f3i con kh\u00f4ng nghe v\u00e0 b\u1ea1n kh\u00f4ng mu\u1ed1n nghe con n\u00f3i? N\u1ebfu b\u1ea1n g\u1eb7p ph\u1ea3i r\u1eafc r\u1ed1i nh\u01b0 v\u1eady th\u00ec \u0111\u00e2y ch\u00ednh l\u00e0 cu\u1ed1n s\u00e1ch d\u00e0nh cho b\u1ea1n.<\/p>\n<p>\u201cPh\u01b0\u01a1ng ph\u00e1p gi\u00e1o d\u1ee5c s\u1edbm Montessori cho tr\u1ebb t\u1eeb 0-3 tu\u1ed5i\u201d s\u1ebd cung c\u1ea5p cho b\u1ea1n nh\u1eefng ki\u1ebfn th\u1ee9c v\u1ec1 t\u00e2m sinh l\u00fd c\u1ee7a tr\u1ebb trong giai \u0111o\u1ea1n n\u00e0y, g\u00f3p ph\u1ea7n th\u00e1o g\u1ee1 nh\u1eefng b\u0103n kho\u0103n, lo l\u1eafng c\u1ee7a b\u1ea1n. \u0110\u1ecdc cu\u1ed1n s\u00e1ch, b\u1ea1n s\u1ebd bi\u1ebft \u0111\u01b0\u1ee3c c\u00e1ch quan s\u00e1t tr\u1ebb v\u00e0 hi\u1ec3u ra r\u1eb1ng t\u1ea5t c\u1ea3 nh\u1eefng d\u1ea5u hi\u1ec7u \u201cb\u01b0\u1edbng b\u1ec9nh\u201d \u0111\u00f3 c\u1ee7a tr\u1ebb lu\u00f4n n\u1eb1m trong quy lu\u1eadt ph\u00e1t tri\u1ec3n b\u00ecnh th\u01b0\u1eddng c\u1ee7a ch\u00fang.<\/p>\n<p>Th\u00f4ng \u0111i\u1ec7p c\u1ee7a cu\u1ed1n s\u00e1ch l\u00e0 kh\u00f4ng \u00e1p \u0111\u1eb7t, kh\u00f4ng l\u00e0m h\u1ed9, kh\u00f4ng qu\u00e1t m\u1eafng, b\u1ed1 m\u1eb9 gi\u1ed1ng nh\u01b0 m\u1ed9t ng\u01b0\u1eddi b\u1ea1n \u0111\u1ed3ng h\u00e0nh gi\u00fap \u0111\u1ee1 tr\u1ebb, nh\u1eb1m th\u00fac \u0111\u1ea9y tr\u1ebb ph\u00e1t l\u1ed9 nh\u1eefng kh\u1ea3 n\u0103ng ti\u1ec1m \u1ea9n v\u00e0 trao cho tr\u1ebb quy\u1ec1n \u0111\u01b0\u1ee3c quy\u1ebft \u0111\u1ecbnh cu\u1ed9c \u0111\u1eddi m\u00ecnh \u2013 d\u00f9 ch\u00fang ch\u1ec9 l\u00e0 nh\u1eefng \u0111\u1ee9a tr\u1ebb l\u00ean 3!<\/p>\n<p>B\u1ea5t k\u1ef3 \u0111\u1ee9a tr\u1ebb n\u00e0o c\u0169ng \u0111\u01b0\u1ee3c trang b\u1ecb kh\u1ea3 n\u0103ng t\u1ef1 m\u00ecnh l\u00e0m \u0111\u01b0\u1ee3c. \u0110\u1ec3 tin t\u01b0\u1edfng v\u00e0 m\u1edf r\u1ed9ng kh\u1ea3 n\u0103ng c\u1ee7a tr\u1ebb, ch\u1ec9 c\u1ea7n ng\u01b0\u1eddi l\u1edbn ch\u00fang ta kh\u00f4ng qu\u00ean l\u1eadp tr\u01b0\u1eddng \u201cgi\u00fap \u0111\u1ee1 m\u1ed9t ch\u00fat\u201d th\u00ec tr\u1ebb s\u1ebd ho\u1ea1t \u0111\u1ed9ng m\u1ed9t c\u00e1ch \u0111\u1ea7y n\u0103ng l\u01b0\u1ee3ng v\u00e0 ng\u01b0\u1eddi l\u1edbn c\u00f3 th\u1ec3 m\u1ec9m c\u01b0\u1eddi h\u1eb1ng ng\u00e0y.<\/p>\n<p>Trong cu\u1ed1n s\u00e1ch n\u00e0y t\u00e1c gi\u1ea3 c\u00f3 vi\u1ebft nhi\u1ec1u v\u1ec1 nh\u1eefng b\u00ed m\u1eadt gi\u00fap tr\u1ebb em c\u0169ng nh\u01b0 ng\u01b0\u1eddi l\u1edbn tr\u1edf n\u00ean vui v\u1ebb. T\u1ea5t nhi\u00ean, vi\u1ec7c nu\u00f4i d\u1ea1y tr\u1ebb trong th\u1ef1c t\u1ebf s\u1ebd c\u00f3 nh\u1eefng \u0111i\u1ec1u kh\u00f4ng gi\u1ed1ng nh\u01b0 v\u1eady, nh\u01b0ng khi \u0111\u1ecdc xong cu\u1ed1n s\u00e1ch n\u00e0y, ch\u1eafc h\u1eb3n b\u1ea1n s\u1ebd nh\u00ecn nh\u1eadn h\u00e0nh \u0111\u1ed9ng c\u1ee7a con c\u00e1i theo c\u00e1ch nh\u00ecn m\u1edbi m\u1ebb h\u01a1n. Ch\u00fang ta s\u1ebd hi\u1ec3u \u0111\u01b0\u1ee3c r\u1eb1ng nh\u1eefng h\u00e0nh \u0111\u1ed9ng kh\u00f4ng r\u00f5 nguy\u00ean nh\u00e2n ho\u1eb7c vi\u1ec7c ngh\u1ecbch ng\u1ee3m c\u1ee7a tr\u1ebb \u0111\u1ec1u c\u00f3 \u00fd ngh\u0129a c\u1ee7a n\u00f3.<\/p>\n<p>T\u1ea5t c\u1ea3 m\u1ecdi \u0111\u1ee9a tr\u1ebb \u0111\u1ec1u c\u00f3 kh\u1ea3 n\u0103ng ph\u00e1t tri\u1ec3n ch\u00ednh m\u00ecnh (n\u0103ng l\u1ef1c gi\u00e1o d\u1ee5c t\u1ef1 th\u00e2n). \u0110\u00f3 kh\u00f4ng ph\u1ea3i l\u00e0 gi\u00e1o d\u1ee5c ki\u1ec3u ng\u01b0\u1eddi l\u1edbn d\u1ea1y tr\u1ebb em ho\u00e0n to\u00e0n cho \u0111\u1ebfn khi ch\u00fang hi\u1ec3u. B\u1ea3n th\u00e2n tr\u1ebb em bi\u1ebft \u0111\u01b0\u1ee3c n\u0103ng l\u1ef1c c\u1ee7a b\u1ea3n th\u00e2n m\u00ecnh v\u00e0 \u0111\u1ec3 n\u00e2ng cao n\u0103ng l\u1ef1c \u0111\u00f3, tr\u1ebb s\u1ebd th\u1ef1c hi\u1ec7n nh\u1eefng h\u00e0nh \u0111\u1ed9ng m\u00e0 ng\u01b0\u1eddi l\u1edbn lu\u00f4n t\u1ef1 h\u1ecfi r\u1eb1ng \u201ct\u1ea1i sao tr\u1ebb l\u1ea1i nh\u01b0 v\u1eady\u201d, hay tr\u1ebb s\u1ebd l\u1eb7p \u0111i l\u1eb7p l\u1ea1i nh\u1eefng h\u00e0nh \u0111\u1ed9ng gi\u1ed1ng nhau. C\u00e1ch suy ngh\u0129 nh\u01b0 tr\u00ean \u0111ang tr\u1edf th\u00e0nh gi\u1ea3 \u0111\u1ecbnh mang t\u00ednh ti\u1ec1n \u0111\u1ec1. Sau khi tr\u1ebb tr\u1ea3i qua nhi\u1ec1u l\u1ea7n th\u1ea5t b\u1ea1i r\u1ed3i v\u1eeba l\u00e0m v\u1eeba s\u1eeda th\u00ec tr\u1ebb s\u1ebd ng\u00e0y c\u00e0ng thu\u1ea7n th\u1ee5c h\u01a1n. Vi\u1ec7c ng\u01b0\u1eddi l\u1edbn tin t\u01b0\u1edfng v\u00e0o n\u0103ng l\u1ef1c c\u1ee7a tr\u1ebb, theo s\u00e1t tr\u1ebb th\u00ec \u0111\u00f3 ch\u00ednh l\u00e0 s\u1ef1 t\u00f4n tr\u1ecdng l\u1edbn nh\u1ea5t d\u00e0nh cho tr\u1ebb. V\u00ec v\u1eady, gi\u00e1o d\u1ee5c Montessori l\u00e0 ph\u01b0\u01a1ng ph\u00e1p tin v\u00e0o n\u0103ng l\u1ef1c b\u00ean trong c\u1ee7a tr\u1ebb, \u0111\u1ec3 t\u0103ng c\u01b0\u1eddng n\u00f3, ng\u01b0\u1eddi l\u1edbn s\u1ebd \u0111\u00f3ng vai tr\u00f2 l\u00e0 ng\u01b0\u1eddi x\u00e2y d\u1ef1ng m\u00f4i tr\u01b0\u1eddng, theo s\u00e1t tr\u1ebb, c\u00f2n nh\u00e2n v\u1eadt ch\u00ednh l\u00e0 tr\u1ebb em. Ng\u01b0\u1eddi l\u1edbn ch\u1ec9 tham gia v\u1edbi vai tr\u00f2 h\u1ed7 tr\u1ee3.<\/p>\n<p>Nu\u00f4i d\u1ea1y tr\u1ebb kh\u00f4ng ph\u1ea3i l\u00e0 b\u1eaft ch\u01b0\u1edbc theo c\u00e1c c\u01a1 s\u1edf c\u00f3 chuy\u00ean m\u00f4n, r\u1ed3i trang b\u1ecb gi\u00e1o c\u1ee5 nu\u00f4i d\u1ea1y trong gia \u0111\u00ecnh. Ch\u00fang ta c\u1ea7n b\u1eaft \u0111\u1ea7u t\u1eeb vi\u1ec7c c\u00f3 suy ngh\u0129: \u201cti\u1ebfp nh\u1eadn tr\u1ebb\u201d, \u201ctin t\u01b0\u1edfng tr\u1ebb\u201d, \u201ct\u00f4n tr\u1ecdng tr\u1ebb\u201d, \u201ch\u1ecdc t\u1eeb tr\u1ebb\u201d \u2013 \u0111\u00e2y l\u00e0 tinh th\u1ea7n h\u1ecdc \u0111\u01b0\u1ee3c t\u1eeb gi\u00e1o d\u1ee5c Montessori. Xu\u1ea5t ph\u00e1t t\u1eeb suy ngh\u0129 v\u00e0 tinh th\u1ea7n nh\u01b0 tr\u00ean, b\u1ed1 m\u1eb9 h\u00e3y c\u00f9ng tr\u1ebb chia s\u1ebb nh\u1eefng c\u1ea3m x\u00fac, \u0111\u1ec3 c\u00f3 \u0111\u01b0\u1ee3c c\u00e1i nh\u00ecn \u0111\u00fang \u0111\u1eafn v\u00e0 \u1ea5m \u00e1p h\u01a1n trong vi\u1ec7c nu\u00f4i d\u1ea1y tr\u1ebb.<\/p>\n","protected":false},"featured_media":14242,"template":"","meta":{"_acf_changed":false},"product_brand":[],"product_cat":[19],"product_tag":[],"class_list":{"0":"post-14245","1":"product","2":"type-product","3":"status-publish","4":"has-post-thumbnail","6":"product_cat-nuoi-day-con","8":"first","9":"outofstock","10":"taxable","11":"shipping-taxable","12":"purchasable","13":"product-type-simple"},"supplier_id":null,"supplier_sku":"","barcode":null,"atum_controlled":true,"out_stock_date":"2025-03-01 14:34:05","out_stock_threshold":null,"inheritable":false,"inbound_stock":0,"stock_on_hold":0,"sold_today":0,"sales_last_days":0,"reserved_stock":0,"customer_returns":0,"warehouse_damage":0,"lost_in_post":0,"other_logs":0,"out_stock_days":333,"lost_sales":0,"has_location":false,"update_date":"2026-01-28T23:11:29","atum_locations":[],"atum_stock_status":"outofstock","restock_status":false,"low_stock_amount":"","sales_update_date":"2026-01-28T23:11:29","calc_backorders":null,"acf":{"publisher":{"ID":4030,"post_author":"1","post_date":"2021-03-02 03:51:27","post_date_gmt":"2021-03-02 01:51:27","post_content":"","post_title":"1980 Books","post_excerpt":"","post_status":"publish","comment_status":"closed","ping_status":"closed","post_password":"","post_name":"1980-books","to_ping":"","pinged":"","post_modified":"2021-03-02 03:51:27","post_modified_gmt":"2021-03-02 01:51:27","post_content_filtered":"","post_parent":0,"guid":"https:\/\/sachviet.eu\/nha-phat-hanh\/1980-books\/","menu_order":0,"post_type":"publisher","post_mime_type":"","comment_count":"0","filter":"raw"}},"_links":{"self":[{"href":"https:\/\/sachviet.eu\/en\/wp-json\/wp\/v2\/product\/14245","targetHints":{"allow":["GET"]}}],"collection":[{"href":"https:\/\/sachviet.eu\/en\/wp-json\/wp\/v2\/product"}],"about":[{"href":"https:\/\/sachviet.eu\/en\/wp-json\/wp\/v2\/types\/product"}],"wp:featuredmedia":[{"embeddable":true,"href":"https:\/\/sachviet.eu\/en\/wp-json\/wp\/v2\/media\/14242"}],"wp:attachment":[{"href":"https:\/\/sachviet.eu\/en\/wp-json\/wp\/v2\/media?parent=14245"}],"wp:term":[{"taxonomy":"product_brand","embeddable":true,"href":"https:\/\/sachviet.eu\/en\/wp-json\/wp\/v2\/product_brand?post=14245"},{"taxonomy":"product_cat","embeddable":true,"href":"https:\/\/sachviet.eu\/en\/wp-json\/wp\/v2\/product_cat?post=14245"},{"taxonomy":"product_tag","embeddable":true,"href":"https:\/\/sachviet.eu\/en\/wp-json\/wp\/v2\/product_tag?post=14245"}],"curies":[{"name":"wp","href":"https:\/\/api.w.org\/{rel}","templated":true}]}}