{"id":14238,"date":"2021-07-02T23:49:59","date_gmt":"2021-07-02T20:49:59","guid":{"rendered":"https:\/\/sachviet.eu\/shop\/phuong-phap-an-dam-be-chi-huy-baby-led-weaning-tai-ban\/"},"modified":"2025-03-01T16:34:05","modified_gmt":"2025-03-01T14:34:05","slug":"phuong-phap-an-dam-be-chi-huy-baby-led-weaning-tai-ban","status":"publish","type":"product","link":"https:\/\/sachviet.eu\/en\/shop\/phuong-phap-an-dam-be-chi-huy-baby-led-weaning-tai-ban\/","title":{"rendered":"Ph\u01b0\u01a1ng Ph\u00e1p \u0102n D\u1eb7m B\u00e9 Ch\u1ec9 Huy (Baby Led-Weaning) (Ta\u0301i B\u1ea3n)"},"content":{"rendered":"<p>Baby &#8211; led weaning: Ph\u01b0\u01a1ng ph\u00e1p \u0103n d\u1eb7m b\u00e9 ch\u1ec9 huy<\/p>\n<p>Th\u1ebf n\u00e0o l\u00e0 ph\u01b0\u01a1ng ph\u00e1p \u0103n d\u1eb7m cho ph\u00e9p b\u00e9 t\u1ef1 quy\u1ebft \u0111\u1ecbnh?<\/p>\n<p>\u201cD\u01b0\u1eddng nh\u01b0 \u0111\u1ed1i v\u1edbi h\u1ea7u h\u1ebft cha m\u1eb9, gi\u1edd \u0103n l\u00e0 m\u1ed9t c\u01a1n \u00e1c m\u1ed9ng. V\u1edbi b\u00e9 Emily, ch\u00fang t\u00f4i kh\u00f4ng ph\u1ea3i \u0111\u1ed1i m\u1eb7t v\u1edbi cu\u1ed9c chi\u1ebfn m\u1ec7t m\u1ecfi \u0111\u00f3. Ch\u00fang t\u00f4i th\u1ef1c s\u1ef1 y\u00eau th\u00edch gi\u1edd \u0103n. V\u1edbi gia \u0111\u00ecnh t\u00f4i, th\u1ee9c \u0103n kh\u00f4ng ph\u1ea3i l\u00e0 v\u1ea5n \u0111\u1ec1.\u201d<br \/>\nJess, m\u1eb9 b\u00e9 Emily 2 tu\u1ed5i.<\/p>\n<p>\u201cS\u1ebd d\u1ec5 h\u01a1n nhi\u1ec1u khi cho b\u00e9 t\u1eadp \u0103n c\u00f9ng lo\u1ea1i th\u1ee9c \u0103n m\u00e0 m\u1ecdi ng\u01b0\u1eddi \u0111ang d\u00f9ng. T\u00f4i \u0111\u00e3 r\u1ea5t lo l\u1eafng khi \u0111\u00fat th\u00eca cho hai \u0111\u1ee9a con l\u1edbn \u0103n, nh\u01b0ng gi\u1edd t\u00f4i kh\u00f4ng c\u00f2n lo l\u1eafng li\u1ec7u Ben c\u00f3 \u0103n hay kh\u00f4ng n\u1eefa. Vi\u1ec7c n\u00e0y r\u1ea5t t\u1ef1 nhi\u00ean \u2013 v\u00e0 vui v\u1ebb h\u01a1n nhi\u1ec1u.\u201d<br \/>\nSam, m\u1eb9 b\u00e9 Bella 8 tu\u1ed5i, Alex 5 tu\u1ed5i v\u00e0 Ben 8 th\u00e1ng tu\u1ed5i.<\/p>\n<p>\u0102n d\u1eb7m l\u00e0 g\u00ec?<\/p>\n<p>\u0102n d\u1eb7m l\u00e0 s\u1ef1 thay \u0111\u1ed5i d\u1ea7n d\u1ea7n c\u1ee7a b\u00e9, chuy\u1ec3n t\u1eeb vi\u1ec7c ch\u1ec9 \u0103n s\u1eefa m\u1eb9 ho\u1eb7c s\u1eefa b\u1ed9t sang th\u00f4i b\u00fa m\u1eb9 ho\u1eb7c s\u1eefa b\u1ed9t. S\u1ef1 thay \u0111\u1ed5i n\u00e0y m\u1ea5t t\u1ed1i thi\u1ec3u 6 th\u00e1ng nh\u01b0ng c\u0169ng c\u00f3 th\u1ec3 k\u00e9o d\u00e0i v\u00e0i n\u0103m, \u0111\u1eb7c bi\u1ec7t l\u00e0 \u0111\u1ed1i v\u1edbi c\u00e1c b\u00e9 b\u00fa m\u1eb9. Cu\u1ed1n s\u00e1ch n\u00e0y vi\u1ebft v\u1ec1 giai \u0111o\u1ea1n \u0111\u1ea7u c\u1ee7a qu\u00e1 tr\u00ecnh \u0103n d\u1eb7m, b\u1eaft \u0111\u1ea7u v\u1edbi l\u1ea7n \u0111\u1ea7u ti\u00ean b\u00e9 \u0103n d\u1eb7m.<\/p>\n<p>Nh\u1eefng m\u00f3n \u0103n d\u1eb7m \u0111\u1ea7u ti\u00ean \u2013 \u0111\u00f4i khi c\u00f2n \u0111\u01b0\u1ee3c g\u1ecdi l\u00e0 th\u1ee9c \u0103n b\u1ed5 sung \u2013 kh\u00f4ng c\u00f3 ngh\u0129a l\u00e0 thay th\u1ebf s\u1eefa m\u1eb9 ho\u1eb7c s\u1eefa b\u1ed9t, thay v\u00e0o \u0111\u00f3, s\u1ebd b\u1ed5 sung cho ch\u1ebf \u0111\u1ed9 \u0103n n\u00e0y, \u0111\u1ec3 b\u1eefa \u0103n c\u1ee7a b\u00e9 ng\u00e0y c\u00e0ng th\u00eam \u0111a d\u1ea1ng.<\/p>\n<p>Trong h\u1ea7u h\u1ebft c\u00e1c gia \u0111\u00ecnh, th\u1eddi \u0111i\u1ec3m \u0103n d\u1eb7m do cha m\u1eb9 quy\u1ebft \u0111\u1ecbnh. Khi cha m\u1eb9 b\u1eaft \u0111\u1ea7u \u0111\u00fat th\u00eca cho b\u00e9 \u0103n, h\u1ecd c\u0169ng quy\u1ebft \u0111\u1ecbnh th\u1eddi \u0111i\u1ec3m v\u00e0 c\u00e1ch th\u1ee9c b\u00e9 b\u1eaft \u0111\u1ea7u \u0103n d\u1eb7m; khi h\u1ecd kh\u00f4ng c\u00f2n cho b\u00e9 b\u00fa m\u1eb9 ho\u1eb7c b\u00fa b\u00ecnh, h\u1ecd quy\u1ebft \u0111\u1ecbnh th\u1eddi \u0111i\u1ec3m ng\u1eebng cho \u0103n s\u1eefa. B\u1ea1n c\u00f3 th\u1ec3 g\u1ecdi \u0111\u00f3 l\u00e0 \u0103n d\u1eb7m do-cha-m\u1eb9-quy\u1ebft-\u0111\u1ecbnh. \u0102n d\u1eb7m do-b\u00e9-quy\u1ebft-\u0111\u1ecbnh l\u1ea1i kh\u00e1c. Ph\u01b0\u01a1ng ph\u00e1p n\u00e0y cho ph\u00e9p b\u00e9 d\u1eabn d\u1eaft to\u00e0n b\u1ed9 qu\u00e1 tr\u00ecnh, b\u1eb1ng c\u00e1ch b\u00e9 v\u1eadn d\u1ee5ng b\u1ea3n n\u0103ng v\u00e0 kh\u1ea3 n\u0103ng c\u1ee7a m\u00ecnh. B\u00e9 quy\u1ebft \u0111\u1ecbnh th\u1eddi \u0111i\u1ec3m b\u1eaft \u0111\u1ea7u v\u00e0 k\u1ebft th\u00fac qu\u00e1 tr\u00ecnh \u0103n d\u1eb7m. M\u1eb7c d\u00f9 vi\u1ec7c n\u00e0y c\u00f3 v\u1ebb k\u00ec c\u1ee5c, nh\u01b0ng n\u00f3 s\u1ebd c\u00f3 \u00fd ngh\u0129a tuy\u1ec7t \u0111\u1ed1i khi b\u1ea1n quan s\u00e1t k\u0129 ph\u01b0\u01a1ng th\u1ee9c ph\u00e1t tri\u1ec3n c\u1ee7a b\u00e9.<\/p>\n<p>T\u1ea1i sao BLW l\u1ea1i kh\u00e1c bi\u1ec7t<\/p>\n<p>Khi ngh\u0129 \u0111\u1ebfn vi\u1ec7c cho b\u00e9 t\u1eadp \u0103n d\u1eb7m, m\u1ecdi ng\u01b0\u1eddi th\u01b0\u1eddng h\u00ecnh dung th\u1ea5y h\u00ecnh \u1ea3nh ng\u01b0\u1eddi l\u1edbn c\u1ea7m th\u00eca v\u1edbi m\u1ed9t v\u00e0i th\u00eca t\u00e1o ho\u1eb7c c\u00e0 r\u1ed1t xay nhuy\u1ec5n. C\u00f3 l\u00fac b\u00e9 s\u1ebd h\u00e1o h\u1ee9c h\u00e1 mi\u1ec7ng \u0111\u1ec3 \u0111\u00f3n nh\u1eadn th\u00eca \u2013 nh\u01b0ng b\u00e9 c\u0169ng s\u1ebd nhanh ch\u00f3ng l\u00e8o th\u1ee9c \u0103n, h\u1ea5t th\u00eca, kh\u00f3c ho\u1eb7c kh\u00f4ng ch\u1ecbu \u0103n. R\u1ea5t nhi\u1ec1u cha m\u1eb9 \u0111\u00e0nh ph\u1ea3i \u00e1p d\u1ee5ng tr\u00f2 ch\u01a1i \u2013 \u201cT\u00e0u \u0111\u1ebfn r\u1ed3i \u0111\u00e2y!\u201d \u2013 v\u1edbi n\u1ed7 l\u1ef1c thuy\u1ebft ph\u1ee5c b\u00e9 ch\u1ea5p nh\u1eadn th\u1ee9c \u0103n v\u00e0 th\u01b0\u1eddng l\u00e0 th\u1ee9c \u0103n kh\u00e1c v\u1edbi m\u00f3n \u0103n v\u00e0 gi\u1edd \u0103n c\u1ee7a gia \u0111\u00ecnh.<\/p>\n<p>T\u1ea1i c\u00e1c n\u01b0\u1edbc ph\u01b0\u01a1ng t\u00e2y, ph\u01b0\u01a1ng ph\u00e1p cho b\u00e9 \u0103n n\u00e0y hi\u1ebfm khi \u0111\u01b0\u1ee3c ch\u1ea5t v\u1ea5n v\u00e0 h\u1ea7u h\u1ebft m\u1ecdi ng\u01b0\u1eddi \u0111\u1ec1u coi \u0111\u00f3 l\u00e0 l\u1ebd th\u01b0\u1eddng t\u00ecnh, \u0111\u1ebfn m\u1ee9c cho \u0103n b\u1eb1ng th\u00eca tr\u1edf th\u00e0nh ph\u01b0\u01a1ng th\u1ee9c th\u00f4ng th\u01b0\u1eddng \u0111\u1ec3 chu\u1ea9n b\u1ecb \u0103n d\u1eb7m. C\u00e1c \u0111\u1ecbnh ngh\u0129a trong t\u1eeb \u0111i\u1ec3n v\u1ec1 vi\u1ec7c cho \u0103n b\u1eb1ng th\u00eca bao g\u1ed3m: \u201cgi\u00fap \u0111\u1ee1 ho\u1eb7c d\u1ea1y (ai) qu\u00e1 nhi\u1ec1u \u0111\u1ebfn n\u1ed7i ng\u01b0\u1eddi \u0111\u00f3 kh\u00f4ng t\u1ef1 suy ngh\u0129 \u0111\u01b0\u1ee3c n\u1eefa\u201d v\u00e0 \u201c\u0111\u1ed1i x\u1eed (v\u1edbi ng\u01b0\u1eddi kh\u00e1c) theo c\u00e1ch th\u1ee9c ng\u0103n c\u1ea3n \u00fd ngh\u0129 ho\u1eb7c h\u00e0nh \u0111\u1ed9ng t\u1ef1 l\u1eadp.\u201d Trong khi \u0111\u00f3, ph\u01b0\u01a1ng ph\u00e1p \u0103n d\u1eb7m BLW khuy\u1ebfn kh\u00edch th\u00e1i \u0111\u1ed9 t\u1ef1 tin v\u00e0 t\u00ednh \u0111\u1ed9c l\u1eadp c\u1ee7a b\u00e9 b\u1eb1ng c\u00e1ch tu\u00e2n theo t\u00edn hi\u1ec7u c\u1ee7a b\u00e9. Giai \u0111o\u1ea1n \u0103n d\u1eb7m b\u1eaft \u0111\u1ea7u khi b\u00e9 ch\u1ee9ng t\u1ecf b\u00e9 c\u00f3 th\u1ec3 t\u1ef1 \u0103n, v\u00e0 ti\u1ebfn tri\u1ec3n theo nh\u1ecbp \u0111\u1ed9 ri\u00eang c\u1ee7a b\u00e9. Vi\u1ec7c n\u00e0y cho ph\u00e9p b\u00e9 l\u00e0m theo b\u1ea3n n\u0103ng \u0111\u1ec3 b\u1eaft ch\u01b0\u1edbc cha m\u1eb9 v\u00e0 c\u00e1c anh ch\u1ecb, v\u00e0 ph\u00e1t tri\u1ec3n k\u0129 n\u0103ng \u0103n m\u1ed9t c\u00e1ch t\u1ef1 nhi\u00ean, th\u00fa v\u1ecb, \u0111\u1ed3ng th\u1eddi gi\u00fap b\u00e9 h\u1ecdc h\u1ecfi trong su\u1ed1t qu\u00e1 tr\u00ecnh.<\/p>\n<p>N\u1ebfu \u0111\u01b0\u1ee3c t\u1ea1o cho c\u01a1 h\u1ed9i, h\u1ea7u h\u1ebft c\u00e1c b\u00e9 s\u1ebd cho cha m\u1eb9 bi\u1ebft r\u1eb1ng c\u00e1c b\u00e9 \u0111\u00e3 s\u1eb5n s\u00e0ng cho m\u00f3n \u0103n kh\u00e1c ngo\u00e0i s\u1eefa, ch\u1ec9 b\u1eb1ng c\u00e1ch c\u1ea7m m\u1ed9t m\u1ea9u th\u1ee9c \u0103n v\u00e0 \u0111\u01b0a v\u00e0o mi\u1ec7ng. C\u00e1c b\u00e9 kh\u00f4ng c\u1ea7n cha m\u1eb9 quy\u1ebft \u0111\u1ecbnh khi n\u00e0o n\u00ean b\u1eaft \u0111\u1ea7u \u0103n d\u1eb7m, v\u00e0 b\u00e9 kh\u00f4ng c\u1ea7n ph\u1ea3i \u0111\u01b0\u1ee3c \u0111\u00fat th\u00eca; c\u00e1c b\u00e9 c\u00f3 th\u1ec3 t\u1ef1 l\u00e0m \u0111\u01b0\u1ee3c.<\/p>\n<p>D\u01b0\u1edbi \u0111\u00e2y l\u00e0 ph\u01b0\u01a1ng ph\u00e1p \u0103n d\u1eb7m BLW:<\/p>\n<p>\u00b7 B\u00e9 ng\u1ed3i v\u1edbi c\u1ea3 gia \u0111\u00ecnh khi \u0111\u1ebfn gi\u1edd \u0103n, v\u00e0 gia nh\u1eadp khi b\u00e9 s\u1eb5n s\u00e0ng.<\/p>\n<p>\u00b7 B\u00e9 \u0111\u01b0\u1ee3c khuy\u1ebfn kh\u00edch kh\u00e1m ph\u00e1 th\u1ee9c \u0103n ngay khi b\u00e9 c\u1ea3m th\u1ea5y th\u00edch th\u00fa, b\u1eb1ng c\u00e1ch c\u1ea7m tay \u2013 ban \u0111\u1ea7u, d\u00f9 b\u00e9 c\u00f3 \u0103n hay kh\u00f4ng c\u0169ng kh\u00f4ng quan tr\u1ecdng.<\/p>\n<p>\u00b7 Th\u1ee9c \u0103n \u0111\u01b0\u1ee3c x\u1eaft th\u00e0nh mi\u1ebfng c\u00f3 k\u00edch th\u01b0\u1edbc v\u00e0 h\u00ecnh d\u1ea1ng ph\u00f9 h\u1ee3p cho b\u00e9 d\u1ec5 c\u1ea7m n\u1eafm, thay v\u00ec m\u00f3n \u0103n s\u1ec1n s\u1ec7t ho\u1eb7c t\u00e1n nhuy\u1ec5n.<\/p>\n<p>\u00b7 B\u00e9 t\u1ef1 \u0103n ngay t\u1eeb \u0111\u1ea7u, thay v\u00ec \u0111\u01b0\u1ee3c ng\u01b0\u1eddi kh\u00e1c \u0111\u00fat th\u00eca.<\/p>\n<p>\u00b7 B\u00e9 t\u00f9y nghi quy\u1ebft \u0111\u1ecbnh l\u01b0\u1ee3ng th\u1ee9c \u0103n, v\u00e0 b\u00e9 nhanh ch\u00f3ng m\u1edf r\u1ed9ng c\u00e1c lo\u1ea1i th\u1ee9c \u0103n m\u00e0 b\u00e9 \u01b0a th\u00edch.<\/p>\n<p>\u00b7 B\u00e9 ti\u1ebfp t\u1ee5c \u0111\u01b0\u1ee3c b\u00fa s\u1eefa (s\u1eefa m\u1eb9 ho\u1eb7c s\u1eefa b\u1ed9t) m\u1ed7i khi b\u00e9 mu\u1ed1n v\u00e0 b\u00e9 quy\u1ebft \u0111\u1ecbnh th\u1eddi \u0111i\u1ec3m b\u00e9 s\u1eb5n s\u00e0ng gi\u1ea3m c\u00e1c c\u1eef b\u00fa.<\/p>\n<p>Kinh nghi\u1ec7m \u0111\u1ea7u \u0111\u1eddi khi \u0103n d\u1eb7m c\u00f3 th\u1ec3 \u1ea3nh h\u01b0\u1edfng \u0111\u1ebfn c\u1ea3m nh\u1eadn c\u1ee7a b\u00e9 v\u1ec1 b\u1eefa \u0103n trong nhi\u1ec1u n\u0103m sau \u0111\u00f3, v\u00ec v\u1eady s\u1ebd r\u1ea5t c\u00f3 \u00fd ngh\u0129a khi b\u1ea1n gi\u00fap c\u00e1c b\u00e9 c\u1ea3m th\u1ea5y th\u00edch th\u00fa. Nh\u01b0ng \u0111\u1ed1i v\u1edbi nhi\u1ec1u b\u00e9 v\u00e0 nhi\u1ec1u cha m\u1eb9, \u0103n d\u1eb7m kh\u00f4ng vui cho l\u1eafm. \u0110\u01b0\u01a1ng nhi\u00ean kh\u00f4ng ph\u1ea3i t\u1ea5t c\u1ea3 c\u00e1c b\u00e9 \u0111\u1ec1u ph\u1ea3n \u0111\u1ed1i khi \u0111\u01b0\u1ee3c cho \u0103n b\u1eb1ng th\u00eca theo l\u1ed1i truy\u1ec1n th\u1ed1ng, nh\u01b0ng r\u1ea5t nhi\u1ec1u b\u00e9 \u0111\u00e0nh cam ch\u1ecbu ph\u1ea3i \u0103n thay v\u00ec th\u1ef1c s\u1ef1 ham th\u00edch. M\u1eb7t kh\u00e1c, d\u01b0\u1eddng nh\u01b0 c\u00e1c b\u00e9 \u0111\u01b0\u1ee3c ph\u00e9p t\u1ef1 \u0103n v\u00e0 \u0103n chung v\u1edbi gia \u0111\u00ecnh \u0111\u1ec1u y\u00eau th\u00edch gi\u1edd \u0103n.<\/p>\n<p>\u201cKhi Ryan kho\u1ea3ng 6 th\u00e1ng tu\u1ed5i, t\u00f4i v\u00e0 m\u1ed9t nh\u00f3m c\u00e1c m\u1eb9 c\u00f3 con c\u00f9ng \u0111\u1ed9 tu\u1ed5i k\u00e9o nhau ra ngo\u00e0i. C\u00e1c m\u1eb9 b\u1eadn b\u1ecbu \u0111\u00fat b\u1ed9t cho c\u00e1c con v\u00e0 d\u00f9ng th\u00eca v\u00e9t quanh mi\u1ec7ng b\u00e9, \u0111\u1ea3m b\u1ea3o t\u1ea5t c\u1ea3 th\u1ee9c \u0103n \u0111\u1ec1u \u0111i v\u00e0o mi\u1ec7ng b\u00e9. H\u00ecnh nh\u01b0 h\u1ecd t\u1ef1 bi\u1ebfn cu\u1ed9c s\u1ed1ng tr\u1edf n\u00ean kh\u00f3 kh\u0103n \u0111\u1ebfn v\u1eady, v\u00e0 ch\u1ecb s\u1ebd th\u1ea5y \u0111\u00e1m con n\u00edt kh\u00f4ng th\u00edch tr\u00f2 n\u00e0y ch\u00fat n\u00e0o.\u201d<br \/>\nSuzannne, m\u1eb9 b\u00e9 Ryan 2 tu\u1ed5i<\/p>\n<p>T\u1ea1i sao ph\u01b0\u01a1ng ph\u00e1p \u0103n d\u1eb7m BLW l\u1ea1i h\u1ee3p l\u00fd<\/p>\n<p>C\u00e1c em b\u00e9 v\u00e0 tr\u1ebb nh\u1ecf b\u00f2, \u0111i v\u00e0 n\u00f3i khi c\u00e1c b\u00e9 s\u1eb5n s\u00e0ng. C\u00e1c d\u1ea5u m\u1ed1c ph\u00e1t tri\u1ec3n n\u00e0y s\u1ebd kh\u00f4ng \u0111\u1ebfn s\u1edbm h\u01a1n v\u00e0 \u2013 v\u1edbi \u0111i\u1ec1u ki\u1ec7n b\u00e9 \u0111\u01b0\u1ee3c trao c\u01a1 h\u1ed9i \u2013 v\u00e0 c\u0169ng kh\u00f4ng mu\u1ed9n h\u01a1n th\u1eddi \u0111i\u1ec3m th\u00edch h\u1ee3p v\u1edbi b\u00e9. Khi b\u1ea1n \u0111\u1eb7t b\u00e9 m\u1edbi sinh xu\u1ed1ng s\u00e0n \u0111\u1ec3 b\u00e9 t\u1eadp \u0111\u00e1 ch\u00e2n, t\u1ee9c l\u00e0 b\u1ea1n t\u1ea1o cho b\u00e9 c\u01a1 h\u1ed9i t\u1eadp l\u1eaby. Khi b\u00e9 c\u00f3 th\u1ec3 l\u1eaby, b\u00e9 s\u1ebd l\u1eaby. B\u1ea1n c\u0169ng s\u1ebd t\u1ea1o cho b\u00e9 c\u01a1 h\u1ed9i t\u1eadp \u0111\u1ee9ng l\u00ean v\u00e0 b\u01b0\u1edbc \u0111i. Vi\u1ec7c n\u00e0y s\u1ebd m\u1ea5t nhi\u1ec1u th\u1eddi gian h\u01a1n. Nh\u01b0ng n\u1ebfu b\u1ea1n ti\u1ebfp t\u1ee5c cho b\u00e9 c\u01a1 h\u1ed9i, b\u00e9 s\u1ebd l\u00e0m \u0111\u01b0\u1ee3c. V\u1eady th\u00ec t\u1ea1i sao kh\u00f4ng th\u1ec3 l\u00e0m v\u1eady v\u1edbi ph\u01b0\u01a1ng ph\u00e1p cho b\u00e9 \u0103n?<\/p>\n<p>C\u00e1c em b\u00e9 kh\u1ecfe m\u1ea1nh c\u00f3 th\u1ec3 t\u1ef1 b\u00fa m\u1eb9 ngay khi ch\u00e0o \u0111\u1eddi. 6 th\u00e1ng tu\u1ed5i, b\u00e9 c\u00f3 th\u1ec3 gi\u01a1 tay c\u1ea7m c\u00e1c m\u1ea9u th\u1ee9c \u0103n v\u00e0 \u0111\u01b0a v\u00e0o mi\u1ec7ng. Nhi\u1ec1u n\u0103m r\u1ed3i, ch\u00fang ta bi\u1ebft qu\u00e1 r\u00f5 b\u00e9 c\u00f3 th\u1ec3 l\u00e0m vi\u1ec7c n\u00e0y, v\u00e0 cha m\u1eb9 \u0111\u01b0\u1ee3c khuy\u1ebfn kh\u00edch t\u1eadp cho b\u00e9 l\u00e0m quen v\u1edbi \u0111\u1ed3 \u0103n nh\u00f3n tay t\u1eeb khi b\u00e9 6 th\u00e1ng tu\u1ed5i. Nh\u01b0ng hi\u1ec7n nay c\u00f3 minh ch\u1ee9ng cho th\u1ea5y c\u00e1c b\u00e9 kh\u00f4ng n\u00ean \u0103n m\u1ecdi \u0111\u1ed3 \u0103n c\u1ee9ng tr\u01b0\u1edbc \u0111\u1ed9 tu\u1ed5i n\u00e0y (tham kh\u1ea3o b\u00ean d\u01b0\u1edbi). V\u00ec c\u00e1c b\u00e9 c\u00f3 th\u1ec3 t\u1ef1 b\u1ed1c \u0103n t\u1eeb l\u00fac 6 th\u00e1ng n\u00ean d\u01b0\u1eddng nh\u01b0 kh\u00f4ng c\u1ea7n ph\u1ea3i cho b\u00e9 \u0103n th\u1ee9c \u0103n t\u00e1n nhuy\u1ec5n.<\/p>\n<p>Tuy nhi\u00ean, m\u1eb7c d\u00f9 ch\u00fang ta bi\u1ebft r\u00f5 c\u00e1c b\u00e9 c\u00f3 b\u1ea3n n\u0103ng v\u00e0 kh\u1ea3 n\u0103ng t\u1ef1 \u0103n v\u00e0o th\u1eddi \u0111i\u1ec3m th\u00edch h\u1ee3p, nh\u01b0ng \u0111\u00fat th\u00eca v\u1eabn l\u00e0 ph\u01b0\u01a1ng ph\u00e1p m\u00e0 h\u1ea7u h\u1ebft c\u00e1c b\u00e9 \u0111\u01b0\u1ee3c cho \u0103n trong n\u0103m \u0111\u1ea7u ti\u00ean \u2013 v\u00e0 \u0111\u00f4i khi k\u00e9o d\u00e0i l\u00e2u h\u01a1n n\u1eefa.<\/p>\n<p>V\u1ec1 t\u00e1c gi\u1ea3:<\/p>\n<p>Gill Rapley \u0111\u00e3 d\u00e0nh nhi\u1ec1u n\u0103m nghi\u00ean c\u1ee9u s\u1ef1 ph\u00e1t tri\u1ec3n c\u1ee7a tr\u1ebb v\u00e0 ph\u01b0\u01a1ng ph\u00e1p cho b\u00e9 \u0103n. Ch\u1ecb c\u00f3 h\u01a1n 20 n\u0103m kinh nghi\u1ec7m l\u00e0m y t\u00e1 ch\u0103m s\u00f3c b\u1ec7nh nh\u00e2n t\u1ea1i nh\u00e0 ri\u00eang, \u0111\u1ed3ng th\u1eddi ch\u1ecb c\u0169ng l\u00e0 b\u00e0 \u0111\u1ee1, t\u01b0 v\u1ea5n t\u00ecnh nguy\u1ec7n v\u1ec1 ph\u01b0\u01a1ng ph\u00e1p nu\u00f4i con b\u1eb1ng s\u1eefa m\u1eb9. Khi theo h\u1ecdc ch\u01b0\u01a1ng tr\u00ecnh Th\u1ea1c s\u0129, ch\u1ecb ph\u00e1t tri\u1ec3n l\u00fd thuy\u1ebft v\u1ec1 ph\u01b0\u01a1ng ph\u00e1p \u0103n d\u1eb7m cho ph\u00e9p b\u00e9 t\u1ef1 quy\u1ebft \u0111\u1ecbnh (ph\u01b0\u01a1ng ph\u00e1p \u0103n d\u1eb7m BLW) trong khi nghi\u00ean c\u1ee9u s\u1ef1 s\u1eb5n s\u00e0ng c\u1ee7a b\u00e9 v\u1edbi m\u00f3n \u0103n d\u1eb7m. Ch\u1ecb s\u1ed1ng t\u1ea1i Kent v\u1edbi ch\u1ed3ng v\u00e0 c\u00e1c con ch\u1ecb \u0111\u1ec1u \u0111\u00e3 tr\u01b0\u1edfng th\u00e0nh, v\u00e0 c\u00e1c con ch\u1ecb \u0111\u1ec1u g\u1eafng s\u1ee9c ch\u1ee9ng t\u1ecf v\u1edbi m\u1eb9 r\u1eb1ng ch\u00fang kh\u00f4ng c\u1ea7n s\u1ef1 tr\u1ee3 gi\u00fap khi \u0103n d\u1eb7m.<\/p>\n<p>Tracey Murkett l\u00e0 nh\u00e0 v\u0103n v\u00e0 nh\u00e0 b\u00e1o. Sau khi \u00e1p d\u1ee5ng ph\u01b0\u01a1ng ph\u00e1p \u0103n d\u1eb7m cho ph\u00e9p b\u00e9 t\u1ef1 quy\u1ebft \u0111\u1ecbnh v\u1edbi con g\u00e1i, ch\u1ecb mu\u1ed1n ch\u1ee9ng minh v\u1edbi c\u00e1c b\u1eadc cha m\u1eb9 r\u1eb1ng gi\u1edd \u0103n c\u1ee7a b\u00e9 v\u00e0 tr\u1ebb nh\u1ecf c\u00f3 th\u1ec3 v\u00f4 c\u00f9ng th\u00fa v\u1ecb v\u00e0 kh\u00f4ng h\u1ec1 c\u0103ng th\u1eb3ng. Ch\u1ecb s\u1ed1ng \u1edf Lu\u00e2n \u0110\u00f4n v\u1edbi ch\u1ed3ng v\u00e0 con g\u00e1i 6 tu\u1ed5i.<\/p>\n","protected":false},"excerpt":{"rendered":"<p>\u0102n d\u1eb7m l\u00e0 s\u1ef1 thay \u0111\u1ed5i d\u1ea7n d\u1ea7n c\u1ee7a b\u00e9, chuy\u1ec3n t\u1eeb vi\u1ec7c ch\u1ec9 \u0103n s\u1eefa m\u1eb9 ho\u1eb7c s\u1eefa b\u1ed9t sang th\u00f4i b\u00fa m\u1eb9 ho\u1eb7c s\u1eefa b\u1ed9t. S\u1ef1 thay \u0111\u1ed5i n\u00e0y m\u1ea5t t\u1ed1i thi\u1ec3u 6 th\u00e1ng nh\u01b0ng c\u0169ng c\u00f3 th\u1ec3 k\u00e9o d\u00e0i v\u00e0i n\u0103m, \u0111\u1eb7c bi\u1ec7t l\u00e0 \u0111\u1ed1i v\u1edbi c\u00e1c b\u00e9 b\u00fa m\u1eb9. Cu\u1ed1n s\u00e1ch n\u00e0y vi\u1ebft v\u1ec1 giai \u0111o\u1ea1n \u0111\u1ea7u c\u1ee7a qu\u00e1 tr\u00ecnh \u0103n d\u1eb7m, b\u1eaft \u0111\u1ea7u v\u1edbi l\u1ea7n \u0111\u1ea7u ti\u00ean b\u00e9 \u0103n d\u1eb7m.<\/p>\n<p>Nh\u1eefng m\u00f3n \u0103n d\u1eb7m \u0111\u1ea7u ti\u00ean \u2013 \u0111\u00f4i khi c\u00f2n \u0111\u01b0\u1ee3c g\u1ecdi l\u00e0 th\u1ee9c \u0103n b\u1ed5 sung \u2013 kh\u00f4ng c\u00f3 ngh\u0129a l\u00e0 thay th\u1ebf s\u1eefa m\u1eb9 ho\u1eb7c s\u1eefa b\u1ed9t, thay v\u00e0o \u0111\u00f3, s\u1ebd b\u1ed5 sung cho ch\u1ebf \u0111\u1ed9 \u0103n n\u00e0y, \u0111\u1ec3 b\u1eefa \u0103n c\u1ee7a b\u00e9 ng\u00e0y c\u00e0ng th\u00eam \u0111a d\u1ea1ng.<\/p>\n<p>Trong h\u1ea7u h\u1ebft c\u00e1c gia \u0111\u00ecnh, th\u1eddi \u0111i\u1ec3m \u0103n d\u1eb7m do cha m\u1eb9 quy\u1ebft \u0111\u1ecbnh. Khi cha m\u1eb9 b\u1eaft \u0111\u1ea7u \u0111\u00fat th\u00eca cho b\u00e9 \u0103n, h\u1ecd c\u0169ng quy\u1ebft \u0111\u1ecbnh th\u1eddi \u0111i\u1ec3m v\u00e0 c\u00e1ch th\u1ee9c b\u00e9 b\u1eaft \u0111\u1ea7u \u0103n d\u1eb7m; khi h\u1ecd kh\u00f4ng c\u00f2n cho b\u00e9 b\u00fa m\u1eb9 ho\u1eb7c b\u00fa b\u00ecnh, h\u1ecd quy\u1ebft \u0111\u1ecbnh th\u1eddi \u0111i\u1ec3m ng\u1eebng cho \u0103n s\u1eefa. B\u1ea1n c\u00f3 th\u1ec3 g\u1ecdi \u0111\u00f3 l\u00e0 \u0103n d\u1eb7m do-cha-m\u1eb9-quy\u1ebft-\u0111\u1ecbnh. \u0102n d\u1eb7m do-b\u00e9-quy\u1ebft-\u0111\u1ecbnh l\u1ea1i kh\u00e1c. Ph\u01b0\u01a1ng ph\u00e1p n\u00e0y cho ph\u00e9p b\u00e9 d\u1eabn d\u1eaft to\u00e0n b\u1ed9 qu\u00e1 tr\u00ecnh, b\u1eb1ng c\u00e1ch b\u00e9 v\u1eadn d\u1ee5ng b\u1ea3n n\u0103ng v\u00e0 kh\u1ea3 n\u0103ng c\u1ee7a m\u00ecnh. B\u00e9 quy\u1ebft \u0111\u1ecbnh th\u1eddi \u0111i\u1ec3m b\u1eaft \u0111\u1ea7u v\u00e0 k\u1ebft th\u00fac qu\u00e1 tr\u00ecnh \u0103n d\u1eb7m. M\u1eb7c d\u00f9 vi\u1ec7c n\u00e0y c\u00f3 v\u1ebb k\u00ec c\u1ee5c, nh\u01b0ng n\u00f3 s\u1ebd c\u00f3 \u00fd ngh\u0129a tuy\u1ec7t \u0111\u1ed1i khi b\u1ea1n quan s\u00e1t k\u0129 ph\u01b0\u01a1ng th\u1ee9c ph\u00e1t tri\u1ec3n c\u1ee7a b\u00e9.<\/p>\n","protected":false},"featured_media":14237,"template":"","meta":{"_acf_changed":false},"product_brand":[],"product_cat":[19],"product_tag":[81],"class_list":{"0":"post-14238","1":"product","2":"type-product","3":"status-publish","4":"has-post-thumbnail","6":"product_cat-nuoi-day-con","7":"product_tag-sach-gia-uu-dai","9":"first","10":"outofstock","11":"sale","12":"taxable","13":"shipping-taxable","14":"purchasable","15":"product-type-simple"},"supplier_id":null,"supplier_sku":"","barcode":null,"atum_controlled":true,"out_stock_date":"2025-03-01 14:34:05","out_stock_threshold":null,"inheritable":false,"inbound_stock":0,"stock_on_hold":0,"sold_today":0,"sales_last_days":0,"reserved_stock":0,"customer_returns":0,"warehouse_damage":0,"lost_in_post":0,"other_logs":0,"out_stock_days":333,"lost_sales":0,"has_location":false,"update_date":"2026-01-28T23:11:29","atum_locations":[],"atum_stock_status":"outofstock","restock_status":false,"low_stock_amount":"","sales_update_date":"2026-01-28T23:11:29","calc_backorders":null,"acf":{"publisher":{"ID":1474,"post_author":"1","post_date":"2021-02-17 01:12:51","post_date_gmt":"2021-02-16 23:12:51","post_content":"","post_title":"Th\u00e1i H\u00e0","post_excerpt":"","post_status":"publish","comment_status":"closed","ping_status":"closed","post_password":"","post_name":"thai-ha","to_ping":"","pinged":"","post_modified":"2021-02-17 01:12:51","post_modified_gmt":"2021-02-16 23:12:51","post_content_filtered":"","post_parent":0,"guid":"https:\/\/sachviet.eu\/nha-phat-hanh\/thai-ha\/","menu_order":0,"post_type":"publisher","post_mime_type":"","comment_count":"0","filter":"raw"}},"_links":{"self":[{"href":"https:\/\/sachviet.eu\/en\/wp-json\/wp\/v2\/product\/14238","targetHints":{"allow":["GET"]}}],"collection":[{"href":"https:\/\/sachviet.eu\/en\/wp-json\/wp\/v2\/product"}],"about":[{"href":"https:\/\/sachviet.eu\/en\/wp-json\/wp\/v2\/types\/product"}],"wp:featuredmedia":[{"embeddable":true,"href":"https:\/\/sachviet.eu\/en\/wp-json\/wp\/v2\/media\/14237"}],"wp:attachment":[{"href":"https:\/\/sachviet.eu\/en\/wp-json\/wp\/v2\/media?parent=14238"}],"wp:term":[{"taxonomy":"product_brand","embeddable":true,"href":"https:\/\/sachviet.eu\/en\/wp-json\/wp\/v2\/product_brand?post=14238"},{"taxonomy":"product_cat","embeddable":true,"href":"https:\/\/sachviet.eu\/en\/wp-json\/wp\/v2\/product_cat?post=14238"},{"taxonomy":"product_tag","embeddable":true,"href":"https:\/\/sachviet.eu\/en\/wp-json\/wp\/v2\/product_tag?post=14238"}],"curies":[{"name":"wp","href":"https:\/\/api.w.org\/{rel}","templated":true}]}}