{"id":14232,"date":"2021-07-02T23:49:42","date_gmt":"2021-07-02T20:49:42","guid":{"rendered":"https:\/\/sachviet.eu\/shop\/loi-hua-ve-mot-cay-but-chi\/"},"modified":"2021-11-02T18:55:29","modified_gmt":"2021-11-02T16:55:29","slug":"loi-hua-ve-mot-cay-but-chi","status":"publish","type":"product","link":"https:\/\/sachviet.eu\/en\/shop\/loi-hua-ve-mot-cay-but-chi\/","title":{"rendered":"L\u1eddi H\u1ee9a V\u1ec1 M\u1ed9t C\u00e2y B\u00fat Ch\u00ec"},"content":{"rendered":"<p>H\u00e0nh tr\u00ecnh t\u1eeb 25 \u0111\u00f4-la \u0111\u1ebfn 250 tr\u01b0\u1eddng h\u1ecdc d\u00e0nh cho tr\u1ebb em tr\u00ean to\u00e0n c\u1ea7u v\u00e0 c\u00e2u chuy\u1ec7n phi th\u01b0\u1eddng c\u1ee7a m\u1ed9t CEO nu\u00f4i ch\u00ed thay \u0111\u1ed5i th\u1ebf gi\u1edbi b\u1eb1ng gi\u00e1o d\u1ee5c.<\/p>\n<p>Adam Braun b\u1eaft \u0111\u1ea7u l\u00e0m vi\u1ec7c h\u00e8 t\u1ea1i c\u00e1c qu\u1ef9 \u0111\u1ea7u t\u01b0 khi anh m\u1edbi m\u01b0\u1eddi s\u00e1u tu\u1ed5i nh\u1eb1m m\u1ee5c ti\u00eau c\u00f3 \u0111\u01b0\u1ee3c m\u1ed9t s\u1ef1 nghi\u1ec7p th\u00e0nh c\u00f4ng \u1edf ph\u1ed1 Wall. Nh\u01b0ng trong m\u1ed9t chuy\u1ebfn du l\u1ecbch, anh \u0111\u00e3 g\u1eb7p m\u1ed9t c\u1eadu b\u00e9 \u0103n xin tr\u00ean \u0111\u01b0\u1eddng ph\u1ed1 c\u1ee7a \u1ea4n \u0110\u1ed9. Anh h\u1ecfi c\u1eadu mu\u1ed1n \u0111i\u1ec1u g\u00ec nh\u1ea5t tr\u00ean \u0111\u1eddi n\u00e0y, th\u00ec nh\u1eadn \u0111\u01b0\u1ee3c c\u00e2u tr\u1ea3 l\u1eddi \u0111\u01a1n gi\u1ea3n: &#8220;M\u1ed9t c\u00e2y b\u00fat ch\u00ec.&#8221; Ch\u00ednh mong \u01b0\u1edbc nh\u1ecf nhoi n\u00e0y \u0111\u00e3 th\u00f4i th\u00fac Adam l\u00e0m v\u00f4 s\u1ed1 \u0111i\u1ec1u \u0111\u00e1ng kinh ng\u1ea1c tr\u01b0\u1edbc khi th\u00e0nh l\u1eadp ra t\u1ed5 ch\u1ee9c PoP (B\u00fat ch\u00ec h\u1ee9a h\u1eb9n), m\u1ed9t t\u1ed5 ch\u1ee9c m\u00e0 Braun b\u1eaft \u0111\u1ea7u ch\u1ec9 v\u1ebbn v\u1eb9n v\u1edbi 25 \u0111\u00f4-la v\u00e0 sau \u0111\u00f3 x\u00e2y d\u1ef1ng \u0111\u01b0\u1ee3c h\u01a1n 250 tr\u01b0\u1eddng h\u1ecdc tr\u00ean kh\u1eafp th\u1ebf gi\u1edbi.<\/p>\n<p>L\u1eddi h\u1ee9a v\u1ec1 m\u1ed9t c\u00e2y b\u00fat ch\u00ec t\u00e1i hi\u1ec7n l\u1ea1i cu\u1ed9c h\u00e0nh tr\u00ecnh c\u1ee7a Adam Braun. M\u1ed7i ch\u01b0\u01a1ng gi\u1ea3i th\u00edch m\u1ed9t b\u01b0\u1edbc r\u00f5 r\u00e0ng m\u00e0 m\u1ed7i ng\u01b0\u1eddi c\u00f3 th\u1ec3 l\u00e0m \u0111\u1ec3 bi\u1ebfn nh\u1eefng tham v\u1ecdng l\u1edbn nh\u1ea5t c\u1ee7a h\u1ecd th\u00e0nh hi\u1ec7n th\u1ef1c. N\u1ebfu b\u1ea1n c\u1ea3m th\u1ea5y n\u00e1o n\u1ee9c v\u00e0 s\u1eb5n s\u00e0ng cho qu\u00e1 tr\u00ecnh chuy\u1ec3n \u0111\u1ed5i, n\u1ebfu b\u1ea1n \u0111ang t\u00ecm ki\u1ebfm \u0111\u1ecbnh h\u01b0\u1edbng v\u00e0 m\u1ee5c ti\u00eau cu\u1ed9c \u0111\u1eddi, cu\u1ed1n s\u00e1ch n\u00e0y l\u00e0 d\u00e0nh cho b\u1ea1n. \u0110\u01b0\u1ee3c d\u1eabn d\u1eaft b\u1edfi nh\u1eefng c\u00e2u chuy\u1ec7n v\u00e0 c\u00e1c chia s\u1ebb \u0111\u1ea7y c\u1ea3m h\u1ee9ng, cu\u1ed1n s\u00e1ch s\u1ebd cung c\u1ea5p cho b\u1ea1n nh\u1eefng c\u00f4ng c\u1ee5 \u0111\u1ec3 t\u1ea1o n\u00ean m\u1ed9t c\u00e2u chuy\u1ec7n \u0111\u00e1ng k\u1ec3 trong cu\u1ed9c s\u1ed1ng c\u1ee7a ch\u00ednh b\u1ea1n.<\/p>\n<p>\u201cAdam ch\u00ednh l\u00e0 \u0111\u1ea1i di\u1ec7n cho c\u01a1n tr\u1edf m\u00ecnh m\u00e0 th\u1ebf gi\u1edbi c\u1ee7a ch\u00fang ta c\u1ea7n \u2013 c\u01a1n tr\u1edf m\u00ecnh m\u00e0 \u1edf \u0111\u00f3 nh\u1eefng b\u1ed9 \u00f3c s\u00e1ng l\u00e1ng nh\u1ea5t c\u1ee7a th\u1ebf h\u1ec7 ch\u00fang ta t\u1eadp trung gi\u1ea3i quy\u1ebft nh\u1eefng v\u1ea5n \u0111\u1ec1 nh\u1ee9c nh\u1ed1i nh\u1ea5t c\u1ee7a th\u1eddi \u0111\u1ea1i. C\u00e0ng c\u00f3 nhi\u1ec1u ng\u01b0\u1eddi bi\u1ebft \u0111\u1ebfn c\u00e2u chuy\u1ec7n c\u1ee7a anh, c\u01a1n tr\u1edf m\u00ecnh c\u00e0ng di\u1ec5n ra mau l\u1eb9 v\u00e0 d\u1ee9t kho\u00e1t.\u201d<br \/>\n&#8211; Ben Rattray, nh\u00e0 s\u00e1ng l\u1eadp ki\u00eam CEO c\u1ee7a Change.org <\/p>\n<p>\u201cM\u1ed9t c\u00e2u chuy\u1ec7n truy\u1ec1n c\u1ea3m h\u1ee9ng v\u1edbi nh\u1eefng b\u00e0i h\u1ecdc thi\u1ebft y\u1ebfu cho h\u00e0nh tr\u00ecnh ki\u1ebfn t\u1ea1o m\u1ed9t cu\u1ed9c s\u1ed1ng \u0111\u1ea7y \u1eafp \u00fd ngh\u0129a, \u0111am m\u00ea v\u00e0 m\u1ee5c \u0111\u00edch.\u201d<br \/>\n&#8211; Deepak Chopra<\/p>\n","protected":false},"excerpt":{"rendered":"<p>H\u00e0nh tr\u00ecnh t\u1eeb 25 \u0111\u00f4-la \u0111\u1ebfn 250 tr\u01b0\u1eddng h\u1ecdc d\u00e0nh cho tr\u1ebb em tr\u00ean to\u00e0n c\u1ea7u v\u00e0 c\u00e2u chuy\u1ec7n phi th\u01b0\u1eddng c\u1ee7a m\u1ed9t CEO nu\u00f4i ch\u00ed thay \u0111\u1ed5i th\u1ebf gi\u1edbi b\u1eb1ng gi\u00e1o d\u1ee5c.<\/p>\n<p>Adam Braun b\u1eaft \u0111\u1ea7u l\u00e0m vi\u1ec7c h\u00e8 t\u1ea1i c\u00e1c qu\u1ef9 \u0111\u1ea7u t\u01b0 khi anh m\u1edbi m\u01b0\u1eddi s\u00e1u tu\u1ed5i nh\u1eb1m m\u1ee5c ti\u00eau c\u00f3 \u0111\u01b0\u1ee3c m\u1ed9t s\u1ef1 nghi\u1ec7p th\u00e0nh c\u00f4ng \u1edf ph\u1ed1 Wall. Nh\u01b0ng trong m\u1ed9t chuy\u1ebfn du l\u1ecbch, anh \u0111\u00e3 g\u1eb7p m\u1ed9t c\u1eadu b\u00e9 \u0103n xin tr\u00ean \u0111\u01b0\u1eddng ph\u1ed1 c\u1ee7a \u1ea4n \u0110\u1ed9. Anh h\u1ecfi c\u1eadu mu\u1ed1n \u0111i\u1ec1u g\u00ec nh\u1ea5t tr\u00ean \u0111\u1eddi n\u00e0y, th\u00ec nh\u1eadn \u0111\u01b0\u1ee3c c\u00e2u tr\u1ea3 l\u1eddi \u0111\u01a1n gi\u1ea3n: &#8220;M\u1ed9t c\u00e2y b\u00fat ch\u00ec.&#8221; Ch\u00ednh mong \u01b0\u1edbc nh\u1ecf nhoi n\u00e0y \u0111\u00e3 th\u00f4i th\u00fac Adam l\u00e0m v\u00f4 s\u1ed1 \u0111i\u1ec1u \u0111\u00e1ng kinh ng\u1ea1c tr\u01b0\u1edbc khi th\u00e0nh l\u1eadp ra t\u1ed5 ch\u1ee9c PoP (B\u00fat ch\u00ec h\u1ee9a h\u1eb9n), m\u1ed9t t\u1ed5 ch\u1ee9c m\u00e0 Braun b\u1eaft \u0111\u1ea7u ch\u1ec9 v\u1ebbn v\u1eb9n v\u1edbi 25 \u0111\u00f4-la v\u00e0 sau \u0111\u00f3 x\u00e2y d\u1ef1ng \u0111\u01b0\u1ee3c h\u01a1n 250 tr\u01b0\u1eddng h\u1ecdc tr\u00ean kh\u1eafp th\u1ebf gi\u1edbi.<\/p>\n<p>L\u1eddi h\u1ee9a v\u1ec1 m\u1ed9t c\u00e2y b\u00fat ch\u00ec t\u00e1i hi\u1ec7n l\u1ea1i cu\u1ed9c h\u00e0nh tr\u00ecnh c\u1ee7a Adam Braun. M\u1ed7i ch\u01b0\u01a1ng gi\u1ea3i th\u00edch m\u1ed9t b\u01b0\u1edbc r\u00f5 r\u00e0ng m\u00e0 m\u1ed7i ng\u01b0\u1eddi c\u00f3 th\u1ec3 l\u00e0m \u0111\u1ec3 bi\u1ebfn nh\u1eefng tham v\u1ecdng l\u1edbn nh\u1ea5t c\u1ee7a h\u1ecd th\u00e0nh hi\u1ec7n th\u1ef1c. N\u1ebfu b\u1ea1n c\u1ea3m th\u1ea5y n\u00e1o n\u1ee9c v\u00e0 s\u1eb5n s\u00e0ng cho qu\u00e1 tr\u00ecnh chuy\u1ec3n \u0111\u1ed5i, n\u1ebfu b\u1ea1n \u0111ang t\u00ecm ki\u1ebfm \u0111\u1ecbnh h\u01b0\u1edbng v\u00e0 m\u1ee5c ti\u00eau cu\u1ed9c \u0111\u1eddi, cu\u1ed1n s\u00e1ch n\u00e0y l\u00e0 d\u00e0nh cho b\u1ea1n. \u0110\u01b0\u1ee3c d\u1eabn d\u1eaft b\u1edfi nh\u1eefng c\u00e2u chuy\u1ec7n v\u00e0 c\u00e1c chia s\u1ebb \u0111\u1ea7y c\u1ea3m h\u1ee9ng, cu\u1ed1n s\u00e1ch s\u1ebd cung c\u1ea5p cho b\u1ea1n nh\u1eefng c\u00f4ng c\u1ee5 \u0111\u1ec3 t\u1ea1o n\u00ean m\u1ed9t c\u00e2u chuy\u1ec7n \u0111\u00e1ng k\u1ec3 trong cu\u1ed9c s\u1ed1ng c\u1ee7a ch\u00ednh b\u1ea1n.<\/p>\n<p>\u201cAdam ch\u00ednh l\u00e0 \u0111\u1ea1i di\u1ec7n cho c\u01a1n tr\u1edf m\u00ecnh m\u00e0 th\u1ebf gi\u1edbi c\u1ee7a ch\u00fang ta c\u1ea7n \u2013 c\u01a1n tr\u1edf m\u00ecnh m\u00e0 \u1edf \u0111\u00f3 nh\u1eefng b\u1ed9 \u00f3c s\u00e1ng l\u00e1ng nh\u1ea5t c\u1ee7a th\u1ebf h\u1ec7 ch\u00fang ta t\u1eadp trung gi\u1ea3i quy\u1ebft nh\u1eefng v\u1ea5n \u0111\u1ec1 nh\u1ee9c nh\u1ed1i nh\u1ea5t c\u1ee7a th\u1eddi \u0111\u1ea1i. C\u00e0ng c\u00f3 nhi\u1ec1u ng\u01b0\u1eddi bi\u1ebft \u0111\u1ebfn c\u00e2u chuy\u1ec7n c\u1ee7a anh, c\u01a1n tr\u1edf m\u00ecnh c\u00e0ng di\u1ec5n ra mau l\u1eb9 v\u00e0 d\u1ee9t kho\u00e1t.\u201d<br \/>\n&#8211; Ben Rattray, nh\u00e0 s\u00e1ng l\u1eadp ki\u00eam CEO c\u1ee7a Change.org <\/p>\n<p>\u201cM\u1ed9t c\u00e2u chuy\u1ec7n truy\u1ec1n c\u1ea3m h\u1ee9ng v\u1edbi nh\u1eefng b\u00e0i h\u1ecdc thi\u1ebft y\u1ebfu cho h\u00e0nh tr\u00ecnh ki\u1ebfn t\u1ea1o m\u1ed9t cu\u1ed9c s\u1ed1ng \u0111\u1ea7y \u1eafp \u00fd ngh\u0129a, \u0111am m\u00ea v\u00e0 m\u1ee5c \u0111\u00edch.\u201d<br \/>\n&#8211; Deepak Chopra<\/p>\n","protected":false},"featured_media":14223,"template":"","meta":{"_acf_changed":false},"product_brand":[],"product_cat":[15,46],"product_tag":[],"class_list":{"0":"post-14232","1":"product","2":"type-product","3":"status-publish","4":"has-post-thumbnail","6":"product_cat-sach-danh-cho-nguoi-lon","7":"product_cat-ky-nang-song","9":"first","10":"outofstock","11":"taxable","12":"shipping-taxable","13":"purchasable","14":"product-type-simple"},"supplier_id":null,"supplier_sku":"","barcode":null,"atum_controlled":true,"out_stock_date":"2021-11-02 16:55:29","out_stock_threshold":null,"inheritable":false,"inbound_stock":0,"stock_on_hold":0,"sold_today":0,"sales_last_days":0,"reserved_stock":0,"customer_returns":0,"warehouse_damage":0,"lost_in_post":0,"other_logs":0,"out_stock_days":1548,"lost_sales":0,"has_location":false,"update_date":"2026-01-28T23:10:55","atum_locations":[],"atum_stock_status":"outofstock","restock_status":false,"low_stock_amount":"","sales_update_date":"2026-01-28T23:10:55","calc_backorders":null,"acf":{"publisher":{"ID":2817,"post_author":"1","post_date":"2021-02-27 00:00:35","post_date_gmt":"2021-02-26 22:00:35","post_content":"","post_title":"Alpha Books","post_excerpt":"","post_status":"publish","comment_status":"closed","ping_status":"closed","post_password":"","post_name":"alpha-books","to_ping":"","pinged":"","post_modified":"2021-02-27 00:00:35","post_modified_gmt":"2021-02-26 22:00:35","post_content_filtered":"","post_parent":0,"guid":"https:\/\/sachviet.eu\/nha-phat-hanh\/alpha-books\/","menu_order":0,"post_type":"publisher","post_mime_type":"","comment_count":"0","filter":"raw"}},"_links":{"self":[{"href":"https:\/\/sachviet.eu\/en\/wp-json\/wp\/v2\/product\/14232","targetHints":{"allow":["GET"]}}],"collection":[{"href":"https:\/\/sachviet.eu\/en\/wp-json\/wp\/v2\/product"}],"about":[{"href":"https:\/\/sachviet.eu\/en\/wp-json\/wp\/v2\/types\/product"}],"wp:featuredmedia":[{"embeddable":true,"href":"https:\/\/sachviet.eu\/en\/wp-json\/wp\/v2\/media\/14223"}],"wp:attachment":[{"href":"https:\/\/sachviet.eu\/en\/wp-json\/wp\/v2\/media?parent=14232"}],"wp:term":[{"taxonomy":"product_brand","embeddable":true,"href":"https:\/\/sachviet.eu\/en\/wp-json\/wp\/v2\/product_brand?post=14232"},{"taxonomy":"product_cat","embeddable":true,"href":"https:\/\/sachviet.eu\/en\/wp-json\/wp\/v2\/product_cat?post=14232"},{"taxonomy":"product_tag","embeddable":true,"href":"https:\/\/sachviet.eu\/en\/wp-json\/wp\/v2\/product_tag?post=14232"}],"curies":[{"name":"wp","href":"https:\/\/api.w.org\/{rel}","templated":true}]}}