{"id":14194,"date":"2021-07-02T23:47:27","date_gmt":"2021-07-02T20:47:27","guid":{"rendered":"https:\/\/sachviet.eu\/shop\/toi-thich-ban-than-no-luc-hon\/"},"modified":"2022-10-25T14:43:18","modified_gmt":"2022-10-25T11:43:18","slug":"toi-thich-ban-than-no-luc-hon","status":"publish","type":"product","link":"https:\/\/sachviet.eu\/en\/shop\/toi-thich-ban-than-no-luc-hon\/","title":{"rendered":"T\u00f4i Th\u00edch B\u1ea3n Th\u00e2n N\u1ed7 L\u1ef1c H\u01a1n"},"content":{"rendered":"<p>\u201cM\u1ed9t l\u00e0 kh\u00f4ng c\u00f3 b\u1ed1i c\u1ea3nh, hai l\u00e0 kh\u00f4ng c\u00f3 ti\u1ec1n, ba l\u00e0 kh\u00f4ng c\u00f3 m\u1ed1i quan h\u1ec7, ch\u1ec9 c\u00f3 th\u1ec3 tr\u00f4ng c\u1eady v\u00e0o ch\u00ednh m\u00ecnh\u201d. N\u1ebfu b\u1ea1n \u0111\u00e3 t\u1eebng c\u00f3 \u00fd ngh\u0129 nh\u01b0 v\u1eady, th\u00ec m\u1ed9t cu\u1ed1n s\u00e1ch nh\u01b0 \u201cT\u00f4i th\u00edch b\u1ea3n th\u00e2n n\u1ed7 l\u1ef1c h\u01a1n\u201d ch\u00ednh l\u00e0 ti\u1ebfng l\u00f2ng d\u00e0nh cho b\u1ea1n.<\/p>\n<p>B\u1ea1n c\u00f3 t\u1eebng b\u1ecb ng\u0103n c\u1ea5m, b\u1ecb coi l\u00e0 g\u00e0n d\u1edf khi t\u1eeb b\u1ecf m\u1ed9t c\u00f4ng vi\u1ec7c \u201c \u1ed5n \u0111\u1ecbnh, nh\u00e0n h\u1ea1\u201d \u0111\u1ec3 theo \u0111u\u1ed5i th\u1ee9 g\u1ecdi l\u00e0 \u201c\u0111am m\u00ea\u201d m\u00e0 b\u1ea1n ch\u1ea5p nh\u1eadn \u0111\u00e1nh \u0111\u1ed5i b\u1eb1ng b\u1ea5t c\u1ee9 gi\u00e1 n\u00e0o? Th\u1ea5t b\u1ea1i \u01b0? Nh\u01b0ng n\u1ebfu b\u1ea1n th\u1ef1c s\u1ef1 th\u00e0nh c\u00f4ng nh\u01b0 t\u00e1c gi\u1ea3 c\u1ee7a cu\u1ed1n s\u00e1ch n\u00e0y &#8230;<\/p>\n<p>Li\u1ec7u m\u1eb9 b\u1ea1n s\u1ebd n\u00f3i \u201cTr\u01b0\u1edbc \u0111\u00e2y m\u1eb9 c\u0169ng th\u1ea5y con ng\u1ed1c, kh\u00f4ng ng\u1edd ng\u01b0\u1eddi ng\u1ed1c c\u0169ng c\u00f3 ph\u00fac c\u1ee7a ng\u01b0\u1eddi ng\u1ed1c, s\u1ed1 m\u1ea1ng c\u0169ng kh\u00f4ng t\u1ec7\u2026\u201d<\/p>\n<p>\u201cM\u1eb9 \u00e0, ch\u1edb tin v\u00e0o s\u1ed1 m\u1ea1ng, ph\u1ea3i tin v\u00e0o ch\u00ednh m\u00ecnh!<\/p>\n<p>T\u00f4i v\u1eabn lu\u00f4n tin r\u1eb1ng con ng\u01b0\u1eddi m\u1edbi l\u00e0 \u0110\u1ea5ng C\u1ee9u Th\u1ebf c\u1ee7a m\u00ecnh. Khi g\u1eb7p kh\u00f3 kh\u0103n hay b\u1ebf t\u1eafc, c\u1ea7u xin th\u1ebf l\u1ef1c b\u00ean ngo\u00e0i gi\u00fap \u0111\u1ee1, d\u00f9 l\u00e0 s\u1ed1 m\u1ea1ng hay th\u1ea7n linh c\u0169ng th\u1ebf, c\u0169ng ch\u1ec9 v\u00f4 \u00edch v\u00e0 n\u1ef1c c\u01b0\u1eddi m\u00e0 th\u00f4i. Ng\u01b0\u1eddi c\u00f3 th\u1ec3 t\u1ea1o ra s\u1ef1 thay \u0111\u1ed5i kh\u00f4ng ph\u1ea3i ai kh\u00e1c m\u00e0 l\u00e0 ch\u00ednh b\u1ea1n. B\u1ea1n ch\u1ec9 c\u1ea7n c\u00fai xu\u1ed1ng n\u00f3i v\u1edbi s\u1ef1 y\u1ebfu \u0111u\u1ed1i c\u1ee7a ch\u00ednh m\u00ecnh: \u201c\u0110\u1ee9ng d\u1eady \u0111i!\u201d Khi b\u1ea1n \u0111\u1ee9ng d\u1eady r\u1ed3i s\u1ebd th\u1ea5y \u0111\u01b0\u1ee3c \u0111\u01b0\u1eddng \u0111i.\u201d<\/p>\n<p>Trong x\u00e3 h\u1ed9i n\u00e0y, ch\u00fang ta d\u1ec5 d\u00e0ng nghe \u0111\u01b0\u1ee3c nh\u1eefng c\u00e2u n\u00f3i v\u1ec1 s\u1ef1 bu\u00f4ng th\u1ea3, l\u01b0\u1eddi bi\u1ebfng, v\u00f4 k\u1ef7 lu\u1eadt \u0111\u01b0\u1ee3c t\u00f4 v\u1ebd th\u1eadt \u0111\u1eb9p \u0111\u1ec3 an \u1ee7i ch\u00ednh m\u00ecnh.<\/p>\n<p>Ch\u00fang ta s\u1ebd n\u00f3i, bu\u00f4ng th\u1ea3 b\u1ea3n th\u00e2n ch\u00ednh l\u00e0 \u0111\u1ed1i x\u1eed t\u1ed1t v\u1edbi ch\u00ednh m\u00ecnh.<\/p>\n<p>Ch\u00fang ta s\u1ebd n\u00f3i, l\u00e0m g\u00ec c\u0169ng ph\u1ea3i c\u1ea9n th\u1eadn t\u1eebng li t\u1eebng t\u00ed th\u1eadt s\u1ef1 qu\u00e1 b\u1ee9c b\u1ed1i, qu\u00e1 th\u1ea5t b\u1ea1i\u2026<\/p>\n<p>Th\u1eadt ra kh\u00f4ng h\u1ec1.<\/p>\n<p>\u0110\u1eebng tin v\u00e0o nh\u1eefng th\u1ee9 h\u1ec5 \u0111\u01b0a tay ra l\u00e0 c\u00f3 \u0111\u01b0\u1ee3c, nhanh ch\u00f3ng, xu\u1ea5t ph\u00e1t t\u1eeb b\u1ea3n n\u0103ng, t\u00f9y h\u1ee9ng, kh\u00f4ng r\u00f5 r\u00e0ng. H\u00e3y tin v\u00e0o s\u1ef1 t\u1eeb t\u1ed1n, b\u00ecnh th\u1ea3n, s\u1ee9c m\u1ea1nh t\u00edch ti\u1ec3u th\u00e0nh \u0111\u1ea1i, thi\u1ebft th\u1ef1c, b\u00ecnh t\u0129nh.<\/p>\n<p>\u0110\u1ea7u thai, ch\u00fang ta kh\u00f4ng c\u00f3 s\u1ef1 l\u1ef1a ch\u1ecdn.<\/p>\n<p>\u0110\u00e2y l\u00e0 s\u1ed1 ph\u1eadn kh\u00f4ng th\u1ec3 kh\u1ed1ng ch\u1ebf.<\/p>\n<p>Nh\u01b0ng c\u00f3 m\u1ed9t cu\u1ed9c s\u1ed1ng nh\u01b0 th\u1ebf n\u00e0o, ch\u00fang ta c\u00f3 th\u1ec3 t\u1ea1o ra.<\/p>\n<p>\u0110\u00e2y l\u00e0 v\u1eadn m\u1ec7nh c\u00f3 th\u1ec3 kh\u1ed1ng ch\u1ebf.<\/p>\n<p>Cha m\u1eb9 kh\u00f4ng th\u1ec3 cho b\u1ea1n t\u1ea5t c\u1ea3, nh\u01b0ng b\u1ea1n c\u00f3 th\u1ec3 cho m\u00ecnh m\u1ecdi th\u1ee9 m\u00ecnh mu\u1ed1n. Gi\u1ed1ng nh\u01b0 m\u1ed9t c\u01a1n gi\u00f3, \u1ea3nh h\u01b0\u1edfng \u0111\u1ebfn m\u1ed9t c\u01a1n gi\u00f3 kh\u00e1c; M\u1ed9t \u0111\u1ee3t s\u00f3ng, \u1ea3nh h\u01b0\u1edfng \u0111\u1ebfn m\u1ed9t \u0111\u1ee3t s\u00f3ng kh\u00e1c; M\u1ed9t ng\u01b0\u1eddi ch\u00e1n gh\u00e9t ch\u00ednh m\u00ecnh, t\u1ea5t nhi\u00ean s\u1ebd ch\u1ee9a \u0111\u1ea7y b\u1ea5t m\u00e3n v\u1edbi th\u1ebf gi\u1edbi nh\u01b0ng n\u1ebfu b\u1ea1n ch\u1ecdn s\u1ed1ng m\u1ed9t cu\u1ed9c \u0111\u1eddi \u201cth\u00fa v\u1ecb\u201d th\u00ec h\u00e3y n\u1ed7 l\u1ef1c h\u01a1n b\u1ea1n c\u1ee7a ng\u00e0y h\u00f4m qua!<\/p>\n<p>Cu\u1ed1n s\u00e1ch l\u00e0 l\u1eddi nh\u1eafn g\u1eedi c\u1ee7a m\u1ed9t t\u00e1c gi\u1ea3 Chu Xung \u0111\u1ebfn c\u00e1c b\u1ea1n tr\u1ebb \u0111ang loay hoay tr\u00ean \u0111\u01b0\u1eddng \u0111\u1eddi r\u1eb1ng: \u0110\u1eb1ng n\u00e0o c\u0169ng \u201cm\u1ea5t c\u00f4ng s\u1ed1ng m\u1ed9t l\u1ea7n\u201d, h\u00e3y s\u1ed1ng sao cho x\u1ee9ng \u0111\u00e1ng v\u1edbi tu\u1ed5i tr\u1ebb c\u1ee7a ch\u00ednh m\u00ecnh!<\/p>\n","protected":false},"excerpt":{"rendered":"<p>\u201cM\u1ed9t l\u00e0 kh\u00f4ng c\u00f3 b\u1ed1i c\u1ea3nh, hai l\u00e0 kh\u00f4ng c\u00f3 ti\u1ec1n, ba l\u00e0 kh\u00f4ng c\u00f3 m\u1ed1i quan h\u1ec7, ch\u1ec9 c\u00f3 th\u1ec3 tr\u00f4ng c\u1eady v\u00e0o ch\u00ednh m\u00ecnh\u201d. N\u1ebfu b\u1ea1n \u0111\u00e3 t\u1eebng c\u00f3 \u00fd ngh\u0129 nh\u01b0 v\u1eady, th\u00ec m\u1ed9t cu\u1ed1n s\u00e1ch nh\u01b0 \u201cT\u00f4i th\u00edch b\u1ea3n th\u00e2n n\u1ed7 l\u1ef1c h\u01a1n\u201d ch\u00ednh l\u00e0 ti\u1ebfng l\u00f2ng d\u00e0nh cho b\u1ea1n.<\/p>\n<p>B\u1ea1n c\u00f3 t\u1eebng b\u1ecb ng\u0103n c\u1ea5m, b\u1ecb coi l\u00e0 g\u00e0n d\u1edf khi t\u1eeb b\u1ecf m\u1ed9t c\u00f4ng vi\u1ec7c \u201c \u1ed5n \u0111\u1ecbnh, nh\u00e0n h\u1ea1\u201d \u0111\u1ec3 theo \u0111u\u1ed5i th\u1ee9 g\u1ecdi l\u00e0 \u201c\u0111am m\u00ea\u201d m\u00e0 b\u1ea1n ch\u1ea5p nh\u1eadn \u0111\u00e1nh \u0111\u1ed5i b\u1eb1ng b\u1ea5t c\u1ee9 gi\u00e1 n\u00e0o? Th\u1ea5t b\u1ea1i \u01b0? Nh\u01b0ng n\u1ebfu b\u1ea1n th\u1ef1c s\u1ef1 th\u00e0nh c\u00f4ng nh\u01b0 t\u00e1c gi\u1ea3 c\u1ee7a cu\u1ed1n s\u00e1ch n\u00e0y &#8230;<\/p>\n<p>Li\u1ec7u m\u1eb9 b\u1ea1n s\u1ebd n\u00f3i \u201cTr\u01b0\u1edbc \u0111\u00e2y m\u1eb9 c\u0169ng th\u1ea5y con ng\u1ed1c, kh\u00f4ng ng\u1edd ng\u01b0\u1eddi ng\u1ed1c c\u0169ng c\u00f3 ph\u00fac c\u1ee7a ng\u01b0\u1eddi ng\u1ed1c, s\u1ed1 m\u1ea1ng c\u0169ng kh\u00f4ng t\u1ec7\u2026\u201d<\/p>\n<p>\u201cM\u1eb9 \u00e0, ch\u1edb tin v\u00e0o s\u1ed1 m\u1ea1ng, ph\u1ea3i tin v\u00e0o ch\u00ednh m\u00ecnh!<\/p>\n<p>T\u00f4i v\u1eabn lu\u00f4n tin r\u1eb1ng con ng\u01b0\u1eddi m\u1edbi l\u00e0 \u0110\u1ea5ng C\u1ee9u Th\u1ebf c\u1ee7a m\u00ecnh. Khi g\u1eb7p kh\u00f3 kh\u0103n hay b\u1ebf t\u1eafc, c\u1ea7u xin th\u1ebf l\u1ef1c b\u00ean ngo\u00e0i gi\u00fap \u0111\u1ee1, d\u00f9 l\u00e0 s\u1ed1 m\u1ea1ng hay th\u1ea7n linh c\u0169ng th\u1ebf, c\u0169ng ch\u1ec9 v\u00f4 \u00edch v\u00e0 n\u1ef1c c\u01b0\u1eddi m\u00e0 th\u00f4i. Ng\u01b0\u1eddi c\u00f3 th\u1ec3 t\u1ea1o ra s\u1ef1 thay \u0111\u1ed5i kh\u00f4ng ph\u1ea3i ai kh\u00e1c m\u00e0 l\u00e0 ch\u00ednh b\u1ea1n. B\u1ea1n ch\u1ec9 c\u1ea7n c\u00fai xu\u1ed1ng n\u00f3i v\u1edbi s\u1ef1 y\u1ebfu \u0111u\u1ed1i c\u1ee7a ch\u00ednh m\u00ecnh: \u201c\u0110\u1ee9ng d\u1eady \u0111i!\u201d Khi b\u1ea1n \u0111\u1ee9ng d\u1eady r\u1ed3i s\u1ebd th\u1ea5y \u0111\u01b0\u1ee3c \u0111\u01b0\u1eddng \u0111i.\u201d<\/p>\n<p>Trong x\u00e3 h\u1ed9i n\u00e0y, ch\u00fang ta d\u1ec5 d\u00e0ng nghe \u0111\u01b0\u1ee3c nh\u1eefng c\u00e2u n\u00f3i v\u1ec1 s\u1ef1 bu\u00f4ng th\u1ea3, l\u01b0\u1eddi bi\u1ebfng, v\u00f4 k\u1ef7 lu\u1eadt \u0111\u01b0\u1ee3c t\u00f4 v\u1ebd th\u1eadt \u0111\u1eb9p \u0111\u1ec3 an \u1ee7i ch\u00ednh m\u00ecnh.<\/p>\n<p>Ch\u00fang ta s\u1ebd n\u00f3i, bu\u00f4ng th\u1ea3 b\u1ea3n th\u00e2n ch\u00ednh l\u00e0 \u0111\u1ed1i x\u1eed t\u1ed1t v\u1edbi ch\u00ednh m\u00ecnh.<\/p>\n<p>Ch\u00fang ta s\u1ebd n\u00f3i, l\u00e0m g\u00ec c\u0169ng ph\u1ea3i c\u1ea9n th\u1eadn t\u1eebng li t\u1eebng t\u00ed th\u1eadt s\u1ef1 qu\u00e1 b\u1ee9c b\u1ed1i, qu\u00e1 th\u1ea5t b\u1ea1i\u2026<\/p>\n<p>Th\u1eadt ra kh\u00f4ng h\u1ec1.<\/p>\n<p>\u0110\u1eebng tin v\u00e0o nh\u1eefng th\u1ee9 h\u1ec5 \u0111\u01b0a tay ra l\u00e0 c\u00f3 \u0111\u01b0\u1ee3c, nhanh ch\u00f3ng, xu\u1ea5t ph\u00e1t t\u1eeb b\u1ea3n n\u0103ng, t\u00f9y h\u1ee9ng, kh\u00f4ng r\u00f5 r\u00e0ng. H\u00e3y tin v\u00e0o s\u1ef1 t\u1eeb t\u1ed1n, b\u00ecnh th\u1ea3n, s\u1ee9c m\u1ea1nh t\u00edch ti\u1ec3u th\u00e0nh \u0111\u1ea1i, thi\u1ebft th\u1ef1c, b\u00ecnh t\u0129nh.<\/p>\n<p>\u0110\u1ea7u thai, ch\u00fang ta kh\u00f4ng c\u00f3 s\u1ef1 l\u1ef1a ch\u1ecdn.<\/p>\n<p>\u0110\u00e2y l\u00e0 s\u1ed1 ph\u1eadn kh\u00f4ng th\u1ec3 kh\u1ed1ng ch\u1ebf.<\/p>\n<p>Nh\u01b0ng c\u00f3 m\u1ed9t cu\u1ed9c s\u1ed1ng nh\u01b0 th\u1ebf n\u00e0o, ch\u00fang ta c\u00f3 th\u1ec3 t\u1ea1o ra.<\/p>\n<p>\u0110\u00e2y l\u00e0 v\u1eadn m\u1ec7nh c\u00f3 th\u1ec3 kh\u1ed1ng ch\u1ebf.<\/p>\n<p>Cha m\u1eb9 kh\u00f4ng th\u1ec3 cho b\u1ea1n t\u1ea5t c\u1ea3, nh\u01b0ng b\u1ea1n c\u00f3 th\u1ec3 cho m\u00ecnh m\u1ecdi th\u1ee9 m\u00ecnh mu\u1ed1n. Gi\u1ed1ng nh\u01b0 m\u1ed9t c\u01a1n gi\u00f3, \u1ea3nh h\u01b0\u1edfng \u0111\u1ebfn m\u1ed9t c\u01a1n gi\u00f3 kh\u00e1c; M\u1ed9t \u0111\u1ee3t s\u00f3ng, \u1ea3nh h\u01b0\u1edfng \u0111\u1ebfn m\u1ed9t \u0111\u1ee3t s\u00f3ng kh\u00e1c; M\u1ed9t ng\u01b0\u1eddi ch\u00e1n gh\u00e9t ch\u00ednh m\u00ecnh, t\u1ea5t nhi\u00ean s\u1ebd ch\u1ee9a \u0111\u1ea7y b\u1ea5t m\u00e3n v\u1edbi th\u1ebf gi\u1edbi nh\u01b0ng n\u1ebfu b\u1ea1n ch\u1ecdn s\u1ed1ng m\u1ed9t cu\u1ed9c \u0111\u1eddi \u201cth\u00fa v\u1ecb\u201d th\u00ec h\u00e3y n\u1ed7 l\u1ef1c h\u01a1n b\u1ea1n c\u1ee7a ng\u00e0y h\u00f4m qua!<\/p>\n<p>Cu\u1ed1n s\u00e1ch l\u00e0 l\u1eddi nh\u1eafn g\u1eedi c\u1ee7a m\u1ed9t t\u00e1c gi\u1ea3 Chu Xung \u0111\u1ebfn c\u00e1c b\u1ea1n tr\u1ebb \u0111ang loay hoay tr\u00ean \u0111\u01b0\u1eddng \u0111\u1eddi r\u1eb1ng: \u0110\u1eb1ng n\u00e0o c\u0169ng \u201cm\u1ea5t c\u00f4ng s\u1ed1ng m\u1ed9t l\u1ea7n\u201d, h\u00e3y s\u1ed1ng sao cho x\u1ee9ng \u0111\u00e1ng v\u1edbi tu\u1ed5i tr\u1ebb c\u1ee7a ch\u00ednh m\u00ecnh!<\/p>\n","protected":false},"featured_media":14179,"template":"","meta":{"_acf_changed":false},"product_brand":[],"product_cat":[15,47],"product_tag":[],"class_list":{"0":"post-14194","1":"product","2":"type-product","3":"status-publish","4":"has-post-thumbnail","6":"product_cat-sach-danh-cho-nguoi-lon","7":"product_cat-truyen-ngan-tan-van","9":"first","10":"outofstock","11":"taxable","12":"shipping-taxable","13":"purchasable","14":"product-type-simple"},"supplier_id":null,"supplier_sku":"","barcode":null,"atum_controlled":true,"out_stock_date":"2022-10-25 08:43:18","out_stock_threshold":null,"inheritable":false,"inbound_stock":0,"stock_on_hold":0,"sold_today":0,"sales_last_days":0,"reserved_stock":0,"customer_returns":0,"warehouse_damage":0,"lost_in_post":0,"other_logs":0,"out_stock_days":1191,"lost_sales":0,"has_location":false,"update_date":"2026-01-28T23:10:54","atum_locations":[],"atum_stock_status":"outofstock","restock_status":false,"low_stock_amount":"","sales_update_date":"2026-01-28T23:10:54","calc_backorders":null,"acf":{"publisher":{"ID":1785,"post_author":"1","post_date":"2021-02-17 01:54:46","post_date_gmt":"2021-02-16 23:54:46","post_content":"<!-- wp:flatsome\/uxbuilder -->\n<h1 style=\"text-align: center;\"><strong>AZ VIETNAM<\/strong><\/h1>\n[row]\n\n[col span=\"8\" span__sm=\"12\"]\n\n<p>Th\u00e0nh l\u1eadp n\u0103m: 2015<br \/>V\u1ed1n \u0111\u1ea7u t\u01b0: 4,000,000,000 \u0111\u1ed3ng<br \/><strong>L\u0129nh v\u1ef1c:<\/strong><br \/>- Xu\u1ea5t b\u1ea3n v\u00e0 ph\u00e1t h\u00e0nh v\u0103n h\u00f3a ph\u1ea9m<br \/>- Cung c\u1ea5p v\u0103n h\u00f3a ph\u1ea9m, c\u00e1c s\u1ea3n ph\u1ea9m cho in \u1ea5n, trang thi\u1ebft b\u1ecb cho c\u00e1c th\u01b0 vi\u1ec7n v\u00e0 trung t\u00e2m s\u00e1ch tr\u00ean c\u1ea3 n\u01b0\u1edbc.<br \/>- Th\u1eddi trang v\u00e0 c\u00e1c s\u1ea3n ph\u1ea9m li\u00ean quan \u0111\u1ebfn l\u0129nh v\u1ef1c th\u1eddi trang<br \/>- Xu\u1ea5t nh\u1eadp kh\u1ea9u c\u00e1c s\u1ea3n ph\u1ea9m v\u0103n h\u00f3a<\/p>\n<p><strong>Quy m\u00f4:<\/strong> 60 nh\u00e2n vi\u00ean<br \/>Kh\u1edfi ngu\u1ed3n c\u1ee7a AZ Vi\u1ec7t Nam ng\u00e0y nay l\u00e0 C\u00f4ng ty TNHH Trung t\u00e2m S\u00e1ch v\u00e0 Thi\u1ebft b\u1ecb Th\u01b0 vi\u1ec7n, v\u1edbi ho\u1ea1t \u0111\u1ed9ng \u0111\u1ea7u ti\u00ean l\u00e0 cung c\u1ea5p s\u00e1ch, trang thi\u1ebft b\u1ecb, v\u0103n h\u00f3a ph\u1ea9m cho c\u00e1c th\u01b0 vi\u1ec7n v\u00e0 trung t\u00e2m s\u00e1ch tr\u00ean c\u1ea3 n\u01b0\u1edbc. T\u1eeb cu\u1ed1i n\u0103m 2010 \u0111\u1ebfn nay, ch\u00fang t\u00f4i \u0111\u00e3 kh\u00f4ng ng\u1eebng n\u1ed7 l\u1ef1c khai ph\u00e1 v\u00e0 ph\u00e1t tri\u1ec3n c\u00e1c d\u00f2ng s\u1ea3n ph\u1ea9m m\u1edbi v\u1edbi 8 th\u01b0\u01a1ng hi\u1ec7u uy t\u00edn. \u0110\u1ec3 \u0111\u00e1p \u1ee9ng nhu c\u1ea7u ph\u00e1t tri\u1ec3n ng\u00e0y m\u1ed9t l\u1edbn m\u1ea1nh v\u00e0 t\u1eadp h\u1ee3p c\u00e1c th\u01b0\u01a1ng hi\u1ec7u \u0111\u00e3 \u0111\u01b0\u1ee3c ch\u00fang t\u00f4i x\u00e2y d\u1ef1ng, 2015 C\u00f4ng ty TNHH AZ Vi\u1ec7t Nam \u0111\u00e3 ra \u0111\u1eddi v\u1edbi s\u1ee9 m\u1ec7nh mang \u0111\u1ebfn nhi\u1ec1u h\u01a1n n\u1eefa nh\u1eefng gi\u00e1 tr\u1ecb tinh th\u1ea7n, tri th\u1ee9c ti\u00ean ti\u1ebfn cho ng\u01b0\u1eddi ti\u00eau d\u00f9ng b\u1eb1ng vi\u1ec7c cung c\u1ea5p nh\u1eefng s\u1ea3n ph\u1ea9m c\u00f3 ch\u1ea5t l\u01b0\u1ee3ng.<\/p>\n\n[\/col]\n[col span=\"4\" span__sm=\"12\"]\n\n[ux_image id=\"1836\" image_size=\"medium\"]\n\n\n[\/col]\n\n[\/row]\n\n<!-- \/wp:flatsome\/uxbuilder -->","post_title":"AZ Vi\u1ec7t Nam","post_excerpt":"","post_status":"publish","comment_status":"closed","ping_status":"closed","post_password":"","post_name":"az-viet-nam","to_ping":"","pinged":"","post_modified":"2021-02-17 22:07:10","post_modified_gmt":"2021-02-17 20:07:10","post_content_filtered":"","post_parent":0,"guid":"https:\/\/sachviet.eu\/nha-phat-hanh\/az-viet-nam\/","menu_order":0,"post_type":"publisher","post_mime_type":"","comment_count":"0","filter":"raw"}},"_links":{"self":[{"href":"https:\/\/sachviet.eu\/en\/wp-json\/wp\/v2\/product\/14194","targetHints":{"allow":["GET"]}}],"collection":[{"href":"https:\/\/sachviet.eu\/en\/wp-json\/wp\/v2\/product"}],"about":[{"href":"https:\/\/sachviet.eu\/en\/wp-json\/wp\/v2\/types\/product"}],"wp:featuredmedia":[{"embeddable":true,"href":"https:\/\/sachviet.eu\/en\/wp-json\/wp\/v2\/media\/14179"}],"wp:attachment":[{"href":"https:\/\/sachviet.eu\/en\/wp-json\/wp\/v2\/media?parent=14194"}],"wp:term":[{"taxonomy":"product_brand","embeddable":true,"href":"https:\/\/sachviet.eu\/en\/wp-json\/wp\/v2\/product_brand?post=14194"},{"taxonomy":"product_cat","embeddable":true,"href":"https:\/\/sachviet.eu\/en\/wp-json\/wp\/v2\/product_cat?post=14194"},{"taxonomy":"product_tag","embeddable":true,"href":"https:\/\/sachviet.eu\/en\/wp-json\/wp\/v2\/product_tag?post=14194"}],"curies":[{"name":"wp","href":"https:\/\/api.w.org\/{rel}","templated":true}]}}