{"id":14178,"date":"2021-07-02T23:46:39","date_gmt":"2021-07-02T20:46:39","guid":{"rendered":"https:\/\/sachviet.eu\/shop\/thong-dong-nhu-chu-meo-hong-nang-ben-hien\/"},"modified":"2024-04-06T00:14:56","modified_gmt":"2024-04-05T21:14:56","slug":"thong-dong-nhu-chu-meo-hong-nang-ben-hien","status":"publish","type":"product","link":"https:\/\/sachviet.eu\/en\/shop\/thong-dong-nhu-chu-meo-hong-nang-ben-hien\/","title":{"rendered":"Thong Dong  Nh\u01b0 Ch\u00fa M\u00e8o Hong N\u1eafng B\u00ean Hi\u00ean"},"content":{"rendered":"<p>M\u00e8o lu\u00f4n t\u1ef1 do t\u1ef1 t\u1ea1i. Ch\u00fang \u0111i\u1ec1m t\u0129nh, quan s\u00e1t, kh\u00f4n ngoan, y\u1ec3u \u0111i\u1ec7u, duy\u00ean d\u00e1ng v\u00e0 ki\u00eau h\u00e3nh. Th\u1ef1c t\u1ebf, m\u00e8o t\u00ecm ra b\u00ed quy\u1ebft v\u1ec1 c\u00e1ch ch\u00fang ta n\u00ean s\u1ed1ng nh\u01b0 th\u1ebf n\u00e0o, b\u1ea5t k\u1ec3 ch\u00fang ta thu\u1ed9c gi\u1ed1ng lo\u00e0i g\u00ec! Trong cu\u1ed1n s\u00e1ch n\u00e0y, St\u00e9phane Garnier s\u1ebd cho b\u1ea1n th\u1ea5y nh\u1eefng \u0111i\u1ec1u anh r\u00fat ra t\u1eeb h\u01a1n 15 n\u0103m quan s\u00e1t k\u1ef9 ch\u00fa m\u00e8o c\u1ee7a anh, v\u00e0 ch\u1ec9 cho b\u1ea1n t\u1ea5t c\u1ea3 nh\u1eefng c\u00e1ch \u0111\u1ec3 b\u1ea1n c\u00f3 th\u1ec3 \u00e1p d\u1ee5ng b\u00ed quy\u1ebft c\u1ee7a lo\u00e0i m\u00e8o \u2013 v\u00e0o c\u00f4ng vi\u1ec7c, \u1edf nh\u00e0 v\u00e0 v\u1edbi b\u1ea1n b\u00e8 m\u00ecnh.<\/p>\n","protected":false},"excerpt":{"rendered":"<p>M\u00e8o lu\u00f4n t\u1ef1 do t\u1ef1 t\u1ea1i. Ch\u00fang \u0111i\u1ec1m t\u0129nh, quan s\u00e1t, kh\u00f4n ngoan, y\u1ec3u \u0111i\u1ec7u, duy\u00ean d\u00e1ng v\u00e0 ki\u00eau h\u00e3nh. Th\u1ef1c t\u1ebf, m\u00e8o t\u00ecm ra b\u00ed quy\u1ebft v\u1ec1 c\u00e1ch ch\u00fang ta n\u00ean s\u1ed1ng nh\u01b0 th\u1ebf n\u00e0o, b\u1ea5t k\u1ec3 ch\u00fang ta thu\u1ed9c gi\u1ed1ng lo\u00e0i g\u00ec! Trong cu\u1ed1n s\u00e1ch n\u00e0y, St\u00e9phane Garnier s\u1ebd cho b\u1ea1n th\u1ea5y nh\u1eefng \u0111i\u1ec1u anh r\u00fat ra t\u1eeb h\u01a1n 15 n\u0103m quan s\u00e1t k\u1ef9 ch\u00fa m\u00e8o c\u1ee7a anh, v\u00e0 ch\u1ec9 cho b\u1ea1n t\u1ea5t c\u1ea3 nh\u1eefng c\u00e1ch \u0111\u1ec3 b\u1ea1n c\u00f3 th\u1ec3 \u00e1p d\u1ee5ng b\u00ed quy\u1ebft c\u1ee7a lo\u00e0i m\u00e8o \u2013 v\u00e0o c\u00f4ng vi\u1ec7c, \u1edf nh\u00e0 v\u00e0 v\u1edbi b\u1ea1n b\u00e8 m\u00ecnh.<\/p>\n","protected":false},"featured_media":14167,"template":"","meta":{"_acf_changed":false},"product_brand":[],"product_cat":[15,47],"product_tag":[],"class_list":{"0":"post-14178","1":"product","2":"type-product","3":"status-publish","4":"has-post-thumbnail","6":"product_cat-sach-danh-cho-nguoi-lon","7":"product_cat-truyen-ngan-tan-van","9":"first","10":"outofstock","11":"taxable","12":"shipping-taxable","13":"purchasable","14":"product-type-simple"},"supplier_id":null,"supplier_sku":"","barcode":null,"atum_controlled":true,"out_stock_date":"2024-04-05 21:14:56","out_stock_threshold":null,"inheritable":false,"inbound_stock":0,"stock_on_hold":0,"sold_today":0,"sales_last_days":0,"reserved_stock":0,"customer_returns":0,"warehouse_damage":0,"lost_in_post":0,"other_logs":0,"out_stock_days":663,"lost_sales":0,"has_location":false,"update_date":"2026-01-28T23:10:54","atum_locations":[],"atum_stock_status":"outofstock","restock_status":false,"low_stock_amount":"","sales_update_date":"2026-01-28T23:10:54","calc_backorders":null,"acf":{"publisher":{"ID":1517,"post_author":"1","post_date":"2021-02-17 01:14:41","post_date_gmt":"2021-02-16 23:14:41","post_content":"","post_title":"NXB Tr\u1ebb","post_excerpt":"","post_status":"publish","comment_status":"closed","ping_status":"closed","post_password":"","post_name":"nxb-tre","to_ping":"","pinged":"","post_modified":"2021-02-17 01:14:41","post_modified_gmt":"2021-02-16 23:14:41","post_content_filtered":"","post_parent":0,"guid":"https:\/\/sachviet.eu\/nha-phat-hanh\/nxb-tre\/","menu_order":0,"post_type":"publisher","post_mime_type":"","comment_count":"0","filter":"raw"}},"_links":{"self":[{"href":"https:\/\/sachviet.eu\/en\/wp-json\/wp\/v2\/product\/14178","targetHints":{"allow":["GET"]}}],"collection":[{"href":"https:\/\/sachviet.eu\/en\/wp-json\/wp\/v2\/product"}],"about":[{"href":"https:\/\/sachviet.eu\/en\/wp-json\/wp\/v2\/types\/product"}],"wp:featuredmedia":[{"embeddable":true,"href":"https:\/\/sachviet.eu\/en\/wp-json\/wp\/v2\/media\/14167"}],"wp:attachment":[{"href":"https:\/\/sachviet.eu\/en\/wp-json\/wp\/v2\/media?parent=14178"}],"wp:term":[{"taxonomy":"product_brand","embeddable":true,"href":"https:\/\/sachviet.eu\/en\/wp-json\/wp\/v2\/product_brand?post=14178"},{"taxonomy":"product_cat","embeddable":true,"href":"https:\/\/sachviet.eu\/en\/wp-json\/wp\/v2\/product_cat?post=14178"},{"taxonomy":"product_tag","embeddable":true,"href":"https:\/\/sachviet.eu\/en\/wp-json\/wp\/v2\/product_tag?post=14178"}],"curies":[{"name":"wp","href":"https:\/\/api.w.org\/{rel}","templated":true}]}}