{"id":14153,"date":"2021-07-02T23:45:23","date_gmt":"2021-07-02T20:45:23","guid":{"rendered":"https:\/\/sachviet.eu\/shop\/song-don-gian-cho-minh-thanh-than\/"},"modified":"2022-02-10T18:35:16","modified_gmt":"2022-02-10T16:35:16","slug":"song-don-gian-cho-minh-thanh-than","status":"publish","type":"product","link":"https:\/\/sachviet.eu\/en\/shop\/song-don-gian-cho-minh-thanh-than\/","title":{"rendered":"S\u1ed1ng \u0110\u01a1n Gi\u1ea3n Cho M\u00ecnh Thanh Th\u1ea3n"},"content":{"rendered":"<p>S\u1ed1ng \u0110\u01a1n Gi\u1ea3n Cho M\u00ecnh Thanh Th\u1ea3n<\/p>\n<p>S\u1ed1ng \u0111\u01a1n gi\u1ea3n l\u00e0 s\u1ed1ng nh\u01b0 th\u1ebf n\u00e0o? \u0110\u1ec3 c\u00f3 m\u1ed9t cu\u1ed9c s\u1ed1ng \u0111\u01a1n gi\u1ea3n th\u00ec ph\u1ea3i nh\u01b0 th\u1ebf n\u00e0o? N\u00f3 kh\u00f4ng \u0111\u01a1n gi\u1ea3n nh\u01b0 vi\u1ec7c s\u1eafp x\u1ebfp, d\u1ecdn d\u1eb9p, b\u00e0y bi\u1ec7n l\u1ea1i m\u1ed9t \u0111\u1ed1ng \u0111\u1ed3 v\u1eadt. N\u00f3 c\u0169ng ch\u1eb3ng ph\u1ea3i l\u00e0 s\u1ef1 b\u1eb1ng l\u00f2ng v\u1edbi cu\u1ed9c s\u1ed1ng b\u00ecnh d\u1ecb m\u00e0 b\u1ea1n \u0111ang c\u00f3. M\u00e0 s\u1ed1ng \u0111\u01a1n gi\u1ea3n l\u00e0 nh\u00ecn th\u1ea5u \u0111\u01b0\u1ee3c nh\u1eefng \u0111i\u1ec1u quan tr\u1ecdng \u0111\u1ed1i v\u1edbi b\u1ea3n th\u00e2n m\u00ecnh.<\/p>\n<p>B\u00e2y gi\u1edd, \u0111i\u1ec1u quan tr\u1ecdng nh\u1ea5t b\u1ea1n mu\u1ed1n l\u00e0m cho ch\u00ednh m\u00ecnh l\u00e0 g\u00ec? \u0110i\u1ec1u g\u00ec l\u00e0 th\u1ef1c s\u1ef1 c\u1ea7n thi\u1ebft trong cu\u1ed9c s\u1ed1ng hi\u1ec7n t\u1ea1i c\u1ee7a b\u1ea1n? Ch\u00ednh b\u1ea3n th\u00e2n m\u1ed7i ng\u01b0\u1eddi c\u1ea7n kh\u00e1m ph\u00e1 ra \u0111i\u1ec1u g\u00ec l\u00e0 quan tr\u1ecdng v\u1edbi m\u00ecnh, c\u1ea3 v\u1ec1 v\u1eadt ch\u1ea5t c\u0169ng nh\u01b0 tinh th\u1ea7n. Ch\u1eb3ng ph\u1ea3i khi b\u1ea1n nh\u1eadn ra nh\u1eefng \u0111i\u1ec1u \u0111\u00f3 r\u1ed3i, th\u00ec cu\u1ed9c s\u1ed1ng hay suy ngh\u0129 \u0111\u1ec1u r\u1ea5t \u0111\u01a1n gi\u1ea3n hay sao?<\/p>\n<p>\u0110\u1eebng ch\u1ec9 \u0111\u1ec3 m\u00ecnh b\u1ecb cu\u1ed1n v\u00e0o nh\u1eefng phong c\u1ea3nh \u0111\u1eb9p \u0111\u1ebd ngo\u00e0i kia, h\u00e3y t\u1ef1 tr\u00f2 chuy\u1ec7n v\u1edbi ch\u00ednh b\u1ea3n th\u00e2n. \u0110\u00f4i khi b\u1ea1n h\u00e3y d\u1eebng l\u1ea1i, \u0111\u1ec3 t\u1ef1 h\u1ecfi xem \u201cr\u1ed1t cu\u1ed9c b\u1ea3n th\u00e2n m\u00ecnh l\u00e0 g\u00ec nh\u1ec9?\u201d.<\/p>\n<p>V\u00e0 S\u1ed1ng \u0111\u01a1n gi\u1ea3n cho m\u00ecnh thanh th\u1ea3n s\u1ebd \u0111em \u0111\u1ebfn cho b\u1ea1n nh\u1eefng l\u1eddi khuy\u00ean gi\u1ea3n d\u1ecb, ch\u00e2n th\u00e0nh \u0111\u1ec3 tr\u00fat b\u1ecf b\u1edbt \u0111i nh\u1eefng g\u00e1nh n\u1eb7ng kh\u00f4ng c\u1ea7n thi\u1ebft trong m\u1ecdi kh\u00eda c\u1ea1nh c\u1ee7a cu\u1ed9c s\u1ed1ng h\u1eb1ng ng\u00e0y, \u0111\u1ec3 kh\u00e1m ph\u00e1 ra m\u1ed9t t\u00e2m h\u1ed3n phong ph\u00fa trong con ng\u01b0\u1eddi m\u00ecnh.<\/p>\n<p>M\u1ee5c l\u1ee5c<\/p>\n<p>L\u1eddi n\u00f3i \u0111\u1ea7u<\/p>\n<p>Ch\u01b0\u01a1ng 1: S\u1ed1ng \u0111\u01a1n gi\u1ea3n<\/p>\n<p>Ch\u01b0\u01a1ng 2: V\u1ee9t b\u1ecf, s\u1eafp x\u1ebfp<\/p>\n<p>Ch\u01b0\u01a1ng 3: H\u1ea1nh ph\u00fac l\u00e0 bi\u1ebft \u0111\u1ee7<\/p>\n<p>Ch\u01b0\u01a1ng 4: Kh\u00f4ng \u0111\u1ec3 b\u1ecb chi ph\u1ed1i, kh\u00f4ng \u0111\u1ec3 b\u1ecb cu\u1ed1n v\u00e0o<\/p>\n<p>L\u1eddi k\u1ebft<\/p>\n<p>Gi\u1edbi thi\u1ec7u t\u00e1c gi\u1ea3<\/p>\n<p>Th\u00f4ng tin t\u00e1c gi\u1ea3:<\/p>\n<p>Shunmyo Masuno, sinh n\u0103m 1953 \u1edf t\u1ec9nh Kangawa. L\u00e0 tr\u1ee5 tr\u00ec t\u1ea1i ch\u00f9a Kenkoji, l\u00e0 nh\u00e0 thi\u1ebft k\u1ebf v\u01b0\u1eddn Nh\u1eadt v\u00e0 l\u00e0 gi\u1ea3ng vi\u00ean tr\u01b0\u1eddng \u0110\u1ea1i h\u1ecdc M\u1ef9 thu\u1eadt Tamabijutsu. Sau khi t\u1ed1t nghi\u1ec7p khoa N\u00f4ng nghi\u1ec7p t\u1ea1i tr\u01b0\u1eddng \u0110\u1ea1i h\u1ecdc Tamagawa, \u00f4ng \u0111\u1ebfn ch\u00f9a Soji \u0111\u1ec3 tu h\u00e0nh. \u00d4ng tham gia ho\u1ea1t \u0111\u1ed9ng s\u00e1ng t\u1ea1o s\u00e2n v\u01b0\u1eddn d\u1ef1a tr\u00ean t\u01b0 t\u01b0\u1edfng c\u1ee7a thi\u1ec1n v\u00e0 phong c\u00e1ch truy\u1ec1n th\u1ed1ng c\u1ee7a Nh\u1eadt. Nh\u1eefng t\u00e1c ph\u1ea9m c\u1ee7a \u00f4ng nh\u1eadn \u0111\u01b0\u1ee3c \u0111\u00e1nh gi\u00e1 cao c\u1ea3 trong v\u00e0 ngo\u00e0i n\u01b0\u1edbc. \u00d4ng t\u1eebng nh\u1eadn \u0111\u01b0\u1ee3c gi\u1ea3i th\u01b0\u1edfng ngh\u1ec7 s\u0129 m\u1edbi xu\u1ea5t s\u1eafc v\u1edbi t\u01b0 c\u00e1ch l\u00e0 m\u1ed9t nh\u00e0 thi\u1ebft k\u1ebf v\u01b0\u1eddn Nh\u1eadt. Ngo\u00e0i ra, \u00f4ng c\u00f2n nh\u1eadn \u0111\u01b0\u1ee3c nhi\u1ec1u gi\u1ea3i th\u01b0\u1edfng, b\u1eb1ng khen kh\u00e1c nh\u01b0 B\u1eb1ng khen c\u1ee7a B\u1ed9 tr\u01b0\u1edfng B\u1ed9 Ngo\u1ea1i giao, Hu\u00e2n ch\u01b0\u01a1ng Khen th\u01b0\u1edfng c\u1ee7a To\u00e0n quy\u1ec1n Canada, Hu\u00e2n ch\u01b0\u01a1ng T\u1eadp t\u1ef1 C\u1ed9ng h\u00f2a Li\u00ean bang \u0110\u1ee9c\u2026<\/p>\n","protected":false},"excerpt":{"rendered":"<p>S\u1ed1ng \u0110\u01a1n Gi\u1ea3n Cho M\u00ecnh Thanh Th\u1ea3n<\/p>\n<p>S\u1ed1ng \u0111\u01a1n gi\u1ea3n l\u00e0 s\u1ed1ng nh\u01b0 th\u1ebf n\u00e0o? \u0110\u1ec3 c\u00f3 m\u1ed9t cu\u1ed9c s\u1ed1ng \u0111\u01a1n gi\u1ea3n th\u00ec ph\u1ea3i nh\u01b0 th\u1ebf n\u00e0o? N\u00f3 kh\u00f4ng \u0111\u01a1n gi\u1ea3n nh\u01b0 vi\u1ec7c s\u1eafp x\u1ebfp, d\u1ecdn d\u1eb9p, b\u00e0y bi\u1ec7n l\u1ea1i m\u1ed9t \u0111\u1ed1ng \u0111\u1ed3 v\u1eadt. N\u00f3 c\u0169ng ch\u1eb3ng ph\u1ea3i l\u00e0 s\u1ef1 b\u1eb1ng l\u00f2ng v\u1edbi cu\u1ed9c s\u1ed1ng b\u00ecnh d\u1ecb m\u00e0 b\u1ea1n \u0111ang c\u00f3. M\u00e0 s\u1ed1ng \u0111\u01a1n gi\u1ea3n l\u00e0 nh\u00ecn th\u1ea5u \u0111\u01b0\u1ee3c nh\u1eefng \u0111i\u1ec1u quan tr\u1ecdng \u0111\u1ed1i v\u1edbi b\u1ea3n th\u00e2n m\u00ecnh.<\/p>\n<p>B\u00e2y gi\u1edd, \u0111i\u1ec1u quan tr\u1ecdng nh\u1ea5t b\u1ea1n mu\u1ed1n l\u00e0m cho ch\u00ednh m\u00ecnh l\u00e0 g\u00ec? \u0110i\u1ec1u g\u00ec l\u00e0 th\u1ef1c s\u1ef1 c\u1ea7n thi\u1ebft trong cu\u1ed9c s\u1ed1ng hi\u1ec7n t\u1ea1i c\u1ee7a b\u1ea1n? Ch\u00ednh b\u1ea3n th\u00e2n m\u1ed7i ng\u01b0\u1eddi c\u1ea7n kh\u00e1m ph\u00e1 ra \u0111i\u1ec1u g\u00ec l\u00e0 quan tr\u1ecdng v\u1edbi m\u00ecnh, c\u1ea3 v\u1ec1 v\u1eadt ch\u1ea5t c\u0169ng nh\u01b0 tinh th\u1ea7n. Ch\u1eb3ng ph\u1ea3i khi b\u1ea1n nh\u1eadn ra nh\u1eefng \u0111i\u1ec1u \u0111\u00f3 r\u1ed3i, th\u00ec cu\u1ed9c s\u1ed1ng hay suy ngh\u0129 \u0111\u1ec1u r\u1ea5t \u0111\u01a1n gi\u1ea3n hay sao?<\/p>\n<p>\u0110\u1eebng ch\u1ec9 \u0111\u1ec3 m\u00ecnh b\u1ecb cu\u1ed1n v\u00e0o nh\u1eefng phong c\u1ea3nh \u0111\u1eb9p \u0111\u1ebd ngo\u00e0i kia, h\u00e3y t\u1ef1 tr\u00f2 chuy\u1ec7n v\u1edbi ch\u00ednh b\u1ea3n th\u00e2n. \u0110\u00f4i khi b\u1ea1n h\u00e3y d\u1eebng l\u1ea1i, \u0111\u1ec3 t\u1ef1 h\u1ecfi xem \u201cr\u1ed1t cu\u1ed9c b\u1ea3n th\u00e2n m\u00ecnh l\u00e0 g\u00ec nh\u1ec9?\u201d.<\/p>\n<p>V\u00e0 S\u1ed1ng \u0111\u01a1n gi\u1ea3n cho m\u00ecnh thanh th\u1ea3n s\u1ebd \u0111em \u0111\u1ebfn cho b\u1ea1n nh\u1eefng l\u1eddi khuy\u00ean gi\u1ea3n d\u1ecb, ch\u00e2n th\u00e0nh \u0111\u1ec3 tr\u00fat b\u1ecf b\u1edbt \u0111i nh\u1eefng g\u00e1nh n\u1eb7ng kh\u00f4ng c\u1ea7n thi\u1ebft trong m\u1ecdi kh\u00eda c\u1ea1nh c\u1ee7a cu\u1ed9c s\u1ed1ng h\u1eb1ng ng\u00e0y, \u0111\u1ec3 kh\u00e1m ph\u00e1 ra m\u1ed9t t\u00e2m h\u1ed3n phong ph\u00fa trong con ng\u01b0\u1eddi m\u00ecnh.<\/p>\n","protected":false},"featured_media":14143,"template":"","meta":{"_acf_changed":false},"product_brand":[],"product_cat":[15,47],"product_tag":[],"class_list":{"0":"post-14153","1":"product","2":"type-product","3":"status-publish","4":"has-post-thumbnail","6":"product_cat-sach-danh-cho-nguoi-lon","7":"product_cat-truyen-ngan-tan-van","9":"first","10":"outofstock","11":"taxable","12":"shipping-taxable","13":"purchasable","14":"product-type-simple"},"supplier_id":null,"supplier_sku":"","barcode":null,"atum_controlled":true,"out_stock_date":"2022-02-10 14:35:17","out_stock_threshold":null,"inheritable":false,"inbound_stock":0,"stock_on_hold":0,"sold_today":0,"sales_last_days":0,"reserved_stock":0,"customer_returns":0,"warehouse_damage":0,"lost_in_post":0,"other_logs":0,"out_stock_days":1448,"lost_sales":0,"has_location":false,"update_date":"2026-01-28T23:10:54","atum_locations":[],"atum_stock_status":"outofstock","restock_status":false,"low_stock_amount":"","sales_update_date":"2026-01-28T23:10:54","calc_backorders":null,"acf":{"publisher":{"ID":1474,"post_author":"1","post_date":"2021-02-17 01:12:51","post_date_gmt":"2021-02-16 23:12:51","post_content":"","post_title":"Th\u00e1i H\u00e0","post_excerpt":"","post_status":"publish","comment_status":"closed","ping_status":"closed","post_password":"","post_name":"thai-ha","to_ping":"","pinged":"","post_modified":"2021-02-17 01:12:51","post_modified_gmt":"2021-02-16 23:12:51","post_content_filtered":"","post_parent":0,"guid":"https:\/\/sachviet.eu\/nha-phat-hanh\/thai-ha\/","menu_order":0,"post_type":"publisher","post_mime_type":"","comment_count":"0","filter":"raw"}},"_links":{"self":[{"href":"https:\/\/sachviet.eu\/en\/wp-json\/wp\/v2\/product\/14153","targetHints":{"allow":["GET"]}}],"collection":[{"href":"https:\/\/sachviet.eu\/en\/wp-json\/wp\/v2\/product"}],"about":[{"href":"https:\/\/sachviet.eu\/en\/wp-json\/wp\/v2\/types\/product"}],"wp:featuredmedia":[{"embeddable":true,"href":"https:\/\/sachviet.eu\/en\/wp-json\/wp\/v2\/media\/14143"}],"wp:attachment":[{"href":"https:\/\/sachviet.eu\/en\/wp-json\/wp\/v2\/media?parent=14153"}],"wp:term":[{"taxonomy":"product_brand","embeddable":true,"href":"https:\/\/sachviet.eu\/en\/wp-json\/wp\/v2\/product_brand?post=14153"},{"taxonomy":"product_cat","embeddable":true,"href":"https:\/\/sachviet.eu\/en\/wp-json\/wp\/v2\/product_cat?post=14153"},{"taxonomy":"product_tag","embeddable":true,"href":"https:\/\/sachviet.eu\/en\/wp-json\/wp\/v2\/product_tag?post=14153"}],"curies":[{"name":"wp","href":"https:\/\/api.w.org\/{rel}","templated":true}]}}