{"id":14142,"date":"2021-07-02T23:44:42","date_gmt":"2021-07-02T20:44:42","guid":{"rendered":"https:\/\/sachviet.eu\/shop\/trai-tim-mat-troi\/"},"modified":"2021-11-02T18:55:29","modified_gmt":"2021-11-02T16:55:29","slug":"trai-tim-mat-troi","status":"publish","type":"product","link":"https:\/\/sachviet.eu\/en\/shop\/trai-tim-mat-troi\/","title":{"rendered":"Tr\u00e1i Tim M\u1eb7t Tr\u1eddi"},"content":{"rendered":"<p>Thi\u1ec1n t\u1eadp c\u1ee7a \u0111\u1ea1o B\u1ee5t kh\u1edfi nguy\u00ean t\u1eeb \u0111\u1eddi s\u1ed1ng h\u00e0ng ng\u00e0y c\u1ee7a \u0111\u1ee9c Th\u1ebf T\u00f4n v\u00e0 c\u0169ng \u0111\u01b0\u1ee3c n\u1ebfp s\u1ed1ng \u1ea5y h\u00e0m d\u01b0\u1ee1ng t\u1eebng ng\u00e0y. Truy\u1ec1n th\u1ed1ng thi\u1ec1n t\u1eadp c\u1ee7a \u0111\u1ea1o B\u1ee5t s\u1edf d\u0129 sinh \u0111\u1ed9ng v\u00e0 phong ph\u00fa nh\u01b0 ng\u00e0y nay l\u00e0 do \u0111\u00e3 \u0111\u01b0\u1ee3c nu\u00f4i d\u01b0\u1ee1ng li\u00ean t\u1ee5c b\u1edfi nhi\u1ec1u th\u1ebf h\u1ec7 thi\u1ec1n gi\u1ea3 trong hai ng\u00e0n s\u00e1u tr\u0103m n\u0103m qua. V\u1edbi s\u1ef1 hi\u1ec3u bi\u1ebft t\u01b0\u1eddng t\u1eadn v\u00e0 kinh nghi\u1ec7m s\u1ed1ng thi\u1ec1n d\u00e0o d\u1ea1t c\u1ee7a m\u00ecnh, Thi\u1ec1n s\u01b0 Th\u00edch Nh\u1ea5t H\u1ea1nh \u0111\u00e3 m\u1edf toang c\u00e1nh c\u1eeda \u0111i v\u00e0o n\u1ebfp s\u1ed1ng thi\u1ec1n h\u00f9ng v\u0129 \u1ea5y \u0111\u1ec3 ch\u00fang ta c\u00f3 th\u1ec3 th\u1eeba h\u01b0\u1edfng \u0111\u01b0\u1ee3c su\u1ed1i ngu\u1ed3n tu\u1ec7 gi\u00e1c \u0111\u1ea1o B\u1ee5t. <\/p>\n<p>Thi\u1ec1n trong Tr\u00e1i Tim M\u1eb7t Tr\u1eddi l\u00e0 m\u1ed9t n\u1ebfp s\u1ed1ng s\u1ed1ng \u0111\u1ed9ng. N\u1ebfp s\u1ed1ng \u1ea5y \u0111\u1eb7t n\u1ec1n t\u1ea3ng tr\u00ean s\u1ef1 hi\u1ec3u bi\u1ebft t\u01b0\u1eddng t\u1eadn v\u00e0 trung th\u00e0nh v\u1edbi Ph\u1eadt gi\u00e1o Nguy\u00ean th\u1ee7y, n\u1ebfp s\u1ed1ng \u1ea5y th\u1eeba h\u01b0\u1edfng \u0111\u01b0\u1ee3c s\u1ef1 th\u0103ng hoa v\u00e0 c\u1edfi m\u1edf c\u1ee7a Ph\u1eadt gi\u00e1o \u0110\u1ea1i th\u1eeba, n\u1ebfp s\u1ed1ng \u1ea5y h\u01a1n th\u1ebf n\u1eefa, c\u00f2n th\u1ec3 hi\u1ec7n s\u1ef1 h\u00f2a quy\u1ec7n m\u1ea7u nhi\u1ec7m gi\u1eefa su\u1ed1i ngu\u1ed3n tu\u1ec7 gi\u00e1c \u0111\u1ea1o B\u1ee5t v\u1edbi n\u1ec1n tri\u1ebft h\u1ecdc hi\u1ec7n \u0111\u1ea1i v\u00e0 c\u00e1c kh\u00e1m ph\u00e1 m\u1edbi nh\u1ea5t c\u1ee7a khoa h\u1ecdc th\u1ebf gi\u1edbi. <\/p>\n<p>Qua Tr\u00e1i Tim M\u1eb7t Tr\u1eddi, Thi\u1ec1n s\u01b0 s\u1ebd \u0111\u01b0a nh\u1ecbp th\u1edf mong manh c\u1ee7a tr\u00e1i tim b\u1ea1n h\u00f2a l\u00e0m m\u1ed9t v\u1edbi nh\u1ecbp th\u1edf h\u00f9ng tr\u00e1ng c\u1ee7a m\u1eb7t tr\u1eddi.<\/p>\n","protected":false},"excerpt":{"rendered":"<p>Thi\u1ec1n t\u1eadp c\u1ee7a \u0111\u1ea1o B\u1ee5t kh\u1edfi nguy\u00ean t\u1eeb \u0111\u1eddi s\u1ed1ng h\u00e0ng ng\u00e0y c\u1ee7a \u0111\u1ee9c Th\u1ebf T\u00f4n v\u00e0 c\u0169ng \u0111\u01b0\u1ee3c n\u1ebfp s\u1ed1ng \u1ea5y h\u00e0m d\u01b0\u1ee1ng t\u1eebng ng\u00e0y. Truy\u1ec1n th\u1ed1ng thi\u1ec1n t\u1eadp c\u1ee7a \u0111\u1ea1o B\u1ee5t s\u1edf d\u0129 sinh \u0111\u1ed9ng v\u00e0 phong ph\u00fa nh\u01b0 ng\u00e0y nay l\u00e0 do \u0111\u00e3 \u0111\u01b0\u1ee3c nu\u00f4i d\u01b0\u1ee1ng li\u00ean t\u1ee5c b\u1edfi nhi\u1ec1u th\u1ebf h\u1ec7 thi\u1ec1n gi\u1ea3 trong hai ng\u00e0n s\u00e1u tr\u0103m n\u0103m qua. V\u1edbi s\u1ef1 hi\u1ec3u bi\u1ebft t\u01b0\u1eddng t\u1eadn v\u00e0 kinh nghi\u1ec7m s\u1ed1ng thi\u1ec1n d\u00e0o d\u1ea1t c\u1ee7a m\u00ecnh, Thi\u1ec1n s\u01b0 Th\u00edch Nh\u1ea5t H\u1ea1nh \u0111\u00e3 m\u1edf toang c\u00e1nh c\u1eeda \u0111i v\u00e0o n\u1ebfp s\u1ed1ng thi\u1ec1n h\u00f9ng v\u0129 \u1ea5y \u0111\u1ec3 ch\u00fang ta c\u00f3 th\u1ec3 th\u1eeba h\u01b0\u1edfng \u0111\u01b0\u1ee3c su\u1ed1i ngu\u1ed3n tu\u1ec7 gi\u00e1c \u0111\u1ea1o B\u1ee5t. <\/p>\n<p>Thi\u1ec1n trong Tr\u00e1i Tim M\u1eb7t Tr\u1eddi l\u00e0 m\u1ed9t n\u1ebfp s\u1ed1ng s\u1ed1ng \u0111\u1ed9ng. N\u1ebfp s\u1ed1ng \u1ea5y \u0111\u1eb7t n\u1ec1n t\u1ea3ng tr\u00ean s\u1ef1 hi\u1ec3u bi\u1ebft t\u01b0\u1eddng t\u1eadn v\u00e0 trung th\u00e0nh v\u1edbi Ph\u1eadt gi\u00e1o Nguy\u00ean th\u1ee7y, n\u1ebfp s\u1ed1ng \u1ea5y th\u1eeba h\u01b0\u1edfng \u0111\u01b0\u1ee3c s\u1ef1 th\u0103ng hoa v\u00e0 c\u1edfi m\u1edf c\u1ee7a Ph\u1eadt gi\u00e1o \u0110\u1ea1i th\u1eeba, n\u1ebfp s\u1ed1ng \u1ea5y h\u01a1n th\u1ebf n\u1eefa, c\u00f2n th\u1ec3 hi\u1ec7n s\u1ef1 h\u00f2a quy\u1ec7n m\u1ea7u nhi\u1ec7m gi\u1eefa su\u1ed1i ngu\u1ed3n tu\u1ec7 gi\u00e1c \u0111\u1ea1o B\u1ee5t v\u1edbi n\u1ec1n tri\u1ebft h\u1ecdc hi\u1ec7n \u0111\u1ea1i v\u00e0 c\u00e1c kh\u00e1m ph\u00e1 m\u1edbi nh\u1ea5t c\u1ee7a khoa h\u1ecdc th\u1ebf gi\u1edbi. <\/p>\n<p>Qua Tr\u00e1i Tim M\u1eb7t Tr\u1eddi, Thi\u1ec1n s\u01b0 s\u1ebd \u0111\u01b0a nh\u1ecbp th\u1edf mong manh c\u1ee7a tr\u00e1i tim b\u1ea1n h\u00f2a l\u00e0m m\u1ed9t v\u1edbi nh\u1ecbp th\u1edf h\u00f9ng tr\u00e1ng c\u1ee7a m\u1eb7t tr\u1eddi.<\/p>\n","protected":false},"featured_media":14141,"template":"","meta":{"_acf_changed":false},"product_brand":[],"product_cat":[15,46],"product_tag":[],"class_list":{"0":"post-14142","1":"product","2":"type-product","3":"status-publish","4":"has-post-thumbnail","6":"product_cat-sach-danh-cho-nguoi-lon","7":"product_cat-ky-nang-song","9":"first","10":"outofstock","11":"taxable","12":"shipping-taxable","13":"purchasable","14":"product-type-simple"},"supplier_id":null,"supplier_sku":"","barcode":null,"atum_controlled":true,"out_stock_date":"2021-11-02 16:55:29","out_stock_threshold":null,"inheritable":false,"inbound_stock":0,"stock_on_hold":0,"sold_today":0,"sales_last_days":0,"reserved_stock":0,"customer_returns":0,"warehouse_damage":0,"lost_in_post":0,"other_logs":0,"out_stock_days":1548,"lost_sales":0,"has_location":false,"update_date":"2026-01-28T23:10:54","atum_locations":[],"atum_stock_status":"outofstock","restock_status":false,"low_stock_amount":"","sales_update_date":"2026-01-28T23:10:54","calc_backorders":null,"acf":{"publisher":{"ID":10224,"post_author":"1","post_date":"2021-06-02 18:46:58","post_date_gmt":"2021-06-02 15:46:58","post_content":"","post_title":"Ph\u01b0\u01a1ng Nam","post_excerpt":"","post_status":"publish","comment_status":"closed","ping_status":"closed","post_password":"","post_name":"phuong-nam","to_ping":"","pinged":"","post_modified":"2021-06-02 18:46:58","post_modified_gmt":"2021-06-02 15:46:58","post_content_filtered":"","post_parent":0,"guid":"https:\/\/sachviet.eu\/nha-phat-hanh\/phuong-nam\/","menu_order":0,"post_type":"publisher","post_mime_type":"","comment_count":"0","filter":"raw"}},"_links":{"self":[{"href":"https:\/\/sachviet.eu\/en\/wp-json\/wp\/v2\/product\/14142","targetHints":{"allow":["GET"]}}],"collection":[{"href":"https:\/\/sachviet.eu\/en\/wp-json\/wp\/v2\/product"}],"about":[{"href":"https:\/\/sachviet.eu\/en\/wp-json\/wp\/v2\/types\/product"}],"wp:featuredmedia":[{"embeddable":true,"href":"https:\/\/sachviet.eu\/en\/wp-json\/wp\/v2\/media\/14141"}],"wp:attachment":[{"href":"https:\/\/sachviet.eu\/en\/wp-json\/wp\/v2\/media?parent=14142"}],"wp:term":[{"taxonomy":"product_brand","embeddable":true,"href":"https:\/\/sachviet.eu\/en\/wp-json\/wp\/v2\/product_brand?post=14142"},{"taxonomy":"product_cat","embeddable":true,"href":"https:\/\/sachviet.eu\/en\/wp-json\/wp\/v2\/product_cat?post=14142"},{"taxonomy":"product_tag","embeddable":true,"href":"https:\/\/sachviet.eu\/en\/wp-json\/wp\/v2\/product_tag?post=14142"}],"curies":[{"name":"wp","href":"https:\/\/api.w.org\/{rel}","templated":true}]}}