{"id":14140,"date":"2021-07-02T23:44:37","date_gmt":"2021-07-02T20:44:37","guid":{"rendered":"https:\/\/sachviet.eu\/shop\/dac-nhan-tam-kho-lon\/"},"modified":"2023-02-01T15:48:41","modified_gmt":"2023-02-01T13:48:41","slug":"dac-nhan-tam-kho-lon","status":"publish","type":"product","link":"https:\/\/sachviet.eu\/en\/shop\/dac-nhan-tam-kho-lon\/","title":{"rendered":"\u0110\u1eafc Nh\u00e2n T\u00e2m (Kh\u1ed5 L\u1edbn)"},"content":{"rendered":"<p>\u0110\u1eafc nh\u00e2n t\u00e2m c\u1ee7a Dale Carnegie l\u00e0 quy\u1ec3n s\u00e1ch c\u1ee7a m\u1ecdi th\u1eddi \u0111\u1ea1i v\u00e0 m\u1ed9t hi\u1ec7n t\u01b0\u1ee3ng \u0111\u00e1ng kinh ng\u1ea1c trong ng\u00e0nh xu\u1ea5t b\u1ea3n Hoa K\u1ef3. Trong su\u1ed1t nhi\u1ec1u th\u1eadp k\u1ef7 ti\u1ebfp theo v\u00e0 cho \u0111\u1ebfn t\u1eadn b\u00e2y gi\u1edd, t\u00e1c ph\u1ea9m n\u00e0y v\u1eabn chi\u1ebfm v\u1ecb tr\u00ed s\u1ed1 m\u1ed9t trong danh m\u1ee5c s\u00e1ch b\u00e1n ch\u1ea1y nh\u1ea5t v\u00e0 tr\u1edf th\u00e0nh m\u1ed9t s\u1ef1 ki\u1ec7n c\u00f3 m\u1ed9t kh\u00f4ng hai trong l\u1ecbch s\u1eed ng\u00e0nh xu\u1ea5t b\u1ea3n th\u1ebf gi\u1edbi v\u00e0 \u0111\u01b0\u1ee3c \u0111\u00e1nh gi\u00e1 l\u00e0 m\u1ed9t quy\u1ec3n s\u00e1ch c\u00f3 t\u1ea7m \u1ea3nh h\u01b0\u1edfng nh\u1ea5t m\u1ecdi th\u1eddi \u0111\u1ea1i.<\/p>\n<p>\u0110\u00e2y l\u00e0 cu\u1ed1n s\u00e1ch \u0111\u1ed9c nh\u1ea5t v\u1ec1 th\u1ec3 lo\u1ea1i self-help s\u1edf h\u1eefu m\u1ed9t l\u01b0\u1ee3ng l\u1edbn ng\u01b0\u1eddi h\u00e2m m\u1ed9. Ngo\u00e0i ra cu\u1ed1n s\u00e1ch c\u00f3 doanh s\u1ed1 b\u00e1n ra cao nh\u1ea5t \u0111\u01b0\u1ee3c t\u1edd b\u00e1o The New York Times b\u00ecnh ch\u1ecdn trong nhi\u1ec1u n\u0103m. Cu\u1ed1n s\u00e1ch n\u00e0y kh\u00f4ng c\u00f2n l\u00e0 m\u1ed9t t\u00e1c ph\u1ea9m v\u1ec1 ngh\u1ec7 thu\u1eadt \u0111\u01a1n thu\u1ea7n n\u1eefa m\u00e0 l\u00e0 m\u1ed9t b\u01b0\u1edbc thay \u0111\u1ed5i l\u1edbn trong cu\u1ed9c s\u1ed1ng c\u1ee7a m\u1ed7i ng\u01b0\u1eddi.<\/p>\n<p>Nh\u1edd c\u00f3 t\u1ea7m hi\u1ec3u bi\u1ebft r\u1ed9ng r\u00e3i v\u00e0 kh\u1ea3 n\u0103ng \u2018\u1ee9ng x\u1eed m\u1ed9t c\u00e1ch ngh\u1ec7 thu\u1eadt trong giao  ti\u1ebfp\u2019 \u2013 Dale Carnegie \u0111\u00e3 vi\u1ebft ra m\u1ed9t quy\u1ec3n s\u00e1ch v\u1edbi g\u00f3c nh\u00ecn \u0111\u1ed9c \u0111\u00e1o v\u00e0 m\u1edbi m\u1ebb trong giao ti\u1ebfp h\u00e0ng ng\u00e0y m\u1ed9t c\u00e1ch v\u00f4 c\u00f9ng th\u00fa v\u1ecb \u2013 Th\u00f4ng qua nh\u1eefng m\u1eabu truy\u1ec7n r\u1eddi r\u1ea1c nh\u01b0ng l\u1ea1i \u0111\u1ea7y l\u00fd l\u1ebd thuy\u1ebft ph\u1ee5c. T\u1eeb \u0111\u00f3 t\u00ecm ra nh\u1eefng kinh nghi\u1ec7m \u0111\u1ec3 \u0111\u00fac k\u1ebft ra nh\u1eefng nguy\u00ean t\u1eafc v\u00f4 c\u00f9ng \u2018ng\u01b0\u1ee3c ng\u1ea1o\u2019, nh\u01b0ng c\u0169ng r\u1ea5t logic d\u01b0\u1edbi c\u00e1i nh\u00ecn v\u1eeba s\u00e2u s\u1eafc, v\u1eeba th\u1ef1c t\u1ebf.<\/p>\n<p>H\u01a1n th\u1ebf n\u1eefa, \u0110\u1eafc Nh\u00e2n T\u00e2m c\u00f2n \u0111\u01b0a ra nh\u1eefng ngh\u1ecbch l\u00fd m\u00e0 t\u1eeb l\u00e2u con ng\u01b0\u1eddi ta \u0111\u00e3 hi\u1ec3u l\u1ea7m v\u1ec1 ph\u01b0\u01a1ng h\u01b0\u1edbng giao ti\u1ebfp trong m\u1ea1ng l\u01b0\u1edbi x\u00e3 h\u1ed9i, th\u00ec ra, ng\u01b0\u1eddi giao ti\u1ebfp th\u00f4ng minh kh\u00f4ng ph\u1ea3i l\u00e0 ng\u01b0\u1eddi c\u00f3 th\u1ec3 ph\u00e1t bi\u1ec3u ra nh\u1eefng l\u1eddi hay nh\u1ea5t, m\u00e0 l\u00e0 nh\u1eefng ng\u01b0\u1eddi h\u1ecdc \u0111\u01b0\u1ee3c c\u00e1ch m\u1ec9m c\u01b0\u1eddi, lu\u00f4n bi\u1ebft c\u00e1ch l\u1eafng nghe, v\u00e0 kh\u00edch l\u1ec7 c\u00e2u chuy\u1ec7n c\u1ee7a ng\u01b0\u1eddi kh\u00e1c.<\/p>\n","protected":false},"excerpt":{"rendered":"<p>\u0110\u1eafc nh\u00e2n t\u00e2m c\u1ee7a Dale Carnegie l\u00e0 quy\u1ec3n s\u00e1ch c\u1ee7a m\u1ecdi th\u1eddi \u0111\u1ea1i v\u00e0 m\u1ed9t hi\u1ec7n t\u01b0\u1ee3ng \u0111\u00e1ng kinh ng\u1ea1c trong ng\u00e0nh xu\u1ea5t b\u1ea3n Hoa K\u1ef3. Trong su\u1ed1t nhi\u1ec1u th\u1eadp k\u1ef7 ti\u1ebfp theo v\u00e0 cho \u0111\u1ebfn t\u1eadn b\u00e2y gi\u1edd, t\u00e1c ph\u1ea9m n\u00e0y v\u1eabn chi\u1ebfm v\u1ecb tr\u00ed s\u1ed1 m\u1ed9t trong danh m\u1ee5c s\u00e1ch b\u00e1n ch\u1ea1y nh\u1ea5t v\u00e0 tr\u1edf th\u00e0nh m\u1ed9t s\u1ef1 ki\u1ec7n c\u00f3 m\u1ed9t kh\u00f4ng hai trong l\u1ecbch s\u1eed ng\u00e0nh xu\u1ea5t b\u1ea3n th\u1ebf gi\u1edbi v\u00e0 \u0111\u01b0\u1ee3c \u0111\u00e1nh gi\u00e1 l\u00e0 m\u1ed9t quy\u1ec3n s\u00e1ch c\u00f3 t\u1ea7m \u1ea3nh h\u01b0\u1edfng nh\u1ea5t m\u1ecdi th\u1eddi \u0111\u1ea1i.<\/p>\n<p>\u0110\u00e2y l\u00e0 cu\u1ed1n s\u00e1ch \u0111\u1ed9c nh\u1ea5t v\u1ec1 th\u1ec3 lo\u1ea1i self-help s\u1edf h\u1eefu m\u1ed9t l\u01b0\u1ee3ng l\u1edbn ng\u01b0\u1eddi h\u00e2m m\u1ed9. Ngo\u00e0i ra cu\u1ed1n s\u00e1ch c\u00f3 doanh s\u1ed1 b\u00e1n ra cao nh\u1ea5t \u0111\u01b0\u1ee3c t\u1edd b\u00e1o The New York Times b\u00ecnh ch\u1ecdn trong nhi\u1ec1u n\u0103m. Cu\u1ed1n s\u00e1ch n\u00e0y kh\u00f4ng c\u00f2n l\u00e0 m\u1ed9t t\u00e1c ph\u1ea9m v\u1ec1 ngh\u1ec7 thu\u1eadt \u0111\u01a1n thu\u1ea7n n\u1eefa m\u00e0 l\u00e0 m\u1ed9t b\u01b0\u1edbc thay \u0111\u1ed5i l\u1edbn trong cu\u1ed9c s\u1ed1ng c\u1ee7a m\u1ed7i ng\u01b0\u1eddi.<\/p>\n<p>Nh\u1edd c\u00f3 t\u1ea7m hi\u1ec3u bi\u1ebft r\u1ed9ng r\u00e3i v\u00e0 kh\u1ea3 n\u0103ng \u2018\u1ee9ng x\u1eed m\u1ed9t c\u00e1ch ngh\u1ec7 thu\u1eadt trong giao  ti\u1ebfp\u2019 \u2013 Dale Carnegie \u0111\u00e3 vi\u1ebft ra m\u1ed9t quy\u1ec3n s\u00e1ch v\u1edbi g\u00f3c nh\u00ecn \u0111\u1ed9c \u0111\u00e1o v\u00e0 m\u1edbi m\u1ebb trong giao ti\u1ebfp h\u00e0ng ng\u00e0y m\u1ed9t c\u00e1ch v\u00f4 c\u00f9ng th\u00fa v\u1ecb \u2013 Th\u00f4ng qua nh\u1eefng m\u1eabu truy\u1ec7n r\u1eddi r\u1ea1c nh\u01b0ng l\u1ea1i \u0111\u1ea7y l\u00fd l\u1ebd thuy\u1ebft ph\u1ee5c. T\u1eeb \u0111\u00f3 t\u00ecm ra nh\u1eefng kinh nghi\u1ec7m \u0111\u1ec3 \u0111\u00fac k\u1ebft ra nh\u1eefng nguy\u00ean t\u1eafc v\u00f4 c\u00f9ng \u2018ng\u01b0\u1ee3c ng\u1ea1o\u2019, nh\u01b0ng c\u0169ng r\u1ea5t logic d\u01b0\u1edbi c\u00e1i nh\u00ecn v\u1eeba s\u00e2u s\u1eafc, v\u1eeba th\u1ef1c t\u1ebf.<\/p>\n<p>H\u01a1n th\u1ebf n\u1eefa, \u0110\u1eafc Nh\u00e2n T\u00e2m c\u00f2n \u0111\u01b0a ra nh\u1eefng ngh\u1ecbch l\u00fd m\u00e0 t\u1eeb l\u00e2u con ng\u01b0\u1eddi ta \u0111\u00e3 hi\u1ec3u l\u1ea7m v\u1ec1 ph\u01b0\u01a1ng h\u01b0\u1edbng giao ti\u1ebfp trong m\u1ea1ng l\u01b0\u1edbi x\u00e3 h\u1ed9i, th\u00ec ra, ng\u01b0\u1eddi giao ti\u1ebfp th\u00f4ng minh kh\u00f4ng ph\u1ea3i l\u00e0 ng\u01b0\u1eddi c\u00f3 th\u1ec3 ph\u00e1t bi\u1ec3u ra nh\u1eefng l\u1eddi hay nh\u1ea5t, m\u00e0 l\u00e0 nh\u1eefng ng\u01b0\u1eddi h\u1ecdc \u0111\u01b0\u1ee3c c\u00e1ch m\u1ec9m c\u01b0\u1eddi, lu\u00f4n bi\u1ebft c\u00e1ch l\u1eafng nghe, v\u00e0 kh\u00edch l\u1ec7 c\u00e2u chuy\u1ec7n c\u1ee7a ng\u01b0\u1eddi kh\u00e1c.<\/p>\n","protected":false},"featured_media":14135,"template":"","meta":{"_acf_changed":false},"product_brand":[],"product_cat":[15,46],"product_tag":[],"class_list":{"0":"post-14140","1":"product","2":"type-product","3":"status-publish","4":"has-post-thumbnail","6":"product_cat-sach-danh-cho-nguoi-lon","7":"product_cat-ky-nang-song","9":"first","10":"outofstock","11":"taxable","12":"shipping-taxable","13":"purchasable","14":"product-type-simple"},"supplier_id":null,"supplier_sku":"","barcode":null,"atum_controlled":true,"out_stock_date":"2023-02-01 13:48:41","out_stock_threshold":null,"inheritable":false,"inbound_stock":0,"stock_on_hold":0,"sold_today":0,"sales_last_days":0,"reserved_stock":0,"customer_returns":0,"warehouse_damage":0,"lost_in_post":0,"other_logs":0,"out_stock_days":1092,"lost_sales":0,"has_location":false,"update_date":"2026-01-28T23:10:54","atum_locations":[],"atum_stock_status":"outofstock","restock_status":false,"low_stock_amount":"","sales_update_date":"2026-01-28T23:10:54","calc_backorders":null,"acf":{"publisher":{"ID":6196,"post_author":"1","post_date":"2021-03-15 01:26:01","post_date_gmt":"2021-03-14 23:26:01","post_content":"","post_title":"FIRST NEWS","post_excerpt":"","post_status":"publish","comment_status":"closed","ping_status":"closed","post_password":"","post_name":"first-news","to_ping":"","pinged":"","post_modified":"2021-03-15 01:26:01","post_modified_gmt":"2021-03-14 23:26:01","post_content_filtered":"","post_parent":0,"guid":"https:\/\/sachviet.eu\/blog\/nha-phat-hanh\/first-news\/","menu_order":0,"post_type":"publisher","post_mime_type":"","comment_count":"0","filter":"raw"}},"_links":{"self":[{"href":"https:\/\/sachviet.eu\/en\/wp-json\/wp\/v2\/product\/14140","targetHints":{"allow":["GET"]}}],"collection":[{"href":"https:\/\/sachviet.eu\/en\/wp-json\/wp\/v2\/product"}],"about":[{"href":"https:\/\/sachviet.eu\/en\/wp-json\/wp\/v2\/types\/product"}],"wp:featuredmedia":[{"embeddable":true,"href":"https:\/\/sachviet.eu\/en\/wp-json\/wp\/v2\/media\/14135"}],"wp:attachment":[{"href":"https:\/\/sachviet.eu\/en\/wp-json\/wp\/v2\/media?parent=14140"}],"wp:term":[{"taxonomy":"product_brand","embeddable":true,"href":"https:\/\/sachviet.eu\/en\/wp-json\/wp\/v2\/product_brand?post=14140"},{"taxonomy":"product_cat","embeddable":true,"href":"https:\/\/sachviet.eu\/en\/wp-json\/wp\/v2\/product_cat?post=14140"},{"taxonomy":"product_tag","embeddable":true,"href":"https:\/\/sachviet.eu\/en\/wp-json\/wp\/v2\/product_tag?post=14140"}],"curies":[{"name":"wp","href":"https:\/\/api.w.org\/{rel}","templated":true}]}}