{"id":14134,"date":"2021-07-02T23:44:22","date_gmt":"2021-07-02T20:44:22","guid":{"rendered":"https:\/\/sachviet.eu\/shop\/ngoc-sang-trong-hoa-sen-the-wheel-of-life\/"},"modified":"2024-02-15T23:41:33","modified_gmt":"2024-02-15T21:41:33","slug":"ngoc-sang-trong-hoa-sen-the-wheel-of-life","status":"publish","type":"product","link":"https:\/\/sachviet.eu\/en\/shop\/ngoc-sang-trong-hoa-sen-the-wheel-of-life\/","title":{"rendered":"Ng\u1ecdc S\u00e1ng Trong Hoa Sen &#8211; The Wheel Of Life"},"content":{"rendered":"<p>Ng\u1ecdc s\u00e1ng trong hoa sen (T\u1ef1a ti\u1ebfng Anh: The Wheel of Life) l\u00e0 cu\u1ed1n s\u00e1ch n\u00f3i v\u1ec1 cu\u1ed9c du h\u00e0nh c\u1ee7a \u00f4ng t\u1ea1i ch\u00e2u \u00c1. Xu\u1ea5t b\u1ea3n n\u0103m 1959, quy\u1ec3n s\u00e1ch \u0111\u01b0\u1ee3c s\u1ef1 \u0111\u00f3n nh\u1eadn nhi\u1ec7t th\u00e0nh c\u1ee7a \u0111\u1ed9c gi\u1ea3 v\u1edbi s\u1ed1 b\u00e1n k\u1ef7 l\u1ee5c tr\u00ean m\u1ed9t tri\u1ec7u b\u1ea3n ngay trong n\u0103m \u0111\u1ea7u ti\u00ean ra m\u1eaft. Cho \u0111\u1ebfn nay, d\u00f9 th\u1eddi gian tr\u00f4i qua, nhi\u1ec1u s\u1ef1 ki\u1ec7n \u0111\u00e3 thay \u0111\u1ed5i nh\u01b0ng Ng\u1ecdc s\u00e1ng trong hoa sen v\u1eabn l\u00e0 m\u1ed9t trong nh\u1eefng cu\u1ed1n s\u00e1ch gi\u00e1 tr\u1ecb v\u1ec1 ph\u01b0\u01a1ng \u0110\u00f4ng v\u00e0 th\u01b0\u1eddng \u0111\u01b0\u1ee3c d\u00f9ng l\u00e0m t\u00e0i li\u1ec7u tham kh\u1ea3o trong c\u00e1c tr\u01b0\u1eddng \u0111\u1ea1i h\u1ecdc.<\/p>\n<p>\u0110\u00d4I N\u00c9T V\u1ec0 T\u00c1C GI\u1ea2<\/p>\n<p>John Blofeld l\u00e0 m\u1ed9t h\u1ecdc gi\u1ea3 ng\u01b0\u1eddi Anh, \u0111\u00e3 s\u1ed1ng nhi\u1ec1u n\u0103m t\u1ea1i Trung Hoa, T\u00e2y T\u1ea1ng, \u1ea4n \u0110\u1ed9 v\u00e0 Th\u00e1i Lan. \u00d4ng l\u00e0 m\u1ed9t trong nh\u1eefng ng\u01b0\u1eddi ti\u00ean phong trong vi\u1ec7c gi\u1edbi thi\u1ec7u truy\u1ec1n th\u1ed1ng v\u0103n h\u00f3a, t\u00f4n gi\u00e1o ph\u01b0\u01a1ng \u0110\u00f4ng cho ng\u01b0\u1eddi ph\u01b0\u01a1ng T\u00e2y. <\/p>\n<p>Ngo\u00e0i vi\u1ec7c phi\u00ean d\u1ecbch c\u00e1c t\u00e1c ph\u1ea9m l\u1edbn c\u1ee7a Trung Hoa nh\u01b0 Kinh D\u1ecbch, Kinh Thi, S\u1eed K\u00fd, Nam Hoa Kinh v\u00e0 \u0110\u1ea1o \u0110\u1ee9c Kinh ra ti\u1ebfng Anh, \u00f4ng c\u00f2n so\u1ea1n th\u1ea3o nhi\u1ec1u b\u1ed9 s\u00e1ch gi\u00e1 tr\u1ecb v\u1ec1 Ph\u1eadt gi\u00e1o nh\u01b0 Bodhisattva of Compassion, The Road to Immortality, The Zen teaching of Huang Po, The Zen teaching of Hui Hai, Tantric Mysticism of Tibet. <\/p>\n<p>\u00d4ng l\u00e0 ch\u1ee7 b\u00fat t\u1edd Trung \u0110\u1ea1o (The Middle Way), c\u01a1 quan ng\u00f4n lu\u1eadn c\u1ee7a H\u1ed9i Ph\u1eadt gi\u00e1o Th\u1ebf gi\u1edbi. \u00d4ng qua \u0111\u1eddi n\u0103m 1987. <\/p>\n<p>Th\u00f4ng tin v\u1ec1 d\u1ecbch gi\u1ea3  \u201cNg\u1ecdc S\u00e1ng Trong Hoa Sen\u201d<\/p>\n<p>D\u1ecbch gi\u1ea3 Nguy\u00ean Phong t\u00ean th\u1eadt l\u00e0 V\u0169 V\u0103n Du, sinh n\u0103m 1950 t\u1ea1i H\u00e0 N\u1ed9i. \u00d4ng r\u1eddi Vi\u1ec7t Nam du h\u1ecdc \u1edf Hoa K\u1ef3 t\u1eeb n\u0103m 1968 v\u00e0 t\u1ed1t nghi\u1ec7p cao h\u1ecdc \u1edf hai ng\u00e0nh Sinh v\u1eadt h\u1ecdc v\u00e0 \u0110i\u1ec7n to\u00e1n. Ngo\u00e0i c\u00f4ng vi\u1ec7c ch\u00ednh l\u00e0 m\u1ed9t k\u1ef9 s\u01b0 cao c\u1ea5p t\u1ea1i Boeing trong h\u01a1n 20 n\u0103m, \u00f4ng v\u1eabn ti\u1ebfp t\u1ee5c nghi\u00ean c\u1ee9u trong vai tr\u00f2 nh\u00e0 khoa h\u1ecdc t\u1ea1i \u0110\u1ea1i h\u1ecdc Carnergie Mellon v\u00e0 \u0110\u1ea1i h\u1ecdc Seattle. \u00d4ng c\u00f2n gi\u1ea3ng d\u1ea1y t\u1ea1i m\u1ed9t s\u1ed1 tr\u01b0\u1eddng \u0111\u1ea1i h\u1ecdc qu\u1ed1c t\u1ebf t\u1ea1i Trung Hoa, H\u00e0n Qu\u1ed1c, Nh\u1eadt B\u1ea3n, \u1ea4n \u0110\u1ed9 v\u1ec1 l\u0129nh v\u1ef1c c\u00f4ng ngh\u1ec7 ph\u1ea7n m\u1ec1m.<\/p>\n<p>Song song v\u1edbi vai tr\u00f2 m\u1ed9t nh\u00e0 khoa h\u1ecdc, Nguy\u00ean Phong c\u00f2n l\u00e0 d\u1ecbch gi\u1ea3 n\u1ed5i ti\u1ebfng c\u1ee7a lo\u1ea1t s\u00e1ch v\u1ec1 v\u0103n h\u00f3a v\u00e0 t\u00e2m linh ph\u01b0\u01a1ng \u0110\u00f4ng, chuy\u1ec3n th\u1ec3 t\u1eeb nhi\u1ec1u t\u00e1c ph\u1ea9m c\u1ee7a c\u00e1c h\u1ecdc gi\u1ea3 ph\u01b0\u01a1ng T\u00e2y sau qu\u00e1 tr\u00ecnh t\u00ecm hi\u1ec3u v\u00e0 kh\u00e1m ph\u00e1 c\u00e1c gi\u00e1 tr\u1ecb tinh th\u1ea7n t\u1eeb ph\u01b0\u01a1ng \u0110\u00f4ng. Trong s\u1ed1 \u0111\u00f3, c\u00f3 th\u1ec3 k\u1ec3: H\u00e0nh Tr\u00ecnh v\u1ec1 ph\u01b0\u01a1ng \u0110\u00f4ng, Ng\u1ecdc s\u00e1ng trong hoa sen, B\u00ean r\u1eb7ng Tuy\u1ebft s\u01a1n,  Hoa sen tr\u00ean tuy\u1ebft, Hoa tr\u00f4i tr\u00ean s\u00f3ng n\u01b0\u1edbc, Huy\u1ec1n thu\u1eadt v\u00e0 \u0111\u1ea1o s\u0129 T\u00e2y T\u1ea1ng, Tr\u1edf v\u1ec1 t\u1eeb c\u00f5i s\u00e1ng, Minh Tri\u1ebft trong \u0111\u1eddi s\u1ed1ng, \u0110\u01b0\u1eddng m\u00e2y qua x\u1ee9 tuy\u1ebft,\u2026  <\/p>\n","protected":false},"excerpt":{"rendered":"<p>Ng\u1ecdc s\u00e1ng trong hoa sen (T\u1ef1a ti\u1ebfng Anh: The Wheel of Life) l\u00e0 cu\u1ed1n s\u00e1ch n\u00f3i v\u1ec1 cu\u1ed9c du h\u00e0nh c\u1ee7a \u00f4ng t\u1ea1i ch\u00e2u \u00c1. Xu\u1ea5t b\u1ea3n n\u0103m 1959, quy\u1ec3n s\u00e1ch \u0111\u01b0\u1ee3c s\u1ef1 \u0111\u00f3n nh\u1eadn nhi\u1ec7t th\u00e0nh c\u1ee7a \u0111\u1ed9c gi\u1ea3 v\u1edbi s\u1ed1 b\u00e1n k\u1ef7 l\u1ee5c tr\u00ean m\u1ed9t tri\u1ec7u b\u1ea3n ngay trong n\u0103m \u0111\u1ea7u ti\u00ean ra m\u1eaft. Cho \u0111\u1ebfn nay, d\u00f9 th\u1eddi gian tr\u00f4i qua, nhi\u1ec1u s\u1ef1 ki\u1ec7n \u0111\u00e3 thay \u0111\u1ed5i nh\u01b0ng Ng\u1ecdc s\u00e1ng trong hoa sen v\u1eabn l\u00e0 m\u1ed9t trong nh\u1eefng cu\u1ed1n s\u00e1ch gi\u00e1 tr\u1ecb v\u1ec1 ph\u01b0\u01a1ng \u0110\u00f4ng v\u00e0 th\u01b0\u1eddng \u0111\u01b0\u1ee3c d\u00f9ng l\u00e0m t\u00e0i li\u1ec7u tham kh\u1ea3o trong c\u00e1c tr\u01b0\u1eddng \u0111\u1ea1i h\u1ecdc.<\/p>\n","protected":false},"featured_media":14122,"template":"","meta":{"_acf_changed":false},"product_brand":[],"product_cat":[15,46],"product_tag":[],"class_list":{"0":"post-14134","1":"product","2":"type-product","3":"status-publish","4":"has-post-thumbnail","6":"product_cat-sach-danh-cho-nguoi-lon","7":"product_cat-ky-nang-song","9":"first","10":"outofstock","11":"taxable","12":"shipping-taxable","13":"purchasable","14":"product-type-simple"},"supplier_id":null,"supplier_sku":"","barcode":null,"atum_controlled":true,"out_stock_date":"2024-02-15 21:41:33","out_stock_threshold":null,"inheritable":false,"inbound_stock":0,"stock_on_hold":0,"sold_today":0,"sales_last_days":0,"reserved_stock":0,"customer_returns":0,"warehouse_damage":0,"lost_in_post":0,"other_logs":0,"out_stock_days":713,"lost_sales":0,"has_location":false,"update_date":"2026-01-28T23:10:54","atum_locations":[],"atum_stock_status":"outofstock","restock_status":false,"low_stock_amount":"","sales_update_date":"2026-01-28T23:10:54","calc_backorders":null,"acf":{"publisher":{"ID":6196,"post_author":"1","post_date":"2021-03-15 01:26:01","post_date_gmt":"2021-03-14 23:26:01","post_content":"","post_title":"FIRST NEWS","post_excerpt":"","post_status":"publish","comment_status":"closed","ping_status":"closed","post_password":"","post_name":"first-news","to_ping":"","pinged":"","post_modified":"2021-03-15 01:26:01","post_modified_gmt":"2021-03-14 23:26:01","post_content_filtered":"","post_parent":0,"guid":"https:\/\/sachviet.eu\/blog\/nha-phat-hanh\/first-news\/","menu_order":0,"post_type":"publisher","post_mime_type":"","comment_count":"0","filter":"raw"}},"_links":{"self":[{"href":"https:\/\/sachviet.eu\/en\/wp-json\/wp\/v2\/product\/14134","targetHints":{"allow":["GET"]}}],"collection":[{"href":"https:\/\/sachviet.eu\/en\/wp-json\/wp\/v2\/product"}],"about":[{"href":"https:\/\/sachviet.eu\/en\/wp-json\/wp\/v2\/types\/product"}],"wp:featuredmedia":[{"embeddable":true,"href":"https:\/\/sachviet.eu\/en\/wp-json\/wp\/v2\/media\/14122"}],"wp:attachment":[{"href":"https:\/\/sachviet.eu\/en\/wp-json\/wp\/v2\/media?parent=14134"}],"wp:term":[{"taxonomy":"product_brand","embeddable":true,"href":"https:\/\/sachviet.eu\/en\/wp-json\/wp\/v2\/product_brand?post=14134"},{"taxonomy":"product_cat","embeddable":true,"href":"https:\/\/sachviet.eu\/en\/wp-json\/wp\/v2\/product_cat?post=14134"},{"taxonomy":"product_tag","embeddable":true,"href":"https:\/\/sachviet.eu\/en\/wp-json\/wp\/v2\/product_tag?post=14134"}],"curies":[{"name":"wp","href":"https:\/\/api.w.org\/{rel}","templated":true}]}}