{"id":14121,"date":"2021-07-02T23:43:34","date_gmt":"2021-07-02T20:43:34","guid":{"rendered":"https:\/\/sachviet.eu\/shop\/minh-triet-trong-doi-song-tai-ban-2019\/"},"modified":"2022-11-05T15:56:30","modified_gmt":"2022-11-05T13:56:30","slug":"minh-triet-trong-doi-song-tai-ban-2019","status":"publish","type":"product","link":"https:\/\/sachviet.eu\/en\/shop\/minh-triet-trong-doi-song-tai-ban-2019\/","title":{"rendered":"Minh Tri\u1ebft Trong \u0110\u1eddi S\u1ed1ng (T\u00e1i B\u1ea3n 2019)"},"content":{"rendered":"<p>Trong th\u1eadp ni\u00ean v\u1eeba qua, t\u00f4i \u0111\u00e3 di\u1ec5n thuy\u1ebft kh\u1eafp n\u01a1i v\u1ec1 nhi\u1ec1u \u0111\u1ec1 t\u00e0i kh\u00e1c nhau nh\u01b0 &#8220;Con \u0111\u01b0\u1eddng chuy\u1ec3n h\u00f3a&#8221;, &#8220;\u0110\u1ecbnh h\u01b0\u1edbng cho t\u01b0\u01a1ng lai&#8221;, &#8220;H\u1ea1nh ph\u00fac v\u00e0 \u0111au kh\u1ed5&#8221;,&#8230; Th\u00ednh gi\u1ea3 c\u1ee7a t\u00f4i g\u1ed3m \u0111\u1ee7 m\u1ecdi h\u1ea1ng ng\u01b0\u1eddi trong x\u00e3 h\u1ed9i, gi\u00e1m \u0111\u1ed1c x\u00ed nghi\u1ec7p, qu\u1ea3n l\u00fd th\u01b0\u01a1ng m\u1ea1i, gi\u00e1o s\u01b0 \u0111\u1ea1i h\u1ecdc, sinh vi\u00ean, h\u1ecdc sinh, qu\u00e2n nh\u00e2n, c\u00f4ng nh\u00e2n, th\u1ee3 thuy\u1ec1n&#8230; Sau bu\u1ed5i n\u00f3i chuy\u1ec7n th\u01b0\u1eddng c\u00f3 ph\u1ea7n th\u1ea3o lu\u1eadn, m\u1ed9t s\u1ed1 ng\u01b0\u1eddi \u0111\u00e3 \u0111\u1eb7t nh\u1eefng c\u00e2u h\u1ecfi t\u01b0\u01a1ng t\u1ef1 nh\u01b0 sau:<\/p>\n<p>&#8211; Cu\u1ed9c \u0111\u1eddi c\u1ee7a t\u00f4i l\u00e0 m\u1ed9t chu\u1ed7i \u0111au kh\u1ed5, b\u00e0 c\u00f3 c\u00e1ch n\u00e0o gi\u00fap t\u00f4i kh\u00f4ng?<\/p>\n<p>&#8211; T\u1ea1i sao nh\u1eefng b\u1ea5t h\u1ea1nh l\u1ea1i x\u1ea3y ra cho t\u00f4i? T\u00f4i \u0111\u00e3 l\u00e0m g\u00ec n\u00ean t\u1ed9i?<\/p>\n<p>&#8211; T\u1ea1i sao l\u00fac n\u00e0o t\u00f4i c\u0169ng c\u1ea3m th\u1ea5y b\u1ea5t an, lo s\u1ee3?<\/p>\n<p>&#8211; L\u00e0m c\u00e1ch n\u00e0o \u0111\u1ec3 m\u1ed9t ng\u01b0\u1eddi b\u00ecnh th\u01b0\u1eddng nh\u01b0 t\u00f4i c\u00f3 th\u1ec3 tho\u1ea3i m\u00e1i trong \u0111\u1eddi s\u1ed1ng hi\u1ec7n t\u1ea1i?<\/p>\n<p>&#8230;<\/p>\n<p>T\u00f4i quan ni\u1ec7m r\u1eb1ng: &#8220;T\u00e2m h\u1ed3n con ng\u01b0\u1eddi hi\u1ec7n nay \u0111\u00e3 tr\u1edf n\u00ean qu\u00e1 m\u00e1y m\u00f3c, th\u1ee5 \u0111\u1ed9ng, kh\u00f4ng th\u1ec3 t\u1ef1 ch\u1eefa cho n\u00f3 b\u1eb1ng c\u00e1c l\u00fd lu\u1eadn th\u00f4ng th\u01b0\u1eddng. N\u00f3 c\u1ea7n ph\u1ea3i \u0111\u01b0\u1ee3c n\u00e2ng l\u00ean m\u1ed9t b\u00ecnh di\u1ec7n kh\u00e1c cao h\u01a1n \u0111\u1ec3 m\u1edf r\u1ed9ng ra, nh\u00ecn m\u1ecdi s\u1ef1 qua m\u1ed9t nh\u00e3n quang m\u1edbi. Ch\u1ec9 c\u00f3 \u00e1p d\u1ee5ng c\u00e1ch \u0111\u00f3 vi\u1ec7c ch\u1eefa tr\u1ecb m\u1edbi mang l\u1ea1i k\u1ebft qu\u1ea3 t\u1ed1t \u0111\u1eb9p \u0111\u01b0\u1ee3c&#8221;<\/p>\n","protected":false},"excerpt":{"rendered":"<p>Trong th\u1eadp ni\u00ean v\u1eeba qua, t\u00f4i \u0111\u00e3 di\u1ec5n thuy\u1ebft kh\u1eafp n\u01a1i v\u1ec1 nhi\u1ec1u \u0111\u1ec1 t\u00e0i kh\u00e1c nhau nh\u01b0 &#8220;Con \u0111\u01b0\u1eddng chuy\u1ec3n h\u00f3a&#8221;, &#8220;\u0110\u1ecbnh h\u01b0\u1edbng cho t\u01b0\u01a1ng lai&#8221;, &#8220;H\u1ea1nh ph\u00fac v\u00e0 \u0111au kh\u1ed5&#8221;,&#8230; Th\u00ednh gi\u1ea3 c\u1ee7a t\u00f4i g\u1ed3m \u0111\u1ee7 m\u1ecdi h\u1ea1ng ng\u01b0\u1eddi trong x\u00e3 h\u1ed9i, gi\u00e1m \u0111\u1ed1c x\u00ed nghi\u1ec7p, qu\u1ea3n l\u00fd th\u01b0\u01a1ng m\u1ea1i, gi\u00e1o s\u01b0 \u0111\u1ea1i h\u1ecdc, sinh vi\u00ean, h\u1ecdc sinh, qu\u00e2n nh\u00e2n, c\u00f4ng nh\u00e2n, th\u1ee3 thuy\u1ec1n&#8230; Sau bu\u1ed5i n\u00f3i chuy\u1ec7n th\u01b0\u1eddng c\u00f3 ph\u1ea7n th\u1ea3o lu\u1eadn, m\u1ed9t s\u1ed1 ng\u01b0\u1eddi \u0111\u00e3 \u0111\u1eb7t nh\u1eefng c\u00e2u h\u1ecfi t\u01b0\u01a1ng t\u1ef1 nh\u01b0 sau:<\/p>\n<p>&#8211; Cu\u1ed9c \u0111\u1eddi c\u1ee7a t\u00f4i l\u00e0 m\u1ed9t chu\u1ed7i \u0111au kh\u1ed5, b\u00e0 c\u00f3 c\u00e1ch n\u00e0o gi\u00fap t\u00f4i kh\u00f4ng?<\/p>\n<p>&#8211; T\u1ea1i sao nh\u1eefng b\u1ea5t h\u1ea1nh l\u1ea1i x\u1ea3y ra cho t\u00f4i? T\u00f4i \u0111\u00e3 l\u00e0m g\u00ec n\u00ean t\u1ed9i?<\/p>\n<p>&#8211; T\u1ea1i sao l\u00fac n\u00e0o t\u00f4i c\u0169ng c\u1ea3m th\u1ea5y b\u1ea5t an, lo s\u1ee3?<\/p>\n<p>&#8211; L\u00e0m c\u00e1ch n\u00e0o \u0111\u1ec3 m\u1ed9t ng\u01b0\u1eddi b\u00ecnh th\u01b0\u1eddng nh\u01b0 t\u00f4i c\u00f3 th\u1ec3 tho\u1ea3i m\u00e1i trong \u0111\u1eddi s\u1ed1ng hi\u1ec7n t\u1ea1i?<\/p>\n<p>T\u00f4i quan ni\u1ec7m r\u1eb1ng: &#8220;T\u00e2m h\u1ed3n con ng\u01b0\u1eddi hi\u1ec7n nay \u0111\u00e3 tr\u1edf n\u00ean qu\u00e1 m\u00e1y m\u00f3c, th\u1ee5 \u0111\u1ed9ng, kh\u00f4ng th\u1ec3 t\u1ef1 ch\u1eefa cho n\u00f3 b\u1eb1ng c\u00e1c l\u00fd lu\u1eadn th\u00f4ng th\u01b0\u1eddng. N\u00f3 c\u1ea7n ph\u1ea3i \u0111\u01b0\u1ee3c n\u00e2ng l\u00ean m\u1ed9t b\u00ecnh di\u1ec7n kh\u00e1c cao h\u01a1n \u0111\u1ec3 m\u1edf r\u1ed9ng ra, nh\u00ecn m\u1ecdi s\u1ef1 qua m\u1ed9t nh\u00e3n quang m\u1edbi. Ch\u1ec9 c\u00f3 \u00e1p d\u1ee5ng c\u00e1ch \u0111\u00f3 vi\u1ec7c ch\u1eefa tr\u1ecb m\u1edbi mang l\u1ea1i k\u1ebft qu\u1ea3 t\u1ed1t \u0111\u1eb9p \u0111\u01b0\u1ee3c&#8221;<\/p>\n","protected":false},"featured_media":14109,"template":"","meta":{"_acf_changed":false},"product_brand":[],"product_cat":[15,46],"product_tag":[],"class_list":{"0":"post-14121","1":"product","2":"type-product","3":"status-publish","4":"has-post-thumbnail","6":"product_cat-sach-danh-cho-nguoi-lon","7":"product_cat-ky-nang-song","9":"first","10":"outofstock","11":"taxable","12":"shipping-taxable","13":"purchasable","14":"product-type-simple"},"supplier_id":null,"supplier_sku":"","barcode":null,"atum_controlled":true,"out_stock_date":"2022-11-05 11:56:30","out_stock_threshold":null,"inheritable":false,"inbound_stock":0,"stock_on_hold":0,"sold_today":0,"sales_last_days":0,"reserved_stock":0,"customer_returns":0,"warehouse_damage":0,"lost_in_post":0,"other_logs":0,"out_stock_days":1180,"lost_sales":0,"has_location":false,"update_date":"2026-01-28T23:10:54","atum_locations":[],"atum_stock_status":"outofstock","restock_status":false,"low_stock_amount":"","sales_update_date":"2026-01-28T23:10:54","calc_backorders":null,"acf":{"publisher":{"ID":6196,"post_author":"1","post_date":"2021-03-15 01:26:01","post_date_gmt":"2021-03-14 23:26:01","post_content":"","post_title":"FIRST NEWS","post_excerpt":"","post_status":"publish","comment_status":"closed","ping_status":"closed","post_password":"","post_name":"first-news","to_ping":"","pinged":"","post_modified":"2021-03-15 01:26:01","post_modified_gmt":"2021-03-14 23:26:01","post_content_filtered":"","post_parent":0,"guid":"https:\/\/sachviet.eu\/blog\/nha-phat-hanh\/first-news\/","menu_order":0,"post_type":"publisher","post_mime_type":"","comment_count":"0","filter":"raw"}},"_links":{"self":[{"href":"https:\/\/sachviet.eu\/en\/wp-json\/wp\/v2\/product\/14121","targetHints":{"allow":["GET"]}}],"collection":[{"href":"https:\/\/sachviet.eu\/en\/wp-json\/wp\/v2\/product"}],"about":[{"href":"https:\/\/sachviet.eu\/en\/wp-json\/wp\/v2\/types\/product"}],"wp:featuredmedia":[{"embeddable":true,"href":"https:\/\/sachviet.eu\/en\/wp-json\/wp\/v2\/media\/14109"}],"wp:attachment":[{"href":"https:\/\/sachviet.eu\/en\/wp-json\/wp\/v2\/media?parent=14121"}],"wp:term":[{"taxonomy":"product_brand","embeddable":true,"href":"https:\/\/sachviet.eu\/en\/wp-json\/wp\/v2\/product_brand?post=14121"},{"taxonomy":"product_cat","embeddable":true,"href":"https:\/\/sachviet.eu\/en\/wp-json\/wp\/v2\/product_cat?post=14121"},{"taxonomy":"product_tag","embeddable":true,"href":"https:\/\/sachviet.eu\/en\/wp-json\/wp\/v2\/product_tag?post=14121"}],"curies":[{"name":"wp","href":"https:\/\/api.w.org\/{rel}","templated":true}]}}