{"id":14104,"date":"2021-07-02T23:32:10","date_gmt":"2021-07-02T20:32:10","guid":{"rendered":"https:\/\/sachviet.eu\/shop\/gentlewoman-quy-co-tao-nha\/"},"modified":"2024-08-12T11:29:26","modified_gmt":"2024-08-12T08:29:26","slug":"gentlewoman-quy-co-tao-nha","status":"publish","type":"product","link":"https:\/\/sachviet.eu\/en\/shop\/gentlewoman-quy-co-tao-nha\/","title":{"rendered":"Gentlewoman &#8211; Qu\u00fd C\u00f4 Tao Nh\u00e3"},"content":{"rendered":"<p>Ph\u1ee5 n\u1eef ng\u00e0y nay ph\u1ea3i \u0111\u1ed1i m\u1eb7t v\u1edbi v\u00f4 v\u00e0n \u00e1p l\u1ef1c kh\u00f3 g\u1ecdi t\u00ean c\u1ee7a cu\u1ed9c s\u1ed1ng hi\u1ec7n \u0111\u1ea1i. \u0110\u1ee7 m\u1ecdi lo\u1ea1i ti\u00eau chu\u1ea9n v\u1ec1 ngo\u1ea1i h\u00ecnh, t\u00ednh c\u00e1ch v\u00e0 c\u00e1ch h\u00e0nh x\u1eed \u0111\u1ed5 xu\u1ed1ng \u0111\u1ea7u ng\u01b0\u1eddi ph\u1ee5 n\u1eef: ph\u1ea3i xinh \u0111\u1eb9p nh\u01b0ng v\u1eabn th\u1eadt t\u1ef1 nhi\u00ean, ph\u1ea3i ph\u00f3ng kho\u00e1ng nh\u01b0ng v\u1eabn h\u00f2a nh\u00e3 v\u00e0 kh\u00e9o l\u00e9o, ph\u1ea3i th\u00f4ng minh v\u00e0 h\u00e0i h\u01b0\u1edbc nh\u01b0ng kh\u00f4ng \u0111\u01b0\u1ee3c x\u1ea5u t\u00ednh, ph\u1ea3i th\u00e0nh \u0111\u1ea1t trong c\u00f4ng vi\u1ec7c nh\u01b0ng v\u1eabn chu to\u00e0n v\u1edbi gia \u0111\u00ecnh, ph\u1ea3i c\u00f3 gu th\u01b0\u1edfng th\u1ee9c tinh t\u1ebf nh\u01b0ng v\u1eabn nhanh nh\u1ea1y v\u1edbi \u0111\u1ee7 lo\u1ea1i tin t\u1ee9c n\u00f3ng b\u1ecfng tay tr\u00ean m\u1ea1ng x\u00e3 h\u1ed9i\u2026 ch\u1ec9 nghe qua th\u00f4i c\u0169ng th\u1ea5y ki\u1ec7t qu\u1ec7 r\u1ed3i.<\/p>\n<p>T\u1eebng ng\u00e0y ch\u00fang ta s\u1ed1ng, th\u1ebf gi\u1edbi ngo\u00e0i kia li\u00ean ti\u1ebfp t\u1ea5n c\u00f4ng v\u00e0 nh\u1eafc nh\u1edf ch\u00fang ta v\u1ec1 nh\u1eefng \u0111i\u1ec1u m\u00e0 m\u00ecnh kh\u00f4ng th\u1ec3 ki\u1ec3m so\u00e1t trong cu\u1ed9c \u0111\u1eddi. Trong t\u00ecnh c\u1ea3nh n\u00e0y, ch\u01b0a bao gi\u1edd vi\u1ec7c th\u1ea5u hi\u1ec3u b\u1ea3n th\u00e2n v\u00e0 cam k\u1ebft tr\u1edf th\u00e0nh \u0111\u1ed3ng minh c\u1ee7a ch\u00ednh m\u00ecnh l\u1ea1i l\u00e0 \u0111i\u1ec1u c\u1ea7n thi\u1ebft v\u1edbi ph\u1ee5 n\u1eef ch\u00fang ta \u0111\u1ebfn th\u1ebf.  B\u1edfi \u0111i\u1ec1u duy nh\u1ea5t m\u00e0 ch\u00fang ta c\u00f3 th\u1ec3 ki\u1ec3m so\u00e1t l\u00e0 ph\u1ea3n \u1ee9ng c\u1ee7a b\u1ea3n th\u00e2n v\u1edbi th\u1ebf gi\u1edbi v\u00e0 l\u1ed1i s\u1ed1ng hi\u1ec7n t\u1ea1i. Trang b\u1ecb cho b\u1ea3n th\u00e2n m\u1ed9t l\u1ed1i t\u01b0 duy s\u00e1ng su\u1ed1t v\u00e0 nh\u1eefng k\u1ef9 n\u0103ng thi\u1ebft th\u1ef1c, nh\u1eb1m h\u01b0\u1edbng t\u1edbi m\u1ed9t cu\u1ed9c \u0111\u1eddi tr\u1ecdn v\u1eb9n v\u00e0 \u00fd ngh\u0129a ch\u00ednh l\u00e0 li\u1ec1u thu\u1ed1c gi\u1ea3i \u0111\u1ed9c m\u00e0 m\u1ed7i ng\u01b0\u1eddi ph\u1ee5 n\u1eef \u0111\u1ec1u c\u1ea7n t\u1ef1 \u201c\u0111i\u1ec1u ch\u1ebf\u201d cho ri\u00eang m\u00ecnh.<\/p>\n<p>Cu\u1ed1n s\u00e1ch n\u00e0y \u1edf \u0111\u00e2y l\u00e0 \u0111\u1ec3 gi\u00fap b\u1ea1n l\u00e0m \u0111\u01b0\u1ee3c \u0111i\u1ec1u n\u00e0y. V\u1edbi 9 ch\u01b0\u01a1ng s\u00e1ch \u0111\u1ea1i di\u1ec7n cho t\u1eebng b\u1ed1i c\u1ea3nh c\u1ee5 th\u1ec3 m\u00e0 ng\u01b0\u1eddi ph\u1ee5 n\u1eef n\u00e0o c\u0169ng s\u1edf h\u1eefu (Khi \u1edf nh\u00e0; Khi \u0111i l\u00e0m; Khi \u1edf m\u1ed9t m\u00ecnh; Khi \u1edf trong m\u1ed9t m\u1ed1i quan h\u1ec7; Khi \u1edf b\u00ean gia \u0111\u00ecnh\u2026) cu\u1ed1n s\u00e1ch n\u00e0y s\u1ebd gi\u00fap b\u1ea1n x\u00e2y d\u1ef1ng n\u00ean m\u1ed9t chi\u1ebfn l\u01b0\u1ee3c t\u1ed5ng th\u1ec3 nh\u1eb1m \u0111\u1ecbnh h\u01b0\u1edbng (l\u1ea1i) cu\u1ed9c s\u1ed1ng c\u1ee7a ch\u00ednh m\u00ecnh theo m\u1ed9t \u0111\u01b0\u1eddng h\u01b0\u1edbng \u00fd ngh\u0129a v\u00e0 gi\u00e0u c\u1ea3m h\u1ee9ng h\u01a1n. Nh\u1eefng ch\u1ec9 d\u1eabn v\u00e0 m\u1eb9o v\u1eb7t trong cu\u1ed1n s\u00e1ch n\u00e0y kh\u00f4ng ch\u1ec9 thi\u1ebft th\u1ef1c, m\u00e0 quan tr\u1ecdng l\u00e0 n\u00f3 hi\u1ec7u qu\u1ea3 v\u00e0 th\u1ef1c t\u1ebf d\u00f9 b\u1ea1n \u0111ang \u1edf b\u1ea5t c\u1ee9 \u0111\u1ed9 tu\u1ed5i n\u00e0o hay \u0111ang s\u1edf h\u1eefu b\u1ed1i c\u1ea3nh x\u00e3 h\u1ed9i nh\u01b0 th\u1ebf n\u00e0o.<\/p>\n<p>STYLORY v\u1ed1n l\u00e0 th\u01b0\u01a1ng hi\u1ec7u n\u1ed5i danh v\u1edbi nh\u1eefng cu\u1ed1n s\u00e1ch s\u00e1ch k\u1ef9 n\u0103ng d\u00e0nh cho Ph\u1ee5 n\u1eef, cu\u1ed1n s\u00e1ch n\u00e0y s\u1ebd th\u00eam m\u1ed9t l\u1ea7n n\u1eefa kh\u1eb3ng \u0111\u1ecbnh l\u00f2ng tin m\u00e0 c\u00e1c \u0111\u1ed9c gi\u1ea3 n\u1eef d\u00e0nh cho ch\u00fang m\u00ecnh.<\/p>\n","protected":false},"excerpt":{"rendered":"<p>Ph\u1ee5 n\u1eef ng\u00e0y nay ph\u1ea3i \u0111\u1ed1i m\u1eb7t v\u1edbi v\u00f4 v\u00e0n \u00e1p l\u1ef1c kh\u00f3 g\u1ecdi t\u00ean c\u1ee7a cu\u1ed9c s\u1ed1ng hi\u1ec7n \u0111\u1ea1i. \u0110\u1ee7 m\u1ecdi lo\u1ea1i ti\u00eau chu\u1ea9n v\u1ec1 ngo\u1ea1i h\u00ecnh, t\u00ednh c\u00e1ch v\u00e0 c\u00e1ch h\u00e0nh x\u1eed \u0111\u1ed5 xu\u1ed1ng \u0111\u1ea7u ng\u01b0\u1eddi ph\u1ee5 n\u1eef: ph\u1ea3i xinh \u0111\u1eb9p nh\u01b0ng v\u1eabn th\u1eadt t\u1ef1 nhi\u00ean, ph\u1ea3i ph\u00f3ng kho\u00e1ng nh\u01b0ng v\u1eabn h\u00f2a nh\u00e3 v\u00e0 kh\u00e9o l\u00e9o, ph\u1ea3i th\u00f4ng minh v\u00e0 h\u00e0i h\u01b0\u1edbc nh\u01b0ng kh\u00f4ng \u0111\u01b0\u1ee3c x\u1ea5u t\u00ednh, ph\u1ea3i th\u00e0nh \u0111\u1ea1t trong c\u00f4ng vi\u1ec7c nh\u01b0ng v\u1eabn chu to\u00e0n v\u1edbi gia \u0111\u00ecnh, ph\u1ea3i c\u00f3 gu th\u01b0\u1edfng th\u1ee9c tinh t\u1ebf nh\u01b0ng v\u1eabn nhanh nh\u1ea1y v\u1edbi \u0111\u1ee7 lo\u1ea1i tin t\u1ee9c n\u00f3ng b\u1ecfng tay tr\u00ean m\u1ea1ng x\u00e3 h\u1ed9i\u2026 ch\u1ec9 nghe qua th\u00f4i c\u0169ng th\u1ea5y ki\u1ec7t qu\u1ec7 r\u1ed3i.<\/p>\n<p>T\u1eebng ng\u00e0y ch\u00fang ta s\u1ed1ng, th\u1ebf gi\u1edbi ngo\u00e0i kia li\u00ean ti\u1ebfp t\u1ea5n c\u00f4ng v\u00e0 nh\u1eafc nh\u1edf ch\u00fang ta v\u1ec1 nh\u1eefng \u0111i\u1ec1u m\u00e0 m\u00ecnh kh\u00f4ng th\u1ec3 ki\u1ec3m so\u00e1t trong cu\u1ed9c \u0111\u1eddi. Trong t\u00ecnh c\u1ea3nh n\u00e0y, ch\u01b0a bao gi\u1edd vi\u1ec7c th\u1ea5u hi\u1ec3u b\u1ea3n th\u00e2n v\u00e0 cam k\u1ebft tr\u1edf th\u00e0nh \u0111\u1ed3ng minh c\u1ee7a ch\u00ednh m\u00ecnh l\u1ea1i l\u00e0 \u0111i\u1ec1u c\u1ea7n thi\u1ebft v\u1edbi ph\u1ee5 n\u1eef ch\u00fang ta \u0111\u1ebfn th\u1ebf.  B\u1edfi \u0111i\u1ec1u duy nh\u1ea5t m\u00e0 ch\u00fang ta c\u00f3 th\u1ec3 ki\u1ec3m so\u00e1t l\u00e0 ph\u1ea3n \u1ee9ng c\u1ee7a b\u1ea3n th\u00e2n v\u1edbi th\u1ebf gi\u1edbi v\u00e0 l\u1ed1i s\u1ed1ng hi\u1ec7n t\u1ea1i. Trang b\u1ecb cho b\u1ea3n th\u00e2n m\u1ed9t l\u1ed1i t\u01b0 duy s\u00e1ng su\u1ed1t v\u00e0 nh\u1eefng k\u1ef9 n\u0103ng thi\u1ebft th\u1ef1c, nh\u1eb1m h\u01b0\u1edbng t\u1edbi m\u1ed9t cu\u1ed9c \u0111\u1eddi tr\u1ecdn v\u1eb9n v\u00e0 \u00fd ngh\u0129a ch\u00ednh l\u00e0 li\u1ec1u thu\u1ed1c gi\u1ea3i \u0111\u1ed9c m\u00e0 m\u1ed7i ng\u01b0\u1eddi ph\u1ee5 n\u1eef \u0111\u1ec1u c\u1ea7n t\u1ef1 \u201c\u0111i\u1ec1u ch\u1ebf\u201d cho ri\u00eang m\u00ecnh.<\/p>\n<p>Cu\u1ed1n s\u00e1ch n\u00e0y \u1edf \u0111\u00e2y l\u00e0 \u0111\u1ec3 gi\u00fap b\u1ea1n l\u00e0m \u0111\u01b0\u1ee3c \u0111i\u1ec1u n\u00e0y. V\u1edbi 9 ch\u01b0\u01a1ng s\u00e1ch \u0111\u1ea1i di\u1ec7n cho t\u1eebng b\u1ed1i c\u1ea3nh c\u1ee5 th\u1ec3 m\u00e0 ng\u01b0\u1eddi ph\u1ee5 n\u1eef n\u00e0o c\u0169ng s\u1edf h\u1eefu (Khi \u1edf nh\u00e0; Khi \u0111i l\u00e0m; Khi \u1edf m\u1ed9t m\u00ecnh; Khi \u1edf trong m\u1ed9t m\u1ed1i quan h\u1ec7; Khi \u1edf b\u00ean gia \u0111\u00ecnh\u2026) cu\u1ed1n s\u00e1ch n\u00e0y s\u1ebd gi\u00fap b\u1ea1n x\u00e2y d\u1ef1ng n\u00ean m\u1ed9t chi\u1ebfn l\u01b0\u1ee3c t\u1ed5ng th\u1ec3 nh\u1eb1m \u0111\u1ecbnh h\u01b0\u1edbng (l\u1ea1i) cu\u1ed9c s\u1ed1ng c\u1ee7a ch\u00ednh m\u00ecnh theo m\u1ed9t \u0111\u01b0\u1eddng h\u01b0\u1edbng \u00fd ngh\u0129a v\u00e0 gi\u00e0u c\u1ea3m h\u1ee9ng h\u01a1n. Nh\u1eefng ch\u1ec9 d\u1eabn v\u00e0 m\u1eb9o v\u1eb7t trong cu\u1ed1n s\u00e1ch n\u00e0y kh\u00f4ng ch\u1ec9 thi\u1ebft th\u1ef1c, m\u00e0 quan tr\u1ecdng l\u00e0 n\u00f3 hi\u1ec7u qu\u1ea3 v\u00e0 th\u1ef1c t\u1ebf d\u00f9 b\u1ea1n \u0111ang \u1edf b\u1ea5t c\u1ee9 \u0111\u1ed9 tu\u1ed5i n\u00e0o hay \u0111ang s\u1edf h\u1eefu b\u1ed1i c\u1ea3nh x\u00e3 h\u1ed9i nh\u01b0 th\u1ebf n\u00e0o.<\/p>\n<p>STYLORY v\u1ed1n l\u00e0 th\u01b0\u01a1ng hi\u1ec7u n\u1ed5i danh v\u1edbi nh\u1eefng cu\u1ed1n s\u00e1ch s\u00e1ch k\u1ef9 n\u0103ng d\u00e0nh cho Ph\u1ee5 n\u1eef, cu\u1ed1n s\u00e1ch n\u00e0y s\u1ebd th\u00eam m\u1ed9t l\u1ea7n n\u1eefa kh\u1eb3ng \u0111\u1ecbnh l\u00f2ng tin m\u00e0 c\u00e1c \u0111\u1ed9c gi\u1ea3 n\u1eef d\u00e0nh cho ch\u00fang m\u00ecnh.<\/p>\n","protected":false},"featured_media":14099,"template":"","meta":{"_acf_changed":false},"product_brand":[],"product_cat":[15,47],"product_tag":[],"class_list":{"0":"post-14104","1":"product","2":"type-product","3":"status-publish","4":"has-post-thumbnail","6":"product_cat-sach-danh-cho-nguoi-lon","7":"product_cat-truyen-ngan-tan-van","9":"first","10":"outofstock","11":"taxable","12":"shipping-taxable","13":"purchasable","14":"product-type-simple"},"supplier_id":null,"supplier_sku":"","barcode":null,"atum_controlled":true,"out_stock_date":"2024-08-12 08:29:26","out_stock_threshold":null,"inheritable":false,"inbound_stock":0,"stock_on_hold":0,"sold_today":0,"sales_last_days":0,"reserved_stock":0,"customer_returns":0,"warehouse_damage":0,"lost_in_post":0,"other_logs":0,"out_stock_days":534,"lost_sales":0,"has_location":false,"update_date":"2026-01-28T23:11:20","atum_locations":[],"atum_stock_status":"outofstock","restock_status":false,"low_stock_amount":"","sales_update_date":"2026-01-28T23:11:20","calc_backorders":null,"acf":{"publisher":{"ID":1785,"post_author":"1","post_date":"2021-02-17 01:54:46","post_date_gmt":"2021-02-16 23:54:46","post_content":"<!-- wp:flatsome\/uxbuilder -->\n<h1 style=\"text-align: center;\"><strong>AZ VIETNAM<\/strong><\/h1>\n[row]\n\n[col span=\"8\" span__sm=\"12\"]\n\n<p>Th\u00e0nh l\u1eadp n\u0103m: 2015<br \/>V\u1ed1n \u0111\u1ea7u t\u01b0: 4,000,000,000 \u0111\u1ed3ng<br \/><strong>L\u0129nh v\u1ef1c:<\/strong><br \/>- Xu\u1ea5t b\u1ea3n v\u00e0 ph\u00e1t h\u00e0nh v\u0103n h\u00f3a ph\u1ea9m<br \/>- Cung c\u1ea5p v\u0103n h\u00f3a ph\u1ea9m, c\u00e1c s\u1ea3n ph\u1ea9m cho in \u1ea5n, trang thi\u1ebft b\u1ecb cho c\u00e1c th\u01b0 vi\u1ec7n v\u00e0 trung t\u00e2m s\u00e1ch tr\u00ean c\u1ea3 n\u01b0\u1edbc.<br \/>- Th\u1eddi trang v\u00e0 c\u00e1c s\u1ea3n ph\u1ea9m li\u00ean quan \u0111\u1ebfn l\u0129nh v\u1ef1c th\u1eddi trang<br \/>- Xu\u1ea5t nh\u1eadp kh\u1ea9u c\u00e1c s\u1ea3n ph\u1ea9m v\u0103n h\u00f3a<\/p>\n<p><strong>Quy m\u00f4:<\/strong> 60 nh\u00e2n vi\u00ean<br \/>Kh\u1edfi ngu\u1ed3n c\u1ee7a AZ Vi\u1ec7t Nam ng\u00e0y nay l\u00e0 C\u00f4ng ty TNHH Trung t\u00e2m S\u00e1ch v\u00e0 Thi\u1ebft b\u1ecb Th\u01b0 vi\u1ec7n, v\u1edbi ho\u1ea1t \u0111\u1ed9ng \u0111\u1ea7u ti\u00ean l\u00e0 cung c\u1ea5p s\u00e1ch, trang thi\u1ebft b\u1ecb, v\u0103n h\u00f3a ph\u1ea9m cho c\u00e1c th\u01b0 vi\u1ec7n v\u00e0 trung t\u00e2m s\u00e1ch tr\u00ean c\u1ea3 n\u01b0\u1edbc. T\u1eeb cu\u1ed1i n\u0103m 2010 \u0111\u1ebfn nay, ch\u00fang t\u00f4i \u0111\u00e3 kh\u00f4ng ng\u1eebng n\u1ed7 l\u1ef1c khai ph\u00e1 v\u00e0 ph\u00e1t tri\u1ec3n c\u00e1c d\u00f2ng s\u1ea3n ph\u1ea9m m\u1edbi v\u1edbi 8 th\u01b0\u01a1ng hi\u1ec7u uy t\u00edn. \u0110\u1ec3 \u0111\u00e1p \u1ee9ng nhu c\u1ea7u ph\u00e1t tri\u1ec3n ng\u00e0y m\u1ed9t l\u1edbn m\u1ea1nh v\u00e0 t\u1eadp h\u1ee3p c\u00e1c th\u01b0\u01a1ng hi\u1ec7u \u0111\u00e3 \u0111\u01b0\u1ee3c ch\u00fang t\u00f4i x\u00e2y d\u1ef1ng, 2015 C\u00f4ng ty TNHH AZ Vi\u1ec7t Nam \u0111\u00e3 ra \u0111\u1eddi v\u1edbi s\u1ee9 m\u1ec7nh mang \u0111\u1ebfn nhi\u1ec1u h\u01a1n n\u1eefa nh\u1eefng gi\u00e1 tr\u1ecb tinh th\u1ea7n, tri th\u1ee9c ti\u00ean ti\u1ebfn cho ng\u01b0\u1eddi ti\u00eau d\u00f9ng b\u1eb1ng vi\u1ec7c cung c\u1ea5p nh\u1eefng s\u1ea3n ph\u1ea9m c\u00f3 ch\u1ea5t l\u01b0\u1ee3ng.<\/p>\n\n[\/col]\n[col span=\"4\" span__sm=\"12\"]\n\n[ux_image id=\"1836\" image_size=\"medium\"]\n\n\n[\/col]\n\n[\/row]\n\n<!-- \/wp:flatsome\/uxbuilder -->","post_title":"AZ Vi\u1ec7t Nam","post_excerpt":"","post_status":"publish","comment_status":"closed","ping_status":"closed","post_password":"","post_name":"az-viet-nam","to_ping":"","pinged":"","post_modified":"2021-02-17 22:07:10","post_modified_gmt":"2021-02-17 20:07:10","post_content_filtered":"","post_parent":0,"guid":"https:\/\/sachviet.eu\/nha-phat-hanh\/az-viet-nam\/","menu_order":0,"post_type":"publisher","post_mime_type":"","comment_count":"0","filter":"raw"}},"_links":{"self":[{"href":"https:\/\/sachviet.eu\/en\/wp-json\/wp\/v2\/product\/14104","targetHints":{"allow":["GET"]}}],"collection":[{"href":"https:\/\/sachviet.eu\/en\/wp-json\/wp\/v2\/product"}],"about":[{"href":"https:\/\/sachviet.eu\/en\/wp-json\/wp\/v2\/types\/product"}],"wp:featuredmedia":[{"embeddable":true,"href":"https:\/\/sachviet.eu\/en\/wp-json\/wp\/v2\/media\/14099"}],"wp:attachment":[{"href":"https:\/\/sachviet.eu\/en\/wp-json\/wp\/v2\/media?parent=14104"}],"wp:term":[{"taxonomy":"product_brand","embeddable":true,"href":"https:\/\/sachviet.eu\/en\/wp-json\/wp\/v2\/product_brand?post=14104"},{"taxonomy":"product_cat","embeddable":true,"href":"https:\/\/sachviet.eu\/en\/wp-json\/wp\/v2\/product_cat?post=14104"},{"taxonomy":"product_tag","embeddable":true,"href":"https:\/\/sachviet.eu\/en\/wp-json\/wp\/v2\/product_tag?post=14104"}],"curies":[{"name":"wp","href":"https:\/\/api.w.org\/{rel}","templated":true}]}}