{"id":141,"date":"2021-02-11T20:14:23","date_gmt":"2021-02-11T18:14:23","guid":{"rendered":"https:\/\/sachviet.eu\/?post_type=product&#038;p=141"},"modified":"2024-04-02T14:57:22","modified_gmt":"2024-04-02T11:57:22","slug":"999-la-thu-goi-cho-chinh-minh-mong-ban-tro-thanh-phien-ban-hoan-hao-nhat-tai-ban-2020","status":"publish","type":"product","link":"https:\/\/sachviet.eu\/en\/shop\/999-la-thu-goi-cho-chinh-minh-mong-ban-tro-thanh-phien-ban-hoan-hao-nhat-tai-ban-2020\/","title":{"rendered":"999 L\u00e1 Th\u01b0 G\u1eedi Cho Ch\u00ednh M\u00ecnh-Mong B\u1ea1n Tr\u1edf Th\u00e0nh Phi\u00ean B\u1ea3n Ho\u00e0n H\u1ea3o Nh\u1ea5t &#8211; Combo 2 cu\u1ed1n"},"content":{"rendered":"<div class=\"row\"  id=\"row-1013358261\">\n\n\t<div id=\"col-363770106\" class=\"col medium-9 small-12 large-9\"  >\n\t\t<div class=\"col-inner\"  >\n\t\t\t\n\t\t\t\n<p>\u201c999 l\u00e1 th\u01b0 g\u1eedi cho ch\u00ednh m\u00ecnh\u201d l\u00e0 m\u1ed9t t\u00e1c ph\u1ea9m \u0111\u1eb7c bi\u1ec7t \u0111\u1ea7y c\u1ea3m h\u1ee9ng \u0111\u1ebfn t\u1eeb t\u00e1c gi\u1ea3 v\u0103n h\u1ecdc m\u1ea1ng n\u1ed5i ti\u1ebfng Mi\u00eau C\u00f4ng T\u1eed, mang m\u1ed9t m\u00e0u s\u1eafc ri\u00eang bi\u1ec7t qua nh\u1eefng l\u1eddi th\u01b0 nh\u1ecf nh\u1eafn nh\u1ee7 \u0111\u1ebfn ng\u01b0\u1eddi \u0111\u1ecdc v\u1ec1 gi\u00e1 tr\u1ecb cu\u1ed9c s\u1ed1ng, t\u00ecnh y\u00eau, tu\u1ed5i tr\u1ebb, t\u01b0\u01a1ng lai\u2026 v.v.. \u0111\u00e3 l\u00e0m lay \u0111\u1ed9ng tr\u00e1i tim c\u1ee7a h\u00e0ng v\u1ea1n \u0111\u1ed9c gi\u1ea3 tr\u1ebb. C\u1ea7m tr\u00ean tay cu\u1ed1n s\u00e1ch \u201c999 l\u00e1 th\u01b0 g\u1eedi cho ch\u00ednh m\u00ecnh\u201d \u2013 b\u1ea1n s\u1ebd hi\u1ec3u r\u1eb1ng: tu\u1ed5i tr\u1ebb c\u1ee7a ch\u00fang ta d\u00f9 c\u00f3 mong manh \u0111\u1ebfn \u0111\u00e2u th\u00ec c\u0169ng s\u1ebd th\u00e0nh c\u00f4ng v\u01b0\u1ee3t qua m\u1ecdi kh\u00f3 kh\u0103n m\u1ed9t c\u00e1ch m\u1ea1nh m\u1ebd ngo\u00e0i s\u1ee9c t\u01b0\u1edfng t\u01b0\u1ee3ng. M\u1ed9t ng\u00e0y n\u00e0o \u0111\u00f3, b\u1ea1n s\u1ebd c\u1ea3m nh\u1eadn \u0111\u01b0\u1ee3c h\u1ea1nh ph\u00fac, t\u1ef1 tin c\u1ee7a ch\u00ednh b\u1ea3n th\u00e2n v\u00e0 h\u1ecdc \u0111\u01b0\u1ee3c c\u00e1ch m\u1ec9m c\u01b0\u1eddi tr\u01b0\u1edbc nh\u1eefng n\u1ed7i \u0111au c\u1ee7a qu\u00e1 kh\u1ee9. B\u1ea1n s\u1ebd bi\u1ebft c\u00e1ch n\u00f3i l\u1eddi c\u1ea3m \u01a1n v\u1edbi nh\u1eefng ai \u0111\u00e3 r\u1eddi b\u1ecf b\u1ea1n, hi\u1ec3u ra r\u1eb1ng h\u1ecd kh\u00f4ng ph\u1ea3i ng\u01b0\u1eddi th\u00edch h\u1ee3p \u0111\u1ec3 c\u00f9ng \u0111\u1ed3ng h\u00e0nh v\u1edbi b\u1ea1n tr\u00ean \u0111o\u1ea1n \u0111\u01b0\u1eddng ch\u00f4ng gai \u0111i t\u1edbi t\u01b0\u01a1ng lai. \u0110\u00f4i l\u00fac b\u1ea1n c\u00f3 th\u1ec3 y\u1ebfu \u0111u\u1ed1i m\u1ecfi m\u1ec7t r\u01a1i n\u01b0\u1edbc m\u1eaft, th\u1ebf nh\u01b0ng khi b\u1ea5t ch\u1ee3t nh\u00ecn l\u1ea1i, b\u1ea1n s\u1ebd th\u1ea5y th\u00ec ra m\u00ecnh \u0111\u00e3 r\u1ea5t m\u1ea1nh m\u1ebd, d\u0169ng c\u1ea3m \u0111i h\u1ebft c\u1ea3 m\u1ed9t qu\u00e3ng \u0111\u01b0\u1eddng d\u00e0i.<\/p>\n\t\t<\/div>\n\t\t\t<\/div>\n\n\t\n\n\t<div id=\"col-441009413\" class=\"col medium-3 small-12 large-3\"  >\n\t\t<div class=\"col-inner\"  >\n\t\t\t\n\t\t\t\n\t<div class=\"img has-hover x md-x lg-x y md-y lg-y\" id=\"image_1840223007\">\n\t\t\t\t\t\t\t\t<div class=\"img-inner dark\" >\n\t\t\t<img loading=\"lazy\" decoding=\"async\" width=\"300\" height=\"300\" src=\"https:\/\/sachviet.eu\/wp-content\/uploads\/2021\/02\/e6f1d7a99103b0b0960e7a0b611dad82-300x300.jpg\" class=\"attachment-medium size-medium\" alt=\"\" srcset=\"https:\/\/sachviet.eu\/wp-content\/uploads\/2021\/02\/e6f1d7a99103b0b0960e7a0b611dad82-300x300.jpg 300w, https:\/\/sachviet.eu\/wp-content\/uploads\/2021\/02\/e6f1d7a99103b0b0960e7a0b611dad82-150x150.jpg 150w, https:\/\/sachviet.eu\/wp-content\/uploads\/2021\/02\/e6f1d7a99103b0b0960e7a0b611dad82-600x600.jpg 600w, https:\/\/sachviet.eu\/wp-content\/uploads\/2021\/02\/e6f1d7a99103b0b0960e7a0b611dad82-100x100.jpg 100w, https:\/\/sachviet.eu\/wp-content\/uploads\/2021\/02\/e6f1d7a99103b0b0960e7a0b611dad82.jpg 750w\" sizes=\"auto, (max-width: 300px) 100vw, 300px\" \/>\t\t\t\t\t\t\n\t\t\t\t\t<\/div>\n\t\t\t\t\t\t\t\t\n<style>\n#image_1840223007 {\n  width: 100%;\n}\n<\/style>\n\t<\/div>\n\t\n\t\t<\/div>\n\t\t\t<\/div>\n\n\t\n<\/div>\n  <div class=\"banner-grid-wrapper\">\n  <div id=\"banner-grid-570057561\" class=\"banner-grid row row-grid row-small\" data-packery-options=\"\">\n                      \n<div class=\"col grid-col large-4 grid-col-1\" ><div class=\"col-inner\">\n\t<div class=\"img has-hover x md-x lg-x y md-y lg-y\" id=\"image_402339409\">\n\t\t\t\t\t\t\t\t<div class=\"img-inner dark\" >\n\t\t\t<img loading=\"lazy\" decoding=\"async\" width=\"600\" height=\"512\" src=\"https:\/\/sachviet.eu\/wp-content\/uploads\/2021\/02\/999-la-thu-gui-cho-chinh-minh1.jpg\" class=\"attachment-large size-large\" alt=\"\" srcset=\"https:\/\/sachviet.eu\/wp-content\/uploads\/2021\/02\/999-la-thu-gui-cho-chinh-minh1.jpg 600w, https:\/\/sachviet.eu\/wp-content\/uploads\/2021\/02\/999-la-thu-gui-cho-chinh-minh1-300x256.jpg 300w\" sizes=\"auto, (max-width: 600px) 100vw, 600px\" \/>\t\t\t\t\t\t\n\t\t\t\t\t<\/div>\n\t\t\t\t\t\t\t\t\n<style>\n#image_402339409 {\n  width: 100%;\n}\n<\/style>\n\t<\/div>\n\t\n<\/div><\/div>\n<div class=\"col grid-col large-8 grid-col-1\" ><div class=\"col-inner\">\n\t<div class=\"img has-hover x md-x lg-x y md-y lg-y\" id=\"image_483933568\">\n\t\t\t\t\t\t\t\t<div class=\"img-inner dark\" >\n\t\t\t<img loading=\"lazy\" decoding=\"async\" width=\"1020\" height=\"1020\" src=\"https:\/\/sachviet.eu\/wp-content\/uploads\/2021\/02\/63ba88bfa6fdca8db44e23e9900e4d94.jpg\" class=\"attachment-large size-large\" alt=\"\" srcset=\"https:\/\/sachviet.eu\/wp-content\/uploads\/2021\/02\/63ba88bfa6fdca8db44e23e9900e4d94.jpg 1024w, https:\/\/sachviet.eu\/wp-content\/uploads\/2021\/02\/63ba88bfa6fdca8db44e23e9900e4d94-300x300.jpg 300w, https:\/\/sachviet.eu\/wp-content\/uploads\/2021\/02\/63ba88bfa6fdca8db44e23e9900e4d94-150x150.jpg 150w, https:\/\/sachviet.eu\/wp-content\/uploads\/2021\/02\/63ba88bfa6fdca8db44e23e9900e4d94-768x768.jpg 768w, https:\/\/sachviet.eu\/wp-content\/uploads\/2021\/02\/63ba88bfa6fdca8db44e23e9900e4d94-600x600.jpg 600w, https:\/\/sachviet.eu\/wp-content\/uploads\/2021\/02\/63ba88bfa6fdca8db44e23e9900e4d94-100x100.jpg 100w\" sizes=\"auto, (max-width: 1020px) 100vw, 1020px\" \/>\t\t\t\t\t\t\n\t\t\t\t\t<\/div>\n\t\t\t\t\t\t\t\t\n<style>\n#image_483933568 {\n  width: 100%;\n}\n<\/style>\n\t<\/div>\n\t\n<\/div><\/div>\n            <\/div>\n    <style>\n    #banner-grid-570057561 .grid-col-1{height: 600px}\n    #banner-grid-570057561 .grid-col-1-2{height: 300px}\n    #banner-grid-570057561 .grid-col-1-3{height:200px}\n    #banner-grid-570057561 .grid-col-2-3{height: 400px}\n    #banner-grid-570057561 .grid-col-1-4{height: 150px}\n    #banner-grid-570057561 .grid-col-3-4{height: 450px}\n\n\n    \n    \n\n  <\/style>\n    <\/div>\n  \n","protected":false},"excerpt":{"rendered":"<p>C\u00f3 r\u1ea5t nhi\u1ec1u b\u1ea1n tr\u1ebb hi\u1ec7n nay c\u1ea3m th\u1ea5y th\u1ea5t v\u1ecdng v\u1edbi con ng\u01b0\u1eddi hi\u1ec7n t\u1ea1i c\u1ee7a ch\u00ednh m\u00ecnh. \u0110i\u1ec1u \u0111\u00e1ng s\u1ee3 ch\u00ednh l\u00e0, \u0111\u00e1m \u0111\u00f4ng \u1ea5y kh\u00f4ng h\u1ec1 b\u00e9 t\u1eb9o n\u00e0o. H\u1ecd gi\u1eaft tr\u00ean m\u00ecnh \u0111\u00f4i ba \u0111i\u1ec1u \u0111\u1eb9p \u0111\u1ebd ng\u1ee7 im trong qu\u00e1 kh\u1ee9, \u0111\u1ec3 r\u1ed3i ch\u1ea5p nh\u1eadn cu\u1ed9c s\u1ed1ng t\u00f9 t\u00fang, nh\u1ee3t nh\u1ea1t, v\u00f4 v\u1ecb, th\u1eadm ch\u00ed hoang \u0111\u01b0\u1eddng \u0111\u1ebfn m\u1ee9c kh\u00f4ng t\u01b0\u1edfng t\u01b0\u1ee3ng \u0111\u01b0\u1ee3c. Thu\u1edf b\u00e9 ai c\u0169ng ngh\u0129 m\u00ecnh s\u1ebd th\u1ef1c hi\u1ec7n ngh\u0129 vi\u1ec7c l\u1edbn lao, v\u0129 \u0111\u1ea1i nh\u01b0ng c\u00e0ng l\u1edbn l\u00ean ch\u00fang ta c\u00e0ng thu b\u00e9 kh\u1ea3 n\u0103ng, t\u1ef1 th\u00f4i mi\u00ean ng\u1ee7 y\u00ean trong l\u1edbp v\u1ecf b\u1ecdc l\u1edbn x\u00e1c, v\u00f4 d\u1ee5ng. Ch\u00fang ta kh\u00f4ng bi\u1ebft r\u1eb1ng m\u00ecnh s\u1ebd tr\u1edf th\u00e0nh m\u1ed9t ng\u01b0\u1eddi v\u00f4 c\u00f9ng tuy\u1ec7t v\u1eddi n\u1ebfu ch\u1ea5p nh\u1eadn thay \u0111\u1ed5i. Th\u01b0\u1edfng th\u1ee9c 999 L\u00e1 th\u01b0 g\u1eedi cho ch\u00ednh m\u00ecnh c\u1ee7a nh\u00e0 v\u0103n h\u1ecdc m\u1ea1ng Mi\u00eau C\u00f4ng T\u1eed ch\u00ednh l\u00e0 c\u00e1ch \u0111\u1ec3 ta v\u1ea1ch ra l\u1ed9 tr\u00ecnh tr\u1edf th\u00e0nh phi\u00ean b\u1ea3n t\u1ed1t \u0111\u1eb9p nh\u1ea5t c\u1ee7a b\u1ea3n th\u00e2n ngay t\u1eeb h\u00f4m nay.<\/p>\n<p>C\u00f4ng ty ph\u00e1t h\u00e0nh: VanVietBooks<\/p>\n","protected":false},"featured_media":214,"template":"","meta":{"_acf_changed":false},"product_brand":[],"product_cat":[15,47],"product_tag":[],"class_list":{"0":"post-141","1":"product","2":"type-product","3":"status-publish","4":"has-post-thumbnail","6":"product_cat-sach-danh-cho-nguoi-lon","7":"product_cat-truyen-ngan-tan-van","9":"first","10":"outofstock","11":"sale","12":"taxable","13":"shipping-taxable","14":"purchasable","15":"product-type-simple"},"supplier_id":null,"supplier_sku":"","barcode":null,"atum_controlled":true,"out_stock_date":"2024-04-02 11:57:22","out_stock_threshold":null,"inheritable":false,"inbound_stock":2,"stock_on_hold":0,"sold_today":0,"sales_last_days":0,"reserved_stock":0,"customer_returns":0,"warehouse_damage":0,"lost_in_post":0,"other_logs":0,"out_stock_days":666,"lost_sales":0,"has_location":false,"update_date":"2026-01-28T23:10:29","atum_locations":[],"atum_stock_status":"outofstock","restock_status":false,"low_stock_amount":"","sales_update_date":"2026-01-28T23:10:29","calc_backorders":null,"acf":{"publisher":{"ID":1856,"post_author":"1","post_date":"2021-02-17 22:13:41","post_date_gmt":"2021-02-17 20:13:41","post_content":"","post_title":"Vanvietbook","post_excerpt":"","post_status":"publish","comment_status":"closed","ping_status":"closed","post_password":"","post_name":"vanvietbook","to_ping":"","pinged":"","post_modified":"2021-02-17 22:13:41","post_modified_gmt":"2021-02-17 20:13:41","post_content_filtered":"","post_parent":0,"guid":"https:\/\/sachviet.eu\/nha-phat-hanh\/vanvietbook\/","menu_order":0,"post_type":"publisher","post_mime_type":"","comment_count":"0","filter":"raw"}},"_links":{"self":[{"href":"https:\/\/sachviet.eu\/en\/wp-json\/wp\/v2\/product\/141","targetHints":{"allow":["GET"]}}],"collection":[{"href":"https:\/\/sachviet.eu\/en\/wp-json\/wp\/v2\/product"}],"about":[{"href":"https:\/\/sachviet.eu\/en\/wp-json\/wp\/v2\/types\/product"}],"wp:featuredmedia":[{"embeddable":true,"href":"https:\/\/sachviet.eu\/en\/wp-json\/wp\/v2\/media\/214"}],"wp:attachment":[{"href":"https:\/\/sachviet.eu\/en\/wp-json\/wp\/v2\/media?parent=141"}],"wp:term":[{"taxonomy":"product_brand","embeddable":true,"href":"https:\/\/sachviet.eu\/en\/wp-json\/wp\/v2\/product_brand?post=141"},{"taxonomy":"product_cat","embeddable":true,"href":"https:\/\/sachviet.eu\/en\/wp-json\/wp\/v2\/product_cat?post=141"},{"taxonomy":"product_tag","embeddable":true,"href":"https:\/\/sachviet.eu\/en\/wp-json\/wp\/v2\/product_tag?post=141"}],"curies":[{"name":"wp","href":"https:\/\/api.w.org\/{rel}","templated":true}]}}