{"id":14086,"date":"2021-07-02T23:12:32","date_gmt":"2021-07-02T20:12:32","guid":{"rendered":"https:\/\/sachviet.eu\/shop\/alain-noi-ve-hanh-phuc\/"},"modified":"2021-08-16T13:43:21","modified_gmt":"2021-08-16T10:43:21","slug":"alain-noi-ve-hanh-phuc","status":"publish","type":"product","link":"https:\/\/sachviet.eu\/en\/shop\/alain-noi-ve-hanh-phuc\/","title":{"rendered":"Alain N\u00f3i V\u1ec1 H\u1ea1nh Ph\u00fac"},"content":{"rendered":"<p>Alain b\u00e0n v\u1ec1 h\u1ea1nh ph\u00fac l\u00e0 t\u1eadp h\u1ee3p nh\u1eefng \u0111o\u1ea3n lu\u1eadn c\u1ee7a Alain &#8211; m\u1ed9t tri\u1ebft gia n\u1ed5i ti\u1ebfng v\u00e0 quan tr\u1ecdng c\u1ee7a Ph\u00e1p v\u00e0o \u0111\u1ea7u th\u1ebf k\u1ef7 th\u1ee9 20, v\u1ec1 m\u1ed9t trong nh\u1eefng c\u00e2u h\u1ecfi l\u1edbn nh\u1ea5t c\u1ee7a nh\u00e2n lo\u1ea1i: h\u1ea1nh ph\u00fac. Ta kh\u00e1m ph\u00e1, ho\u1eb7c t\u00e1i kh\u00e1m ph\u00e1, th\u00f4ng qua nh\u1eefng b\u00e0i vi\u1ebft s\u00e2u s\u1eafc c\u1ee7a \u00f4ng, nh\u1eefng th\u00e1i \u0111\u1ed9 s\u1ed1ng kh\u00f4n ngoan nh\u01b0ng kh\u00f4ng ph\u1ea3i ai c\u0169ng t\u1eebng ngh\u0129 \u0111\u1ebfn, ho\u1eb7c gi\u1ea3, \u0111\u00e3 t\u1eebng ngh\u0129 \u0111\u1ebfn nh\u01b0ng kh\u00f4ng \u0111\u1ee7 ki\u00ean tr\u00ec v\u00e0 d\u0169ng c\u1ea3m \u0111\u1ec3 l\u00e0m theo v\u00e0 ph\u00e1t huy \u0111\u1ebfn c\u00f9ng. S\u00e1ch d\u00e0nh cho t\u1ea5t c\u1ea3 nh\u1eefng ai t\u1eebng \u00edt nh\u1ea5t m\u1ed9t l\u1ea7n t\u1ef1 \u0111\u1eb7t cho m\u00ecnh c\u00e2u h\u1ecfi sau: \u201cH\u1ea1nh ph\u00fac l\u00e0 g\u00ec?\u201d<\/p>\n","protected":false},"excerpt":{"rendered":"<p>Alain b\u00e0n v\u1ec1 h\u1ea1nh ph\u00fac l\u00e0 t\u1eadp h\u1ee3p nh\u1eefng \u0111o\u1ea3n lu\u1eadn c\u1ee7a Alain &#8211; m\u1ed9t tri\u1ebft gia n\u1ed5i ti\u1ebfng v\u00e0 quan tr\u1ecdng c\u1ee7a Ph\u00e1p v\u00e0o \u0111\u1ea7u th\u1ebf k\u1ef7 th\u1ee9 20, v\u1ec1 m\u1ed9t trong nh\u1eefng c\u00e2u h\u1ecfi l\u1edbn nh\u1ea5t c\u1ee7a nh\u00e2n lo\u1ea1i: h\u1ea1nh ph\u00fac. Ta kh\u00e1m ph\u00e1, ho\u1eb7c t\u00e1i kh\u00e1m ph\u00e1, th\u00f4ng qua nh\u1eefng b\u00e0i vi\u1ebft s\u00e2u s\u1eafc c\u1ee7a \u00f4ng, nh\u1eefng th\u00e1i \u0111\u1ed9 s\u1ed1ng kh\u00f4n ngoan nh\u01b0ng kh\u00f4ng ph\u1ea3i ai c\u0169ng t\u1eebng ngh\u0129 \u0111\u1ebfn, ho\u1eb7c gi\u1ea3, \u0111\u00e3 t\u1eebng ngh\u0129 \u0111\u1ebfn nh\u01b0ng kh\u00f4ng \u0111\u1ee7 ki\u00ean tr\u00ec v\u00e0 d\u0169ng c\u1ea3m \u0111\u1ec3 l\u00e0m theo v\u00e0 ph\u00e1t huy \u0111\u1ebfn c\u00f9ng. S\u00e1ch d\u00e0nh cho t\u1ea5t c\u1ea3 nh\u1eefng ai t\u1eebng \u00edt nh\u1ea5t m\u1ed9t l\u1ea7n t\u1ef1 \u0111\u1eb7t cho m\u00ecnh c\u00e2u h\u1ecfi sau: \u201cH\u1ea1nh ph\u00fac l\u00e0 g\u00ec?\u201d<\/p>\n","protected":false},"featured_media":14073,"template":"","meta":{"_acf_changed":false},"product_brand":[],"product_cat":[15,47],"product_tag":[],"class_list":{"0":"post-14086","1":"product","2":"type-product","3":"status-publish","4":"has-post-thumbnail","6":"product_cat-sach-danh-cho-nguoi-lon","7":"product_cat-truyen-ngan-tan-van","9":"first","10":"outofstock","11":"taxable","12":"shipping-taxable","13":"purchasable","14":"product-type-simple"},"supplier_id":null,"supplier_sku":"","barcode":null,"atum_controlled":true,"out_stock_date":"2021-08-16 10:43:21","out_stock_threshold":null,"inheritable":false,"inbound_stock":0,"stock_on_hold":0,"sold_today":0,"sales_last_days":0,"reserved_stock":0,"customer_returns":0,"warehouse_damage":0,"lost_in_post":0,"other_logs":0,"out_stock_days":1626,"lost_sales":0,"has_location":false,"update_date":"2026-01-28T23:10:54","atum_locations":[],"atum_stock_status":"outofstock","restock_status":false,"low_stock_amount":"","sales_update_date":"2026-01-28T23:10:54","calc_backorders":null,"acf":{"publisher":{"ID":1517,"post_author":"1","post_date":"2021-02-17 01:14:41","post_date_gmt":"2021-02-16 23:14:41","post_content":"","post_title":"NXB Tr\u1ebb","post_excerpt":"","post_status":"publish","comment_status":"closed","ping_status":"closed","post_password":"","post_name":"nxb-tre","to_ping":"","pinged":"","post_modified":"2021-02-17 01:14:41","post_modified_gmt":"2021-02-16 23:14:41","post_content_filtered":"","post_parent":0,"guid":"https:\/\/sachviet.eu\/nha-phat-hanh\/nxb-tre\/","menu_order":0,"post_type":"publisher","post_mime_type":"","comment_count":"0","filter":"raw"}},"_links":{"self":[{"href":"https:\/\/sachviet.eu\/en\/wp-json\/wp\/v2\/product\/14086","targetHints":{"allow":["GET"]}}],"collection":[{"href":"https:\/\/sachviet.eu\/en\/wp-json\/wp\/v2\/product"}],"about":[{"href":"https:\/\/sachviet.eu\/en\/wp-json\/wp\/v2\/types\/product"}],"wp:featuredmedia":[{"embeddable":true,"href":"https:\/\/sachviet.eu\/en\/wp-json\/wp\/v2\/media\/14073"}],"wp:attachment":[{"href":"https:\/\/sachviet.eu\/en\/wp-json\/wp\/v2\/media?parent=14086"}],"wp:term":[{"taxonomy":"product_brand","embeddable":true,"href":"https:\/\/sachviet.eu\/en\/wp-json\/wp\/v2\/product_brand?post=14086"},{"taxonomy":"product_cat","embeddable":true,"href":"https:\/\/sachviet.eu\/en\/wp-json\/wp\/v2\/product_cat?post=14086"},{"taxonomy":"product_tag","embeddable":true,"href":"https:\/\/sachviet.eu\/en\/wp-json\/wp\/v2\/product_tag?post=14086"}],"curies":[{"name":"wp","href":"https:\/\/api.w.org\/{rel}","templated":true}]}}