{"id":14072,"date":"2021-07-02T23:11:50","date_gmt":"2021-07-02T20:11:50","guid":{"rendered":"https:\/\/sachviet.eu\/shop\/cau-chuyen-tu-trai-tim\/"},"modified":"2024-08-12T15:43:31","modified_gmt":"2024-08-12T12:43:31","slug":"cau-chuyen-tu-trai-tim","status":"publish","type":"product","link":"https:\/\/sachviet.eu\/en\/shop\/cau-chuyen-tu-trai-tim\/","title":{"rendered":"C\u00e2u Chuy\u1ec7n T\u1eeb Tr\u00e1i Tim"},"content":{"rendered":"<p>\u201cBe\u0323\u0302nh vie\u0323\u0302n &#8211; no\u031bi ma\u0300 ca\u0309 be\u0323\u0302nh nha\u0302n, ngu\u031bo\u031b\u0300i nha\u0300 be\u0323\u0302nh nha\u0302n cu\u0303ng nhu\u031b nha\u0302n vie\u0302n y te\u0302\u0301 luo\u0302n pha\u0309i \u0111o\u0302\u0301i ma\u0323\u0306t vo\u031b\u0301i nhu\u031b\u0303ng gi\u0300 \u0111au \u0111o\u031b\u0301n nha\u0302\u0301t cu\u0309a tha\u0302n pha\u0323\u0302n con ngu\u031bo\u031b\u0300i &#8211; co\u0301 ra\u0302\u0301t \u00edt cho\u0302\u0303 cho su\u031b\u0323 gia\u0309 do\u0302\u0301i. Nhu\u031b\u0303ng gi\u0300 tu\u031b\u0309 te\u0302\u0301, cu\u0303ng nhu\u031b nhu\u031b\u0303ng gi\u0300 xa\u0302\u0301u xa, luo\u0302n hie\u0302\u0309n hie\u0323\u0302n le\u0302n mo\u0323\u0302t ca\u0301ch ro\u0303 nha\u0302\u0301t, ch\u00e2n thu\u031b\u0323c nha\u0302\u0301t. Ba\u0301c si\u0303 &#8211; ngu\u031bo\u031b\u0300i pha\u0309i thu\u031bo\u031b\u0300ng xuye\u0302n \u0111\u01b0a ra quye\u0302\u0301t \u0111i\u0323nh a\u0309nh hu\u031bo\u031b\u0309ng tru\u031b\u0323c tie\u0302\u0301p \u0111e\u0302\u0301n ca\u0301i so\u0302\u0301ng, ca\u0301i che\u0302\u0301t cu\u0309a be\u0323\u0302nh nha\u0302n &#8211; luo\u0302n pha\u0309i \u0111o\u0302\u0301i ma\u0323\u0306t vo\u031b\u0301i su\u031b\u0323 tha\u0323\u0302t. Co\u0301 le\u0303 \u0111a\u0302\u0301y la\u0300 mo\u0323\u0302t ly\u0301 do ma\u0300 trong nhu\u031b\u0303ng trang vie\u0302\u0301t cu\u0309a BS. La\u0302n Hie\u0302\u0301u, ngu\u031bo\u031b\u0300i \u0111o\u0323c ca\u0309m nha\u0323\u0302n \u0111u\u031bo\u031b\u0323c su\u031b\u0301c na\u0323\u0306ng cu\u0309a su\u031b\u0323 tha\u0323\u0302t. Chuye\u0302\u0309n ta\u0309i su\u031b\u0323 tha\u0323\u0302t, i\u0301t nha\u0302\u0301t trong pha\u0323m vi nha\u0323\u0302n thu\u031b\u0301c cu\u0309a mi\u0300nh, luo\u0302n la\u0300 thu\u031b\u0309 tha\u0301ch cam go nha\u0302\u0301t cho ngu\u031bo\u031b\u0300i vie\u0302\u0301t.\u201d<br \/>\nGS. Ng\u00f4 B\u1ea3o Ch\u00e2u<\/p>\n<p>Gi\u00e0u t\u00ednh th\u1eddi s\u1ef1 nh\u01b0ng th\u1ea5u \u0111\u00e1o v\u00e0 ch\u00e2n th\u00e0nh, cu\u1ed1n s\u00e1ch n\u00e0y ch\u1ee9a \u0111\u1ef1ng nh\u1eefng c\u00e2u chuy\u1ec7n v\u1ec1 b\u00e1c s\u0129 c\u00f9ng nh\u1eefng b\u00e0i ph\u00e2n t\u00edch v\u1ec1 y t\u1ebf, gi\u00e1o d\u1ee5c, m\u00f4i tr\u01b0\u1eddng v\u00e0 nhi\u1ec1u v\u1ea5n \u0111\u1ec1 x\u00e3 h\u1ed9i d\u01b0\u1edbi l\u0103ng k\u00ednh c\u1ee7a m\u1ed9t b\u00e1c s\u0129 tim m\u1ea1ch \u0111\u1ea7u ng\u00e0nh ki\u00eam \u0111\u1ea1i bi\u1ec3u Qu\u1ed1c h\u1ed9i. Kh\u00f4ng ch\u1ec9 c\u1ed1ng hi\u1ebfn t\u00e2m s\u1ee9c trong vi\u1ec7c ch\u1eefa b\u1ec7nh m\u00e0 BS. Nguy\u1ec5n L\u00e2n Hi\u1ebfu c\u00f2n mu\u1ed1n d\u00f9ng ki\u1ebfn th\u1ee9c, kh\u1ea3 n\u0103ng v\u00e0 ti\u1ebfng n\u00f3i c\u1ee7a m\u00ecnh \u0111\u1ec3 lan t\u1ecfa s\u1ef1 hi\u1ec3u bi\u1ebft, \u0111\u1ec1 ra nh\u1eefng gi\u1ea3i ph\u00e1p thi\u1ebft th\u1ef1c \u0111\u00f3ng g\u00f3p cho s\u1ef1 ph\u00e1t tri\u1ec3n c\u1ee7a \u0111\u1ea5t n\u01b0\u1edbc. T\u1ea5t c\u1ea3 \u0111\u1ec1u xu\u1ea5t ph\u00e1t t\u1eeb m\u1ed9t tr\u00e1i tim \u1ea5m n\u00f3ng, nhi\u1ec7t huy\u1ebft v\u00e0 y\u00eau th\u01b0\u01a1ng.<\/p>\n","protected":false},"excerpt":{"rendered":"<p>\u201cBe\u0323\u0302nh vie\u0323\u0302n &#8211; no\u031bi ma\u0300 ca\u0309 be\u0323\u0302nh nha\u0302n, ngu\u031bo\u031b\u0300i nha\u0300 be\u0323\u0302nh nha\u0302n cu\u0303ng nhu\u031b nha\u0302n vie\u0302n y te\u0302\u0301 luo\u0302n pha\u0309i \u0111o\u0302\u0301i ma\u0323\u0306t vo\u031b\u0301i nhu\u031b\u0303ng gi\u0300 \u0111au \u0111o\u031b\u0301n nha\u0302\u0301t cu\u0309a tha\u0302n pha\u0323\u0302n con ngu\u031bo\u031b\u0300i &#8211; co\u0301 ra\u0302\u0301t \u00edt cho\u0302\u0303 cho su\u031b\u0323 gia\u0309 do\u0302\u0301i. Nhu\u031b\u0303ng gi\u0300 tu\u031b\u0309 te\u0302\u0301, cu\u0303ng nhu\u031b nhu\u031b\u0303ng gi\u0300 xa\u0302\u0301u xa, luo\u0302n hie\u0302\u0309n hie\u0323\u0302n le\u0302n mo\u0323\u0302t ca\u0301ch ro\u0303 nha\u0302\u0301t, ch\u00e2n thu\u031b\u0323c nha\u0302\u0301t. Ba\u0301c si\u0303 &#8211; ngu\u031bo\u031b\u0300i pha\u0309i thu\u031bo\u031b\u0300ng xuye\u0302n \u0111\u01b0a ra quye\u0302\u0301t \u0111i\u0323nh a\u0309nh hu\u031bo\u031b\u0309ng tru\u031b\u0323c tie\u0302\u0301p \u0111e\u0302\u0301n ca\u0301i so\u0302\u0301ng, ca\u0301i che\u0302\u0301t cu\u0309a be\u0323\u0302nh nha\u0302n &#8211; luo\u0302n pha\u0309i \u0111o\u0302\u0301i ma\u0323\u0306t vo\u031b\u0301i su\u031b\u0323 tha\u0323\u0302t. Co\u0301 le\u0303 \u0111a\u0302\u0301y la\u0300 mo\u0323\u0302t ly\u0301 do ma\u0300 trong nhu\u031b\u0303ng trang vie\u0302\u0301t cu\u0309a BS. La\u0302n Hie\u0302\u0301u, ngu\u031bo\u031b\u0300i \u0111o\u0323c ca\u0309m nha\u0323\u0302n \u0111u\u031bo\u031b\u0323c su\u031b\u0301c na\u0323\u0306ng cu\u0309a su\u031b\u0323 tha\u0323\u0302t. Chuye\u0302\u0309n ta\u0309i su\u031b\u0323 tha\u0323\u0302t, i\u0301t nha\u0302\u0301t trong pha\u0323m vi nha\u0323\u0302n thu\u031b\u0301c cu\u0309a mi\u0300nh, luo\u0302n la\u0300 thu\u031b\u0309 tha\u0301ch cam go nha\u0302\u0301t cho ngu\u031bo\u031b\u0300i vie\u0302\u0301t.\u201d<br \/>\nGS. Ng\u00f4 B\u1ea3o Ch\u00e2u<\/p>\n<p>Gi\u00e0u t\u00ednh th\u1eddi s\u1ef1 nh\u01b0ng th\u1ea5u \u0111\u00e1o v\u00e0 ch\u00e2n th\u00e0nh, cu\u1ed1n s\u00e1ch n\u00e0y ch\u1ee9a \u0111\u1ef1ng nh\u1eefng c\u00e2u chuy\u1ec7n v\u1ec1 b\u00e1c s\u0129 c\u00f9ng nh\u1eefng b\u00e0i ph\u00e2n t\u00edch v\u1ec1 y t\u1ebf, gi\u00e1o d\u1ee5c, m\u00f4i tr\u01b0\u1eddng v\u00e0 nhi\u1ec1u v\u1ea5n \u0111\u1ec1 x\u00e3 h\u1ed9i d\u01b0\u1edbi l\u0103ng k\u00ednh c\u1ee7a m\u1ed9t b\u00e1c s\u0129 tim m\u1ea1ch \u0111\u1ea7u ng\u00e0nh ki\u00eam \u0111\u1ea1i bi\u1ec3u Qu\u1ed1c h\u1ed9i. Kh\u00f4ng ch\u1ec9 c\u1ed1ng hi\u1ebfn t\u00e2m s\u1ee9c trong vi\u1ec7c ch\u1eefa b\u1ec7nh m\u00e0 BS. Nguy\u1ec5n L\u00e2n Hi\u1ebfu c\u00f2n mu\u1ed1n d\u00f9ng ki\u1ebfn th\u1ee9c, kh\u1ea3 n\u0103ng v\u00e0 ti\u1ebfng n\u00f3i c\u1ee7a m\u00ecnh \u0111\u1ec3 lan t\u1ecfa s\u1ef1 hi\u1ec3u bi\u1ebft, \u0111\u1ec1 ra nh\u1eefng gi\u1ea3i ph\u00e1p thi\u1ebft th\u1ef1c \u0111\u00f3ng g\u00f3p cho s\u1ef1 ph\u00e1t tri\u1ec3n c\u1ee7a \u0111\u1ea5t n\u01b0\u1edbc. T\u1ea5t c\u1ea3 \u0111\u1ec1u xu\u1ea5t ph\u00e1t t\u1eeb m\u1ed9t tr\u00e1i tim \u1ea5m n\u00f3ng, nhi\u1ec7t huy\u1ebft v\u00e0 y\u00eau th\u01b0\u01a1ng.<\/p>\n","protected":false},"featured_media":14071,"template":"","meta":{"_acf_changed":false},"product_brand":[],"product_cat":[15,47],"product_tag":[],"class_list":{"0":"post-14072","1":"product","2":"type-product","3":"status-publish","4":"has-post-thumbnail","6":"product_cat-sach-danh-cho-nguoi-lon","7":"product_cat-truyen-ngan-tan-van","9":"first","10":"outofstock","11":"taxable","12":"shipping-taxable","13":"purchasable","14":"product-type-simple"},"supplier_id":null,"supplier_sku":"","barcode":null,"atum_controlled":true,"out_stock_date":"2024-08-12 12:43:32","out_stock_threshold":null,"inheritable":false,"inbound_stock":0,"stock_on_hold":0,"sold_today":0,"sales_last_days":0,"reserved_stock":0,"customer_returns":0,"warehouse_damage":0,"lost_in_post":0,"other_logs":0,"out_stock_days":534,"lost_sales":0,"has_location":false,"update_date":"2026-01-28T23:11:21","atum_locations":[],"atum_stock_status":"outofstock","restock_status":false,"low_stock_amount":"","sales_update_date":"2026-01-28T23:11:21","calc_backorders":null,"acf":{"publisher":{"ID":1424,"post_author":"1","post_date":"2021-02-17 00:02:29","post_date_gmt":"2021-02-16 22:02:29","post_content":"<!-- wp:flatsome\/uxbuilder -->\n<h1 style=\"text-align: center\"><strong>Nh\u00e3 Nam<\/strong><\/h1>\n[row]\n\n[col span=\"6\" span__sm=\"12\"]\n\n[ux_image id=\"1438\" image_size=\"medium\"]\n\n\n[\/col]\n[col span=\"6\" span__sm=\"12\"]\n\n<p><strong>C\u00f4ng ty c\u1ed5 ph\u1ea7n V\u0103n h\u00f3a v\u00e0 Truy\u1ec1n th\u00f4ng Nh\u00e3 Nam<\/strong><\/p>\n<p>Th\u00e1ng 2 n\u0103m 2005, Nh\u00e3 Nam, t\u00ean \u0111\u1ea7y \u0111\u1ee7 l\u00e0 C\u00f4ng ty C\u1ed5 ph\u1ea7n V\u0103n h\u00f3a v\u00e0 Truy\u1ec1n th\u00f4ng Nh\u00e3 Nam \u0111\u00e3 gia nh\u1eadp th\u1ecb tr\u01b0\u1eddng s\u00e1ch. T\u00e1c ph\u1ea9m \"Balzac v\u00e0 c\u00f4 b\u00e9 th\u1ee3 may Trung hoa\" c\u1ee7a \u0110\u1edbi T\u01b0 Ki\u1ec7t l\u00e0 cu\u1ed1n s\u00e1ch \u0111\u1ea7u ti\u00ean \u0111\u01b0\u1ee3c nh\u1eefng ng\u01b0\u1eddi s\u00e1ng l\u1eadp Nh\u00e3 Nam xu\u1ea5t b\u1ea3n c\u1ea3 tr\u01b0\u1edbc khi c\u00f4ng ty ra \u0111\u1eddi. Ngay l\u1eadp t\u1ee9c t\u1eeb cu\u1ed1n s\u00e1ch \u0111\u1ea7u ti\u00ean, \u0111\u1ed9c gi\u1ea3 \u0111\u00e3 d\u00e0nh s\u1ef1 quan t\u00e2m v\u00e0 y\u00eau m\u1ebfn cho m\u1ed9t th\u01b0\u01a1ng hi\u1ec7u s\u00e1ch m\u1edbi m\u1ebb mang trong m\u00ecnh kh\u00e1t v\u1ecdng g\u00f3p ph\u1ea7n t\u1ea1o l\u1eadp di\u1ec7n m\u1ea1o m\u1edbi cho xu\u1ea5t b\u1ea3n v\u0103n h\u1ecdc t\u1ea1i Vi\u1ec7t Nam.<\/p>\n<p>L\u00f2ng say m\u00ea c\u1ee7a \u0111\u1ed9i ng\u0169 l\u00e0 vi\u00ean \u0111\u00e1 \u0111\u1ea7u ti\u00ean. Tr\u1ea3i qua m\u1ea5y n\u0103m ph\u00e1t tri\u1ec3n, Nh\u00e3 Nam \u0111\u00e3 \u0111\u01b0\u1ee3c x\u00e2y d\u1ef1ng d\u1ea7n l\u00ean trong di\u1ec7n m\u1ea1o m\u1ed9t nh\u00e0 xu\u1ea5t b\u1ea3n v\u1eefng ch\u00e3i v\u00e0 chuy\u00ean nghi\u1ec7p. S\u00e1u th\u00e1ng sau khi th\u00e0nh l\u1eadp c\u00f4ng ty, Nh\u1eadt k\u00fd \u0110\u1eb7ng Th\u00f9y Tr\u00e2m ra \u0111\u1eddi, t\u1ea1o n\u00ean m\u1ed9t c\u01a1n s\u1ed1t trong x\u00e3 h\u1ed9i, v\u1edbi g\u1ea7n 500,000 b\u1ea3n s\u00e1ch \u0111\u01b0\u1ee3c ph\u00e1t h\u00e0nh, ph\u00e1 m\u1ecdi k\u1ef7 l\u1ee5c v\u1ec1 xu\u1ea5t b\u1ea3n tr\u01b0\u1edbc \u0111\u00f3, k\u00e9o theo m\u1ed9t lo\u1ea1t nh\u1eefng hi\u1ec7u \u1ee9ng x\u00e3 h\u1ed9i v\u00e0 d\u01b0 lu\u1eadn c\u00f3 \u00fd ngh\u0129a. T\u1eeb \u0111\u00f3 tr\u1edf \u0111i, th\u00f4ng qua Nh\u00e3 Nam, c\u00e1c cu\u1ed1n s\u00e1ch v\u0103n h\u1ecdc n\u01b0\u1edbc ngo\u00e0i c\u00f3 gi\u00e1 tr\u1ecb \u0111\u01b0\u1ee3c li\u00ean t\u1ee5c mua b\u1ea3n quy\u1ec1n v\u00e0 xu\u1ea5t b\u1ea3n t\u1ea1i Vi\u1ec7t Nam, thu h\u00fat nhi\u1ec1u t\u1ea7ng l\u1edbp \u0111\u1ed9c gi\u1ea3. S\u00e1ch c\u1ee7a Nh\u00e3 Nam n\u1ed5i b\u1eadt b\u1edfi n\u1ed9i dung v\u0103n h\u1ecdc tinh t\u1ebf, b\u1edfi v\u1ebb \u0111\u1eb9p c\u1ee7a thi\u1ebft k\u1ebf hi\u1ec7n \u0111\u1ea1i \u1edf h\u00ecnh th\u1ee9c, b\u1edfi s\u1ef1 ch\u0103m ch\u00fat k\u1ef9 l\u01b0\u1ee1ng cho m\u1ed7i cu\u1ed1n s\u00e1ch nh\u01b0 m\u1ed9t con thuy\u1ec1n mang t\u1edbi ni\u1ec1m vui, tri th\u1ee9c, ng\u1ea1c nhi\u00ean, v\u00e0 \u0111\u1ed3ng c\u1ea3m.<\/p>\n\n[\/col]\n\n[\/row]\n<p style=\"text-align: left\">Hi\u1ec3u th\u1eddi \u0111\u1ea1i \u0111ang s\u1ed1ng th\u00f4ng qua s\u00e1ch, song h\u00e0nh v\u1edbi nh\u1eefng bi\u1ebfn chuy\u1ec3n s\u00e2u s\u1eafc trong l\u00f2ng x\u00e3 h\u1ed9i b\u1eb1ng nh\u1eefng ho\u1ea1t \u0111\u1ed9ng xu\u1ea5t b\u1ea3n mi\u1ec7t m\u00e0i v\u00e0 qu\u1ea3 c\u1ea3m, con \u0111\u01b0\u1eddng Nh\u00e3 Nam \u0111\u00e3 ch\u1ecdn \u0111\u1ec3 \u0111i s\u1ebd c\u00f2n d\u00e0i. Nhi\u1ec1u kh\u00f3 kh\u0103n, th\u1eed th\u00e1ch \u0111ang \u1edf ph\u00eda tr\u01b0\u1edbc. B\u01b0\u1edbc qua th\u1eddi k\u1ef3 s\u01a1 khai v\u1edbi nh\u1eefng b\u00e0i h\u1ecdc v\u00e0 nh\u1eefng kinh nghi\u1ec7m \u0111\u1ea7u ti\u00ean, Nh\u00e3 Nam gi\u1edd \u0111\u00e3 s\u1eb5n s\u00e0ng cho m\u1ed9t ch\u1eb7ng \u0111\u01b0\u1eddng ph\u00e1t tri\u1ec3n m\u1edbi. V\u00e0 ch\u00fang t\u00f4i mu\u1ed1n ho\u00e0n thi\u1ec7n m\u00ecnh trong s\u1ef1 c\u1ea7u th\u1ecb v\u00e0 c\u1ea9n tr\u1ecdng. T\u1ea5t c\u1ea3 v\u00ec m\u1ed9t gia s\u1ea3n s\u00e1ch to l\u1edbn, c\u00f3 s\u1ee9c s\u1ed1ng d\u00e0i l\u00e2u, c\u00f3 \u00fd ngh\u0129a v\u1edbi nhi\u1ec1u th\u1ebf h\u1ec7 b\u1ea1n \u0111\u1ecdc.<br \/>B\u1edfi v\u00ec s\u00e1ch l\u00e0 th\u1ebf gi\u1edbi.<\/p>\n<p><strong>\u0110\u00e2y l\u00e0 m\u1ed9t nh\u00e0 ph\u00e1t h\u00e0nh s\u00e1ch m\u00e0 SACHVIET.EU r\u1ea5t y\u00eau th\u00edch v\u00e0 tin t\u01b0\u1edfng. Nh\u00ecn \u0111\u01b0\u1ee3c t\u1ea7m \u1ea3nh h\u01b0\u1edfng c\u1ee7a Nh\u00e3 Nam qua t\u1eebng cu\u1ed1n s\u00e1ch, SACHVIET.EU li\u00ean h\u1ec7 h\u1ee3p t\u00e1c ngay v\u1edbi Nh\u00e3 Nam \u0111\u1ec3 \u0111em to\u00e0n b\u1ed9 nh\u1eefng t\u00e1c ph\u1ea9m m\u1edbi, hay nh\u1ea5t m\u00e0 Nh\u00e3 Nam c\u00f3 sang Ch\u00e2u \u00c2u, \u0111\u01b0a \u0111\u1ebfn cho \u0111\u1ed9c gi\u1ea3 c\u00f3 nhi\u1ec1u s\u1ef1 l\u1ef1a ch\u1ecdn phong ph\u00fa h\u01a1n c\u1ea3 s\u00e1ch cho tr\u1ebb em l\u1eabn ng\u01b0\u1eddi l\u1edbn.\u00a0<\/strong><\/p>\n\n<!-- \/wp:flatsome\/uxbuilder -->","post_title":"Nh\u00e3 Nam","post_excerpt":"","post_status":"publish","comment_status":"closed","ping_status":"closed","post_password":"","post_name":"nha-nam","to_ping":"","pinged":"","post_modified":"2022-12-19 23:15:33","post_modified_gmt":"2022-12-19 21:15:33","post_content_filtered":"","post_parent":0,"guid":"https:\/\/sachviet.eu\/?post_type=publisher&#038;p=1424","menu_order":0,"post_type":"publisher","post_mime_type":"","comment_count":"0","filter":"raw"}},"_links":{"self":[{"href":"https:\/\/sachviet.eu\/en\/wp-json\/wp\/v2\/product\/14072","targetHints":{"allow":["GET"]}}],"collection":[{"href":"https:\/\/sachviet.eu\/en\/wp-json\/wp\/v2\/product"}],"about":[{"href":"https:\/\/sachviet.eu\/en\/wp-json\/wp\/v2\/types\/product"}],"wp:featuredmedia":[{"embeddable":true,"href":"https:\/\/sachviet.eu\/en\/wp-json\/wp\/v2\/media\/14071"}],"wp:attachment":[{"href":"https:\/\/sachviet.eu\/en\/wp-json\/wp\/v2\/media?parent=14072"}],"wp:term":[{"taxonomy":"product_brand","embeddable":true,"href":"https:\/\/sachviet.eu\/en\/wp-json\/wp\/v2\/product_brand?post=14072"},{"taxonomy":"product_cat","embeddable":true,"href":"https:\/\/sachviet.eu\/en\/wp-json\/wp\/v2\/product_cat?post=14072"},{"taxonomy":"product_tag","embeddable":true,"href":"https:\/\/sachviet.eu\/en\/wp-json\/wp\/v2\/product_tag?post=14072"}],"curies":[{"name":"wp","href":"https:\/\/api.w.org\/{rel}","templated":true}]}}