{"id":14070,"date":"2021-07-02T23:11:45","date_gmt":"2021-07-02T20:11:45","guid":{"rendered":"https:\/\/sachviet.eu\/shop\/giac-mo-viet-nam-toi-tap-1-di-xa-ve-gan\/"},"modified":"2022-11-06T10:59:21","modified_gmt":"2022-11-06T08:59:21","slug":"giac-mo-viet-nam-toi-tap-1-di-xa-ve-gan","status":"publish","type":"product","link":"https:\/\/sachviet.eu\/en\/shop\/giac-mo-viet-nam-toi-tap-1-di-xa-ve-gan\/","title":{"rendered":"Gi\u1ea5c M\u01a1 Vi\u1ec7t Nam T\u00f4i &#8211; T\u1eadp 1: \u0110i Xa V\u1ec1 G\u1ea7n"},"content":{"rendered":"<p>Cu\u1ed1n s\u00e1ch l\u00e0 t\u1eadp h\u1ee3p nh\u1eefng b\u00e0i vi\u1ebft, b\u00e0i ph\u1ecfng v\u1ea5n c\u1ee7a GS Nguy\u1ec5n \u0110\u0103ng H\u01b0ng trong su\u1ed1t m\u1ed9t th\u1eddi gian r\u1ea5t d\u00e0i.<\/p>\n<p>\u0110\u1ecdc cu\u1ed1n s\u00e1ch ta nh\u01b0 th\u1ea5y \u0111\u01b0\u1ee3c cu\u1ed9c \u0111\u1eddi c\u1ee7a GS. M\u1ed9t cu\u1ed9c \u0111\u1eddi g\u1eafn li\u1ec1n v\u1edbi nh\u1eefng n\u0103m kh\u00f3i c\u1ee7a qu\u00ea h\u01b0\u01a1ng. B\u1eb1ng n\u1ed7 l\u1ef1c v\u01b0\u1ee3t b\u1eadc, \u00f4ng nh\u1eadn h\u1ecdc b\u1ed5ng c\u1ee7a B\u1ec9, nh\u01b0ng tr\u00ean \u0111\u1ea5t ng\u01b0\u1eddi, GS ch\u01b0a t\u1eebng ngu\u00f4i ngoai v\u1ec1 Gi\u1ea5c m\u01a1 Vi\u1ec7t Nam c\u1ee7a m\u00ecnh.<\/p>\n<p>Cu\u1ed1n s\u00e1ch l\u00e0 c\u1ea3 m\u1ed9t h\u00e0nh tr\u00ecnh d\u00e0i t\u1eeb nh\u1eefng ng\u00e0y nung n\u1ea5u gi\u1ea5c m\u01a1 \u1ea5y \u0111\u1ebfn nh\u1eefng b\u01b0\u1edbc \u0111i nh\u1ecf tr\u00ean con \u0111\u01b0\u1eddng \u0111\u1ea7y g\u1eadp gh\u1ec1nh, kh\u00f3 kh\u0103n cho \u0111\u1ebfn nh\u1eefng th\u00e0nh qu\u1ea3 \u0111\u01b0\u1ee3c c\u1ea3 hai ch\u00ednh ph\u1ee7 B\u1ec9 v\u00e0 Vi\u1ec7t Nam c\u00f4ng nh\u1eadn.<\/p>\n<p>GS H\u01b0ng l\u00e0 con ng\u01b0\u1eddi lu\u00f4n \u0111au \u0111\u00e1u v\u1edbi Gi\u1ea5c m\u01a1 Vi\u1ec7t Nam, \u0111au \u0111\u00e1u g\u00f3p m\u00ecnh cho s\u1ef1 nghi\u1ec7p gi\u00e1o d\u1ee5c, khoa h\u1ecdc Vi\u1ec7t Nam. \u0110\u1eb6c bi\u1ec7t l\u00e0 \u0111\u00f3ng g\u00f3p v\u1edbi vai tr\u00f2 ng\u01b0\u1eddi \u0111\u1ec1 x\u01b0\u1edbng v\u00e0 \u0111i\u1ec1u ph\u1ed1i c\u00e1c ch\u01b0\u01a1ng tr\u00ecnh Cao h\u1ecdc B\u1ec9 \u2013 Vi\u1ec7t EMMC v\u00e0 MCMC, v\u1edbi nhi\u1ec1u h\u1ecdc tr\u00f2 c\u1ee7a \u00f4ng gi\u1edd \u0111\u00e2y l\u00e0 c\u00e1c gi\u00e1o s\u01b0, ph\u00f3 gi\u00e1o s\u01b0, ti\u1ebfn s\u0129\u2026 \u0111ang lan t\u1ecfa nh\u1eefng \u0111i\u1ec1u t\u1ed1t \u0111\u1eb9p \u0111\u00f3ng g\u00f3p cho \u0111\u1ea5t n\u01b0\u1edbc.<\/p>\n<p>Qua t\u1eebng b\u00e0i vi\u1ebft trong t\u1eadp s\u00e1ch n\u00e0y, b\u1ea1n \u0111\u1ecdc kh\u00f4ng kh\u1ecfi kh\u00e2m ph\u1ee5c, x\u00fac \u0111\u1ed9ng, v\u00e0 k\u00ednh n\u1ec3 con ng\u01b0\u1eddi nhi\u1ec7t huy\u1ebft \u1ea5y.<\/p>\n<p>\u0110\u00c1NH GI\u00c1\/NH\u1eacN X\u00c9T C\u1ee6A CHUY\u00caN GIA<\/p>\n<p>\u201c\u2026 C\u00e1ch \u0111\u00e2y m\u1ed9t ph\u1ea7n t\u01b0 th\u1ebf k\u1ef7, t\u00f4i \u0111\u00e3 th\u00edch th\u00fa v\u1ec1 c\u00e1ch ti\u1ebfp c\u1eadn \u0111a d\u1ea1ng c\u1ee7a GS Nguy\u1ec5n \u0110\u0103ng H\u01b0ng trong nghi\u00ean c\u1ee9u khoa h\u1ecdc. Ng\u00e0y nay, qua cu\u1ed1n s\u00e1ch n\u00e0y t\u00f4i l\u1ea1i b\u1ecb cu\u1ed1n h\u00fat v\u1ec1 s\u1ef1 phong ph\u00fa c\u1ee7a c\u00e1c t\u01b0 li\u1ec7u t\u1eadp h\u1ee3p \u0111\u01b0\u1ee3c. \u0110\u00e2y l\u00e0 ch\u1ee9ng c\u1edb c\u1ee7a m\u1ed9t t\u00e0i n\u0103ng hi\u1ebfm c\u00f3, c\u00f3 kh\u1ea3 n\u0103ng kh\u1ecfa l\u1ea5p nh\u1eefng c\u00e1ch bi\u1ec7t gi\u1eefa \u201chai n\u1ec1n v\u0103n h\u00f3a\u201d, gi\u1eefa nh\u1eefng ph\u00e2n ly c\u1ee7a khoa h\u1ecdc v\u00e0 nh\u00e2n v\u0103n\u2026\u201d<\/p>\n<p>Giulio Maier, Gi\u00e1o s\u01b0 Danh d\u1ef1 th\u1ef1c th\u1ee5 \u0110\u1ea1i h\u1ecdc C\u00f4ng ngh\u1ec7 Milano, nguy\u00ean Ch\u1ee7 t\u1ecbch H\u1ed9i C\u01a1 h\u1ecdc \u00dd, nguy\u00ean Vi\u1ec7n tr\u01b0\u1edfng Vi\u1ec7n C\u01a1 h\u1ecdc Qu\u1ed1c t\u1ebf Udine<\/p>\n<p>\u201c\u2026 T\u00f4i th\u1eadt \u1ea5n t\u01b0\u1ee3ng b\u1edfi th\u00e0nh qu\u1ea3 c\u1ee7a GS Nguy\u1ec5n \u0110\u0103ng H\u01b0ng, kh\u00f4ng nh\u1eefng trong l\u0129nh v\u1ef1c khoa h\u1ecdc m\u00e0 c\u00f2n trong n\u1ed7 l\u1ef1c t\u00ecm ra t\u00e0i tr\u1ee3 gi\u00fap \u0111\u1ee1 h\u1ecdc vi\u00ean v\u00e0 nghi\u00ean c\u1ee9u sinh t\u1eeb c\u00e1c t\u1ed5 ch\u1ee9c qu\u1ed1c t\u1ebf\u2026 T\u1eeb \u0111\u00f3, t\u00f4i th\u1ea5u hi\u1ec3u \u0111\u01b0\u1ee3c l\u00fd do t\u1ea1i sao \u00f4ng \u0111\u00e3 nh\u1eadn l\u00e3nh \u0111\u01b0\u1ee3c nhi\u1ec1u hu\u00e2n ch\u01b0\u01a1ng, b\u1eb1ng khen t\u1eeb c\u1ea3 hai ph\u00eda B\u1ec9 v\u00e0 Vi\u1ec7t Nam\u2026\u201d<\/p>\n<p>B\u00f9i Huy \u0110\u01b0\u1eddng, Gi\u00e1o s\u01b0 &#8211; Vi\u1ec7n s\u0129 Vi\u1ec7n H\u00e0n l\u00e2m Khoa h\u1ecdc Ph\u00e1p<\/p>\n<p>\u201c\u2026 T\u00f4i m\u01b0\u1eddng t\u01b0\u1ee3ng ra bi\u1ebft bao ngh\u1ecb l\u1ef1c v\u00e0 ki\u00ean nh\u1eabn m\u00e0 GS Nguy\u1ec5n \u0110\u0103ng H\u01b0ng \u0111\u00e3 ph\u1ea3i th\u1ef1c thi \u0111\u1ec3 v\u01b0\u1ee3t qua nh\u1eefng tr\u1edf ng\u1ea1i, kh\u00f3 kh\u0103n \u0111\u1ec3 c\u00f3 \u0111\u01b0\u1ee3c nh\u1eefng th\u00e0nh qu\u1ea3 tuy\u1ec7t v\u1eddi nh\u01b0 v\u1eady. Cu\u1ed1i c\u00f9ng, nh\u01b0ng kh\u00f4ng k\u00e9m ph\u1ea7n quan tr\u1ecdng l\u00e0 s\u1ef1 n\u1ed7 l\u1ef1c kh\u00f4ng ng\u1eebng ngh\u1ec9 c\u1ee7a \u00f4ng v\u1ec1 vi\u1ec7c t\u00ecm ki\u1ebfm nh\u1eefng gi\u1ea3i ph\u00e1p cho b\u00e0i to\u00e1n gi\u00e1o d\u1ee5c t\u1ea1i Vi\u1ec7t Nam. T\u00f4i \u0111\u00e3 r\u1ea5t vui v\u00ec \u00f4ng \u0111\u00e3 \u0111\u1ed3ng t\u00ecnh chia s\u1ebb v\u1edbi t\u00f4i nh\u1eefng gi\u00e1 tr\u1ecb c\u01a1 b\u1ea3n nh\u1ea5t tr\u00ean l\u0129nh v\u1ef1c n\u00e0y!\u201d<\/p>\n<p>GS Ho\u00e0ng T\u1ee5y, nguy\u00ean Vi\u1ec7n tr\u01b0\u1edfng Vi\u1ec7n To\u00e1n h\u1ecdc Vi\u1ec7t Nam<\/p>\n<p>\u201c\u2026 GS Nguy\u1ec5n \u0110\u0103ng H\u01b0ng kh\u00f4ng ch\u1ec9 l\u00e0 m\u1ed9t nh\u00e0 khoa h\u1ecdc ti\u1ebfng t\u0103m qua nh\u1eefng th\u00e0nh qu\u1ea3 khoa h\u1ecdc \u0111\u00e3 xu\u1ea5t b\u1ea3n m\u00e0 c\u00f2n l\u00e0 m\u1ed9t nh\u00e0 h\u00f9ng bi\u1ec7n, m\u1ed9t ngh\u1ec7 s\u0129 v\u0103n h\u1ecdc v\u00e0 \u00e2m nh\u1ea1c! H\u01a1n n\u1eefa, \u00f4ng H\u01b0ng l\u00e0 m\u1ed9t ng\u01b0\u1eddi b\u1ea1n trung th\u00e0nh v\u00e0 t\u1eadn t\u1ee5y. T\u00f4i c\u00f3 th\u1ec3 n\u00f3i GS Nguy\u1ec5n \u0110\u0103ng H\u01b0ng l\u00e0 m\u1ed9t con ng\u01b0\u1eddi \u0111\u00e1ng \u0111\u01b0\u1ee3c ng\u01b0\u1ee1ng m\u1ed9 v\u00e0 b\u1ea3n th\u00e2n t\u00f4i c\u1ea3m th\u1ea5y r\u1ea5t t\u1ef1 h\u00e0o v\u00ec \u0111\u00e3 g\u1eb7p \u0111\u01b0\u1ee3c \u00f4ng trong \u0111\u1eddi!\u201d<\/p>\n<p>Daniel Dufresne, Gi\u00e1o s\u01b0 \u0110\u1ea1i h\u1ecdc, nguy\u00ean Ph\u00f3 Vi\u1ec7n tr\u01b0\u1edfng Vi\u1ec7n \u0110\u1ea1i h\u1ecdc Marseille, Ph\u00e1p<\/p>\n","protected":false},"excerpt":{"rendered":"<p>Cu\u1ed1n s\u00e1ch l\u00e0 t\u1eadp h\u1ee3p nh\u1eefng b\u00e0i vi\u1ebft, b\u00e0i ph\u1ecfng v\u1ea5n c\u1ee7a GS Nguy\u1ec5n \u0110\u0103ng H\u01b0ng trong su\u1ed1t m\u1ed9t th\u1eddi gian r\u1ea5t d\u00e0i.<\/p>\n<p>\u0110\u1ecdc cu\u1ed1n s\u00e1ch ta nh\u01b0 th\u1ea5y \u0111\u01b0\u1ee3c cu\u1ed9c \u0111\u1eddi c\u1ee7a GS. M\u1ed9t cu\u1ed9c \u0111\u1eddi g\u1eafn li\u1ec1n v\u1edbi nh\u1eefng n\u0103m kh\u00f3i c\u1ee7a qu\u00ea h\u01b0\u01a1ng. B\u1eb1ng n\u1ed7 l\u1ef1c v\u01b0\u1ee3t b\u1eadc, \u00f4ng nh\u1eadn h\u1ecdc b\u1ed5ng c\u1ee7a B\u1ec9, nh\u01b0ng tr\u00ean \u0111\u1ea5t ng\u01b0\u1eddi, GS ch\u01b0a t\u1eebng ngu\u00f4i ngoai v\u1ec1 Gi\u1ea5c m\u01a1 Vi\u1ec7t Nam c\u1ee7a m\u00ecnh.<\/p>\n<p>Cu\u1ed1n s\u00e1ch l\u00e0 c\u1ea3 m\u1ed9t h\u00e0nh tr\u00ecnh d\u00e0i t\u1eeb nh\u1eefng ng\u00e0y nung n\u1ea5u gi\u1ea5c m\u01a1 \u1ea5y \u0111\u1ebfn nh\u1eefng b\u01b0\u1edbc \u0111i nh\u1ecf tr\u00ean con \u0111\u01b0\u1eddng \u0111\u1ea7y g\u1eadp gh\u1ec1nh, kh\u00f3 kh\u0103n cho \u0111\u1ebfn nh\u1eefng th\u00e0nh qu\u1ea3 \u0111\u01b0\u1ee3c c\u1ea3 hai ch\u00ednh ph\u1ee7 B\u1ec9 v\u00e0 Vi\u1ec7t Nam c\u00f4ng nh\u1eadn.<\/p>\n<p>GS H\u01b0ng l\u00e0 con ng\u01b0\u1eddi lu\u00f4n \u0111au \u0111\u00e1u v\u1edbi Gi\u1ea5c m\u01a1 Vi\u1ec7t Nam, \u0111au \u0111\u00e1u g\u00f3p m\u00ecnh cho s\u1ef1 nghi\u1ec7p gi\u00e1o d\u1ee5c, khoa h\u1ecdc Vi\u1ec7t Nam. \u0110\u1eb6c bi\u1ec7t l\u00e0 \u0111\u00f3ng g\u00f3p v\u1edbi vai tr\u00f2 ng\u01b0\u1eddi \u0111\u1ec1 x\u01b0\u1edbng v\u00e0 \u0111i\u1ec1u ph\u1ed1i c\u00e1c ch\u01b0\u01a1ng tr\u00ecnh Cao h\u1ecdc B\u1ec9 \u2013 Vi\u1ec7t EMMC v\u00e0 MCMC, v\u1edbi nhi\u1ec1u h\u1ecdc tr\u00f2 c\u1ee7a \u00f4ng gi\u1edd \u0111\u00e2y l\u00e0 c\u00e1c gi\u00e1o s\u01b0, ph\u00f3 gi\u00e1o s\u01b0, ti\u1ebfn s\u0129\u2026 \u0111ang lan t\u1ecfa nh\u1eefng \u0111i\u1ec1u t\u1ed1t \u0111\u1eb9p \u0111\u00f3ng g\u00f3p cho \u0111\u1ea5t n\u01b0\u1edbc.<\/p>\n<p>Qua t\u1eebng b\u00e0i vi\u1ebft trong t\u1eadp s\u00e1ch n\u00e0y, b\u1ea1n \u0111\u1ecdc kh\u00f4ng kh\u1ecfi kh\u00e2m ph\u1ee5c, x\u00fac \u0111\u1ed9ng, v\u00e0 k\u00ednh n\u1ec3 con ng\u01b0\u1eddi nhi\u1ec7t huy\u1ebft \u1ea5y.<\/p>\n","protected":false},"featured_media":14069,"template":"","meta":{"_acf_changed":false},"product_brand":[],"product_cat":[15,47],"product_tag":[],"class_list":{"0":"post-14070","1":"product","2":"type-product","3":"status-publish","4":"has-post-thumbnail","6":"product_cat-sach-danh-cho-nguoi-lon","7":"product_cat-truyen-ngan-tan-van","9":"first","10":"instock","11":"taxable","12":"shipping-taxable","13":"purchasable","14":"product-type-simple"},"supplier_id":null,"supplier_sku":"","barcode":null,"atum_controlled":true,"out_stock_date":null,"out_stock_threshold":null,"inheritable":false,"inbound_stock":0,"stock_on_hold":0,"sold_today":0,"sales_last_days":0,"reserved_stock":0,"customer_returns":0,"warehouse_damage":0,"lost_in_post":0,"other_logs":0,"out_stock_days":0,"lost_sales":0,"has_location":false,"update_date":"2026-01-28T23:10:54","atum_locations":[],"atum_stock_status":"instock","restock_status":false,"low_stock_amount":"","sales_update_date":"2026-01-28T23:10:54","calc_backorders":null,"acf":{"publisher":{"ID":2817,"post_author":"1","post_date":"2021-02-27 00:00:35","post_date_gmt":"2021-02-26 22:00:35","post_content":"","post_title":"Alpha Books","post_excerpt":"","post_status":"publish","comment_status":"closed","ping_status":"closed","post_password":"","post_name":"alpha-books","to_ping":"","pinged":"","post_modified":"2021-02-27 00:00:35","post_modified_gmt":"2021-02-26 22:00:35","post_content_filtered":"","post_parent":0,"guid":"https:\/\/sachviet.eu\/nha-phat-hanh\/alpha-books\/","menu_order":0,"post_type":"publisher","post_mime_type":"","comment_count":"0","filter":"raw"}},"_links":{"self":[{"href":"https:\/\/sachviet.eu\/en\/wp-json\/wp\/v2\/product\/14070","targetHints":{"allow":["GET"]}}],"collection":[{"href":"https:\/\/sachviet.eu\/en\/wp-json\/wp\/v2\/product"}],"about":[{"href":"https:\/\/sachviet.eu\/en\/wp-json\/wp\/v2\/types\/product"}],"wp:featuredmedia":[{"embeddable":true,"href":"https:\/\/sachviet.eu\/en\/wp-json\/wp\/v2\/media\/14069"}],"wp:attachment":[{"href":"https:\/\/sachviet.eu\/en\/wp-json\/wp\/v2\/media?parent=14070"}],"wp:term":[{"taxonomy":"product_brand","embeddable":true,"href":"https:\/\/sachviet.eu\/en\/wp-json\/wp\/v2\/product_brand?post=14070"},{"taxonomy":"product_cat","embeddable":true,"href":"https:\/\/sachviet.eu\/en\/wp-json\/wp\/v2\/product_cat?post=14070"},{"taxonomy":"product_tag","embeddable":true,"href":"https:\/\/sachviet.eu\/en\/wp-json\/wp\/v2\/product_tag?post=14070"}],"curies":[{"name":"wp","href":"https:\/\/api.w.org\/{rel}","templated":true}]}}