{"id":14068,"date":"2021-07-02T23:11:40","date_gmt":"2021-07-02T20:11:40","guid":{"rendered":"https:\/\/sachviet.eu\/shop\/di-tim-binh-yen-trong-tam-tri-sach-seneca-nhung-buc-thu-dao-duc-chu-nghia-khac-ky-trong-doi-song\/"},"modified":"2023-04-06T18:40:59","modified_gmt":"2023-04-06T15:40:59","slug":"di-tim-binh-yen-trong-tam-tri-sach-seneca-nhung-buc-thu-dao-duc-chu-nghia-khac-ky-trong-doi-song","status":"publish","type":"product","link":"https:\/\/sachviet.eu\/en\/shop\/di-tim-binh-yen-trong-tam-tri-sach-seneca-nhung-buc-thu-dao-duc-chu-nghia-khac-ky-trong-doi-song\/","title":{"rendered":"\u0110i t\u00ecm b\u00ecnh y\u00ean trong t\u00e2m tr\u00ed | S\u00e1ch Seneca: Nh\u1eefng B\u1ee9c Th\u01b0 \u0110\u1ea1o \u0110\u1ee9c \u2013 Ch\u1ee7 Ngh\u0129a Kh\u1eafc K\u1ef7 Trong \u0110\u1eddi S\u1ed1ng"},"content":{"rendered":"<p>&#8211; GI\u1edaI THI\u1ec6U S\u00c1CH SENECA: CH\u1ee6 NGH\u0128A KH\u1eaeC K\u1ef6-<br \/>\nCh\u1ee7 Ngh\u0129a Kh\u1eafc k\u1ef7 (Stoicism) l\u00e0 m\u1ed9t tr\u01b0\u1eddng ph\u00e1i tri\u1ebft h\u1ecdc c\u1ed5 \u0111\u1ea1i \u0111\u01b0\u1ee3c s\u00e1ng l\u1eadp b\u1edfi nh\u00e0 tri\u1ebft h\u1ecdc Zeno x\u1ee9 Citium v\u00e0o \u0111\u1ea7u th\u1ebf k\u1ef7 th\u1ee9 3 Tr\u01b0\u1edbc C\u00f4ng Nguy\u00ean. Sau \u0111\u00f3 tr\u01b0\u1eddng ph\u00e1i n\u00e0y \u0111\u01b0\u1ee3c k\u1ebft th\u1eeba b\u1edfi ba tr\u1ee5 c\u1ed9t th\u1eddi La M\u00e3 l\u00e0 Seneca, ho\u00e0ng \u0111\u1ebf Marcus Aurelius v\u00e0 Epictetus.<\/p>\n<p>Ch\u1ee7 Ngh\u0129a Kh\u1eafc k\u1ef7 \u0111\u01b0\u1ee3c khai sinh v\u1edbi s\u1ee9 m\u1ec7nh trui r\u00e8n b\u1ea3n l\u0129nh v\u00e0 tinh th\u1ea7n c\u1ee7a con ng\u01b0\u1eddi tr\u01b0\u1edbc nh\u1eefng \u00e1p l\u1ef1c v\u00e0 kh\u1ed5 \u0111au trong cu\u1ed9c s\u1ed1ng. Trong m\u1ed9t th\u1ebf gi\u1edbi hi\u1ec7n \u0111\u1ea1i ch\u00eanh v\u00eanh v\u00e0 \u0111\u1ea7y kh\u1ee7ng ho\u1ea3ng: th\u1ea5t nghi\u1ec7p, d\u1ecbch b\u1ec7nh, n\u1ed7i \u0111au, c\u00e1i ch\u1ebft, Ch\u1ee7 ngh\u0129a Kh\u1eafc k\u1ef7 s\u1ebd gi\u00fap b\u1ea1n v\u1eefng v\u00e0ng \u0111\u1ed1i m\u1eb7t v\u00e0 t\u00ecm \u0111\u01b0\u1ee3c s\u1ef1 b\u00ecnh th\u1ea3n trong t\u00e2m tr\u00ed (the tranquillity of mind), \u0111\u1ec3 kh\u00f4ng b\u1ecb &#8220;cu\u1ed1n theo chi\u1ec1u gi\u00f3&#8221; tr\u01b0\u1edbc v\u00f4 v\u00e0n nh\u1eefng c\u00e1m d\u1ed7 v\u00e0 kh\u00f3 kh\u0103n c\u1ee7a \u0111\u1eddi s\u1ed1ng th\u01b0\u1eddng ng\u00e0y. <\/p>\n<p>&#8211; SENECA: NH\u1eeeNG B\u1ee8C TH\u01af KH\u1eaeC K\u1ef6 &#8211;<br \/>\nLucius Annaeus Seneca &#8211; m\u1ed9t trong ba tr\u1ee5 c\u1ed9t c\u1ee7a Ch\u1ee7 ngh\u0129a Kh\u1eafc K\u1ef7, \u0111\u00e3 s\u1eed d\u1ee5ng m\u1ed9t \u0111\u1ecbnh d\u1ea1ng v\u0103n b\u1ea3n tri\u1ebft h\u1ecdc do ch\u00ednh \u00f4ng s\u00e1ng t\u1ea1o ra l\u00e0 c\u00e1c b\u1ee9c th\u01b0 g\u1ea7n g\u0169i, th\u00e2n thi\u1ec7n v\u1edbi nhi\u1ec1u \u0111\u1ed1i t\u01b0\u1ee3ng \u0111\u1ed9c gi\u1ea3 \u0111\u1ec3 nh\u1eb1m tr\u1ea3 l\u1eddi cho c\u00e2u h\u1ecfi \u201cl\u00e0m th\u1ebf n\u00e0o m\u1ed9t c\u00e1 nh\u00e2n c\u00f3 th\u1ec3 \u0111\u1ea1t \u0111\u01b0\u1ee3c cu\u1ed9c s\u1ed1ng t\u1ed1t \u0111\u1eb9p\u201d. T\u00ednh \u0111\u1ed9c \u0111\u00e1o c\u1ee7a th\u1ec3 lo\u1ea1i v\u0103n b\u1ea3n n\u00e0y \u0111\u00e3 \u0111\u01b0\u1ee3c th\u1ec3 hi\u1ec7n tr\u1ecdn v\u1eb9n trong t\u00e1c ph\u1ea9m n\u1ed5i ti\u1ebfng b\u1eadc nh\u1ea5t c\u1ee7a \u00f4ng &#8220;Moral letters from Seneca to Lucilius\u201d. T\u00e1c ph\u1ea9m n\u00e0y \u0111\u00e3 \u0111\u01b0\u1ee3c t\u00e1c gi\u1ea3 Andy L\u01b0\u01a1ng v\u00e0 \u0111\u1ed9i ng\u0169 Spiderum d\u1ecbch l\u1ea1i d\u01b0\u1edbi t\u00ean \u201cSeneca: Nh\u1eefng b\u1ee9c th\u01b0 \u0111\u1ea1o \u0111\u1ee9c \u2013 Ch\u1ee7 ngh\u0129a Kh\u1eafc k\u1ef7 trong \u0111\u1eddi s\u1ed1ng\u201d.<\/p>\n<p>&#8211; V\u1ec0 T\u00c1C GI\u1ea2 SENECA &#8211;<br \/>\nLucius Annaeus Seneca (4 TCN &#8211; 65) l\u00e0 m\u1ed9t tri\u1ebft gia ng\u01b0\u1eddi La M\u00e3 thu\u1ed9c tr\u01b0\u1eddng ph\u00e1i Tri\u1ebft h\u1ecdc Kh\u1eafc k\u1ef7 v\u00e0 l\u00e0 ch\u00ednh kh\u00e1ch, nh\u00e0 bi\u00ean k\u1ecbch, ngh\u1ec7 s\u0129 h\u00e0i \u0111\u01b0\u01a1ng th\u1eddi, ngo\u00e0i ra \u00f4ng c\u00f2n l\u00e0 m\u1ed9t t\u00ean tu\u1ed5i l\u1edbn c\u1ee7a v\u0103n h\u1ecdc La M\u00e3.<\/p>\n<p>Seneca quan t\u00e2m \u0111\u1ebfn vi\u1ec7c \u00e1p d\u1ee5ng c\u00e1c nguy\u00ean t\u1eafc \u0111\u1ea1o \u0111\u1ee9c Kh\u1eafc K\u1ef7 v\u00e0o cu\u1ed9c s\u1ed1ng c\u1ee7a m\u00ecnh \u0111\u1ec3 ch\u1eefa l\u00e0nh nh\u1eefng t\u1ed5n th\u01b0\u01a1ng t\u00e2m l\u00fd. C\u00e2u h\u1ecfi chi ph\u1ed1i c\u00e1c t\u00e1c ph\u1ea9m tri\u1ebft h\u1ecdc c\u1ee7a \u00f4ng l\u00e0 l\u00e0m th\u1ebf n\u00e0o m\u1ed9t c\u00e1 nh\u00e2n c\u00f3 th\u1ec3 \u0111\u1ea1t \u0111\u01b0\u1ee3c cu\u1ed9c s\u1ed1ng t\u1ed1t \u0111\u1eb9p.<\/p>\n<p>C\u00e1c t\u00e1c ph\u1ea9m c\u1ee7a \u00f4ng ch\u1ee9a \u0111\u1ea7y nh\u1eefng v\u00ed d\u1ee5 s\u1ed1ng \u0111\u1ed9ng, nh\u1eefng \u1ea9n d\u1ee5 \u1ea5n t\u01b0\u1ee3ng, nh\u1eefng c\u00e2u n\u00f3i hay v\u00e0 nh\u1eefng hi\u1ec7u \u1ee9ng \u00e2m thanh d\u1ee9t kho\u00e1t. \u00d4ng bi\u1ebft c\u00e1ch thay \u0111\u1ed5i gi\u1ecdng \u0111i\u1ec7u, t\u1eeb cu\u1ed9c tr\u00f2 chuy\u1ec7n b\u00ecnh th\u01b0\u1eddng \u0111\u1ebfn l\u1eddi c\u1ed5 v\u0169 m\u1ea1nh m\u1ebd v\u00e0 s\u1ef1 l\u00ean \u00e1n quy\u1ebft li\u1ec7t.<\/p>\n<p>&#8211; AI N\u00caN \u0110\u1eccC CU\u1ed0N S\u00c1CH N\u00c0Y? &#8211;<br \/>\nNh\u1eefng b\u1ea1n tr\u1ebb \u0111ang t\u00ecm hi\u1ec3u v\u1ec1 tri\u1ebft h\u1ecdc, \u0111\u1eb7c bi\u1ec7t l\u00e0 v\u1ec1 Ch\u1ee7 ngh\u0129a Kh\u1eafc k\u1ef7 v\u00e0 ph\u01b0\u01a1ng ph\u00e1p th\u1ef1c h\u00e0nh tri\u1ebft h\u1ecdc trong cu\u1ed9c s\u1ed1ng th\u01b0\u1eddng ng\u00e0y<\/p>\n<p>Nh\u1eefng ai quan t\u00e2m t\u1edbi v\u0103n h\u1ecdc, l\u1ecbch s\u1eed, ngh\u1ec7 thu\u1eadt Hy L\u1ea1p &#8211; La M\u00e3 c\u1ed5 \u0111\u1ea1i \u0111\u1ec3 t\u00ecm v\u1ec1 c\u00e1c tri th\u1ee9c tr\u01b0\u1eddng t\u1ed3n qua d\u00f2ng th\u1eddi gian c\u1ee7a Seneca, Marcus Aurelius, Plato\u2026<\/p>\n<p>Nh\u1eefng ai \u0111ang g\u1eb7p v\u1ea5n \u0111\u1ec1 v\u1edbi vi\u1ec7c ph\u00e1t tri\u1ec3n b\u1ea3n th\u00e2n, c\u00e1c m\u1ed1i quan h\u1ec7, s\u1ef1 nghi\u1ec7p, t\u00ecnh c\u1ea3m v\u00e0 c\u1ea7n l\u1eddi khuy\u00ean th\u1ef1c s\u1ef1 c\u00f3 \u00fd ngh\u0129a<\/p>\n<p>Nh\u1eefng b\u1ea1n tr\u1ebb mu\u1ed1n trang b\u1ecb cho m\u00ecnh m\u1ed9t t\u00e2m th\u1ee9c m\u1ea1nh m\u1ebd \u0111\u1ec3 s\u1eb5n s\u00e0ng \u0111\u01b0\u01a1ng \u0111\u1ea7u v\u1edbi th\u1eddi \u0111\u1ea1i bi\u1ebfn \u0111\u1ed5i kh\u00f4n c\u00f9ng.<\/p>\n<p>_______________________________<\/p>\n<p>&#8211; T\u00e1c gi\u1ea3: Lucius Annaeus Seneca<br \/>\n&#8211; D\u1ecbch gi\u1ea3: Andy Luong<br \/>\n&#8211; S\u1ed1 trang: 338<br \/>\n&#8211; Ng\u00e0y xu\u1ea5t b\u1ea3n: 05\/05\/2021<br \/>\n&#8211; B\u1ea3n g\u1ed1c: Letters from a Stoic<\/p>\n","protected":false},"excerpt":{"rendered":"<p>Ch\u1ee7 Ngh\u0129a Kh\u1eafc k\u1ef7 (Stoicism) l\u00e0 m\u1ed9t tr\u01b0\u1eddng ph\u00e1i tri\u1ebft h\u1ecdc c\u1ed5 \u0111\u1ea1i \u0111\u01b0\u1ee3c s\u00e1ng l\u1eadp b\u1edfi nh\u00e0 tri\u1ebft h\u1ecdc Zeno x\u1ee9 Citium v\u00e0o \u0111\u1ea7u th\u1ebf k\u1ef7 th\u1ee9 3 Tr\u01b0\u1edbc C\u00f4ng Nguy\u00ean. Sau \u0111\u00f3 tr\u01b0\u1eddng ph\u00e1i n\u00e0y \u0111\u01b0\u1ee3c k\u1ebft th\u1eeba b\u1edfi ba tr\u1ee5 c\u1ed9t th\u1eddi La M\u00e3 l\u00e0 Seneca, ho\u00e0ng \u0111\u1ebf Marcus Aurelius v\u00e0 Epictetus.<\/p>\n<p>Ch\u1ee7 Ngh\u0129a Kh\u1eafc k\u1ef7 \u0111\u01b0\u1ee3c khai sinh v\u1edbi s\u1ee9 m\u1ec7nh trui r\u00e8n b\u1ea3n l\u0129nh v\u00e0 tinh th\u1ea7n c\u1ee7a con ng\u01b0\u1eddi tr\u01b0\u1edbc nh\u1eefng \u00e1p l\u1ef1c v\u00e0 kh\u1ed5 \u0111au trong cu\u1ed9c s\u1ed1ng. Trong m\u1ed9t th\u1ebf gi\u1edbi hi\u1ec7n \u0111\u1ea1i ch\u00eanh v\u00eanh v\u00e0 \u0111\u1ea7y kh\u1ee7ng ho\u1ea3ng: th\u1ea5t nghi\u1ec7p, d\u1ecbch b\u1ec7nh, n\u1ed7i \u0111au, c\u00e1i ch\u1ebft, Ch\u1ee7 ngh\u0129a Kh\u1eafc k\u1ef7 s\u1ebd gi\u00fap b\u1ea1n v\u1eefng v\u00e0ng \u0111\u1ed1i m\u1eb7t v\u00e0 t\u00ecm \u0111\u01b0\u1ee3c s\u1ef1 b\u00ecnh th\u1ea3n trong t\u00e2m tr\u00ed (the tranquillity of mind), \u0111\u1ec3 kh\u00f4ng b\u1ecb &#8220;cu\u1ed1n theo chi\u1ec1u gi\u00f3&#8221; tr\u01b0\u1edbc v\u00f4 v\u00e0n nh\u1eefng c\u00e1m d\u1ed7 v\u00e0 kh\u00f3 kh\u0103n c\u1ee7a \u0111\u1eddi s\u1ed1ng th\u01b0\u1eddng ng\u00e0y.<\/p>\n","protected":false},"featured_media":14064,"template":"","meta":{"_acf_changed":false},"product_brand":[],"product_cat":[15,47],"product_tag":[],"class_list":{"0":"post-14068","1":"product","2":"type-product","3":"status-publish","4":"has-post-thumbnail","6":"product_cat-sach-danh-cho-nguoi-lon","7":"product_cat-truyen-ngan-tan-van","9":"first","10":"outofstock","11":"taxable","12":"shipping-taxable","13":"purchasable","14":"product-type-simple"},"supplier_id":null,"supplier_sku":"","barcode":null,"atum_controlled":true,"out_stock_date":"2023-04-06 15:40:59","out_stock_threshold":null,"inheritable":false,"inbound_stock":0,"stock_on_hold":0,"sold_today":0,"sales_last_days":0,"reserved_stock":0,"customer_returns":0,"warehouse_damage":0,"lost_in_post":0,"other_logs":0,"out_stock_days":1028,"lost_sales":0,"has_location":false,"update_date":"2026-01-28T23:10:54","atum_locations":[],"atum_stock_status":"outofstock","restock_status":false,"low_stock_amount":"","sales_update_date":"2026-01-28T23:10:54","calc_backorders":null,"acf":{"publisher":{"ID":14063,"post_author":"1","post_date":"2021-07-02 23:11:33","post_date_gmt":"2021-07-02 20:11:33","post_content":"","post_title":"Khai Minh","post_excerpt":"","post_status":"publish","comment_status":"closed","ping_status":"closed","post_password":"","post_name":"khai-minh","to_ping":"","pinged":"","post_modified":"2021-07-02 23:11:33","post_modified_gmt":"2021-07-02 20:11:33","post_content_filtered":"","post_parent":0,"guid":"https:\/\/sachviet.eu\/nha-phat-hanh\/khai-minh\/","menu_order":0,"post_type":"publisher","post_mime_type":"","comment_count":"0","filter":"raw"}},"_links":{"self":[{"href":"https:\/\/sachviet.eu\/en\/wp-json\/wp\/v2\/product\/14068","targetHints":{"allow":["GET"]}}],"collection":[{"href":"https:\/\/sachviet.eu\/en\/wp-json\/wp\/v2\/product"}],"about":[{"href":"https:\/\/sachviet.eu\/en\/wp-json\/wp\/v2\/types\/product"}],"wp:featuredmedia":[{"embeddable":true,"href":"https:\/\/sachviet.eu\/en\/wp-json\/wp\/v2\/media\/14064"}],"wp:attachment":[{"href":"https:\/\/sachviet.eu\/en\/wp-json\/wp\/v2\/media?parent=14068"}],"wp:term":[{"taxonomy":"product_brand","embeddable":true,"href":"https:\/\/sachviet.eu\/en\/wp-json\/wp\/v2\/product_brand?post=14068"},{"taxonomy":"product_cat","embeddable":true,"href":"https:\/\/sachviet.eu\/en\/wp-json\/wp\/v2\/product_cat?post=14068"},{"taxonomy":"product_tag","embeddable":true,"href":"https:\/\/sachviet.eu\/en\/wp-json\/wp\/v2\/product_tag?post=14068"}],"curies":[{"name":"wp","href":"https:\/\/api.w.org\/{rel}","templated":true}]}}