{"id":14038,"date":"2021-07-02T23:10:12","date_gmt":"2021-07-02T20:10:12","guid":{"rendered":"https:\/\/sachviet.eu\/shop\/huyen-thuat-va-cac-dao-si-tay-tang\/"},"modified":"2024-02-15T23:41:33","modified_gmt":"2024-02-15T21:41:33","slug":"huyen-thuat-va-cac-dao-si-tay-tang","status":"publish","type":"product","link":"https:\/\/sachviet.eu\/en\/shop\/huyen-thuat-va-cac-dao-si-tay-tang\/","title":{"rendered":"Huy\u1ec1n Thu\u1eadt V\u00e0 C\u00e1c \u0110\u1ea1o S\u0129 T\u00e2y T\u1ea1ng"},"content":{"rendered":"<p>H\u00c0NH TR\u00ccNH 12 N\u0102M TRONG \u0110\u1ea4T PH\u1eacT HUY\u1ec0N B\u00cd <\/p>\n<p>G\u1ea7n 100 n\u0103m k\u1ec3 t\u1eeb ng\u00e0y ra m\u1eaft, Mystyquet et Magiciens du Tibet, cu\u1ed1n s\u00e1ch vang d\u1ed9i ch\u00e2u \u00c2u c\u1ee7a n\u1eef t\u00e1c gi\u1ea3 ng\u01b0\u1eddi Ph\u00e1p Alexandra David \u2013 Neel, m\u1edbi c\u00f3 d\u1ecbp \u0111\u1ebfn tay b\u1ea1n \u0111\u1ecdc Vi\u1ec7t Nam v\u1edbi t\u00ean g\u1ecdi Huy\u1ec1n thu\u1eadt v\u00e0 c\u00e1c \u0111\u1ea1o s\u0129 T\u00e2y T\u1ea1ng. Cu\u1ed1n s\u00e1ch l\u00e0 m\u1ed9t thi\u00ean ph\u00f3ng s\u1ef1 \u0111\u00e1ng kinh ng\u1ea1c c\u1ee7a t\u00e1c gi\u1ea3 trong h\u00e0nh tr\u00ecnh xuy\u00ean qua v\u00f9ng \u0111\u1ea5t T\u00e2y T\u1ea1ng \u0111\u1ec3 kh\u00e1m ph\u00e1 c\u00e1c huy\u1ec1n thu\u1eadt c\u1ee7a \u0111\u1ea1o s\u0129 n\u01a1i \u0111\u00e2y. <\/p>\n<p>V\u1edbi \u00fd \u0111\u1ecbnh ti\u1ebfp ki\u1ebfn \u0110\u1ee9c \u0110\u1ea1t Lai L\u1ea1t Ma \u0111\u1eddi th\u1ee9 13 \u0111ang l\u00e1nh n\u1ea1n t\u1ea1i \u1ea4n \u0110\u1ed9 (v\u00ec xung \u0111\u1ed9t ch\u00ednh tr\u1ecb v\u1edbi tri\u1ec1u \u0111\u1ea1i M\u00e3n Thanh), Alexandra David \u2013 Neel kh\u00f4ng ng\u1edd c\u00e1c b\u00ed m\u1eadt v\u1ec1 huy\u1ec1n thu\u1eadt T\u00e2y T\u1ea1ng l\u1eabn l\u1eddi ch\u1ec9 d\u1eabn s\u00e2u xa c\u1ee7a nh\u1eefng v\u1ecb \u0111\u1ea1o s\u01b0 \u0111\u00e3 d\u1eabn b\u00e0 \u0111i xa h\u01a1n d\u1ef1 \u0111\u1ecbnh ban \u0111\u1ea7u c\u1ee7a m\u00ecnh. Sau 12 n\u0103m rong ru\u1ed5i kh\u1eafp T\u00e2y T\u1ea1ng, Alexandra \u0111\u00e3 \u0111\u1ec3 l\u1ea1i t\u1eadp s\u00e1ch Huy\u1ec1n thu\u1eadt v\u00e0 c\u00e1c \u0111\u1ea1o s\u0129 T\u00e2y T\u1ea1ng nh\u01b0 m\u1ed9t c\u00f4ng tr\u00ecnh nghi\u00ean c\u1ee9u quan tr\u1ecdng v\u1ec1 v\u00f9ng \u0111\u1ea5t \u0111\u1ea7y b\u00ed \u1ea9n n\u00e0y.<\/p>\n<p>Tr\u01b0\u1edbc khi cu\u1ed1n s\u00e1ch c\u1ee7a Alexandra ra \u0111\u1eddi, huy\u1ec1n thu\u1eadt T\u00e2y T\u1ea1ng ho\u1eb7c ch\u1ec9 \u0111\u01b0\u1ee3c bi\u1ebft \u0111\u1ebfn nh\u01b0 nh\u1eefng c\u00e2u chuy\u1ec7n h\u01b0 \u1ea3o v\u1ec1 ph\u00f9 ph\u00e9p, b\u00f9a ch\u00fa ho\u1eb7c b\u1ecb nh\u1eefng nh\u00e0 nghi\u00ean c\u1ee9u Ph\u1eadt h\u1ecdc ch\u00ednh th\u1ed1ng \u1edf ph\u01b0\u01a1ng T\u00e2y xem l\u00e0 m\u00ea t\u00edn d\u1ecb \u0111oan. T\u00e1c gi\u1ea3 Alexandra David \u2013 Neel ch\u00ednh l\u00e0 ng\u01b0\u1eddi ph\u1ee5 n\u1eef ngo\u1ea1i qu\u1ed1c \u0111\u1ea7u ti\u00ean v\u1edbi ki\u1ebfn th\u1ee9c Ph\u1eadt h\u1ecdc c\u1ee7a m\u00ecnh \u0111\u00e3 \u0111\u1eb7t ch\u00e2n \u0111\u1ebfn T\u00e2y T\u1ea1ng \u0111\u1ec3 t\u1eadn m\u1eaft ch\u1ee9ng ki\u1ebfn v\u00e0 ghi ch\u00e9p nh\u1eefng hi\u1ec7n t\u01b0\u1ee3ng k\u00ec b\u00ed. <\/p>\n<p>\u201cNg\u01b0\u1eddi ta kh\u00f4ng th\u1ec3 gi\u1ea3i th\u00edch v\u00ec sao T\u00e2y T\u1ea1ng l\u1ea1i c\u00f3 s\u1ee9c h\u1ea5p d\u1eabn k\u1ef3 l\u1ea1 nh\u01b0 v\u1eady n\u1ebfu h\u1ecd kh\u00f4ng \u0111\u1eb7t ch\u00e2n \u0111\u1ebfn \u0111\u00e2y, n\u1ebfu h\u1ecd kh\u00f4ng tr\u1ea7m m\u00ecnh v\u00e0o b\u1ea7u kh\u00f4ng kh\u00ed trang nghi\u00eam t\u0129nh l\u1eb7ng, n\u1ebfu h\u1ecd kh\u00f4ng bi\u1ebft l\u1eafng nghe nh\u1eefng \u00e2m thanh m\u01a1 h\u1ed3 trong gi\u00f3, hay nh\u00ecn th\u1ea5y nh\u1eefng h\u00ecnh \u1ea3nh k\u1ef3 l\u1ea1 ch\u1eadp ch\u1eddn trong s\u01b0\u01a1ng m\u00f9, h\u01b0 h\u01b0 th\u1ef1c th\u1ef1c.\u201d \u2013 L\u1eddi Alexandra trong t\u1eadp s\u00e1ch.<\/p>\n<p>N\u1eef t\u00e1c gi\u1ea3 Alexandra David \u2013 Neel \u0111\u00e3 n\u1ed7 l\u1ef1c l\u00fd gi\u1ea3i nh\u1eefng hi\u1ec7n t\u01b0\u1ee3ng si\u00eau nhi\u00ean c\u1ee7a huy\u1ec1n thu\u1eadt T\u00e2y T\u1ea1ng d\u01b0\u1edbi con m\u1eaft quan s\u00e1t nh\u1ea1y b\u00e9n v\u00e0 ki\u1ebfn th\u1ee9c thu nh\u1eb7t \u0111\u01b0\u1ee3c trong h\u00e0nh tr\u00ecnh c\u1ee7a m\u00ecnh. Xuy\u00ean su\u1ed1t t\u1eadp s\u00e1ch, t\u00e1c gi\u1ea3 \u0111\u00e3 k\u1ec3 l\u1ea1i nh\u1eefng c\u00e2u chuy\u1ec7n v\u1ec1 b\u00ed thu\u1eadt c\u1ee7a c\u00e1c \u0111\u1ea1o s\u0129 T\u00e2y T\u1ea1ng, ph\u01b0\u01a1ng ph\u00e1p tu t\u1eadp \u2013 thi\u1ec1n \u0111\u1ecbnh c\u1ee7a h\u1ecd v\u00e0 c\u1ea3 nh\u1eefng truy\u1ec1n thuy\u1ebft b\u00e0 \u0111\u01b0\u1ee3c nghe k\u1ec3 d\u1ecdc ch\u1eb7ng \u0111\u01b0\u1eddng. <\/p>\n<p>D\u00f9 tr\u01b0\u1edbc khi l\u00ean \u0111\u01b0\u1eddng chu du T\u00e2y T\u1ea1ng, Alexandra l\u00e0 m\u1ed9t h\u1ecdc gi\u1ea3 n\u1ed5i ti\u1ebfng v\u1ec1 Ph\u1eadt gi\u00e1o nh\u01b0ng d\u01b0\u1eddng nh\u01b0 m\u1ed7i m\u1ed9t c\u00e2u chuy\u1ec7n v\u1ec1 c\u00e1c \u0111\u1ea1o s\u0129 hay truy\u1ec1n th\u1ed1ng tu t\u1eadp c\u1ee7a h\u1ecd \u0111\u1ec1u tr\u1edf n\u00ean l\u1ea1 l\u1eabm \u0111\u1ed1i v\u1edbi b\u00e0. R\u00f5 r\u00e0ng, T\u00e2y T\u1ea1ng, m\u1ed9t v\u00f9ng \u0111\u1ea5t huy\u1ec1n di\u1ec7u, \u0111\u00e3 khi\u1ebfn Alexandra kh\u00f4ng th\u1ec3 l\u00fd gi\u1ea3i nh\u1eefng g\u00ec x\u1ea3y ra theo logic, ng\u00f4n ng\u1eef c\u1ee7a m\u1ed9t ng\u01b0\u1eddi nghi\u00ean c\u1ee9u hay \u00edt nh\u1ea5t l\u00e0 c\u1ee7a m\u1ed9t ng\u01b0\u1eddi ph\u01b0\u01a1ng T\u00e2y. <\/p>\n<p>V\u1edbi l\u1ed1i tr\u1ea7n thu\u1eadt \u0111\u1eadm ch\u1ea5t ph\u00f3ng s\u1ef1 du k\u00fd, nh\u1eefng trang s\u00e1ch c\u1ee7a Alexandra kh\u00f4ng ch\u1ec9 m\u1edf ra cho c\u00e1c \u0111\u1ed9c gi\u1ea3 ph\u01b0\u01a1ng T\u00e2y \u0111\u1ea7u th\u1ebf k\u1ec9 20 c\u00e1i nh\u00ecn r\u00f5 n\u00e9t h\u01a1n v\u1ec1 T\u00e2y T\u1ea1ng m\u00e0 c\u00f2n gi\u00fap c\u00e1c nh\u00e0 nghi\u00ean c\u1ee9u c\u00f3 th\u00eam t\u01b0 li\u1ec7u \u0111\u1ec3 kh\u1ea3o c\u1ee9u v\u1ec1 n\u0103ng l\u1ef1c con ng\u01b0\u1eddi. M\u1eb7c cho \u0111\u00e3 tr\u1ea3i qua 100 n\u0103m k\u1ec3 t\u1eeb l\u1ea7n \u0111\u1ea7u xu\u1ea5t b\u1ea3n, cu\u1ed1n s\u00e1ch v\u1eabn \u0111em \u0111\u1ebfn ng\u01b0\u1eddi \u0111\u1ecdc s\u1ef1 b\u1ea5t ng\u1edd v\u1ec1 T\u00e2y T\u1ea1ng, b\u1edfi cho \u0111\u1ebfn t\u1eadn ng\u00e0y nay, khi th\u1ebf gi\u1edbi tr\u1edf n\u00ean r\u1ed9ng m\u1edf h\u01a1n bao gi\u1edd h\u1ebft th\u00ec nh\u1eefng c\u00e2u chuy\u1ec7n huy\u1ec1n b\u00ed \u1ea5y v\u1eabn c\u1ee9 m\u1edd \u1ea3o nh\u01b0 d\u00e3y n\u00fai Hi M\u00e3 L\u1ea1p S\u01a1n quanh n\u0103m tuy\u1ebft ph\u1ee7.<\/p>\n<p>C\u00f3 th\u1ec3 xem Huy\u1ec1n thu\u1eadt v\u00e0 c\u00e1c \u0111\u1ea1o s\u0129 T\u00e2y T\u1ea1ng c\u00f3 gi\u00e1 tr\u1ecb t\u1ef1a cu\u1ed1n du k\u00ed ph\u01b0\u01a1ng \u0110\u00f4ng danh ti\u1ebfng c\u1ee7a nh\u00e0 phi\u00eau l\u01b0u Marco Polo. B\u00ean c\u1ea1nh h\u00e0nh tr\u00ecnh v\u1ec1 huy\u1ec1n thu\u1eadt T\u00e2y T\u1ea1ng, cu\u1ed1n s\u00e1ch c\u1ee7a Alexandra David \u2013 Neel c\u00f2n l\u00e0 nh\u1eefng ghi ch\u00e9p th\u00fa v\u1ecb li\u00ean quan \u0111\u1ebfn c\u00e1c s\u1ef1 ki\u1ec7n l\u1ecbch s\u1eed \u1edf n\u01a1i n\u00e0y nh\u01b0 vi\u1ec7c m\u00f4 t\u1ea3 chu\u1ed7i ng\u00e0y l\u00e1nh n\u1ea1n \u1edf \u1ea4n \u0110\u1ed9 c\u1ee7a \u0110\u1ea1t Lai L\u1ea1t Ma \u0111\u1eddi th\u1ee9 13 hay nh\u1eefng c\u1ea3i c\u00e1ch t\u00f4n gi\u00e1o \u0111\u1ed9t ph\u00e1 c\u1ee7a vua Sidkeong Namgyal x\u1ee9 Sikkim.<\/p>\n<p>Nh\u1eefng nh\u00e2n v\u1eadt g\u1eafn li\u1ec1n v\u1edbi cu\u1ed9c h\u00e0nh tr\u00ecnh c\u1ee7a Alexandra c\u00f3 ng\u01b0\u1eddi \u1ea9n danh, v\u00f4 danh nh\u01b0ng c\u0169ng c\u00f3 ng\u01b0\u1eddi quy\u1ebft \u0111\u1ecbnh v\u1eadn m\u1ec7nh c\u1ee7a c\u1ea3 m\u1ed9t \u0111\u1ea5t n\u01b0\u1edbc r\u1ed9ng l\u1edbn. C\u0169ng ch\u00ednh v\u00ec v\u1eady, Huy\u1ec1n thu\u1eadt v\u00e0 c\u00e1c \u0111\u1ea1o s\u0129 T\u00e2y T\u1ea1ng \u0111\u00e3 t\u1ea1o n\u00ean m\u1ed9t c\u1ea3m h\u1ee9ng m\u1ea1nh m\u1ebd \u1edf ng\u01b0\u1eddi xem v\u1ec1 v\u00f9ng \u0111\u1ea5t T\u00e2y T\u1ea1ng v\u1edbi bao th\u0103ng tr\u1ea7m ch\u1ee9 kh\u00f4ng \u0111\u01a1n thu\u1ea7n ch\u1ec9 l\u00e0 nh\u1eefng truy\u1ec1n thuy\u1ebft h\u01b0 \u1ea3o \u0111\u01b0\u1ee3c ph\u1ee7 m\u1ed9t l\u1edbp m\u1ea7u nhi\u1ec7m l\u1ea5p l\u00e1nh n\u00e0o \u0111\u00f3. S\u00e1ch \u0111\u01b0\u1ee3c nh\u00e0 xu\u1ea5t b\u1ea3n T\u1ed5ng H\u1ee3p TP.HCM v\u00e0 First News ph\u00e1t h\u00e0nh Gi\u00e1o s\u01b0 Nguy\u00ean Phong bi\u00ean d\u1ecbch.<\/p>\n<p>Th\u00f4ng tin t\u00e1c gi\u1ea3:<\/p>\n<p>Alexandra David \u2013 Neel (1868 \u2013 1969) l\u00e0 ng\u01b0\u1eddi ph\u1ee5 n\u1eef da tr\u1eafng \u0111\u1ea7u ti\u00ean du h\u00e0nh kh\u1eafp T\u00e2y T\u1ea1ng v\u00e0 \u0111\u1ebfn \u0111\u01b0\u1ee3c th\u1ee7 \u0111\u00f4 Lhasa. B\u00e0 \u0111\u00e3 d\u00e0nh ra h\u01a1n 12 n\u0103m nghi\u00ean c\u1ee9u v\u1ec1 Ph\u1eadt h\u1ecdc t\u1ea1i \u0111\u00e2y, l\u00fac th\u00ec trong nh\u1eefng tu vi\u1ec7n h\u1ebbo l\u00e1nh, khi th\u00ec nh\u1eadp th\u1ea5t trong m\u1ed9t hang \u0111\u1ed9ng tr\u00ean \u0111\u1ec9nh Tuy\u1ebft S\u01a1n (Himalaya). Trong nh\u1eefng t\u00e1c ph\u1ea9m vi\u1ebft v\u1ec1 T\u00e2y T\u1ea1ng, s\u00e1ch c\u1ee7a b\u00e0 c\u00f3 m\u1ed9t v\u1ecb tr\u00ed v\u00f4 c\u00f9ng quan tr\u1ecdng v\u00e0 \u0111\u01b0\u1ee3c xem l\u00e0 nh\u1eefng t\u00e0i li\u1ec7u c\u00f3 gi\u00e1 tr\u1ecb v\u01b0\u1ee3t th\u1eddi gian.<\/p>\n<p>B\u00e0 \u0111\u01b0\u1ee3c trao gi\u1ea3i Gold Medal of the Geographical Society of France v\u00e0 hu\u00e2n ch\u01b0\u01a1ng B\u1eafc \u0110\u1ea9u B\u1ed9 Tinh. Nh\u1eefng t\u00e1c ph\u1ea9m c\u1ee7a b\u00e0 bao g\u1ed3m: Magie d&#8217;amour et magic noire (t\u1ea1m d\u1ecbch Ph\u00e9p thu\u1eadt v\u1ec1 t\u00ecnh \u00e1i v\u00e0 t\u00e0 thu\u1eadt), Initiations lama\u00efques (t\u1ea1m d\u1ecbch Nh\u1eefng cu\u1ed9c \u0111i\u1ec3m \u0111\u1ea1o x\u1ee9 T\u00e2y T\u1ea1ng), Le lama au cinq sagesses (t\u1ea1m d\u1ecbch V\u1ecb L\u1ea1t Ma c\u00f3 n\u0103m ph\u00e9p th\u1ea7n th\u00f4ng) v\u00e0 sau c\u00f9ng l\u00e0 cu\u1ed1n Mystyquet et Magiciens du Tibet (Huy\u1ec1n thu\u1eadt v\u00e0 c\u00e1c \u0111\u1ea1o s\u0129 T\u00e2y T\u1ea1ng).<\/p>\n<p>Th\u00f4ng tin d\u1ecbch gi\u1ea3:<\/p>\n<p>D\u1ecbch gi\u1ea3 Nguy\u00ean Phong t\u00ean th\u1eadt l\u00e0 V\u0169 V\u0103n Du, sinh n\u0103m 1950 t\u1ea1i H\u00e0 N\u1ed9i. \u00d4ng r\u1eddi Vi\u1ec7t Nam du h\u1ecdc \u1edf Hoa K\u1ef3 t\u1eeb n\u0103m 1968 v\u00e0 t\u1ed1t nghi\u1ec7p cao h\u1ecdc \u1edf hai ng\u00e0nh Sinh v\u1eadt h\u1ecdc v\u00e0 \u0110i\u1ec7n to\u00e1n.Ngo\u00e0i c\u00f4ng vi\u1ec7c ch\u00ednh l\u00e0 m\u1ed9t k\u1ef9 s\u01b0 cao c\u1ea5p t\u1ea1i Boeing trong h\u01a1n 20 n\u0103m, \u00f4ng v\u1eabn ti\u1ebfp t\u1ee5c nghi\u00ean c\u1ee9u trong vai tr\u00f2 nh\u00e0 khoa h\u1ecdc t\u1ea1i \u0110\u1ea1i h\u1ecdc Carnegie Mellon v\u00e0 \u0110\u1ea1i h\u1ecdc Seattle.<\/p>\n<p>Song song v\u1edbi vai tr\u00f2 m\u1ed9t nh\u00e0 khoa h\u1ecdc, Nguy\u00ean Phong c\u00f2n l\u00e0 m\u1ed9t d\u1ecbch gi\u1ea3 n\u1ed5i ti\u1ebfng c\u1ee7a lo\u1ea1t s\u00e1ch v\u1ec1 v\u0103n h\u00f3a v\u00e0 t\u00e2m linh ph\u01b0\u01a1ng \u0110\u00f4ng. Trong s\u1ed1 \u0111\u00f3 c\u00f3 th\u1ec3 k\u1ec3 \u0111\u1ebfn: H\u00e0nh tr\u00ecnh v\u1ec1 ph\u01b0\u01a1ng \u0110\u00f4ng, \u0110\u01b0\u1eddng m\u00e2y qua x\u1ee9 tuy\u1ebft, Tr\u00ean r\u1eb7ng Tuy\u1ebft S\u01a1n, Hoa tr\u00f4i tr\u00ean s\u00f3ng n\u01b0\u1edbc\u2026<\/p>\n","protected":false},"excerpt":{"rendered":"<p>H\u00c0NH TR\u00ccNH 12 N\u0102M TRONG \u0110\u1ea4T PH\u1eacT HUY\u1ec0N B\u00cd <\/p>\n<p>G\u1ea7n 100 n\u0103m k\u1ec3 t\u1eeb ng\u00e0y ra m\u1eaft, Mystyquet et Magiciens du Tibet, cu\u1ed1n s\u00e1ch vang d\u1ed9i ch\u00e2u \u00c2u c\u1ee7a n\u1eef t\u00e1c gi\u1ea3 ng\u01b0\u1eddi Ph\u00e1p Alexandra David \u2013 Neel, m\u1edbi c\u00f3 d\u1ecbp \u0111\u1ebfn tay b\u1ea1n \u0111\u1ecdc Vi\u1ec7t Nam v\u1edbi t\u00ean g\u1ecdi Huy\u1ec1n thu\u1eadt v\u00e0 c\u00e1c \u0111\u1ea1o s\u0129 T\u00e2y T\u1ea1ng. Cu\u1ed1n s\u00e1ch l\u00e0 m\u1ed9t thi\u00ean ph\u00f3ng s\u1ef1 \u0111\u00e1ng kinh ng\u1ea1c c\u1ee7a t\u00e1c gi\u1ea3 trong h\u00e0nh tr\u00ecnh xuy\u00ean qua v\u00f9ng \u0111\u1ea5t T\u00e2y T\u1ea1ng \u0111\u1ec3 kh\u00e1m ph\u00e1 c\u00e1c huy\u1ec1n thu\u1eadt c\u1ee7a \u0111\u1ea1o s\u0129 n\u01a1i \u0111\u00e2y. <\/p>\n<p>V\u1edbi \u00fd \u0111\u1ecbnh ti\u1ebfp ki\u1ebfn \u0110\u1ee9c \u0110\u1ea1t Lai L\u1ea1t Ma \u0111\u1eddi th\u1ee9 13 \u0111ang l\u00e1nh n\u1ea1n t\u1ea1i \u1ea4n \u0110\u1ed9 (v\u00ec xung \u0111\u1ed9t ch\u00ednh tr\u1ecb v\u1edbi tri\u1ec1u \u0111\u1ea1i M\u00e3n Thanh), Alexandra David \u2013 Neel kh\u00f4ng ng\u1edd c\u00e1c b\u00ed m\u1eadt v\u1ec1 huy\u1ec1n thu\u1eadt T\u00e2y T\u1ea1ng l\u1eabn l\u1eddi ch\u1ec9 d\u1eabn s\u00e2u xa c\u1ee7a nh\u1eefng v\u1ecb \u0111\u1ea1o s\u01b0 \u0111\u00e3 d\u1eabn b\u00e0 \u0111i xa h\u01a1n d\u1ef1 \u0111\u1ecbnh ban \u0111\u1ea7u c\u1ee7a m\u00ecnh. Sau 12 n\u0103m rong ru\u1ed5i kh\u1eafp T\u00e2y T\u1ea1ng, Alexandra \u0111\u00e3 \u0111\u1ec3 l\u1ea1i t\u1eadp s\u00e1ch Huy\u1ec1n thu\u1eadt v\u00e0 c\u00e1c \u0111\u1ea1o s\u0129 T\u00e2y T\u1ea1ng nh\u01b0 m\u1ed9t c\u00f4ng tr\u00ecnh nghi\u00ean c\u1ee9u quan tr\u1ecdng v\u1ec1 v\u00f9ng \u0111\u1ea5t \u0111\u1ea7y b\u00ed \u1ea9n n\u00e0y.<\/p>\n<p>Tr\u01b0\u1edbc khi cu\u1ed1n s\u00e1ch c\u1ee7a Alexandra ra \u0111\u1eddi, huy\u1ec1n thu\u1eadt T\u00e2y T\u1ea1ng ho\u1eb7c ch\u1ec9 \u0111\u01b0\u1ee3c bi\u1ebft \u0111\u1ebfn nh\u01b0 nh\u1eefng c\u00e2u chuy\u1ec7n h\u01b0 \u1ea3o v\u1ec1 ph\u00f9 ph\u00e9p, b\u00f9a ch\u00fa ho\u1eb7c b\u1ecb nh\u1eefng nh\u00e0 nghi\u00ean c\u1ee9u Ph\u1eadt h\u1ecdc ch\u00ednh th\u1ed1ng \u1edf ph\u01b0\u01a1ng T\u00e2y xem l\u00e0 m\u00ea t\u00edn d\u1ecb \u0111oan. T\u00e1c gi\u1ea3 Alexandra David \u2013 Neel ch\u00ednh l\u00e0 ng\u01b0\u1eddi ph\u1ee5 n\u1eef ngo\u1ea1i qu\u1ed1c \u0111\u1ea7u ti\u00ean v\u1edbi ki\u1ebfn th\u1ee9c Ph\u1eadt h\u1ecdc c\u1ee7a m\u00ecnh \u0111\u00e3 \u0111\u1eb7t ch\u00e2n \u0111\u1ebfn T\u00e2y T\u1ea1ng \u0111\u1ec3 t\u1eadn m\u1eaft ch\u1ee9ng ki\u1ebfn v\u00e0 ghi ch\u00e9p nh\u1eefng hi\u1ec7n t\u01b0\u1ee3ng k\u00ec b\u00ed.<\/p>\n","protected":false},"featured_media":14026,"template":"","meta":{"_acf_changed":false},"product_brand":[],"product_cat":[15,76],"product_tag":[],"class_list":{"0":"post-14038","1":"product","2":"type-product","3":"status-publish","4":"has-post-thumbnail","6":"product_cat-sach-danh-cho-nguoi-lon","7":"product_cat-ton-giao-tam-linh","9":"first","10":"outofstock","11":"taxable","12":"shipping-taxable","13":"purchasable","14":"product-type-simple"},"supplier_id":null,"supplier_sku":"","barcode":null,"atum_controlled":true,"out_stock_date":"2024-02-15 21:41:33","out_stock_threshold":null,"inheritable":false,"inbound_stock":0,"stock_on_hold":0,"sold_today":0,"sales_last_days":0,"reserved_stock":0,"customer_returns":0,"warehouse_damage":0,"lost_in_post":0,"other_logs":0,"out_stock_days":713,"lost_sales":0,"has_location":false,"update_date":"2026-01-28T23:10:54","atum_locations":[],"atum_stock_status":"outofstock","restock_status":false,"low_stock_amount":"","sales_update_date":"2026-01-28T23:10:54","calc_backorders":null,"acf":{"publisher":{"ID":6196,"post_author":"1","post_date":"2021-03-15 01:26:01","post_date_gmt":"2021-03-14 23:26:01","post_content":"","post_title":"FIRST NEWS","post_excerpt":"","post_status":"publish","comment_status":"closed","ping_status":"closed","post_password":"","post_name":"first-news","to_ping":"","pinged":"","post_modified":"2021-03-15 01:26:01","post_modified_gmt":"2021-03-14 23:26:01","post_content_filtered":"","post_parent":0,"guid":"https:\/\/sachviet.eu\/blog\/nha-phat-hanh\/first-news\/","menu_order":0,"post_type":"publisher","post_mime_type":"","comment_count":"0","filter":"raw"}},"_links":{"self":[{"href":"https:\/\/sachviet.eu\/en\/wp-json\/wp\/v2\/product\/14038","targetHints":{"allow":["GET"]}}],"collection":[{"href":"https:\/\/sachviet.eu\/en\/wp-json\/wp\/v2\/product"}],"about":[{"href":"https:\/\/sachviet.eu\/en\/wp-json\/wp\/v2\/types\/product"}],"wp:featuredmedia":[{"embeddable":true,"href":"https:\/\/sachviet.eu\/en\/wp-json\/wp\/v2\/media\/14026"}],"wp:attachment":[{"href":"https:\/\/sachviet.eu\/en\/wp-json\/wp\/v2\/media?parent=14038"}],"wp:term":[{"taxonomy":"product_brand","embeddable":true,"href":"https:\/\/sachviet.eu\/en\/wp-json\/wp\/v2\/product_brand?post=14038"},{"taxonomy":"product_cat","embeddable":true,"href":"https:\/\/sachviet.eu\/en\/wp-json\/wp\/v2\/product_cat?post=14038"},{"taxonomy":"product_tag","embeddable":true,"href":"https:\/\/sachviet.eu\/en\/wp-json\/wp\/v2\/product_tag?post=14038"}],"curies":[{"name":"wp","href":"https:\/\/api.w.org\/{rel}","templated":true}]}}