{"id":14023,"date":"2021-07-02T23:08:08","date_gmt":"2021-07-02T20:08:08","guid":{"rendered":"https:\/\/sachviet.eu\/shop\/cach-treo-co-mot-phu-thuy\/"},"modified":"2021-07-14T16:54:34","modified_gmt":"2021-07-14T13:54:34","slug":"cach-treo-co-mot-phu-thuy","status":"publish","type":"product","link":"https:\/\/sachviet.eu\/en\/shop\/cach-treo-co-mot-phu-thuy\/","title":{"rendered":"C\u00e1ch Treo C\u1ed5 M\u1ed9t Ph\u00f9 Th\u1ee7y"},"content":{"rendered":"<p>L\u00e0 h\u1eadu du\u1ec7 c\u1ee7a Cotton Mather, k\u1ebb ch\u00e2m ng\u00f2i cho c\u00e1c Phi\u00ean t\u00f2a x\u00e9t x\u1eed ph\u00f9 th\u1ee7y Salem th\u1ebf k\u1ef7 17, Samantha Mather l\u1eadp t\u1ee9c b\u1ecb c\u00f4 l\u1eadp khi chuy\u1ec3n nh\u00e0 t\u1edbi th\u1ecb tr\u1ea5n Salem. C\u00f4 tr\u1edf th\u00e0nh m\u1ee5c ti\u00eau b\u1eaft n\u1ea1t t\u1ea1i tr\u01b0\u1eddng m\u1edbi, \u0111\u1ee9ng \u0111\u1ea7u l\u00e0 h\u1ed9i H\u1eadu du\u1ec7 h\u00f9ng m\u1ea1nh c\u1ee7a nh\u1eefng ph\u00f9 thu\u1ef7 \u0111\u00e3 b\u1ecb bu\u1ed9c t\u1ed9i v\u00e0 s\u00e1t h\u1ea1i.<\/p>\n<p>Khi nh\u1eefng s\u1ef1 vi\u1ec7c k\u1ef3 \u200b\u200bl\u1ea1 v\u00e0 ma qu\u00e1i li\u00ean t\u1ee5c x\u1ea3y \u0111\u1ebfn, Sam nh\u1eadn ra m\u00ecnh \u0111ang ph\u1ea3i \u0111\u1ed1i m\u1eb7t v\u1edbi m\u1ed9t l\u1eddi nguy\u1ec1n hi\u1ec3m \u00e1c t\u1eeb nhi\u1ec1u th\u1ebf k\u1ef7 tr\u01b0\u1edbc, l\u1eddi nguy\u1ec1n tr\u00f3i bu\u1ed9c t\u1ea5t c\u1ea3 c\u00e1c gia t\u1ed9c li\u00ean \u0111\u1edbi t\u1edbi Phi\u00ean t\u00f2a x\u00e9t x\u1eed ph\u00f9 th\u1ee7y. Sam bu\u1ed9c ph\u1ea3i b\u1eaft tay v\u1edbi m\u1ed9t h\u1ed3n ma v\u00e0 t\u00ecm c\u00e1ch h\u1ee3p t\u00e1c v\u1edbi nh\u1eefng k\u1ebb b\u1eaft n\u1ea1t m\u00ecnh, \u0111\u1ec3 ng\u0103n ch\u1eb7n chu k\u1ef3 ch\u1ebft ch\u00f3c v\u1eabn \u0111ang ti\u1ebfp di\u1ec5n, k\u1ec3 t\u1eeb khi ph\u00f9 thu\u1ef7 \u0111\u1ea7u ti\u00ean b\u1ecb treo c\u1ed5.<\/p>\n<p>N\u1ebfu c\u00f3 m\u1ed9t v\u00f9ng \u0111\u1ea5t c\u1ea7n kh\u1eafc s\u00e2u b\u00e0i h\u1ecdc th\u01b0\u01a1ng \u0111au t\u1eeb qu\u00e1 kh\u1ee9, th\u00ec \u0111\u00f3 h\u1eb3n ph\u1ea3i l\u00e0 Salem. Nh\u01b0ng l\u1ecbch s\u1eed s\u1eafp l\u1eb7p l\u1ea1i, c\u00f3 th\u1ec3 c\u00f2n kinh ho\u00e0ng h\u01a1n tr\u01b0\u1edbc.<\/p>\n<p>S\u1ef1 l\u00e3ng m\u1ea1n t\u1eeb cu\u1ed9c t\u00ecnh tay ba huy\u1ec1n b\u00ed, pha tr\u1ed9n s\u1ef1 r\u00f9ng r\u1ee3n t\u1eeb nh\u1eefng s\u1ef1 ki\u1ec7n \u0111en t\u1ed1i c\u00f3 th\u1eadt trong l\u1ecbch s\u1eed n\u01b0\u1edbc M\u1ef9, c\u00f9ng v\u1edbi nhi\u1ec1u xung \u0111\u1ed9t k\u1ecbch t\u00ednh \u1edf th\u1eddi hi\u1ec7n \u0111\u1ea1i \u0111\u00e3 l\u00e0m n\u00ean cu\u1ed1n ti\u1ec3u thuy\u1ebft b\u00e1n ch\u1ea1y s\u1ed1 1 New York Times \u2013 C\u00e1ch treo c\u1ed5 m\u1ed9t ph\u00f9 thu\u1ef7. C\u00e1c nh\u00e2n v\u1eadt c\u1ee7a Adriana Mather s\u1ed1ng \u0111\u1ed9ng tr\u00ean t\u1eebng trang s\u00e1ch, trong m\u1ed9t c\u00e2u chuy\u1ec7n l\u00f4i cu\u1ed1n c\u00f3 c\u1ea3 phi\u00eau l\u01b0u, b\u00ed \u1ea9n, kh\u00e1t khao, t\u00edn ng\u01b0\u1ee1ng, th\u00f9 h\u1eadn v\u00e0 t\u00ecnh y\u00eau.<\/p>\n<p>B\u1ea1n s\u1ebd kh\u00f4ng bao gi\u1edd mu\u1ed1n c\u00e2u chuy\u1ec7n n\u00e0y k\u1ebft th\u00fac!<\/p>\n<p>\u201cCu\u1ed1n s\u00e1ch n\u00e0y s\u1ebd gi\u1eef b\u1ea1n y\u00ean v\u1ecb m\u1ed9t ch\u1ed7, cu\u1ed1n v\u00e0o c\u00e2u chuy\u1ec7n c\u1ee7a nh\u1eefng ph\u00f9 thu\u1ef7, h\u1ed3n ma, m\u1ed9t l\u1eddi nguy\u1ec1n c\u1ed5 x\u01b0a v\u00e0 m\u1ed9t t\u00ecnh y\u00eau l\u00e3ng m\u1ea1n. N\u00f3 th\u1eadt \u0111\u1eb9p. \u00c1m \u1ea3nh. C\u00e1c nh\u00e2n v\u1eadt s\u1ed1ng \u0111\u1ed9ng v\u00e0 ch\u00e2n th\u1ef1c. T\u00f4i kh\u00f4ng c\u00f3 c\u00e1ch n\u00e0o \u0111\u1eb7t n\u00f3 xu\u1ed1ng.\u201d &#8211; Jennifer Niven, t\u00e1c gi\u1ea3 c\u1ee7a cu\u1ed1n s\u00e1ch b\u00e1n ch\u1ea1y Nh\u1eefng ng\u00e0y t\u01b0\u01a1i \u0111\u1eb9p.<\/p>\n","protected":false},"excerpt":{"rendered":"<p>L\u00e0 h\u1eadu du\u1ec7 c\u1ee7a Cotton Mather, k\u1ebb ch\u00e2m ng\u00f2i cho c\u00e1c Phi\u00ean t\u00f2a x\u00e9t x\u1eed ph\u00f9 th\u1ee7y Salem th\u1ebf k\u1ef7 17, Samantha Mather l\u1eadp t\u1ee9c b\u1ecb c\u00f4 l\u1eadp khi chuy\u1ec3n nh\u00e0 t\u1edbi th\u1ecb tr\u1ea5n Salem. C\u00f4 tr\u1edf th\u00e0nh m\u1ee5c ti\u00eau b\u1eaft n\u1ea1t t\u1ea1i tr\u01b0\u1eddng m\u1edbi, \u0111\u1ee9ng \u0111\u1ea7u l\u00e0 h\u1ed9i H\u1eadu du\u1ec7 h\u00f9ng m\u1ea1nh c\u1ee7a nh\u1eefng ph\u00f9 thu\u1ef7 \u0111\u00e3 b\u1ecb bu\u1ed9c t\u1ed9i v\u00e0 s\u00e1t h\u1ea1i.<\/p>\n<p>Khi nh\u1eefng s\u1ef1 vi\u1ec7c k\u1ef3 \u200b\u200bl\u1ea1 v\u00e0 ma qu\u00e1i li\u00ean t\u1ee5c x\u1ea3y \u0111\u1ebfn, Sam nh\u1eadn ra m\u00ecnh \u0111ang ph\u1ea3i \u0111\u1ed1i m\u1eb7t v\u1edbi m\u1ed9t l\u1eddi nguy\u1ec1n hi\u1ec3m \u00e1c t\u1eeb nhi\u1ec1u th\u1ebf k\u1ef7 tr\u01b0\u1edbc, l\u1eddi nguy\u1ec1n tr\u00f3i bu\u1ed9c t\u1ea5t c\u1ea3 c\u00e1c gia t\u1ed9c li\u00ean \u0111\u1edbi t\u1edbi Phi\u00ean t\u00f2a x\u00e9t x\u1eed ph\u00f9 th\u1ee7y. Sam bu\u1ed9c ph\u1ea3i b\u1eaft tay v\u1edbi m\u1ed9t h\u1ed3n ma v\u00e0 t\u00ecm c\u00e1ch h\u1ee3p t\u00e1c v\u1edbi nh\u1eefng k\u1ebb b\u1eaft n\u1ea1t m\u00ecnh, \u0111\u1ec3 ng\u0103n ch\u1eb7n chu k\u1ef3 ch\u1ebft ch\u00f3c v\u1eabn \u0111ang ti\u1ebfp di\u1ec5n, k\u1ec3 t\u1eeb khi ph\u00f9 thu\u1ef7 \u0111\u1ea7u ti\u00ean b\u1ecb treo c\u1ed5.<\/p>\n<p>N\u1ebfu c\u00f3 m\u1ed9t v\u00f9ng \u0111\u1ea5t c\u1ea7n kh\u1eafc s\u00e2u b\u00e0i h\u1ecdc th\u01b0\u01a1ng \u0111au t\u1eeb qu\u00e1 kh\u1ee9, th\u00ec \u0111\u00f3 h\u1eb3n ph\u1ea3i l\u00e0 Salem. Nh\u01b0ng l\u1ecbch s\u1eed s\u1eafp l\u1eb7p l\u1ea1i, c\u00f3 th\u1ec3 c\u00f2n kinh ho\u00e0ng h\u01a1n tr\u01b0\u1edbc.<\/p>\n<p>S\u1ef1 l\u00e3ng m\u1ea1n t\u1eeb cu\u1ed9c t\u00ecnh tay ba huy\u1ec1n b\u00ed, pha tr\u1ed9n s\u1ef1 r\u00f9ng r\u1ee3n t\u1eeb nh\u1eefng s\u1ef1 ki\u1ec7n \u0111en t\u1ed1i c\u00f3 th\u1eadt trong l\u1ecbch s\u1eed n\u01b0\u1edbc M\u1ef9, c\u00f9ng v\u1edbi nhi\u1ec1u xung \u0111\u1ed9t k\u1ecbch t\u00ednh \u1edf th\u1eddi hi\u1ec7n \u0111\u1ea1i \u0111\u00e3 l\u00e0m n\u00ean cu\u1ed1n ti\u1ec3u thuy\u1ebft b\u00e1n ch\u1ea1y s\u1ed1 1 New York Times \u2013 C\u00e1ch treo c\u1ed5 m\u1ed9t ph\u00f9 thu\u1ef7. C\u00e1c nh\u00e2n v\u1eadt c\u1ee7a Adriana Mather s\u1ed1ng \u0111\u1ed9ng tr\u00ean t\u1eebng trang s\u00e1ch, trong m\u1ed9t c\u00e2u chuy\u1ec7n l\u00f4i cu\u1ed1n c\u00f3 c\u1ea3 phi\u00eau l\u01b0u, b\u00ed \u1ea9n, kh\u00e1t khao, t\u00edn ng\u01b0\u1ee1ng, th\u00f9 h\u1eadn v\u00e0 t\u00ecnh y\u00eau.<\/p>\n<p>B\u1ea1n s\u1ebd kh\u00f4ng bao gi\u1edd mu\u1ed1n c\u00e2u chuy\u1ec7n n\u00e0y k\u1ebft th\u00fac!<\/p>\n<p>\u201cCu\u1ed1n s\u00e1ch n\u00e0y s\u1ebd gi\u1eef b\u1ea1n y\u00ean v\u1ecb m\u1ed9t ch\u1ed7, cu\u1ed1n v\u00e0o c\u00e2u chuy\u1ec7n c\u1ee7a nh\u1eefng ph\u00f9 thu\u1ef7, h\u1ed3n ma, m\u1ed9t l\u1eddi nguy\u1ec1n c\u1ed5 x\u01b0a v\u00e0 m\u1ed9t t\u00ecnh y\u00eau l\u00e3ng m\u1ea1n. N\u00f3 th\u1eadt \u0111\u1eb9p. \u00c1m \u1ea3nh. C\u00e1c nh\u00e2n v\u1eadt s\u1ed1ng \u0111\u1ed9ng v\u00e0 ch\u00e2n th\u1ef1c. T\u00f4i kh\u00f4ng c\u00f3 c\u00e1ch n\u00e0o \u0111\u1eb7t n\u00f3 xu\u1ed1ng.\u201d &#8211; Jennifer Niven, t\u00e1c gi\u1ea3 c\u1ee7a cu\u1ed1n s\u00e1ch b\u00e1n ch\u1ea1y Nh\u1eefng ng\u00e0y t\u01b0\u01a1i \u0111\u1eb9p.<\/p>\n","protected":false},"featured_media":14010,"template":"","meta":{"_acf_changed":false},"product_brand":[],"product_cat":[15,74],"product_tag":[],"class_list":{"0":"post-14023","1":"product","2":"type-product","3":"status-publish","4":"has-post-thumbnail","6":"product_cat-sach-danh-cho-nguoi-lon","7":"product_cat-vien-tuong-kiem-hiep","9":"first","10":"outofstock","11":"taxable","12":"shipping-taxable","13":"purchasable","14":"product-type-simple"},"supplier_id":null,"supplier_sku":"","barcode":null,"atum_controlled":true,"out_stock_date":"2021-07-14 13:54:34","out_stock_threshold":null,"inheritable":false,"inbound_stock":0,"stock_on_hold":0,"sold_today":0,"sales_last_days":0,"reserved_stock":0,"customer_returns":0,"warehouse_damage":0,"lost_in_post":0,"other_logs":0,"out_stock_days":1659,"lost_sales":0,"has_location":false,"update_date":"2026-01-28T23:10:54","atum_locations":[],"atum_stock_status":"outofstock","restock_status":false,"low_stock_amount":"","sales_update_date":"2026-01-28T23:10:54","calc_backorders":null,"acf":{"publisher":{"ID":1460,"post_author":"1","post_date":"2021-02-17 01:12:24","post_date_gmt":"2021-02-16 23:12:24","post_content":"<!-- wp:flatsome\/uxbuilder -->\n<h1 style=\"text-align: center;\"><strong>Skybooks<\/strong><\/h1>\n[row]\n\n[col span=\"7\" span__sm=\"12\"]\n\n<p>C\u00f4ng ty ph\u00e1t h\u00e0nh s\u00e1ch Skybooks. \"T\u00f4i tr\u1ebb, t\u00f4i \u0111am m\u00ea\" v\u1edbi s\u1ee9 m\u1ec7nh lan to\u1ea3 c\u1ea3m x\u00fac v\u00e0 k\u1ebft n\u1ed1i t\u00e2m h\u1ed3n<\/p>\n<p><strong>Skybooks l\u00e0 c\u00e2u chuy\u1ec7n k\u1ec3 v\u1ec1:<\/strong><br \/>M\u1ed9t th\u1ebf h\u1ec7 ng\u01b0\u1eddi vi\u1ebft tr\u1ebb, \u0111am m\u00ea v\u0103n ch\u01b0\u01a1ng v\u00e0 t\u00f4n tr\u1ecdng, g\u00ecn gi\u1eef, s\u00e1ng t\u1ea1o Ti\u1ebfng Vi\u1ec7t. M\u1ed9t th\u1ebf h\u1ec7 \u0111\u1ed9c gi\u1ea3 tr\u1ebb, \u0111am m\u00ea kh\u00e1m ph\u00e1 ng\u00f4n ng\u1eef v\u00e0 say m\u00ea \u0111\u1ebfn v\u1edbi th\u1ebf gi\u1edbi c\u1ee7a nh\u1eefng quy\u1ec3n s\u00e1ch. M\u1ed9t th\u1ebf h\u1ec7 ng\u01b0\u1eddi l\u00e0m s\u00e1ch tr\u1ebb, \u0111am m\u00ea mang nh\u1eefng gi\u00e1 tr\u1ecb tinh th\u1ea7n l\u1ea1i g\u1ea7n ng\u01b0\u1eddi \u0111\u1ecdc.<br \/>Trong b\u1ed9 nh\u1eadn d\u1ea1ng th\u01b0\u01a1ng hi\u1ec7u:<br \/>Skybooks v\u1edbi ch\u1eef Sky m\u00e0u xanh da tr\u1eddi c\u00f3 \u00fd ngh\u0129a l\u00e0 c\u00f4ng ty B\u1ea7u Tr\u1eddi - n\u01a1i t\u1ea5t c\u1ea3 \u01b0\u1edbc m\u01a1 \u0111\u01b0\u1ee3c t\u1ef1 do tung c\u00e1nh.<br \/>V\u1edbi logo h\u00ecnh hoa b\u1ed3 c\u00f4ng anh \u0111ang bay t\u01b0\u1ee3ng tr\u01b0ng cho s\u1ef1 lan to\u1ea3 c\u1ea3m x\u00fac v\u00e0 kh\u00e1t v\u1ecdng bay cao.<br \/>K\u1ebb v\u1ea1ch logo c\u00f3 n\u1ec1n m\u00e0u ghi x\u00e1m xu\u1ea5t hi\u1ec7n tr\u00ean b\u00eca m\u1ecdi \u1ea5n ph\u1ea9m th\u1ec3 hi\u1ec7n con \u0111\u01b0\u1eddng b\u01b0\u1edbc v\u00e0o th\u1ecb tr\u01b0\u1eddng s\u00e1ch v\u00e0 chinh ph\u1ee5c \u0111\u1ed9c gi\u1ea3 l\u00e0 m\u1ed9t h\u00e0nh tr\u00ecnh d\u00e0i, \u0111\u1ea7y gian kh\u00f3, c\u00f3 nhi\u1ec1u b\u00e3o t\u1ed1, nh\u01b0ng ch\u1ec9 c\u1ea7n n\u1ed7 l\u1ef1c c\u1ed1 g\u1eafng nh\u1ea5t \u0111\u1ecbnh s\u1ebd ngo\u1ea1n m\u1ee5c v\u01b0\u1ee3t qua. \u0110\u1ec3 kh\u1eb3ng \u0111\u1ecbnh v\u00e0 ch\u1ee9ng minh ch\u00ednh m\u00ecnh!<\/p>\n\n[\/col]\n[col span=\"5\" span__sm=\"12\"]\n\n[ux_image id=\"1825\" image_size=\"medium\"]\n\n\n[\/col]\n\n[\/row]\n\n<!-- \/wp:flatsome\/uxbuilder -->","post_title":"Skybooks","post_excerpt":"","post_status":"publish","comment_status":"closed","ping_status":"closed","post_password":"","post_name":"skybooks","to_ping":"","pinged":"","post_modified":"2021-02-17 01:57:31","post_modified_gmt":"2021-02-16 23:57:31","post_content_filtered":"","post_parent":0,"guid":"https:\/\/sachviet.eu\/nha-phat-hanh\/skybooks\/","menu_order":0,"post_type":"publisher","post_mime_type":"","comment_count":"0","filter":"raw"}},"_links":{"self":[{"href":"https:\/\/sachviet.eu\/en\/wp-json\/wp\/v2\/product\/14023","targetHints":{"allow":["GET"]}}],"collection":[{"href":"https:\/\/sachviet.eu\/en\/wp-json\/wp\/v2\/product"}],"about":[{"href":"https:\/\/sachviet.eu\/en\/wp-json\/wp\/v2\/types\/product"}],"wp:featuredmedia":[{"embeddable":true,"href":"https:\/\/sachviet.eu\/en\/wp-json\/wp\/v2\/media\/14010"}],"wp:attachment":[{"href":"https:\/\/sachviet.eu\/en\/wp-json\/wp\/v2\/media?parent=14023"}],"wp:term":[{"taxonomy":"product_brand","embeddable":true,"href":"https:\/\/sachviet.eu\/en\/wp-json\/wp\/v2\/product_brand?post=14023"},{"taxonomy":"product_cat","embeddable":true,"href":"https:\/\/sachviet.eu\/en\/wp-json\/wp\/v2\/product_cat?post=14023"},{"taxonomy":"product_tag","embeddable":true,"href":"https:\/\/sachviet.eu\/en\/wp-json\/wp\/v2\/product_tag?post=14023"}],"curies":[{"name":"wp","href":"https:\/\/api.w.org\/{rel}","templated":true}]}}