{"id":14009,"date":"2021-07-02T23:07:19","date_gmt":"2021-07-02T20:07:19","guid":{"rendered":"https:\/\/sachviet.eu\/shop\/seri-bac-si-phap-y-tan-minh-ke-don-rac\/"},"modified":"2021-07-03T14:40:04","modified_gmt":"2021-07-03T11:40:04","slug":"seri-bac-si-phap-y-tan-minh-ke-don-rac","status":"publish","type":"product","link":"https:\/\/sachviet.eu\/en\/shop\/seri-bac-si-phap-y-tan-minh-ke-don-rac\/","title":{"rendered":"Serie B\u00e1c S\u0129 Ph\u00e1p Y T\u1ea7n Minh &#8211; K\u1ebb D\u1ecdn R\u00e1c"},"content":{"rendered":"<p>B\u1eb1ng ng\u00f4n ng\u1eef ch\u00e2n th\u1ef1c, m\u1ed9c m\u1ea1c, m\u00e0 c\u0169ng r\u1ea5t h\u00f3m h\u1ec9nh, nh\u01b0ng c\u00f3 l\u00fac c\u0169ng s\u00e2u l\u1eafng, tr\u0129u n\u1eb7ng suy t\u01b0, tr\u0103n tr\u1edf, T\u1ea7n Minh \u0111\u00e3 cu\u1ed1n \u0111\u1ed9c gi\u1ea3 \u0111i theo t\u1eebng b\u01b0\u1edbc \u0111i c\u1ee7a series truy\u1ec7n \u201cB\u00e1c s\u0129 ph\u00e1p y T\u1ea7n Minh\u201d.<\/p>\n<p>K\u1ebb d\u1ecdn r\u00e1c l\u00e0 cu\u1ed1n th\u1ee9 t\u01b0 trong Series \u201cB\u00e1c s\u0129 ph\u00e1p y T\u1ea7n Minh\u201d, t\u1eadp truy\u1ec7n ti\u1ebfp t\u1ee5c h\u00e0nh tr\u00ecnh ph\u00e1 chu\u1ed7i v\u1ee5 \u00e1n m\u1edbi. K\u1ebb th\u1ee7 \u00e1c ra tay r\u1ea5t g\u1ecdn gh\u1ebd, m\u1ed9t nh\u00e1t dao l\u1ea5y m\u1ea1ng. N\u1ea1n nh\u00e2n h\u1eafn nh\u1eafm t\u1edbi l\u00e0 nh\u1eefng ng\u01b0\u1eddi lang thang s\u1ed1ng n\u01a1i g\u1ea7m c\u1ea7u, x\u00f3 ch\u1ee3, h\u00e0nh ngh\u1ec1 nh\u1eb7t ph\u1ebf li\u1ec7u. H\u1eafn ch\u1ec9 \u0111\u1ec3 l\u1ea1i hi\u1ec7n tr\u01b0\u1eddng ba ch\u1eef \u201cThanh \u0111\u1ea1o phu\u201d (K\u1ebb d\u1ecdn r\u00e1c). Trong ba ch\u1eef, c\u00f3 m\u1ed9t ch\u1eef h\u1eafn vi\u1ebft sai ch\u00ednh t\u1ea3. Manh m\u1ed1i \u0111\u1ec3 l\u1ea1i qu\u1ea3 th\u1ef1c qu\u00e1 \u00edt \u1ecfi. Ng\u01b0\u1eddi \u0111\u1ecdc th\u1ef1c s\u1ef1 t\u00f2 m\u00f2, r\u1ed1t cu\u1ed9c h\u1eafn l\u00e0 ai? T\u1ea1i sao s\u00e1t h\u1ea1i nh\u1eefng ng\u01b0\u1eddi v\u00f4 t\u1ed9i, m\u00e0 h\u1eafn l\u1ea1i t\u1ef1 coi m\u00ecnh l\u00e0 \u201cThanh \u0111\u1ea1o phu\u201d?<\/p>\n<p>Trong t\u1eadp truy\u1ec7n n\u00e0y, m\u1ed9t s\u00e1t th\u1ee7 th\u1ea7n b\u00ed \u0111ang \u00e2m th\u1ea7n xu\u1ea5t hi\u1ec7n trong th\u00e0nh ph\u1ed1, h\u1eafn l\u1eb7ng l\u1ebd h\u00e0nh quy\u1ebft nh\u1eefng ng\u01b0\u1eddi lang thang c\u01a1 nh\u1ee1, nh\u1eefng k\u1ebb d\u1ed1i tr\u00e1. Sau khi g\u00e2y \u00e1n, h\u1eafn ho\u00e0n to\u00e0n kh\u00f4ng \u0111\u1ec3 l\u1ea1i d\u1ea5u v\u1ebft n\u00e0o ngo\u1ea1i tr\u1eeb ch\u1eef k\u00fd b\u1eb1ng m\u00e1u \u201cK\u1ebb d\u1ecdn r\u00e1c\u201d nh\u01b0 l\u1eddi th\u00e1ch th\u1ee9c d\u00e0nh cho gi\u1edbi c\u1ea3nh s\u00e1t. Nh\u00f3m gi\u00e1m \u0111\u1ecbnh hi\u1ec7n tr\u01b0\u1eddng c\u00f3 th\u1ec3 t\u00ecm th\u1ea5y tay s\u00e1t th\u1ee7 tho\u1eaft \u1ea9n tho\u1eaft hi\u1ec7n nh\u01b0 b\u00f3ng ma kia nh\u1edd v\u00e0o nh\u1eefng d\u1ea5u v\u00f4 c\u00f9ng tinh vi kh\u00f4ng? M\u1ed7i gi\u00e2y m\u1ed7i ph\u00fat di\u1ec5n ra trong h\u1ec7 li\u1ec7t \u201cB\u00e1c s\u0129 ph\u00e1p y T\u1ea7n Minh\u201d \u0111\u1ec1u khi\u1ebfn t\u1eebng t\u1ebf b\u00e0o th\u1ea7n kinh c\u1ee7a b\u1ea1n ch\u1ecbu k\u00edch th\u00edch \u0111\u1ebfn c\u1ef1c \u0111\u1ed9.<\/p>\n<p>Kh\u00f4ng ch\u1ec9 h\u1ea5p d\u1eabn ng\u01b0\u1eddi \u0111\u1ecdc \u1edf v\u1ee5 \u00e1n ch\u00ednh, t\u1eebng trang, t\u1eebng trang K\u1ebb d\u1ecdn r\u00e1c k\u00edch th\u00edch \u0111\u1ed9c gi\u1ea3 qua l\u1ed1i ph\u00e1 gi\u1ea3i t\u1eebng v\u1ee5 \u00e1n \u0111an xen nh\u1ecf l\u1ebb kh\u00e1c b\u1eb1ng nh\u1eefng b\u1eb1ng ch\u1ee9ng ph\u00e1p y \u201cth\u00e9p\u201d khi\u1ebfn k\u1ebb th\u1ee7 \u00e1c ch\u1eb3ng th\u1ec3 ch\u1ed1i c\u00e3i, c\u00f2n ng\u01b0\u1eddi \u0111\u00e3 khu\u1ea5t, linh h\u1ed3n \u0111\u01b0\u1ee3c si\u00eau tho\u00e1t. Ai c\u0169ng ph\u1ea3i c\u00f4ng nh\u1eadn, T\u1ea7n Minh th\u1eadt kh\u00e9o \u0111\u01b0a v\u00e0o nh\u1eefng ki\u1ebfn th\u1ee9c khoa h\u1ecdc ph\u00e1p y m\u00e0 ng\u01b0\u1eddi \u0111\u1ecdc th\u01b0\u1eddng th\u1ee9c kh\u00f4ng c\u1ea3m th\u1ea5y c\u00f3 ch\u00fat n\u00e0o kh\u00f4 khan, h\u00e0n l\u00e2m, tr\u00e1i l\u1ea1i, l\u1ea1i c\u00e0ng k\u00edch th\u00edch, c\u00e0ng h\u00fat ch\u00fang ta.<\/p>\n","protected":false},"excerpt":{"rendered":"<p>B\u1eb1ng ng\u00f4n ng\u1eef ch\u00e2n th\u1ef1c, m\u1ed9c m\u1ea1c, m\u00e0 c\u0169ng r\u1ea5t h\u00f3m h\u1ec9nh, nh\u01b0ng c\u00f3 l\u00fac c\u0169ng s\u00e2u l\u1eafng, tr\u0129u n\u1eb7ng suy t\u01b0, tr\u0103n tr\u1edf, T\u1ea7n Minh \u0111\u00e3 cu\u1ed1n \u0111\u1ed9c gi\u1ea3 \u0111i theo t\u1eebng b\u01b0\u1edbc \u0111i c\u1ee7a series truy\u1ec7n \u201cB\u00e1c s\u0129 ph\u00e1p y T\u1ea7n Minh\u201d.<\/p>\n<p>K\u1ebb d\u1ecdn r\u00e1c l\u00e0 cu\u1ed1n th\u1ee9 t\u01b0 trong Series \u201cB\u00e1c s\u0129 ph\u00e1p y T\u1ea7n Minh\u201d, t\u1eadp truy\u1ec7n ti\u1ebfp t\u1ee5c h\u00e0nh tr\u00ecnh ph\u00e1 chu\u1ed7i v\u1ee5 \u00e1n m\u1edbi. K\u1ebb th\u1ee7 \u00e1c ra tay r\u1ea5t g\u1ecdn gh\u1ebd, m\u1ed9t nh\u00e1t dao l\u1ea5y m\u1ea1ng. N\u1ea1n nh\u00e2n h\u1eafn nh\u1eafm t\u1edbi l\u00e0 nh\u1eefng ng\u01b0\u1eddi lang thang s\u1ed1ng n\u01a1i g\u1ea7m c\u1ea7u, x\u00f3 ch\u1ee3, h\u00e0nh ngh\u1ec1 nh\u1eb7t ph\u1ebf li\u1ec7u. H\u1eafn ch\u1ec9 \u0111\u1ec3 l\u1ea1i hi\u1ec7n tr\u01b0\u1eddng ba ch\u1eef \u201cThanh \u0111\u1ea1o phu\u201d (K\u1ebb d\u1ecdn r\u00e1c). Trong ba ch\u1eef, c\u00f3 m\u1ed9t ch\u1eef h\u1eafn vi\u1ebft sai ch\u00ednh t\u1ea3. Manh m\u1ed1i \u0111\u1ec3 l\u1ea1i qu\u1ea3 th\u1ef1c qu\u00e1 \u00edt \u1ecfi. Ng\u01b0\u1eddi \u0111\u1ecdc th\u1ef1c s\u1ef1 t\u00f2 m\u00f2, r\u1ed1t cu\u1ed9c h\u1eafn l\u00e0 ai? T\u1ea1i sao s\u00e1t h\u1ea1i nh\u1eefng ng\u01b0\u1eddi v\u00f4 t\u1ed9i, m\u00e0 h\u1eafn l\u1ea1i t\u1ef1 coi m\u00ecnh l\u00e0 \u201cThanh \u0111\u1ea1o phu\u201d?<\/p>\n<p>Trong t\u1eadp truy\u1ec7n n\u00e0y, m\u1ed9t s\u00e1t th\u1ee7 th\u1ea7n b\u00ed \u0111ang \u00e2m th\u1ea7n xu\u1ea5t hi\u1ec7n trong th\u00e0nh ph\u1ed1, h\u1eafn l\u1eb7ng l\u1ebd h\u00e0nh quy\u1ebft nh\u1eefng ng\u01b0\u1eddi lang thang c\u01a1 nh\u1ee1, nh\u1eefng k\u1ebb d\u1ed1i tr\u00e1. Sau khi g\u00e2y \u00e1n, h\u1eafn ho\u00e0n to\u00e0n kh\u00f4ng \u0111\u1ec3 l\u1ea1i d\u1ea5u v\u1ebft n\u00e0o ngo\u1ea1i tr\u1eeb ch\u1eef k\u00fd b\u1eb1ng m\u00e1u \u201cK\u1ebb d\u1ecdn r\u00e1c\u201d nh\u01b0 l\u1eddi th\u00e1ch th\u1ee9c d\u00e0nh cho gi\u1edbi c\u1ea3nh s\u00e1t. Nh\u00f3m gi\u00e1m \u0111\u1ecbnh hi\u1ec7n tr\u01b0\u1eddng c\u00f3 th\u1ec3 t\u00ecm th\u1ea5y tay s\u00e1t th\u1ee7 tho\u1eaft \u1ea9n tho\u1eaft hi\u1ec7n nh\u01b0 b\u00f3ng ma kia nh\u1edd v\u00e0o nh\u1eefng d\u1ea5u v\u00f4 c\u00f9ng tinh vi kh\u00f4ng? M\u1ed7i gi\u00e2y m\u1ed7i ph\u00fat di\u1ec5n ra trong h\u1ec7 li\u1ec7t \u201cB\u00e1c s\u0129 ph\u00e1p y T\u1ea7n Minh\u201d \u0111\u1ec1u khi\u1ebfn t\u1eebng t\u1ebf b\u00e0o th\u1ea7n kinh c\u1ee7a b\u1ea1n ch\u1ecbu k\u00edch th\u00edch \u0111\u1ebfn c\u1ef1c \u0111\u1ed9.<\/p>\n<p>Kh\u00f4ng ch\u1ec9 h\u1ea5p d\u1eabn ng\u01b0\u1eddi \u0111\u1ecdc \u1edf v\u1ee5 \u00e1n ch\u00ednh, t\u1eebng trang, t\u1eebng trang K\u1ebb d\u1ecdn r\u00e1c k\u00edch th\u00edch \u0111\u1ed9c gi\u1ea3 qua l\u1ed1i ph\u00e1 gi\u1ea3i t\u1eebng v\u1ee5 \u00e1n \u0111an xen nh\u1ecf l\u1ebb kh\u00e1c b\u1eb1ng nh\u1eefng b\u1eb1ng ch\u1ee9ng ph\u00e1p y \u201cth\u00e9p\u201d khi\u1ebfn k\u1ebb th\u1ee7 \u00e1c ch\u1eb3ng th\u1ec3 ch\u1ed1i c\u00e3i, c\u00f2n ng\u01b0\u1eddi \u0111\u00e3 khu\u1ea5t, linh h\u1ed3n \u0111\u01b0\u1ee3c si\u00eau tho\u00e1t. Ai c\u0169ng ph\u1ea3i c\u00f4ng nh\u1eadn, T\u1ea7n Minh th\u1eadt kh\u00e9o \u0111\u01b0a v\u00e0o nh\u1eefng ki\u1ebfn th\u1ee9c khoa h\u1ecdc ph\u00e1p y m\u00e0 ng\u01b0\u1eddi \u0111\u1ecdc th\u01b0\u1eddng th\u1ee9c kh\u00f4ng c\u1ea3m th\u1ea5y c\u00f3 ch\u00fat n\u00e0o kh\u00f4 khan, h\u00e0n l\u00e2m, tr\u00e1i l\u1ea1i, l\u1ea1i c\u00e0ng k\u00edch th\u00edch, c\u00e0ng h\u00fat ch\u00fang ta.<\/p>\n","protected":false},"featured_media":14001,"template":"","meta":{"_acf_changed":false},"product_brand":[],"product_cat":[15,72],"product_tag":[],"class_list":{"0":"post-14009","1":"product","2":"type-product","3":"status-publish","4":"has-post-thumbnail","6":"product_cat-sach-danh-cho-nguoi-lon","7":"product_cat-trinh-tham-kinh-di","9":"first","10":"outofstock","11":"taxable","12":"shipping-taxable","13":"purchasable","14":"product-type-simple"},"supplier_id":null,"supplier_sku":"","barcode":null,"atum_controlled":true,"out_stock_date":"2021-07-03 11:40:04","out_stock_threshold":null,"inheritable":false,"inbound_stock":0,"stock_on_hold":0,"sold_today":0,"sales_last_days":0,"reserved_stock":0,"customer_returns":0,"warehouse_damage":0,"lost_in_post":0,"other_logs":0,"out_stock_days":1670,"lost_sales":0,"has_location":false,"update_date":"2026-01-28T23:10:54","atum_locations":[],"atum_stock_status":"outofstock","restock_status":false,"low_stock_amount":"","sales_update_date":"2026-01-28T23:10:54","calc_backorders":null,"acf":{"publisher":{"ID":5287,"post_author":"1","post_date":"2021-03-12 00:21:11","post_date_gmt":"2021-03-11 22:21:11","post_content":"","post_title":"Phuc Minh Books","post_excerpt":"","post_status":"publish","comment_status":"closed","ping_status":"closed","post_password":"","post_name":"phuc-minh-books","to_ping":"","pinged":"","post_modified":"2021-03-12 00:21:11","post_modified_gmt":"2021-03-11 22:21:11","post_content_filtered":"","post_parent":0,"guid":"https:\/\/sachviet.eu\/blog\/nha-phat-hanh\/phuc-minh-books\/","menu_order":0,"post_type":"publisher","post_mime_type":"","comment_count":"0","filter":"raw"}},"_links":{"self":[{"href":"https:\/\/sachviet.eu\/en\/wp-json\/wp\/v2\/product\/14009","targetHints":{"allow":["GET"]}}],"collection":[{"href":"https:\/\/sachviet.eu\/en\/wp-json\/wp\/v2\/product"}],"about":[{"href":"https:\/\/sachviet.eu\/en\/wp-json\/wp\/v2\/types\/product"}],"wp:featuredmedia":[{"embeddable":true,"href":"https:\/\/sachviet.eu\/en\/wp-json\/wp\/v2\/media\/14001"}],"wp:attachment":[{"href":"https:\/\/sachviet.eu\/en\/wp-json\/wp\/v2\/media?parent=14009"}],"wp:term":[{"taxonomy":"product_brand","embeddable":true,"href":"https:\/\/sachviet.eu\/en\/wp-json\/wp\/v2\/product_brand?post=14009"},{"taxonomy":"product_cat","embeddable":true,"href":"https:\/\/sachviet.eu\/en\/wp-json\/wp\/v2\/product_cat?post=14009"},{"taxonomy":"product_tag","embeddable":true,"href":"https:\/\/sachviet.eu\/en\/wp-json\/wp\/v2\/product_tag?post=14009"}],"curies":[{"name":"wp","href":"https:\/\/api.w.org\/{rel}","templated":true}]}}