{"id":14000,"date":"2021-07-02T23:06:53","date_gmt":"2021-07-02T20:06:53","guid":{"rendered":"https:\/\/sachviet.eu\/shop\/serie-bac-si-phap-y-tan-minh-ke-nhin-trom\/"},"modified":"2021-07-03T15:04:07","modified_gmt":"2021-07-03T12:04:07","slug":"serie-bac-si-phap-y-tan-minh-ke-nhin-trom","status":"publish","type":"product","link":"https:\/\/sachviet.eu\/en\/shop\/serie-bac-si-phap-y-tan-minh-ke-nhin-trom\/","title":{"rendered":"Serie B\u00e1c S\u0129 Ph\u00e1p Y T\u1ea7n Minh &#8211; K\u1ebb Nh\u00ecn Tr\u1ed9m"},"content":{"rendered":"<p>Ti\u1ebfp n\u1ed1i K\u1ebb d\u1ecdn r\u00e1c v\u00e0 Ng\u01b0\u1eddi s\u1ed1ng s\u00f3t, K\u1ebb Nh\u00ecn Tr\u1ed9m l\u00e0 h\u00e0nh tr\u00ecnh t\u00ecm ra ch\u00e2n t\u01b0\u1edbng s\u1ef1 th\u1eadt c\u1ee7a t\u1ed5 Ph\u00e1p Y g\u1ed3m 5 ng\u01b0\u1eddi: T\u1ea7n Minh, L\u00e2m \u0110\u00e0o, \u0110\u1ea1i B\u1ea3o, Thi V\u0169 v\u00e0 H\u00e0n L\u01b0\u1ee3ng. Truy\u1ec7n bao g\u1ed3m 10 v\u1ee5 \u00e1n nh\u1ecf t\u01b0\u1edfng ch\u1eebng nh\u01b0 ch\u1eb3ng h\u1ec1 li\u00ean quan \u0111\u1ebfn nhau nh\u01b0ng l\u1ea1i l\u00e0 nh\u1eefng m\u1eaft x\u00edch quan tr\u1ecdng trong vi\u1ec7c ph\u00e1 v\u1ee5 \u00e1n l\u1edbn nh\u1ea5t li\u00ean quan \u0111\u1ebfn K\u1ebb nh\u00ecn tr\u1ed9m.<\/p>\n<p>M\u1ed9t ng\u01b0\u1eddi b\u1ea1n c\u1ee7a \u0110\u1ea1i B\u1ea3o l\u00e0 \u0110\u1ed7 Ch\u00e2u b\u1ed7ng nhi\u00ean m\u1ea5t t\u00edch, v\u1ee3 anh linh c\u1ea3m \u0111i\u1ec1u ch\u1eb3ng l\u00e0nh. Khi v\u1ee5 \u00e1n c\u00f2n ch\u01b0a t\u00ecm ra manh m\u1ed1i, b\u1ed7ng hai thi th\u1ec3 ph\u1ee5 n\u1eef \u0111\u01b0\u1ee3c ph\u00e1t hi\u1ec7n trong trang ph\u1ee5c h\u00e0nh kh\u1ea5t \u1edf n\u01a1i hoang v\u1eafng. \u0110i\u1ec1u \u0111\u00e1ng n\u00f3i l\u00e0 tr\u00ean tay m\u1ed9t trong hai n\u1ea1n nh\u00e2n c\u00f3 chi\u1ebfc nh\u1eabn k\u1ebft h\u00f4n c\u1ee7a \u0110\u1ed7 Ch\u00e2u.<\/p>\n<p>Li\u1ec7u \u0110\u1ed7 Ch\u00e2u c\u00f3 li\u00ean quan g\u00ec \u0111\u1ebfn v\u1ee5 \u00e1n n\u00e0y? L\u00e0 hung th\u1ee7? K\u1ebb b\u1ecb h\u1ea1i? hay l\u00e0 m\u1ed9t anh h\u00f9ng c\u1ee9u m\u0129 nh\u00e2n?<\/p>\n<p>V\u1eabn l\u1ed1i vi\u1ebft l\u1ea1nh l\u00f9ng kh\u00e1ch quan, trong K\u1ebb nh\u00ecn tr\u1ed9m, \u0111\u1ed9c gi\u1ea3 l\u1ea1i ti\u1ebfp t\u1ee5c theo d\u00f5i c\u00e2u chuy\u1ec7n \u0111i\u1ec1u tra, t\u00ecm ch\u1ee9ng c\u1edb c\u1ee7a \u0111\u1ed9i ph\u00e1p y. Th\u00f4ng qua \u0111\u00f3 hi\u1ec3u r\u00f5 h\u01a1n v\u1ec1 nghi\u1ec7p v\u1ee5 Ph\u00e1p Y: hi\u1ec7n t\u01b0\u1ee3ng ch\u1ebft ng\u1ea1t CO2, m\u1ea5t m\u00e1u \u0111\u1ebfn ch\u1ebft, ng\u1ed9 \u0111\u1ed9c kh\u00ed CO, ch\u1ebft ch\u00e1y&#8230; \u0110\u1eb7c bi\u1ec7t trong cu\u1ed1n truy\u1ec7n n\u00e0y s\u1ebd xu\u1ea5t hi\u1ec7n nh\u1eefng v\u1ee5 \u00e1n gi\u1ebft ng\u01b0\u1eddi, phi tang x\u00e1c ch\u1ebft. <\/p>\n<p>V\u1edbi K\u1ebb nh\u00ecn tr\u1ed9m, t\u00e1c gi\u1ea3 T\u1ea7n Minh \u0111\u00e3 c\u00f3 m\u1ed9t b\u01b0\u1edbc ti\u1ebfn m\u1edbi trong c\u00e1ch x\u00e2y d\u1ef1ng t\u00ecnh hu\u1ed1ng, c\u1ed1t truy\u1ec7n. T\u1ea5t nhi\u00ean m\u1ecdi th\u1ee9 v\u1eabn d\u1ef1a tr\u00ean &#8220;&#8221;s\u1ef1 th\u1eadt&#8221;&#8221; nh\u01b0ng t\u00ednh b\u1ea5t ng\u1edd khi\u1ebfn ng\u01b0\u1eddi \u0111\u1ecdc ng\u1ee1 ng\u00e0ng v\u00e0 kh\u00f4ng h\u1ec1 nh\u00e0m ch\u00e1n d\u00f9 \u0111\u00e3 \u0111\u1ecdc r\u1ea5t nhi\u1ec1u v\u1ee5 ph\u00e1 \u00e1n tr\u01b0\u1edbc \u0111\u00f3.<\/p>\n","protected":false},"excerpt":{"rendered":"<p>Ti\u1ebfp n\u1ed1i K\u1ebb d\u1ecdn r\u00e1c v\u00e0 Ng\u01b0\u1eddi s\u1ed1ng s\u00f3t, K\u1ebb Nh\u00ecn Tr\u1ed9m l\u00e0 h\u00e0nh tr\u00ecnh t\u00ecm ra ch\u00e2n t\u01b0\u1edbng s\u1ef1 th\u1eadt c\u1ee7a t\u1ed5 Ph\u00e1p Y g\u1ed3m 5 ng\u01b0\u1eddi: T\u1ea7n Minh, L\u00e2m \u0110\u00e0o, \u0110\u1ea1i B\u1ea3o, Thi V\u0169 v\u00e0 H\u00e0n L\u01b0\u1ee3ng. Truy\u1ec7n bao g\u1ed3m 10 v\u1ee5 \u00e1n nh\u1ecf t\u01b0\u1edfng ch\u1eebng nh\u01b0 ch\u1eb3ng h\u1ec1 li\u00ean quan \u0111\u1ebfn nhau nh\u01b0ng l\u1ea1i l\u00e0 nh\u1eefng m\u1eaft x\u00edch quan tr\u1ecdng trong vi\u1ec7c ph\u00e1 v\u1ee5 \u00e1n l\u1edbn nh\u1ea5t li\u00ean quan \u0111\u1ebfn K\u1ebb nh\u00ecn tr\u1ed9m.<\/p>\n<p>M\u1ed9t ng\u01b0\u1eddi b\u1ea1n c\u1ee7a \u0110\u1ea1i B\u1ea3o l\u00e0 \u0110\u1ed7 Ch\u00e2u b\u1ed7ng nhi\u00ean m\u1ea5t t\u00edch, v\u1ee3 anh linh c\u1ea3m \u0111i\u1ec1u ch\u1eb3ng l\u00e0nh. Khi v\u1ee5 \u00e1n c\u00f2n ch\u01b0a t\u00ecm ra manh m\u1ed1i, b\u1ed7ng hai thi th\u1ec3 ph\u1ee5 n\u1eef \u0111\u01b0\u1ee3c ph\u00e1t hi\u1ec7n trong trang ph\u1ee5c h\u00e0nh kh\u1ea5t \u1edf n\u01a1i hoang v\u1eafng. \u0110i\u1ec1u \u0111\u00e1ng n\u00f3i l\u00e0 tr\u00ean tay m\u1ed9t trong hai n\u1ea1n nh\u00e2n c\u00f3 chi\u1ebfc nh\u1eabn k\u1ebft h\u00f4n c\u1ee7a \u0110\u1ed7 Ch\u00e2u.<\/p>\n<p>Li\u1ec7u \u0110\u1ed7 Ch\u00e2u c\u00f3 li\u00ean quan g\u00ec \u0111\u1ebfn v\u1ee5 \u00e1n n\u00e0y? L\u00e0 hung th\u1ee7? K\u1ebb b\u1ecb h\u1ea1i? hay l\u00e0 m\u1ed9t anh h\u00f9ng c\u1ee9u m\u0129 nh\u00e2n?<\/p>\n<p>V\u1eabn l\u1ed1i vi\u1ebft l\u1ea1nh l\u00f9ng kh\u00e1ch quan, trong K\u1ebb nh\u00ecn tr\u1ed9m, \u0111\u1ed9c gi\u1ea3 l\u1ea1i ti\u1ebfp t\u1ee5c theo d\u00f5i c\u00e2u chuy\u1ec7n \u0111i\u1ec1u tra, t\u00ecm ch\u1ee9ng c\u1edb c\u1ee7a \u0111\u1ed9i ph\u00e1p y. Th\u00f4ng qua \u0111\u00f3 hi\u1ec3u r\u00f5 h\u01a1n v\u1ec1 nghi\u1ec7p v\u1ee5 Ph\u00e1p Y: hi\u1ec7n t\u01b0\u1ee3ng ch\u1ebft ng\u1ea1t CO2, m\u1ea5t m\u00e1u \u0111\u1ebfn ch\u1ebft, ng\u1ed9 \u0111\u1ed9c kh\u00ed CO, ch\u1ebft ch\u00e1y&#8230; \u0110\u1eb7c bi\u1ec7t trong cu\u1ed1n truy\u1ec7n n\u00e0y s\u1ebd xu\u1ea5t hi\u1ec7n nh\u1eefng v\u1ee5 \u00e1n gi\u1ebft ng\u01b0\u1eddi, phi tang x\u00e1c ch\u1ebft. <\/p>\n<p>V\u1edbi K\u1ebb nh\u00ecn tr\u1ed9m, t\u00e1c gi\u1ea3 T\u1ea7n Minh \u0111\u00e3 c\u00f3 m\u1ed9t b\u01b0\u1edbc ti\u1ebfn m\u1edbi trong c\u00e1ch x\u00e2y d\u1ef1ng t\u00ecnh hu\u1ed1ng, c\u1ed1t truy\u1ec7n. T\u1ea5t nhi\u00ean m\u1ecdi th\u1ee9 v\u1eabn d\u1ef1a tr\u00ean &#8220;&#8221;s\u1ef1 th\u1eadt&#8221;&#8221; nh\u01b0ng t\u00ednh b\u1ea5t ng\u1edd khi\u1ebfn ng\u01b0\u1eddi \u0111\u1ecdc ng\u1ee1 ng\u00e0ng v\u00e0 kh\u00f4ng h\u1ec1 nh\u00e0m ch\u00e1n d\u00f9 \u0111\u00e3 \u0111\u1ecdc r\u1ea5t nhi\u1ec1u v\u1ee5 ph\u00e1 \u00e1n tr\u01b0\u1edbc \u0111\u00f3.<\/p>\n","protected":false},"featured_media":13997,"template":"","meta":{"_acf_changed":false},"product_brand":[],"product_cat":[15,72],"product_tag":[],"class_list":{"0":"post-14000","1":"product","2":"type-product","3":"status-publish","4":"has-post-thumbnail","6":"product_cat-sach-danh-cho-nguoi-lon","7":"product_cat-trinh-tham-kinh-di","9":"first","10":"outofstock","11":"taxable","12":"shipping-taxable","13":"purchasable","14":"product-type-simple"},"supplier_id":null,"supplier_sku":"","barcode":null,"atum_controlled":true,"out_stock_date":"2021-07-03 12:04:07","out_stock_threshold":null,"inheritable":false,"inbound_stock":0,"stock_on_hold":0,"sold_today":0,"sales_last_days":0,"reserved_stock":0,"customer_returns":0,"warehouse_damage":0,"lost_in_post":0,"other_logs":0,"out_stock_days":1670,"lost_sales":0,"has_location":false,"update_date":"2026-01-28T23:10:54","atum_locations":[],"atum_stock_status":"outofstock","restock_status":false,"low_stock_amount":"","sales_update_date":"2026-01-28T23:10:54","calc_backorders":null,"acf":{"publisher":{"ID":5287,"post_author":"1","post_date":"2021-03-12 00:21:11","post_date_gmt":"2021-03-11 22:21:11","post_content":"","post_title":"Phuc Minh Books","post_excerpt":"","post_status":"publish","comment_status":"closed","ping_status":"closed","post_password":"","post_name":"phuc-minh-books","to_ping":"","pinged":"","post_modified":"2021-03-12 00:21:11","post_modified_gmt":"2021-03-11 22:21:11","post_content_filtered":"","post_parent":0,"guid":"https:\/\/sachviet.eu\/blog\/nha-phat-hanh\/phuc-minh-books\/","menu_order":0,"post_type":"publisher","post_mime_type":"","comment_count":"0","filter":"raw"}},"_links":{"self":[{"href":"https:\/\/sachviet.eu\/en\/wp-json\/wp\/v2\/product\/14000","targetHints":{"allow":["GET"]}}],"collection":[{"href":"https:\/\/sachviet.eu\/en\/wp-json\/wp\/v2\/product"}],"about":[{"href":"https:\/\/sachviet.eu\/en\/wp-json\/wp\/v2\/types\/product"}],"wp:featuredmedia":[{"embeddable":true,"href":"https:\/\/sachviet.eu\/en\/wp-json\/wp\/v2\/media\/13997"}],"wp:attachment":[{"href":"https:\/\/sachviet.eu\/en\/wp-json\/wp\/v2\/media?parent=14000"}],"wp:term":[{"taxonomy":"product_brand","embeddable":true,"href":"https:\/\/sachviet.eu\/en\/wp-json\/wp\/v2\/product_brand?post=14000"},{"taxonomy":"product_cat","embeddable":true,"href":"https:\/\/sachviet.eu\/en\/wp-json\/wp\/v2\/product_cat?post=14000"},{"taxonomy":"product_tag","embeddable":true,"href":"https:\/\/sachviet.eu\/en\/wp-json\/wp\/v2\/product_tag?post=14000"}],"curies":[{"name":"wp","href":"https:\/\/api.w.org\/{rel}","templated":true}]}}