{"id":13996,"date":"2021-07-02T23:06:37","date_gmt":"2021-07-02T20:06:37","guid":{"rendered":"https:\/\/sachviet.eu\/shop\/serie-bac-si-phap-y-tan-minh-nguoi-song-sot\/"},"modified":"2021-07-03T14:40:04","modified_gmt":"2021-07-03T11:40:04","slug":"serie-bac-si-phap-y-tan-minh-nguoi-song-sot","status":"publish","type":"product","link":"https:\/\/sachviet.eu\/en\/shop\/serie-bac-si-phap-y-tan-minh-nguoi-song-sot\/","title":{"rendered":"Serie B\u00e1c S\u0129 Ph\u00e1p Y T\u1ea7n Minh &#8211; Ng\u01b0\u1eddi S\u1ed1ng S\u00f3t"},"content":{"rendered":"<p>B\u1ed9 truy\u1ec7n \u201cB\u00e1c s\u0129 ph\u00e1p y T\u1ea7n Minh\u201d \u0111\u01b0\u1ee3c ch\u00ednh tay b\u00e1c s\u0129 ph\u00e1p y T\u1ea7n Minh (c\u00f9ng t\u00ean) vi\u1ebft. \u00d4ng c\u00f3 nhi\u1ec1u n\u0103m kinh nghi\u1ec7m trong ngh\u1ec1 ph\u00e1p y v\u00e0 m\u1ed7i c\u00e2u chuy\u1ec7n \u00f4ng vi\u1ebft \u0111\u1ec1u l\u1ea5y t\u1eeb ch\u1ea5t li\u1ec7u th\u1ef1c t\u1ebf trong ngh\u1ec1 c\u1ee7a \u00f4ng.<\/p>\n<p>B\u1ed9 truy\u1ec7n vi\u1ebft v\u1ec1 h\u00e0nh tr\u00ecnh ph\u00e1 \u00e1n d\u1ef1a tr\u00ean ch\u1ee9ng c\u1ee9 ph\u00e1p y khoa h\u1ecdc, thuy\u1ebft ph\u1ee5c c\u1ee7a b\u00e1c s\u0129 ph\u00e1p y T\u1ea7n Minh v\u00e0 \u0111\u1ed3ng nghi\u1ec7p. K\u1ebft c\u1ea5u m\u1ed7i t\u1eadp l\u00e0 1 v\u1ee5 \u00e1n ch\u00ednh xuy\u00ean su\u1ed1t (k\u1ebb s\u00e1t nh\u00e2n th\u01b0\u1eddng l\u00e0 k\u1ebb s\u00e1t nh\u00e2n h\u00e0ng lo\u1ea1t) v\u00e0 \u0111an xen l\u00e0 c\u00e1c v\u1ee5 \u00e1n nh\u1ecf kh\u00e1c, cu\u1ed1i m\u1ed7i v\u1ee5 \u00e1n l\u00e0 nh\u1eefng ph\u00fat l\u1eafng l\u00f2ng, tr\u0103n tr\u1edf, suy t\u01b0 c\u1ee7a nh\u00e2n v\u1eadt t\u00f4i. \u0110\u1ed3ng th\u1eddi, qua b\u1ed9 truy\u1ec7n n\u00e0y ng\u01b0\u1eddi \u0111\u1ecdc c\u0169ng th\u1ea5u n\u1ed7i v\u1ea5t v\u1ea3, c\u0169ng nh\u01b0 l\u00f2ng y\u00eau ngh\u1ec1, t\u1eadn t\u00e2m v\u1edbi ngh\u1ec1 c\u1ee7a c\u00e1c b\u00e1c s\u0129 ph\u00e1p y.<\/p>\n<p>\u201cNg\u01b0\u1eddi s\u1ed1ng s\u00f3t\u201d l\u00e0 t\u1eadp th\u1ee9 5 trong b\u1ed9 truy\u1ec7n \u201cB\u00e1c s\u0129 ph\u00e1p y T\u1ea7n Minh\u201d k\u1ec3 v\u1ec1 chu\u1ed7i nh\u1eefng \u00e1n m\u1ea1ng song song x\u1ea3y ra tr\u00ean 2 \u0111\u1ecba b\u00e0n kh\u00e1c nhau, c\u00f3 th\u1eddi gian s\u00edt so\u00e1t nhau, c\u00e1c n\u1ea1n nh\u00e2n \u1edf m\u1ed7i v\u1ee5 \u00e1n song song c\u00f3 c\u00f9ng chung 1 \u0111\u1eb7c \u0111i\u1ec3m (c\u00f9ng l\u00e0 c\u00f4 d\u00e2u, c\u00f9ng l\u00e0 tr\u1ebb em, ho\u1eb7c c\u00f9ng l\u00e0 ng\u01b0\u1eddi gi\u00e0 neo \u0111\u01a1n\u2026). Hung th\u1ee7 l\u00e0 ai? \u0110ang tr\u1ed1n \u1edf g\u1ea7m tr\u1eddi n\u00e0o?<\/p>\n<p>Truy\u1ec7n kh\u1edfi \u0111\u1ea7u b\u1eb1ng hai \u0111\u00e1m c\u01b0\u1edbi \u0111\u1eabm m\u00e1u d\u01b0\u1eddng nh\u01b0 kh\u00f4ng c\u00f3 \u0111i\u1ec3m chung, nh\u01b0ng c\u00e1c n\u1ea1n nh\u00e2n \u0111\u1ec1u l\u00e0 nh\u1eefng c\u00f4 d\u00e2u c\u00f3 c\u00f9ng \u0111\u1ed9 tu\u1ed5i v\u00e0 danh t\u00ednh c\u1ee7a k\u1ebb gi\u1ebft ng\u01b0\u1eddi b\u1ecf l\u1ea1i ph\u00eda sau h\u00ecnh d\u1ea1ng in gi\u00e0y, k\u00edch th\u01b0\u1edbc, d\u1ea5u v\u00e2n tay, d\u1ea5u ch\u00e2n m\u1ed9t c\u00e1ch ch\u00ednh x\u00e1c. \u0110\u00e2y l\u00e0 m\u1ed9t k\u1ebb gi\u1ebft ng\u01b0\u1eddi t\u00e2m th\u1ea7n ph\u00e2n li\u1ec7t?<\/p>\n<p>Hai hay nhi\u1ec1u ng\u01b0\u1eddi ph\u1ea1m t\u1ed9i? L\u00e0 m\u1ed9t s\u1ef1 b\u1eaft ch\u01b0\u1edbc? Ho\u1eb7c l\u00e0 m\u1ed9t cu\u1ed9c th\u00e1ch \u0111\u1ed1 th\u1ec3 th\u1ecfa m\u00e3n b\u1ea3n th\u00e2n? Ng\u01b0\u1eddi s\u1ed1ng s\u00f3t duy nh\u1ea5t li\u1ec7u c\u00f3 gi\u00e0nh chi\u1ebfn th\u1eafng trong cu\u1ed9c chi\u1ebfn sinh t\u1eed? H\u00f4n nh\u00e2n, n\u1ebfu kh\u00f4ng c\u00f3 thi\u00ean \u0111\u01b0\u1eddng, t\u1ee9c l\u00e0 \u0111\u1ecba ng\u1ee5c. Ch\u00e2n th\u1ef1c Chuy\u00ean nghi\u1ec7p Li k\u00ec Ch\u1ea5n \u0111\u1ed9ng M\u1ed7i gi\u00e2y \u0111\u1ec1u khi\u1ebfn th\u1ea7n kinh ng\u01b0\u1eddi \u0111\u1ecdc c\u0103ng th\u1eb3ng t\u1ed9t \u0111\u1ed9<\/p>\n","protected":false},"excerpt":{"rendered":"<p>B\u1ed9 truy\u1ec7n \u201cB\u00e1c s\u0129 ph\u00e1p y T\u1ea7n Minh\u201d \u0111\u01b0\u1ee3c ch\u00ednh tay b\u00e1c s\u0129 ph\u00e1p y T\u1ea7n Minh (c\u00f9ng t\u00ean) vi\u1ebft. \u00d4ng c\u00f3 nhi\u1ec1u n\u0103m kinh nghi\u1ec7m trong ngh\u1ec1 ph\u00e1p y v\u00e0 m\u1ed7i c\u00e2u chuy\u1ec7n \u00f4ng vi\u1ebft \u0111\u1ec1u l\u1ea5y t\u1eeb ch\u1ea5t li\u1ec7u th\u1ef1c t\u1ebf trong ngh\u1ec1 c\u1ee7a \u00f4ng.<\/p>\n<p>B\u1ed9 truy\u1ec7n vi\u1ebft v\u1ec1 h\u00e0nh tr\u00ecnh ph\u00e1 \u00e1n d\u1ef1a tr\u00ean ch\u1ee9ng c\u1ee9 ph\u00e1p y khoa h\u1ecdc, thuy\u1ebft ph\u1ee5c c\u1ee7a b\u00e1c s\u0129 ph\u00e1p y T\u1ea7n Minh v\u00e0 \u0111\u1ed3ng nghi\u1ec7p. K\u1ebft c\u1ea5u m\u1ed7i t\u1eadp l\u00e0 1 v\u1ee5 \u00e1n ch\u00ednh xuy\u00ean su\u1ed1t (k\u1ebb s\u00e1t nh\u00e2n th\u01b0\u1eddng l\u00e0 k\u1ebb s\u00e1t nh\u00e2n h\u00e0ng lo\u1ea1t) v\u00e0 \u0111an xen l\u00e0 c\u00e1c v\u1ee5 \u00e1n nh\u1ecf kh\u00e1c, cu\u1ed1i m\u1ed7i v\u1ee5 \u00e1n l\u00e0 nh\u1eefng ph\u00fat l\u1eafng l\u00f2ng, tr\u0103n tr\u1edf, suy t\u01b0 c\u1ee7a nh\u00e2n v\u1eadt t\u00f4i. \u0110\u1ed3ng th\u1eddi, qua b\u1ed9 truy\u1ec7n n\u00e0y ng\u01b0\u1eddi \u0111\u1ecdc c\u0169ng th\u1ea5u n\u1ed7i v\u1ea5t v\u1ea3, c\u0169ng nh\u01b0 l\u00f2ng y\u00eau ngh\u1ec1, t\u1eadn t\u00e2m v\u1edbi ngh\u1ec1 c\u1ee7a c\u00e1c b\u00e1c s\u0129 ph\u00e1p y.<\/p>\n<p>\u201cNg\u01b0\u1eddi s\u1ed1ng s\u00f3t\u201d l\u00e0 t\u1eadp th\u1ee9 5 trong b\u1ed9 truy\u1ec7n \u201cB\u00e1c s\u0129 ph\u00e1p y T\u1ea7n Minh\u201d k\u1ec3 v\u1ec1 chu\u1ed7i nh\u1eefng \u00e1n m\u1ea1ng song song x\u1ea3y ra tr\u00ean 2 \u0111\u1ecba b\u00e0n kh\u00e1c nhau, c\u00f3 th\u1eddi gian s\u00edt so\u00e1t nhau, c\u00e1c n\u1ea1n nh\u00e2n \u1edf m\u1ed7i v\u1ee5 \u00e1n song song c\u00f3 c\u00f9ng chung 1 \u0111\u1eb7c \u0111i\u1ec3m (c\u00f9ng l\u00e0 c\u00f4 d\u00e2u, c\u00f9ng l\u00e0 tr\u1ebb em, ho\u1eb7c c\u00f9ng l\u00e0 ng\u01b0\u1eddi gi\u00e0 neo \u0111\u01a1n\u2026). Hung th\u1ee7 l\u00e0 ai? \u0110ang tr\u1ed1n \u1edf g\u1ea7m tr\u1eddi n\u00e0o?<\/p>\n<p>Truy\u1ec7n kh\u1edfi \u0111\u1ea7u b\u1eb1ng hai \u0111\u00e1m c\u01b0\u1edbi \u0111\u1eabm m\u00e1u d\u01b0\u1eddng nh\u01b0 kh\u00f4ng c\u00f3 \u0111i\u1ec3m chung, nh\u01b0ng c\u00e1c n\u1ea1n nh\u00e2n \u0111\u1ec1u l\u00e0 nh\u1eefng c\u00f4 d\u00e2u c\u00f3 c\u00f9ng \u0111\u1ed9 tu\u1ed5i v\u00e0 danh t\u00ednh c\u1ee7a k\u1ebb gi\u1ebft ng\u01b0\u1eddi b\u1ecf l\u1ea1i ph\u00eda sau h\u00ecnh d\u1ea1ng in gi\u00e0y, k\u00edch th\u01b0\u1edbc, d\u1ea5u v\u00e2n tay, d\u1ea5u ch\u00e2n m\u1ed9t c\u00e1ch ch\u00ednh x\u00e1c. \u0110\u00e2y l\u00e0 m\u1ed9t k\u1ebb gi\u1ebft ng\u01b0\u1eddi t\u00e2m th\u1ea7n ph\u00e2n li\u1ec7t?<\/p>\n<p>Hai hay nhi\u1ec1u ng\u01b0\u1eddi ph\u1ea1m t\u1ed9i? L\u00e0 m\u1ed9t s\u1ef1 b\u1eaft ch\u01b0\u1edbc? Ho\u1eb7c l\u00e0 m\u1ed9t cu\u1ed9c th\u00e1ch \u0111\u1ed1 th\u1ec3 th\u1ecfa m\u00e3n b\u1ea3n th\u00e2n? Ng\u01b0\u1eddi s\u1ed1ng s\u00f3t duy nh\u1ea5t li\u1ec7u c\u00f3 gi\u00e0nh chi\u1ebfn th\u1eafng trong cu\u1ed9c chi\u1ebfn sinh t\u1eed? H\u00f4n nh\u00e2n, n\u1ebfu kh\u00f4ng c\u00f3 thi\u00ean \u0111\u01b0\u1eddng, t\u1ee9c l\u00e0 \u0111\u1ecba ng\u1ee5c. Ch\u00e2n th\u1ef1c Chuy\u00ean nghi\u1ec7p Li k\u00ec Ch\u1ea5n \u0111\u1ed9ng M\u1ed7i gi\u00e2y \u0111\u1ec1u khi\u1ebfn th\u1ea7n kinh ng\u01b0\u1eddi \u0111\u1ecdc c\u0103ng th\u1eb3ng t\u1ed9t \u0111\u1ed9<\/p>\n","protected":false},"featured_media":13994,"template":"","meta":{"_acf_changed":false},"product_brand":[],"product_cat":[15,72],"product_tag":[],"class_list":{"0":"post-13996","1":"product","2":"type-product","3":"status-publish","4":"has-post-thumbnail","6":"product_cat-sach-danh-cho-nguoi-lon","7":"product_cat-trinh-tham-kinh-di","9":"first","10":"outofstock","11":"taxable","12":"shipping-taxable","13":"purchasable","14":"product-type-simple"},"supplier_id":null,"supplier_sku":"","barcode":null,"atum_controlled":true,"out_stock_date":"2021-07-03 11:40:04","out_stock_threshold":null,"inheritable":false,"inbound_stock":0,"stock_on_hold":0,"sold_today":0,"sales_last_days":0,"reserved_stock":0,"customer_returns":0,"warehouse_damage":0,"lost_in_post":0,"other_logs":0,"out_stock_days":1670,"lost_sales":0,"has_location":false,"update_date":"2026-01-28T23:10:54","atum_locations":[],"atum_stock_status":"outofstock","restock_status":false,"low_stock_amount":"","sales_update_date":"2026-01-28T23:10:54","calc_backorders":null,"acf":{"publisher":{"ID":5287,"post_author":"1","post_date":"2021-03-12 00:21:11","post_date_gmt":"2021-03-11 22:21:11","post_content":"","post_title":"Phuc Minh Books","post_excerpt":"","post_status":"publish","comment_status":"closed","ping_status":"closed","post_password":"","post_name":"phuc-minh-books","to_ping":"","pinged":"","post_modified":"2021-03-12 00:21:11","post_modified_gmt":"2021-03-11 22:21:11","post_content_filtered":"","post_parent":0,"guid":"https:\/\/sachviet.eu\/blog\/nha-phat-hanh\/phuc-minh-books\/","menu_order":0,"post_type":"publisher","post_mime_type":"","comment_count":"0","filter":"raw"}},"_links":{"self":[{"href":"https:\/\/sachviet.eu\/en\/wp-json\/wp\/v2\/product\/13996","targetHints":{"allow":["GET"]}}],"collection":[{"href":"https:\/\/sachviet.eu\/en\/wp-json\/wp\/v2\/product"}],"about":[{"href":"https:\/\/sachviet.eu\/en\/wp-json\/wp\/v2\/types\/product"}],"wp:featuredmedia":[{"embeddable":true,"href":"https:\/\/sachviet.eu\/en\/wp-json\/wp\/v2\/media\/13994"}],"wp:attachment":[{"href":"https:\/\/sachviet.eu\/en\/wp-json\/wp\/v2\/media?parent=13996"}],"wp:term":[{"taxonomy":"product_brand","embeddable":true,"href":"https:\/\/sachviet.eu\/en\/wp-json\/wp\/v2\/product_brand?post=13996"},{"taxonomy":"product_cat","embeddable":true,"href":"https:\/\/sachviet.eu\/en\/wp-json\/wp\/v2\/product_cat?post=13996"},{"taxonomy":"product_tag","embeddable":true,"href":"https:\/\/sachviet.eu\/en\/wp-json\/wp\/v2\/product_tag?post=13996"}],"curies":[{"name":"wp","href":"https:\/\/api.w.org\/{rel}","templated":true}]}}