{"id":13993,"date":"2021-07-02T23:06:29","date_gmt":"2021-07-02T20:06:29","guid":{"rendered":"https:\/\/sachviet.eu\/shop\/phap-y-tan-minh-tron-bo-3-quyen\/"},"modified":"2021-07-03T14:40:03","modified_gmt":"2021-07-03T11:40:03","slug":"phap-y-tan-minh-tron-bo-3-quyen","status":"publish","type":"product","link":"https:\/\/sachviet.eu\/en\/shop\/phap-y-tan-minh-tron-bo-3-quyen\/","title":{"rendered":"Ph\u00e1p Y T\u1ea7n Minh (Tr\u1ecdn B\u1ed9 3 quy\u1ec3n)"},"content":{"rendered":"<p>&#8220;Mu\u1ed1n cho ng\u01b0\u1eddi kh\u00e1c kh\u00f4ng bi\u1ebft, tr\u1eeb phi m\u00ecnh \u0111\u1eebng l\u00e0m.&#8221;<\/p>\n<p>L\u1eddi tuy\u00ean chi\u1ebfn c\u1ee7a b\u00e1c s\u0129 ph\u00e1p y v\u1edbi k\u1ebb ph\u1ea1m t\u1ed9i<\/p>\n<p>T\u1ed9i ph\u1ea1m cho r\u1eb1ng c\u00e1i ch\u1ebft c\u1ee7a n\u1ea1n nh\u00e2n s\u1ebd che gi\u1ea5u \u0111\u01b0\u1ee3c t\u1ed9i l\u1ed7i c\u1ee7a ch\u00fang, nh\u01b0ng nh\u1edd c\u00f3 h\u1ecd, nh\u1eefng ng\u01b0\u1eddi gi\u1ea3i m\u00e3 t\u1eed thi, t\u1ed9i \u00e1c kh\u00f4ng bao gi\u1edd c\u00f3 th\u1ec3 t\u00e0ng h\u00ecnh.<\/p>\n<p>Nh\u1eefng v\u1ee5 \u00e1n m\u1ea1ng r\u00f9ng r\u1ee3n nh\u1ea5t, nh\u1eefng v\u1ee5 \u0111i\u1ec1u tra ph\u00e1 \u00e1n ly k\u1ef3 nh\u1ea5t \u0111\u01b0\u1ee3c b\u1eadt m\u00ed qua tr\u1ea3i nghi\u1ec7m c\u00f3 th\u1ef1c c\u1ee7a m\u1ed9t b\u00e1c s\u0129 ph\u00e1p y.<\/p>\n<p>***<\/p>\n<p>S\u1ef1 xu\u1ea5t h\u1ec7n c\u1ee7a b\u1ed9 ba ph\u00e1 \u00e1n: T\u1ea7n Minh &#8211; b\u00e1c s\u0129 ph\u00e1p y c\u1ef1c ng\u1ea7u, L\u00e2m \u0110\u00e0o &#8211; chuy\u00ean gia ph\u00e1p ch\u1ee9ng so\u00e1i ca, \u0110\u1ea1i B\u1ea3o &#8211; ph\u00e1p y &#8220;s\u00e1ch v\u1edf&#8221; s\u1ebd \u0111em l\u1ea1i nh\u1eefng m\u1ea9u chuy\u1ec7n th\u00fa v\u1ecb, h\u00f3m h\u1ec9nh b\u00ean c\u1ea1nh nh\u1eefng v\u1ee5 ph\u00e1 \u00e1n ng\u00e0y m\u1ed9t c\u0103ng th\u1eb3ng, ly k\u1ef3.<\/p>\n<p>Tr\u1ecdn b\u1ed9 g\u1ed3m 3 t\u1eadp:<\/p>\n<p>&#8211; T\u1eadp 1: Ng\u01b0\u1eddi gi\u1ea3i m\u00e3 t\u1eed thi<\/p>\n<p>&#8211; T\u1eadp 2: L\u1eddi t\u1ed1 c\u00e1o l\u1eb7ng th\u1ea7m<\/p>\n<p>&#8211; T\u1eadp 3: Ng\u00f3n tay th\u1ee9 m\u01b0\u1eddi m\u1ed9t<\/p>\n","protected":false},"excerpt":{"rendered":"<p>&#8220;Mu\u1ed1n cho ng\u01b0\u1eddi kh\u00e1c kh\u00f4ng bi\u1ebft, tr\u1eeb phi m\u00ecnh \u0111\u1eebng l\u00e0m.&#8221;<\/p>\n<p>L\u1eddi tuy\u00ean chi\u1ebfn c\u1ee7a b\u00e1c s\u0129 ph\u00e1p y v\u1edbi k\u1ebb ph\u1ea1m t\u1ed9i<\/p>\n<p>T\u1ed9i ph\u1ea1m cho r\u1eb1ng c\u00e1i ch\u1ebft c\u1ee7a n\u1ea1n nh\u00e2n s\u1ebd che gi\u1ea5u \u0111\u01b0\u1ee3c t\u1ed9i l\u1ed7i c\u1ee7a ch\u00fang, nh\u01b0ng nh\u1edd c\u00f3 h\u1ecd, nh\u1eefng ng\u01b0\u1eddi gi\u1ea3i m\u00e3 t\u1eed thi, t\u1ed9i \u00e1c kh\u00f4ng bao gi\u1edd c\u00f3 th\u1ec3 t\u00e0ng h\u00ecnh.<\/p>\n<p>Nh\u1eefng v\u1ee5 \u00e1n m\u1ea1ng r\u00f9ng r\u1ee3n nh\u1ea5t, nh\u1eefng v\u1ee5 \u0111i\u1ec1u tra ph\u00e1 \u00e1n ly k\u1ef3 nh\u1ea5t \u0111\u01b0\u1ee3c b\u1eadt m\u00ed qua tr\u1ea3i nghi\u1ec7m c\u00f3 th\u1ef1c c\u1ee7a m\u1ed9t b\u00e1c s\u0129 ph\u00e1p y.<\/p>\n<p>***<\/p>\n<p>S\u1ef1 xu\u1ea5t h\u1ec7n c\u1ee7a b\u1ed9 ba ph\u00e1 \u00e1n: T\u1ea7n Minh &#8211; b\u00e1c s\u0129 ph\u00e1p y c\u1ef1c ng\u1ea7u, L\u00e2m \u0110\u00e0o &#8211; chuy\u00ean gia ph\u00e1p ch\u1ee9ng so\u00e1i ca, \u0110\u1ea1i B\u1ea3o &#8211; ph\u00e1p y &#8220;s\u00e1ch v\u1edf&#8221; s\u1ebd \u0111em l\u1ea1i nh\u1eefng m\u1ea9u chuy\u1ec7n th\u00fa v\u1ecb, h\u00f3m h\u1ec9nh b\u00ean c\u1ea1nh nh\u1eefng v\u1ee5 ph\u00e1 \u00e1n ng\u00e0y m\u1ed9t c\u0103ng th\u1eb3ng, ly k\u1ef3.<\/p>\n<p>Tr\u1ecdn b\u1ed9 g\u1ed3m 3 t\u1eadp:<\/p>\n<p>&#8211; T\u1eadp 1: Ng\u01b0\u1eddi gi\u1ea3i m\u00e3 t\u1eed thi<\/p>\n<p>&#8211; T\u1eadp 2: L\u1eddi t\u1ed1 c\u00e1o l\u1eb7ng th\u1ea7m<\/p>\n<p>&#8211; T\u1eadp 3: Ng\u00f3n tay th\u1ee9 m\u01b0\u1eddi m\u1ed9t<\/p>\n","protected":false},"featured_media":13989,"template":"","meta":{"_acf_changed":false},"product_brand":[],"product_cat":[15,72],"product_tag":[],"class_list":{"0":"post-13993","1":"product","2":"type-product","3":"status-publish","4":"has-post-thumbnail","6":"product_cat-sach-danh-cho-nguoi-lon","7":"product_cat-trinh-tham-kinh-di","9":"first","10":"outofstock","11":"taxable","12":"shipping-taxable","13":"purchasable","14":"product-type-simple"},"supplier_id":null,"supplier_sku":"","barcode":null,"atum_controlled":true,"out_stock_date":"2021-07-03 11:40:03","out_stock_threshold":null,"inheritable":false,"inbound_stock":0,"stock_on_hold":0,"sold_today":0,"sales_last_days":0,"reserved_stock":0,"customer_returns":0,"warehouse_damage":0,"lost_in_post":0,"other_logs":0,"out_stock_days":1670,"lost_sales":0,"has_location":false,"update_date":"2026-01-28T23:10:54","atum_locations":[],"atum_stock_status":"outofstock","restock_status":false,"low_stock_amount":"","sales_update_date":"2026-01-28T23:10:54","calc_backorders":null,"acf":{"publisher":{"ID":1472,"post_author":"1","post_date":"2021-02-17 01:12:50","post_date_gmt":"2021-02-16 23:12:50","post_content":"","post_title":"Huy Ho\u00e0ng Bookstore","post_excerpt":"","post_status":"publish","comment_status":"closed","ping_status":"closed","post_password":"","post_name":"huy-hoang-bookstore","to_ping":"","pinged":"","post_modified":"2021-02-17 01:12:50","post_modified_gmt":"2021-02-16 23:12:50","post_content_filtered":"","post_parent":0,"guid":"https:\/\/sachviet.eu\/nha-phat-hanh\/huy-hoang-bookstore\/","menu_order":0,"post_type":"publisher","post_mime_type":"","comment_count":"0","filter":"raw"}},"_links":{"self":[{"href":"https:\/\/sachviet.eu\/en\/wp-json\/wp\/v2\/product\/13993","targetHints":{"allow":["GET"]}}],"collection":[{"href":"https:\/\/sachviet.eu\/en\/wp-json\/wp\/v2\/product"}],"about":[{"href":"https:\/\/sachviet.eu\/en\/wp-json\/wp\/v2\/types\/product"}],"wp:featuredmedia":[{"embeddable":true,"href":"https:\/\/sachviet.eu\/en\/wp-json\/wp\/v2\/media\/13989"}],"wp:attachment":[{"href":"https:\/\/sachviet.eu\/en\/wp-json\/wp\/v2\/media?parent=13993"}],"wp:term":[{"taxonomy":"product_brand","embeddable":true,"href":"https:\/\/sachviet.eu\/en\/wp-json\/wp\/v2\/product_brand?post=13993"},{"taxonomy":"product_cat","embeddable":true,"href":"https:\/\/sachviet.eu\/en\/wp-json\/wp\/v2\/product_cat?post=13993"},{"taxonomy":"product_tag","embeddable":true,"href":"https:\/\/sachviet.eu\/en\/wp-json\/wp\/v2\/product_tag?post=13993"}],"curies":[{"name":"wp","href":"https:\/\/api.w.org\/{rel}","templated":true}]}}