{"id":13970,"date":"2021-07-02T23:05:12","date_gmt":"2021-07-02T20:05:12","guid":{"rendered":"https:\/\/sachviet.eu\/shop\/nguoi-trong-luoi\/"},"modified":"2024-04-18T14:29:39","modified_gmt":"2024-04-18T11:29:39","slug":"nguoi-trong-luoi","status":"publish","type":"product","link":"https:\/\/sachviet.eu\/en\/shop\/nguoi-trong-luoi\/","title":{"rendered":"Ng\u01b0\u1eddi Trong L\u01b0\u1edbi"},"content":{"rendered":"<p>\u1ede chung c\u01b0 n\u1ecd, c\u1ee9 chi\u1ec1u xu\u1ed1ng l\u00e0 c\u00e1c c\u1ee5 gi\u00e0 l\u1ea1i ra ng\u1ed3i b\u00ean c\u1eeda s\u1ed5 ng\u1eafm nh\u00ecn ph\u1ed1 x\u00e1. Chi\u1ec1u h\u00f4m \u1ea5y, \u0111ang ng\u1eafm ph\u1ed1 x\u00e1 nh\u01b0 th\u01b0\u1eddng l\u1ec7, c\u00f3 hai c\u1ee5 tr\u00f4ng th\u1ea5y m\u1ed9t c\u00f4 b\u00e9 \u1edf t\u00f2a nh\u00e0 \u0111\u1ed1i di\u1ec7n m\u1edf c\u1eeda s\u1ed5, leo l\u00ean b\u1ec7 c\u1eeda r\u1ed3i nh\u1ea3y xu\u1ed1ng. M\u1ed9t trong hai c\u1ee5 s\u1ee3 \u0111\u1ebfn ng\u1ea5t x\u1ec9u, c\u1ee5 c\u00f2n l\u1ea1i h\u00f4 ho\u00e1n ng\u01b0\u1eddi nh\u00e0 b\u00e1o c\u1ea3nh s\u00e1t. C\u1ea3 hai \u0111\u1ec1u khai, l\u00fac c\u00f4 b\u00e9 nh\u1ea3y xu\u1ed1ng kh\u00f4ng c\u00f3 b\u1ea5t c\u1ee9 ai \u0111\u1ee9ng sau l\u01b0ng c\u1ea3.<\/p>\n<p>Chung c\u01b0 n\u00e0y c\u0169ng l\u00e0 n\u01a1i d\u00e2n t\u00ecnh hay n\u00e9m \u0111\u1ed3 \u0111\u1ea1c tr\u00ean cao xu\u1ed1ng, ng\u01b0\u1eddi ta ph\u1ea3i l\u1eafp camera gi\u00e1m s\u00e1t \u0111\u1ec3 b\u1eaft ph\u1ea1t, m\u1ed9t trong c\u00e1c camera c\u0169ng trung th\u1ef1c ghi l\u1ea1i c\u1ea3nh c\u00f4 b\u00e9 nh\u1ea3y l\u1ea7u.<\/p>\n<p>C\u00f2n r\u1ea5t nhi\u1ec1u nh\u00e2n ch\u1ee9ng v\u1eadt ch\u1ee9ng kh\u00e1c cho th\u1ea5y \u0111\u00e2y l\u00e0 m\u1ed9t v\u1ee5 t\u1ef1 s\u00e1t, nh\u01b0ng ch\u1ecb c\u00f4 b\u00e9 kh\u00f4ng tin.<\/p>\n<p>Kh\u00f4ng ch\u1ea5p nh\u1eadn k\u1ebft qu\u1ea3 \u0111i\u1ec1u tra ch\u00ednh th\u1ee9c, kh\u00f4ng mu\u1ed1n em g\u00e1i ph\u1ea3i ch\u1ebft m\u00f9 m\u1edd oan \u1ee9c, c\u00f4 \u0111\u00e3 b\u1eaft tay l\u00f9ng t\u00ecm theo m\u1ed9t h\u01b0\u1edbng b\u1ea5t h\u1ee3p ph\u00e1p, \u0111\u1ec3 l\u1ea7n l\u01b0\u1ee3t l\u00f4i ra t\u1eebng k\u1ebb th\u1ee7 \u00e1c \u0111ang thu lu sau m\u00e0n h\u00ecnh.<\/p>\n<p>\u0110\u1eb7t cu\u1ed9c tr\u1ea3 th\u00f9 c\u00e1 nh\u00e2n v\u00e0o b\u1ed1i c\u1ea3nh H\u1ed3ng K\u00f4ng hi\u1ec7n \u0111\u1ea1i, khi ai n\u1ea5y v\u00f4 h\u1ed3n v\u1edbi xung quanh v\u00ec ch\u1ec9 bi\u1ebft c\u1eafm m\u1eb7t v\u00e0o \u0111i\u1ec7n tho\u1ea1i, Ng\u01b0\u1eddi trong l\u01b0\u1edbi l\u00e0 m\u1ed9t s\u1ef1 th\u1eadt nh\u1ee9c nh\u1ed1i v\u1ec1 ranh gi\u1edbi m\u1ecfng manh gi\u1eefa v\u00f4 t\u00e2m v\u00e0 \u00e1c t\u00e2m.<\/p>\n","protected":false},"excerpt":{"rendered":"<p>\u1ede chung c\u01b0 n\u1ecd, c\u1ee9 chi\u1ec1u xu\u1ed1ng l\u00e0 c\u00e1c c\u1ee5 gi\u00e0 l\u1ea1i ra ng\u1ed3i b\u00ean c\u1eeda s\u1ed5 ng\u1eafm nh\u00ecn ph\u1ed1 x\u00e1. Chi\u1ec1u h\u00f4m \u1ea5y, \u0111ang ng\u1eafm ph\u1ed1 x\u00e1 nh\u01b0 th\u01b0\u1eddng l\u1ec7, c\u00f3 hai c\u1ee5 tr\u00f4ng th\u1ea5y m\u1ed9t c\u00f4 b\u00e9 \u1edf t\u00f2a nh\u00e0 \u0111\u1ed1i di\u1ec7n m\u1edf c\u1eeda s\u1ed5, leo l\u00ean b\u1ec7 c\u1eeda r\u1ed3i nh\u1ea3y xu\u1ed1ng. M\u1ed9t trong hai c\u1ee5 s\u1ee3 \u0111\u1ebfn ng\u1ea5t x\u1ec9u, c\u1ee5 c\u00f2n l\u1ea1i h\u00f4 ho\u00e1n ng\u01b0\u1eddi nh\u00e0 b\u00e1o c\u1ea3nh s\u00e1t. C\u1ea3 hai \u0111\u1ec1u khai, l\u00fac c\u00f4 b\u00e9 nh\u1ea3y xu\u1ed1ng kh\u00f4ng c\u00f3 b\u1ea5t c\u1ee9 ai \u0111\u1ee9ng sau l\u01b0ng c\u1ea3.<\/p>\n<p>Chung c\u01b0 n\u00e0y c\u0169ng l\u00e0 n\u01a1i d\u00e2n t\u00ecnh hay n\u00e9m \u0111\u1ed3 \u0111\u1ea1c tr\u00ean cao xu\u1ed1ng, ng\u01b0\u1eddi ta ph\u1ea3i l\u1eafp camera gi\u00e1m s\u00e1t \u0111\u1ec3 b\u1eaft ph\u1ea1t, m\u1ed9t trong c\u00e1c camera c\u0169ng trung th\u1ef1c ghi l\u1ea1i c\u1ea3nh c\u00f4 b\u00e9 nh\u1ea3y l\u1ea7u.<\/p>\n<p>C\u00f2n r\u1ea5t nhi\u1ec1u nh\u00e2n ch\u1ee9ng v\u1eadt ch\u1ee9ng kh\u00e1c cho th\u1ea5y \u0111\u00e2y l\u00e0 m\u1ed9t v\u1ee5 t\u1ef1 s\u00e1t, nh\u01b0ng ch\u1ecb c\u00f4 b\u00e9 kh\u00f4ng tin.<\/p>\n<p>Kh\u00f4ng ch\u1ea5p nh\u1eadn k\u1ebft qu\u1ea3 \u0111i\u1ec1u tra ch\u00ednh th\u1ee9c, kh\u00f4ng mu\u1ed1n em g\u00e1i ph\u1ea3i ch\u1ebft m\u00f9 m\u1edd oan \u1ee9c, c\u00f4 \u0111\u00e3 b\u1eaft tay l\u00f9ng t\u00ecm theo m\u1ed9t h\u01b0\u1edbng b\u1ea5t h\u1ee3p ph\u00e1p, \u0111\u1ec3 l\u1ea7n l\u01b0\u1ee3t l\u00f4i ra t\u1eebng k\u1ebb th\u1ee7 \u00e1c \u0111ang thu lu sau m\u00e0n h\u00ecnh.<\/p>\n<p>\u0110\u1eb7t cu\u1ed9c tr\u1ea3 th\u00f9 c\u00e1 nh\u00e2n v\u00e0o b\u1ed1i c\u1ea3nh H\u1ed3ng K\u00f4ng hi\u1ec7n \u0111\u1ea1i, khi ai n\u1ea5y v\u00f4 h\u1ed3n v\u1edbi xung quanh v\u00ec ch\u1ec9 bi\u1ebft c\u1eafm m\u1eb7t v\u00e0o \u0111i\u1ec7n tho\u1ea1i, Ng\u01b0\u1eddi trong l\u01b0\u1edbi l\u00e0 m\u1ed9t s\u1ef1 th\u1eadt nh\u1ee9c nh\u1ed1i v\u1ec1 ranh gi\u1edbi m\u1ecfng manh gi\u1eefa v\u00f4 t\u00e2m v\u00e0 \u00e1c t\u00e2m.<\/p>\n","protected":false},"featured_media":13968,"template":"","meta":{"_acf_changed":false},"product_brand":[],"product_cat":[15,72],"product_tag":[],"class_list":{"0":"post-13970","1":"product","2":"type-product","3":"status-publish","4":"has-post-thumbnail","6":"product_cat-sach-danh-cho-nguoi-lon","7":"product_cat-trinh-tham-kinh-di","9":"first","10":"outofstock","11":"taxable","12":"shipping-taxable","13":"purchasable","14":"product-type-simple"},"supplier_id":null,"supplier_sku":"","barcode":null,"atum_controlled":true,"out_stock_date":"2024-04-18 11:29:39","out_stock_threshold":null,"inheritable":false,"inbound_stock":0,"stock_on_hold":0,"sold_today":0,"sales_last_days":0,"reserved_stock":0,"customer_returns":0,"warehouse_damage":0,"lost_in_post":0,"other_logs":0,"out_stock_days":650,"lost_sales":0,"has_location":false,"update_date":"2026-01-28T23:10:54","atum_locations":[],"atum_stock_status":"outofstock","restock_status":false,"low_stock_amount":"","sales_update_date":"2026-01-28T23:10:54","calc_backorders":null,"acf":{"publisher":{"ID":8612,"post_author":"1","post_date":"2021-04-28 14:27:30","post_date_gmt":"2021-04-28 11:27:30","post_content":"","post_title":"IPM","post_excerpt":"","post_status":"publish","comment_status":"closed","ping_status":"closed","post_password":"","post_name":"ipm","to_ping":"","pinged":"","post_modified":"2021-04-28 14:27:30","post_modified_gmt":"2021-04-28 11:27:30","post_content_filtered":"","post_parent":0,"guid":"https:\/\/sachviet.eu\/nha-phat-hanh\/ipm\/","menu_order":0,"post_type":"publisher","post_mime_type":"","comment_count":"0","filter":"raw"}},"_links":{"self":[{"href":"https:\/\/sachviet.eu\/en\/wp-json\/wp\/v2\/product\/13970","targetHints":{"allow":["GET"]}}],"collection":[{"href":"https:\/\/sachviet.eu\/en\/wp-json\/wp\/v2\/product"}],"about":[{"href":"https:\/\/sachviet.eu\/en\/wp-json\/wp\/v2\/types\/product"}],"wp:featuredmedia":[{"embeddable":true,"href":"https:\/\/sachviet.eu\/en\/wp-json\/wp\/v2\/media\/13968"}],"wp:attachment":[{"href":"https:\/\/sachviet.eu\/en\/wp-json\/wp\/v2\/media?parent=13970"}],"wp:term":[{"taxonomy":"product_brand","embeddable":true,"href":"https:\/\/sachviet.eu\/en\/wp-json\/wp\/v2\/product_brand?post=13970"},{"taxonomy":"product_cat","embeddable":true,"href":"https:\/\/sachviet.eu\/en\/wp-json\/wp\/v2\/product_cat?post=13970"},{"taxonomy":"product_tag","embeddable":true,"href":"https:\/\/sachviet.eu\/en\/wp-json\/wp\/v2\/product_tag?post=13970"}],"curies":[{"name":"wp","href":"https:\/\/api.w.org\/{rel}","templated":true}]}}