{"id":13957,"date":"2021-07-02T21:23:06","date_gmt":"2021-07-02T18:23:06","guid":{"rendered":"https:\/\/sachviet.eu\/shop\/ten-cua-tro-choi-la-bat-coc\/"},"modified":"2021-07-06T13:34:26","modified_gmt":"2021-07-06T10:34:26","slug":"ten-cua-tro-choi-la-bat-coc","status":"publish","type":"product","link":"https:\/\/sachviet.eu\/en\/shop\/ten-cua-tro-choi-la-bat-coc\/","title":{"rendered":"T\u00ean C\u1ee7a Tr\u00f2 Ch\u01a1i L\u00e0 B\u1eaft C\u00f3c"},"content":{"rendered":"<p>\u201cT\u00ean c\u1ee7a tr\u00f2 ch\u01a1i l\u00e0 b\u1eaft c\u00f3c\u201d \u2013 Tuy\u1ec7t ph\u1ea9m \u0111\u1ebfn t\u1eeb c\u00e2y b\u00fat trinh th\u00e1m quy\u1ec1n n\u0103ng nh\u1ea5t x\u1ee9 s\u1edf M\u1eb7t tr\u1eddi m\u1ecdc &#8211; HIGASHINO KEIGO<\/p>\n<p>\u201cT\u00f4i ngh\u0129 t\u1eeb khi sinh ra t\u00f4i \u0111\u00e3 \u0111\u01b0\u1ee3c \u0111\u1ecbnh s\u1eb5n l\u00e0m k\u1ebb x\u1ea5u r\u1ed3i.\u201d \u2013 Sakuma kh\u1ebd r\u00edt m\u1ed9t h\u01a1i thu\u1ed1c.<\/p>\n<p>\u201cTr\u00ean \u0111\u1eddi l\u00e0m g\u00ec c\u00f3 chuy\u1ec7n d\u1ec5 \u0103n nh\u01b0 th\u1ebf? \u201c \u2013 Juri c\u01b0\u1eddi nh\u1ea1t \u2013 \u201cM\u1ed9t con qu\u00e1i v\u1eadt v\u1ed1n kh\u00f4ng \u0111\u01b0\u1ee3c sinh ra, n\u00f3 l\u00e0 \u0111\u01b0\u1ee3c t\u1ea1o th\u00e0nh.\u201d<\/p>\n<p>&#8212;<\/p>\n<p>Sakuma Shunsuke l\u00e0 m\u1ed9t k\u1ebb hi\u1ebfu th\u1eafng, kh\u00f4ng bi\u1ebft t\u1eeb \u0111\u00e2u c\u0169ng ch\u1eb3ng bi\u1ebft do ai \u1ea3nh h\u01b0\u1edfng, t\u1eeb nh\u1ecf \u0111\u1ebfn l\u1edbn, t\u1eeb chuy\u1ec7n h\u1ecdc h\u00e0nh, thi c\u1eed \u0111\u1ebfn t\u00ecnh y\u00eau, s\u1ef1 nghi\u1ec7p, Sakuma lu\u00f4n coi m\u1ecdi th\u1ee9 xung quanh l\u00e0 tr\u00f2 ch\u01a1i th\u1eafng thua.<\/p>\n<p>M\u1eb7c k\u1ec7 chuy\u1ec7n c\u00f3 khi\u1ebfn ng\u01b0\u1eddi kh\u00e1c t\u1ed5n th\u01b0\u01a1ng hay kh\u00f4ng, c\u00e0ng ch\u1eb3ng h\u1ec1 quan t\u00e2m \u0111\u1ebfn h\u1eadu qu\u1ea3 hay tr\u00e1ch nhi\u1ec7m g\u00ec g\u00ec \u0111\u00f3, t\u1ea5t c\u1ea3 nh\u1eefng g\u00ec Sakuma c\u1ea7n l\u00e0 chi\u1ebfn th\u1eafng, h\u1ebft.<\/p>\n<p>C\u00f3 l\u1ebd c\u0169ng ch\u00ednh v\u00ec th\u1ebf m\u00e0 anh ta ch\u01b0a t\u1eebng thua cu\u1ed9c, d\u00f9 l\u00e0 tr\u01b0\u1edbc b\u1ea5t k\u1ef3 ai.<\/p>\n<p>Th\u1ebf m\u00e0, trong m\u1ed9t d\u1ef1 \u00e1n qu\u1ea3ng c\u00e1o m\u00e0 Sakuma d\u1ed3n m\u1ecdi t\u00e2m huy\u1ebft, anh ta l\u1ea1i b\u1ecb m\u1ed9t k\u1ebb t\u00ean Katsuragi Katsutoshi ch\u00ea bai k\u00e9m c\u1ecfi, sau \u0111\u00f3 th\u1eb3ng tay sa th\u1ea3i?!<\/p>\n<p>L\u1ea7n \u0111\u1ea7u ti\u00ean n\u1ebfm qua m\u00f9i v\u1ecb c\u1ee7a k\u1ebb b\u1ea1i tr\u1eadn, c\u1ed9ng v\u1edbi men say s\u1eb5n c\u00f3 trong ng\u01b0\u1eddi, Sakuma \u0111\u00e3 t\u00ecm \u0111\u1ebfn nh\u00e0 Katsuragi trong v\u00f4 th\u1ee9c, \u0111\u1ec3 r\u1ed3i t\u00ecnh c\u1edd b\u1eaft g\u1eb7p Juri \u2013 con g\u00e1i c\u1ee7a Katsuragi &#8211; \u0111ang c\u1ed1 g\u1eafng tr\u1ed1n ra kh\u1ecfi nh\u00e0.<\/p>\n<p>C\u00f3 l\u1ebd ch\u00ednh s\u1ed1 ph\u1eadn \u0111\u00e3 \u0111\u01b0a hai k\u1ebb c\u1ef1c k\u1ef3 th\u00f4ng minh nh\u01b0ng l\u1ea1i \u0111ang l\u00e2m v\u00e0o b\u01b0\u1edbc c\u00f9ng \u1ea5y g\u1eb7p \u0111\u01b0\u1ee3c nhau.<\/p>\n<p>Chuy\u1ec7n g\u00ec s\u1ebd x\u1ea3y ra khi hai b\u1ed9 n\u00e3o x\u1ea3o quy\u1ec7t h\u1ea1 quy\u1ebft t\u00e2m c\u00f9ng nhau toan t\u00ednh cho m\u1ed9t k\u1ebf ho\u1ea1ch \u0111i\u00ean r\u1ed3?<\/p>\n<p>S\u1ebd ra sao khi c\u1ea3nh s\u00e1t, con tin, ti\u1ec1n chu\u1ed9c\u2026 t\u1ea5t c\u1ea3 s\u1ebd ch\u1ec9 l\u00e0 nh\u1eefng con t\u1ed1t th\u00ed trong m\u1ed9t tr\u00f2 ch\u01a1i v\u1edbi quy m\u00f4 kh\u00f4ng t\u01b0\u1edfng n\u00e0y?<\/p>\n<p>Tr\u00f2 ch\u01a1i \u0111\u01b0\u1ee3c xoay v\u1ea7n d\u01b0\u1edbi b\u00e0n tay c\u1ee7a hai k\u1ebb t\u1ef1 m\u00e3n, m\u1ecdi th\u1ee9 di\u1ec5n ra \u0111\u00fang nh\u01b0 nh\u1eefng g\u00ec trong k\u1ebf ho\u1ea1ch. V\u00e0 khi tr\u00f2 ch\u01a1i ch\u00ednh th\u1ee9c h\u1ea1 m\u00e0n, xin th\u00f4ng b\u00e1o ph\u1ea7n th\u1eafng s\u1ebd thu\u1ed9c v\u1ec1\u2026<\/p>\n<p>Khoan \u0111\u00e3, h\u00ecnh nh\u01b0 c\u1ee5c di\u1ec7n \u0111\u00e3 b\u1ecb thay \u0111\u1ed5i, c\u00f3 \u0111i\u1ec1u g\u00ec \u0111\u00f3 kh\u00f4ng \u1ed5n th\u00ec ph\u1ea3i\u2026 \u0110\u1ee3i m\u1ed9t ch\u00fat, chuy\u1ec7n qu\u00e1i g\u00ec \u0111ang x\u1ea3y ra v\u1eady?<\/p>\n<p>M\u1ed9t cu\u1ed9c \u0111\u1ea5u tr\u00ed gi\u1eefa nh\u1eefng \u201ck\u1ebb \u0111i\u00ean\u201d v\u1edbi tr\u00ed th\u00f4ng minh tuy\u1ec7t \u0111\u1ec9nh.<\/p>\n<p>M\u1ed9t v\u1edf k\u1ecbch xu\u1ea5t s\u1eafc v\u1edbi nh\u1eefng di\u1ec5n vi\u00ean \u0111\u1ea1i t\u00e0i \u0111\u01b0\u1ee3c \u1ea9n gi\u1ea5u sau l\u1edbp m\u1eb7t n\u1ea1.<\/p>\n<p>M\u1ed9t m\u00e0n so t\u00e0i gi\u1eefa nh\u1eefng k\u1ebb s\u1eb5n s\u00e0ng hy sinh c\u1ea3 m\u1ea1ng s\u1ed1ng \u0111\u1ec3 tr\u1edf th\u00e0nh ng\u01b0\u1eddi th\u1eafng cu\u1ed9c.<\/p>\n<p>V\u1eabn l\u00e0 gi\u1ecdng v\u0103n c\u00f9ng kh\u1ea3 n\u0103ng logic \u0111\u00e3 \u0111i v\u00e0o huy\u1ec1n tho\u1ea1i c\u1ee7a Higashino Keigo, \u201cT\u00ean c\u1ee7a tr\u00f2 ch\u01a1i l\u00e0 B\u1eaft c\u00f3c\u201d s\u1ebd \u0111\u01b0a b\u1ea1n v\u00e0o m\u1ed9t c\u00e2u chuy\u1ec7n v\u1edbi nh\u1eefng n\u00fat th\u1eaft kh\u00f4ng ng\u1edd v\u00e0 kh\u00f3 \u0111o\u00e1n \u0111\u1ebfn t\u1eadn nh\u1eefng gi\u00e2y ph\u00fat cu\u1ed1i c\u00f9ng!<\/p>\n","protected":false},"excerpt":{"rendered":"<p>Sakuma Shunsuke l\u00e0 m\u1ed9t k\u1ebb hi\u1ebfu th\u1eafng, kh\u00f4ng bi\u1ebft t\u1eeb \u0111\u00e2u c\u0169ng ch\u1eb3ng bi\u1ebft do ai \u1ea3nh h\u01b0\u1edfng, t\u1eeb nh\u1ecf \u0111\u1ebfn l\u1edbn, t\u1eeb chuy\u1ec7n h\u1ecdc h\u00e0nh, thi c\u1eed \u0111\u1ebfn t\u00ecnh y\u00eau, s\u1ef1 nghi\u1ec7p, Sakuma lu\u00f4n coi m\u1ecdi th\u1ee9 xung quanh l\u00e0 tr\u00f2 ch\u01a1i th\u1eafng thua.<\/p>\n<p>M\u1eb7c k\u1ec7 chuy\u1ec7n c\u00f3 khi\u1ebfn ng\u01b0\u1eddi kh\u00e1c t\u1ed5n th\u01b0\u01a1ng hay kh\u00f4ng, c\u00e0ng ch\u1eb3ng h\u1ec1 quan t\u00e2m \u0111\u1ebfn h\u1eadu qu\u1ea3 hay tr\u00e1ch nhi\u1ec7m g\u00ec g\u00ec \u0111\u00f3, t\u1ea5t c\u1ea3 nh\u1eefng g\u00ec Sakuma c\u1ea7n l\u00e0 chi\u1ebfn th\u1eafng, h\u1ebft.<\/p>\n<p>C\u00f3 l\u1ebd c\u0169ng ch\u00ednh v\u00ec th\u1ebf m\u00e0 anh ta ch\u01b0a t\u1eebng thua cu\u1ed9c, d\u00f9 l\u00e0 tr\u01b0\u1edbc b\u1ea5t k\u1ef3 ai.<\/p>\n<p>Th\u1ebf m\u00e0, trong m\u1ed9t d\u1ef1 \u00e1n qu\u1ea3ng c\u00e1o m\u00e0 Sakuma d\u1ed3n m\u1ecdi t\u00e2m huy\u1ebft, anh ta l\u1ea1i b\u1ecb m\u1ed9t k\u1ebb t\u00ean Katsuragi Katsutoshi ch\u00ea bai k\u00e9m c\u1ecfi, sau \u0111\u00f3 th\u1eb3ng tay sa th\u1ea3i?!<\/p>\n<p>L\u1ea7n \u0111\u1ea7u ti\u00ean n\u1ebfm qua m\u00f9i v\u1ecb c\u1ee7a k\u1ebb b\u1ea1i tr\u1eadn, c\u1ed9ng v\u1edbi men say s\u1eb5n c\u00f3 trong ng\u01b0\u1eddi, Sakuma \u0111\u00e3 t\u00ecm \u0111\u1ebfn nh\u00e0 Katsuragi trong v\u00f4 th\u1ee9c, \u0111\u1ec3 r\u1ed3i t\u00ecnh c\u1edd b\u1eaft g\u1eb7p Juri \u2013 con g\u00e1i c\u1ee7a Katsuragi &#8211; \u0111ang c\u1ed1 g\u1eafng tr\u1ed1n ra kh\u1ecfi nh\u00e0.<\/p>\n<p>C\u00f3 l\u1ebd ch\u00ednh s\u1ed1 ph\u1eadn \u0111\u00e3 \u0111\u01b0a hai k\u1ebb c\u1ef1c k\u1ef3 th\u00f4ng minh nh\u01b0ng l\u1ea1i \u0111ang l\u00e2m v\u00e0o b\u01b0\u1edbc c\u00f9ng \u1ea5y g\u1eb7p \u0111\u01b0\u1ee3c nhau.<\/p>\n<p>Chuy\u1ec7n g\u00ec s\u1ebd x\u1ea3y ra khi hai b\u1ed9 n\u00e3o x\u1ea3o quy\u1ec7t h\u1ea1 quy\u1ebft t\u00e2m c\u00f9ng nhau toan t\u00ednh cho m\u1ed9t k\u1ebf ho\u1ea1ch \u0111i\u00ean r\u1ed3?<\/p>\n<p>S\u1ebd ra sao khi c\u1ea3nh s\u00e1t, con tin, ti\u1ec1n chu\u1ed9c\u2026 t\u1ea5t c\u1ea3 s\u1ebd ch\u1ec9 l\u00e0 nh\u1eefng con t\u1ed1t th\u00ed trong m\u1ed9t tr\u00f2 ch\u01a1i v\u1edbi quy m\u00f4 kh\u00f4ng t\u01b0\u1edfng n\u00e0y?<\/p>\n<p>Tr\u00f2 ch\u01a1i \u0111\u01b0\u1ee3c xoay v\u1ea7n d\u01b0\u1edbi b\u00e0n tay c\u1ee7a hai k\u1ebb t\u1ef1 m\u00e3n, m\u1ecdi th\u1ee9 di\u1ec5n ra \u0111\u00fang nh\u01b0 nh\u1eefng g\u00ec trong k\u1ebf ho\u1ea1ch. V\u00e0 khi tr\u00f2 ch\u01a1i ch\u00ednh th\u1ee9c h\u1ea1 m\u00e0n, xin th\u00f4ng b\u00e1o ph\u1ea7n th\u1eafng s\u1ebd thu\u1ed9c v\u1ec1\u2026<\/p>\n<p>Khoan \u0111\u00e3, h\u00ecnh nh\u01b0 c\u1ee5c di\u1ec7n \u0111\u00e3 b\u1ecb thay \u0111\u1ed5i, c\u00f3 \u0111i\u1ec1u g\u00ec \u0111\u00f3 kh\u00f4ng \u1ed5n th\u00ec ph\u1ea3i\u2026 \u0110\u1ee3i m\u1ed9t ch\u00fat, chuy\u1ec7n qu\u00e1i g\u00ec \u0111ang x\u1ea3y ra v\u1eady?<\/p>\n<p>M\u1ed9t cu\u1ed9c \u0111\u1ea5u tr\u00ed gi\u1eefa nh\u1eefng \u201ck\u1ebb \u0111i\u00ean\u201d v\u1edbi tr\u00ed th\u00f4ng minh tuy\u1ec7t \u0111\u1ec9nh.<\/p>\n<p>M\u1ed9t v\u1edf k\u1ecbch xu\u1ea5t s\u1eafc v\u1edbi nh\u1eefng di\u1ec5n vi\u00ean \u0111\u1ea1i t\u00e0i \u0111\u01b0\u1ee3c \u1ea9n gi\u1ea5u sau l\u1edbp m\u1eb7t n\u1ea1.<\/p>\n<p>M\u1ed9t m\u00e0n so t\u00e0i gi\u1eefa nh\u1eefng k\u1ebb s\u1eb5n s\u00e0ng hy sinh c\u1ea3 m\u1ea1ng s\u1ed1ng \u0111\u1ec3 tr\u1edf th\u00e0nh ng\u01b0\u1eddi th\u1eafng cu\u1ed9c.<\/p>\n<p>V\u1eabn l\u00e0 gi\u1ecdng v\u0103n c\u00f9ng kh\u1ea3 n\u0103ng logic \u0111\u00e3 \u0111i v\u00e0o huy\u1ec1n tho\u1ea1i c\u1ee7a Higashino Keigo, \u201cT\u00ean c\u1ee7a tr\u00f2 ch\u01a1i l\u00e0 B\u1eaft c\u00f3c\u201d s\u1ebd \u0111\u01b0a b\u1ea1n v\u00e0o m\u1ed9t c\u00e2u chuy\u1ec7n v\u1edbi nh\u1eefng n\u00fat th\u1eaft kh\u00f4ng ng\u1edd v\u00e0 kh\u00f3 \u0111o\u00e1n \u0111\u1ebfn t\u1eadn nh\u1eefng gi\u00e2y ph\u00fat cu\u1ed1i c\u00f9ng!<\/p>\n","protected":false},"featured_media":13956,"template":"","meta":{"_acf_changed":false},"product_brand":[],"product_cat":[15,72],"product_tag":[],"class_list":{"0":"post-13957","1":"product","2":"type-product","3":"status-publish","4":"has-post-thumbnail","6":"product_cat-sach-danh-cho-nguoi-lon","7":"product_cat-trinh-tham-kinh-di","9":"first","10":"outofstock","11":"taxable","12":"shipping-taxable","13":"purchasable","14":"product-type-simple"},"supplier_id":null,"supplier_sku":"","barcode":null,"atum_controlled":true,"out_stock_date":"2021-07-06 10:34:26","out_stock_threshold":null,"inheritable":false,"inbound_stock":0,"stock_on_hold":0,"sold_today":0,"sales_last_days":0,"reserved_stock":0,"customer_returns":0,"warehouse_damage":0,"lost_in_post":0,"other_logs":0,"out_stock_days":1667,"lost_sales":2379,"has_location":false,"update_date":"2026-01-28T23:10:54","atum_locations":[],"atum_stock_status":"outofstock","restock_status":false,"low_stock_amount":"","sales_update_date":"2026-01-28T23:10:54","calc_backorders":null,"acf":{"publisher":{"ID":1460,"post_author":"1","post_date":"2021-02-17 01:12:24","post_date_gmt":"2021-02-16 23:12:24","post_content":"<!-- wp:flatsome\/uxbuilder -->\n<h1 style=\"text-align: center;\"><strong>Skybooks<\/strong><\/h1>\n[row]\n\n[col span=\"7\" span__sm=\"12\"]\n\n<p>C\u00f4ng ty ph\u00e1t h\u00e0nh s\u00e1ch Skybooks. \"T\u00f4i tr\u1ebb, t\u00f4i \u0111am m\u00ea\" v\u1edbi s\u1ee9 m\u1ec7nh lan to\u1ea3 c\u1ea3m x\u00fac v\u00e0 k\u1ebft n\u1ed1i t\u00e2m h\u1ed3n<\/p>\n<p><strong>Skybooks l\u00e0 c\u00e2u chuy\u1ec7n k\u1ec3 v\u1ec1:<\/strong><br \/>M\u1ed9t th\u1ebf h\u1ec7 ng\u01b0\u1eddi vi\u1ebft tr\u1ebb, \u0111am m\u00ea v\u0103n ch\u01b0\u01a1ng v\u00e0 t\u00f4n tr\u1ecdng, g\u00ecn gi\u1eef, s\u00e1ng t\u1ea1o Ti\u1ebfng Vi\u1ec7t. M\u1ed9t th\u1ebf h\u1ec7 \u0111\u1ed9c gi\u1ea3 tr\u1ebb, \u0111am m\u00ea kh\u00e1m ph\u00e1 ng\u00f4n ng\u1eef v\u00e0 say m\u00ea \u0111\u1ebfn v\u1edbi th\u1ebf gi\u1edbi c\u1ee7a nh\u1eefng quy\u1ec3n s\u00e1ch. M\u1ed9t th\u1ebf h\u1ec7 ng\u01b0\u1eddi l\u00e0m s\u00e1ch tr\u1ebb, \u0111am m\u00ea mang nh\u1eefng gi\u00e1 tr\u1ecb tinh th\u1ea7n l\u1ea1i g\u1ea7n ng\u01b0\u1eddi \u0111\u1ecdc.<br \/>Trong b\u1ed9 nh\u1eadn d\u1ea1ng th\u01b0\u01a1ng hi\u1ec7u:<br \/>Skybooks v\u1edbi ch\u1eef Sky m\u00e0u xanh da tr\u1eddi c\u00f3 \u00fd ngh\u0129a l\u00e0 c\u00f4ng ty B\u1ea7u Tr\u1eddi - n\u01a1i t\u1ea5t c\u1ea3 \u01b0\u1edbc m\u01a1 \u0111\u01b0\u1ee3c t\u1ef1 do tung c\u00e1nh.<br \/>V\u1edbi logo h\u00ecnh hoa b\u1ed3 c\u00f4ng anh \u0111ang bay t\u01b0\u1ee3ng tr\u01b0ng cho s\u1ef1 lan to\u1ea3 c\u1ea3m x\u00fac v\u00e0 kh\u00e1t v\u1ecdng bay cao.<br \/>K\u1ebb v\u1ea1ch logo c\u00f3 n\u1ec1n m\u00e0u ghi x\u00e1m xu\u1ea5t hi\u1ec7n tr\u00ean b\u00eca m\u1ecdi \u1ea5n ph\u1ea9m th\u1ec3 hi\u1ec7n con \u0111\u01b0\u1eddng b\u01b0\u1edbc v\u00e0o th\u1ecb tr\u01b0\u1eddng s\u00e1ch v\u00e0 chinh ph\u1ee5c \u0111\u1ed9c gi\u1ea3 l\u00e0 m\u1ed9t h\u00e0nh tr\u00ecnh d\u00e0i, \u0111\u1ea7y gian kh\u00f3, c\u00f3 nhi\u1ec1u b\u00e3o t\u1ed1, nh\u01b0ng ch\u1ec9 c\u1ea7n n\u1ed7 l\u1ef1c c\u1ed1 g\u1eafng nh\u1ea5t \u0111\u1ecbnh s\u1ebd ngo\u1ea1n m\u1ee5c v\u01b0\u1ee3t qua. \u0110\u1ec3 kh\u1eb3ng \u0111\u1ecbnh v\u00e0 ch\u1ee9ng minh ch\u00ednh m\u00ecnh!<\/p>\n\n[\/col]\n[col span=\"5\" span__sm=\"12\"]\n\n[ux_image id=\"1825\" image_size=\"medium\"]\n\n\n[\/col]\n\n[\/row]\n\n<!-- \/wp:flatsome\/uxbuilder -->","post_title":"Skybooks","post_excerpt":"","post_status":"publish","comment_status":"closed","ping_status":"closed","post_password":"","post_name":"skybooks","to_ping":"","pinged":"","post_modified":"2021-02-17 01:57:31","post_modified_gmt":"2021-02-16 23:57:31","post_content_filtered":"","post_parent":0,"guid":"https:\/\/sachviet.eu\/nha-phat-hanh\/skybooks\/","menu_order":0,"post_type":"publisher","post_mime_type":"","comment_count":"0","filter":"raw"}},"_links":{"self":[{"href":"https:\/\/sachviet.eu\/en\/wp-json\/wp\/v2\/product\/13957","targetHints":{"allow":["GET"]}}],"collection":[{"href":"https:\/\/sachviet.eu\/en\/wp-json\/wp\/v2\/product"}],"about":[{"href":"https:\/\/sachviet.eu\/en\/wp-json\/wp\/v2\/types\/product"}],"wp:featuredmedia":[{"embeddable":true,"href":"https:\/\/sachviet.eu\/en\/wp-json\/wp\/v2\/media\/13956"}],"wp:attachment":[{"href":"https:\/\/sachviet.eu\/en\/wp-json\/wp\/v2\/media?parent=13957"}],"wp:term":[{"taxonomy":"product_brand","embeddable":true,"href":"https:\/\/sachviet.eu\/en\/wp-json\/wp\/v2\/product_brand?post=13957"},{"taxonomy":"product_cat","embeddable":true,"href":"https:\/\/sachviet.eu\/en\/wp-json\/wp\/v2\/product_cat?post=13957"},{"taxonomy":"product_tag","embeddable":true,"href":"https:\/\/sachviet.eu\/en\/wp-json\/wp\/v2\/product_tag?post=13957"}],"curies":[{"name":"wp","href":"https:\/\/api.w.org\/{rel}","templated":true}]}}