{"id":13921,"date":"2021-07-02T21:21:12","date_gmt":"2021-07-02T18:21:12","guid":{"rendered":"https:\/\/sachviet.eu\/shop\/tran-hon-tap-2\/"},"modified":"2021-09-03T01:29:24","modified_gmt":"2021-09-02T22:29:24","slug":"tran-hon-tap-2","status":"publish","type":"product","link":"https:\/\/sachviet.eu\/en\/shop\/tran-hon-tap-2\/","title":{"rendered":"Tr\u1ea5n H\u1ed3n &#8211; T\u1eadp 2"},"content":{"rendered":"<p>\u201cNh\u1eefng c\u00e1i kh\u00e1c th\u00ec t\u00f4i c\u0169ng c\u00f3, nh\u01b0ng ph\u1ea7n nhi\u1ec1u ch\u1eafc anh c\u0169ng ch\u1eb3ng bu\u1ed3n \u0111\u1ec3 m\u1eaft t\u1edbi \u0111\u00e2u, ch\u1ec9 c\u00f3 m\u1ed9t ch\u00fat ch\u00e2n t\u00e2m \u1ea5y&#8230; N\u1ebfu anh kh\u00f4ng ch\u1ecbu nh\u1eadn, th\u00ec \u0111\u00e0nh th\u00f4i v\u1eady.\u201d<\/p>\n<p>\u201cT\u00f4i nh\u1eadn. T\u00f4i nh\u1eadn l\u1ea5y r\u1ed3i, c\u1ea3 \u0111\u1eddi n\u00e0y c\u1ee7a c\u1eadu, sinh sinh t\u1eed t\u1eed, t\u1eed t\u1eed sinh sinh, t\u00f4i c\u0169ng s\u1ebd kh\u00f4ng bu\u00f4ng tay l\u1ea7n n\u1eefa. K\u1ec3 c\u1ea3 l\u00e0 m\u1ed9t ng\u00e0y n\u00e0o \u0111\u00f3, c\u1eadu th\u1ea5y nh\u00e0m r\u1ed3i, ch\u00e1n gh\u00e9t r\u1ed3i, mu\u1ed1n b\u1ecf \u0111i r\u1ed3i, t\u00f4i c\u0169ng tuy\u1ec7t \u0111\u1ed1i kh\u00f4ng bu\u00f4ng c\u1eadu ra \u0111\u00e2u, d\u1eabu c\u00f3 ph\u1ea3i si\u1ebft, c\u0169ng nh\u1ea5t quy\u1ebft si\u1ebft c\u1eadu ch\u1ebft trong v\u00f2ng tay t\u00f4i.\u201d<\/p>\n<p>\u0110\u00f4i n\u00e9t t\u00e1c gi\u1ea3<\/p>\n<p>Priest l\u00e0 m\u1ed9t trong nh\u1eefng t\u00e1c gi\u1ea3 c\u1ea5p &#8220;\u0111\u1ea1i th\u1ea7n&#8221; c\u1ee7a T\u1ea5n Giang. M\u1ed7i m\u1ed9t t\u00e1c ph\u1ea9m c\u1ee7a c\u00f4 \u0111\u1ec1u \u0111\u01b0\u1ee3c \u0111\u1ea7u t\u01b0 c\u00f4ng s\u1ee9c nghi\u00ean c\u1ee9u b\u1ed1i c\u1ea3nh t\u1ec9 m\u1ec9, t\u00ecnh ti\u1ebft h\u1ee3p l\u00fd, th\u1eaft m\u1edf l\u00f4i cu\u1ed1n, l\u1ed1i k\u1ec3 chuy\u1ec7n h\u00e0i h\u01b0\u1edbc. Priest ch\u01b0a t\u1eebng l\u1eb7p l\u1ea1i m\u1ed9t \u0111\u1ec1 t\u00e0i cho hai t\u00e1c ph\u1ea9m, cho th\u1ea5y s\u1ee9c s\u00e1ng t\u1ea1o m\u1ea1nh m\u1ebd c\u1ee7a ng\u00f2i b\u00fat, ch\u00ednh \u0111i\u1ec1u n\u00e0y \u0111\u00e3 gi\u00fap c\u00e1i t\u00ean Priest \u0111\u1ee9ng v\u1eefng trong l\u00f2ng \u0111\u1ed9c gi\u1ea3 bao l\u00e2u nay.<\/p>\n<p>T\u00e1c ph\u1ea9m ti\u00eau bi\u1ec3u: \u0110\u1ea1i ca, Tr\u1ea5n h\u1ed3n, S\u00e1t ph\u00e1 lang, Th\u1ea5t gia&#8230;<\/p>\n","protected":false},"excerpt":{"rendered":"<p>\u201cNh\u1eefng c\u00e1i kh\u00e1c th\u00ec t\u00f4i c\u0169ng c\u00f3, nh\u01b0ng ph\u1ea7n nhi\u1ec1u ch\u1eafc anh c\u0169ng ch\u1eb3ng bu\u1ed3n \u0111\u1ec3 m\u1eaft t\u1edbi \u0111\u00e2u, ch\u1ec9 c\u00f3 m\u1ed9t ch\u00fat ch\u00e2n t\u00e2m \u1ea5y&#8230; N\u1ebfu anh kh\u00f4ng ch\u1ecbu nh\u1eadn, th\u00ec \u0111\u00e0nh th\u00f4i v\u1eady.\u201d<\/p>\n<p>\u201cT\u00f4i nh\u1eadn. T\u00f4i nh\u1eadn l\u1ea5y r\u1ed3i, c\u1ea3 \u0111\u1eddi n\u00e0y c\u1ee7a c\u1eadu, sinh sinh t\u1eed t\u1eed, t\u1eed t\u1eed sinh sinh, t\u00f4i c\u0169ng s\u1ebd kh\u00f4ng bu\u00f4ng tay l\u1ea7n n\u1eefa. K\u1ec3 c\u1ea3 l\u00e0 m\u1ed9t ng\u00e0y n\u00e0o \u0111\u00f3, c\u1eadu th\u1ea5y nh\u00e0m r\u1ed3i, ch\u00e1n gh\u00e9t r\u1ed3i, mu\u1ed1n b\u1ecf \u0111i r\u1ed3i, t\u00f4i c\u0169ng tuy\u1ec7t \u0111\u1ed1i kh\u00f4ng bu\u00f4ng c\u1eadu ra \u0111\u00e2u, d\u1eabu c\u00f3 ph\u1ea3i si\u1ebft, c\u0169ng nh\u1ea5t quy\u1ebft si\u1ebft c\u1eadu ch\u1ebft trong v\u00f2ng tay t\u00f4i.\u201d<\/p>\n","protected":false},"featured_media":13917,"template":"","meta":{"_acf_changed":false},"product_brand":[],"product_cat":[73,15],"product_tag":[],"class_list":{"0":"post-13921","1":"product","2":"type-product","3":"status-publish","4":"has-post-thumbnail","6":"product_cat-dam-my-ngon-tinh","7":"product_cat-sach-danh-cho-nguoi-lon","9":"first","10":"outofstock","11":"taxable","12":"shipping-taxable","13":"purchasable","14":"product-type-simple"},"supplier_id":null,"supplier_sku":"","barcode":null,"atum_controlled":true,"out_stock_date":"2021-09-02 22:29:24","out_stock_threshold":null,"inheritable":false,"inbound_stock":0,"stock_on_hold":0,"sold_today":0,"sales_last_days":0,"reserved_stock":0,"customer_returns":0,"warehouse_damage":0,"lost_in_post":0,"other_logs":0,"out_stock_days":1609,"lost_sales":0,"has_location":false,"update_date":"2026-01-28T23:10:54","atum_locations":[],"atum_stock_status":"outofstock","restock_status":false,"low_stock_amount":"","sales_update_date":"2026-01-28T23:10:54","calc_backorders":null,"acf":{"publisher":{"ID":11328,"post_author":"1","post_date":"2021-06-03 01:48:59","post_date_gmt":"2021-06-02 22:48:59","post_content":"","post_title":"ZGROUP","post_excerpt":"","post_status":"publish","comment_status":"closed","ping_status":"closed","post_password":"","post_name":"zgroup","to_ping":"","pinged":"","post_modified":"2021-06-03 01:48:59","post_modified_gmt":"2021-06-02 22:48:59","post_content_filtered":"","post_parent":0,"guid":"https:\/\/sachviet.eu\/nha-phat-hanh\/zgroup\/","menu_order":0,"post_type":"publisher","post_mime_type":"","comment_count":"0","filter":"raw"}},"_links":{"self":[{"href":"https:\/\/sachviet.eu\/en\/wp-json\/wp\/v2\/product\/13921","targetHints":{"allow":["GET"]}}],"collection":[{"href":"https:\/\/sachviet.eu\/en\/wp-json\/wp\/v2\/product"}],"about":[{"href":"https:\/\/sachviet.eu\/en\/wp-json\/wp\/v2\/types\/product"}],"wp:featuredmedia":[{"embeddable":true,"href":"https:\/\/sachviet.eu\/en\/wp-json\/wp\/v2\/media\/13917"}],"wp:attachment":[{"href":"https:\/\/sachviet.eu\/en\/wp-json\/wp\/v2\/media?parent=13921"}],"wp:term":[{"taxonomy":"product_brand","embeddable":true,"href":"https:\/\/sachviet.eu\/en\/wp-json\/wp\/v2\/product_brand?post=13921"},{"taxonomy":"product_cat","embeddable":true,"href":"https:\/\/sachviet.eu\/en\/wp-json\/wp\/v2\/product_cat?post=13921"},{"taxonomy":"product_tag","embeddable":true,"href":"https:\/\/sachviet.eu\/en\/wp-json\/wp\/v2\/product_tag?post=13921"}],"curies":[{"name":"wp","href":"https:\/\/api.w.org\/{rel}","templated":true}]}}