{"id":13909,"date":"2021-07-02T21:09:50","date_gmt":"2021-07-02T18:09:50","guid":{"rendered":"https:\/\/sachviet.eu\/shop\/boc-an\/"},"modified":"2021-09-03T01:29:24","modified_gmt":"2021-09-02T22:29:24","slug":"boc-an","status":"publish","type":"product","link":"https:\/\/sachviet.eu\/en\/shop\/boc-an\/","title":{"rendered":"B\u1ed1c \u00c1n"},"content":{"rendered":"<p>Tr\u01b0\u1eddng An, nh\u1eefng n\u0103m \u0111\u1ea7u th\u1eddi \u0110\u01b0\u1eddng, g\u1ea1t \u0111i l\u1edbp v\u1ecf h\u00e0o nho\u00e1ng ch\u1ec9 c\u00f2n l\u1ea1i v\u1ebb b\u00ecnh th\u01b0\u1eddng c\u1ee7a m\u1ed9t th\u00e0nh tr\u1ea5n sau chi\u1ebfn tranh. N\u01a1i \u1ea5y c\u00f3 m\u1ed9t ch\u00e0ng thanh ni\u00ean l\u1ea1 \u0111\u1eddi, v\u00f4 c\u00f4ng r\u1ed3i ngh\u1ec1, l\u01b0\u1eddi nh\u00e1c, g\u00e0n d\u1edf\u2026<\/p>\n<p>N\u01a1i \u1ea5y c\u00f3 nh\u1eefng chuy\u1ec7n l\u1ea1 \u0111\u1eddi, ly k\u1ef3, nh\u1eefng v\u1ee5 \u00e1n kinh thi\u00ean \u0111\u1ed9ng \u0111\u1ecba, c\u00f9ng nh\u1eefng m\u1ed1i t\u00ecnh si \u0111\u01b0a ng\u01b0\u1eddi ta l\u1ea1c b\u01b0\u1edbc. N\u01a1i \u1ea5y c\u00f3 ch\u00e0ng thanh ni\u00ean v\u00e9n b\u1ee9c m\u00e0n b\u00ed \u1ea9n, m\u1edf c\u1eeda \u0111\u01b0a l\u1ed1i t\u00ecm v\u1ec1 tri th\u1ee9c, ph\u1ee7i \u0111i l\u1edbp b\u1ee5i tr\u00ean s\u00e1ch s\u1eed \u1ed1 v\u00e0ng.<\/p>\n<p>N\u01a1i \u1ea5y c\u00f3 ch\u00e0ng hi\u1ec7u \u00fay, trung can ngh\u0129a \u0111\u1ea3m, ng\u1ed1c ngh\u1ebfch d\u1ea1i kh\u1edd.<\/p>\n<p>N\u01a1i \u1ea5y, c\u00f3 n\u00e0ng qu\u1eadn ch\u00faa \u00f4m m\u1ed1i t\u00ecnh si l\u1eb7ng th\u1ea7m, ch\u1ec9 bi\u1ebft d\u00f9ng ti\u1ebfng \u0111\u00e0n t\u1ecf c\u00f9ng ch\u00e0ng.<\/p>\n<p>N\u01a1i \u1ea5y\u2026<\/p>\n<p>\u0110\u00f4i n\u00e9t t\u00e1c gi\u1ea3<\/p>\n<p>T\u00e1c gi\u1ea3: Sa Ng\u01b0<\/p>\n<p>L\u00e0 t\u00e1c gi\u1ea3 d\u00f2ng v\u0103n h\u1ecdc m\u1ea1ng, tr\u01b0\u1edbc gi\u1edd c\u00f3 ch\u00fat t\u00e0i danh. T\u1eebng l\u00e0 mod c\u1ee7a box M\u1ea1n \u0111\u00e0m tr\u00ean di\u1ec5n \u0111\u00e0n Thi\u00ean Nhai, ng\u01b0\u1eddi qu\u1ea3n l\u00fd c\u1ee7a di\u1ec5n \u0111\u00e0n \u0110i\u1ec7n \u1ea3nh, Blog sina Kim Dung kh\u00e1ch \u0111i\u1ebfm, b\u1edfi v\u1eady c\u00f4 r\u1ea5t t\u00e2m \u0111\u1eafc \u0111\u1ed1i v\u1edbi nh\u1eefng ti\u1ec3u thuy\u1ebft v\u00f5 hi\u1ec7p kinh \u0111i\u1ec3n. Hi\u1ec7n c\u00f4 \u0111ang l\u00e0 h\u1ed9i vi\u00ean hi\u1ec7p h\u1ed9i t\u00e1c gi\u1ea3 t\u1ec9nh Giang T\u00f4.<\/p>\n<p>C\u00e1c t\u00e1c ph\u1ea9m \u0111\u00e3 \u0111\u01b0\u1ee3c xu\u1ea5t b\u1ea3n t\u1ea1i Trung Qu\u1ed1c:<\/p>\n<p>&#8211; T\u1eadp t\u1ea3n v\u0103n \u201cGiang h\u1ed3 ca gi\u1ea3\u201d<\/p>\n<p>&#8211; Ti\u1ec3u thuy\u1ebft th\u1ec3 lo\u1ea1i h\u01b0 \u1ea3o \u201c\u0110\u1ea1o th\u00ednh h\u1ed3 thuy\u1ebft\u201d<\/p>\n","protected":false},"excerpt":{"rendered":"<p>Tr\u01b0\u1eddng An, nh\u1eefng n\u0103m \u0111\u1ea7u th\u1eddi \u0110\u01b0\u1eddng, g\u1ea1t \u0111i l\u1edbp v\u1ecf h\u00e0o nho\u00e1ng ch\u1ec9 c\u00f2n l\u1ea1i v\u1ebb b\u00ecnh th\u01b0\u1eddng c\u1ee7a m\u1ed9t th\u00e0nh tr\u1ea5n sau chi\u1ebfn tranh. N\u01a1i \u1ea5y c\u00f3 m\u1ed9t ch\u00e0ng thanh ni\u00ean l\u1ea1 \u0111\u1eddi, v\u00f4 c\u00f4ng r\u1ed3i ngh\u1ec1, l\u01b0\u1eddi nh\u00e1c, g\u00e0n d\u1edf\u2026<\/p>\n<p>N\u01a1i \u1ea5y c\u00f3 nh\u1eefng chuy\u1ec7n l\u1ea1 \u0111\u1eddi, ly k\u1ef3, nh\u1eefng v\u1ee5 \u00e1n kinh thi\u00ean \u0111\u1ed9ng \u0111\u1ecba, c\u00f9ng nh\u1eefng m\u1ed1i t\u00ecnh si \u0111\u01b0a ng\u01b0\u1eddi ta l\u1ea1c b\u01b0\u1edbc. N\u01a1i \u1ea5y c\u00f3 ch\u00e0ng thanh ni\u00ean v\u00e9n b\u1ee9c m\u00e0n b\u00ed \u1ea9n, m\u1edf c\u1eeda \u0111\u01b0a l\u1ed1i t\u00ecm v\u1ec1 tri th\u1ee9c, ph\u1ee7i \u0111i l\u1edbp b\u1ee5i tr\u00ean s\u00e1ch s\u1eed \u1ed1 v\u00e0ng.<\/p>\n<p>N\u01a1i \u1ea5y c\u00f3 ch\u00e0ng hi\u1ec7u \u00fay, trung can ngh\u0129a \u0111\u1ea3m, ng\u1ed1c ngh\u1ebfch d\u1ea1i kh\u1edd.<\/p>\n<p>N\u01a1i \u1ea5y, c\u00f3 n\u00e0ng qu\u1eadn ch\u00faa \u00f4m m\u1ed1i t\u00ecnh si l\u1eb7ng th\u1ea7m, ch\u1ec9 bi\u1ebft d\u00f9ng ti\u1ebfng \u0111\u00e0n t\u1ecf c\u00f9ng ch\u00e0ng.<\/p>\n<p>N\u01a1i \u1ea5y\u2026<\/p>\n","protected":false},"featured_media":13899,"template":"","meta":{"_acf_changed":false},"product_brand":[],"product_cat":[15,72],"product_tag":[],"class_list":{"0":"post-13909","1":"product","2":"type-product","3":"status-publish","4":"has-post-thumbnail","6":"product_cat-sach-danh-cho-nguoi-lon","7":"product_cat-trinh-tham-kinh-di","9":"first","10":"outofstock","11":"taxable","12":"shipping-taxable","13":"purchasable","14":"product-type-simple"},"supplier_id":null,"supplier_sku":"","barcode":null,"atum_controlled":true,"out_stock_date":"2021-09-02 22:29:25","out_stock_threshold":null,"inheritable":false,"inbound_stock":0,"stock_on_hold":0,"sold_today":0,"sales_last_days":0,"reserved_stock":0,"customer_returns":0,"warehouse_damage":0,"lost_in_post":0,"other_logs":0,"out_stock_days":1609,"lost_sales":0,"has_location":false,"update_date":"2026-01-28T23:10:54","atum_locations":[],"atum_stock_status":"outofstock","restock_status":false,"low_stock_amount":"","sales_update_date":"2026-01-28T23:10:54","calc_backorders":null,"acf":{"publisher":{"ID":11328,"post_author":"1","post_date":"2021-06-03 01:48:59","post_date_gmt":"2021-06-02 22:48:59","post_content":"","post_title":"ZGROUP","post_excerpt":"","post_status":"publish","comment_status":"closed","ping_status":"closed","post_password":"","post_name":"zgroup","to_ping":"","pinged":"","post_modified":"2021-06-03 01:48:59","post_modified_gmt":"2021-06-02 22:48:59","post_content_filtered":"","post_parent":0,"guid":"https:\/\/sachviet.eu\/nha-phat-hanh\/zgroup\/","menu_order":0,"post_type":"publisher","post_mime_type":"","comment_count":"0","filter":"raw"}},"_links":{"self":[{"href":"https:\/\/sachviet.eu\/en\/wp-json\/wp\/v2\/product\/13909","targetHints":{"allow":["GET"]}}],"collection":[{"href":"https:\/\/sachviet.eu\/en\/wp-json\/wp\/v2\/product"}],"about":[{"href":"https:\/\/sachviet.eu\/en\/wp-json\/wp\/v2\/types\/product"}],"wp:featuredmedia":[{"embeddable":true,"href":"https:\/\/sachviet.eu\/en\/wp-json\/wp\/v2\/media\/13899"}],"wp:attachment":[{"href":"https:\/\/sachviet.eu\/en\/wp-json\/wp\/v2\/media?parent=13909"}],"wp:term":[{"taxonomy":"product_brand","embeddable":true,"href":"https:\/\/sachviet.eu\/en\/wp-json\/wp\/v2\/product_brand?post=13909"},{"taxonomy":"product_cat","embeddable":true,"href":"https:\/\/sachviet.eu\/en\/wp-json\/wp\/v2\/product_cat?post=13909"},{"taxonomy":"product_tag","embeddable":true,"href":"https:\/\/sachviet.eu\/en\/wp-json\/wp\/v2\/product_tag?post=13909"}],"curies":[{"name":"wp","href":"https:\/\/api.w.org\/{rel}","templated":true}]}}