{"id":13898,"date":"2021-07-02T21:09:06","date_gmt":"2021-07-02T18:09:06","guid":{"rendered":"https:\/\/sachviet.eu\/shop\/sat-pha-lang-tron-bo-3-quyen\/"},"modified":"2021-07-03T16:19:15","modified_gmt":"2021-07-03T13:19:15","slug":"sat-pha-lang-tron-bo-3-quyen","status":"publish","type":"product","link":"https:\/\/sachviet.eu\/en\/shop\/sat-pha-lang-tron-bo-3-quyen\/","title":{"rendered":"S\u00e1t Ph\u00e1 Lang &#8211; Tr\u1ecdn b\u1ed9 3 quy\u1ec3n"},"content":{"rendered":"<p>Thi\u1ebfu ni\u00ean Tr\u01b0\u1eddng Canh sinh s\u1ed1ng nhi\u1ec1u n\u0103m n\u01a1i tr\u1ea5n nh\u1ecf bi\u00ean th\u00f9y kh\u00f4ng th\u1ec3 n\u00e0o ng\u1edd \u0111\u01b0\u1ee3c r\u1eb1ng th\u00e2n th\u1ebf c\u1ee7a m\u00ecnh l\u1ea1i ly k\u1ef3 nh\u01b0 v\u1eady.<\/p>\n<p>B\u00e0 g\u00f3a ch\u0103m c\u1eadu l\u1edbn kh\u00f4ng ph\u1ea3i m\u1eb9 ru\u1ed9t, cha nu\u00f4i tai \u0111i\u1ebfc m\u1eaft m\u00f9 \u0111\u1ed9t nhi\u00ean l\u1ed9t x\u00e1c th\u00e0nh An \u0110\u1ecbnh h\u1ea7u danh ch\u1ea5n b\u1ed1n ph\u01b0\u01a1ng, c\u00f2n b\u1ea3n th\u00e2n l\u1ea1i l\u00e0 con r\u1ed3ng ch\u00e1u ph\u01b0\u1ee3ng.<\/p>\n<p>R\u1eddi tr\u1ea5n nh\u1ecf t\u1edbi kinh th\u00e0nh \u0111\u00f4 h\u1ed9i ph\u1ed3n hoa, nh\u1eefng s\u00f3ng gi\u00f3 g\u00ec \u0111ang ch\u1edd c\u1eadu \u1edf ph\u00eda tr\u01b0\u1edbc?<\/p>\n<p>L\u00e0 ho\u00e0ng cung m\u01b0u \u0111\u1ed3 hi\u1ec3m \u00e1c, ng\u01b0\u01a1i g\u1ea1t ta l\u1eeba.<\/p>\n<p>L\u00e0 tri\u1ec1u \u0111\u00ecnh b\u00e8 c\u00e1nh \u0111\u1ea5u \u0111\u00e1, tranh gi\u00e0nh quy\u1ec1n l\u1ef1c.<\/p>\n<p>L\u00e0 b\u1ed1n b\u1ec1 \u0111\u1ecbch v\u00e2y, lo\u1ea1n trong gi\u1eb7c ngo\u00e0i, d\u00e2n ch\u00fang l\u1ea7m than, s\u01a1n h\u00e0 t\u00e0n t\u1ea1.<\/p>\n<p>M\u00e0 trong c\u01a1 th\u1ec3 c\u1eadu v\u1eabn ti\u1ec1m t\u00e0ng k\u1ecbch \u0111\u1ed9c c\u00f9ng l\u1eddi nguy\u1ec1n \u00e1c nghi\u1ec7t nh\u1ea5t th\u1ebf gian:<\/p>\n<p>&#8220;Kh\u00f4ng ai y\u00eau th\u01b0\u01a1ng ng\u01b0\u01a1i, kh\u00f4ng ai th\u1eadt l\u00f2ng \u0111\u1ed1i x\u1eed t\u1ed1t v\u1edbi ng\u01b0\u01a1i, cho \u0111\u1ebfn ng\u00e0y sinh m\u1ea1ng ch\u1ea5m d\u1ee9t, trong l\u00f2ng ng\u01b0\u01a1i s\u1ebd ch\u1ec9 c\u00f3 c\u0103m h\u1eadn, ho\u00e0i nghi, t\u00ednh t\u00ecnh b\u1ea1o ng\u01b0\u1ee3c hung t\u00e0n, ham gi\u1ebft ch\u00f3c, \u0111i qua n\u01a1i n\u00e0o n\u01a1i \u0111\u00f3 s\u1ebd n\u1ed5i m\u01b0a m\u00e1u gi\u00f3 tanh, \u0111\u00e3 \u0111\u1ecbnh s\u1ebd khi\u1ebfn t\u1ea5t c\u1ea3 \u0111\u00e1m ng\u01b0\u1eddi kia kh\u00f4ng \u0111\u01b0\u1ee3c ch\u1ebft t\u1eed t\u1ebf.&#8221;<\/p>\n<p>Tr\u01b0\u1eddng Canh ch\u1eb3ng \u0111\u1ec3 t\u00e2m, b\u1edfi:<\/p>\n<p>&#8220;D\u00f9 l\u00e0 t\u1edbi kinh th\u00e0nh c\u0169ng c\u00f3 ngh\u0129a ph\u1ee5 ch\u1edf che cho, ng\u01b0\u01a1i kh\u00f4ng ph\u1ea3i s\u1ee3.&#8221;<\/p>\n<p>C\u1eadu \u0111\u00e3 c\u00f3 b\u00f9a h\u1ed9 m\u1ea1ng \u0111\u00e2y r\u1ed3i!<\/p>\n","protected":false},"excerpt":{"rendered":"<p>Thi\u1ebfu ni\u00ean Tr\u01b0\u1eddng Canh sinh s\u1ed1ng nhi\u1ec1u n\u0103m n\u01a1i tr\u1ea5n nh\u1ecf bi\u00ean th\u00f9y kh\u00f4ng th\u1ec3 n\u00e0o ng\u1edd \u0111\u01b0\u1ee3c r\u1eb1ng th\u00e2n th\u1ebf c\u1ee7a m\u00ecnh l\u1ea1i ly k\u1ef3 nh\u01b0 v\u1eady.<\/p>\n<p>B\u00e0 g\u00f3a ch\u0103m c\u1eadu l\u1edbn kh\u00f4ng ph\u1ea3i m\u1eb9 ru\u1ed9t, cha nu\u00f4i tai \u0111i\u1ebfc m\u1eaft m\u00f9 \u0111\u1ed9t nhi\u00ean l\u1ed9t x\u00e1c th\u00e0nh An \u0110\u1ecbnh h\u1ea7u danh ch\u1ea5n b\u1ed1n ph\u01b0\u01a1ng, c\u00f2n b\u1ea3n th\u00e2n l\u1ea1i l\u00e0 con r\u1ed3ng ch\u00e1u ph\u01b0\u1ee3ng.<\/p>\n<p>R\u1eddi tr\u1ea5n nh\u1ecf t\u1edbi kinh th\u00e0nh \u0111\u00f4 h\u1ed9i ph\u1ed3n hoa, nh\u1eefng s\u00f3ng gi\u00f3 g\u00ec \u0111ang ch\u1edd c\u1eadu \u1edf ph\u00eda tr\u01b0\u1edbc?<\/p>\n<p>L\u00e0 ho\u00e0ng cung m\u01b0u \u0111\u1ed3 hi\u1ec3m \u00e1c, ng\u01b0\u01a1i g\u1ea1t ta l\u1eeba.<\/p>\n<p>L\u00e0 tri\u1ec1u \u0111\u00ecnh b\u00e8 c\u00e1nh \u0111\u1ea5u \u0111\u00e1, tranh gi\u00e0nh quy\u1ec1n l\u1ef1c.<\/p>\n<p>L\u00e0 b\u1ed1n b\u1ec1 \u0111\u1ecbch v\u00e2y, lo\u1ea1n trong gi\u1eb7c ngo\u00e0i, d\u00e2n ch\u00fang l\u1ea7m than, s\u01a1n h\u00e0 t\u00e0n t\u1ea1.<\/p>\n<p>M\u00e0 trong c\u01a1 th\u1ec3 c\u1eadu v\u1eabn ti\u1ec1m t\u00e0ng k\u1ecbch \u0111\u1ed9c c\u00f9ng l\u1eddi nguy\u1ec1n \u00e1c nghi\u1ec7t nh\u1ea5t th\u1ebf gian:<\/p>\n<p>&#8220;Kh\u00f4ng ai y\u00eau th\u01b0\u01a1ng ng\u01b0\u01a1i, kh\u00f4ng ai th\u1eadt l\u00f2ng \u0111\u1ed1i x\u1eed t\u1ed1t v\u1edbi ng\u01b0\u01a1i, cho \u0111\u1ebfn ng\u00e0y sinh m\u1ea1ng ch\u1ea5m d\u1ee9t, trong l\u00f2ng ng\u01b0\u01a1i s\u1ebd ch\u1ec9 c\u00f3 c\u0103m h\u1eadn, ho\u00e0i nghi, t\u00ednh t\u00ecnh b\u1ea1o ng\u01b0\u1ee3c hung t\u00e0n, ham gi\u1ebft ch\u00f3c, \u0111i qua n\u01a1i n\u00e0o n\u01a1i \u0111\u00f3 s\u1ebd n\u1ed5i m\u01b0a m\u00e1u gi\u00f3 tanh, \u0111\u00e3 \u0111\u1ecbnh s\u1ebd khi\u1ebfn t\u1ea5t c\u1ea3 \u0111\u00e1m ng\u01b0\u1eddi kia kh\u00f4ng \u0111\u01b0\u1ee3c ch\u1ebft t\u1eed t\u1ebf.&#8221;<\/p>\n<p>Tr\u01b0\u1eddng Canh ch\u1eb3ng \u0111\u1ec3 t\u00e2m, b\u1edfi:<\/p>\n<p>&#8220;D\u00f9 l\u00e0 t\u1edbi kinh th\u00e0nh c\u0169ng c\u00f3 ngh\u0129a ph\u1ee5 ch\u1edf che cho, ng\u01b0\u01a1i kh\u00f4ng ph\u1ea3i s\u1ee3.&#8221;<\/p>\n<p>C\u1eadu \u0111\u00e3 c\u00f3 b\u00f9a h\u1ed9 m\u1ea1ng \u0111\u00e2y r\u1ed3i!<\/p>\n","protected":false},"featured_media":13895,"template":"","meta":{"_acf_changed":false},"product_brand":[],"product_cat":[73,15],"product_tag":[],"class_list":{"0":"post-13898","1":"product","2":"type-product","3":"status-publish","4":"has-post-thumbnail","6":"product_cat-dam-my-ngon-tinh","7":"product_cat-sach-danh-cho-nguoi-lon","9":"first","10":"outofstock","11":"taxable","12":"shipping-taxable","13":"purchasable","14":"product-type-simple"},"supplier_id":null,"supplier_sku":"","barcode":null,"atum_controlled":true,"out_stock_date":"2021-07-03 13:19:15","out_stock_threshold":null,"inheritable":false,"inbound_stock":0,"stock_on_hold":0,"sold_today":0,"sales_last_days":0,"reserved_stock":0,"customer_returns":0,"warehouse_damage":0,"lost_in_post":0,"other_logs":0,"out_stock_days":1670,"lost_sales":0,"has_location":false,"update_date":"2026-01-28T23:10:54","atum_locations":[],"atum_stock_status":"outofstock","restock_status":false,"low_stock_amount":"","sales_update_date":"2026-01-28T23:10:54","calc_backorders":null,"acf":{"publisher":{"ID":12651,"post_author":"1","post_date":"2021-06-11 23:19:20","post_date_gmt":"2021-06-11 20:19:20","post_content":"","post_title":"XYZ","post_excerpt":"","post_status":"publish","comment_status":"closed","ping_status":"closed","post_password":"","post_name":"xyz","to_ping":"","pinged":"","post_modified":"2021-06-11 23:19:20","post_modified_gmt":"2021-06-11 20:19:20","post_content_filtered":"","post_parent":0,"guid":"https:\/\/sachviet.eu\/nha-phat-hanh\/xyz\/","menu_order":0,"post_type":"publisher","post_mime_type":"","comment_count":"0","filter":"raw"}},"_links":{"self":[{"href":"https:\/\/sachviet.eu\/en\/wp-json\/wp\/v2\/product\/13898","targetHints":{"allow":["GET"]}}],"collection":[{"href":"https:\/\/sachviet.eu\/en\/wp-json\/wp\/v2\/product"}],"about":[{"href":"https:\/\/sachviet.eu\/en\/wp-json\/wp\/v2\/types\/product"}],"wp:featuredmedia":[{"embeddable":true,"href":"https:\/\/sachviet.eu\/en\/wp-json\/wp\/v2\/media\/13895"}],"wp:attachment":[{"href":"https:\/\/sachviet.eu\/en\/wp-json\/wp\/v2\/media?parent=13898"}],"wp:term":[{"taxonomy":"product_brand","embeddable":true,"href":"https:\/\/sachviet.eu\/en\/wp-json\/wp\/v2\/product_brand?post=13898"},{"taxonomy":"product_cat","embeddable":true,"href":"https:\/\/sachviet.eu\/en\/wp-json\/wp\/v2\/product_cat?post=13898"},{"taxonomy":"product_tag","embeddable":true,"href":"https:\/\/sachviet.eu\/en\/wp-json\/wp\/v2\/product_tag?post=13898"}],"curies":[{"name":"wp","href":"https:\/\/api.w.org\/{rel}","templated":true}]}}