{"id":13894,"date":"2021-07-02T21:08:52","date_gmt":"2021-07-02T18:08:52","guid":{"rendered":"https:\/\/sachviet.eu\/shop\/pham-tam-dai-dong\/"},"modified":"2021-08-04T17:03:10","modified_gmt":"2021-08-04T14:03:10","slug":"pham-tam-dai-dong","status":"publish","type":"product","link":"https:\/\/sachviet.eu\/en\/shop\/pham-tam-dai-dong\/","title":{"rendered":"Ph\u00e0m T\u00e2m \u0110\u1ea1i \u0110\u1ed9ng"},"content":{"rendered":"<p>Th\u1ebf gian n\u00e0y r\u1ed9ng l\u1edbn l\u1eafm, b\u1ecf l\u1ee1 nhau m\u1ed9t l\u1ea7n, c\u0169ng l\u00e0 b\u1ecf l\u1ee1 m\u1ed9t \u0111\u1eddi\u2026<\/p>\n<p>Tr\u01b0\u01a1ng Tri\u1ec7u Huy\u1ec1n l\u00e0 th\u1ea7n ti\u00ean tr\u00ean tr\u1eddi, s\u1ed1ng \u0111\u00e3 tr\u0103m ng\u00e0n n\u0103m tu\u1ed5i. C\u00f2n Di\u1ec7p Thanh ch\u1ec9 l\u00e0 m\u1ed9t ch\u00e0ng thanh ni\u00ean ng\u01b0\u1eddi ph\u00e0m l\u1ea1i \u0111em l\u00f2ng \u00e1i m\u1ed9 v\u1ecb th\u1ea7n ti\u00ean cao xa v\u1eddi v\u1ee3i kia. Nh\u01b0ng l\u1eddi ch\u00e2n t\u00ecnh ch\u01b0a k\u1ecbp t\u1ecf b\u00e0y, \u0111\u00e3 b\u1ecf l\u1ee1 nhau su\u1ed1t ba tr\u0103m n\u0103m. \u201cDuy\u00ean ph\u1eadn \u0111\u1ec1u \u0111\u01b0\u1ee3c \u0111\u1ecbnh s\u1eb5n trong s\u1ed1 m\u1ec7nh. N\u1ebfu v\u00f4 duy\u00ean \u1eaft s\u1ebd l\u01b0\u1edbt qua vai nhau, \u0111\u00f4i b\u00ean ch\u1eb3ng h\u1ec1 hay bi\u1ebft. Ho\u1eb7c nh\u01b0 nh\u1eefng k\u1ebb g\u00e1i trai si t\u00ecnh tr\u00ean th\u1ebf gian, d\u1eabu cho \u0111au kh\u1ed5 qu\u1eb1n qu\u1ea1i, sau c\u00f9ng c\u0169ng ch\u1eb3ng g\u1eb7t h\u00e1i \u0111\u01b0\u1ee3c k\u1ebft qu\u1ea3 g\u00ec.\u201d<\/p>\n<p>Nh\u01b0ng \u0111\u1eddi ng\u01b0\u1eddi n\u00e0o c\u00f3 \u0111\u01b0\u1ee3c c\u00e1i tr\u0103m n\u0103m, ch\u1ee9 \u0111\u1eebng n\u00f3i \u0111\u1ebfn l\u00e0 ba tr\u0103m n\u0103m.<\/p>\n<p>L\u1ea7n n\u1eefa g\u1eb7p l\u1ea1i, ng\u01b0\u1eddi v\u1eabn l\u00e0 v\u1ecb th\u1ea7n ti\u00ean v\u00f4 \u01b0u v\u00f4 lo n\u0103m n\u00e0o. C\u00f2n Di\u1ec7p Thanh li\u1ec7u c\u00f3 c\u00f2n l\u00e0 ch\u00e0ng thanh ni\u00ean n\u0103m \u1ea5y? T\u1eeb b\u1ecf th\u00e2n ph\u1eadn ng\u01b0\u1eddi ph\u00e0m, n\u00f3i l\u1eddi t\u1eeb bi\u1ec7t qu\u00e1 kh\u1ee9 \u0111\u1ec3 sa v\u00e0o y\u00eau \u0111\u1ea1o, ch\u1ec9 \u0111\u1ec3 \u0111\u1ed5i l\u1ea5y c\u01a1 h\u1ed9i g\u1eb7p l\u1ea1i ng\u01b0\u1eddi, n\u00f3i v\u1edbi ng\u01b0\u1eddi m\u1ed9t c\u00e2u: \u201cTa th\u00edch ng\u01b0\u1eddi\u201d.<\/p>\n<p>Th\u1eed h\u1ecfi, b\u1ea5t ch\u1ea5p t\u1ea5t c\u1ea3 \u0111\u1ed5i l\u1ea5y \u0111au kh\u1ed5 ch\u1edd \u0111\u1ee3i nhi\u1ec1u n\u0103m nh\u01b0 v\u1eady ch\u1ec9 v\u00ec m\u1ed9t t\u00ecnh y\u00eau li\u1ec7u c\u00f3 \u0111\u00e1ng ch\u0103ng? C\u00f3 l\u1ebd\u2026 \u0111\u00e1ng ch\u1ee9! M\u1ed9t \u0111\u1eddi m\u1ed9t ki\u1ebfp ch\u1ec9 m\u1ed9t l\u1ea7n duy nh\u1ea5t \u0111\u1ed9ng t\u00e2m, n\u1ebfu \u00fd tr\u1eddi \u0111\u00e3 kh\u00f4ng th\u1ec3 \u0111em \u0111\u1ebfn h\u1ea1nh ph\u00fac m\u00e0 ta mong mu\u1ed1n, v\u1eady th\u00ec ta ch\u1ec9 c\u00f3 th\u1ec3 t\u1ef1 ki\u1ebfm t\u00ecm b\u1eb1ng ch\u00ednh n\u1ed7 l\u1ef1c c\u1ee7a m\u00ecnh th\u00f4i.<\/p>\n<p>Ph\u00e0m t\u00e2m \u0111\u1ea1i \u0111\u1ed9ng \u2013 m\u1ed9t c\u00e2u chuy\u1ec7n nh\u1eafn nh\u1ee7 v\u1edbi ta r\u1eb1ng duy\u00ean ph\u1eadn c\u00f3 th\u1ec3 do tr\u1eddi cao s\u1eafp \u0111\u1eb7t, nh\u01b0ng h\u1eefu duy\u00ean hay v\u00f4 duy\u00ean l\u1ea1i do t\u00e2m ng\u01b0\u1eddi quy\u1ebft \u0111\u1ecbnh. C\u00e1i k\u1ebft ng\u1ecdt ng\u00e0o c\u1ee7a Tr\u01b0\u01a1ng Tri\u1ec7u Huy\u1ec1n v\u00e0 Di\u1ec7p Thanh ch\u00ednh l\u00e0 th\u00e0nh qu\u1ea3 g\u1eb7t h\u00e1i \u0111\u01b0\u1ee3c sau bi\u1ebft bao kh\u00f3 kh\u0103n \u0111au kh\u1ed5, c\u1ee7a hai tr\u00e1i tim ki\u00ean \u0111\u1ecbnh c\u00f9ng m\u1ed9t t\u00ecnh y\u00eau tr\u01b0\u1eddng t\u1ed3n v\u1edbi th\u1eddi gian.<\/p>\n","protected":false},"excerpt":{"rendered":"<p>Th\u1ebf gian n\u00e0y r\u1ed9ng l\u1edbn l\u1eafm, b\u1ecf l\u1ee1 nhau m\u1ed9t l\u1ea7n, c\u0169ng l\u00e0 b\u1ecf l\u1ee1 m\u1ed9t \u0111\u1eddi\u2026<\/p>\n<p>Tr\u01b0\u01a1ng Tri\u1ec7u Huy\u1ec1n l\u00e0 th\u1ea7n ti\u00ean tr\u00ean tr\u1eddi, s\u1ed1ng \u0111\u00e3 tr\u0103m ng\u00e0n n\u0103m tu\u1ed5i. C\u00f2n Di\u1ec7p Thanh ch\u1ec9 l\u00e0 m\u1ed9t ch\u00e0ng thanh ni\u00ean ng\u01b0\u1eddi ph\u00e0m l\u1ea1i \u0111em l\u00f2ng \u00e1i m\u1ed9 v\u1ecb th\u1ea7n ti\u00ean cao xa v\u1eddi v\u1ee3i kia. Nh\u01b0ng l\u1eddi ch\u00e2n t\u00ecnh ch\u01b0a k\u1ecbp t\u1ecf b\u00e0y, \u0111\u00e3 b\u1ecf l\u1ee1 nhau su\u1ed1t ba tr\u0103m n\u0103m. \u201cDuy\u00ean ph\u1eadn \u0111\u1ec1u \u0111\u01b0\u1ee3c \u0111\u1ecbnh s\u1eb5n trong s\u1ed1 m\u1ec7nh. N\u1ebfu v\u00f4 duy\u00ean \u1eaft s\u1ebd l\u01b0\u1edbt qua vai nhau, \u0111\u00f4i b\u00ean ch\u1eb3ng h\u1ec1 hay bi\u1ebft. Ho\u1eb7c nh\u01b0 nh\u1eefng k\u1ebb g\u00e1i trai si t\u00ecnh tr\u00ean th\u1ebf gian, d\u1eabu cho \u0111au kh\u1ed5 qu\u1eb1n qu\u1ea1i, sau c\u00f9ng c\u0169ng ch\u1eb3ng g\u1eb7t h\u00e1i \u0111\u01b0\u1ee3c k\u1ebft qu\u1ea3 g\u00ec.\u201d<\/p>\n<p>Nh\u01b0ng \u0111\u1eddi ng\u01b0\u1eddi n\u00e0o c\u00f3 \u0111\u01b0\u1ee3c c\u00e1i tr\u0103m n\u0103m, ch\u1ee9 \u0111\u1eebng n\u00f3i \u0111\u1ebfn l\u00e0 ba tr\u0103m n\u0103m.<\/p>\n<p>L\u1ea7n n\u1eefa g\u1eb7p l\u1ea1i, ng\u01b0\u1eddi v\u1eabn l\u00e0 v\u1ecb th\u1ea7n ti\u00ean v\u00f4 \u01b0u v\u00f4 lo n\u0103m n\u00e0o. C\u00f2n Di\u1ec7p Thanh li\u1ec7u c\u00f3 c\u00f2n l\u00e0 ch\u00e0ng thanh ni\u00ean n\u0103m \u1ea5y? T\u1eeb b\u1ecf th\u00e2n ph\u1eadn ng\u01b0\u1eddi ph\u00e0m, n\u00f3i l\u1eddi t\u1eeb bi\u1ec7t qu\u00e1 kh\u1ee9 \u0111\u1ec3 sa v\u00e0o y\u00eau \u0111\u1ea1o, ch\u1ec9 \u0111\u1ec3 \u0111\u1ed5i l\u1ea5y c\u01a1 h\u1ed9i g\u1eb7p l\u1ea1i ng\u01b0\u1eddi, n\u00f3i v\u1edbi ng\u01b0\u1eddi m\u1ed9t c\u00e2u: \u201cTa th\u00edch ng\u01b0\u1eddi\u201d.<\/p>\n<p>Th\u1eed h\u1ecfi, b\u1ea5t ch\u1ea5p t\u1ea5t c\u1ea3 \u0111\u1ed5i l\u1ea5y \u0111au kh\u1ed5 ch\u1edd \u0111\u1ee3i nhi\u1ec1u n\u0103m nh\u01b0 v\u1eady ch\u1ec9 v\u00ec m\u1ed9t t\u00ecnh y\u00eau li\u1ec7u c\u00f3 \u0111\u00e1ng ch\u0103ng? C\u00f3 l\u1ebd\u2026 \u0111\u00e1ng ch\u1ee9! M\u1ed9t \u0111\u1eddi m\u1ed9t ki\u1ebfp ch\u1ec9 m\u1ed9t l\u1ea7n duy nh\u1ea5t \u0111\u1ed9ng t\u00e2m, n\u1ebfu \u00fd tr\u1eddi \u0111\u00e3 kh\u00f4ng th\u1ec3 \u0111em \u0111\u1ebfn h\u1ea1nh ph\u00fac m\u00e0 ta mong mu\u1ed1n, v\u1eady th\u00ec ta ch\u1ec9 c\u00f3 th\u1ec3 t\u1ef1 ki\u1ebfm t\u00ecm b\u1eb1ng ch\u00ednh n\u1ed7 l\u1ef1c c\u1ee7a m\u00ecnh th\u00f4i.<\/p>\n<p>Ph\u00e0m t\u00e2m \u0111\u1ea1i \u0111\u1ed9ng \u2013 m\u1ed9t c\u00e2u chuy\u1ec7n nh\u1eafn nh\u1ee7 v\u1edbi ta r\u1eb1ng duy\u00ean ph\u1eadn c\u00f3 th\u1ec3 do tr\u1eddi cao s\u1eafp \u0111\u1eb7t, nh\u01b0ng h\u1eefu duy\u00ean hay v\u00f4 duy\u00ean l\u1ea1i do t\u00e2m ng\u01b0\u1eddi quy\u1ebft \u0111\u1ecbnh. C\u00e1i k\u1ebft ng\u1ecdt ng\u00e0o c\u1ee7a Tr\u01b0\u01a1ng Tri\u1ec7u Huy\u1ec1n v\u00e0 Di\u1ec7p Thanh ch\u00ednh l\u00e0 th\u00e0nh qu\u1ea3 g\u1eb7t h\u00e1i \u0111\u01b0\u1ee3c sau bi\u1ebft bao kh\u00f3 kh\u0103n \u0111au kh\u1ed5, c\u1ee7a hai tr\u00e1i tim ki\u00ean \u0111\u1ecbnh c\u00f9ng m\u1ed9t t\u00ecnh y\u00eau tr\u01b0\u1eddng t\u1ed3n v\u1edbi th\u1eddi gian.<\/p>\n","protected":false},"featured_media":13886,"template":"","meta":{"_acf_changed":false},"product_brand":[],"product_cat":[73,15],"product_tag":[],"class_list":{"0":"post-13894","1":"product","2":"type-product","3":"status-publish","4":"has-post-thumbnail","6":"product_cat-dam-my-ngon-tinh","7":"product_cat-sach-danh-cho-nguoi-lon","9":"first","10":"outofstock","11":"taxable","12":"shipping-taxable","13":"purchasable","14":"product-type-simple"},"supplier_id":null,"supplier_sku":"","barcode":null,"atum_controlled":true,"out_stock_date":"2021-08-04 14:03:10","out_stock_threshold":null,"inheritable":false,"inbound_stock":0,"stock_on_hold":0,"sold_today":0,"sales_last_days":0,"reserved_stock":0,"customer_returns":0,"warehouse_damage":0,"lost_in_post":0,"other_logs":0,"out_stock_days":1638,"lost_sales":0,"has_location":false,"update_date":"2026-01-28T23:10:54","atum_locations":[],"atum_stock_status":"outofstock","restock_status":false,"low_stock_amount":"","sales_update_date":"2026-01-28T23:10:54","calc_backorders":null,"acf":{"publisher":{"ID":1785,"post_author":"1","post_date":"2021-02-17 01:54:46","post_date_gmt":"2021-02-16 23:54:46","post_content":"<!-- wp:flatsome\/uxbuilder -->\n<h1 style=\"text-align: center;\"><strong>AZ VIETNAM<\/strong><\/h1>\n[row]\n\n[col span=\"8\" span__sm=\"12\"]\n\n<p>Th\u00e0nh l\u1eadp n\u0103m: 2015<br \/>V\u1ed1n \u0111\u1ea7u t\u01b0: 4,000,000,000 \u0111\u1ed3ng<br \/><strong>L\u0129nh v\u1ef1c:<\/strong><br \/>- Xu\u1ea5t b\u1ea3n v\u00e0 ph\u00e1t h\u00e0nh v\u0103n h\u00f3a ph\u1ea9m<br \/>- Cung c\u1ea5p v\u0103n h\u00f3a ph\u1ea9m, c\u00e1c s\u1ea3n ph\u1ea9m cho in \u1ea5n, trang thi\u1ebft b\u1ecb cho c\u00e1c th\u01b0 vi\u1ec7n v\u00e0 trung t\u00e2m s\u00e1ch tr\u00ean c\u1ea3 n\u01b0\u1edbc.<br \/>- Th\u1eddi trang v\u00e0 c\u00e1c s\u1ea3n ph\u1ea9m li\u00ean quan \u0111\u1ebfn l\u0129nh v\u1ef1c th\u1eddi trang<br \/>- Xu\u1ea5t nh\u1eadp kh\u1ea9u c\u00e1c s\u1ea3n ph\u1ea9m v\u0103n h\u00f3a<\/p>\n<p><strong>Quy m\u00f4:<\/strong> 60 nh\u00e2n vi\u00ean<br \/>Kh\u1edfi ngu\u1ed3n c\u1ee7a AZ Vi\u1ec7t Nam ng\u00e0y nay l\u00e0 C\u00f4ng ty TNHH Trung t\u00e2m S\u00e1ch v\u00e0 Thi\u1ebft b\u1ecb Th\u01b0 vi\u1ec7n, v\u1edbi ho\u1ea1t \u0111\u1ed9ng \u0111\u1ea7u ti\u00ean l\u00e0 cung c\u1ea5p s\u00e1ch, trang thi\u1ebft b\u1ecb, v\u0103n h\u00f3a ph\u1ea9m cho c\u00e1c th\u01b0 vi\u1ec7n v\u00e0 trung t\u00e2m s\u00e1ch tr\u00ean c\u1ea3 n\u01b0\u1edbc. T\u1eeb cu\u1ed1i n\u0103m 2010 \u0111\u1ebfn nay, ch\u00fang t\u00f4i \u0111\u00e3 kh\u00f4ng ng\u1eebng n\u1ed7 l\u1ef1c khai ph\u00e1 v\u00e0 ph\u00e1t tri\u1ec3n c\u00e1c d\u00f2ng s\u1ea3n ph\u1ea9m m\u1edbi v\u1edbi 8 th\u01b0\u01a1ng hi\u1ec7u uy t\u00edn. \u0110\u1ec3 \u0111\u00e1p \u1ee9ng nhu c\u1ea7u ph\u00e1t tri\u1ec3n ng\u00e0y m\u1ed9t l\u1edbn m\u1ea1nh v\u00e0 t\u1eadp h\u1ee3p c\u00e1c th\u01b0\u01a1ng hi\u1ec7u \u0111\u00e3 \u0111\u01b0\u1ee3c ch\u00fang t\u00f4i x\u00e2y d\u1ef1ng, 2015 C\u00f4ng ty TNHH AZ Vi\u1ec7t Nam \u0111\u00e3 ra \u0111\u1eddi v\u1edbi s\u1ee9 m\u1ec7nh mang \u0111\u1ebfn nhi\u1ec1u h\u01a1n n\u1eefa nh\u1eefng gi\u00e1 tr\u1ecb tinh th\u1ea7n, tri th\u1ee9c ti\u00ean ti\u1ebfn cho ng\u01b0\u1eddi ti\u00eau d\u00f9ng b\u1eb1ng vi\u1ec7c cung c\u1ea5p nh\u1eefng s\u1ea3n ph\u1ea9m c\u00f3 ch\u1ea5t l\u01b0\u1ee3ng.<\/p>\n\n[\/col]\n[col span=\"4\" span__sm=\"12\"]\n\n[ux_image id=\"1836\" image_size=\"medium\"]\n\n\n[\/col]\n\n[\/row]\n\n<!-- \/wp:flatsome\/uxbuilder -->","post_title":"AZ Vi\u1ec7t Nam","post_excerpt":"","post_status":"publish","comment_status":"closed","ping_status":"closed","post_password":"","post_name":"az-viet-nam","to_ping":"","pinged":"","post_modified":"2021-02-17 22:07:10","post_modified_gmt":"2021-02-17 20:07:10","post_content_filtered":"","post_parent":0,"guid":"https:\/\/sachviet.eu\/nha-phat-hanh\/az-viet-nam\/","menu_order":0,"post_type":"publisher","post_mime_type":"","comment_count":"0","filter":"raw"}},"_links":{"self":[{"href":"https:\/\/sachviet.eu\/en\/wp-json\/wp\/v2\/product\/13894","targetHints":{"allow":["GET"]}}],"collection":[{"href":"https:\/\/sachviet.eu\/en\/wp-json\/wp\/v2\/product"}],"about":[{"href":"https:\/\/sachviet.eu\/en\/wp-json\/wp\/v2\/types\/product"}],"wp:featuredmedia":[{"embeddable":true,"href":"https:\/\/sachviet.eu\/en\/wp-json\/wp\/v2\/media\/13886"}],"wp:attachment":[{"href":"https:\/\/sachviet.eu\/en\/wp-json\/wp\/v2\/media?parent=13894"}],"wp:term":[{"taxonomy":"product_brand","embeddable":true,"href":"https:\/\/sachviet.eu\/en\/wp-json\/wp\/v2\/product_brand?post=13894"},{"taxonomy":"product_cat","embeddable":true,"href":"https:\/\/sachviet.eu\/en\/wp-json\/wp\/v2\/product_cat?post=13894"},{"taxonomy":"product_tag","embeddable":true,"href":"https:\/\/sachviet.eu\/en\/wp-json\/wp\/v2\/product_tag?post=13894"}],"curies":[{"name":"wp","href":"https:\/\/api.w.org\/{rel}","templated":true}]}}