{"id":13885,"date":"2021-07-02T21:08:10","date_gmt":"2021-07-02T18:08:10","guid":{"rendered":"https:\/\/sachviet.eu\/shop\/cao-thu-doi-den-thay-trang-tap-2\/"},"modified":"2021-07-03T16:19:15","modified_gmt":"2021-07-03T13:19:15","slug":"cao-thu-doi-den-thay-trang-tap-2","status":"publish","type":"product","link":"https:\/\/sachviet.eu\/en\/shop\/cao-thu-doi-den-thay-trang-tap-2\/","title":{"rendered":"Cao Th\u1ee7 \u201c\u0110\u1ed5i \u0110en Thay Tr\u1eafng\u201d &#8211; T\u1eadp 2"},"content":{"rendered":"<p>M\u1ed9t hacker t\u00e0i gi\u1ecfi b\u1ecb Ch\u1ee7 Th\u1ea7n ch\u1ecdn tr\u00fang, \u0111\u01b0a \u0111i l\u00e0m nh\u00e2n v\u1eadt ph\u1ea3n di\u1ec7n su\u1ed1t m\u1ea5y tr\u0103m ng\u00e0n ki\u1ebfp, kh\u00f4ng ki\u1ebfp n\u00e0o l\u00e0 kh\u00f4ng ph\u1ea3i ch\u1ea1y nh\u01b0 \u0111i\u00ean tr\u00ean con \u0111\u01b0\u1eddng t\u00ecm \u0111\u1ebfn c\u00e1i ch\u1ebft, r\u01a1i v\u00e0o k\u1ebft c\u1ee5c bi th\u1ea3m.<\/p>\n<p>Khi r\u1ed1t cu\u1ed9c tho\u00e1t kh\u1ecfi s\u1ef1 kh\u1ed1ng ch\u1ebf c\u1ee7a h\u1ec7 th\u1ed1ng ph\u1ea3n di\u1ec7n, h\u1eafn quy\u1ebft \u0111\u1ecbnh b\u00e1o th\u00f9, \u0111\u00e1nh bay c\u1eb7n b\u00e3, thay \u0111\u1ed5i v\u1eadn m\u1ec7nh. D\u00f9 n\u1ed9i t\u00e2m c\u00f3 r\u1eefa n\u00e1t nh\u01b0 th\u1ebf n\u00e0o \u0111i ch\u0103ng n\u1eefa, th\u00ec ngo\u00e0i m\u1eb7t, h\u1eafn v\u1eabn ph\u1ea3i lu\u00f4n \u0111\u1ee9ng tr\u00ean chu\u1ea9n m\u1ef1c \u0111\u1ea1o \u0111\u1ee9c cao nh\u1ea5t.<\/p>\n<p>\u0110\u00f4i n\u00e9t t\u00e1c gi\u1ea3<\/p>\n<p>Phong Th\u01b0 L\u01b0u Ng\u1ed1c<\/p>\n<p>T\u00e1c gi\u1ea3 v\u0103n h\u1ecdc m\u1ea1ng T\u1ea5n Giang.<\/p>\n<p>N\u01a1i \u1edf: H\u1ed3 Nam.<\/p>\n<p>M\u1ed9t s\u1ed1 t\u00e1c ph\u1ea9m ti\u00eau bi\u1ec1u: Cao th\u1ee7 &#8220;\u0111\u1ed5i \u0111en thay tr\u1eafng&#8221;, Linh m\u00f4i (t\u1ea1m d\u1ecbch), H\u1eefu Xu (t\u1ea1m d\u1ecbch)&#8230;<\/p>\n","protected":false},"excerpt":{"rendered":"<p>M\u1ed9t hacker t\u00e0i gi\u1ecfi b\u1ecb Ch\u1ee7 Th\u1ea7n ch\u1ecdn tr\u00fang, \u0111\u01b0a \u0111i l\u00e0m nh\u00e2n v\u1eadt ph\u1ea3n di\u1ec7n su\u1ed1t m\u1ea5y tr\u0103m ng\u00e0n ki\u1ebfp, kh\u00f4ng ki\u1ebfp n\u00e0o l\u00e0 kh\u00f4ng ph\u1ea3i ch\u1ea1y nh\u01b0 \u0111i\u00ean tr\u00ean con \u0111\u01b0\u1eddng t\u00ecm \u0111\u1ebfn c\u00e1i ch\u1ebft, r\u01a1i v\u00e0o k\u1ebft c\u1ee5c bi th\u1ea3m.<\/p>\n<p>Khi r\u1ed1t cu\u1ed9c tho\u00e1t kh\u1ecfi s\u1ef1 kh\u1ed1ng ch\u1ebf c\u1ee7a h\u1ec7 th\u1ed1ng ph\u1ea3n di\u1ec7n, h\u1eafn quy\u1ebft \u0111\u1ecbnh b\u00e1o th\u00f9, \u0111\u00e1nh bay c\u1eb7n b\u00e3, thay \u0111\u1ed5i v\u1eadn m\u1ec7nh. D\u00f9 n\u1ed9i t\u00e2m c\u00f3 r\u1eefa n\u00e1t nh\u01b0 th\u1ebf n\u00e0o \u0111i ch\u0103ng n\u1eefa, th\u00ec ngo\u00e0i m\u1eb7t, h\u1eafn v\u1eabn ph\u1ea3i lu\u00f4n \u0111\u1ee9ng tr\u00ean chu\u1ea9n m\u1ef1c \u0111\u1ea1o \u0111\u1ee9c cao nh\u1ea5t.<\/p>\n","protected":false},"featured_media":13883,"template":"","meta":{"_acf_changed":false},"product_brand":[],"product_cat":[73,15],"product_tag":[],"class_list":{"0":"post-13885","1":"product","2":"type-product","3":"status-publish","4":"has-post-thumbnail","6":"product_cat-dam-my-ngon-tinh","7":"product_cat-sach-danh-cho-nguoi-lon","9":"first","10":"outofstock","11":"taxable","12":"shipping-taxable","13":"purchasable","14":"product-type-simple"},"supplier_id":null,"supplier_sku":"","barcode":null,"atum_controlled":true,"out_stock_date":"2021-07-03 13:19:15","out_stock_threshold":null,"inheritable":false,"inbound_stock":0,"stock_on_hold":0,"sold_today":0,"sales_last_days":0,"reserved_stock":0,"customer_returns":0,"warehouse_damage":0,"lost_in_post":0,"other_logs":0,"out_stock_days":1670,"lost_sales":0,"has_location":false,"update_date":"2026-01-28T23:10:54","atum_locations":[],"atum_stock_status":"outofstock","restock_status":false,"low_stock_amount":"","sales_update_date":"2026-01-28T23:10:54","calc_backorders":null,"acf":{"publisher":{"ID":11328,"post_author":"1","post_date":"2021-06-03 01:48:59","post_date_gmt":"2021-06-02 22:48:59","post_content":"","post_title":"ZGROUP","post_excerpt":"","post_status":"publish","comment_status":"closed","ping_status":"closed","post_password":"","post_name":"zgroup","to_ping":"","pinged":"","post_modified":"2021-06-03 01:48:59","post_modified_gmt":"2021-06-02 22:48:59","post_content_filtered":"","post_parent":0,"guid":"https:\/\/sachviet.eu\/nha-phat-hanh\/zgroup\/","menu_order":0,"post_type":"publisher","post_mime_type":"","comment_count":"0","filter":"raw"}},"_links":{"self":[{"href":"https:\/\/sachviet.eu\/en\/wp-json\/wp\/v2\/product\/13885","targetHints":{"allow":["GET"]}}],"collection":[{"href":"https:\/\/sachviet.eu\/en\/wp-json\/wp\/v2\/product"}],"about":[{"href":"https:\/\/sachviet.eu\/en\/wp-json\/wp\/v2\/types\/product"}],"wp:featuredmedia":[{"embeddable":true,"href":"https:\/\/sachviet.eu\/en\/wp-json\/wp\/v2\/media\/13883"}],"wp:attachment":[{"href":"https:\/\/sachviet.eu\/en\/wp-json\/wp\/v2\/media?parent=13885"}],"wp:term":[{"taxonomy":"product_brand","embeddable":true,"href":"https:\/\/sachviet.eu\/en\/wp-json\/wp\/v2\/product_brand?post=13885"},{"taxonomy":"product_cat","embeddable":true,"href":"https:\/\/sachviet.eu\/en\/wp-json\/wp\/v2\/product_cat?post=13885"},{"taxonomy":"product_tag","embeddable":true,"href":"https:\/\/sachviet.eu\/en\/wp-json\/wp\/v2\/product_tag?post=13885"}],"curies":[{"name":"wp","href":"https:\/\/api.w.org\/{rel}","templated":true}]}}