{"id":13878,"date":"2021-07-02T21:07:49","date_gmt":"2021-07-02T18:07:49","guid":{"rendered":"https:\/\/sachviet.eu\/shop\/a-no-tap-1\/"},"modified":"2021-09-03T01:29:24","modified_gmt":"2021-09-02T22:29:24","slug":"a-no-tap-1","status":"publish","type":"product","link":"https:\/\/sachviet.eu\/en\/shop\/a-no-tap-1\/","title":{"rendered":"\u00c1 N\u00f4 &#8211; T\u1eadp 1"},"content":{"rendered":"<p>\u00c1 N\u00f4 &#8211; T\u1eadp 1<\/p>\n<p>Qu\u00e2n Huy\u1ec1n Ki\u00eau &#8211; Tr\u1ea5n B\u1eafc V\u01b0\u01a1ng quen th\u00f3i tr\u0103ng hoa, nam n\u1eef kh\u00f4ng ch\u00ea, t\u00ednh c\u00e1ch hung t\u00e0n kh\u00f4ng g\u00ec s\u00e1nh n\u1ed5i. Ch\u00edn ng\u01b0\u1eddi thi\u1ebfp h\u1eafn c\u01b0\u1edbi v\u1ec1 kh\u00f4ng m\u1ed9t ai s\u1ed1ng s\u00f3t.<\/p>\n<p>Th\u1ea9m Ng\u1ecdc &#8211; N\u00f4 b\u1ed9c c\u00e2m \u0111\u01b0\u1ee3c tr\u1eddi ph\u00fa cho m\u1ed9t v\u1ebb \u0111\u1eb9p t\u1ef1a nh\u01b0 ti\u00ean gi\u00e1ng tr\u1ea7n nh\u01b0ng ch\u1eb3ng may l\u1ea1i b\u1ecb c\u00e2m. Y \u0111\u01b0\u1ee3c d\u1ea1y d\u1ed7 \u0111\u1ec3 h\u1ea7u h\u1ea1 ng\u01b0\u1eddi kh\u00e1c r\u1ed3i b\u1ecb b\u1eaft l\u00e0m th\u1ebf th\u00e2n cho ti\u1ec3u th\u01b0, \u0111\u01b0a \u0111\u1ebfn qu\u00fd ph\u1ee7 c\u1ee7a V\u01b0\u01a1ng gia bi\u1ebfn th\u00e1i.<\/p>\n<p>Th\u1ea9m Ng\u1ecdc v\u00e0o n\u01a1i \u1ea5y ch\u1eb3ng kh\u00e1c g\u00ec b\u01b0\u1edbc m\u1ed9t ch\u00e2n v\u00e0o \u0111\u1ecba ng\u1ee5c. Li\u1ec7u s\u1ed1 ph\u1eadn c\u1ee7a y c\u00f3 kh\u00e1c v\u1edbi nh\u1eefng ng\u01b0\u1eddi thi\u1ebfp tr\u01b0\u1edbc c\u1ee7a V\u01b0\u01a1ng gia kh\u00f4ng?<\/p>\n","protected":false},"excerpt":{"rendered":"<p>Qu\u00e2n Huy\u1ec1n Ki\u00eau &#8211; Tr\u1ea5n B\u1eafc V\u01b0\u01a1ng quen th\u00f3i tr\u0103ng hoa, nam n\u1eef kh\u00f4ng ch\u00ea, t\u00ednh c\u00e1ch hung t\u00e0n kh\u00f4ng g\u00ec s\u00e1nh n\u1ed5i. Ch\u00edn ng\u01b0\u1eddi thi\u1ebfp h\u1eafn c\u01b0\u1edbi v\u1ec1 kh\u00f4ng m\u1ed9t ai s\u1ed1ng s\u00f3t.<\/p>\n<p>Th\u1ea9m Ng\u1ecdc &#8211; N\u00f4 b\u1ed9c c\u00e2m \u0111\u01b0\u1ee3c tr\u1eddi ph\u00fa cho m\u1ed9t v\u1ebb \u0111\u1eb9p t\u1ef1a nh\u01b0 ti\u00ean gi\u00e1ng tr\u1ea7n nh\u01b0ng ch\u1eb3ng may l\u1ea1i b\u1ecb c\u00e2m. Y \u0111\u01b0\u1ee3c d\u1ea1y d\u1ed7 \u0111\u1ec3 h\u1ea7u h\u1ea1 ng\u01b0\u1eddi kh\u00e1c r\u1ed3i b\u1ecb b\u1eaft l\u00e0m th\u1ebf th\u00e2n cho ti\u1ec3u th\u01b0, \u0111\u01b0a \u0111\u1ebfn qu\u00fd ph\u1ee7 c\u1ee7a V\u01b0\u01a1ng gia bi\u1ebfn th\u00e1i.<\/p>\n<p>Th\u1ea9m Ng\u1ecdc v\u00e0o n\u01a1i \u1ea5y ch\u1eb3ng kh\u00e1c g\u00ec b\u01b0\u1edbc m\u1ed9t ch\u00e2n v\u00e0o \u0111\u1ecba ng\u1ee5c. Li\u1ec7u s\u1ed1 ph\u1eadn c\u1ee7a y c\u00f3 kh\u00e1c v\u1edbi nh\u1eefng ng\u01b0\u1eddi thi\u1ebfp tr\u01b0\u1edbc c\u1ee7a V\u01b0\u01a1ng gia kh\u00f4ng?<\/p>\n","protected":false},"featured_media":13874,"template":"","meta":{"_acf_changed":false},"product_brand":[],"product_cat":[73,29,15],"product_tag":[],"class_list":{"0":"post-13878","1":"product","2":"type-product","3":"status-publish","4":"has-post-thumbnail","6":"product_cat-dam-my-ngon-tinh","7":"product_cat-manga-comics","8":"product_cat-sach-danh-cho-nguoi-lon","10":"first","11":"instock","12":"taxable","13":"shipping-taxable","14":"purchasable","15":"product-type-simple"},"supplier_id":null,"supplier_sku":"","barcode":null,"atum_controlled":true,"out_stock_date":null,"out_stock_threshold":null,"inheritable":false,"inbound_stock":0,"stock_on_hold":0,"sold_today":0,"sales_last_days":0,"reserved_stock":0,"customer_returns":0,"warehouse_damage":0,"lost_in_post":0,"other_logs":0,"out_stock_days":0,"lost_sales":0,"has_location":false,"update_date":"2026-01-28T23:10:53","atum_locations":[],"atum_stock_status":"instock","restock_status":false,"low_stock_amount":"","sales_update_date":"2026-01-28T23:10:53","calc_backorders":null,"acf":{"publisher":{"ID":1785,"post_author":"1","post_date":"2021-02-17 01:54:46","post_date_gmt":"2021-02-16 23:54:46","post_content":"<!-- wp:flatsome\/uxbuilder -->\n<h1 style=\"text-align: center;\"><strong>AZ VIETNAM<\/strong><\/h1>\n[row]\n\n[col span=\"8\" span__sm=\"12\"]\n\n<p>Th\u00e0nh l\u1eadp n\u0103m: 2015<br \/>V\u1ed1n \u0111\u1ea7u t\u01b0: 4,000,000,000 \u0111\u1ed3ng<br \/><strong>L\u0129nh v\u1ef1c:<\/strong><br \/>- Xu\u1ea5t b\u1ea3n v\u00e0 ph\u00e1t h\u00e0nh v\u0103n h\u00f3a ph\u1ea9m<br \/>- Cung c\u1ea5p v\u0103n h\u00f3a ph\u1ea9m, c\u00e1c s\u1ea3n ph\u1ea9m cho in \u1ea5n, trang thi\u1ebft b\u1ecb cho c\u00e1c th\u01b0 vi\u1ec7n v\u00e0 trung t\u00e2m s\u00e1ch tr\u00ean c\u1ea3 n\u01b0\u1edbc.<br \/>- Th\u1eddi trang v\u00e0 c\u00e1c s\u1ea3n ph\u1ea9m li\u00ean quan \u0111\u1ebfn l\u0129nh v\u1ef1c th\u1eddi trang<br \/>- Xu\u1ea5t nh\u1eadp kh\u1ea9u c\u00e1c s\u1ea3n ph\u1ea9m v\u0103n h\u00f3a<\/p>\n<p><strong>Quy m\u00f4:<\/strong> 60 nh\u00e2n vi\u00ean<br \/>Kh\u1edfi ngu\u1ed3n c\u1ee7a AZ Vi\u1ec7t Nam ng\u00e0y nay l\u00e0 C\u00f4ng ty TNHH Trung t\u00e2m S\u00e1ch v\u00e0 Thi\u1ebft b\u1ecb Th\u01b0 vi\u1ec7n, v\u1edbi ho\u1ea1t \u0111\u1ed9ng \u0111\u1ea7u ti\u00ean l\u00e0 cung c\u1ea5p s\u00e1ch, trang thi\u1ebft b\u1ecb, v\u0103n h\u00f3a ph\u1ea9m cho c\u00e1c th\u01b0 vi\u1ec7n v\u00e0 trung t\u00e2m s\u00e1ch tr\u00ean c\u1ea3 n\u01b0\u1edbc. T\u1eeb cu\u1ed1i n\u0103m 2010 \u0111\u1ebfn nay, ch\u00fang t\u00f4i \u0111\u00e3 kh\u00f4ng ng\u1eebng n\u1ed7 l\u1ef1c khai ph\u00e1 v\u00e0 ph\u00e1t tri\u1ec3n c\u00e1c d\u00f2ng s\u1ea3n ph\u1ea9m m\u1edbi v\u1edbi 8 th\u01b0\u01a1ng hi\u1ec7u uy t\u00edn. \u0110\u1ec3 \u0111\u00e1p \u1ee9ng nhu c\u1ea7u ph\u00e1t tri\u1ec3n ng\u00e0y m\u1ed9t l\u1edbn m\u1ea1nh v\u00e0 t\u1eadp h\u1ee3p c\u00e1c th\u01b0\u01a1ng hi\u1ec7u \u0111\u00e3 \u0111\u01b0\u1ee3c ch\u00fang t\u00f4i x\u00e2y d\u1ef1ng, 2015 C\u00f4ng ty TNHH AZ Vi\u1ec7t Nam \u0111\u00e3 ra \u0111\u1eddi v\u1edbi s\u1ee9 m\u1ec7nh mang \u0111\u1ebfn nhi\u1ec1u h\u01a1n n\u1eefa nh\u1eefng gi\u00e1 tr\u1ecb tinh th\u1ea7n, tri th\u1ee9c ti\u00ean ti\u1ebfn cho ng\u01b0\u1eddi ti\u00eau d\u00f9ng b\u1eb1ng vi\u1ec7c cung c\u1ea5p nh\u1eefng s\u1ea3n ph\u1ea9m c\u00f3 ch\u1ea5t l\u01b0\u1ee3ng.<\/p>\n\n[\/col]\n[col span=\"4\" span__sm=\"12\"]\n\n[ux_image id=\"1836\" image_size=\"medium\"]\n\n\n[\/col]\n\n[\/row]\n\n<!-- \/wp:flatsome\/uxbuilder -->","post_title":"AZ Vi\u1ec7t Nam","post_excerpt":"","post_status":"publish","comment_status":"closed","ping_status":"closed","post_password":"","post_name":"az-viet-nam","to_ping":"","pinged":"","post_modified":"2021-02-17 22:07:10","post_modified_gmt":"2021-02-17 20:07:10","post_content_filtered":"","post_parent":0,"guid":"https:\/\/sachviet.eu\/nha-phat-hanh\/az-viet-nam\/","menu_order":0,"post_type":"publisher","post_mime_type":"","comment_count":"0","filter":"raw"}},"_links":{"self":[{"href":"https:\/\/sachviet.eu\/en\/wp-json\/wp\/v2\/product\/13878","targetHints":{"allow":["GET"]}}],"collection":[{"href":"https:\/\/sachviet.eu\/en\/wp-json\/wp\/v2\/product"}],"about":[{"href":"https:\/\/sachviet.eu\/en\/wp-json\/wp\/v2\/types\/product"}],"wp:featuredmedia":[{"embeddable":true,"href":"https:\/\/sachviet.eu\/en\/wp-json\/wp\/v2\/media\/13874"}],"wp:attachment":[{"href":"https:\/\/sachviet.eu\/en\/wp-json\/wp\/v2\/media?parent=13878"}],"wp:term":[{"taxonomy":"product_brand","embeddable":true,"href":"https:\/\/sachviet.eu\/en\/wp-json\/wp\/v2\/product_brand?post=13878"},{"taxonomy":"product_cat","embeddable":true,"href":"https:\/\/sachviet.eu\/en\/wp-json\/wp\/v2\/product_cat?post=13878"},{"taxonomy":"product_tag","embeddable":true,"href":"https:\/\/sachviet.eu\/en\/wp-json\/wp\/v2\/product_tag?post=13878"}],"curies":[{"name":"wp","href":"https:\/\/api.w.org\/{rel}","templated":true}]}}