{"id":13873,"date":"2021-07-02T21:07:36","date_gmt":"2021-07-02T18:07:36","guid":{"rendered":"https:\/\/sachviet.eu\/shop\/tui-ship-doi-thu-x-tui\/"},"modified":"2021-07-03T16:19:15","modified_gmt":"2021-07-03T13:19:15","slug":"tui-ship-doi-thu-x-tui","status":"publish","type":"product","link":"https:\/\/sachviet.eu\/en\/shop\/tui-ship-doi-thu-x-tui\/","title":{"rendered":"Tui Ship \u0110\u1ed1i Th\u1ee7 X Tui"},"content":{"rendered":"<p>V\u1ec7 Ng\u00f4n T\u1eed l\u00e0 m\u1ed9t idol h\u1ea1ng ba, nh\u01b0ng v\u00ec di\u1ec5n xu\u1ea5t k\u00e9m n\u00ean th\u01b0\u1eddng xuy\u00ean b\u1ecb c\u01b0 d\u00e2n m\u1ea1ng nh\u1ea1o b\u00e1ng. C\u1ed1 Y L\u01b0\u01a1ng l\u00e0 \u0111\u1ed1i th\u1ee7 c\u1ee7a V\u1ec7 Ng\u00f4n T\u1eed, v\u1eeba \u0111\u1eb9p trai l\u1ea1i v\u1eeba c\u00f3 t\u00e0i n\u0103ng, hai ng\u01b0\u1eddi th\u01b0\u1eddng xuy\u00ean b\u1ecb \u0111em ra so s\u00e1nh, khi\u1ebfn V\u1ec7 Ng\u00f4n T\u1eed l\u1ea1i c\u00e0ng b\u1ecb antifan b\u00f4i nh\u1ecd c\u01b0\u1eddi ch\u00ea.<\/p>\n<p>B\u1eaft \u0111\u1ea7u t\u1eeb m\u1ed9t c\u00e1i tag weibo c\u1ee7a fan, V\u1ec7 Ng\u00f4n T\u1eed t\u00ecnh c\u1edd ph\u00e1t hi\u1ec7n h\u00f3a ra m\u00ecnh v\u00e0 C\u1ed1 Y L\u01b0\u01a1ng c\u00f2n c\u00f3 c\u1ea3 fan couple. M\u00e0 trong th\u1ebf gi\u1edbi \u1ea5y, cu\u1ed1i c\u00f9ng V\u1ec7 Ng\u00f4n T\u1eed c\u0169ng kh\u00f4ng c\u00f2n b\u1ecb coi l\u00e0 k\u1ebb ti\u1ec3u nh\u00e2n b\u1ec9 \u1ed5i, c\u1eadu c\u1ea3m nh\u1eadn \u0111\u01b0\u1ee3c t\u00ecnh c\u1ea3m \u1ea5m \u00e1p \u0111\u1ebfn t\u1eeb nh\u1eefng c\u00f4 b\u00e9 xem c\u1eadu nh\u01b0 m\u1ed9t b\u1ea3o b\u1ed1i nh\u1ecf c\u1ed1ng hi\u1ebfn h\u1ebft m\u00ecnh v\u00ec t\u00ecnh y\u00eau, t\u1eeb \u0111\u00f3 \u0111\u1eafm ch\u00ecm trong th\u00fa vui g\u1eb7m hint, tr\u1edf th\u00e0nh fan couple c\u1ee7a ch\u00ednh m\u00ecnh v\u00e0 \u0111\u1ed1i th\u1ee7.<\/p>\n<p>C\u0169ng ch\u00ednh l\u00fac n\u00e0y, V\u1ec7 Ng\u00f4n T\u1eed c\u00f9ng C\u1ed1 Y L\u01b0\u01a1ng l\u1ea1i b\u1ea5t ng\u1edd h\u1ee3p t\u00e1c trong m\u1ed9t b\u1ed9 phim, hai ng\u01b0\u1eddi trong qu\u00e1 tr\u00ecnh ti\u1ebfp x\u00fac d\u1ea7n d\u1ea7n nh\u1eadn ra \u0111\u1ed1i th\u1ee7 k\u1ef3 th\u1ef1c ch\u1eb3ng gi\u1ed1ng l\u1eddi \u0111\u1ed3n ch\u00fat n\u00e0o, v\u00ec v\u1eady c\u1ea3 hai \u0111\u1ec1u n\u1ea3y sinh h\u1ea3o c\u1ea3m v\u1edbi \u0111\u1ed1i ph\u01b0\u01a1ng, cu\u1ed1i c\u00f9ng ph\u00e1t tri\u1ec3n th\u00e0nh m\u1ed9t chu\u1ed7i nh\u1eefng c\u00e2u chuy\u1ec7n v\u1eeba ng\u1ecdt ng\u00e0o \u0111\u00e1ng y\u00eau l\u1ea1i v\u00f4 c\u00f9ng h\u00e0i h\u01b0\u1edbc.<\/p>\n<p>\u201cTui ship \u0111\u00f4i th\u1ee7 x tui\u201d \u2013 cu\u1ed1n ti\u1ec3u thuy\u1ebft l\u00e0m n\u00ean t\u00ean tu\u1ed5i c\u1ee7a t\u00e1c gi\u1ea3 9x PEPA. Thu h\u00fat nhi\u1ec1u s\u1ef1 quan tam t\u1eeb \u0111\u1ed9c gi\u1ea3, \u0111\u1ed3ng th\u1eddi c\u0169ng l\u00e0 t\u00e1c ph\u1ea9m \u0111\u1ee9ng \u0111\u1ea7u b\u1ea3ng x\u1ebfp h\u1ea1ng c\u1ee7a m\u1ea1ng v\u0103n h\u1ecdc Tr\u01b0\u1eddng B\u1ed9i su\u1ed1t nhi\u1ec1u th\u00e1ng li\u00ean ti\u1ebfp.<\/p>\n","protected":false},"excerpt":{"rendered":"<p>V\u1ec7 Ng\u00f4n T\u1eed l\u00e0 m\u1ed9t idol h\u1ea1ng ba, nh\u01b0ng v\u00ec di\u1ec5n xu\u1ea5t k\u00e9m n\u00ean th\u01b0\u1eddng xuy\u00ean b\u1ecb c\u01b0 d\u00e2n m\u1ea1ng nh\u1ea1o b\u00e1ng. C\u1ed1 Y L\u01b0\u01a1ng l\u00e0 \u0111\u1ed1i th\u1ee7 c\u1ee7a V\u1ec7 Ng\u00f4n T\u1eed, v\u1eeba \u0111\u1eb9p trai l\u1ea1i v\u1eeba c\u00f3 t\u00e0i n\u0103ng, hai ng\u01b0\u1eddi th\u01b0\u1eddng xuy\u00ean b\u1ecb \u0111em ra so s\u00e1nh, khi\u1ebfn V\u1ec7 Ng\u00f4n T\u1eed l\u1ea1i c\u00e0ng b\u1ecb antifan b\u00f4i nh\u1ecd c\u01b0\u1eddi ch\u00ea.<\/p>\n<p>B\u1eaft \u0111\u1ea7u t\u1eeb m\u1ed9t c\u00e1i tag weibo c\u1ee7a fan, V\u1ec7 Ng\u00f4n T\u1eed t\u00ecnh c\u1edd ph\u00e1t hi\u1ec7n h\u00f3a ra m\u00ecnh v\u00e0 C\u1ed1 Y L\u01b0\u01a1ng c\u00f2n c\u00f3 c\u1ea3 fan couple. M\u00e0 trong th\u1ebf gi\u1edbi \u1ea5y, cu\u1ed1i c\u00f9ng V\u1ec7 Ng\u00f4n T\u1eed c\u0169ng kh\u00f4ng c\u00f2n b\u1ecb coi l\u00e0 k\u1ebb ti\u1ec3u nh\u00e2n b\u1ec9 \u1ed5i, c\u1eadu c\u1ea3m nh\u1eadn \u0111\u01b0\u1ee3c t\u00ecnh c\u1ea3m \u1ea5m \u00e1p \u0111\u1ebfn t\u1eeb nh\u1eefng c\u00f4 b\u00e9 xem c\u1eadu nh\u01b0 m\u1ed9t b\u1ea3o b\u1ed1i nh\u1ecf c\u1ed1ng hi\u1ebfn h\u1ebft m\u00ecnh v\u00ec t\u00ecnh y\u00eau, t\u1eeb \u0111\u00f3 \u0111\u1eafm ch\u00ecm trong th\u00fa vui g\u1eb7m hint, tr\u1edf th\u00e0nh fan couple c\u1ee7a ch\u00ednh m\u00ecnh v\u00e0 \u0111\u1ed1i th\u1ee7.<\/p>\n<p>C\u0169ng ch\u00ednh l\u00fac n\u00e0y, V\u1ec7 Ng\u00f4n T\u1eed c\u00f9ng C\u1ed1 Y L\u01b0\u01a1ng l\u1ea1i b\u1ea5t ng\u1edd h\u1ee3p t\u00e1c trong m\u1ed9t b\u1ed9 phim, hai ng\u01b0\u1eddi trong qu\u00e1 tr\u00ecnh ti\u1ebfp x\u00fac d\u1ea7n d\u1ea7n nh\u1eadn ra \u0111\u1ed1i th\u1ee7 k\u1ef3 th\u1ef1c ch\u1eb3ng gi\u1ed1ng l\u1eddi \u0111\u1ed3n ch\u00fat n\u00e0o, v\u00ec v\u1eady c\u1ea3 hai \u0111\u1ec1u n\u1ea3y sinh h\u1ea3o c\u1ea3m v\u1edbi \u0111\u1ed1i ph\u01b0\u01a1ng, cu\u1ed1i c\u00f9ng ph\u00e1t tri\u1ec3n th\u00e0nh m\u1ed9t chu\u1ed7i nh\u1eefng c\u00e2u chuy\u1ec7n v\u1eeba ng\u1ecdt ng\u00e0o \u0111\u00e1ng y\u00eau l\u1ea1i v\u00f4 c\u00f9ng h\u00e0i h\u01b0\u1edbc.<\/p>\n<p>\u201cTui ship \u0111\u00f4i th\u1ee7 x tui\u201d \u2013 cu\u1ed1n ti\u1ec3u thuy\u1ebft l\u00e0m n\u00ean t\u00ean tu\u1ed5i c\u1ee7a t\u00e1c gi\u1ea3 9x PEPA. Thu h\u00fat nhi\u1ec1u s\u1ef1 quan tam t\u1eeb \u0111\u1ed9c gi\u1ea3, \u0111\u1ed3ng th\u1eddi c\u0169ng l\u00e0 t\u00e1c ph\u1ea9m \u0111\u1ee9ng \u0111\u1ea7u b\u1ea3ng x\u1ebfp h\u1ea1ng c\u1ee7a m\u1ea1ng v\u0103n h\u1ecdc Tr\u01b0\u1eddng B\u1ed9i su\u1ed1t nhi\u1ec1u th\u00e1ng li\u00ean ti\u1ebfp.<\/p>\n","protected":false},"featured_media":13870,"template":"","meta":{"_acf_changed":false},"product_brand":[],"product_cat":[73,15],"product_tag":[],"class_list":{"0":"post-13873","1":"product","2":"type-product","3":"status-publish","4":"has-post-thumbnail","6":"product_cat-dam-my-ngon-tinh","7":"product_cat-sach-danh-cho-nguoi-lon","9":"first","10":"outofstock","11":"taxable","12":"shipping-taxable","13":"purchasable","14":"product-type-simple"},"supplier_id":null,"supplier_sku":"","barcode":null,"atum_controlled":true,"out_stock_date":"2021-07-03 13:19:15","out_stock_threshold":null,"inheritable":false,"inbound_stock":0,"stock_on_hold":0,"sold_today":0,"sales_last_days":0,"reserved_stock":0,"customer_returns":0,"warehouse_damage":0,"lost_in_post":0,"other_logs":0,"out_stock_days":1670,"lost_sales":0,"has_location":false,"update_date":"2026-01-28T23:10:53","atum_locations":[],"atum_stock_status":"outofstock","restock_status":false,"low_stock_amount":"","sales_update_date":"2026-01-28T23:10:53","calc_backorders":null,"acf":{"publisher":{"ID":1785,"post_author":"1","post_date":"2021-02-17 01:54:46","post_date_gmt":"2021-02-16 23:54:46","post_content":"<!-- wp:flatsome\/uxbuilder -->\n<h1 style=\"text-align: center;\"><strong>AZ VIETNAM<\/strong><\/h1>\n[row]\n\n[col span=\"8\" span__sm=\"12\"]\n\n<p>Th\u00e0nh l\u1eadp n\u0103m: 2015<br \/>V\u1ed1n \u0111\u1ea7u t\u01b0: 4,000,000,000 \u0111\u1ed3ng<br \/><strong>L\u0129nh v\u1ef1c:<\/strong><br \/>- Xu\u1ea5t b\u1ea3n v\u00e0 ph\u00e1t h\u00e0nh v\u0103n h\u00f3a ph\u1ea9m<br \/>- Cung c\u1ea5p v\u0103n h\u00f3a ph\u1ea9m, c\u00e1c s\u1ea3n ph\u1ea9m cho in \u1ea5n, trang thi\u1ebft b\u1ecb cho c\u00e1c th\u01b0 vi\u1ec7n v\u00e0 trung t\u00e2m s\u00e1ch tr\u00ean c\u1ea3 n\u01b0\u1edbc.<br \/>- Th\u1eddi trang v\u00e0 c\u00e1c s\u1ea3n ph\u1ea9m li\u00ean quan \u0111\u1ebfn l\u0129nh v\u1ef1c th\u1eddi trang<br \/>- Xu\u1ea5t nh\u1eadp kh\u1ea9u c\u00e1c s\u1ea3n ph\u1ea9m v\u0103n h\u00f3a<\/p>\n<p><strong>Quy m\u00f4:<\/strong> 60 nh\u00e2n vi\u00ean<br \/>Kh\u1edfi ngu\u1ed3n c\u1ee7a AZ Vi\u1ec7t Nam ng\u00e0y nay l\u00e0 C\u00f4ng ty TNHH Trung t\u00e2m S\u00e1ch v\u00e0 Thi\u1ebft b\u1ecb Th\u01b0 vi\u1ec7n, v\u1edbi ho\u1ea1t \u0111\u1ed9ng \u0111\u1ea7u ti\u00ean l\u00e0 cung c\u1ea5p s\u00e1ch, trang thi\u1ebft b\u1ecb, v\u0103n h\u00f3a ph\u1ea9m cho c\u00e1c th\u01b0 vi\u1ec7n v\u00e0 trung t\u00e2m s\u00e1ch tr\u00ean c\u1ea3 n\u01b0\u1edbc. T\u1eeb cu\u1ed1i n\u0103m 2010 \u0111\u1ebfn nay, ch\u00fang t\u00f4i \u0111\u00e3 kh\u00f4ng ng\u1eebng n\u1ed7 l\u1ef1c khai ph\u00e1 v\u00e0 ph\u00e1t tri\u1ec3n c\u00e1c d\u00f2ng s\u1ea3n ph\u1ea9m m\u1edbi v\u1edbi 8 th\u01b0\u01a1ng hi\u1ec7u uy t\u00edn. \u0110\u1ec3 \u0111\u00e1p \u1ee9ng nhu c\u1ea7u ph\u00e1t tri\u1ec3n ng\u00e0y m\u1ed9t l\u1edbn m\u1ea1nh v\u00e0 t\u1eadp h\u1ee3p c\u00e1c th\u01b0\u01a1ng hi\u1ec7u \u0111\u00e3 \u0111\u01b0\u1ee3c ch\u00fang t\u00f4i x\u00e2y d\u1ef1ng, 2015 C\u00f4ng ty TNHH AZ Vi\u1ec7t Nam \u0111\u00e3 ra \u0111\u1eddi v\u1edbi s\u1ee9 m\u1ec7nh mang \u0111\u1ebfn nhi\u1ec1u h\u01a1n n\u1eefa nh\u1eefng gi\u00e1 tr\u1ecb tinh th\u1ea7n, tri th\u1ee9c ti\u00ean ti\u1ebfn cho ng\u01b0\u1eddi ti\u00eau d\u00f9ng b\u1eb1ng vi\u1ec7c cung c\u1ea5p nh\u1eefng s\u1ea3n ph\u1ea9m c\u00f3 ch\u1ea5t l\u01b0\u1ee3ng.<\/p>\n\n[\/col]\n[col span=\"4\" span__sm=\"12\"]\n\n[ux_image id=\"1836\" image_size=\"medium\"]\n\n\n[\/col]\n\n[\/row]\n\n<!-- \/wp:flatsome\/uxbuilder -->","post_title":"AZ Vi\u1ec7t Nam","post_excerpt":"","post_status":"publish","comment_status":"closed","ping_status":"closed","post_password":"","post_name":"az-viet-nam","to_ping":"","pinged":"","post_modified":"2021-02-17 22:07:10","post_modified_gmt":"2021-02-17 20:07:10","post_content_filtered":"","post_parent":0,"guid":"https:\/\/sachviet.eu\/nha-phat-hanh\/az-viet-nam\/","menu_order":0,"post_type":"publisher","post_mime_type":"","comment_count":"0","filter":"raw"}},"_links":{"self":[{"href":"https:\/\/sachviet.eu\/en\/wp-json\/wp\/v2\/product\/13873","targetHints":{"allow":["GET"]}}],"collection":[{"href":"https:\/\/sachviet.eu\/en\/wp-json\/wp\/v2\/product"}],"about":[{"href":"https:\/\/sachviet.eu\/en\/wp-json\/wp\/v2\/types\/product"}],"wp:featuredmedia":[{"embeddable":true,"href":"https:\/\/sachviet.eu\/en\/wp-json\/wp\/v2\/media\/13870"}],"wp:attachment":[{"href":"https:\/\/sachviet.eu\/en\/wp-json\/wp\/v2\/media?parent=13873"}],"wp:term":[{"taxonomy":"product_brand","embeddable":true,"href":"https:\/\/sachviet.eu\/en\/wp-json\/wp\/v2\/product_brand?post=13873"},{"taxonomy":"product_cat","embeddable":true,"href":"https:\/\/sachviet.eu\/en\/wp-json\/wp\/v2\/product_cat?post=13873"},{"taxonomy":"product_tag","embeddable":true,"href":"https:\/\/sachviet.eu\/en\/wp-json\/wp\/v2\/product_tag?post=13873"}],"curies":[{"name":"wp","href":"https:\/\/api.w.org\/{rel}","templated":true}]}}