{"id":13856,"date":"2021-07-02T21:06:39","date_gmt":"2021-07-02T18:06:39","guid":{"rendered":"https:\/\/sachviet.eu\/shop\/hen-ho-voi-paris-bia-xanh\/"},"modified":"2024-08-12T11:51:20","modified_gmt":"2024-08-12T08:51:20","slug":"hen-ho-voi-paris-bia-xanh","status":"publish","type":"product","link":"https:\/\/sachviet.eu\/en\/shop\/hen-ho-voi-paris-bia-xanh\/","title":{"rendered":"H\u1eb9n H\u00f2 V\u1edbi Paris  (B\u00eca Xanh)"},"content":{"rendered":"<p>V\u1eabn l\u00e3ng m\u1ea1n, nh\u01b0ng s\u00e2u l\u1eafng v\u00e0 th\u1ea5m \u0111\u1eabm ch\u1ea5t s\u1ed1ng l\u1ea1c quan, y\u00eau \u0111\u1eddi, m\u1ed9t l\u1ea7n n\u1eefa Tr\u01b0\u01a1ng Anh Ng\u1ecdc l\u1ea1i cu\u1ed1n \u0111\u1ed9c gi\u1ea3 v\u00e0o nh\u1eefng h\u00e0nh tr\u00ecnh m\u1edbi c\u1ee7a anh v\u1edbi cu\u1ed1n du k\u00fd \u0111\u1ea7y c\u1ea3m x\u00fac, d\u1eef li\u1ec7u v\u00e0 n\u0103ng l\u01b0\u1ee3ng n\u00e0y. D\u01b0\u1edbi ng\u00f2i b\u00fat anh vi\u1ebft, n\u01b0\u1edbc Ph\u00e1p hi\u1ec7n l\u00ean \u0111\u1ea7y m\u01a1 m\u1ed9ng v\u00e0 l\u00e3ng m\u1ea1n, Brazil v\u1edbi nh\u1eefng m\u1ea3ng t\u01b0\u01a1ng ph\u1ea3n m\u1ea1nh m\u1ebd, nh\u1eefng th\u00e0nh ph\u1ed1, l\u00e0ng m\u1ea1c v\u00e0 c\u00e1nh \u0111\u1ed3ng ch\u00e2u \u00c2u c\u00f9ng nh\u1eefng n\u00e9t v\u0103n h\u00f3a, l\u1ecbch s\u1eed v\u00e0 con ng\u01b0\u1eddi \u0111\u01b0\u1ee3c th\u1ec3 hi\u1ec7n m\u1ed9t c\u00e1ch s\u1ed1ng \u0111\u1ed9ng, ch\u00e2n th\u1ef1c v\u00e0 \u0111\u00e1ng y\u00eau. M\u1eddi b\u1ea1n h\u00e3y b\u01b0\u1edbc v\u00e0o cu\u1ed9c h\u00e0nh tr\u00ecnh qua nh\u1eefng v\u00f9ng \u0111\u1ea5t, th\u00e0nh ph\u1ed1 ch\u00e2u \u00c2u, kh\u00e1m ph\u00e1 nh\u1eefng n\u00e9t v\u0103n h\u00f3a, con ng\u01b0\u1eddi v\u00e0 l\u1ecbch s\u1eed theo c\u00e1ch \u0111i c\u1ee7a m\u1ed9t ng\u01b0\u1eddi l\u1eef h\u00e0nh say s\u01b0a v\u1edbi nh\u1eefng chuy\u1ebfn \u0111i kh\u1eafp b\u1ed1n ph\u01b0\u01a1ng tr\u1eddi.<\/p>\n<p>\u0110\u00f4i n\u00e9t t\u00e1c gi\u1ea3<\/p>\n<p>Tr\u01b0\u01a1ng Anh Ng\u1ecdc l\u00e0 g\u01b0\u01a1ng m\u1eb7t quen thu\u1ed9c tr\u00ean c\u00e1c k\u00eanh truy\u1ec1n h\u00ecnh Vi\u1ec7t Nam, \u0111\u1eb7c bi\u1ec7t l\u00e0 c\u00e1c ch\u01b0\u01a1ng tr\u00ecnh b\u00ecnh lu\u1eadn v\u1ec1 b\u00f3ng \u0111\u00e1. Anh l\u00e0 ph\u00f3ng vi\u00ean Vi\u1ec7t Nam \u0111\u1ea7u ti\u00ean v\u00e0 duy nh\u1ea5t cho \u0111\u1ebfn nay \u0111\u01b0\u1ee3c m\u1eddi tham gia cu\u1ed9c b\u1ecf phi\u1ebfu Qu\u1ea3 b\u00f3ng V\u00e0ng nh\u1eb1m b\u1ea7u ra c\u1ea7u th\u1ee7 xu\u1ea5t s\u1eafc nh\u1ea5t th\u1ebf gi\u1edbi trong n\u0103m.<\/p>\n<p>Trong nhi\u1ec1u n\u0103m qua, Anh Ng\u1ecdc \u0111\u01b0\u1ee3c nh\u1eafc t\u1edbi v\u1edbi nh\u1eefng vai tr\u00f2 kh\u00e1c: Nh\u00e0 v\u0103n v\u00e0 ng\u01b0\u1eddi l\u1eef h\u00e0nh. Anh l\u00e0 t\u00e1c gi\u1ea3 c\u1ee7a ba cu\u1ed1n s\u00e1ch du k\u00fd b\u00e1n ch\u1ea1y: N\u01b0\u1edbc \u00dd, c\u00e2u chuy\u1ec7n t\u00ecnh c\u1ee7a t\u00f4i (2012), Ph\u00fat 90++ (2013) v\u00e0 Ngh\u00ecn ng\u00e0y n\u01b0\u1edbc \u00dd, ngh\u00ecn ng\u00e0y y\u00eau (2017). C\u00e1c cu\u1ed1n s\u00e1ch n\u00e0y \u0111\u01b0\u1ee3c xu\u1ea5t b\u1ea3n trong th\u1eddi gian anh \u1edf Vi\u1ec7t Nam, gi\u1eefa c\u00e1c nhi\u1ec7m k\u1ef3 c\u00f4ng t\u00e1c ph\u00f3ng vi\u00ean \u1edf Italia.<\/p>\n<p>Hi\u1ec7n Tr\u01b0\u01a1ng Anh Ng\u1ecdc \u0111ang c\u00f4ng t\u00e1c t\u1ea1i Th\u00f4ng T\u1ea5n X\u00e3 Vi\u1ec7t Nam.<\/p>\n","protected":false},"excerpt":{"rendered":"<p>V\u1eabn l\u00e3ng m\u1ea1n, nh\u01b0ng s\u00e2u l\u1eafng v\u00e0 th\u1ea5m \u0111\u1eabm ch\u1ea5t s\u1ed1ng l\u1ea1c quan, y\u00eau \u0111\u1eddi, m\u1ed9t l\u1ea7n n\u1eefa Tr\u01b0\u01a1ng Anh Ng\u1ecdc l\u1ea1i cu\u1ed1n \u0111\u1ed9c gi\u1ea3 v\u00e0o nh\u1eefng h\u00e0nh tr\u00ecnh m\u1edbi c\u1ee7a anh v\u1edbi cu\u1ed1n du k\u00fd \u0111\u1ea7y c\u1ea3m x\u00fac, d\u1eef li\u1ec7u v\u00e0 n\u0103ng l\u01b0\u1ee3ng n\u00e0y. D\u01b0\u1edbi ng\u00f2i b\u00fat anh vi\u1ebft, n\u01b0\u1edbc Ph\u00e1p hi\u1ec7n l\u00ean \u0111\u1ea7y m\u01a1 m\u1ed9ng v\u00e0 l\u00e3ng m\u1ea1n, Brazil v\u1edbi nh\u1eefng m\u1ea3ng t\u01b0\u01a1ng ph\u1ea3n m\u1ea1nh m\u1ebd, nh\u1eefng th\u00e0nh ph\u1ed1, l\u00e0ng m\u1ea1c v\u00e0 c\u00e1nh \u0111\u1ed3ng ch\u00e2u \u00c2u c\u00f9ng nh\u1eefng n\u00e9t v\u0103n h\u00f3a, l\u1ecbch s\u1eed v\u00e0 con ng\u01b0\u1eddi \u0111\u01b0\u1ee3c th\u1ec3 hi\u1ec7n m\u1ed9t c\u00e1ch s\u1ed1ng \u0111\u1ed9ng, ch\u00e2n th\u1ef1c v\u00e0 \u0111\u00e1ng y\u00eau. M\u1eddi b\u1ea1n h\u00e3y b\u01b0\u1edbc v\u00e0o cu\u1ed9c h\u00e0nh tr\u00ecnh qua nh\u1eefng v\u00f9ng \u0111\u1ea5t, th\u00e0nh ph\u1ed1 ch\u00e2u \u00c2u, kh\u00e1m ph\u00e1 nh\u1eefng n\u00e9t v\u0103n h\u00f3a, con ng\u01b0\u1eddi v\u00e0 l\u1ecbch s\u1eed theo c\u00e1ch \u0111i c\u1ee7a m\u1ed9t ng\u01b0\u1eddi l\u1eef h\u00e0nh say s\u01b0a v\u1edbi nh\u1eefng chuy\u1ebfn \u0111i kh\u1eafp b\u1ed1n ph\u01b0\u01a1ng tr\u1eddi.<\/p>\n","protected":false},"featured_media":13853,"template":"","meta":{"_acf_changed":false},"product_brand":[],"product_cat":[15,47],"product_tag":[],"class_list":{"0":"post-13856","1":"product","2":"type-product","3":"status-publish","4":"has-post-thumbnail","6":"product_cat-sach-danh-cho-nguoi-lon","7":"product_cat-truyen-ngan-tan-van","9":"first","10":"outofstock","11":"taxable","12":"shipping-taxable","13":"purchasable","14":"product-type-simple"},"supplier_id":null,"supplier_sku":"","barcode":null,"atum_controlled":true,"out_stock_date":"2024-08-12 08:51:20","out_stock_threshold":null,"inheritable":false,"inbound_stock":0,"stock_on_hold":0,"sold_today":0,"sales_last_days":0,"reserved_stock":0,"customer_returns":0,"warehouse_damage":0,"lost_in_post":0,"other_logs":0,"out_stock_days":534,"lost_sales":0,"has_location":false,"update_date":"2026-01-28T23:11:22","atum_locations":[],"atum_stock_status":"outofstock","restock_status":false,"low_stock_amount":"","sales_update_date":"2026-01-28T23:11:22","calc_backorders":null,"acf":{"publisher":{"ID":11328,"post_author":"1","post_date":"2021-06-03 01:48:59","post_date_gmt":"2021-06-02 22:48:59","post_content":"","post_title":"ZGROUP","post_excerpt":"","post_status":"publish","comment_status":"closed","ping_status":"closed","post_password":"","post_name":"zgroup","to_ping":"","pinged":"","post_modified":"2021-06-03 01:48:59","post_modified_gmt":"2021-06-02 22:48:59","post_content_filtered":"","post_parent":0,"guid":"https:\/\/sachviet.eu\/nha-phat-hanh\/zgroup\/","menu_order":0,"post_type":"publisher","post_mime_type":"","comment_count":"0","filter":"raw"}},"_links":{"self":[{"href":"https:\/\/sachviet.eu\/en\/wp-json\/wp\/v2\/product\/13856","targetHints":{"allow":["GET"]}}],"collection":[{"href":"https:\/\/sachviet.eu\/en\/wp-json\/wp\/v2\/product"}],"about":[{"href":"https:\/\/sachviet.eu\/en\/wp-json\/wp\/v2\/types\/product"}],"wp:featuredmedia":[{"embeddable":true,"href":"https:\/\/sachviet.eu\/en\/wp-json\/wp\/v2\/media\/13853"}],"wp:attachment":[{"href":"https:\/\/sachviet.eu\/en\/wp-json\/wp\/v2\/media?parent=13856"}],"wp:term":[{"taxonomy":"product_brand","embeddable":true,"href":"https:\/\/sachviet.eu\/en\/wp-json\/wp\/v2\/product_brand?post=13856"},{"taxonomy":"product_cat","embeddable":true,"href":"https:\/\/sachviet.eu\/en\/wp-json\/wp\/v2\/product_cat?post=13856"},{"taxonomy":"product_tag","embeddable":true,"href":"https:\/\/sachviet.eu\/en\/wp-json\/wp\/v2\/product_tag?post=13856"}],"curies":[{"name":"wp","href":"https:\/\/api.w.org\/{rel}","templated":true}]}}