{"id":13852,"date":"2021-07-02T21:06:28","date_gmt":"2021-07-02T18:06:28","guid":{"rendered":"https:\/\/sachviet.eu\/shop\/tam-an-at-binh-an\/"},"modified":"2024-08-18T23:08:41","modified_gmt":"2024-08-18T20:08:41","slug":"tam-an-at-binh-an","status":"publish","type":"product","link":"https:\/\/sachviet.eu\/en\/shop\/tam-an-at-binh-an\/","title":{"rendered":"T\u00e2m An \u1eaet B\u00ecnh An"},"content":{"rendered":"<p>Cu\u1ed9c \u0111\u1eddi kh\u00f4ng ph\u1ea3i l\u00fac n\u00e0o c\u0169ng l\u00e0 c\u00e2u chuy\u1ec7n c\u01b0\u1eddi, n\u00ean mu\u1ed1n s\u1ed1ng vui, m\u1ed7i ng\u01b0\u1eddi c\u1ea7n c\u00f3 ri\u00eang m\u00ecnh m\u1ed9t b\u00ed k\u00edp.<\/p>\n<p>Tr\u1eddi m\u01b0a, coi \u0111\u00f3 l\u00e0 chuy\u1ec7n hay cho c\u1ecf c\u00e2y hoa l\u00e1. M\u01b0a \u0111\u1ee7, hoa bung n\u1edf, ru \u00eam nh\u1eefng b\u1ef1c b\u1ed9i trong l\u00f2ng. Ng\u01b0\u1eddi \u0111\u1eddi quen b\u1ea1c b\u1ebdo, coi \u0111\u00f3 l\u00e0 b\u00e0i h\u1ecdc \u0111\u1ec3 \u0111\u1ed9c l\u1eadp m\u00e0 s\u1ed1ng. T\u1ef1 ch\u1ee7 r\u1ed3i, s\u1ebd h\u1ecdc \u0111\u01b0\u1ee3c c\u00e1ch th\u1ee9 tha cho nh\u1eefng \u00e1i h\u1eadn qu\u1ea9n quanh. \u0110\u01b0\u1eddng c\u00f4ng danh tr\u1eafc tr\u1edf, coi \u0111\u00f3 l\u00e0 b\u1eadc th\u1ec1m \u0111\u1ec3 d\u1eadm b\u01b0\u1edbc t\u1edbi th\u00e0nh c\u00f4ng. G\u1eadp gh\u1ec1nh m\u00e3i, b\u1ea5t c\u00f4ng c\u0169ng th\u00e0nh b\u1ea5t b\u1ea1i, th\u1eafng l\u1ee3i c\u0169ng li\u1ec1n trong tay. T\u00f3m l\u1ea1i, \u0111\u1eddi c\u00f3 ra sao &#8211; l\u00e0 kh\u1ed5 hay vui, l\u00e0 \u0111\u1eafng hay ng\u1ecdt c\u0169ng l\u00e0 t\u00f9y theo t\u00e2m t\u00ednh c\u1ee7a m\u1ed7i ng\u01b0\u1eddi.<\/p>\n<p>L\u00f2ng b\u1ea1n c\u00f3 \u1ea5m \u00e1p, thi\u1ec7n l\u00e0nh, r\u1ed9ng r\u00e3i th\u00ec \u0111\u1eddi m\u1edbi c\u00f3 r\u1ef1c r\u1ee1, tho\u00e1ng \u0111\u00e3ng m\u00e0 y\u00ean vui.<\/p>\n<p>\u201cT\u00e2m an \u1eaft b\u00ecnh an\u201d, cu\u1ed1n s\u00e1ch \u0111\u1ea7u tay c\u1ee7a t\u00e1c Thi\u00ean An th\u01b0\u1eddng \u0111\u01b0\u1ee3c bi\u1ebft t\u1edbi v\u1edbi bi\u1ec7t danh \u201cAnh T\u1ea5m\u201d \u2013 t\u00e1c gi\u1ea3 c\u1ee7a nhi\u1ec1u b\u00e0i vi\u1ebft nghi\u00ean c\u1ee9u m\u1ec7nh s\u1ed1 nh\u00e2n sinh \u0111\u01b0\u1ee3c y\u00eau m\u1ebfn. \u201cT\u00e2m an \u1eaft b\u00ecnh an\u201d ch\u00ednh l\u00e0 b\u00ed k\u00edp \u0111i\u1ec1u ch\u1ec9nh t\u00e2m t\u00ednh m\u00e0 ch\u1eafc h\u1eb3n m\u1ed7i ng\u01b0\u1eddi trong ch\u00fang ta &#8211; d\u00f9 \u1edf b\u1ea5t k\u1ef3 \u0111\u1ed9 tu\u1ed5i n\u00e0o \u0111\u1ec1u c\u1ea7n, \u0111\u1ec3 \u0111\u1ecdc, \u0111\u1ec3 ng\u1eabm v\u00e0 h\u01a1n c\u1ea3 l\u00e0 \u0111\u1ec3 th\u1ef1c h\u00e0nh m\u1ed9t c\u00e1ch s\u1ed1ng:<\/p>\n<p>\u201cT\u00e2m ta nh\u01b0 m\u1eb7t tr\u0103ng. Cu\u1ed9c s\u1ed1ng nh\u01b0 h\u1ed3 n\u01b0\u1edbc. T\u00e2m ta tr\u00f2n th\u00ec ph\u1ea3n chi\u1ebfu trong h\u1ed3 n\u01b0\u1edbc l\u00e0 h\u00ecnh tr\u00f2n. T\u00e2m ta khuy\u1ebft th\u00ec ph\u1ea3n chi\u1ebfu trong h\u1ed3 n\u01b0\u1edbc l\u00e0 h\u00ecnh khuy\u1ebft. N\u00ean n\u1ebfu c\u00f3 th\u1eddi \u0111i\u1ec3m n\u00e0o qu\u00e1 kh\u00f3 kh\u0103n, qu\u00e1 m\u1ecfi m\u1ec7t, qu\u00e1 ch\u00e1n n\u1ea3n, qu\u00e1 \u0111\u1edbn \u0111au. Thay v\u00ec t\u00ecm c\u00e1ch thay \u0111\u1ed5i cu\u1ed9c s\u1ed1ng, thay \u0111\u1ed5i c\u00e1i h\u00ecnh chi\u1ebfu trong h\u1ed3 n\u01b0\u1edbc, h\u00e3y nh\u1eafm m\u1eaft l\u1ea1i, thay \u0111\u1ed5i t\u00e2m th\u00e1i c\u1ee7a b\u1ea3n th\u00e2n m\u00ecnh. Khi \u0111\u00f3 d\u00f9 m\u1ecdi th\u1ee9 v\u1eabn v\u1eady, cu\u1ed9c s\u1ed1ng v\u1eabn bon chen v\u00e0 \u0111\u1ea7y th\u1eed th\u00e1ch. Ta c\u0169ng s\u1ebd v\u1eabn th\u1ea5y, b\u1ea3n t\u00e2m m\u00ecnh \u0111\u01b0\u1ee3c thanh th\u1ea3n v\u00e0 th\u01b0 th\u00e1i h\u01a1n.\u201d<\/p>\n<p>\u201cT\u00e2m an \u1eaft b\u00ecnh an\u201d, t\u00e2m h\u1ed3n b\u1ea1n c\u00f3 t\u1eed t\u1ebf, \u0111\u01b0\u1eddng \u0111i m\u1edbi ngay th\u1eb3ng, g\u1eb7p \u0111\u01b0\u1ee3c ng\u01b0\u1eddi ch\u00e2n th\u00e0nh. Th\u00e2m t\u00e2m b\u1ea1n ki\u00ean c\u01b0\u1eddng, b\u1ea5t khu\u1ea5t m\u1edbi c\u00f3 duy\u00ean g\u1eb7t tr\u00e1i ng\u1ecdt tr\u00ean cao. \u201cT\u00e2m an \u1eaft b\u00ecnh an\u201d, nh\u1edb c\u00e2u n\u00e0y \u1edf trong l\u00f2ng m\u1ed7i khi \u0111\u1eddi b\u00e3o n\u1ed5i, \u0111\u1ec3 kh\u1ecfi ph\u1ea3i tr\u0103n tr\u1edf v\u1edbi nh\u1eefng chuy\u1ec7n bi h\u00e0i c\u1ee7a th\u1ebf gian. \u0110\u1ec3 gi\u1eefa \u0111\u1eddi v\u1ee5ng l\u1ea7y v\u1eabn th\u1ea3n nhi\u00ean r\u0169 m\u00ecnh l\u00e0m m\u1ed9t \u0111\u00f3a sen th\u01a1m y\u00ean t\u1ecbnh.<\/p>\n<p>\u201cT\u00e2m an \u1eaft b\u00ecnh an\u201d. H\u00e3y mang cu\u1ed1n s\u00e1ch n\u00e0y c\u1ee7a \u201cAnh T\u1ea5m\u201d theo b\u1ea1n trong nh\u1eefng n\u0103m th\u00e1ng sau n\u00e0y, \u0111\u1ec3 gi\u00e1 tr\u1ecb c\u1ee7a s\u1ef1 b\u00ecnh an lu\u00f4n tr\u00f2n v\u1eb9n trong t\u00e2m tr\u00ed b\u1ea1n, gi\u00fap b\u1ea1n ti\u1ebfp c\u1eadn nh\u1eefng \u0111\u1eb7c bi\u1ec7t ri\u00eang trong cu\u1ed9c \u0111\u1eddi c\u1ee7a m\u00ecnh. \u0110\u1ec3 qu\u00e1 kh\u1ee9 th\u00f4i l\u00e0 n\u1ed7i bi quan, \u0111\u1ec3 h\u00f4m nay th\u00eam t\u1ef1 tin, \u0111\u1ec3 s\u1ed1ng th\u00eam ng\u00e0y mai l\u00e0 th\u00eam \u0111\u1ed9ng l\u1ef1c&#8230;<\/p>\n<p>\u201cM\u1ed7i ng\u01b0\u1eddi m\u1ed9t m\u1ec7nh s\u1ed1, m\u1ed7i ng\u01b0\u1eddi m\u1ed9t nghi\u1ec7p qu\u1ea3, m\u1ed7i ng\u01b0\u1eddi m\u1ed9t ph\u00fac duy\u00ean ch\u1eb3ng ai gi\u1ed1ng ai. H\u00e3y c\u1ee9 c\u1ed1 g\u1eafng, h\u00e3y c\u1ee9 ki\u00ean c\u01b0\u1eddng, h\u00e3y c\u1ee9 m\u1ea1nh m\u1ebd&#8230; Vinh hoa \u1edf th\u1eddi \u0111i\u1ec3m \u0111\u01b0\u1ee3c vinh hoa. Ph\u00fa qu\u00fd \u1edf \u0111i\u1ec3m x\u1ee9ng \u0111\u00e1ng \u0111\u01b0\u1ee3c ph\u00fa qu\u00fd.\u201d<\/p>\n<p>H\u00e3y c\u1ee9 l\u00e0 ch\u00ednh m\u00ecnh. S\u1ed1ng m\u1ed9t \u0111\u1eddi r\u1ef1c r\u1ee1 v\u00e0 b\u00ecnh ph\u00e0m an y\u00ean!<\/p>\n","protected":false},"excerpt":{"rendered":"<p>Cu\u1ed9c \u0111\u1eddi kh\u00f4ng ph\u1ea3i l\u00fac n\u00e0o c\u0169ng l\u00e0 c\u00e2u chuy\u1ec7n c\u01b0\u1eddi, n\u00ean mu\u1ed1n s\u1ed1ng vui, m\u1ed7i ng\u01b0\u1eddi c\u1ea7n c\u00f3 ri\u00eang m\u00ecnh m\u1ed9t b\u00ed k\u00edp.<\/p>\n<p>Tr\u1eddi m\u01b0a, coi \u0111\u00f3 l\u00e0 chuy\u1ec7n hay cho c\u1ecf c\u00e2y hoa l\u00e1. M\u01b0a \u0111\u1ee7, hoa bung n\u1edf, ru \u00eam nh\u1eefng b\u1ef1c b\u1ed9i trong l\u00f2ng. Ng\u01b0\u1eddi \u0111\u1eddi quen b\u1ea1c b\u1ebdo, coi \u0111\u00f3 l\u00e0 b\u00e0i h\u1ecdc \u0111\u1ec3 \u0111\u1ed9c l\u1eadp m\u00e0 s\u1ed1ng. T\u1ef1 ch\u1ee7 r\u1ed3i, s\u1ebd h\u1ecdc \u0111\u01b0\u1ee3c c\u00e1ch th\u1ee9 tha cho nh\u1eefng \u00e1i h\u1eadn qu\u1ea9n quanh. \u0110\u01b0\u1eddng c\u00f4ng danh tr\u1eafc tr\u1edf, coi \u0111\u00f3 l\u00e0 b\u1eadc th\u1ec1m \u0111\u1ec3 d\u1eadm b\u01b0\u1edbc t\u1edbi th\u00e0nh c\u00f4ng. G\u1eadp gh\u1ec1nh m\u00e3i, b\u1ea5t c\u00f4ng c\u0169ng th\u00e0nh b\u1ea5t b\u1ea1i, th\u1eafng l\u1ee3i c\u0169ng li\u1ec1n trong tay. T\u00f3m l\u1ea1i, \u0111\u1eddi c\u00f3 ra sao &#8211; l\u00e0 kh\u1ed5 hay vui, l\u00e0 \u0111\u1eafng hay ng\u1ecdt c\u0169ng l\u00e0 t\u00f9y theo t\u00e2m t\u00ednh c\u1ee7a m\u1ed7i ng\u01b0\u1eddi.<\/p>\n<p>L\u00f2ng b\u1ea1n c\u00f3 \u1ea5m \u00e1p, thi\u1ec7n l\u00e0nh, r\u1ed9ng r\u00e3i th\u00ec \u0111\u1eddi m\u1edbi c\u00f3 r\u1ef1c r\u1ee1, tho\u00e1ng \u0111\u00e3ng m\u00e0 y\u00ean vui.<\/p>\n<p>\u201cT\u00e2m an \u1eaft b\u00ecnh an\u201d, cu\u1ed1n s\u00e1ch \u0111\u1ea7u tay c\u1ee7a t\u00e1c Thi\u00ean An th\u01b0\u1eddng \u0111\u01b0\u1ee3c bi\u1ebft t\u1edbi v\u1edbi bi\u1ec7t danh \u201cAnh T\u1ea5m\u201d \u2013 t\u00e1c gi\u1ea3 c\u1ee7a nhi\u1ec1u b\u00e0i vi\u1ebft nghi\u00ean c\u1ee9u m\u1ec7nh s\u1ed1 nh\u00e2n sinh \u0111\u01b0\u1ee3c y\u00eau m\u1ebfn. \u201cT\u00e2m an \u1eaft b\u00ecnh an\u201d ch\u00ednh l\u00e0 b\u00ed k\u00edp \u0111i\u1ec1u ch\u1ec9nh t\u00e2m t\u00ednh m\u00e0 ch\u1eafc h\u1eb3n m\u1ed7i ng\u01b0\u1eddi trong ch\u00fang ta &#8211; d\u00f9 \u1edf b\u1ea5t k\u1ef3 \u0111\u1ed9 tu\u1ed5i n\u00e0o \u0111\u1ec1u c\u1ea7n, \u0111\u1ec3 \u0111\u1ecdc, \u0111\u1ec3 ng\u1eabm v\u00e0 h\u01a1n c\u1ea3 l\u00e0 \u0111\u1ec3 th\u1ef1c h\u00e0nh m\u1ed9t c\u00e1ch s\u1ed1ng:<\/p>\n<p>\u201cT\u00e2m ta nh\u01b0 m\u1eb7t tr\u0103ng. Cu\u1ed9c s\u1ed1ng nh\u01b0 h\u1ed3 n\u01b0\u1edbc. T\u00e2m ta tr\u00f2n th\u00ec ph\u1ea3n chi\u1ebfu trong h\u1ed3 n\u01b0\u1edbc l\u00e0 h\u00ecnh tr\u00f2n. T\u00e2m ta khuy\u1ebft th\u00ec ph\u1ea3n chi\u1ebfu trong h\u1ed3 n\u01b0\u1edbc l\u00e0 h\u00ecnh khuy\u1ebft. N\u00ean n\u1ebfu c\u00f3 th\u1eddi \u0111i\u1ec3m n\u00e0o qu\u00e1 kh\u00f3 kh\u0103n, qu\u00e1 m\u1ecfi m\u1ec7t, qu\u00e1 ch\u00e1n n\u1ea3n, qu\u00e1 \u0111\u1edbn \u0111au. Thay v\u00ec t\u00ecm c\u00e1ch thay \u0111\u1ed5i cu\u1ed9c s\u1ed1ng, thay \u0111\u1ed5i c\u00e1i h\u00ecnh chi\u1ebfu trong h\u1ed3 n\u01b0\u1edbc, h\u00e3y nh\u1eafm m\u1eaft l\u1ea1i, thay \u0111\u1ed5i t\u00e2m th\u00e1i c\u1ee7a b\u1ea3n th\u00e2n m\u00ecnh. Khi \u0111\u00f3 d\u00f9 m\u1ecdi th\u1ee9 v\u1eabn v\u1eady, cu\u1ed9c s\u1ed1ng v\u1eabn bon chen v\u00e0 \u0111\u1ea7y th\u1eed th\u00e1ch. Ta c\u0169ng s\u1ebd v\u1eabn th\u1ea5y, b\u1ea3n t\u00e2m m\u00ecnh \u0111\u01b0\u1ee3c thanh th\u1ea3n v\u00e0 th\u01b0 th\u00e1i h\u01a1n.\u201d<\/p>\n<p>\u201cT\u00e2m an \u1eaft b\u00ecnh an\u201d, t\u00e2m h\u1ed3n b\u1ea1n c\u00f3 t\u1eed t\u1ebf, \u0111\u01b0\u1eddng \u0111i m\u1edbi ngay th\u1eb3ng, g\u1eb7p \u0111\u01b0\u1ee3c ng\u01b0\u1eddi ch\u00e2n th\u00e0nh. Th\u00e2m t\u00e2m b\u1ea1n ki\u00ean c\u01b0\u1eddng, b\u1ea5t khu\u1ea5t m\u1edbi c\u00f3 duy\u00ean g\u1eb7t tr\u00e1i ng\u1ecdt tr\u00ean cao. \u201cT\u00e2m an \u1eaft b\u00ecnh an\u201d, nh\u1edb c\u00e2u n\u00e0y \u1edf trong l\u00f2ng m\u1ed7i khi \u0111\u1eddi b\u00e3o n\u1ed5i, \u0111\u1ec3 kh\u1ecfi ph\u1ea3i tr\u0103n tr\u1edf v\u1edbi nh\u1eefng chuy\u1ec7n bi h\u00e0i c\u1ee7a th\u1ebf gian. \u0110\u1ec3 gi\u1eefa \u0111\u1eddi v\u1ee5ng l\u1ea7y v\u1eabn th\u1ea3n nhi\u00ean r\u0169 m\u00ecnh l\u00e0m m\u1ed9t \u0111\u00f3a sen th\u01a1m y\u00ean t\u1ecbnh.<\/p>\n<p>\u201cT\u00e2m an \u1eaft b\u00ecnh an\u201d. H\u00e3y mang cu\u1ed1n s\u00e1ch n\u00e0y c\u1ee7a \u201cAnh T\u1ea5m\u201d theo b\u1ea1n trong nh\u1eefng n\u0103m th\u00e1ng sau n\u00e0y, \u0111\u1ec3 gi\u00e1 tr\u1ecb c\u1ee7a s\u1ef1 b\u00ecnh an lu\u00f4n tr\u00f2n v\u1eb9n trong t\u00e2m tr\u00ed b\u1ea1n, gi\u00fap b\u1ea1n ti\u1ebfp c\u1eadn nh\u1eefng \u0111\u1eb7c bi\u1ec7t ri\u00eang trong cu\u1ed9c \u0111\u1eddi c\u1ee7a m\u00ecnh. \u0110\u1ec3 qu\u00e1 kh\u1ee9 th\u00f4i l\u00e0 n\u1ed7i bi quan, \u0111\u1ec3 h\u00f4m nay th\u00eam t\u1ef1 tin, \u0111\u1ec3 s\u1ed1ng th\u00eam ng\u00e0y mai l\u00e0 th\u00eam \u0111\u1ed9ng l\u1ef1c&#8230;<\/p>\n<p>\u201cM\u1ed7i ng\u01b0\u1eddi m\u1ed9t m\u1ec7nh s\u1ed1, m\u1ed7i ng\u01b0\u1eddi m\u1ed9t nghi\u1ec7p qu\u1ea3, m\u1ed7i ng\u01b0\u1eddi m\u1ed9t ph\u00fac duy\u00ean ch\u1eb3ng ai gi\u1ed1ng ai. H\u00e3y c\u1ee9 c\u1ed1 g\u1eafng, h\u00e3y c\u1ee9 ki\u00ean c\u01b0\u1eddng, h\u00e3y c\u1ee9 m\u1ea1nh m\u1ebd&#8230; Vinh hoa \u1edf th\u1eddi \u0111i\u1ec3m \u0111\u01b0\u1ee3c vinh hoa. Ph\u00fa qu\u00fd \u1edf \u0111i\u1ec3m x\u1ee9ng \u0111\u00e1ng \u0111\u01b0\u1ee3c ph\u00fa qu\u00fd.\u201d<\/p>\n<p>H\u00e3y c\u1ee9 l\u00e0 ch\u00ednh m\u00ecnh. S\u1ed1ng m\u1ed9t \u0111\u1eddi r\u1ef1c r\u1ee1 v\u00e0 b\u00ecnh ph\u00e0m an y\u00ean!<\/p>\n","protected":false},"featured_media":13846,"template":"","meta":{"_acf_changed":false},"product_brand":[],"product_cat":[15,47],"product_tag":[],"class_list":{"0":"post-13852","1":"product","2":"type-product","3":"status-publish","4":"has-post-thumbnail","6":"product_cat-sach-danh-cho-nguoi-lon","7":"product_cat-truyen-ngan-tan-van","9":"first","10":"outofstock","11":"taxable","12":"shipping-taxable","13":"purchasable","14":"product-type-simple"},"supplier_id":null,"supplier_sku":"","barcode":null,"atum_controlled":true,"out_stock_date":"2024-08-18 20:08:41","out_stock_threshold":null,"inheritable":false,"inbound_stock":0,"stock_on_hold":0,"sold_today":0,"sales_last_days":0,"reserved_stock":0,"customer_returns":0,"warehouse_damage":0,"lost_in_post":0,"other_logs":0,"out_stock_days":528,"lost_sales":0,"has_location":false,"update_date":"2026-01-28T23:11:26","atum_locations":[],"atum_stock_status":"outofstock","restock_status":false,"low_stock_amount":"","sales_update_date":"2026-01-28T23:11:26","calc_backorders":null,"acf":{"publisher":{"ID":1460,"post_author":"1","post_date":"2021-02-17 01:12:24","post_date_gmt":"2021-02-16 23:12:24","post_content":"<!-- wp:flatsome\/uxbuilder -->\n<h1 style=\"text-align: center;\"><strong>Skybooks<\/strong><\/h1>\n[row]\n\n[col span=\"7\" span__sm=\"12\"]\n\n<p>C\u00f4ng ty ph\u00e1t h\u00e0nh s\u00e1ch Skybooks. \"T\u00f4i tr\u1ebb, t\u00f4i \u0111am m\u00ea\" v\u1edbi s\u1ee9 m\u1ec7nh lan to\u1ea3 c\u1ea3m x\u00fac v\u00e0 k\u1ebft n\u1ed1i t\u00e2m h\u1ed3n<\/p>\n<p><strong>Skybooks l\u00e0 c\u00e2u chuy\u1ec7n k\u1ec3 v\u1ec1:<\/strong><br \/>M\u1ed9t th\u1ebf h\u1ec7 ng\u01b0\u1eddi vi\u1ebft tr\u1ebb, \u0111am m\u00ea v\u0103n ch\u01b0\u01a1ng v\u00e0 t\u00f4n tr\u1ecdng, g\u00ecn gi\u1eef, s\u00e1ng t\u1ea1o Ti\u1ebfng Vi\u1ec7t. M\u1ed9t th\u1ebf h\u1ec7 \u0111\u1ed9c gi\u1ea3 tr\u1ebb, \u0111am m\u00ea kh\u00e1m ph\u00e1 ng\u00f4n ng\u1eef v\u00e0 say m\u00ea \u0111\u1ebfn v\u1edbi th\u1ebf gi\u1edbi c\u1ee7a nh\u1eefng quy\u1ec3n s\u00e1ch. M\u1ed9t th\u1ebf h\u1ec7 ng\u01b0\u1eddi l\u00e0m s\u00e1ch tr\u1ebb, \u0111am m\u00ea mang nh\u1eefng gi\u00e1 tr\u1ecb tinh th\u1ea7n l\u1ea1i g\u1ea7n ng\u01b0\u1eddi \u0111\u1ecdc.<br \/>Trong b\u1ed9 nh\u1eadn d\u1ea1ng th\u01b0\u01a1ng hi\u1ec7u:<br \/>Skybooks v\u1edbi ch\u1eef Sky m\u00e0u xanh da tr\u1eddi c\u00f3 \u00fd ngh\u0129a l\u00e0 c\u00f4ng ty B\u1ea7u Tr\u1eddi - n\u01a1i t\u1ea5t c\u1ea3 \u01b0\u1edbc m\u01a1 \u0111\u01b0\u1ee3c t\u1ef1 do tung c\u00e1nh.<br \/>V\u1edbi logo h\u00ecnh hoa b\u1ed3 c\u00f4ng anh \u0111ang bay t\u01b0\u1ee3ng tr\u01b0ng cho s\u1ef1 lan to\u1ea3 c\u1ea3m x\u00fac v\u00e0 kh\u00e1t v\u1ecdng bay cao.<br \/>K\u1ebb v\u1ea1ch logo c\u00f3 n\u1ec1n m\u00e0u ghi x\u00e1m xu\u1ea5t hi\u1ec7n tr\u00ean b\u00eca m\u1ecdi \u1ea5n ph\u1ea9m th\u1ec3 hi\u1ec7n con \u0111\u01b0\u1eddng b\u01b0\u1edbc v\u00e0o th\u1ecb tr\u01b0\u1eddng s\u00e1ch v\u00e0 chinh ph\u1ee5c \u0111\u1ed9c gi\u1ea3 l\u00e0 m\u1ed9t h\u00e0nh tr\u00ecnh d\u00e0i, \u0111\u1ea7y gian kh\u00f3, c\u00f3 nhi\u1ec1u b\u00e3o t\u1ed1, nh\u01b0ng ch\u1ec9 c\u1ea7n n\u1ed7 l\u1ef1c c\u1ed1 g\u1eafng nh\u1ea5t \u0111\u1ecbnh s\u1ebd ngo\u1ea1n m\u1ee5c v\u01b0\u1ee3t qua. \u0110\u1ec3 kh\u1eb3ng \u0111\u1ecbnh v\u00e0 ch\u1ee9ng minh ch\u00ednh m\u00ecnh!<\/p>\n\n[\/col]\n[col span=\"5\" span__sm=\"12\"]\n\n[ux_image id=\"1825\" image_size=\"medium\"]\n\n\n[\/col]\n\n[\/row]\n\n<!-- \/wp:flatsome\/uxbuilder -->","post_title":"Skybooks","post_excerpt":"","post_status":"publish","comment_status":"closed","ping_status":"closed","post_password":"","post_name":"skybooks","to_ping":"","pinged":"","post_modified":"2021-02-17 01:57:31","post_modified_gmt":"2021-02-16 23:57:31","post_content_filtered":"","post_parent":0,"guid":"https:\/\/sachviet.eu\/nha-phat-hanh\/skybooks\/","menu_order":0,"post_type":"publisher","post_mime_type":"","comment_count":"0","filter":"raw"}},"_links":{"self":[{"href":"https:\/\/sachviet.eu\/en\/wp-json\/wp\/v2\/product\/13852","targetHints":{"allow":["GET"]}}],"collection":[{"href":"https:\/\/sachviet.eu\/en\/wp-json\/wp\/v2\/product"}],"about":[{"href":"https:\/\/sachviet.eu\/en\/wp-json\/wp\/v2\/types\/product"}],"wp:featuredmedia":[{"embeddable":true,"href":"https:\/\/sachviet.eu\/en\/wp-json\/wp\/v2\/media\/13846"}],"wp:attachment":[{"href":"https:\/\/sachviet.eu\/en\/wp-json\/wp\/v2\/media?parent=13852"}],"wp:term":[{"taxonomy":"product_brand","embeddable":true,"href":"https:\/\/sachviet.eu\/en\/wp-json\/wp\/v2\/product_brand?post=13852"},{"taxonomy":"product_cat","embeddable":true,"href":"https:\/\/sachviet.eu\/en\/wp-json\/wp\/v2\/product_cat?post=13852"},{"taxonomy":"product_tag","embeddable":true,"href":"https:\/\/sachviet.eu\/en\/wp-json\/wp\/v2\/product_tag?post=13852"}],"curies":[{"name":"wp","href":"https:\/\/api.w.org\/{rel}","templated":true}]}}