{"id":13845,"date":"2021-07-02T21:06:06","date_gmt":"2021-07-02T18:06:06","guid":{"rendered":"https:\/\/sachviet.eu\/shop\/am-may-ngu\/"},"modified":"2021-12-21T15:54:02","modified_gmt":"2021-12-21T13:54:02","slug":"am-may-ngu","status":"publish","type":"product","link":"https:\/\/sachviet.eu\/en\/shop\/am-may-ngu\/","title":{"rendered":"Am M\u00e2y Ng\u1ee7"},"content":{"rendered":"<p>AM M\u00c2Y NG\u1ee6 &#8211; t\u1eadp truy\u1ec7n k\u00fd c\u1ee7a thi\u1ec1n s\u01b0 Th\u00edch Nh\u1ea5t H\u1ea1nh l\u00e0 t\u1eadp h\u1ee3p m\u1ed9t s\u1ed1 t\u00e1c ph\u1ea9m truy\u1ec7n v\u00e0 k\u00fd \u0111\u00e3 \u0111\u01b0\u1ee3c bi\u1ebft \u0111\u1ebfn t\u1eeb l\u00e2u, ph\u1ea7n l\u1edbn k\u1ec3 chuy\u1ec7n tu t\u1eadp c\u1ee7a nh\u00e0 s\u01b0 tr\u1ebb tr\u00ean con \u0111\u01b0\u1eddng d\u1eabn v\u00e0o thi\u1ec1n m\u00f4n. Trong \u0111\u00f3 c\u00f3 hai t\u00e1c ph\u1ea9m \u0111\u01b0\u1ee3c c\u00f4ng ch\u00fang bi\u1ebft \u0111\u1ebfn nhi\u1ec1u nh\u1ea5t, l\u00e0 t\u1ea3n v\u0103n &#8220;B\u00f4ng h\u1ed3ng c\u00e0i \u00e1o&#8221; v\u00e0 truy\u1ec7n d\u00e0i &#8220;Am m\u00e2y ng\u1ee7&#8221;.<br \/>\nRi\u00eang truy\u1ec7n sau, b\u1eb1ng vi\u1ec7c ti\u1ec3u thuy\u1ebft ho\u00e1 cu\u1ed9c \u0111\u1eddi c\u1ee7a C\u00f4ng ch\u00faa Huy\u1ec1n Tr\u00e2n trong cu\u1ed9c h\u00f4n nh\u00e2n mang m\u00e0u s\u1eafc ch\u00ednh tr\u1ecb v\u1edbi Ch\u1ebf M\u00e2n, Vua Chi\u00eam Th\u00e0nh, t\u00e1c gi\u1ea3 \u0111\u01b0a ng\u01b0\u1eddi \u0111\u1ecdc tr\u1edf l\u1ea1i giai \u0111o\u1ea1n l\u1ecbch s\u1eed nhu\u1ed1m m\u00e0u huy\u1ec1n tho\u1ea1i, v\u1edbi h\u00ecnh \u1ea3nh c\u00e1c thi\u1ec1n s\u01b0 trong nh\u1eefng nh\u00e2n v\u1eadt l\u1ecbch s\u1eed Vi\u1ec7t Nam (Vua Tr\u1ea7n Nh\u00e2n T\u00f4ng xu\u1ea5t gia quy \u1ea9n).<br \/>\nL\u1ed3ng trong b\u1ed1i c\u1ea3nh thi\u1ec1n \u1ea5y l\u00e0 c\u1ea3 m\u1ed9t thi\u00ean t\u00ecnh s\u1eed gi\u1eefa Huy\u1ec1n Tr\u00e2n v\u00e0 Vua Ch\u1ebf M\u00e2n, m\u1ed9t cu\u1ed9c t\u00ecnh &#8220;ngo\u1ea1i giao&#8221; \u1edf bu\u1ed5i \u0111\u1ea7u, nh\u01b0ng l\u00e0 v\u1ea5n \u0111\u1ec1 s\u1ed1ng c\u00f2n gi\u1eefa hai con ng\u01b0\u1eddi mang kh\u00e1t v\u1ecdng ho\u00e0 b\u00ecnh, kh\u00e1t v\u1ecdng y\u00eau \u0111\u01b0\u01a1ng.<\/p>\n<p>Ti\u1ebfc thay, ng\u01b0\u1eddi \u0111\u1eddi v\u00e0 c\u1ea3 tri\u1ec1u \u0111\u00ecnh nh\u00e0 Tr\u1ea7n kh\u00f4ng m\u1ea5y ai nh\u00ecn th\u1ea5y c\u00e1i \u1ea9n \u00fd \u1ea5y trong t\u1eebng \u0111\u1ed9ng th\u00e1i ch\u00ednh tr\u1ecb c\u1ee7a Tr\u1ea7n Nh\u00e2n T\u00f4ng &#8211; th\u1eddi b\u1ea5y gi\u1edd \u0111\u00e3 l\u00e0 Tr\u00fac L\u00e2m \u0111\u1ea1i s\u0129. \u0110\u1ec3 r\u1ed3i bao \u01b0\u1edbc v\u1ecdng ho\u00e0 b\u00ecnh v\u00e0 cu\u1ed9c t\u00ecnh l\u1ecbch s\u1eed ph\u00fat ch\u1ed1c v\u1ee5t tan nh\u01b0 m\u00e2y kh\u00f3i ng\u00e0n n\u0103m tr\u00ean \u0111\u1ec9nh Ph\u00f9 V\u00e2n Y\u00ean T\u1eed. Nh\u01b0 th\u1ebf, t\u00e1c gi\u1ea3 \u0111\u00e3 nh\u00ecn m\u1ed9t giai \u0111o\u1ea1n l\u1ecbch s\u1eed d\u00e2n t\u1ed9c v\u1edbi con m\u1eaft nh\u00e0 thi\u1ec1n, v\u00e0 d\u00f9ng t\u1ea5m l\u00f2ng thi\u1ec1n \u0111\u1ec3 c\u1ea3m th\u00f4ng v\u1edbi m\u1ed9t thi\u1ec1n s\u01b0-ho\u00e0ng \u0111\u1ebf\u201d.<\/p>\n<p>(Theo b\u00e1o Lao \u0110\u1ed9ng cu\u1ed1i tu\u1ea7n)<\/p>\n","protected":false},"excerpt":{"rendered":"<p>AM M\u00c2Y NG\u1ee6 &#8211; t\u1eadp truy\u1ec7n k\u00fd c\u1ee7a thi\u1ec1n s\u01b0 Th\u00edch Nh\u1ea5t H\u1ea1nh l\u00e0 t\u1eadp h\u1ee3p m\u1ed9t s\u1ed1 t\u00e1c ph\u1ea9m truy\u1ec7n v\u00e0 k\u00fd \u0111\u00e3 \u0111\u01b0\u1ee3c bi\u1ebft \u0111\u1ebfn t\u1eeb l\u00e2u, ph\u1ea7n l\u1edbn k\u1ec3 chuy\u1ec7n tu t\u1eadp c\u1ee7a nh\u00e0 s\u01b0 tr\u1ebb tr\u00ean con \u0111\u01b0\u1eddng d\u1eabn v\u00e0o thi\u1ec1n m\u00f4n. Trong \u0111\u00f3 c\u00f3 hai t\u00e1c ph\u1ea9m \u0111\u01b0\u1ee3c c\u00f4ng ch\u00fang bi\u1ebft \u0111\u1ebfn nhi\u1ec1u nh\u1ea5t, l\u00e0 t\u1ea3n v\u0103n &#8220;B\u00f4ng h\u1ed3ng c\u00e0i \u00e1o&#8221; v\u00e0 truy\u1ec7n d\u00e0i &#8220;Am m\u00e2y ng\u1ee7&#8221;.<br \/>\nRi\u00eang truy\u1ec7n sau, b\u1eb1ng vi\u1ec7c ti\u1ec3u thuy\u1ebft ho\u00e1 cu\u1ed9c \u0111\u1eddi c\u1ee7a C\u00f4ng ch\u00faa Huy\u1ec1n Tr\u00e2n trong cu\u1ed9c h\u00f4n nh\u00e2n mang m\u00e0u s\u1eafc ch\u00ednh tr\u1ecb v\u1edbi Ch\u1ebf M\u00e2n, Vua Chi\u00eam Th\u00e0nh, t\u00e1c gi\u1ea3 \u0111\u01b0a ng\u01b0\u1eddi \u0111\u1ecdc tr\u1edf l\u1ea1i giai \u0111o\u1ea1n l\u1ecbch s\u1eed nhu\u1ed1m m\u00e0u huy\u1ec1n tho\u1ea1i, v\u1edbi h\u00ecnh \u1ea3nh c\u00e1c thi\u1ec1n s\u01b0 trong nh\u1eefng nh\u00e2n v\u1eadt l\u1ecbch s\u1eed Vi\u1ec7t Nam (Vua Tr\u1ea7n Nh\u00e2n T\u00f4ng xu\u1ea5t gia quy \u1ea9n).<br \/>\nL\u1ed3ng trong b\u1ed1i c\u1ea3nh thi\u1ec1n \u1ea5y l\u00e0 c\u1ea3 m\u1ed9t thi\u00ean t\u00ecnh s\u1eed gi\u1eefa Huy\u1ec1n Tr\u00e2n v\u00e0 Vua Ch\u1ebf M\u00e2n, m\u1ed9t cu\u1ed9c t\u00ecnh &#8220;ngo\u1ea1i giao&#8221; \u1edf bu\u1ed5i \u0111\u1ea7u, nh\u01b0ng l\u00e0 v\u1ea5n \u0111\u1ec1 s\u1ed1ng c\u00f2n gi\u1eefa hai con ng\u01b0\u1eddi mang kh\u00e1t v\u1ecdng ho\u00e0 b\u00ecnh, kh\u00e1t v\u1ecdng y\u00eau \u0111\u01b0\u01a1ng.<\/p>\n<p>Ti\u1ebfc thay, ng\u01b0\u1eddi \u0111\u1eddi v\u00e0 c\u1ea3 tri\u1ec1u \u0111\u00ecnh nh\u00e0 Tr\u1ea7n kh\u00f4ng m\u1ea5y ai nh\u00ecn th\u1ea5y c\u00e1i \u1ea9n \u00fd \u1ea5y trong t\u1eebng \u0111\u1ed9ng th\u00e1i ch\u00ednh tr\u1ecb c\u1ee7a Tr\u1ea7n Nh\u00e2n T\u00f4ng &#8211; th\u1eddi b\u1ea5y gi\u1edd \u0111\u00e3 l\u00e0 Tr\u00fac L\u00e2m \u0111\u1ea1i s\u0129. \u0110\u1ec3 r\u1ed3i bao \u01b0\u1edbc v\u1ecdng ho\u00e0 b\u00ecnh v\u00e0 cu\u1ed9c t\u00ecnh l\u1ecbch s\u1eed ph\u00fat ch\u1ed1c v\u1ee5t tan nh\u01b0 m\u00e2y kh\u00f3i ng\u00e0n n\u0103m tr\u00ean \u0111\u1ec9nh Ph\u00f9 V\u00e2n Y\u00ean T\u1eed. Nh\u01b0 th\u1ebf, t\u00e1c gi\u1ea3 \u0111\u00e3 nh\u00ecn m\u1ed9t giai \u0111o\u1ea1n l\u1ecbch s\u1eed d\u00e2n t\u1ed9c v\u1edbi con m\u1eaft nh\u00e0 thi\u1ec1n, v\u00e0 d\u00f9ng t\u1ea5m l\u00f2ng thi\u1ec1n \u0111\u1ec3 c\u1ea3m th\u00f4ng v\u1edbi m\u1ed9t thi\u1ec1n s\u01b0-ho\u00e0ng \u0111\u1ebf\u201d.<\/p>\n<p>(Theo b\u00e1o Lao \u0110\u1ed9ng cu\u1ed1i tu\u1ea7n)<\/p>\n","protected":false},"featured_media":13844,"template":"","meta":{"_acf_changed":false},"product_brand":[],"product_cat":[15,46],"product_tag":[],"class_list":{"0":"post-13845","1":"product","2":"type-product","3":"status-publish","4":"has-post-thumbnail","6":"product_cat-sach-danh-cho-nguoi-lon","7":"product_cat-ky-nang-song","9":"first","10":"outofstock","11":"taxable","12":"shipping-taxable","13":"purchasable","14":"product-type-simple"},"supplier_id":null,"supplier_sku":"","barcode":null,"atum_controlled":true,"out_stock_date":"2021-12-21 13:54:02","out_stock_threshold":null,"inheritable":false,"inbound_stock":0,"stock_on_hold":0,"sold_today":0,"sales_last_days":0,"reserved_stock":0,"customer_returns":0,"warehouse_damage":0,"lost_in_post":0,"other_logs":0,"out_stock_days":1499,"lost_sales":0,"has_location":false,"update_date":"2026-01-28T23:10:53","atum_locations":[],"atum_stock_status":"outofstock","restock_status":false,"low_stock_amount":"","sales_update_date":"2026-01-28T23:10:53","calc_backorders":null,"acf":{"publisher":{"ID":10224,"post_author":"1","post_date":"2021-06-02 18:46:58","post_date_gmt":"2021-06-02 15:46:58","post_content":"","post_title":"Ph\u01b0\u01a1ng Nam","post_excerpt":"","post_status":"publish","comment_status":"closed","ping_status":"closed","post_password":"","post_name":"phuong-nam","to_ping":"","pinged":"","post_modified":"2021-06-02 18:46:58","post_modified_gmt":"2021-06-02 15:46:58","post_content_filtered":"","post_parent":0,"guid":"https:\/\/sachviet.eu\/nha-phat-hanh\/phuong-nam\/","menu_order":0,"post_type":"publisher","post_mime_type":"","comment_count":"0","filter":"raw"}},"_links":{"self":[{"href":"https:\/\/sachviet.eu\/en\/wp-json\/wp\/v2\/product\/13845","targetHints":{"allow":["GET"]}}],"collection":[{"href":"https:\/\/sachviet.eu\/en\/wp-json\/wp\/v2\/product"}],"about":[{"href":"https:\/\/sachviet.eu\/en\/wp-json\/wp\/v2\/types\/product"}],"wp:featuredmedia":[{"embeddable":true,"href":"https:\/\/sachviet.eu\/en\/wp-json\/wp\/v2\/media\/13844"}],"wp:attachment":[{"href":"https:\/\/sachviet.eu\/en\/wp-json\/wp\/v2\/media?parent=13845"}],"wp:term":[{"taxonomy":"product_brand","embeddable":true,"href":"https:\/\/sachviet.eu\/en\/wp-json\/wp\/v2\/product_brand?post=13845"},{"taxonomy":"product_cat","embeddable":true,"href":"https:\/\/sachviet.eu\/en\/wp-json\/wp\/v2\/product_cat?post=13845"},{"taxonomy":"product_tag","embeddable":true,"href":"https:\/\/sachviet.eu\/en\/wp-json\/wp\/v2\/product_tag?post=13845"}],"curies":[{"name":"wp","href":"https:\/\/api.w.org\/{rel}","templated":true}]}}