{"id":13843,"date":"2021-07-02T21:06:01","date_gmt":"2021-07-02T18:06:01","guid":{"rendered":"https:\/\/sachviet.eu\/shop\/nhung-dem-khong-ngu-nhung-ngay-cham-troi\/"},"modified":"2021-07-22T16:02:04","modified_gmt":"2021-07-22T13:02:04","slug":"nhung-dem-khong-ngu-nhung-ngay-cham-troi","status":"publish","type":"product","link":"https:\/\/sachviet.eu\/en\/shop\/nhung-dem-khong-ngu-nhung-ngay-cham-troi\/","title":{"rendered":"Nh\u1eefng \u0110\u00eam Kh\u00f4ng Ng\u1ee7, Nh\u1eefng Ng\u00e0y Ch\u1eadm Tr\u00f4i"},"content":{"rendered":"<p>\u201cNh\u1eefng \u0111\u00eam kh\u00f4ng ng\u1ee7, nh\u1eefng ng\u00e0y ch\u1eadm tr\u00f4i\u201d \u0111\u1ea1i di\u1ec7n cho m\u1ed9t h\u00e0nh tinh m\u1edbi &#8211; n\u01a1i n\u1ed7i \u0111au tinh th\u1ea7n \u0111\u01b0\u1ee3c \u0111\u01b0a ra \u00e1nh s\u00e1ng v\u00e0 ch\u1eefa l\u00e0nh.<\/p>\n<p>Cu\u1ed1n s\u00e1ch l\u00e0 t\u1eadp h\u1ee3p nh\u1eefng c\u00e2u chuy\u1ec7n c\u00f3 th\u1eadt c\u1ee7a nh\u1eefng s\u1ed1 ph\u1eadn kh\u00e1c nhau \u0111ang g\u1eb7p ph\u1ea3i c\u00e1c v\u1ea5n \u0111\u1ec1 v\u1ec1 t\u00e2m l\u00fd: tr\u1ea7m c\u1ea3m, r\u1ed1i lo\u1ea1n lo \u00e2u, r\u1ed1i lo\u1ea1n l\u01b0\u1ee1ng c\u1ef1c\u2026 v\u00e0 nh\u1eefng ng\u01b0\u1eddi \u0111ang h\u1ecdc t\u1eadp v\u00e0 l\u00e0m vi\u1ec7c trong ng\u00e0nh t\u00e2m l\u00fd h\u1ecdc. <\/p>\n<p>\u201cN\u1ebfu th\u1ebf gi\u1edbi n\u00e0y c\u00f2n th\u1ee9 g\u00ec gi\u1eef b\u1ea1n l\u1ea1i, l\u00e0 t\u00ecnh y\u00eau th\u01b0\u01a1ng hay s\u1ef1 quan t\u00e2m trong ph\u00fat gi\u00e2y n\u00e0o \u0111\u00f3, mong b\u1ea1n \u0111\u1eebng g\u1ea1t n\u00f3 \u0111i, b\u1ea1n \u0111\u1eebng b\u1ecf qua s\u1ef1 c\u1ed1 g\u1eafng c\u1ee7a b\u1ea3n th\u00e2n d\u00f9 nh\u1ecf b\u00e9 nh\u1ea5t!\u201d- Kh\u1ea3i Tr\u1ea1ch. H\u00f3a ra t\u1eadn c\u00f9ng n\u1ed7i \u0111au v\u00e0 t\u1eadn c\u00f9ng s\u1ef1 ch\u1ed1ng ch\u1ecdi l\u00e0 m\u1ed9t l\u00f2ng tha thi\u1ebft s\u1ed1ng, l\u00f2ng tha thi\u1ebft b\u00e1m r\u1ec5 \u1edf cu\u1ed9c \u0111\u1eddi n\u00e0y nh\u01b0 th\u1ebf.<\/p>\n<p>\u201cNh\u1eefng \u0111\u00eam kh\u00f4ng ng\u1ee7, nh\u1eefng ng\u00e0y ch\u1eadm tr\u00f4i\u201d  l\u00e0 m\u1ed9t kho\u1ea3ng l\u1eb7ng gi\u1eefa nh\u1eefng n\u1ed1t nh\u1ea1c v\u1ed9i v\u00e3 ch\u1ea1y nh\u1ea3y gi\u1eefa cu\u1ed9c s\u1ed1ng hi\u1ec7n \u0111\u1ea1i, \u0111\u1ec3 nh\u1eefng con ng\u01b0\u1eddi d\u00f9 mang trong m\u00ecnh nh\u1eefng t\u1ed5n th\u01b0\u01a1ng t\u00e2m l\u00fd hay kh\u00f4ng \u0111\u1ec1u c\u00f9ng ng\u1ed3i l\u1ea1i b\u00ean nhau, soi t\u1ecf t\u00e2m h\u1ed3n nhau b\u1eb1ng \u00e1nh s\u00e1ng c\u1ee7a s\u1ef1 th\u1ea5u c\u1ea3m, trao g\u1eedi cho nhau th\u01b0\u01a1ng y\u00eau v\u00e0 k\u1ebft n\u1ed1i \u0111\u1ec3 ch\u1eefa l\u00e0nh.<\/p>\n<p>Th\u00f4ng qua cu\u1ed1n s\u00e1ch, A Crazy Mind mong mu\u1ed1n \u0111\u01b0a m\u1ed9t g\u00f3c nh\u00ecn m\u1edbi \u0111\u1ebfn \u0111\u1ed9c gi\u1ea3 v\u1ec1 th\u1ebf gi\u1edbi c\u1ee7a nh\u1eefng con ng\u01b0\u1eddi \u0111ang ph\u1ea3i \u0111\u1ea5u tranh v\u1edbi nh\u1eefng n\u1ed7i \u0111au tinh th\u1ea7n c\u0169ng nh\u01b0 nh\u1eefng c\u00e2u chuy\u1ec7n th\u1ef1c t\u1ebf \u00edt \u0111\u01b0\u1ee3c \u0111\u1ec1 c\u1eadp c\u1ee7a nh\u1eefng ng\u01b0\u1eddi \u0111ang h\u1ecdc t\u1eadp v\u00e0 l\u00e0m vi\u1ec7c trong ng\u00e0nh t\u00e2m l\u00fd h\u1ecdc.<\/p>\n<p>\u0110\u00e2y kh\u00f4ng ph\u1ea3i cu\u1ed1n s\u00e1ch \u0111\u1ecdc \u0111\u1ec3 gi\u1ea3i tr\u00ed, m\u00e0 l\u00e0 m\u1ed9t b\u1ee9c tranh \u201cc\u1ea3m x\u00fac\u201d \u0111\u01b0\u1ee3c gh\u00e9p t\u1eeb nh\u1eefng c\u00e2u chuy\u1ec7n \u0111\u1ee7 \u0111\u1ea7y c\u00e1c m\u1ea3ng s\u00e1ng t\u1ed1i l\u1ea9n khu\u1ea5t th\u1eb3m s\u00e2u trong t\u00e2m h\u1ed3n. Hy v\u1ecdng \u0111\u00e2y l\u00e0 m\u1ed9t m\u00f3n \u0103n tinh th\u1ea7n l\u00e0m \u0111\u1ea7y th\u00eam s\u1ef1 phong ph\u00fa trong t\u00e2m h\u1ed3n b\u1ea1n.<\/p>\n","protected":false},"excerpt":{"rendered":"<p>\u201cNh\u1eefng \u0111\u00eam kh\u00f4ng ng\u1ee7, nh\u1eefng ng\u00e0y ch\u1eadm tr\u00f4i\u201d \u0111\u1ea1i di\u1ec7n cho m\u1ed9t h\u00e0nh tinh m\u1edbi &#8211; n\u01a1i n\u1ed7i \u0111au tinh th\u1ea7n \u0111\u01b0\u1ee3c \u0111\u01b0a ra \u00e1nh s\u00e1ng v\u00e0 ch\u1eefa l\u00e0nh.<\/p>\n<p>Cu\u1ed1n s\u00e1ch l\u00e0 t\u1eadp h\u1ee3p nh\u1eefng c\u00e2u chuy\u1ec7n c\u00f3 th\u1eadt c\u1ee7a nh\u1eefng s\u1ed1 ph\u1eadn kh\u00e1c nhau \u0111ang g\u1eb7p ph\u1ea3i c\u00e1c v\u1ea5n \u0111\u1ec1 v\u1ec1 t\u00e2m l\u00fd: tr\u1ea7m c\u1ea3m, r\u1ed1i lo\u1ea1n lo \u00e2u, r\u1ed1i lo\u1ea1n l\u01b0\u1ee1ng c\u1ef1c\u2026 v\u00e0 nh\u1eefng ng\u01b0\u1eddi \u0111ang h\u1ecdc t\u1eadp v\u00e0 l\u00e0m vi\u1ec7c trong ng\u00e0nh t\u00e2m l\u00fd h\u1ecdc. <\/p>\n<p>\u201cN\u1ebfu th\u1ebf gi\u1edbi n\u00e0y c\u00f2n th\u1ee9 g\u00ec gi\u1eef b\u1ea1n l\u1ea1i, l\u00e0 t\u00ecnh y\u00eau th\u01b0\u01a1ng hay s\u1ef1 quan t\u00e2m trong ph\u00fat gi\u00e2y n\u00e0o \u0111\u00f3, mong b\u1ea1n \u0111\u1eebng g\u1ea1t n\u00f3 \u0111i, b\u1ea1n \u0111\u1eebng b\u1ecf qua s\u1ef1 c\u1ed1 g\u1eafng c\u1ee7a b\u1ea3n th\u00e2n d\u00f9 nh\u1ecf b\u00e9 nh\u1ea5t!\u201d- Kh\u1ea3i Tr\u1ea1ch. H\u00f3a ra t\u1eadn c\u00f9ng n\u1ed7i \u0111au v\u00e0 t\u1eadn c\u00f9ng s\u1ef1 ch\u1ed1ng ch\u1ecdi l\u00e0 m\u1ed9t l\u00f2ng tha thi\u1ebft s\u1ed1ng, l\u00f2ng tha thi\u1ebft b\u00e1m r\u1ec5 \u1edf cu\u1ed9c \u0111\u1eddi n\u00e0y nh\u01b0 th\u1ebf.<\/p>\n<p>\u201cNh\u1eefng \u0111\u00eam kh\u00f4ng ng\u1ee7, nh\u1eefng ng\u00e0y ch\u1eadm tr\u00f4i\u201d  l\u00e0 m\u1ed9t kho\u1ea3ng l\u1eb7ng gi\u1eefa nh\u1eefng n\u1ed1t nh\u1ea1c v\u1ed9i v\u00e3 ch\u1ea1y nh\u1ea3y gi\u1eefa cu\u1ed9c s\u1ed1ng hi\u1ec7n \u0111\u1ea1i, \u0111\u1ec3 nh\u1eefng con ng\u01b0\u1eddi d\u00f9 mang trong m\u00ecnh nh\u1eefng t\u1ed5n th\u01b0\u01a1ng t\u00e2m l\u00fd hay kh\u00f4ng \u0111\u1ec1u c\u00f9ng ng\u1ed3i l\u1ea1i b\u00ean nhau, soi t\u1ecf t\u00e2m h\u1ed3n nhau b\u1eb1ng \u00e1nh s\u00e1ng c\u1ee7a s\u1ef1 th\u1ea5u c\u1ea3m, trao g\u1eedi cho nhau th\u01b0\u01a1ng y\u00eau v\u00e0 k\u1ebft n\u1ed1i \u0111\u1ec3 ch\u1eefa l\u00e0nh.<\/p>\n<p>Th\u00f4ng qua cu\u1ed1n s\u00e1ch, A Crazy Mind mong mu\u1ed1n \u0111\u01b0a m\u1ed9t g\u00f3c nh\u00ecn m\u1edbi \u0111\u1ebfn \u0111\u1ed9c gi\u1ea3 v\u1ec1 th\u1ebf gi\u1edbi c\u1ee7a nh\u1eefng con ng\u01b0\u1eddi \u0111ang ph\u1ea3i \u0111\u1ea5u tranh v\u1edbi nh\u1eefng n\u1ed7i \u0111au tinh th\u1ea7n c\u0169ng nh\u01b0 nh\u1eefng c\u00e2u chuy\u1ec7n th\u1ef1c t\u1ebf \u00edt \u0111\u01b0\u1ee3c \u0111\u1ec1 c\u1eadp c\u1ee7a nh\u1eefng ng\u01b0\u1eddi \u0111ang h\u1ecdc t\u1eadp v\u00e0 l\u00e0m vi\u1ec7c trong ng\u00e0nh t\u00e2m l\u00fd h\u1ecdc.<\/p>\n<p>\u0110\u00e2y kh\u00f4ng ph\u1ea3i cu\u1ed1n s\u00e1ch \u0111\u1ecdc \u0111\u1ec3 gi\u1ea3i tr\u00ed, m\u00e0 l\u00e0 m\u1ed9t b\u1ee9c tranh \u201cc\u1ea3m x\u00fac\u201d \u0111\u01b0\u1ee3c gh\u00e9p t\u1eeb nh\u1eefng c\u00e2u chuy\u1ec7n \u0111\u1ee7 \u0111\u1ea7y c\u00e1c m\u1ea3ng s\u00e1ng t\u1ed1i l\u1ea9n khu\u1ea5t th\u1eb3m s\u00e2u trong t\u00e2m h\u1ed3n. Hy v\u1ecdng \u0111\u00e2y l\u00e0 m\u1ed9t m\u00f3n \u0103n tinh th\u1ea7n l\u00e0m \u0111\u1ea7y th\u00eam s\u1ef1 phong ph\u00fa trong t\u00e2m h\u1ed3n b\u1ea1n.<\/p>\n","protected":false},"featured_media":13839,"template":"","meta":{"_acf_changed":false},"product_brand":[],"product_cat":[15,47],"product_tag":[],"class_list":{"0":"post-13843","1":"product","2":"type-product","3":"status-publish","4":"has-post-thumbnail","6":"product_cat-sach-danh-cho-nguoi-lon","7":"product_cat-truyen-ngan-tan-van","9":"first","10":"outofstock","11":"taxable","12":"shipping-taxable","13":"purchasable","14":"product-type-simple"},"supplier_id":null,"supplier_sku":"","barcode":null,"atum_controlled":true,"out_stock_date":"2021-07-22 13:02:04","out_stock_threshold":null,"inheritable":false,"inbound_stock":0,"stock_on_hold":0,"sold_today":0,"sales_last_days":0,"reserved_stock":0,"customer_returns":0,"warehouse_damage":0,"lost_in_post":0,"other_logs":0,"out_stock_days":1651,"lost_sales":0,"has_location":false,"update_date":"2026-01-28T23:10:53","atum_locations":[],"atum_stock_status":"outofstock","restock_status":false,"low_stock_amount":"","sales_update_date":"2026-01-28T23:10:53","calc_backorders":null,"acf":{"publisher":{"ID":1785,"post_author":"1","post_date":"2021-02-17 01:54:46","post_date_gmt":"2021-02-16 23:54:46","post_content":"<!-- wp:flatsome\/uxbuilder -->\n<h1 style=\"text-align: center;\"><strong>AZ VIETNAM<\/strong><\/h1>\n[row]\n\n[col span=\"8\" span__sm=\"12\"]\n\n<p>Th\u00e0nh l\u1eadp n\u0103m: 2015<br \/>V\u1ed1n \u0111\u1ea7u t\u01b0: 4,000,000,000 \u0111\u1ed3ng<br \/><strong>L\u0129nh v\u1ef1c:<\/strong><br \/>- Xu\u1ea5t b\u1ea3n v\u00e0 ph\u00e1t h\u00e0nh v\u0103n h\u00f3a ph\u1ea9m<br \/>- Cung c\u1ea5p v\u0103n h\u00f3a ph\u1ea9m, c\u00e1c s\u1ea3n ph\u1ea9m cho in \u1ea5n, trang thi\u1ebft b\u1ecb cho c\u00e1c th\u01b0 vi\u1ec7n v\u00e0 trung t\u00e2m s\u00e1ch tr\u00ean c\u1ea3 n\u01b0\u1edbc.<br \/>- Th\u1eddi trang v\u00e0 c\u00e1c s\u1ea3n ph\u1ea9m li\u00ean quan \u0111\u1ebfn l\u0129nh v\u1ef1c th\u1eddi trang<br \/>- Xu\u1ea5t nh\u1eadp kh\u1ea9u c\u00e1c s\u1ea3n ph\u1ea9m v\u0103n h\u00f3a<\/p>\n<p><strong>Quy m\u00f4:<\/strong> 60 nh\u00e2n vi\u00ean<br \/>Kh\u1edfi ngu\u1ed3n c\u1ee7a AZ Vi\u1ec7t Nam ng\u00e0y nay l\u00e0 C\u00f4ng ty TNHH Trung t\u00e2m S\u00e1ch v\u00e0 Thi\u1ebft b\u1ecb Th\u01b0 vi\u1ec7n, v\u1edbi ho\u1ea1t \u0111\u1ed9ng \u0111\u1ea7u ti\u00ean l\u00e0 cung c\u1ea5p s\u00e1ch, trang thi\u1ebft b\u1ecb, v\u0103n h\u00f3a ph\u1ea9m cho c\u00e1c th\u01b0 vi\u1ec7n v\u00e0 trung t\u00e2m s\u00e1ch tr\u00ean c\u1ea3 n\u01b0\u1edbc. T\u1eeb cu\u1ed1i n\u0103m 2010 \u0111\u1ebfn nay, ch\u00fang t\u00f4i \u0111\u00e3 kh\u00f4ng ng\u1eebng n\u1ed7 l\u1ef1c khai ph\u00e1 v\u00e0 ph\u00e1t tri\u1ec3n c\u00e1c d\u00f2ng s\u1ea3n ph\u1ea9m m\u1edbi v\u1edbi 8 th\u01b0\u01a1ng hi\u1ec7u uy t\u00edn. \u0110\u1ec3 \u0111\u00e1p \u1ee9ng nhu c\u1ea7u ph\u00e1t tri\u1ec3n ng\u00e0y m\u1ed9t l\u1edbn m\u1ea1nh v\u00e0 t\u1eadp h\u1ee3p c\u00e1c th\u01b0\u01a1ng hi\u1ec7u \u0111\u00e3 \u0111\u01b0\u1ee3c ch\u00fang t\u00f4i x\u00e2y d\u1ef1ng, 2015 C\u00f4ng ty TNHH AZ Vi\u1ec7t Nam \u0111\u00e3 ra \u0111\u1eddi v\u1edbi s\u1ee9 m\u1ec7nh mang \u0111\u1ebfn nhi\u1ec1u h\u01a1n n\u1eefa nh\u1eefng gi\u00e1 tr\u1ecb tinh th\u1ea7n, tri th\u1ee9c ti\u00ean ti\u1ebfn cho ng\u01b0\u1eddi ti\u00eau d\u00f9ng b\u1eb1ng vi\u1ec7c cung c\u1ea5p nh\u1eefng s\u1ea3n ph\u1ea9m c\u00f3 ch\u1ea5t l\u01b0\u1ee3ng.<\/p>\n\n[\/col]\n[col span=\"4\" span__sm=\"12\"]\n\n[ux_image id=\"1836\" image_size=\"medium\"]\n\n\n[\/col]\n\n[\/row]\n\n<!-- \/wp:flatsome\/uxbuilder -->","post_title":"AZ Vi\u1ec7t Nam","post_excerpt":"","post_status":"publish","comment_status":"closed","ping_status":"closed","post_password":"","post_name":"az-viet-nam","to_ping":"","pinged":"","post_modified":"2021-02-17 22:07:10","post_modified_gmt":"2021-02-17 20:07:10","post_content_filtered":"","post_parent":0,"guid":"https:\/\/sachviet.eu\/nha-phat-hanh\/az-viet-nam\/","menu_order":0,"post_type":"publisher","post_mime_type":"","comment_count":"0","filter":"raw"}},"_links":{"self":[{"href":"https:\/\/sachviet.eu\/en\/wp-json\/wp\/v2\/product\/13843","targetHints":{"allow":["GET"]}}],"collection":[{"href":"https:\/\/sachviet.eu\/en\/wp-json\/wp\/v2\/product"}],"about":[{"href":"https:\/\/sachviet.eu\/en\/wp-json\/wp\/v2\/types\/product"}],"wp:featuredmedia":[{"embeddable":true,"href":"https:\/\/sachviet.eu\/en\/wp-json\/wp\/v2\/media\/13839"}],"wp:attachment":[{"href":"https:\/\/sachviet.eu\/en\/wp-json\/wp\/v2\/media?parent=13843"}],"wp:term":[{"taxonomy":"product_brand","embeddable":true,"href":"https:\/\/sachviet.eu\/en\/wp-json\/wp\/v2\/product_brand?post=13843"},{"taxonomy":"product_cat","embeddable":true,"href":"https:\/\/sachviet.eu\/en\/wp-json\/wp\/v2\/product_cat?post=13843"},{"taxonomy":"product_tag","embeddable":true,"href":"https:\/\/sachviet.eu\/en\/wp-json\/wp\/v2\/product_tag?post=13843"}],"curies":[{"name":"wp","href":"https:\/\/api.w.org\/{rel}","templated":true}]}}