{"id":13838,"date":"2021-07-02T21:05:45","date_gmt":"2021-07-02T18:05:45","guid":{"rendered":"https:\/\/sachviet.eu\/shop\/nhung-toa-do-song-song\/"},"modified":"2021-07-03T22:01:05","modified_gmt":"2021-07-03T19:01:05","slug":"nhung-toa-do-song-song","status":"publish","type":"product","link":"https:\/\/sachviet.eu\/en\/shop\/nhung-toa-do-song-song\/","title":{"rendered":"Nh\u1eefng T\u1ecda \u0110\u1ed9 Song Song"},"content":{"rendered":"<p>S\u00e2u s\u1eafc. Th\u1ea5u hi\u1ec3u. D\u1ecbu d\u00e0ng. V\u00e0 \u0111\u1ea7y \u1eafp nh\u1eefng kho\u1ea3nh kh\u1eafc l\u1eafng \u0111\u1ecdng r\u1ea5t Nguy\u1ec5n Mai Chi.<\/p>\n<p>\u0110\u00f3 l\u00e0 nh\u1eefng g\u00ec b\u1ea1n c\u00f3 th\u1ec3 b\u1eaft g\u1eb7p \u1edf \u201cNh\u1eefng t\u1ecda \u0111\u1ed9 song song\u2019\u2019 \u2013 phi\u00ean b\u1ea3n t\u00e1i b\u1ea3n \u0111\u1eb7c bi\u1ec7t c\u1ee7a \u201c5 m\u00fai gi\u1edd, 10 ti\u1ebfng bay v\u00e0 m\u1ed9t c\u00e1i kh\u00e9p mi\u201d.<\/p>\n<p>V\u1edbi m\u1ed9t di\u1ec7n m\u1ea1o ho\u00e0n to\u00e0n m\u1edbi b\u1eb1ng \u00fd t\u01b0\u1edfng \u201cl\u1ea1\u201d t\u1eeb ban bi\u00ean t\u1eadp Bloom Books, Nh\u1eefng t\u1ecda \u0111\u1ed9 song song s\u1ebd g\u1eedi \u0111\u1ebfn b\u1ea1n c\u00f9ng l\u1eddi nh\u1eafc nh\u1edb v\u1ec1 s\u1ee3i d\u00e2y li\u00ean k\u1ebft b\u1ec1n b\u1ec9, xuy\u00ean qua kh\u00f4ng gian v\u00e0 th\u1eddi gian gi\u1eefa qu\u00e1 kh\u1ee9 v\u00e0 hi\u1ec7n t\u1ea1i, gi\u1eefa Paris v\u00e0 H\u00e0 N\u1ed9i \u2013 hai \u201ct\u1ecda \u0111\u1ed9 an tr\u00fa\u2019\u2019 g\u1eafn li\u1ec1n v\u1edbi t\u00e1c gi\u1ea3 Mai Chi. C\u00f9ng v\u1edbi n\u1ed9i dung c\u00f3 b\u1ed5 sung nh\u1eefng trang vi\u1ebft ch\u01b0a t\u1eebng \u0111\u0103ng t\u1ea3i \u1edf b\u1ea5t c\u1ee9 \u0111\u00e2u, Bloom tin r\u1eb1ng s\u1ef1 \u0111\u1ed3ng c\u1ea3m m\u00e0 Nh\u1eefng t\u1ecda \u0111\u1ed9 song song mang \u0111\u1ebfn s\u1ebd kh\u00f4ng ch\u1ec9 d\u1eebng l\u1ea1i \u1edf nh\u1eefng c\u00e2u chuy\u1ec7n m\u00e0 c\u00f2n d\u1eabn l\u1ed1i cho b\u1ea1n quay v\u1ec1 v\u1edbi nh\u1eefng t\u1ecda \u0111\u1ed9 quen thu\u1ed9c c\u1ee7a c\u1ea3m x\u00fac \u2013 \u0111\u00f3 l\u00e0 n\u01a1i t\u00e2m h\u1ed3n b\u1ea1n thu\u1ed9c v\u1ec1, ch\u1ee9 kh\u00f4ng ph\u1ea3i c\u1ee7a b\u1ea5t k\u1ef3 ai kh\u00e1c.<\/p>\n<p>\u201cNg\u01b0\u1eddi ta c\u00f3 th\u1ec3 l\u00e0m r\u1ea5t nhi\u1ec1u th\u1ee9 v\u1edbi chi\u1ebfc gh\u1ebf s\u1eaft s\u01a1n xanh trong v\u01b0\u1eddn Tuileries. Ng\u1ed3i l\u00ean \u0111\u00f3 v\u00e0 \u0111\u1ecdc s\u00e1ch, ng\u1eafm nh\u00ecn b\u1ea7u tr\u1eddi, ng\u1eafm nh\u00ecn ng\u01b0\u1eddi \u0111\u1eddi, nh\u00ecn \u0111\u00e0n v\u1ecbt b\u01a1i l\u1ed9i trong \u0111\u00e0i phun n\u01b0\u1edbc, h\u00e0ng ng\u01b0\u1eddi d\u00e0i tr\u01b0\u1edbc xe b\u00e1n kem hi\u1ec7u Amorino, tr\u01b0\u1edbc b\u1ea3o t\u00e0ng Mus\u00e9e de l&#8217;Orangerie v\u00e0 trung t\u00e2m Jeu de Paume, hay b\u1ea5m m\u00e1y ch\u1ee5p tr\u1ed9m \u0111\u00f4i t\u00ecnh nh\u00e2n \u0111ang th\u1ee7 th\u1ec9 tr\u00ean m\u1ed9t chi\u1ebfc gh\u1ebf kh\u00e1c g\u1ea7n \u0111\u00f3.<\/p>\n<p>\u0110\u00f3 l\u00e0 s\u1ef1 k\u1ef3 di\u1ec7u c\u1ee7a nh\u1eefng b\u0103ng gh\u1ebf \u1edf Tuileries. Ch\u1ec9 c\u1ea7n b\u1ea1n \u0111\u1eb7t ng\u01b0\u1eddi xu\u1ed1ng, c\u1ea3 k\u00fd \u1ee9c v\u00e0 hi\u1ec7n th\u1ef1c s\u1ebd h\u00f2a quy\u1ec7n. Hi\u1ec7n th\u1ef1c y\u00ean b\u00ecnh c\u1ee7a khu v\u01b0\u1eddn d\u1eabn d\u1ee5 b\u1ea1n quay tr\u1edf v\u1ec1 qu\u00e1 kh\u1ee9 v\u1edbi nh\u1eefng th\u01b0\u1edbc phim s\u00e9pia \u0111\u1eb9p \u0111\u1ebd nh\u1ea5t. \u0110\u1ec3 khi quay l\u1ea1i v\u1edbi th\u1eddi \u0111i\u1ec3m tr\u01b0\u1edbc m\u1eaft, ta b\u1ed7ng c\u1ea3m nh\u1eadn m\u1ed9t ni\u1ec1m vui s\u1ed1ng d\u01b0\u1eddng nh\u01b0 v\u01b0\u1ee3t qu\u00e1 c\u1ea3 s\u1ee9c ch\u1ee9a c\u1ee7a t\u00e2m h\u1ed3n, ch\u1ea3y tr\u00e0n th\u00e0nh m\u1ed9t gi\u1ecdt l\u1ec7 c\u1ee7a ni\u1ec1m h\u00e2n hoan khi \u0111\u1ed1i di\u1ec7n tr\u01b0\u1edbc t\u1eebng c\u1eed \u0111\u1ed9ng c\u1ee7a s\u1ef1 s\u1ed1ng. C\u00f3 ph\u1ea3i b\u1edfi b\u01b0\u1edbc ch\u00e2n c\u1ee7a nh\u1eefng ng\u01b0\u1eddi \u0111i t\u1ea3n b\u1ed9 trong v\u01b0\u1eddn lu\u00f4n thong dong kh\u00f4ng m\u1ee5c \u0111\u00edch? C\u00f3 ph\u1ea3i b\u1edfi g\u01b0\u01a1ng m\u1eb7t \u0111\u00f3ng b\u0103ng h\u00e0ng th\u1ebf k\u1ef7 tr\u00ean nh\u1eefng b\u1ee9c t\u01b0\u1ee3ng c\u1ee7a Vidal, Coustou? Hay b\u1edfi \u0111\u00e2y l\u00e0 Paris?<\/p>\n<p>Paris. Hay b\u1ea5t c\u1ee9 m\u1ed9t m\u1ea3nh \u0111\u1ea5t n\u00e0o g\u1eafn li\u1ec1n v\u1edbi t\u00e2m h\u1ed3n b\u1ea1n.\u201d<\/p>\n<p>V\u1ec1 t\u00e1c gi\u1ea3:<\/p>\n<p>Nguy\u1ec5n Mai Chi<\/p>\n<p>Sinh n\u0103m 1989. T\u1ed1t nghi\u1ec7p chuy\u00ean ng\u00e0nh Marketing \u2013 \u0110\u1ea1i h\u1ecdc Paris Dauphine, Ph\u00e1p.<\/p>\n<p>S\u00e1ch \u0111\u00e3 ph\u00e1t h\u00e0nh b\u1edfi Bloom Books:<\/p>\n<p>Harpocrates v\u00e0 b\u00f4ng h\u1ed3ng ph\u00eda tr\u00ean th\u00e0nh ph\u1ed1 (2017)<\/p>\n","protected":false},"excerpt":{"rendered":"<p>S\u00e2u s\u1eafc. Th\u1ea5u hi\u1ec3u. D\u1ecbu d\u00e0ng. V\u00e0 \u0111\u1ea7y \u1eafp nh\u1eefng kho\u1ea3nh kh\u1eafc l\u1eafng \u0111\u1ecdng r\u1ea5t Nguy\u1ec5n Mai Chi.<\/p>\n<p>\u0110\u00f3 l\u00e0 nh\u1eefng g\u00ec b\u1ea1n c\u00f3 th\u1ec3 b\u1eaft g\u1eb7p \u1edf \u201cNh\u1eefng t\u1ecda \u0111\u1ed9 song song\u2019\u2019 \u2013 phi\u00ean b\u1ea3n t\u00e1i b\u1ea3n \u0111\u1eb7c bi\u1ec7t c\u1ee7a \u201c5 m\u00fai gi\u1edd, 10 ti\u1ebfng bay v\u00e0 m\u1ed9t c\u00e1i kh\u00e9p mi\u201d.<\/p>\n<p>V\u1edbi m\u1ed9t di\u1ec7n m\u1ea1o ho\u00e0n to\u00e0n m\u1edbi b\u1eb1ng \u00fd t\u01b0\u1edfng \u201cl\u1ea1\u201d t\u1eeb ban bi\u00ean t\u1eadp Bloom Books, Nh\u1eefng t\u1ecda \u0111\u1ed9 song song s\u1ebd g\u1eedi \u0111\u1ebfn b\u1ea1n c\u00f9ng l\u1eddi nh\u1eafc nh\u1edb v\u1ec1 s\u1ee3i d\u00e2y li\u00ean k\u1ebft b\u1ec1n b\u1ec9, xuy\u00ean qua kh\u00f4ng gian v\u00e0 th\u1eddi gian gi\u1eefa qu\u00e1 kh\u1ee9 v\u00e0 hi\u1ec7n t\u1ea1i, gi\u1eefa Paris v\u00e0 H\u00e0 N\u1ed9i \u2013 hai \u201ct\u1ecda \u0111\u1ed9 an tr\u00fa\u2019\u2019 g\u1eafn li\u1ec1n v\u1edbi t\u00e1c gi\u1ea3 Mai Chi. C\u00f9ng v\u1edbi n\u1ed9i dung c\u00f3 b\u1ed5 sung nh\u1eefng trang vi\u1ebft ch\u01b0a t\u1eebng \u0111\u0103ng t\u1ea3i \u1edf b\u1ea5t c\u1ee9 \u0111\u00e2u, Bloom tin r\u1eb1ng s\u1ef1 \u0111\u1ed3ng c\u1ea3m m\u00e0 Nh\u1eefng t\u1ecda \u0111\u1ed9 song song mang \u0111\u1ebfn s\u1ebd kh\u00f4ng ch\u1ec9 d\u1eebng l\u1ea1i \u1edf nh\u1eefng c\u00e2u chuy\u1ec7n m\u00e0 c\u00f2n d\u1eabn l\u1ed1i cho b\u1ea1n quay v\u1ec1 v\u1edbi nh\u1eefng t\u1ecda \u0111\u1ed9 quen thu\u1ed9c c\u1ee7a c\u1ea3m x\u00fac \u2013 \u0111\u00f3 l\u00e0 n\u01a1i t\u00e2m h\u1ed3n b\u1ea1n thu\u1ed9c v\u1ec1, ch\u1ee9 kh\u00f4ng ph\u1ea3i c\u1ee7a b\u1ea5t k\u1ef3 ai kh\u00e1c.<\/p>\n<p>\u201cNg\u01b0\u1eddi ta c\u00f3 th\u1ec3 l\u00e0m r\u1ea5t nhi\u1ec1u th\u1ee9 v\u1edbi chi\u1ebfc gh\u1ebf s\u1eaft s\u01a1n xanh trong v\u01b0\u1eddn Tuileries. Ng\u1ed3i l\u00ean \u0111\u00f3 v\u00e0 \u0111\u1ecdc s\u00e1ch, ng\u1eafm nh\u00ecn b\u1ea7u tr\u1eddi, ng\u1eafm nh\u00ecn ng\u01b0\u1eddi \u0111\u1eddi, nh\u00ecn \u0111\u00e0n v\u1ecbt b\u01a1i l\u1ed9i trong \u0111\u00e0i phun n\u01b0\u1edbc, h\u00e0ng ng\u01b0\u1eddi d\u00e0i tr\u01b0\u1edbc xe b\u00e1n kem hi\u1ec7u Amorino, tr\u01b0\u1edbc b\u1ea3o t\u00e0ng Mus\u00e9e de l&#8217;Orangerie v\u00e0 trung t\u00e2m Jeu de Paume, hay b\u1ea5m m\u00e1y ch\u1ee5p tr\u1ed9m \u0111\u00f4i t\u00ecnh nh\u00e2n \u0111ang th\u1ee7 th\u1ec9 tr\u00ean m\u1ed9t chi\u1ebfc gh\u1ebf kh\u00e1c g\u1ea7n \u0111\u00f3.<\/p>\n<p>\u0110\u00f3 l\u00e0 s\u1ef1 k\u1ef3 di\u1ec7u c\u1ee7a nh\u1eefng b\u0103ng gh\u1ebf \u1edf Tuileries. Ch\u1ec9 c\u1ea7n b\u1ea1n \u0111\u1eb7t ng\u01b0\u1eddi xu\u1ed1ng, c\u1ea3 k\u00fd \u1ee9c v\u00e0 hi\u1ec7n th\u1ef1c s\u1ebd h\u00f2a quy\u1ec7n. Hi\u1ec7n th\u1ef1c y\u00ean b\u00ecnh c\u1ee7a khu v\u01b0\u1eddn d\u1eabn d\u1ee5 b\u1ea1n quay tr\u1edf v\u1ec1 qu\u00e1 kh\u1ee9 v\u1edbi nh\u1eefng th\u01b0\u1edbc phim s\u00e9pia \u0111\u1eb9p \u0111\u1ebd nh\u1ea5t. \u0110\u1ec3 khi quay l\u1ea1i v\u1edbi th\u1eddi \u0111i\u1ec3m tr\u01b0\u1edbc m\u1eaft, ta b\u1ed7ng c\u1ea3m nh\u1eadn m\u1ed9t ni\u1ec1m vui s\u1ed1ng d\u01b0\u1eddng nh\u01b0 v\u01b0\u1ee3t qu\u00e1 c\u1ea3 s\u1ee9c ch\u1ee9a c\u1ee7a t\u00e2m h\u1ed3n, ch\u1ea3y tr\u00e0n th\u00e0nh m\u1ed9t gi\u1ecdt l\u1ec7 c\u1ee7a ni\u1ec1m h\u00e2n hoan khi \u0111\u1ed1i di\u1ec7n tr\u01b0\u1edbc t\u1eebng c\u1eed \u0111\u1ed9ng c\u1ee7a s\u1ef1 s\u1ed1ng. C\u00f3 ph\u1ea3i b\u1edfi b\u01b0\u1edbc ch\u00e2n c\u1ee7a nh\u1eefng ng\u01b0\u1eddi \u0111i t\u1ea3n b\u1ed9 trong v\u01b0\u1eddn lu\u00f4n thong dong kh\u00f4ng m\u1ee5c \u0111\u00edch? C\u00f3 ph\u1ea3i b\u1edfi g\u01b0\u01a1ng m\u1eb7t \u0111\u00f3ng b\u0103ng h\u00e0ng th\u1ebf k\u1ef7 tr\u00ean nh\u1eefng b\u1ee9c t\u01b0\u1ee3ng c\u1ee7a Vidal, Coustou? Hay b\u1edfi \u0111\u00e2y l\u00e0 Paris?<\/p>\n<p>Paris. Hay b\u1ea5t c\u1ee9 m\u1ed9t m\u1ea3nh \u0111\u1ea5t n\u00e0o g\u1eafn li\u1ec1n v\u1edbi t\u00e2m h\u1ed3n b\u1ea1n.\u201d<\/p>\n","protected":false},"featured_media":13837,"template":"","meta":{"_acf_changed":false},"product_brand":[],"product_cat":[15,47],"product_tag":[],"class_list":{"0":"post-13838","1":"product","2":"type-product","3":"status-publish","4":"has-post-thumbnail","6":"product_cat-sach-danh-cho-nguoi-lon","7":"product_cat-truyen-ngan-tan-van","9":"first","10":"outofstock","11":"taxable","12":"shipping-taxable","13":"purchasable","14":"product-type-simple"},"supplier_id":null,"supplier_sku":"","barcode":null,"atum_controlled":true,"out_stock_date":null,"out_stock_threshold":null,"inheritable":false,"inbound_stock":0,"stock_on_hold":0,"sold_today":0,"sales_last_days":0,"reserved_stock":0,"customer_returns":0,"warehouse_damage":0,"lost_in_post":0,"other_logs":0,"out_stock_days":0,"lost_sales":0,"has_location":false,"update_date":"2026-01-28T23:10:53","atum_locations":[],"atum_stock_status":"outofstock","restock_status":false,"low_stock_amount":"","sales_update_date":"2026-01-28T23:10:53","calc_backorders":null,"acf":{"publisher":{"ID":1785,"post_author":"1","post_date":"2021-02-17 01:54:46","post_date_gmt":"2021-02-16 23:54:46","post_content":"<!-- wp:flatsome\/uxbuilder -->\n<h1 style=\"text-align: center;\"><strong>AZ VIETNAM<\/strong><\/h1>\n[row]\n\n[col span=\"8\" span__sm=\"12\"]\n\n<p>Th\u00e0nh l\u1eadp n\u0103m: 2015<br \/>V\u1ed1n \u0111\u1ea7u t\u01b0: 4,000,000,000 \u0111\u1ed3ng<br \/><strong>L\u0129nh v\u1ef1c:<\/strong><br \/>- Xu\u1ea5t b\u1ea3n v\u00e0 ph\u00e1t h\u00e0nh v\u0103n h\u00f3a ph\u1ea9m<br \/>- Cung c\u1ea5p v\u0103n h\u00f3a ph\u1ea9m, c\u00e1c s\u1ea3n ph\u1ea9m cho in \u1ea5n, trang thi\u1ebft b\u1ecb cho c\u00e1c th\u01b0 vi\u1ec7n v\u00e0 trung t\u00e2m s\u00e1ch tr\u00ean c\u1ea3 n\u01b0\u1edbc.<br \/>- Th\u1eddi trang v\u00e0 c\u00e1c s\u1ea3n ph\u1ea9m li\u00ean quan \u0111\u1ebfn l\u0129nh v\u1ef1c th\u1eddi trang<br \/>- Xu\u1ea5t nh\u1eadp kh\u1ea9u c\u00e1c s\u1ea3n ph\u1ea9m v\u0103n h\u00f3a<\/p>\n<p><strong>Quy m\u00f4:<\/strong> 60 nh\u00e2n vi\u00ean<br \/>Kh\u1edfi ngu\u1ed3n c\u1ee7a AZ Vi\u1ec7t Nam ng\u00e0y nay l\u00e0 C\u00f4ng ty TNHH Trung t\u00e2m S\u00e1ch v\u00e0 Thi\u1ebft b\u1ecb Th\u01b0 vi\u1ec7n, v\u1edbi ho\u1ea1t \u0111\u1ed9ng \u0111\u1ea7u ti\u00ean l\u00e0 cung c\u1ea5p s\u00e1ch, trang thi\u1ebft b\u1ecb, v\u0103n h\u00f3a ph\u1ea9m cho c\u00e1c th\u01b0 vi\u1ec7n v\u00e0 trung t\u00e2m s\u00e1ch tr\u00ean c\u1ea3 n\u01b0\u1edbc. T\u1eeb cu\u1ed1i n\u0103m 2010 \u0111\u1ebfn nay, ch\u00fang t\u00f4i \u0111\u00e3 kh\u00f4ng ng\u1eebng n\u1ed7 l\u1ef1c khai ph\u00e1 v\u00e0 ph\u00e1t tri\u1ec3n c\u00e1c d\u00f2ng s\u1ea3n ph\u1ea9m m\u1edbi v\u1edbi 8 th\u01b0\u01a1ng hi\u1ec7u uy t\u00edn. \u0110\u1ec3 \u0111\u00e1p \u1ee9ng nhu c\u1ea7u ph\u00e1t tri\u1ec3n ng\u00e0y m\u1ed9t l\u1edbn m\u1ea1nh v\u00e0 t\u1eadp h\u1ee3p c\u00e1c th\u01b0\u01a1ng hi\u1ec7u \u0111\u00e3 \u0111\u01b0\u1ee3c ch\u00fang t\u00f4i x\u00e2y d\u1ef1ng, 2015 C\u00f4ng ty TNHH AZ Vi\u1ec7t Nam \u0111\u00e3 ra \u0111\u1eddi v\u1edbi s\u1ee9 m\u1ec7nh mang \u0111\u1ebfn nhi\u1ec1u h\u01a1n n\u1eefa nh\u1eefng gi\u00e1 tr\u1ecb tinh th\u1ea7n, tri th\u1ee9c ti\u00ean ti\u1ebfn cho ng\u01b0\u1eddi ti\u00eau d\u00f9ng b\u1eb1ng vi\u1ec7c cung c\u1ea5p nh\u1eefng s\u1ea3n ph\u1ea9m c\u00f3 ch\u1ea5t l\u01b0\u1ee3ng.<\/p>\n\n[\/col]\n[col span=\"4\" span__sm=\"12\"]\n\n[ux_image id=\"1836\" image_size=\"medium\"]\n\n\n[\/col]\n\n[\/row]\n\n<!-- \/wp:flatsome\/uxbuilder -->","post_title":"AZ Vi\u1ec7t Nam","post_excerpt":"","post_status":"publish","comment_status":"closed","ping_status":"closed","post_password":"","post_name":"az-viet-nam","to_ping":"","pinged":"","post_modified":"2021-02-17 22:07:10","post_modified_gmt":"2021-02-17 20:07:10","post_content_filtered":"","post_parent":0,"guid":"https:\/\/sachviet.eu\/nha-phat-hanh\/az-viet-nam\/","menu_order":0,"post_type":"publisher","post_mime_type":"","comment_count":"0","filter":"raw"}},"_links":{"self":[{"href":"https:\/\/sachviet.eu\/en\/wp-json\/wp\/v2\/product\/13838","targetHints":{"allow":["GET"]}}],"collection":[{"href":"https:\/\/sachviet.eu\/en\/wp-json\/wp\/v2\/product"}],"about":[{"href":"https:\/\/sachviet.eu\/en\/wp-json\/wp\/v2\/types\/product"}],"wp:featuredmedia":[{"embeddable":true,"href":"https:\/\/sachviet.eu\/en\/wp-json\/wp\/v2\/media\/13837"}],"wp:attachment":[{"href":"https:\/\/sachviet.eu\/en\/wp-json\/wp\/v2\/media?parent=13838"}],"wp:term":[{"taxonomy":"product_brand","embeddable":true,"href":"https:\/\/sachviet.eu\/en\/wp-json\/wp\/v2\/product_brand?post=13838"},{"taxonomy":"product_cat","embeddable":true,"href":"https:\/\/sachviet.eu\/en\/wp-json\/wp\/v2\/product_cat?post=13838"},{"taxonomy":"product_tag","embeddable":true,"href":"https:\/\/sachviet.eu\/en\/wp-json\/wp\/v2\/product_tag?post=13838"}],"curies":[{"name":"wp","href":"https:\/\/api.w.org\/{rel}","templated":true}]}}