{"id":1383,"date":"2021-02-16T00:38:37","date_gmt":"2021-02-15T22:38:37","guid":{"rendered":"https:\/\/sachviet.eu\/shop\/cang-ky-luat-cang-tu-do\/"},"modified":"2023-08-16T10:46:33","modified_gmt":"2023-08-16T07:46:33","slug":"cang-ky-luat-cang-tu-do","status":"publish","type":"product","link":"https:\/\/sachviet.eu\/en\/shop\/cang-ky-luat-cang-tu-do\/","title":{"rendered":"C\u00e0ng K\u1ef7 Lu\u1eadt, C\u00e0ng T\u1ef1 Do"},"content":{"rendered":"<p><strong>C\u00e0ng K\u1ef7 Lu\u1eadt, C\u00e0ng T\u1ef1 Do<\/strong><\/p>\n<p>K\u1ef6 LU\u1eacT v\u1ed1n l\u00e0 v\u00e1n c\u1edd b\u1ea1n ph\u1ea3i t\u1ef1 \u0111\u1ea5u v\u1edbi ch\u00ednh m\u00ecnh. Th\u1eafng &#8211; b\u1ea1n s\u1ebd c\u00f3 \u0111\u01b0\u1ee3c \u201cb\u1ea3n n\u0103ng c\u1ee7a ng\u01b0\u1eddi m\u1ea1nh m\u1ebd nh\u1ea5t\u201d, \u0111\u00f3 l\u00e0 s\u1ef1 t\u1ef1 ki\u1ec3m so\u00e1t b\u1ea3n th\u00e2n. Thua &#8211; b\u1ea1n m\u00e3i s\u1ed1ng trong c\u1ea3m gi\u00e1c t\u1ea1m b\u1ee3, nu\u1ed1i ti\u1ebfc. C\u00e0ng d\u1ec5 d\u00e0ng dung t\u00fang cho nh\u1eefng th\u00f3i quen tr\u00ec ho\u00e3n bao nhi\u00eau, cu\u1ed9c s\u1ed1ng c\u1ee7a b\u1ea1n s\u1ebd \u0111i c\u00e0ng nhanh t\u1edbi s\u1ef1 m\u1ea5t ki\u1ec3m so\u00e1t v\u00e0 thi\u1ebfu quy ho\u1ea1ch b\u1ea5y nhi\u00eau.<\/p>\n<p>H\u00e3y ki\u00ean tr\u00ec \u0111\u1eb7t ra y\u00eau c\u1ea7u cao v\u1edbi b\u1ea3n th\u00e2n, t\u1eeb ch\u1ed1i s\u1ef1 m\u00ea ho\u1eb7c c\u1ee7a th\u00f3i t\u00f9y ti\u1ec7n \u0111\u1ed3ng th\u1eddi thi\u1ebft l\u1eadp cho m\u00ecnh nh\u1eefng th\u00f3i quen t\u1ed1t trong h\u00e0nh vi th\u01b0\u1eddng ng\u00e0y. S\u1ef1 n\u1ed7 l\u1ef1c s\u1ebd lu\u00f4n \u0111\u01b0\u1ee3c \u0111\u1ec1n \u0111\u00e1p x\u1ee9ng \u0111\u00e1ng n\u1ebfu b\u1ea1n bi\u1ebft c\u00e1ch \u0111\u1ea7u t\u01b0 c\u00f4ng s\u1ee9c v\u00e0 th\u1eddi gian. B\u1edfi m\u1ed9t ng\u00e0y n\u00e0o \u0111\u00f3 trong t\u01b0\u01a1ng lai, nh\u1eefng g\u00ec b\u1ea1n l\u00e0m s\u1ebd ph\u1ea3n chi\u1ebfu \u0111\u1ea7y \u0111\u1ee7 tr\u00ean ch\u00ednh con ng\u01b0\u1eddi v\u00e0 cu\u1ed9c \u0111\u1eddi c\u1ee7a b\u1ea1n.<\/p>\n<p>C\u00c0NG K\u1ef6 LU\u1eacT, C\u00c0NG T\u1ef0 DO &#8211; Mong r\u1eb1ng t\u1ea1i th\u1eddi \u0111i\u1ec3m k\u1ebft th\u00fac h\u00e0nh tr\u00ecnh v\u1edbi cu\u1ed1n s\u00e1ch, b\u1ea1n \u0111\u00e3 l\u00e0 m\u1ed9t phi\u00ean b\u1ea3n kh\u00e1c k\u1ef7 lu\u1eadt h\u01a1n, nh\u01b0ng t\u1ef1 do h\u01a1n.<\/p>\n<p><strong>M\u1ed9t v\u00e0i tr\u00edch d\u1eabn:<\/strong><\/p>\n<p>\u201cB\u1ea1n c\u1ea7n ph\u1ea3i bi\u1ebft r\u1eb1ng t\u00ecnh y\u00eau l\u00e0 hoa th\u00eau tr\u00ean g\u1ea5m. C\u00f3 th\u00ec t\u1ed1t, kh\u00f4ng c\u00f3 c\u0169ng ch\u1eb3ng sao, th\u1ef1c s\u1ef1 kh\u00f4ng \u0111\u00e1ng \u0111\u1ec3 b\u1ea1n v\u00ec n\u00f3 m\u00e0 t\u1eeb b\u1ecf s\u1ef1 nghi\u1ec7p, t\u1eeb b\u1ecf c\u01a1 h\u1ed9i th\u0103ng ti\u1ebfn th\u1eadm ch\u00ed l\u00e0 t\u1eeb b\u1ecf c\u1ea3 cu\u1ed9c \u0111\u1eddi vinh hoa sau n\u00e0y.\u201d<\/p>\n<p>\u201cNh\u1eefng ng\u01b0\u1eddi tr\u01b0\u1edfng th\u00e0nh nh\u01b0 ch\u00fang ta n\u00ean nh\u00ecn cu\u1ed9c s\u1ed1ng r\u1ed9ng h\u01a1n m\u1ed9t ch\u00fat, ghen c\u00f3 th\u1ec3 c\u00f3, t\u1ee9c gi\u1eadn c\u00f3 th\u1ec3 c\u00f3. Th\u1ebf nh\u01b0ng, c\u00f3 nh\u1eefng c\u1ea3m x\u00fac ch\u1ec9 n\u00ean l\u01b0\u1edbt qua trong l\u00f2ng, ng\u00e0y h\u00f4m sau ng\u1ee7 d\u1eady h\u00e3y \u0111\u1ec3 n\u00f3 r\u1eddi \u0111i c\u00f9ng v\u1edbi \u0111\u00eam \u0111en m\u1edbi l\u00e0 c\u00e1ch l\u1ef1a ch\u1ecdn t\u1ed1t nh\u1ea5t.\u201d<\/p>\n<p>\u201cM\u1ed7i ng\u01b0\u1eddi \u0111\u1ec1u c\u00f3 kinh nghi\u1ec7m s\u1ed1ng kh\u00f4ng gi\u1ed1ng nhau, y\u00eau c\u1ea7u kh\u00f4ng gi\u1ed1ng nhau. \u0110i\u1ec1u gi\u1ed1ng nhau l\u00e0 ch\u00fang ta \u0111\u1ec1u n\u00ean t\u00ecm m\u1ecdi c\u00e1ch trau d\u1ed3i kh\u1ea3 n\u0103ng c\u1ee7a b\u1ea3n th\u00e2n \u0111\u1ec3 s\u1ed1ng t\u1ed1t cu\u1ed9c \u0111\u1eddi n\u00e0y.\u201d<\/p>\n  <div class=\"banner-grid-wrapper\">\n  <div id=\"banner-grid-81829607\" class=\"banner-grid row row-grid row-small\" data-packery-options=\"\">\n                      \n<div class=\"col grid-col large-6 grid-col-1\" ><div class=\"col-inner\">\n\t<div class=\"img has-hover x md-x lg-x y md-y lg-y\" id=\"image_847269704\">\n\t\t\t\t\t\t\t\t<div class=\"img-inner dark\" >\n\t\t\t<img loading=\"lazy\" decoding=\"async\" width=\"1020\" height=\"1020\" src=\"https:\/\/sachviet.eu\/wp-content\/uploads\/2021\/02\/122292984_211854676996772_3999641922397507141_o-1024x1024.jpg\" class=\"attachment-large size-large\" alt=\"\" srcset=\"https:\/\/sachviet.eu\/wp-content\/uploads\/2021\/02\/122292984_211854676996772_3999641922397507141_o-1024x1024.jpg 1024w, https:\/\/sachviet.eu\/wp-content\/uploads\/2021\/02\/122292984_211854676996772_3999641922397507141_o-300x300.jpg 300w, https:\/\/sachviet.eu\/wp-content\/uploads\/2021\/02\/122292984_211854676996772_3999641922397507141_o-150x150.jpg 150w, https:\/\/sachviet.eu\/wp-content\/uploads\/2021\/02\/122292984_211854676996772_3999641922397507141_o-768x768.jpg 768w, https:\/\/sachviet.eu\/wp-content\/uploads\/2021\/02\/122292984_211854676996772_3999641922397507141_o-600x600.jpg 600w, https:\/\/sachviet.eu\/wp-content\/uploads\/2021\/02\/122292984_211854676996772_3999641922397507141_o-100x100.jpg 100w, https:\/\/sachviet.eu\/wp-content\/uploads\/2021\/02\/122292984_211854676996772_3999641922397507141_o.jpg 1080w\" sizes=\"auto, (max-width: 1020px) 100vw, 1020px\" \/>\t\t\t\t\t\t\n\t\t\t\t\t<\/div>\n\t\t\t\t\t\t\t\t\n<style>\n#image_847269704 {\n  width: 100%;\n}\n<\/style>\n\t<\/div>\n\t\n<\/div><\/div>\n<div class=\"col grid-col large-6 grid-col-1\" ><div class=\"col-inner\">\n\t<div class=\"img has-hover x md-x lg-x y md-y lg-y\" id=\"image_383773262\">\n\t\t\t\t\t\t\t\t<div class=\"img-inner dark\" >\n\t\t\t<img loading=\"lazy\" decoding=\"async\" width=\"768\" height=\"1024\" src=\"https:\/\/sachviet.eu\/wp-content\/uploads\/2021\/02\/121733014_3467134733375631_6921918914141610496_o-768x1024.jpg\" class=\"attachment-large size-large\" alt=\"\" srcset=\"https:\/\/sachviet.eu\/wp-content\/uploads\/2021\/02\/121733014_3467134733375631_6921918914141610496_o-768x1024.jpg 768w, https:\/\/sachviet.eu\/wp-content\/uploads\/2021\/02\/121733014_3467134733375631_6921918914141610496_o-225x300.jpg 225w, https:\/\/sachviet.eu\/wp-content\/uploads\/2021\/02\/121733014_3467134733375631_6921918914141610496_o-1152x1536.jpg 1152w, https:\/\/sachviet.eu\/wp-content\/uploads\/2021\/02\/121733014_3467134733375631_6921918914141610496_o-600x800.jpg 600w, https:\/\/sachviet.eu\/wp-content\/uploads\/2021\/02\/121733014_3467134733375631_6921918914141610496_o.jpg 1536w\" sizes=\"auto, (max-width: 768px) 100vw, 768px\" \/>\t\t\t\t\t\t\n\t\t\t\t\t<\/div>\n\t\t\t\t\t\t\t\t\n<style>\n#image_383773262 {\n  width: 100%;\n}\n<\/style>\n\t<\/div>\n\t\n<\/div><\/div>\n            <\/div>\n    <style>\n    #banner-grid-81829607 .grid-col-1{height: 600px}\n    #banner-grid-81829607 .grid-col-1-2{height: 300px}\n    #banner-grid-81829607 .grid-col-1-3{height:200px}\n    #banner-grid-81829607 .grid-col-2-3{height: 400px}\n    #banner-grid-81829607 .grid-col-1-4{height: 150px}\n    #banner-grid-81829607 .grid-col-3-4{height: 450px}\n\n\n    \n    \n\n  <\/style>\n    <\/div>\n  \n","protected":false},"excerpt":{"rendered":"<p>K\u1ef6 LU\u1eacT v\u1ed1n l\u00e0 v\u00e1n c\u1edd b\u1ea1n ph\u1ea3i t\u1ef1 \u0111\u1ea5u v\u1edbi ch\u00ednh m\u00ecnh. Th\u1eafng &#8211; b\u1ea1n s\u1ebd c\u00f3 \u0111\u01b0\u1ee3c \u201cb\u1ea3n n\u0103ng c\u1ee7a ng\u01b0\u1eddi m\u1ea1nh m\u1ebd nh\u1ea5t\u201d, \u0111\u00f3 l\u00e0 s\u1ef1 t\u1ef1 ki\u1ec3m so\u00e1t b\u1ea3n th\u00e2n. Thua &#8211; b\u1ea1n m\u00e3i s\u1ed1ng trong c\u1ea3m gi\u00e1c t\u1ea1m b\u1ee3, nu\u1ed1i ti\u1ebfc. C\u00e0ng d\u1ec5 d\u00e0ng dung t\u00fang cho nh\u1eefng th\u00f3i quen tr\u00ec ho\u00e3n bao nhi\u00eau, cu\u1ed9c s\u1ed1ng c\u1ee7a b\u1ea1n s\u1ebd \u0111i c\u00e0ng nhanh t\u1edbi s\u1ef1 m\u1ea5t ki\u1ec3m so\u00e1t v\u00e0 thi\u1ebfu quy ho\u1ea1ch b\u1ea5y nhi\u00eau.<\/p>\n<p>H\u00e3y ki\u00ean tr\u00ec \u0111\u1eb7t ra y\u00eau c\u1ea7u cao v\u1edbi b\u1ea3n th\u00e2n, t\u1eeb ch\u1ed1i s\u1ef1 m\u00ea ho\u1eb7c c\u1ee7a th\u00f3i t\u00f9y ti\u1ec7n \u0111\u1ed3ng th\u1eddi thi\u1ebft l\u1eadp cho m\u00ecnh nh\u1eefng th\u00f3i quen t\u1ed1t trong h\u00e0nh vi th\u01b0\u1eddng ng\u00e0y. S\u1ef1 n\u1ed7 l\u1ef1c s\u1ebd lu\u00f4n \u0111\u01b0\u1ee3c \u0111\u1ec1n \u0111\u00e1p x\u1ee9ng \u0111\u00e1ng n\u1ebfu b\u1ea1n bi\u1ebft c\u00e1ch \u0111\u1ea7u t\u01b0 c\u00f4ng s\u1ee9c v\u00e0 th\u1eddi gian. B\u1edfi m\u1ed9t ng\u00e0y n\u00e0o \u0111\u00f3 trong t\u01b0\u01a1ng lai, nh\u1eefng g\u00ec b\u1ea1n l\u00e0m s\u1ebd ph\u1ea3n chi\u1ebfu \u0111\u1ea7y \u0111\u1ee7 tr\u00ean ch\u00ednh con ng\u01b0\u1eddi v\u00e0 cu\u1ed9c \u0111\u1eddi c\u1ee7a b\u1ea1n. <\/p>\n<p>C\u00c0NG K\u1ef6 LU\u1eacT, C\u00c0NG T\u1ef0 DO &#8211; Mong r\u1eb1ng t\u1ea1i th\u1eddi \u0111i\u1ec3m k\u1ebft th\u00fac h\u00e0nh tr\u00ecnh v\u1edbi cu\u1ed1n s\u00e1ch, b\u1ea1n \u0111\u00e3 l\u00e0 m\u1ed9t phi\u00ean b\u1ea3n kh\u00e1c k\u1ef7 lu\u1eadt h\u01a1n, nh\u01b0ng t\u1ef1 do h\u01a1n.<\/p>\n","protected":false},"featured_media":1370,"template":"","meta":{"_acf_changed":false},"product_brand":[],"product_cat":[15,46],"product_tag":[],"class_list":{"0":"post-1383","1":"product","2":"type-product","3":"status-publish","4":"has-post-thumbnail","6":"product_cat-sach-danh-cho-nguoi-lon","7":"product_cat-ky-nang-song","9":"first","10":"outofstock","11":"taxable","12":"shipping-taxable","13":"purchasable","14":"product-type-simple"},"supplier_id":null,"supplier_sku":"","barcode":null,"atum_controlled":true,"out_stock_date":"2023-08-16 07:46:33","out_stock_threshold":null,"inheritable":false,"inbound_stock":1,"stock_on_hold":0,"sold_today":0,"sales_last_days":0,"reserved_stock":0,"customer_returns":0,"warehouse_damage":0,"lost_in_post":0,"other_logs":0,"out_stock_days":896,"lost_sales":0,"has_location":false,"update_date":"2026-01-28T23:10:29","atum_locations":[],"atum_stock_status":"outofstock","restock_status":false,"low_stock_amount":"","sales_update_date":"2026-01-28T23:10:29","calc_backorders":null,"acf":{"publisher":{"ID":1456,"post_author":"1","post_date":"2021-02-17 01:12:21","post_date_gmt":"2021-02-16 23:12:21","post_content":"<!-- wp:flatsome\/uxbuilder -->\n<h1 style=\"text-align: center;\"><strong>Bloom Books<\/strong><\/h1>\n[row]\n\n[col span=\"2\" span__sm=\"12\"]\n\n[ux_image id=\"1691\" image_size=\"medium\"]\n\n\n[\/col]\n[col span=\"10\" span__sm=\"12\"]\n\n<p>Bloom Books - Th\u01b0\u01a1ng hi\u1ec7u s\u00e1ch Truy\u1ec1n c\u1ea3m h\u1ee9ng \u0111\u1ea7u ti\u00ean d\u00e0nh cho gi\u1edbi tr\u1ebb Vi\u1ec7t, \u0111\u01b0\u1ee3c th\u00e0nh l\u1eadp t\u1eeb th\u00e1ng 5\/2015.<br \/>\"Khi ngh\u0129 \u0111\u1ebfn m\u1ed9t t\u1eeb \u0111\u1ec3 \u0111\u1eb7t t\u00ean cho th\u01b0\u01a1ng hi\u1ec7u, t\u00f4i \u0111\u00e3 r\u1ea5t ph\u00e2n v\u00e2n. T\u00f4i mu\u1ed1n n\u00f3 l\u00e0 m\u1ed9t \u0111i\u1ec1u g\u00ec \u0111\u00f3 xinh \u0111\u1eb9p, nh\u01b0 m\u1ed9t \u0111\u00f3a hoa, nh\u01b0 m\u00f9a xu\u00e2n v\u00e0 tr\u00e0n \u0111\u1ea7y c\u1ea3m h\u1ee9ng.<br \/>C\u00e1i t\u00ean Bloom Books ra \u0111\u1eddi gi\u1ea3n \u0111\u01a1n nh\u01b0 th\u1ebf. Bloom - l\u00e0 m\u1ed9t \u0111\u00f3a hoa \u0111ang n\u1edf r\u1ed9, v\u00e0 c\u0169ng nh\u01b0 m\u1ed9t n\u1ee5 c\u01b0\u1eddi. T\u00f4i th\u1eadt mong nh\u1eefng cu\u1ed1n s\u00e1ch c\u1ee7a Bloom Books s\u1ebd m\u00e3i mang \u0111\u1ebfn ni\u1ec1m vui, s\u1ef1 t\u01b0\u01a1i m\u1edbi v\u00e0 h\u1ee9ng kh\u1edfi D\u00c1M \u0111\u1ed5i thay cho b\u1ea5t c\u1ee9 ai \u0111\u1ecdc n\u00f3.\"<\/p>\n\n[\/col]\n\n[\/row]\n\n<!-- \/wp:flatsome\/uxbuilder -->","post_title":"Bloom Books","post_excerpt":"","post_status":"publish","comment_status":"closed","ping_status":"closed","post_password":"","post_name":"bloom-books","to_ping":"","pinged":"","post_modified":"2021-02-17 01:42:43","post_modified_gmt":"2021-02-16 23:42:43","post_content_filtered":"","post_parent":0,"guid":"https:\/\/sachviet.eu\/nha-phat-hanh\/bloom-books\/","menu_order":0,"post_type":"publisher","post_mime_type":"","comment_count":"0","filter":"raw"}},"_links":{"self":[{"href":"https:\/\/sachviet.eu\/en\/wp-json\/wp\/v2\/product\/1383","targetHints":{"allow":["GET"]}}],"collection":[{"href":"https:\/\/sachviet.eu\/en\/wp-json\/wp\/v2\/product"}],"about":[{"href":"https:\/\/sachviet.eu\/en\/wp-json\/wp\/v2\/types\/product"}],"wp:featuredmedia":[{"embeddable":true,"href":"https:\/\/sachviet.eu\/en\/wp-json\/wp\/v2\/media\/1370"}],"wp:attachment":[{"href":"https:\/\/sachviet.eu\/en\/wp-json\/wp\/v2\/media?parent=1383"}],"wp:term":[{"taxonomy":"product_brand","embeddable":true,"href":"https:\/\/sachviet.eu\/en\/wp-json\/wp\/v2\/product_brand?post=1383"},{"taxonomy":"product_cat","embeddable":true,"href":"https:\/\/sachviet.eu\/en\/wp-json\/wp\/v2\/product_cat?post=1383"},{"taxonomy":"product_tag","embeddable":true,"href":"https:\/\/sachviet.eu\/en\/wp-json\/wp\/v2\/product_tag?post=1383"}],"curies":[{"name":"wp","href":"https:\/\/api.w.org\/{rel}","templated":true}]}}