{"id":13812,"date":"2021-07-02T21:03:48","date_gmt":"2021-07-02T18:03:48","guid":{"rendered":"https:\/\/sachviet.eu\/shop\/bo-sach-noi-sao-cho-con-hieu-giup-be-cham-soc-ban-than-bo-7-quyen\/"},"modified":"2021-08-10T08:16:01","modified_gmt":"2021-08-10T05:16:01","slug":"bo-sach-noi-sao-cho-con-hieu-giup-be-cham-soc-ban-than-bo-7-quyen","status":"publish","type":"product","link":"https:\/\/sachviet.eu\/en\/shop\/bo-sach-noi-sao-cho-con-hieu-giup-be-cham-soc-ban-than-bo-7-quyen\/","title":{"rendered":"B\u1ed9 S\u00e1ch N\u00f3i Sao Cho Con Hi\u1ec3u &#8211; Gi\u00fap B\u00e9 Ch\u0103m S\u00f3c B\u1ea3n Th\u00e2n (B\u1ed9 7 quy\u1ec3n)"},"content":{"rendered":"<p>Nh\u1eefng l\u1eddi c\u0103n d\u1eb7n, gi\u1ea3i th\u00edch \u00e2n c\u1ea7n, d\u1ec5 hi\u1ec3u c\u1ee7a b\u1ed1 trong s\u00e1ch s\u1ebd gi\u00fap con bi\u1ebft y\u00eau qu\u00fd c\u01a1 th\u1ec3 m\u00ecnh, bi\u1ebft t\u1ef1 ch\u0103m s\u00f3c b\u1ea3n th\u00e2n \u0111\u1ec3 s\u1ed1ng kh\u1ecfe m\u1ea1nh. Bi\u1ebft t\u1ef1 ch\u0103m s\u00f3c b\u1ea3n th\u00e2n l\u00e0 b\u00e9 \u0111\u00e3 tr\u01b0\u1edfng th\u00e0nh.<\/p>\n<p>B\u1ed9 s\u00e1ch g\u1ed3m c\u00e1c t\u1ef1a:<\/p>\n<p>B\u00e1c s\u0129 l\u00e0 b\u1ea1n c\u1ee7a con<\/p>\n<p>V\u00ec sao kh\u00f4ng n\u00ean \u0103n k\u1eb9o tr\u01b0\u1edbc khi \u0111i ng\u1ee7<\/p>\n<p>V\u00ec sao ph\u1ea3i \u0111i ng\u1ee7<\/p>\n<p>V\u00ec sao ph\u1ea3i \u0111i v\u1ec7 sinh \u0111\u00fang l\u00fac<\/p>\n<p>V\u00ec sao ph\u1ea3i t\u1eafm<\/p>\n<p>V\u00ec sao ph\u1ea3i t\u1eadp th\u1ec3 d\u1ee5c<\/p>\n<p>V\u00ec sao ph\u1ea3i u\u1ed1ng s\u1eefa<\/p>\n","protected":false},"excerpt":{"rendered":"<p>Nh\u1eefng l\u1eddi c\u0103n d\u1eb7n, gi\u1ea3i th\u00edch \u00e2n c\u1ea7n, d\u1ec5 hi\u1ec3u c\u1ee7a b\u1ed1 trong s\u00e1ch s\u1ebd gi\u00fap con bi\u1ebft y\u00eau qu\u00fd c\u01a1 th\u1ec3 m\u00ecnh, bi\u1ebft t\u1ef1 ch\u0103m s\u00f3c b\u1ea3n th\u00e2n \u0111\u1ec3 s\u1ed1ng kh\u1ecfe m\u1ea1nh. Bi\u1ebft t\u1ef1 ch\u0103m s\u00f3c b\u1ea3n th\u00e2n l\u00e0 b\u00e9 \u0111\u00e3 tr\u01b0\u1edfng th\u00e0nh.<\/p>\n<p>B\u1ed9 s\u00e1ch g\u1ed3m c\u00e1c t\u1ef1a:<\/p>\n<p>B\u00e1c s\u0129 l\u00e0 b\u1ea1n c\u1ee7a con<\/p>\n<p>V\u00ec sao kh\u00f4ng n\u00ean \u0103n k\u1eb9o tr\u01b0\u1edbc khi \u0111i ng\u1ee7<\/p>\n<p>V\u00ec sao ph\u1ea3i \u0111i ng\u1ee7<\/p>\n<p>V\u00ec sao ph\u1ea3i \u0111i v\u1ec7 sinh \u0111\u00fang l\u00fac<\/p>\n<p>V\u00ec sao ph\u1ea3i t\u1eafm<\/p>\n<p>V\u00ec sao ph\u1ea3i t\u1eadp th\u1ec3 d\u1ee5c<\/p>\n<p>V\u00ec sao ph\u1ea3i u\u1ed1ng s\u1eefa<\/p>\n","protected":false},"featured_media":13805,"template":"","meta":{"_acf_changed":false},"product_brand":[],"product_cat":[24,25,17],"product_tag":[],"class_list":{"0":"post-13812","1":"product","2":"type-product","3":"status-publish","4":"has-post-thumbnail","6":"product_cat-nha-tre-mau-giao-0-tuoi-6-tuoi","7":"product_cat-nhi-dong-6-tuoi-12-tuoi","8":"product_cat-sach-danh-cho-cac-be","10":"first","11":"outofstock","12":"taxable","13":"shipping-taxable","14":"purchasable","15":"product-type-simple"},"supplier_id":null,"supplier_sku":"","barcode":null,"atum_controlled":true,"out_stock_date":"2021-08-10 05:16:01","out_stock_threshold":null,"inheritable":false,"inbound_stock":0,"stock_on_hold":0,"sold_today":0,"sales_last_days":0,"reserved_stock":0,"customer_returns":0,"warehouse_damage":0,"lost_in_post":0,"other_logs":0,"out_stock_days":1632,"lost_sales":0,"has_location":false,"update_date":"2026-01-28T23:10:53","atum_locations":[],"atum_stock_status":"outofstock","restock_status":false,"low_stock_amount":"","sales_update_date":"2026-01-28T23:10:53","calc_backorders":null,"acf":{"publisher":{"ID":1517,"post_author":"1","post_date":"2021-02-17 01:14:41","post_date_gmt":"2021-02-16 23:14:41","post_content":"","post_title":"NXB Tr\u1ebb","post_excerpt":"","post_status":"publish","comment_status":"closed","ping_status":"closed","post_password":"","post_name":"nxb-tre","to_ping":"","pinged":"","post_modified":"2021-02-17 01:14:41","post_modified_gmt":"2021-02-16 23:14:41","post_content_filtered":"","post_parent":0,"guid":"https:\/\/sachviet.eu\/nha-phat-hanh\/nxb-tre\/","menu_order":0,"post_type":"publisher","post_mime_type":"","comment_count":"0","filter":"raw"}},"_links":{"self":[{"href":"https:\/\/sachviet.eu\/en\/wp-json\/wp\/v2\/product\/13812","targetHints":{"allow":["GET"]}}],"collection":[{"href":"https:\/\/sachviet.eu\/en\/wp-json\/wp\/v2\/product"}],"about":[{"href":"https:\/\/sachviet.eu\/en\/wp-json\/wp\/v2\/types\/product"}],"wp:featuredmedia":[{"embeddable":true,"href":"https:\/\/sachviet.eu\/en\/wp-json\/wp\/v2\/media\/13805"}],"wp:attachment":[{"href":"https:\/\/sachviet.eu\/en\/wp-json\/wp\/v2\/media?parent=13812"}],"wp:term":[{"taxonomy":"product_brand","embeddable":true,"href":"https:\/\/sachviet.eu\/en\/wp-json\/wp\/v2\/product_brand?post=13812"},{"taxonomy":"product_cat","embeddable":true,"href":"https:\/\/sachviet.eu\/en\/wp-json\/wp\/v2\/product_cat?post=13812"},{"taxonomy":"product_tag","embeddable":true,"href":"https:\/\/sachviet.eu\/en\/wp-json\/wp\/v2\/product_tag?post=13812"}],"curies":[{"name":"wp","href":"https:\/\/api.w.org\/{rel}","templated":true}]}}