{"id":13804,"date":"2021-07-02T21:03:10","date_gmt":"2021-07-02T18:03:10","guid":{"rendered":"https:\/\/sachviet.eu\/shop\/bo-sach-noi-sao-cho-con-hieu-giup-be-khoe-manh-an-toan-bo-7-quyen\/"},"modified":"2021-08-10T08:16:00","modified_gmt":"2021-08-10T05:16:00","slug":"bo-sach-noi-sao-cho-con-hieu-giup-be-khoe-manh-an-toan-bo-7-quyen","status":"publish","type":"product","link":"https:\/\/sachviet.eu\/en\/shop\/bo-sach-noi-sao-cho-con-hieu-giup-be-khoe-manh-an-toan-bo-7-quyen\/","title":{"rendered":"B\u1ed9 S\u00e1ch N\u00f3i Sao Cho Con Hi\u1ec3u &#8211; Gi\u00fap B\u00e9 Kho\u1ebb M\u1ea1nh &#8211; An To\u00e0n (B\u1ed9 7 quy\u1ec3n)"},"content":{"rendered":"<p>H\u1ea1nh ph\u00fac c\u1ee7a cha m\u1eb9 l\u00e0 \u0111\u01b0\u1ee3c nh\u00ecn th\u1ea5y con kh\u1ecfe m\u1ea1nh an to\u00e0n trong v\u00f2ng tay y\u00eau th\u01b0\u01a1ng c\u1ee7a m\u00ecnh. N\u1ebfu con bi\u1ebft t\u1ef1 ch\u0103m s\u00f3c b\u1ea3n th\u00e2n \u0111\u1ec3 t\u1ef1 kh\u1ecfe m\u1ea1nh an to\u00e0n th\u00ec c\u00f2n h\u1ea1nh ph\u00fac n\u00e0o h\u01a1n. B\u1ed1 m\u1eb9 h\u00e3y th\u1ee7 th\u1ec9 c\u00f9ng con \u0111\u1ec3 con hi\u1ec3u v\u00e0 t\u1ef1 gi\u00e1c th\u1ef1c hi\u1ec7n nh\u1eefng vi\u1ec7c c\u1ea7n l\u00e0m \u0111\u1ec3 lu\u00f4n \u0111\u01b0\u1ee3c kh\u1ecfe m\u1ea1nh v\u00e0 an to\u00e0n nh\u00e9.<\/p>\n<p>B\u1ed9 s\u00e1ch g\u1ed3m c\u00e1c t\u1ef1a:<\/p>\n<p>C\u00e2u chuy\u1ec7n m\u0169 b\u1ea3o hi\u1ec3m hay t\u1ef1 b\u1ea3o v\u1ec7 m\u00ecnh<\/p>\n<p>V\u00ec sao c\u1ea7n n\u1eafng<\/p>\n<p>V\u00ec sao ph\u1ea3i \u0111eo kh\u1ea9u trang<\/p>\n<p>V\u00ec sao ph\u1ea3i d\u00f9ng kem ch\u1ed1ng n\u1eafng<\/p>\n<p>V\u00ec sao ph\u1ea3i ng\u1ed3i xa m\u00e0n h\u00ecnh Tivi<\/p>\n<p>B\u00e9 s\u1ebd l\u00e0m g\u00ec n\u1ebfu b\u1ecb l\u1ea1c<\/p>\n<p>B\u1ed1 con ta c\u00f9ng chi\u1ebfn th\u1eafng n\u1ed7i s\u1ee3<\/p>\n","protected":false},"excerpt":{"rendered":"<p>H\u1ea1nh ph\u00fac c\u1ee7a cha m\u1eb9 l\u00e0 \u0111\u01b0\u1ee3c nh\u00ecn th\u1ea5y con kh\u1ecfe m\u1ea1nh an to\u00e0n trong v\u00f2ng tay y\u00eau th\u01b0\u01a1ng c\u1ee7a m\u00ecnh. N\u1ebfu con bi\u1ebft t\u1ef1 ch\u0103m s\u00f3c b\u1ea3n th\u00e2n \u0111\u1ec3 t\u1ef1 kh\u1ecfe m\u1ea1nh an to\u00e0n th\u00ec c\u00f2n h\u1ea1nh ph\u00fac n\u00e0o h\u01a1n. B\u1ed1 m\u1eb9 h\u00e3y th\u1ee7 th\u1ec9 c\u00f9ng con \u0111\u1ec3 con hi\u1ec3u v\u00e0 t\u1ef1 gi\u00e1c th\u1ef1c hi\u1ec7n nh\u1eefng vi\u1ec7c c\u1ea7n l\u00e0m \u0111\u1ec3 lu\u00f4n \u0111\u01b0\u1ee3c kh\u1ecfe m\u1ea1nh v\u00e0 an to\u00e0n nh\u00e9.<\/p>\n<p>B\u1ed9 s\u00e1ch g\u1ed3m c\u00e1c t\u1ef1a:<\/p>\n<p>C\u00e2u chuy\u1ec7n m\u0169 b\u1ea3o hi\u1ec3m hay t\u1ef1 b\u1ea3o v\u1ec7 m\u00ecnh<\/p>\n<p>V\u00ec sao c\u1ea7n n\u1eafng<\/p>\n<p>V\u00ec sao ph\u1ea3i \u0111eo kh\u1ea9u trang<\/p>\n<p>V\u00ec sao ph\u1ea3i d\u00f9ng kem ch\u1ed1ng n\u1eafng<\/p>\n<p>V\u00ec sao ph\u1ea3i ng\u1ed3i xa m\u00e0n h\u00ecnh Tivi<\/p>\n<p>B\u00e9 s\u1ebd l\u00e0m g\u00ec n\u1ebfu b\u1ecb l\u1ea1c<\/p>\n<p>B\u1ed1 con ta c\u00f9ng chi\u1ebfn th\u1eafng n\u1ed7i s\u1ee3<\/p>\n","protected":false},"featured_media":13795,"template":"","meta":{"_acf_changed":false},"product_brand":[],"product_cat":[24,25,17],"product_tag":[],"class_list":{"0":"post-13804","1":"product","2":"type-product","3":"status-publish","4":"has-post-thumbnail","6":"product_cat-nha-tre-mau-giao-0-tuoi-6-tuoi","7":"product_cat-nhi-dong-6-tuoi-12-tuoi","8":"product_cat-sach-danh-cho-cac-be","10":"first","11":"outofstock","12":"taxable","13":"shipping-taxable","14":"purchasable","15":"product-type-simple"},"supplier_id":null,"supplier_sku":"","barcode":null,"atum_controlled":true,"out_stock_date":"2021-08-10 05:16:00","out_stock_threshold":null,"inheritable":false,"inbound_stock":0,"stock_on_hold":0,"sold_today":0,"sales_last_days":0,"reserved_stock":0,"customer_returns":0,"warehouse_damage":0,"lost_in_post":0,"other_logs":0,"out_stock_days":1632,"lost_sales":0,"has_location":false,"update_date":"2026-01-28T23:10:53","atum_locations":[],"atum_stock_status":"outofstock","restock_status":false,"low_stock_amount":"","sales_update_date":"2026-01-28T23:10:53","calc_backorders":null,"acf":{"publisher":{"ID":1517,"post_author":"1","post_date":"2021-02-17 01:14:41","post_date_gmt":"2021-02-16 23:14:41","post_content":"","post_title":"NXB Tr\u1ebb","post_excerpt":"","post_status":"publish","comment_status":"closed","ping_status":"closed","post_password":"","post_name":"nxb-tre","to_ping":"","pinged":"","post_modified":"2021-02-17 01:14:41","post_modified_gmt":"2021-02-16 23:14:41","post_content_filtered":"","post_parent":0,"guid":"https:\/\/sachviet.eu\/nha-phat-hanh\/nxb-tre\/","menu_order":0,"post_type":"publisher","post_mime_type":"","comment_count":"0","filter":"raw"}},"_links":{"self":[{"href":"https:\/\/sachviet.eu\/en\/wp-json\/wp\/v2\/product\/13804","targetHints":{"allow":["GET"]}}],"collection":[{"href":"https:\/\/sachviet.eu\/en\/wp-json\/wp\/v2\/product"}],"about":[{"href":"https:\/\/sachviet.eu\/en\/wp-json\/wp\/v2\/types\/product"}],"wp:featuredmedia":[{"embeddable":true,"href":"https:\/\/sachviet.eu\/en\/wp-json\/wp\/v2\/media\/13795"}],"wp:attachment":[{"href":"https:\/\/sachviet.eu\/en\/wp-json\/wp\/v2\/media?parent=13804"}],"wp:term":[{"taxonomy":"product_brand","embeddable":true,"href":"https:\/\/sachviet.eu\/en\/wp-json\/wp\/v2\/product_brand?post=13804"},{"taxonomy":"product_cat","embeddable":true,"href":"https:\/\/sachviet.eu\/en\/wp-json\/wp\/v2\/product_cat?post=13804"},{"taxonomy":"product_tag","embeddable":true,"href":"https:\/\/sachviet.eu\/en\/wp-json\/wp\/v2\/product_tag?post=13804"}],"curies":[{"name":"wp","href":"https:\/\/api.w.org\/{rel}","templated":true}]}}