{"id":13794,"date":"2021-07-02T21:02:30","date_gmt":"2021-07-02T18:02:30","guid":{"rendered":"https:\/\/sachviet.eu\/shop\/bo-sach-noi-sao-cho-con-hieu-giup-be-hoan-thien-nhan-cach-bo-7-quyen\/"},"modified":"2021-08-10T08:16:00","modified_gmt":"2021-08-10T05:16:00","slug":"bo-sach-noi-sao-cho-con-hieu-giup-be-hoan-thien-nhan-cach-bo-7-quyen","status":"publish","type":"product","link":"https:\/\/sachviet.eu\/en\/shop\/bo-sach-noi-sao-cho-con-hieu-giup-be-hoan-thien-nhan-cach-bo-7-quyen\/","title":{"rendered":"B\u1ed9 S\u00e1ch N\u00f3i Sao Cho Con Hi\u1ec3u &#8211; Gi\u00fap B\u00e9 Ho\u00e0n Thi\u1ec7n Nh\u00e2n C\u00e1ch (B\u1ed9 7 quy\u1ec3n)"},"content":{"rendered":"<p>Nh\u1eefng c\u00e2u h\u1ecfi t\u01b0\u1edfng d\u1ec5 m\u00e0 kh\u00f4ng d\u1ec5 c\u1ee7a b\u00e9 \u0111\u00f4i khi khi\u1ebfn b\u1ed1 m\u1eb9 l\u00fang t\u00fang \u0111\u01b0\u1ee3c tr\u00ecnh b\u00e0y v\u1eeba s\u00fac t\u00edch, gi\u1ea3n d\u1ecb l\u1ea1i r\u1ea5t nh\u00e2n v\u0103n: n\u00f3i sao cho con hi\u1ec3u, n\u00f3i sao cho con c\u1ea3m nh\u1eadn \u0111\u01b0\u1ee3c c\u00e1i \u0111\u00fang, c\u00e1i hay, n\u00f3i sao cho con nghe v\u00e0 l\u00e0m theo \u0111\u1ec3 t\u1eeb \u0111\u00f3 con ho\u00e0n thi\u1ec7n nh\u00e2n c\u00e1ch.<\/p>\n<p>B\u1ed9 s\u00e1ch g\u1ed3m c\u00e1c t\u1ef1a:<\/p>\n<p>Th\u1ebf n\u00e0o l\u00e0 n\u00f3i b\u1eady<\/p>\n<p>T\u00ecnh y\u00eau l\u00e0 g\u00ec<\/p>\n<p>V\u00ec sao c\u1ea7n c\u00f3 b\u1ea1n<\/p>\n<p>V\u00ec sao c\u00f3 m\u1ed9t ng\u00e0y g\u1ecdi l\u00e0 sinh nh\u1eadt<\/p>\n<p>V\u00ec sao kh\u00f4ng n\u00ean n\u00f3i d\u1ed1i<\/p>\n<p>V\u00ec sao ph\u1ea3i t\u1eadp trung<\/p>\n<p>V\u00ec sao ph\u1ea3i ti\u1ebft ki\u1ec7m<\/p>\n","protected":false},"excerpt":{"rendered":"<p>Nh\u1eefng c\u00e2u h\u1ecfi t\u01b0\u1edfng d\u1ec5 m\u00e0 kh\u00f4ng d\u1ec5 c\u1ee7a b\u00e9 \u0111\u00f4i khi khi\u1ebfn b\u1ed1 m\u1eb9 l\u00fang t\u00fang \u0111\u01b0\u1ee3c tr\u00ecnh b\u00e0y v\u1eeba s\u00fac t\u00edch, gi\u1ea3n d\u1ecb l\u1ea1i r\u1ea5t nh\u00e2n v\u0103n: n\u00f3i sao cho con hi\u1ec3u, n\u00f3i sao cho con c\u1ea3m nh\u1eadn \u0111\u01b0\u1ee3c c\u00e1i \u0111\u00fang, c\u00e1i hay, n\u00f3i sao cho con nghe v\u00e0 l\u00e0m theo \u0111\u1ec3 t\u1eeb \u0111\u00f3 con ho\u00e0n thi\u1ec7n nh\u00e2n c\u00e1ch.<\/p>\n<p>B\u1ed9 s\u00e1ch g\u1ed3m c\u00e1c t\u1ef1a:<\/p>\n<p>Th\u1ebf n\u00e0o l\u00e0 n\u00f3i b\u1eady<\/p>\n<p>T\u00ecnh y\u00eau l\u00e0 g\u00ec<\/p>\n<p>V\u00ec sao c\u1ea7n c\u00f3 b\u1ea1n<\/p>\n<p>V\u00ec sao c\u00f3 m\u1ed9t ng\u00e0y g\u1ecdi l\u00e0 sinh nh\u1eadt<\/p>\n<p>V\u00ec sao kh\u00f4ng n\u00ean n\u00f3i d\u1ed1i<\/p>\n<p>V\u00ec sao ph\u1ea3i t\u1eadp trung<\/p>\n<p>V\u00ec sao ph\u1ea3i ti\u1ebft ki\u1ec7m<\/p>\n","protected":false},"featured_media":13793,"template":"","meta":{"_acf_changed":false},"product_brand":[],"product_cat":[24,25,17],"product_tag":[],"class_list":{"0":"post-13794","1":"product","2":"type-product","3":"status-publish","4":"has-post-thumbnail","6":"product_cat-nha-tre-mau-giao-0-tuoi-6-tuoi","7":"product_cat-nhi-dong-6-tuoi-12-tuoi","8":"product_cat-sach-danh-cho-cac-be","10":"first","11":"outofstock","12":"taxable","13":"shipping-taxable","14":"purchasable","15":"product-type-simple"},"supplier_id":null,"supplier_sku":"","barcode":null,"atum_controlled":true,"out_stock_date":"2021-08-10 05:16:00","out_stock_threshold":null,"inheritable":false,"inbound_stock":0,"stock_on_hold":0,"sold_today":0,"sales_last_days":0,"reserved_stock":0,"customer_returns":0,"warehouse_damage":0,"lost_in_post":0,"other_logs":0,"out_stock_days":1632,"lost_sales":0,"has_location":false,"update_date":"2026-01-28T23:10:53","atum_locations":[],"atum_stock_status":"outofstock","restock_status":false,"low_stock_amount":"","sales_update_date":"2026-01-28T23:10:53","calc_backorders":null,"acf":{"publisher":{"ID":1517,"post_author":"1","post_date":"2021-02-17 01:14:41","post_date_gmt":"2021-02-16 23:14:41","post_content":"","post_title":"NXB Tr\u1ebb","post_excerpt":"","post_status":"publish","comment_status":"closed","ping_status":"closed","post_password":"","post_name":"nxb-tre","to_ping":"","pinged":"","post_modified":"2021-02-17 01:14:41","post_modified_gmt":"2021-02-16 23:14:41","post_content_filtered":"","post_parent":0,"guid":"https:\/\/sachviet.eu\/nha-phat-hanh\/nxb-tre\/","menu_order":0,"post_type":"publisher","post_mime_type":"","comment_count":"0","filter":"raw"}},"_links":{"self":[{"href":"https:\/\/sachviet.eu\/en\/wp-json\/wp\/v2\/product\/13794","targetHints":{"allow":["GET"]}}],"collection":[{"href":"https:\/\/sachviet.eu\/en\/wp-json\/wp\/v2\/product"}],"about":[{"href":"https:\/\/sachviet.eu\/en\/wp-json\/wp\/v2\/types\/product"}],"wp:featuredmedia":[{"embeddable":true,"href":"https:\/\/sachviet.eu\/en\/wp-json\/wp\/v2\/media\/13793"}],"wp:attachment":[{"href":"https:\/\/sachviet.eu\/en\/wp-json\/wp\/v2\/media?parent=13794"}],"wp:term":[{"taxonomy":"product_brand","embeddable":true,"href":"https:\/\/sachviet.eu\/en\/wp-json\/wp\/v2\/product_brand?post=13794"},{"taxonomy":"product_cat","embeddable":true,"href":"https:\/\/sachviet.eu\/en\/wp-json\/wp\/v2\/product_cat?post=13794"},{"taxonomy":"product_tag","embeddable":true,"href":"https:\/\/sachviet.eu\/en\/wp-json\/wp\/v2\/product_tag?post=13794"}],"curies":[{"name":"wp","href":"https:\/\/api.w.org\/{rel}","templated":true}]}}