{"id":13788,"date":"2021-07-02T21:02:15","date_gmt":"2021-07-02T18:02:15","guid":{"rendered":"https:\/\/sachviet.eu\/shop\/combo-ehon-song-ngu-i-am-an-artist-to-la-nghe-si-my-grandpa-ong-to-the-king-cat-vua-meo-bo-3-quyen\/"},"modified":"2024-08-19T11:24:53","modified_gmt":"2024-08-19T08:24:53","slug":"combo-ehon-song-ngu-i-am-an-artist-to-la-nghe-si-my-grandpa-ong-to-the-king-cat-vua-meo-bo-3-quyen","status":"publish","type":"product","link":"https:\/\/sachviet.eu\/en\/shop\/combo-ehon-song-ngu-i-am-an-artist-to-la-nghe-si-my-grandpa-ong-to-the-king-cat-vua-meo-bo-3-quyen\/","title":{"rendered":"Combo Ehon Song Ng\u1eef: I Am An Artist &#8211; T\u1edb L\u00e0 Ngh\u1ec7 S\u0129 + My Grandpa &#8211; \u00d4ng T\u1edb + The King Cat &#8211; Vua M\u00e8o (B\u1ed9 3  quy\u1ec3n)"},"content":{"rendered":"<p>Trong m\u1ed9t ng\u00f4i nh\u00e0, ch\u00fa m\u00e8o nh\u1ecf l\u00e0 con v\u1eadt duy nh\u1ea5t \u0111\u01b0\u1ee3c nu\u00f4i v\u00e0 tr\u1edf \u201cVua\u201d c\u1ee7a ng\u00f4i nh\u00e0 \u0111\u00f3, \u0111\u01b0\u1ee3c \u0103n u\u1ed1ng th\u1ecfa th\u00edch, \u0111\u01b0\u1ee3c ng\u1ee7 ng\u00e0y v\u00e0 \u0111\u01b0\u1ee3c m\u1ecdi ng\u01b0\u1eddi trong gia \u0111\u00ecnh c\u01b0ng chi\u1ec1u. B\u1ed7ng \u0111\u1ebfn m\u1ed9t ng\u00e0y, trong gia \u0111\u00ecnh xu\u1ea5t hi\u1ec7n th\u00eam m\u1ed9t ch\u00fa ch\u00f3. S\u1ef1 xu\u1ea5t hi\u1ec7n c\u1ee7a ng\u01b0\u1eddi b\u1ea1n n\u00e0y \u0111\u00e3 l\u00e0m \u0111\u1ea3o l\u1ed9n m\u1ecdi tr\u1eadt t\u1ef1 trong cu\u1ed9c s\u1ed1ng c\u1ee7a M\u00e8o. Kh\u00f4ng nh\u1eefng v\u1eady, b\u1ea1n ch\u00f3 l\u1ea1i c\u00f2n kh\u00f4ng bi\u1ebft c\u00e1ch ch\u01a1i \u0111\u1ed3 ch\u01a1i v\u1edbi m\u00e8o, \u0111i v\u1ec7 sinh kh\u00f4ng \u0111\u00fang quy \u0111\u1ecbnh, \u0103n u\u1ed1ng th\u00ec b\u1eeba b\u00e3i\u2026T\u1ea5t c\u1ea3 nh\u1eefng h\u00e0nh \u0111\u1ed9ng \u0111\u00f3 khi\u1ebfn ch\u00fa M\u00e8o v\u00f4 c\u00f9ng kh\u00f3 ch\u1ecbu, M\u00e8o ch\u1ec9 mu\u1ed1n ch\u00fa ch\u00f3 \u0111i kh\u1ecfi \u0111\u1ec3 quay v\u1ec1 cu\u1ed9c s\u1ed1ng c\u1ee7a m\u1ed9t Vua M\u00e8o nh\u01b0 tr\u01b0\u1edbc kia<\/p>\n<p>R\u1ed3i c\u0169ng \u0111\u1ebfn l\u00fac b\u1ea1n ch\u00f3 ra ngo\u00e0i d\u1ea1o ch\u01a1i, M\u00e8o \u0111\u01b0\u1ee3c \u1edf nh\u00e0 m\u1ed9t m\u00ecnh, t\u1eadn h\u01b0\u1edfng kh\u00f4ng gian v\u00e0 th\u1eddi gian ri\u00eang t\u01b0, nh\u01b0ng l\u00fac n\u00e0y M\u00e8o m\u1edbi nh\u1eadn ra \u0111i\u1ec1u g\u00ec m\u1edbi l\u00e0 quan tr\u1ecdng nh\u1ea5t.<\/p>\n<p>\u201cVua m\u00e8o\u201d l\u00e0 m\u1ed9t c\u00e2u chuy\u1ec7n th\u00fa v\u1ecb s\u1ebd d\u1ea1y cho c\u00e1c b\u00e9 c\u00e1ch chia s\u1ebb, y\u00eau th\u01b0\u01a1ng v\u00e0 h\u00f2a nh\u1eadp v\u1edbi b\u1ea1n m\u1edbi c\u0169ng nh\u01b0 c\u00e1ch ph\u00e1t tri\u1ec3n t\u00ecnh b\u1ea1n m\u1ed9t c\u00e1ch t\u1ed1t nh\u1ea5t. .<\/p>\n<p>Marta Alt\u00e9s t\u1ed1t nghi\u1ec7p th\u1ea1c s\u0129 v\u1ec1 Minh h\u1ecda s\u00e1ch thi\u1ebfu nhi t\u1ea1i Tr\u01b0\u1eddng M\u1ef9 Thu\u1eadt Cambridge. C\u00f4 \u0111\u00e3 gi\u00e0nh \u0111\u01b0\u1ee3c nhi\u1ec1u gi\u1ea3i th\u01b0\u1edfng v\u1edbi c\u00e1c t\u00e1c ph\u1ea9m \u201cT\u1edb l\u00e0 ngh\u1ec7 s\u0129\u201d, \u201c\u00d4ng t\u1edb\u201d:<\/p>\n<p>&#8211; \u0110\u01b0\u1ee3c \u0111\u1ec1 c\u1eed gi\u1ea3i th\u01b0\u1edfng CILIP Kate Greenaway Medal n\u0103m 2014 cho t\u00e1c ph\u1ea9m \u201cI am an Artist \u2013 T\u1edb l\u00e0 ngh\u1ec7 s\u0129\u201d<\/p>\n<p>&#8211; Gi\u1ea3i th\u01b0\u1edfng Ezra Jack Keats Honor n\u0103m 2014 d\u00e0nh cho h\u1ecda s\u0129 minh h\u1ecda m\u1edbi cho t\u00e1c ph\u1ea9m \u201cMy Grandpa \u2013 \u00d4ng t\u1edb\u201d.<\/p>\n<p>&#8211; L\u1ecdt v\u00e0o danh s\u00e1ch \u0111\u1ec1 c\u1eed gi\u1ea3i th\u01b0\u1edfng UKLA Book Awards 2014 (h\u1ea1ng m\u1ee5c s\u00e1ch d\u00e0nh cho tr\u1ebb 3-6 tu\u1ed5i) cho t\u00e1c ph\u1ea9m \u201cI am an Artist \u2013 T\u1edb l\u00e0 ngh\u1ec7 s\u0129\u201d<\/p>\n<p>&#8211; Gi\u1ea3i th\u01b0\u1edfng Paterson Prize for Books for Young People 2014 cho t\u00e1c ph\u1ea9m \u201cMy Grandpa \u2013 \u00d4ng t\u1edb\u201d<\/p>\n","protected":false},"excerpt":{"rendered":"<p>Trong m\u1ed9t ng\u00f4i nh\u00e0, ch\u00fa m\u00e8o nh\u1ecf l\u00e0 con v\u1eadt duy nh\u1ea5t \u0111\u01b0\u1ee3c nu\u00f4i v\u00e0 tr\u1edf \u201cVua\u201d c\u1ee7a ng\u00f4i nh\u00e0 \u0111\u00f3, \u0111\u01b0\u1ee3c \u0103n u\u1ed1ng th\u1ecfa th\u00edch, \u0111\u01b0\u1ee3c ng\u1ee7 ng\u00e0y v\u00e0 \u0111\u01b0\u1ee3c m\u1ecdi ng\u01b0\u1eddi trong gia \u0111\u00ecnh c\u01b0ng chi\u1ec1u. B\u1ed7ng \u0111\u1ebfn m\u1ed9t ng\u00e0y, trong gia \u0111\u00ecnh xu\u1ea5t hi\u1ec7n th\u00eam m\u1ed9t ch\u00fa ch\u00f3. S\u1ef1 xu\u1ea5t hi\u1ec7n c\u1ee7a ng\u01b0\u1eddi b\u1ea1n n\u00e0y \u0111\u00e3 l\u00e0m \u0111\u1ea3o l\u1ed9n m\u1ecdi tr\u1eadt t\u1ef1 trong cu\u1ed9c s\u1ed1ng c\u1ee7a M\u00e8o. Kh\u00f4ng nh\u1eefng v\u1eady, b\u1ea1n ch\u00f3 l\u1ea1i c\u00f2n kh\u00f4ng bi\u1ebft c\u00e1ch ch\u01a1i \u0111\u1ed3 ch\u01a1i v\u1edbi m\u00e8o, \u0111i v\u1ec7 sinh kh\u00f4ng \u0111\u00fang quy \u0111\u1ecbnh, \u0103n u\u1ed1ng th\u00ec b\u1eeba b\u00e3i\u2026T\u1ea5t c\u1ea3 nh\u1eefng h\u00e0nh \u0111\u1ed9ng \u0111\u00f3 khi\u1ebfn ch\u00fa M\u00e8o v\u00f4 c\u00f9ng kh\u00f3 ch\u1ecbu, M\u00e8o ch\u1ec9 mu\u1ed1n ch\u00fa ch\u00f3 \u0111i kh\u1ecfi \u0111\u1ec3 quay v\u1ec1 cu\u1ed9c s\u1ed1ng c\u1ee7a m\u1ed9t Vua M\u00e8o nh\u01b0 tr\u01b0\u1edbc kia<\/p>\n<p>R\u1ed3i c\u0169ng \u0111\u1ebfn l\u00fac b\u1ea1n ch\u00f3 ra ngo\u00e0i d\u1ea1o ch\u01a1i, M\u00e8o \u0111\u01b0\u1ee3c \u1edf nh\u00e0 m\u1ed9t m\u00ecnh, t\u1eadn h\u01b0\u1edfng kh\u00f4ng gian v\u00e0 th\u1eddi gian ri\u00eang t\u01b0, nh\u01b0ng l\u00fac n\u00e0y M\u00e8o m\u1edbi nh\u1eadn ra \u0111i\u1ec1u g\u00ec m\u1edbi l\u00e0 quan tr\u1ecdng nh\u1ea5t.<\/p>\n<p>\u201cVua m\u00e8o\u201d l\u00e0 m\u1ed9t c\u00e2u chuy\u1ec7n th\u00fa v\u1ecb s\u1ebd d\u1ea1y cho c\u00e1c b\u00e9 c\u00e1ch chia s\u1ebb, y\u00eau th\u01b0\u01a1ng v\u00e0 h\u00f2a nh\u1eadp v\u1edbi b\u1ea1n m\u1edbi c\u0169ng nh\u01b0 c\u00e1ch ph\u00e1t tri\u1ec3n t\u00ecnh b\u1ea1n m\u1ed9t c\u00e1ch t\u1ed1t nh\u1ea5t. .<\/p>\n<p>Marta Alt\u00e9s t\u1ed1t nghi\u1ec7p th\u1ea1c s\u0129 v\u1ec1 Minh h\u1ecda s\u00e1ch thi\u1ebfu nhi t\u1ea1i Tr\u01b0\u1eddng M\u1ef9 Thu\u1eadt Cambridge. C\u00f4 \u0111\u00e3 gi\u00e0nh \u0111\u01b0\u1ee3c nhi\u1ec1u gi\u1ea3i th\u01b0\u1edfng v\u1edbi c\u00e1c t\u00e1c ph\u1ea9m \u201cT\u1edb l\u00e0 ngh\u1ec7 s\u0129\u201d, \u201c\u00d4ng t\u1edb\u201d:<\/p>\n<p>&#8211; \u0110\u01b0\u1ee3c \u0111\u1ec1 c\u1eed gi\u1ea3i th\u01b0\u1edfng CILIP Kate Greenaway Medal n\u0103m 2014 cho t\u00e1c ph\u1ea9m \u201cI am an Artist \u2013 T\u1edb l\u00e0 ngh\u1ec7 s\u0129\u201d<\/p>\n<p>&#8211; Gi\u1ea3i th\u01b0\u1edfng Ezra Jack Keats Honor n\u0103m 2014 d\u00e0nh cho h\u1ecda s\u0129 minh h\u1ecda m\u1edbi cho t\u00e1c ph\u1ea9m \u201cMy Grandpa \u2013 \u00d4ng t\u1edb\u201d.<\/p>\n<p>&#8211; L\u1ecdt v\u00e0o danh s\u00e1ch \u0111\u1ec1 c\u1eed gi\u1ea3i th\u01b0\u1edfng UKLA Book Awards 2014 (h\u1ea1ng m\u1ee5c s\u00e1ch d\u00e0nh cho tr\u1ebb 3-6 tu\u1ed5i) cho t\u00e1c ph\u1ea9m \u201cI am an Artist \u2013 T\u1edb l\u00e0 ngh\u1ec7 s\u0129\u201d<\/p>\n<p>&#8211; Gi\u1ea3i th\u01b0\u1edfng Paterson Prize for Books for Young People 2014 cho t\u00e1c ph\u1ea9m \u201cMy Grandpa \u2013 \u00d4ng t\u1edb\u201d<\/p>\n","protected":false},"featured_media":13787,"template":"","meta":{"_acf_changed":false},"product_brand":[],"product_cat":[24,25,17],"product_tag":[],"class_list":{"0":"post-13788","1":"product","2":"type-product","3":"status-publish","4":"has-post-thumbnail","6":"product_cat-nha-tre-mau-giao-0-tuoi-6-tuoi","7":"product_cat-nhi-dong-6-tuoi-12-tuoi","8":"product_cat-sach-danh-cho-cac-be","10":"first","11":"instock","12":"taxable","13":"shipping-taxable","14":"purchasable","15":"product-type-simple"},"supplier_id":null,"supplier_sku":"","barcode":null,"atum_controlled":true,"out_stock_date":null,"out_stock_threshold":null,"inheritable":false,"inbound_stock":0,"stock_on_hold":0,"sold_today":0,"sales_last_days":0,"reserved_stock":0,"customer_returns":0,"warehouse_damage":0,"lost_in_post":0,"other_logs":0,"out_stock_days":0,"lost_sales":0,"has_location":false,"update_date":"2026-01-28T23:11:22","atum_locations":[],"atum_stock_status":"instock","restock_status":false,"low_stock_amount":"","sales_update_date":"2026-01-28T23:11:22","calc_backorders":null,"acf":{"publisher":{"ID":1453,"post_author":"1","post_date":"2021-02-17 01:11:32","post_date_gmt":"2021-02-16 23:11:32","post_content":"<!-- wp:flatsome\/uxbuilder -->\n<h1 style=\"text-align: center;\"><strong>Qu\u1ea3ng V\u0103n<\/strong><\/h1>\n[row]\n\n[col span=\"6\" span__sm=\"12\"]\n\n[ux_image id=\"1552\" image_size=\"medium\"]\n\n\n[\/col]\n[col span=\"6\" span__sm=\"12\"]\n\n<p><strong>Quangvanbooks<\/strong><br \/>Qu\u1ea3ng V\u0103n l\u00e0 t\u1ed5 h\u1ee3p xu\u1ea5t b\u1ea3n, gi\u00e1o d\u1ee5c v\u00e0 nh\u01b0\u1ee3ng quy\u1ec1n h\u00e0ng \u0111\u1ea7u trong ng\u00e0nh c\u00f4ng nghi\u1ec7p s\u00e1ng t\u1ea1o v\u1edbi c\u00e1c th\u01b0\u01a1ng hi\u1ec7u nh\u00e1nh:<\/p>\n<p>Quangvanbooks - Th\u01b0\u01a1ng hi\u1ec7u s\u00e1ch v\u0103n h\u00f3a gi\u00e1o d\u1ee5c v\u00e0 v\u0103n h\u00f3a gi\u1ea3i tr\u00ed<br \/>Ehomebooks - Th\u01b0\u01a1ng hi\u1ec7u s\u00e1ch gi\u00e1o d\u1ee5c gia \u0111\u00ecnh<br \/>Sakurabooks - Th\u01b0\u01a1ng hi\u1ec7u s\u00e1ch Nh\u1eadt B\u1ea3n<br \/>IPERbooks - Th\u01b0\u01a1ng hi\u1ec7u s\u00e1ch gi\u00e1o d\u1ee5c nh\u00e0 tr\u01b0\u1eddng<br \/>IPER - Vi\u1ec7n nghi\u00ean c\u1ee9u xu\u1ea5t b\u1ea3n v\u00e0 gi\u00e1o d\u1ee5c IPER<\/p>\n<p><strong>T\u1ea7m nh\u00ecn<\/strong><br \/>Tr\u1edf th\u00e0nh th\u01b0\u01a1ng hi\u1ec7u s\u00e1ch v\u0103n h\u00f3a gi\u00e1o d\u1ee5c v\u00e0 v\u0103n h\u00f3a gi\u1ea3i tr\u00ed t\u1ed1t nh\u1ea5t v\u00e0 \u0111a d\u1ea1ng nh\u1ea5t Vi\u1ec7t Nam.<\/p>\n<p><br \/><strong>S\u1ee9 m\u1ec7nh<\/strong><br \/>Mang \u0111\u1ebfn nh\u1eefng cu\u1ed1n s\u00e1ch v\u0103n h\u00f3a gi\u00e1o d\u1ee5c v\u00e0 v\u0103n h\u00f3a gi\u1ea3i tr\u00ed \u0111\u1ebfn v\u1edbi \u0111\u1ed9c gi\u1ea3 Vi\u1ec7t Nam v\u00e0 th\u1ebf gi\u1edbi nh\u1eb1m gi\u00fap \u0111\u1ed9c gi\u1ea3 ph\u00e1t tri\u1ec3n b\u1ea3n th\u00e2n, gi\u00e1o d\u1ee5c, gi\u1ea3i tr\u00ed v\u00e0 khai s\u00e1ng nh\u1eb1m x\u00e2y d\u1ef1ng x\u00e3 h\u1ed9i th\u1ecbnh v\u01b0\u1ee3ng, h\u1ea1nh ph\u00fac.<\/p>\n<p><strong>Gi\u00e1 tr\u1ecb c\u1ed1t l\u00f5i<\/strong><\/p>\n<p>S\u00e1ng t\u1ea1o - Linh ho\u1ea1t - H\u1ee3p t\u00e1c - Ch\u00ednh tr\u1ef1c - Nhi\u1ec7t huy\u1ebft - C\u00e2n b\u1eb1ng - H\u1ea1nh ph\u00fac<\/p>\n\n[\/col]\n\n[\/row]\n\n<!-- \/wp:flatsome\/uxbuilder -->","post_title":"Qu\u1ea3ng V\u0103n","post_excerpt":"","post_status":"publish","comment_status":"closed","ping_status":"closed","post_password":"","post_name":"quang-van","to_ping":"","pinged":"","post_modified":"2021-02-17 01:26:44","post_modified_gmt":"2021-02-16 23:26:44","post_content_filtered":"","post_parent":0,"guid":"https:\/\/sachviet.eu\/nha-phat-hanh\/quang-van\/","menu_order":0,"post_type":"publisher","post_mime_type":"","comment_count":"0","filter":"raw"}},"_links":{"self":[{"href":"https:\/\/sachviet.eu\/en\/wp-json\/wp\/v2\/product\/13788","targetHints":{"allow":["GET"]}}],"collection":[{"href":"https:\/\/sachviet.eu\/en\/wp-json\/wp\/v2\/product"}],"about":[{"href":"https:\/\/sachviet.eu\/en\/wp-json\/wp\/v2\/types\/product"}],"wp:featuredmedia":[{"embeddable":true,"href":"https:\/\/sachviet.eu\/en\/wp-json\/wp\/v2\/media\/13787"}],"wp:attachment":[{"href":"https:\/\/sachviet.eu\/en\/wp-json\/wp\/v2\/media?parent=13788"}],"wp:term":[{"taxonomy":"product_brand","embeddable":true,"href":"https:\/\/sachviet.eu\/en\/wp-json\/wp\/v2\/product_brand?post=13788"},{"taxonomy":"product_cat","embeddable":true,"href":"https:\/\/sachviet.eu\/en\/wp-json\/wp\/v2\/product_cat?post=13788"},{"taxonomy":"product_tag","embeddable":true,"href":"https:\/\/sachviet.eu\/en\/wp-json\/wp\/v2\/product_tag?post=13788"}],"curies":[{"name":"wp","href":"https:\/\/api.w.org\/{rel}","templated":true}]}}