{"id":13780,"date":"2021-07-02T21:01:53","date_gmt":"2021-07-02T18:01:53","guid":{"rendered":"https:\/\/sachviet.eu\/shop\/combo-6-quyen-ehon-khoa-hoc-co-the-nguoi-cau-chuyen-ve-lo-mui-cau-chuyen-ve-ban-chan-chiec-hop-cuu-thuong-chuyen-ve-mau-bi-mat-cua-vay-vet-thuong-bi-mat-cua-ron\/"},"modified":"2022-12-19T15:12:45","modified_gmt":"2022-12-19T13:12:45","slug":"combo-6-quyen-ehon-khoa-hoc-co-the-nguoi-cau-chuyen-ve-lo-mui-cau-chuyen-ve-ban-chan-chiec-hop-cuu-thuong-chuyen-ve-mau-bi-mat-cua-vay-vet-thuong-bi-mat-cua-ron","status":"publish","type":"product","link":"https:\/\/sachviet.eu\/en\/shop\/combo-6-quyen-ehon-khoa-hoc-co-the-nguoi-cau-chuyen-ve-lo-mui-cau-chuyen-ve-ban-chan-chiec-hop-cuu-thuong-chuyen-ve-mau-bi-mat-cua-vay-vet-thuong-bi-mat-cua-ron\/","title":{"rendered":"Combo 6 quy\u1ec3n Ehon khoa h\u1ecdc c\u01a1 th\u1ec3 ng\u01b0\u1eddi\/ C\u00e2u Chuy\u1ec7n V\u1ec1 L\u1ed7 M\u0169i\/ C\u00e2u Chuy\u1ec7n V\u1ec1 B\u00e0n Ch\u00e2n\/ Chi\u1ebfc H\u1ed9p C\u1ee9u Th\u01b0\u01a1ng\/ Chuy\u1ec7n v\u1ec1 m\u00e1u \/ B\u00ed m\u1eadt c\u1ee7a v\u1ea3y v\u1ebft th\u01b0\u01a1ng \/ B\u00ed m\u1eadt c\u1ee7a r\u1ed1n"},"content":{"rendered":"<p>3-8 tu\u1ed5i l\u00e0 giai \u0111o\u1ea1n c\u00e1c b\u00e9 s\u1ebd b\u1eaft \u0111\u1ea7u t\u00ecm hi\u1ec3u nh\u1eefng ki\u1ebfn th\u1ee9c khoa h\u1ecdc, m\u1ed9t trong nh\u1eefng ki\u1ebfn th\u1ee9c quan tr\u1ecdng m\u00e0 tr\u1ebb c\u1ea7n bi\u1ebft ch\u00ednh l\u00e0 hi\u1ec3u v\u1ec1 c\u01a1 th\u1ec3 c\u1ee7a m\u00ecnh. B\u1ed9 6 t\u00e1c ph\u1ea9m Ehon kh\u00e1m ph\u00e1 c\u01a1 th\u1ec3 gi\u00fap tr\u1ebb quan s\u00e1t v\u00e0 h\u1ecdc h\u1ecfi ki\u1ebfn th\u1ee9c h\u1eefu \u00edch v\u1ec1 c\u01a1 th\u1ec3 ng\u01b0\u1eddi. \u0110\u00e2y l\u00e0 nh\u1eefng cu\u1ed1n Ehon kh\u00e1m ph\u00e1 c\u01a1 th\u1ec3 khuy\u1ebfn kh\u00edch tr\u1ebb t\u00ecm hi\u1ec3u v\u1ec1 c\u01a1 th\u1ec3 c\u1ee7a ch\u00ednh m\u00ecnh, t\u1eeb \u0111\u00f3 tr\u1ebb h\u1ecdc \u0111\u01b0\u1ee3c c\u00e1ch t\u1ef1 ch\u0103m s\u00f3c v\u00e0 b\u1ea3o v\u1ec7 b\u1ea3n th\u00e2n<\/p>\n<p>Tr\u1ebb nh\u1ecf gi\u1ed1ng nh\u01b0 m\u1ed9t c\u00e2y non, trong qu\u00e1 tr\u00ecnh l\u1edbn l\u00ean s\u1ebd kh\u00f4ng tr\u00e1nh kh\u1ecfi vi\u1ec7c b\u1ecb th\u01b0\u01a1ng do ng\u00e3, x\u00e2y x\u00e1t, b\u1ecfng, hay ong \u0111\u1ed1 Trong nh\u1eefng t\u00ecnh hu\u1ed1ng\u0111\u00f3 kh\u00f4ng ph\u1ea3i l\u00fac n\u00e0o ba m\u1eb9 c\u0169ng c\u00f3 th\u1ec3 \u1edf b\u00ean \u0111\u1ec3 ch\u0103m s\u00f3c v\u00e0 b\u1ea3o v\u1ec7 con m\u00ecnh. M\u1ed7i \u0111\u1ee9a tr\u1ebb ph\u1ea3i t\u1ef1 h\u1ecdc c\u00e1ch l\u1edbn l\u00ean, v\u00ec th\u1ebf c\u00e1ch t\u1ed1t nh\u1ea5t l\u00e0 cha m\u1eb9 h\u00e3y trang b\u1ecb cho tr\u1ebb nh\u1eefng ki\u1ebfn th\u1ee9c c\u0103n b\u1ea3n v\u1ec1 s\u01a1 c\u1ee9u v\u1ebft th\u01b0\u01a1ng \u0111\u1ec3 tr\u1ebb kh\u00f4ng b\u1ecb ho\u1ea3ng s\u1ee3, lo l\u1eafng v\u00e0 b\u1ee1 ng\u1ee1 khi r\u01a1i v\u00e0o tr\u01b0\u1eddng h\u1ee3p nh\u01b0 v\u1eady. Cu\u1ed1n Ehon khoa h\u1ecdc c\u01a1 th\u1ec3 ng\u01b0\u1eddi \u201cChi\u1ebfc h\u1ed9p c\u1ee9u th\u01b0\u01a1ng\u201d \u0111\u01b0\u1ee3c vi\u1ebft b\u1edfi t\u00e1c gi\u1ea3 Makoto Yamada \u2013 B\u00e1c s\u0129 Nhi khoa, Gi\u00e1m \u0111\u1ed1c ph\u00f2ng kh\u00e1m trung t\u00e2m Hachioji s\u1ebd cung c\u1ea5p cho cha m\u1eb9 v\u00e0 c\u00e1c b\u00e9 nh\u1eefng ki\u1ebfn th\u1ee9c quan tr\u1ecdng v\u00e0 c\u1ea7n thi\u1ebft v\u1ec1 vi\u1ec7c s\u01a1 c\u1ee9u v\u1ebft th\u01b0\u01a1ng khi b\u1ecb b\u1ecfng; x\u00e2y x\u00e1t; v\u1ebft c\u1eaft nh\u1ecf; b\u1ecb d\u1eb1m \u0111\u00e2m; b\u1ecb k\u1eb9p c\u1eeda v\u00e0o tay; ch\u1ea3y m\u00e1u cam; n\u1ea5c; va \u0111\u1eadp; b\u1ecb ong \u0111\u1ed1t; c\u00f4n tr\u00f9ng bay v\u00e0o tai, m\u1eaft; b\u1ecb m\u00e8o c\u00e0o, c\u1eafn v\u00e0 khi b\u1ecb t\u00ea ch\u00e2n. Cu\u1ed1n s\u00e1ch \u0111\u01b0\u1ee3c minh h\u1ecda b\u1eb1ng nh\u1eefng n\u00e9t v\u1ebd ng\u1ed9 ngh\u0129nh \u0111\u00e1ng y\u00eau c\u1ee7a h\u1ecda s\u0129 Gen-ichiro Yagyu, v\u00e0 nh\u1eefng ph\u1ea7n t\u01b0\u01a1ng t\u00e1c th\u00fa v\u1ecb gi\u00fap b\u00e9 ghi nh\u1edb ki\u1ebfn th\u1ee9c s\u00e2u h\u01a1n, ch\u1eafc ch\u1eafn nh\u1eefng b\u00e0i h\u1ecdc v\u1ec1 s\u01a1 c\u1ee9u v\u1ebft th\u01b0\u01a1ng s\u1ebd kh\u00f4ng c\u00f2n nh\u00e0m ch\u00e1n n\u1eefa. <\/p>\n","protected":false},"excerpt":{"rendered":"<p>3-8 tu\u1ed5i l\u00e0 giai \u0111o\u1ea1n c\u00e1c b\u00e9 s\u1ebd b\u1eaft \u0111\u1ea7u t\u00ecm hi\u1ec3u nh\u1eefng ki\u1ebfn th\u1ee9c khoa h\u1ecdc, m\u1ed9t trong nh\u1eefng ki\u1ebfn th\u1ee9c quan tr\u1ecdng m\u00e0 tr\u1ebb c\u1ea7n bi\u1ebft ch\u00ednh l\u00e0 hi\u1ec3u v\u1ec1 c\u01a1 th\u1ec3 c\u1ee7a m\u00ecnh. B\u1ed9 6 t\u00e1c ph\u1ea9m Ehon kh\u00e1m ph\u00e1 c\u01a1 th\u1ec3 gi\u00fap tr\u1ebb quan s\u00e1t v\u00e0 h\u1ecdc h\u1ecfi ki\u1ebfn th\u1ee9c h\u1eefu \u00edch v\u1ec1 c\u01a1 th\u1ec3 ng\u01b0\u1eddi. \u0110\u00e2y l\u00e0 nh\u1eefng cu\u1ed1n Ehon kh\u00e1m ph\u00e1 c\u01a1 th\u1ec3 khuy\u1ebfn kh\u00edch tr\u1ebb t\u00ecm hi\u1ec3u v\u1ec1 c\u01a1 th\u1ec3 c\u1ee7a ch\u00ednh m\u00ecnh, t\u1eeb \u0111\u00f3 tr\u1ebb h\u1ecdc \u0111\u01b0\u1ee3c c\u00e1ch t\u1ef1 ch\u0103m s\u00f3c v\u00e0 b\u1ea3o v\u1ec7 b\u1ea3n th\u00e2n<\/p>\n<p>Tr\u1ebb nh\u1ecf gi\u1ed1ng nh\u01b0 m\u1ed9t c\u00e2y non, trong qu\u00e1 tr\u00ecnh l\u1edbn l\u00ean s\u1ebd kh\u00f4ng tr\u00e1nh kh\u1ecfi vi\u1ec7c b\u1ecb th\u01b0\u01a1ng do ng\u00e3, x\u00e2y x\u00e1t, b\u1ecfng, hay ong \u0111\u1ed1 Trong nh\u1eefng t\u00ecnh hu\u1ed1ng\u0111\u00f3 kh\u00f4ng ph\u1ea3i l\u00fac n\u00e0o ba m\u1eb9 c\u0169ng c\u00f3 th\u1ec3 \u1edf b\u00ean \u0111\u1ec3 ch\u0103m s\u00f3c v\u00e0 b\u1ea3o v\u1ec7 con m\u00ecnh. M\u1ed7i \u0111\u1ee9a tr\u1ebb ph\u1ea3i t\u1ef1 h\u1ecdc c\u00e1ch l\u1edbn l\u00ean, v\u00ec th\u1ebf c\u00e1ch t\u1ed1t nh\u1ea5t l\u00e0 cha m\u1eb9 h\u00e3y trang b\u1ecb cho tr\u1ebb nh\u1eefng ki\u1ebfn th\u1ee9c c\u0103n b\u1ea3n v\u1ec1 s\u01a1 c\u1ee9u v\u1ebft th\u01b0\u01a1ng \u0111\u1ec3 tr\u1ebb kh\u00f4ng b\u1ecb ho\u1ea3ng s\u1ee3, lo l\u1eafng v\u00e0 b\u1ee1 ng\u1ee1 khi r\u01a1i v\u00e0o tr\u01b0\u1eddng h\u1ee3p nh\u01b0 v\u1eady. Cu\u1ed1n Ehon khoa h\u1ecdc c\u01a1 th\u1ec3 ng\u01b0\u1eddi \u201cChi\u1ebfc h\u1ed9p c\u1ee9u th\u01b0\u01a1ng\u201d \u0111\u01b0\u1ee3c vi\u1ebft b\u1edfi t\u00e1c gi\u1ea3 Makoto Yamada \u2013 B\u00e1c s\u0129 Nhi khoa, Gi\u00e1m \u0111\u1ed1c ph\u00f2ng kh\u00e1m trung t\u00e2m Hachioji s\u1ebd cung c\u1ea5p cho cha m\u1eb9 v\u00e0 c\u00e1c b\u00e9 nh\u1eefng ki\u1ebfn th\u1ee9c quan tr\u1ecdng v\u00e0 c\u1ea7n thi\u1ebft v\u1ec1 vi\u1ec7c s\u01a1 c\u1ee9u v\u1ebft th\u01b0\u01a1ng khi b\u1ecb b\u1ecfng; x\u00e2y x\u00e1t; v\u1ebft c\u1eaft nh\u1ecf; b\u1ecb d\u1eb1m \u0111\u00e2m; b\u1ecb k\u1eb9p c\u1eeda v\u00e0o tay; ch\u1ea3y m\u00e1u cam; n\u1ea5c; va \u0111\u1eadp; b\u1ecb ong \u0111\u1ed1t; c\u00f4n tr\u00f9ng bay v\u00e0o tai, m\u1eaft; b\u1ecb m\u00e8o c\u00e0o, c\u1eafn v\u00e0 khi b\u1ecb t\u00ea ch\u00e2n. Cu\u1ed1n s\u00e1ch \u0111\u01b0\u1ee3c minh h\u1ecda b\u1eb1ng nh\u1eefng n\u00e9t v\u1ebd ng\u1ed9 ngh\u0129nh \u0111\u00e1ng y\u00eau c\u1ee7a h\u1ecda s\u0129 Gen-ichiro Yagyu, v\u00e0 nh\u1eefng ph\u1ea7n t\u01b0\u01a1ng t\u00e1c th\u00fa v\u1ecb gi\u00fap b\u00e9 ghi nh\u1edb ki\u1ebfn th\u1ee9c s\u00e2u h\u01a1n, ch\u1eafc ch\u1eafn nh\u1eefng b\u00e0i h\u1ecdc v\u1ec1 s\u01a1 c\u1ee9u v\u1ebft th\u01b0\u01a1ng s\u1ebd kh\u00f4ng c\u00f2n nh\u00e0m ch\u00e1n n\u1eefa.<\/p>\n","protected":false},"featured_media":13776,"template":"","meta":{"_acf_changed":false},"product_brand":[],"product_cat":[24,25,17],"product_tag":[81],"class_list":{"0":"post-13780","1":"product","2":"type-product","3":"status-publish","4":"has-post-thumbnail","6":"product_cat-nha-tre-mau-giao-0-tuoi-6-tuoi","7":"product_cat-nhi-dong-6-tuoi-12-tuoi","8":"product_cat-sach-danh-cho-cac-be","9":"product_tag-sach-gia-uu-dai","11":"first","12":"outofstock","13":"sale","14":"taxable","15":"shipping-taxable","16":"purchasable","17":"product-type-simple"},"supplier_id":null,"supplier_sku":"","barcode":null,"atum_controlled":true,"out_stock_date":"2021-07-13 22:50:28","out_stock_threshold":null,"inheritable":false,"inbound_stock":0,"stock_on_hold":0,"sold_today":0,"sales_last_days":0,"reserved_stock":0,"customer_returns":0,"warehouse_damage":0,"lost_in_post":0,"other_logs":0,"out_stock_days":1660,"lost_sales":0,"has_location":false,"update_date":"2026-01-28T23:10:53","atum_locations":[],"atum_stock_status":"outofstock","restock_status":false,"low_stock_amount":"","sales_update_date":"2026-01-28T23:10:53","calc_backorders":null,"acf":{"publisher":{"ID":1453,"post_author":"1","post_date":"2021-02-17 01:11:32","post_date_gmt":"2021-02-16 23:11:32","post_content":"<!-- wp:flatsome\/uxbuilder -->\n<h1 style=\"text-align: center;\"><strong>Qu\u1ea3ng V\u0103n<\/strong><\/h1>\n[row]\n\n[col span=\"6\" span__sm=\"12\"]\n\n[ux_image id=\"1552\" image_size=\"medium\"]\n\n\n[\/col]\n[col span=\"6\" span__sm=\"12\"]\n\n<p><strong>Quangvanbooks<\/strong><br \/>Qu\u1ea3ng V\u0103n l\u00e0 t\u1ed5 h\u1ee3p xu\u1ea5t b\u1ea3n, gi\u00e1o d\u1ee5c v\u00e0 nh\u01b0\u1ee3ng quy\u1ec1n h\u00e0ng \u0111\u1ea7u trong ng\u00e0nh c\u00f4ng nghi\u1ec7p s\u00e1ng t\u1ea1o v\u1edbi c\u00e1c th\u01b0\u01a1ng hi\u1ec7u nh\u00e1nh:<\/p>\n<p>Quangvanbooks - Th\u01b0\u01a1ng hi\u1ec7u s\u00e1ch v\u0103n h\u00f3a gi\u00e1o d\u1ee5c v\u00e0 v\u0103n h\u00f3a gi\u1ea3i tr\u00ed<br \/>Ehomebooks - Th\u01b0\u01a1ng hi\u1ec7u s\u00e1ch gi\u00e1o d\u1ee5c gia \u0111\u00ecnh<br \/>Sakurabooks - Th\u01b0\u01a1ng hi\u1ec7u s\u00e1ch Nh\u1eadt B\u1ea3n<br \/>IPERbooks - Th\u01b0\u01a1ng hi\u1ec7u s\u00e1ch gi\u00e1o d\u1ee5c nh\u00e0 tr\u01b0\u1eddng<br \/>IPER - Vi\u1ec7n nghi\u00ean c\u1ee9u xu\u1ea5t b\u1ea3n v\u00e0 gi\u00e1o d\u1ee5c IPER<\/p>\n<p><strong>T\u1ea7m nh\u00ecn<\/strong><br \/>Tr\u1edf th\u00e0nh th\u01b0\u01a1ng hi\u1ec7u s\u00e1ch v\u0103n h\u00f3a gi\u00e1o d\u1ee5c v\u00e0 v\u0103n h\u00f3a gi\u1ea3i tr\u00ed t\u1ed1t nh\u1ea5t v\u00e0 \u0111a d\u1ea1ng nh\u1ea5t Vi\u1ec7t Nam.<\/p>\n<p><br \/><strong>S\u1ee9 m\u1ec7nh<\/strong><br \/>Mang \u0111\u1ebfn nh\u1eefng cu\u1ed1n s\u00e1ch v\u0103n h\u00f3a gi\u00e1o d\u1ee5c v\u00e0 v\u0103n h\u00f3a gi\u1ea3i tr\u00ed \u0111\u1ebfn v\u1edbi \u0111\u1ed9c gi\u1ea3 Vi\u1ec7t Nam v\u00e0 th\u1ebf gi\u1edbi nh\u1eb1m gi\u00fap \u0111\u1ed9c gi\u1ea3 ph\u00e1t tri\u1ec3n b\u1ea3n th\u00e2n, gi\u00e1o d\u1ee5c, gi\u1ea3i tr\u00ed v\u00e0 khai s\u00e1ng nh\u1eb1m x\u00e2y d\u1ef1ng x\u00e3 h\u1ed9i th\u1ecbnh v\u01b0\u1ee3ng, h\u1ea1nh ph\u00fac.<\/p>\n<p><strong>Gi\u00e1 tr\u1ecb c\u1ed1t l\u00f5i<\/strong><\/p>\n<p>S\u00e1ng t\u1ea1o - Linh ho\u1ea1t - H\u1ee3p t\u00e1c - Ch\u00ednh tr\u1ef1c - Nhi\u1ec7t huy\u1ebft - C\u00e2n b\u1eb1ng - H\u1ea1nh ph\u00fac<\/p>\n\n[\/col]\n\n[\/row]\n\n<!-- \/wp:flatsome\/uxbuilder -->","post_title":"Qu\u1ea3ng V\u0103n","post_excerpt":"","post_status":"publish","comment_status":"closed","ping_status":"closed","post_password":"","post_name":"quang-van","to_ping":"","pinged":"","post_modified":"2021-02-17 01:26:44","post_modified_gmt":"2021-02-16 23:26:44","post_content_filtered":"","post_parent":0,"guid":"https:\/\/sachviet.eu\/nha-phat-hanh\/quang-van\/","menu_order":0,"post_type":"publisher","post_mime_type":"","comment_count":"0","filter":"raw"}},"_links":{"self":[{"href":"https:\/\/sachviet.eu\/en\/wp-json\/wp\/v2\/product\/13780","targetHints":{"allow":["GET"]}}],"collection":[{"href":"https:\/\/sachviet.eu\/en\/wp-json\/wp\/v2\/product"}],"about":[{"href":"https:\/\/sachviet.eu\/en\/wp-json\/wp\/v2\/types\/product"}],"wp:featuredmedia":[{"embeddable":true,"href":"https:\/\/sachviet.eu\/en\/wp-json\/wp\/v2\/media\/13776"}],"wp:attachment":[{"href":"https:\/\/sachviet.eu\/en\/wp-json\/wp\/v2\/media?parent=13780"}],"wp:term":[{"taxonomy":"product_brand","embeddable":true,"href":"https:\/\/sachviet.eu\/en\/wp-json\/wp\/v2\/product_brand?post=13780"},{"taxonomy":"product_cat","embeddable":true,"href":"https:\/\/sachviet.eu\/en\/wp-json\/wp\/v2\/product_cat?post=13780"},{"taxonomy":"product_tag","embeddable":true,"href":"https:\/\/sachviet.eu\/en\/wp-json\/wp\/v2\/product_tag?post=13780"}],"curies":[{"name":"wp","href":"https:\/\/api.w.org\/{rel}","templated":true}]}}