{"id":13753,"date":"2021-07-02T21:00:23","date_gmt":"2021-07-02T18:00:23","guid":{"rendered":"https:\/\/sachviet.eu\/shop\/bat-mi-tat-tan-tat-ve-ban-than\/"},"modified":"2022-11-30T14:01:24","modified_gmt":"2022-11-30T12:01:24","slug":"bat-mi-tat-tan-tat-ve-ban-than","status":"publish","type":"product","link":"https:\/\/sachviet.eu\/en\/shop\/bat-mi-tat-tan-tat-ve-ban-than\/","title":{"rendered":"B\u1eadt M\u00ed T\u1ea5t T\u1ea7n T\u1eadt V\u1ec1 B\u1ea1n Th\u00e2n"},"content":{"rendered":"<p>C\u00f3 m\u1ed9t \u0111i\u1ec1u c\u1ea7n kh\u1eb3ng \u0111\u1ecbnh r\u1eb1ng, khi c\u00f3 b\u1ea1n th\u00e2n, \u0111\u1ed9 h\u1ea1nh ph\u00fac c\u1ee7a ch\u00fang ta s\u1ebd t\u0103ng l\u00ean 200%. T\u00ecnh b\u1ea1n gi\u1ed1ng nh\u01b0 m\u1ed9t h\u1ea1t m\u1ea7m h\u1ea1nh ph\u00fac m\u00e0 b\u1ea1n (v\u00e0 b\u1ea1n c\u1ee7a b\u1ea1n) s\u1ebd ph\u1ea3i gieo tr\u1ed3ng v\u00e0 vun x\u1edbi d\u1ef1a tr\u00ean s\u1ef1 tin t\u01b0\u1edfng, y\u00eau th\u01b0\u01a1ng, c\u1ea3m th\u00f4ng v\u00e0 th\u1ee9 tha. B\u1ea1n \u0111\u00e3 th\u1ef1c s\u1ef1 hi\u1ec3u v\u1ec1 ng\u01b0\u1eddi b\u1ea1n th\u00e2n c\u1ee7a m\u00ecnh v\u00e0 c\u00e1ch gi\u1eef g\u00ecn t\u00ecnh b\u1ea1n? Cu\u1ed1n s\u00e1ch \u201cB\u1eadt m\u00ed t\u1ea5t t\u1ea7n t\u1eadt v\u1ec1 b\u1ea1n th\u00e2n\u201d s\u1ebd gi\u00fap b\u1ea1n gi\u1ea3i \u0111\u00e1p cho m\u1ecdi c\u00e2u h\u1ecfi m\u00e0 b\u1ea5y l\u00e2u b\u1ea1n th\u1eafc m\u1eafc.<\/p>\n<p>Fran\u00e7oize Boucher l\u00e0 t\u00e1c gi\u1ea3 n\u1ed5i ti\u1ebfng ng\u01b0\u1eddi Ph\u00e1p, b\u00e0 \u0111\u00e3 s\u00e1ng t\u00e1c nhi\u1ec1u t\u00e1c ph\u1ea9m d\u00e0nh cho thi\u1ebfu nhi v\u1edbi c\u00e1ch minh h\u1ecda \u0111\u1ed9c \u0111\u00e1o v\u00e0 l\u1eddi v\u0103n d\u00ed d\u1ecfm, ng\u1ed9 ngh\u0129nh.<\/p>\n<p>V\u1edbi c\u00e1ch s\u1eed d\u1ee5ng ng\u00f4n ng\u1eef \u0111\u1ed9c \u0111\u00e1o, tr\u1ebb trung c\u00f9ng nh\u1eefng h\u00ecnh v\u1ebd neon sinh \u0111\u1ed9ng, l\u00f4i cu\u1ed1n, m\u1ed7i trang s\u00e1ch trong nh\u1eefng cu\u1ed1n s\u00e1ch c\u1ee7a Fran\u00e7oize Boucher s\u1ebd \u0111\u01b0a b\u1ea1n b\u01b0\u1edbc v\u00e0o m\u1ed9t th\u1ebf gi\u1edbi s\u00e1ng t\u1ea1o tuy\u1ec7t v\u1eddi v\u1edbi c\u00e1ch nh\u00ecn cu\u1ed9c s\u1ed1ng th\u00f4ng minh, h\u00e0i h\u01b0\u1edbc v\u00e0 d\u00ed d\u1ecfm.<\/p>\n","protected":false},"excerpt":{"rendered":"<p>C\u00f3 m\u1ed9t \u0111i\u1ec1u c\u1ea7n kh\u1eb3ng \u0111\u1ecbnh r\u1eb1ng, khi c\u00f3 b\u1ea1n th\u00e2n, \u0111\u1ed9 h\u1ea1nh ph\u00fac c\u1ee7a ch\u00fang ta s\u1ebd t\u0103ng l\u00ean 200%. T\u00ecnh b\u1ea1n gi\u1ed1ng nh\u01b0 m\u1ed9t h\u1ea1t m\u1ea7m h\u1ea1nh ph\u00fac m\u00e0 b\u1ea1n (v\u00e0 b\u1ea1n c\u1ee7a b\u1ea1n) s\u1ebd ph\u1ea3i gieo tr\u1ed3ng v\u00e0 vun x\u1edbi d\u1ef1a tr\u00ean s\u1ef1 tin t\u01b0\u1edfng, y\u00eau th\u01b0\u01a1ng, c\u1ea3m th\u00f4ng v\u00e0 th\u1ee9 tha. B\u1ea1n \u0111\u00e3 th\u1ef1c s\u1ef1 hi\u1ec3u v\u1ec1 ng\u01b0\u1eddi b\u1ea1n th\u00e2n c\u1ee7a m\u00ecnh v\u00e0 c\u00e1ch gi\u1eef g\u00ecn t\u00ecnh b\u1ea1n? Cu\u1ed1n s\u00e1ch \u201cB\u1eadt m\u00ed t\u1ea5t t\u1ea7n t\u1eadt v\u1ec1 b\u1ea1n th\u00e2n\u201d s\u1ebd gi\u00fap b\u1ea1n gi\u1ea3i \u0111\u00e1p cho m\u1ecdi c\u00e2u h\u1ecfi m\u00e0 b\u1ea5y l\u00e2u b\u1ea1n th\u1eafc m\u1eafc.<\/p>\n<p>Fran\u00e7oize Boucher l\u00e0 t\u00e1c gi\u1ea3 n\u1ed5i ti\u1ebfng ng\u01b0\u1eddi Ph\u00e1p, b\u00e0 \u0111\u00e3 s\u00e1ng t\u00e1c nhi\u1ec1u t\u00e1c ph\u1ea9m d\u00e0nh cho thi\u1ebfu nhi v\u1edbi c\u00e1ch minh h\u1ecda \u0111\u1ed9c \u0111\u00e1o v\u00e0 l\u1eddi v\u0103n d\u00ed d\u1ecfm, ng\u1ed9 ngh\u0129nh.<\/p>\n<p>V\u1edbi c\u00e1ch s\u1eed d\u1ee5ng ng\u00f4n ng\u1eef \u0111\u1ed9c \u0111\u00e1o, tr\u1ebb trung c\u00f9ng nh\u1eefng h\u00ecnh v\u1ebd neon sinh \u0111\u1ed9ng, l\u00f4i cu\u1ed1n, m\u1ed7i trang s\u00e1ch trong nh\u1eefng cu\u1ed1n s\u00e1ch c\u1ee7a Fran\u00e7oize Boucher s\u1ebd \u0111\u01b0a b\u1ea1n b\u01b0\u1edbc v\u00e0o m\u1ed9t th\u1ebf gi\u1edbi s\u00e1ng t\u1ea1o tuy\u1ec7t v\u1eddi v\u1edbi c\u00e1ch nh\u00ecn cu\u1ed9c s\u1ed1ng th\u00f4ng minh, h\u00e0i h\u01b0\u1edbc v\u00e0 d\u00ed d\u1ecfm.<\/p>\n","protected":false},"featured_media":13746,"template":"","meta":{"_acf_changed":false},"product_brand":[],"product_cat":[25,17,26],"product_tag":[],"class_list":{"0":"post-13753","1":"product","2":"type-product","3":"status-publish","4":"has-post-thumbnail","6":"product_cat-nhi-dong-6-tuoi-12-tuoi","7":"product_cat-sach-danh-cho-cac-be","8":"product_cat-thieu-nien-11-tuoi-18-tuoi","10":"first","11":"outofstock","12":"taxable","13":"shipping-taxable","14":"purchasable","15":"product-type-simple"},"supplier_id":null,"supplier_sku":"","barcode":null,"atum_controlled":true,"out_stock_date":"2022-11-30 12:01:24","out_stock_threshold":null,"inheritable":false,"inbound_stock":0,"stock_on_hold":0,"sold_today":0,"sales_last_days":0,"reserved_stock":0,"customer_returns":0,"warehouse_damage":0,"lost_in_post":0,"other_logs":0,"out_stock_days":1155,"lost_sales":1153,"has_location":false,"update_date":"2026-01-28T23:10:53","atum_locations":[],"atum_stock_status":"outofstock","restock_status":false,"low_stock_amount":"","sales_update_date":"2026-01-28T23:10:53","calc_backorders":null,"acf":{"publisher":{"ID":1454,"post_author":"1","post_date":"2021-02-17 01:11:34","post_date_gmt":"2021-02-16 23:11:34","post_content":"<!-- wp:flatsome\/uxbuilder -->\n<h1 style=\"text-align: center;\"><strong>Kim \u0110\u1ed3ng<\/strong><\/h1>\n[row]\n\n[col span=\"3\" span__sm=\"12\"]\n\n[ux_image id=\"1534\" image_size=\"medium\"]\n\n\n[\/col]\n[col span=\"9\" span__sm=\"12\"]\n\n<p>Nh\u00e0 xu\u1ea5t b\u1ea3n Kim \u0110\u1ed3ng tr\u1ef1c thu\u1ed9c Trung \u01b0\u01a1ng \u0110o\u00e0n TNCS H\u1ed3 Ch\u00ed Minh l\u00e0 Nh\u00e0 xu\u1ea5t b\u1ea3n t\u1ed5ng h\u1ee3p c\u00f3 ch\u1ee9c n\u0103ng xu\u1ea5t b\u1ea3n s\u00e1ch v\u00e0 v\u0103n h\u00f3a ph\u1ea9m ph\u1ee5c v\u1ee5 thi\u1ebfu nhi v\u00e0 c\u00e1c b\u1eadc ph\u1ee5 huynh trong c\u1ea3 n\u01b0\u1edbc, qu\u1ea3ng b\u00e1 v\u00e0 gi\u1edbi thi\u1ec7u v\u0103n h\u00f3a Vi\u1ec7t Nam ra th\u1ebf gi\u1edbi.<br \/>Nh\u00e0 xu\u1ea5t b\u1ea3n c\u00f3 nhi\u1ec7m v\u1ee5 t\u1ed5 ch\u1ee9c b\u1ea3n th\u1ea3o, bi\u00ean so\u1ea1n, bi\u00ean d\u1ecbch, xu\u1ea5t b\u1ea3n v\u00e0 ph\u00e1t h\u00e0nh c\u00e1c xu\u1ea5t b\u1ea3n ph\u1ea9m c\u00f3 n\u1ed9i dung: gi\u00e1o d\u1ee5c truy\u1ec1n th\u1ed1ng d\u00e2n t\u1ed9c, gi\u00e1o d\u1ee5c v\u1ec1 tri th\u1ee9c, ki\u1ebfn th\u1ee9c\u2026 tr\u00ean c\u00e1c l\u0129nh v\u1ef1c v\u0103n h\u1ecdc, ngh\u1ec7 thu\u1eadt, khoa h\u1ecdc k\u1ef9 thu\u1eadt nh\u1eb1m cung c\u1ea5p cho c\u00e1c em thi\u1ebfu nhi c\u0169ng nh\u01b0 c\u00e1c b\u1eadc ph\u1ee5 huynh c\u00e1c ki\u1ebfn th\u1ee9c c\u1ea7n thi\u1ebft trong cu\u1ed9c s\u1ed1ng, nh\u1eefng tinh hoa c\u1ee7a tri th\u1ee9c nh\u00e2n lo\u1ea1i nh\u1eb1m g\u00f3p ph\u1ea7n gi\u00e1o d\u1ee5c v\u00e0 h\u00ecnh th\u00e0nh nh\u00e2n c\u00e1ch th\u1ebf h\u1ec7 tr\u1ebb.<br \/>\u0110\u1ed1i t\u01b0\u1ee3ng ph\u1ee5c v\u1ee5 c\u1ee7a Nh\u00e0 xu\u1ea5t b\u1ea3n l\u00e0 c\u00e1c em t\u1eeb tu\u1ed5i nh\u00e0 tr\u1ebb m\u1eabu gi\u00e1o (1 \u0111\u1ebfn 5 tu\u1ed5i), nhi \u0111\u1ed3ng (6 \u0111\u1ebfn 9 tu\u1ed5i), thi\u1ebfu ni\u00ean (10 \u0111\u1ebfn 15 tu\u1ed5i) \u0111\u1ebfn c\u00e1c em tu\u1ed5i m\u1edbi l\u1edbn (16 \u0111\u1ebfn 18 tu\u1ed5i) v\u00e0 c\u00e1c b\u1eadc ph\u1ee5 huynh.<\/p>\n\n[\/col]\n\n[\/row]\n\n<!-- \/wp:flatsome\/uxbuilder -->","post_title":"Kim \u0110\u1ed3ng","post_excerpt":"","post_status":"publish","comment_status":"closed","ping_status":"closed","post_password":"","post_name":"kim-dong","to_ping":"","pinged":"","post_modified":"2021-02-17 01:31:56","post_modified_gmt":"2021-02-16 23:31:56","post_content_filtered":"","post_parent":0,"guid":"https:\/\/sachviet.eu\/nha-phat-hanh\/kim-dong\/","menu_order":0,"post_type":"publisher","post_mime_type":"","comment_count":"0","filter":"raw"}},"_links":{"self":[{"href":"https:\/\/sachviet.eu\/en\/wp-json\/wp\/v2\/product\/13753","targetHints":{"allow":["GET"]}}],"collection":[{"href":"https:\/\/sachviet.eu\/en\/wp-json\/wp\/v2\/product"}],"about":[{"href":"https:\/\/sachviet.eu\/en\/wp-json\/wp\/v2\/types\/product"}],"wp:featuredmedia":[{"embeddable":true,"href":"https:\/\/sachviet.eu\/en\/wp-json\/wp\/v2\/media\/13746"}],"wp:attachment":[{"href":"https:\/\/sachviet.eu\/en\/wp-json\/wp\/v2\/media?parent=13753"}],"wp:term":[{"taxonomy":"product_brand","embeddable":true,"href":"https:\/\/sachviet.eu\/en\/wp-json\/wp\/v2\/product_brand?post=13753"},{"taxonomy":"product_cat","embeddable":true,"href":"https:\/\/sachviet.eu\/en\/wp-json\/wp\/v2\/product_cat?post=13753"},{"taxonomy":"product_tag","embeddable":true,"href":"https:\/\/sachviet.eu\/en\/wp-json\/wp\/v2\/product_tag?post=13753"}],"curies":[{"name":"wp","href":"https:\/\/api.w.org\/{rel}","templated":true}]}}